{"id":4419,"date":"2024-05-03T06:36:03","date_gmt":"2024-05-03T06:36:03","guid":{"rendered":"https:\/\/elfsight.com\/it\/?page_id=4419"},"modified":"2025-03-17T05:20:12","modified_gmt":"2025-03-17T05:20:12","slug":"blogger","status":"publish","type":"page","link":"https:\/\/elfsight.com\/it\/facebook-feed-widget\/blogger\/","title":{"rendered":"Facebook Feed &#8211; Blogger"},"content":{"rendered":"\n<div class=\"application-platform-content-item-description application-platform-content-item\" id=\"description\" data-nav-section=\"description\"><h2>Descrizione<\/h2><p>Dimostra la tua pagina Facebook tramite il nostro potente plugin: Facebook Feed. Post, video, immagini: non dubitare mai che i tuoi visitatori non perderanno un singolo annuncio. Il design alla moda con i veri elementi di Facebook non verr\u00e0 lasciato inesplorato e ti dar\u00e0 l&#8217;opportunit\u00e0 non solo di attirare gli attuali acquirenti sul sito, ma anche di attirare nuovi abbonati Facebook.<\/p><p><b>Fai salire di livello il tuo sito web per una fase completamente nuova, supportata dal widget Facebook di Blogger.<\/b><\/p><ul><li><b>Fai in modo che gli utenti rimangano sulla pagina<\/b>.<br>Visualizza componenti social e interattivi, che ottengono l&#8217;attenzione dei lettori, per trattenerli sulla pagina e mostrare loro i tuoi prodotti o servizi in modo pi\u00f9 dettagliato.<\/li><li><b>Sviluppa la tua pagina Facebook<\/b>.<br>Aggiungi post Facebook non solo per gli utenti dei social media, ma anche per coinvolgere gli utenti dal sito web alla tua pagina Facebook. Applica feed o foto di alta qualit\u00e0 per iniziare subito ad avere nuovi iscritti!<\/li><li><b>1 widget di Facebook funge da 3<\/b>.<br>Tutti i contenuti di Facebook in un unico plug-in: visualizza le pubblicazioni con feedback, Mi piace o eventuali reazioni su Facebook; progetta foto e playlist video sul sito con l&#8217;aiuto degli album di Facebook.<\/li><\/ul><\/div><div class=\"application-platform-content-item-features application-platform-content-item\" id=\"features\" data-nav-section=\"features\"><h2>Caratteristiche<\/h2><p>Un paio di caratteristiche, che trasformano il feed della nostra pagina Facebook nel miglior plug-in per un sito Web Blogger.<\/p><ul><li>3 tipi visualizzabili di contenuti Facebook: post, video e foto con album;<\/li><li>Pop personalizzabile -up con elementi commutabili: autore, conteggio dei Mi piace, conteggio delle condivisioni, commenti;<\/li><li>Post con informazioni commutabili: autore, conteggio dei Mi piace, conteggio delle condivisioni, pulsante di condivisione;<\/li><li>Mostra o nascondi il menu;<\/li><li>Aggiornamenti live regolari per mantenerlo aggiornato.<\/li><\/ul><p><a href=\"#demo\">Scopri tutti i vantaggi nella demo live<\/a>.<\/p><\/div><div class=\"application-platform-content-item-installation application-platform-content-item\" id=\"installation\" data-nav-section=\"installation\"><h2>Come aggiungere il plugin di Facebook al sito web di Blogger<\/h2><div class=\"video-container\"><iframe width=\"560\" height=\"315\" src=\"https:\/\/www.youtube.com\/embed\/0w25RpSal5A?si=mh_CCseLeELPn1OU\" frameborder=\"0\" allow=\"accelerometer; autoplay; clipboard-write; encrypted-media; gyroscope; picture-in-picture; web-share\" allowfullscreen><\/iframe><\/div><p>Leggi la nostra guida, per completare l&#8217;inserimento del widget. Il processo richieder\u00e0 solo 2 minuti e non richiede conoscenze in fase di sviluppo.<\/p><ol><li><b>Costruisci il tuo widget Facebook personale<\/b>.<br>Grazie al nostro editor gratuito, modella un plugin con il design e le opzioni necessarie.<\/li><li><b>Ottieni il codice per mostrare il plugin<\/b>.<br>Dopo la generazione del widget, ottieni il codice per il plugin Facebook dalla notifica popup sulle app Elfsight.<\/li><li><b>Posiziona il plug-in sul sito Web di Blogger<\/b>.<br>Inserisci il plug-in nel punto desiderato del sito Web e salva le modifiche.<\/li><li><b> L&#8217;installazione \u00e8 terminata<\/b>.<br>Visita il tuo sito Blogger, per controllare il tuo lavoro.<\/li><\/ol><p>Hai bisogno di un aiuto pi\u00f9 particolare? Consulta un <a href=\"https:\/\/elfsight.com\/tutorials\/how-to-add-facebook-widget-to-blogger\/\" target=\"_blank\" rel=\"noopener noreferrer\">tutorial dettagliato<\/a> oppure rivolgiti al centro assistenza Elfsight e saremo lieti di offrirti una soluzione.<\/p><\/div><div class=\"faq\" data-component=\"FAQ\"><div class=\"faq-item\">\r\n\t\t\t\t\t<div class=\"faq-item-question\">\r\n\t\t\t\t\t\t<h3 class=\"faq-item-question-text\">Come incorporare la chat di WhatsApp nel mio Blogger homepage senza esperienza di codifica?<\/h3>\r\n\r\n\t\t\t\t\t\t<div class=\"faq-item-question-icon\"><\/div>\r\n\t\t\t\t\t<\/div>\r\n\r\n\t\t\t\t\t<div class=\"faq-item-answer\">\r\n\t\t\t\t\t\t<div class=\"faq-item-answer-text\"><p>L&#8217;azienda Elfsight introduce una soluzione SaaS che consente alle persone di creare da soli un plug-in di chat WhatsApp, scopri quanto \u00e8 semplice: <\/p><ul><li>Lavora direttamente nell&#8217;editor live per creare un widget di chat di WhatsApp che desideri incorporare nella pagina web di Blogger.<\/li><li>Seleziona uno dei modelli gi\u00e0 pronti e modifica le impostazioni della chat di WhatsApp, modifica il layout e la combinazione di colori, aggiorna i tuoi contenuti senza conoscenze di codifica .<\/li><li>Clicca per salvare la chat di WhatsApp e ottenere il codice di installazione, che pu\u00f2 essere semplicemente incluso gratuitamente in qualsiasi sito Blogger. <\/li><\/ul><p>Con l&#8217;editor facile da usare ogni utente di Internet pu\u00f2 creare la chat di WhatsApp online e incollarla facilmente nel sito Web di Blogger. Non \u00e8 necessario sottoscrivere un piano a pagamento o rivelare le credenziali della carta per accedere al servizio. Se incontri ostacoli di qualsiasi tipo, non esitare a contattare la nostra assistenza clienti.<\/p><\/div>\r\n\t\t\t\t\t<\/div>\r\n\t\t\t\t<\/div><\/div>\n","protected":false},"excerpt":{"rendered":"","protected":false},"author":9,"featured_media":0,"parent":1049,"menu_order":0,"comment_status":"closed","ping_status":"closed","template":"templates\/template-application-platform.php","meta":{"publish_to_discourse":"","publish_post_category":"","wpdc_auto_publish_overridden":"","wpdc_topic_tags":"","wpdc_pin_topic":"","wpdc_pin_until":"","discourse_post_id":"","discourse_permalink":"","wpdc_publishing_response":"","wpdc_publishing_error":"","footnotes":""},"class_list":["post-4419","page","type-page","status-publish","hentry"],"yoast_head":"<!-- This site is optimized with the Yoast SEO plugin v25.3.1 - https:\/\/yoast.com\/wordpress\/plugins\/seo\/ -->\n<title>Feed di Facebook: aggiungi il plug-in di Facebook al sito Web di Blogger<\/title>\n<meta name=\"description\" content=\"Aggiungi un widget responsivo del feed della pagina Facebook sul tuo sito Web Blogger nel 2018. Prova il costruttore flessibile Elfsight e crea il tuo plug-in in solo 1 minuto.\" \/>\n<meta name=\"robots\" content=\"index, follow, max-snippet:-1, max-image-preview:large, max-video-preview:-1\" \/>\n<link rel=\"canonical\" href=\"https:\/\/elfsight.com\/it\/facebook-feed-widget\/blogger\/\" \/>\n<meta property=\"og:locale\" content=\"it_IT\" \/>\n<meta property=\"og:type\" content=\"article\" \/>\n<meta property=\"og:title\" content=\"Feed di Facebook: aggiungi il plug-in di Facebook al sito Web di Blogger\" \/>\n<meta property=\"og:description\" content=\"Aggiungi un widget responsivo del feed della pagina Facebook sul tuo sito Web Blogger nel 2018. Prova il costruttore flessibile Elfsight e crea il tuo plug-in in solo 1 minuto.\" \/>\n<meta property=\"og:url\" content=\"https:\/\/elfsight.com\/it\/facebook-feed-widget\/blogger\/\" \/>\n<meta property=\"og:site_name\" content=\"Elfsight IT\" \/>\n<meta property=\"article:modified_time\" content=\"2025-03-17T05:20:12+00:00\" \/>\n<meta name=\"twitter:card\" content=\"summary_large_image\" \/>\n<meta name=\"twitter:label1\" content=\"Tempo di lettura stimato\" \/>\n\t<meta name=\"twitter:data1\" content=\"4 minuti\" \/>\n<!-- \/ Yoast SEO plugin. -->","yoast_head_json":{"title":"Feed di Facebook: aggiungi il plug-in di Facebook al sito Web di Blogger","description":"Aggiungi un widget responsivo del feed della pagina Facebook sul tuo sito Web Blogger nel 2018. Prova il costruttore flessibile Elfsight e crea il tuo plug-in in solo 1 minuto.","robots":{"index":"index","follow":"follow","max-snippet":"max-snippet:-1","max-image-preview":"max-image-preview:large","max-video-preview":"max-video-preview:-1"},"canonical":"https:\/\/elfsight.com\/it\/facebook-feed-widget\/blogger\/","og_locale":"it_IT","og_type":"article","og_title":"Feed di Facebook: aggiungi il plug-in di Facebook al sito Web di Blogger","og_description":"Aggiungi un widget responsivo del feed della pagina Facebook sul tuo sito Web Blogger nel 2018. Prova il costruttore flessibile Elfsight e crea il tuo plug-in in solo 1 minuto.","og_url":"https:\/\/elfsight.com\/it\/facebook-feed-widget\/blogger\/","og_site_name":"Elfsight IT","article_modified_time":"2025-03-17T05:20:12+00:00","twitter_card":"summary_large_image","twitter_misc":{"Tempo di lettura stimato":"4 minuti"},"schema":{"@context":"https:\/\/schema.org","@graph":[{"@type":"WebPage","@id":"https:\/\/elfsight.com\/it\/facebook-feed-widget\/blogger\/","url":"https:\/\/elfsight.com\/it\/facebook-feed-widget\/blogger\/","name":"Feed di Facebook: aggiungi il plug-in di Facebook al sito Web di Blogger","isPartOf":{"@id":"https:\/\/elfsight.com\/it\/#website"},"datePublished":"2024-05-03T06:36:03+00:00","dateModified":"2025-03-17T05:20:12+00:00","description":"Aggiungi un widget responsivo del feed della pagina Facebook sul tuo sito Web Blogger nel 2018. Prova il costruttore flessibile Elfsight e crea il tuo plug-in in solo 1 minuto.","breadcrumb":{"@id":"https:\/\/elfsight.com\/it\/facebook-feed-widget\/blogger\/#breadcrumb"},"inLanguage":"it-IT","potentialAction":[{"@type":"ReadAction","target":["https:\/\/elfsight.com\/it\/facebook-feed-widget\/blogger\/"]}]},{"@type":"BreadcrumbList","@id":"https:\/\/elfsight.com\/it\/facebook-feed-widget\/blogger\/#breadcrumb","itemListElement":[{"@type":"ListItem","position":1,"name":"Home","item":"https:\/\/elfsight.com\/it\/"},{"@type":"ListItem","position":2,"name":"Facebook Feed","item":"https:\/\/elfsight.com\/it\/facebook-feed-widget\/"},{"@type":"ListItem","position":3,"name":"Facebook Feed &#8211; Blogger"}]},{"@type":"WebSite","@id":"https:\/\/elfsight.com\/it\/#website","url":"https:\/\/elfsight.com\/it\/","name":"Elfsight IT","description":"Just another Elfsight Sites site","potentialAction":[{"@type":"SearchAction","target":{"@type":"EntryPoint","urlTemplate":"https:\/\/elfsight.com\/it\/?s={search_term_string}"},"query-input":{"@type":"PropertyValueSpecification","valueRequired":true,"valueName":"search_term_string"}}],"inLanguage":"it-IT"}]}},"meta_box":{"industry":"","seo_heading":"","heading":"","description":"","cta_heading":"","cta_description":"","application":"1042","h1":"Widget Feed di Facebook per Blogger","h1_caption":"Incorpora post dalla tua pagina Facebook per mantenere i visitatori del tuo sito web coinvolti con i tuoi ultimi aggiornamenti e notizie nel tuo sito Blogger senza sforzo.","application_category":[],"applications_title":"","applications_request_title":"","applications_request_button_text":"","hero_text":"","hero_video":"","hero_video_schema_markup":"","selling_points_title":"","selling_points_caption":"","selling_points":[],"selling_points_cta_text":"","features_title":"","features":"","ed_cta_examples_text":"","ed_cta_examples_hidden":"","ed_cta_demo_text":"","ed_cta_demo_hidden":"","why_caption":"","why_editor_title":"","why_editor_text":"","why_team_title":"","why_team_text":"","why_service_title":"","why_service_text":"","template_catalog_visible":"0","template_catalog_title":"","template_catalog_text":"","template_catalog_categories_visible":"","demo_title":"Crea il tuo widget Feed di Facebook","demo_caption":"Configura il tuo feed di Facebook e aggiungilo gratuitamente al tuo sito Blogger!","default_faq_hidden":"","app_template_category":[],"platform":"33","template_public_id":"","codecanyon_url":"","codecanyon_item_id":"","codecanyon_price":"","pricing_caption":"","pricing_elfsight_apps_hide_column":"","pricing_elfsight_apps_url":"","pricing_codecanyon_price_caption":"","integration_category":[],"integration_request_title":"","integration_request_cta":"","integration_platform":"","integrations":[],"platform_category":[],"video_schema_markup":"","price":"da $ 0 al mese","trial":"","benefits":[{"text":"Assistenza gratuita per l'installazione"},{"text":"Supporto eccezionale"},{"text":"Garanzia di rimborso di 14 giorni"},{"text":"Aggiornamenti gratuiti continui"}],"button_url":"#demo","button_target_blank":"0","button_nofollow":"0","attributes":[{"name":"Installazioni"},{"name":"Reattivo","content":"S\u00cc"},{"name":"Browser compatibili","content":"Firefox, Safari, Opera, Chrome, Edge"}],"tags":[],"tags_disable_links":"0","hide_more_platforms":"0","video_object":"","demo_hide_cta":"0","demo_hide_cloud_options":"0","pricing_title":"","pricing":[{"pricing_icon":"platform","pricing_title":"Elfsight Apps","pricing_title_caption":"Soluzione digitale multipiattaforma adatta a qualsiasi sito web","pricing_price":"da $ 0 \/ mese","pricing_price_caption":"inizia con un piano gratuito","pricing_benefits":[{"text":"Siti web illimitati"},{"text":"Supporto aziendale 24 ore su 24, 7 giorni su 7"},{"text":"Servizio di installazione gratuito"},{"text":"Completamente personalizzabile"}],"pricing_button_text":"Aggiungi al sito web","pricing_button_url":"#demo"}],"related_apps_title":"","related_apps_hidden":"0","author":"","image":[],"title":"","job":"","social_networks":[]},"_links":{"self":[{"href":"https:\/\/elfsight.com\/it\/wp-json\/wp\/v2\/pages\/4419","targetHints":{"allow":["GET"]}}],"collection":[{"href":"https:\/\/elfsight.com\/it\/wp-json\/wp\/v2\/pages"}],"about":[{"href":"https:\/\/elfsight.com\/it\/wp-json\/wp\/v2\/types\/page"}],"author":[{"embeddable":true,"href":"https:\/\/elfsight.com\/it\/wp-json\/wp\/v2\/users\/9"}],"replies":[{"embeddable":true,"href":"https:\/\/elfsight.com\/it\/wp-json\/wp\/v2\/comments?post=4419"}],"version-history":[{"count":3,"href":"https:\/\/elfsight.com\/it\/wp-json\/wp\/v2\/pages\/4419\/revisions"}],"predecessor-version":[{"id":8824,"href":"https:\/\/elfsight.com\/it\/wp-json\/wp\/v2\/pages\/4419\/revisions\/8824"}],"up":[{"embeddable":true,"href":"https:\/\/elfsight.com\/it\/wp-json\/wp\/v2\/pages\/1049"}],"wp:attachment":[{"href":"https:\/\/elfsight.com\/it\/wp-json\/wp\/v2\/media?parent=4419"}],"curies":[{"name":"wp","href":"https:\/\/api.w.org\/{rel}","templated":true}]}}