{"id":4413,"date":"2024-05-03T06:36:01","date_gmt":"2024-05-03T06:36:01","guid":{"rendered":"https:\/\/elfsight.com\/it\/?page_id=4413"},"modified":"2025-03-17T05:55:22","modified_gmt":"2025-03-17T05:55:22","slug":"html","status":"publish","type":"page","link":"https:\/\/elfsight.com\/it\/facebook-feed-widget\/html\/","title":{"rendered":"Facebook Feed &#8211; HTML"},"content":{"rendered":"\n<div class=\"application-platform-content-item-description application-platform-content-item\" id=\"description\" data-nav-section=\"description\"><h2>Descrizione<\/h2><p>Incorpora il contenuto della tua pagina Facebook nel nostro plugin avanzato \u2013 Facebook Feed. Feed di notizie, video, immagini: puoi essere sicuro che i tuoi utenti non salteranno una sola notizia. Il look elegante con i componenti originali di Facebook non passer\u00e0 inosservato e contribuir\u00e0 non solo a trattenere gli utenti attuali sul sito, ma anche ad attrarre nuovi abbonati Facebook.<\/p><p><b>Porta il tuo marketing sui social media a un livello mai visto prima. livello con l&#8217;aiuto del plugin HTML per la pagina Facebook.<\/b><\/p><ul><li><b>Aumenta la conversione del tuo sito web fino al 112%<\/b>.<br>Applica un componente social al tuo sito web, per acquisire pi\u00f9 clienti. Lascia che i tuoi lettori scoprano il tuo brand su Facebook e ottengano la loro fiducia, il che ti aiuter\u00e0 ad aumentare la tua conversione.<\/li><li><b>Ottieni un profondo coinvolgimento dei clienti nella tua vita sui social media<\/b>.<br>Don Non fermarti al solo sito web, lascia che ogni cliente controlli nel dettaglio la tua attivit\u00e0 su Facebook: coinvolgi i clienti nella vita interna della tua attivit\u00e0 e acquisirai cos\u00ec i sostenitori pi\u00f9 fedeli.<\/li><li><b>3 Facebook plugin in 1<\/b>.<br>Tutti i tuoi contenuti da Facebook in un unico plugin: mostra notizie con feedback, Mi piace o altre reazioni; Crea elenchi di immagini e video sul sito Web utilizzando gli album di Facebook.<\/li><\/ul><\/div><div class=\"application-platform-content-item-features application-platform-content-item\" id=\"features\" data-nav-section=\"features\"><h2>Caratteristiche<\/h2><p>Alcuni vantaggi che rendono il nostro Facebook Alimenta un plugin davvero prezioso per qualsiasi sito Web HTML.<\/p><ul><li>2 fonti Facebook supportate: pagine, profili;<\/li><li>Popup personalizzabili con elementi commutabili: autore, conteggio dei Mi piace, condivisioni conteggio, commenti;<\/li><li>pulsanti Mi piace e Condividi sull&#8217;intestazione;<\/li><li>Attiva o disattiva l&#8217;intestazione;<\/li><li>12 lingue popolari supportate.<\/li><\/ul><p><a href=\"#demo\">Guarda tutte le funzionalit\u00e0 nella demo dal vivo<\/a>.<\/p><\/div><div class=\"application-platform-content-item-installation application-platform-content-item\" id=\"installation\" data-nav-section=\"installation\"><h2>Come incorporare Facebook plugin per il sito web HTML<\/h2><iframe width=\"720\" Height=\"405\" src=\"https:\/\/www.youtube.com\/embed\/L9fQwrdrAyk\"><\/iframe><p>Studia la nostra guida per aggiungere il plugin al sito. Questo non richieder\u00e0 pi\u00f9 di un paio di minuti e non richieder\u00e0 conoscenze di programmazione.<\/p><ol><li><b>Costruisci il tuo feed Facebook personalizzato<\/b>.<br>Con l&#8217;aiuto del nostro configuratore gratuito , crea un plugin con il modello e le opzioni necessari.<\/li><li><b>Copia il codice per mostrare il plugin<\/b>.<br>Dopo la personalizzazione del plugin, ottieni il codice per il plugin di Facebook dalla notifica visualizzata su App Elfsight.<\/li><li><b>Incorpora il plugin nella pagina HTML<\/b>.<br>Apri il codice della pagina nell&#8217;editor HTML e inserisci il plugin nella posizione necessaria (contenuto, pi\u00e8 di pagina, barra laterale , ecc.) e salva i risultati.<\/li><li><b>Il gioco \u00e8 fatto!<\/b><br>Apri il sito HTML per controllare il tuo plugin.<\/li><\/ol><p>Hai bisogno di un supporto pi\u00f9 dettagliato? Leggi un <a href=\"https:\/\/elfsight.com\/tutorials\/how-to-add-facebook-feed-widget-to-html\/\" target=\"_blank\" rel=\"noopener noreferrer\">manuale completo<\/a> o rivolgiti alla nostra assistenza clienti e saremo lieti di offrire una soluzione.<\/p><\/div><div class=\"faq\" data-component=\"FAQ\"><div class=\"faq-item\">\r\n\t\t\t\t\t<div class=\"faq-item-question\">\r\n\t\t\t\t\t\t<h3 class=\"faq-item-question-text\">Come posso aggiungere la chat di WhatsApp al mio sito HTML senza competenze di codifica?<\/h3>\r\n\r\n\t\t\t\t\t\t<div class=\"faq-item-question-icon\"><\/div>\r\n\t\t\t\t\t<\/div>\r\n\r\n\t\t\t\t\t<div class=\"faq-item-answer\">\r\n\t\t\t\t\t\t<div class=\"faq-item-answer-text\"><p>La societ\u00e0 Elfsight fornisce una soluzione che consente agli utenti di creare da soli un&#8217;app di chat WhatsApp, guarda la guida semplice: <\/p><ul><li>Vai alla demo live per crea un plug-in di chat di WhatsApp che desideri integrare nella tua home page HTML.<\/li><li>Decidi uno dei modelli predefiniti e modifica le impostazioni della chat di WhatsApp, aggiungi i tuoi contenuti, modifica il layout e i colori senza codifica.<\/li><li>Salva la chat di WhatsApp e ottieni il codice di installazione, che potrai incollare facilmente in qualsiasi pagina web HTML senza acquistare un abbonamento a pagamento. <\/li><\/ul><p>Con l&#8217;intuitivo Configuratore qualsiasi utente web pu\u00f2 creare una sezione di chat di WhatsApp online e includerla facilmente nella propria home page HTML. Non dovresti pagare o inviare le credenziali della tua carta per accedere al servizio Elfsight. Se riscontri problemi di qualsiasi tipo, non esitare a rivolgerti al nostro personale di supporto.<\/p><\/div>\r\n\t\t\t\t\t<\/div>\r\n\t\t\t\t<\/div><\/div>\n","protected":false},"excerpt":{"rendered":"","protected":false},"author":9,"featured_media":0,"parent":1049,"menu_order":0,"comment_status":"closed","ping_status":"closed","template":"templates\/template-application-platform.php","meta":{"publish_to_discourse":"","publish_post_category":"","wpdc_auto_publish_overridden":"","wpdc_topic_tags":"","wpdc_pin_topic":"","wpdc_pin_until":"","discourse_post_id":"","discourse_permalink":"","wpdc_publishing_response":"","wpdc_publishing_error":"","footnotes":""},"class_list":["post-4413","page","type-page","status-publish","hentry"],"yoast_head":"<!-- This site is optimized with the Yoast SEO plugin v25.3.1 - https:\/\/yoast.com\/wordpress\/plugins\/seo\/ -->\n<title>Feed di Facebook: incorpora il plug-in di Facebook nel sito Web HTML (in 1 minuto)<\/title>\n<meta name=\"description\" content=\"Aggiungi il miglior plug-in Feed di Facebook al tuo sito Web HTML. Prova la demo flessibile di Elfsight e modella il tuo widget personale in solo 1 minuto.\" \/>\n<meta name=\"robots\" content=\"index, follow, max-snippet:-1, max-image-preview:large, max-video-preview:-1\" \/>\n<link rel=\"canonical\" href=\"https:\/\/elfsight.com\/it\/facebook-feed-widget\/html\/\" \/>\n<meta property=\"og:locale\" content=\"it_IT\" \/>\n<meta property=\"og:type\" content=\"article\" \/>\n<meta property=\"og:title\" content=\"Feed di Facebook: incorpora il plug-in di Facebook nel sito Web HTML (in 1 minuto)\" \/>\n<meta property=\"og:description\" content=\"Aggiungi il miglior plug-in Feed di Facebook al tuo sito Web HTML. Prova la demo flessibile di Elfsight e modella il tuo widget personale in solo 1 minuto.\" \/>\n<meta property=\"og:url\" content=\"https:\/\/elfsight.com\/it\/facebook-feed-widget\/html\/\" \/>\n<meta property=\"og:site_name\" content=\"Elfsight IT\" \/>\n<meta property=\"article:modified_time\" content=\"2025-03-17T05:55:22+00:00\" \/>\n<meta name=\"twitter:card\" content=\"summary_large_image\" \/>\n<meta name=\"twitter:label1\" content=\"Tempo di lettura stimato\" \/>\n\t<meta name=\"twitter:data1\" content=\"4 minuti\" \/>\n<!-- \/ Yoast SEO plugin. -->","yoast_head_json":{"title":"Feed di Facebook: incorpora il plug-in di Facebook nel sito Web HTML (in 1 minuto)","description":"Aggiungi il miglior plug-in Feed di Facebook al tuo sito Web HTML. Prova la demo flessibile di Elfsight e modella il tuo widget personale in solo 1 minuto.","robots":{"index":"index","follow":"follow","max-snippet":"max-snippet:-1","max-image-preview":"max-image-preview:large","max-video-preview":"max-video-preview:-1"},"canonical":"https:\/\/elfsight.com\/it\/facebook-feed-widget\/html\/","og_locale":"it_IT","og_type":"article","og_title":"Feed di Facebook: incorpora il plug-in di Facebook nel sito Web HTML (in 1 minuto)","og_description":"Aggiungi il miglior plug-in Feed di Facebook al tuo sito Web HTML. Prova la demo flessibile di Elfsight e modella il tuo widget personale in solo 1 minuto.","og_url":"https:\/\/elfsight.com\/it\/facebook-feed-widget\/html\/","og_site_name":"Elfsight IT","article_modified_time":"2025-03-17T05:55:22+00:00","twitter_card":"summary_large_image","twitter_misc":{"Tempo di lettura stimato":"4 minuti"},"schema":{"@context":"https:\/\/schema.org","@graph":[{"@type":"WebPage","@id":"https:\/\/elfsight.com\/it\/facebook-feed-widget\/html\/","url":"https:\/\/elfsight.com\/it\/facebook-feed-widget\/html\/","name":"Feed di Facebook: incorpora il plug-in di Facebook nel sito Web HTML (in 1 minuto)","isPartOf":{"@id":"https:\/\/elfsight.com\/it\/#website"},"datePublished":"2024-05-03T06:36:01+00:00","dateModified":"2025-03-17T05:55:22+00:00","description":"Aggiungi il miglior plug-in Feed di Facebook al tuo sito Web HTML. Prova la demo flessibile di Elfsight e modella il tuo widget personale in solo 1 minuto.","breadcrumb":{"@id":"https:\/\/elfsight.com\/it\/facebook-feed-widget\/html\/#breadcrumb"},"inLanguage":"it-IT","potentialAction":[{"@type":"ReadAction","target":["https:\/\/elfsight.com\/it\/facebook-feed-widget\/html\/"]}]},{"@type":"BreadcrumbList","@id":"https:\/\/elfsight.com\/it\/facebook-feed-widget\/html\/#breadcrumb","itemListElement":[{"@type":"ListItem","position":1,"name":"Home","item":"https:\/\/elfsight.com\/it\/"},{"@type":"ListItem","position":2,"name":"Facebook Feed","item":"https:\/\/elfsight.com\/it\/facebook-feed-widget\/"},{"@type":"ListItem","position":3,"name":"Facebook Feed &#8211; HTML"}]},{"@type":"WebSite","@id":"https:\/\/elfsight.com\/it\/#website","url":"https:\/\/elfsight.com\/it\/","name":"Elfsight IT","description":"Just another Elfsight Sites site","potentialAction":[{"@type":"SearchAction","target":{"@type":"EntryPoint","urlTemplate":"https:\/\/elfsight.com\/it\/?s={search_term_string}"},"query-input":{"@type":"PropertyValueSpecification","valueRequired":true,"valueName":"search_term_string"}}],"inLanguage":"it-IT"}]}},"meta_box":{"industry":"","seo_heading":"","heading":"","description":"","cta_heading":"","cta_description":"","application":"1042","h1":"Plug-in del feed di Facebook per HTML","h1_caption":"Incorpora post dalla tua pagina Facebook per mantenere i visitatori del tuo sito web coinvolti con i tuoi ultimi aggiornamenti e notizie nel tuo sito web HTML senza sforzo.","application_category":[],"applications_title":"","applications_request_title":"","applications_request_button_text":"","hero_text":"","hero_video":"","hero_video_schema_markup":"","selling_points_title":"","selling_points_caption":"","selling_points":[],"selling_points_cta_text":"","features_title":"","features":"","ed_cta_examples_text":"","ed_cta_examples_hidden":"","ed_cta_demo_text":"","ed_cta_demo_hidden":"","why_caption":"","why_editor_title":"","why_editor_text":"","why_team_title":"","why_team_text":"","why_service_title":"","why_service_text":"","template_catalog_visible":"0","template_catalog_title":"","template_catalog_text":"","template_catalog_categories_visible":"","demo_title":"Crea il tuo widget Feed di Facebook","demo_caption":"Configura il tuo feed Facebook e aggiungilo gratuitamente al tuo sito Web HTML!","default_faq_hidden":"","app_template_category":[],"platform":"35","template_public_id":"","codecanyon_url":"","codecanyon_item_id":"","codecanyon_price":"","pricing_caption":"","pricing_elfsight_apps_hide_column":"","pricing_elfsight_apps_url":"","pricing_codecanyon_price_caption":"","integration_category":[],"integration_request_title":"","integration_request_cta":"","integration_platform":"","integrations":[],"platform_category":[],"video_schema_markup":"","price":"da $ 0 al mese","trial":"","benefits":[{"text":"Assistenza per l'installazione gratuita"},{"text":"Supporto eccezionale"},{"text":"Garanzia di rimborso di 14 giorni"},{"text":"Aggiornamenti continui"}],"button_url":"#demo","button_target_blank":"0","button_nofollow":"0","attributes":[{"name":"Installazioni"},{"name":"Reattivo","content":"S\u00cc"},{"name":"Browser compatibili","content":"Firefox, Safari, Opera, Chrome, Edge"}],"tags":[],"tags_disable_links":"0","hide_more_platforms":"0","video_object":"","demo_hide_cta":"0","demo_hide_cloud_options":"0","pricing_title":"","pricing":[{"pricing_icon":"platform","pricing_title":"Elfsight Apps","pricing_title_caption":"Soluzione digitale multipiattaforma","pricing_price":"da $ 0 \/ mese","pricing_price_caption":"inizia con il piano gratuito","pricing_benefits":[{"text":"Domini illimitati"},{"text":"Supporto aziendale veloce"},{"text":"Servizio di installazione gratuito"},{"text":"Prezzo da prendere per pi\u00f9 app"}],"pricing_button_text":"Aggiungi al sito web","pricing_button_url":"#demo"}],"related_apps_title":"","related_apps_hidden":"0","author":"","image":[],"title":"","job":"","social_networks":[]},"_links":{"self":[{"href":"https:\/\/elfsight.com\/it\/wp-json\/wp\/v2\/pages\/4413","targetHints":{"allow":["GET"]}}],"collection":[{"href":"https:\/\/elfsight.com\/it\/wp-json\/wp\/v2\/pages"}],"about":[{"href":"https:\/\/elfsight.com\/it\/wp-json\/wp\/v2\/types\/page"}],"author":[{"embeddable":true,"href":"https:\/\/elfsight.com\/it\/wp-json\/wp\/v2\/users\/9"}],"replies":[{"embeddable":true,"href":"https:\/\/elfsight.com\/it\/wp-json\/wp\/v2\/comments?post=4413"}],"version-history":[{"count":3,"href":"https:\/\/elfsight.com\/it\/wp-json\/wp\/v2\/pages\/4413\/revisions"}],"predecessor-version":[{"id":8835,"href":"https:\/\/elfsight.com\/it\/wp-json\/wp\/v2\/pages\/4413\/revisions\/8835"}],"up":[{"embeddable":true,"href":"https:\/\/elfsight.com\/it\/wp-json\/wp\/v2\/pages\/1049"}],"wp:attachment":[{"href":"https:\/\/elfsight.com\/it\/wp-json\/wp\/v2\/media?parent=4413"}],"curies":[{"name":"wp","href":"https:\/\/api.w.org\/{rel}","templated":true}]}}