{"id":4411,"date":"2024-05-03T06:35:59","date_gmt":"2024-05-03T06:35:59","guid":{"rendered":"https:\/\/elfsight.com\/it\/?page_id=4411"},"modified":"2025-03-17T05:53:10","modified_gmt":"2025-03-17T05:53:10","slug":"magento","status":"publish","type":"page","link":"https:\/\/elfsight.com\/it\/facebook-feed-widget\/magento\/","title":{"rendered":"Facebook Feed &#8211; Magento"},"content":{"rendered":"\n<div class=\"application-platform-content-item-description application-platform-content-item\" id=\"description\" data-nav-section=\"description\"><\/p><h2>Descrizione<\/h2><p>Visualizza il tuo feed di Facebook nella nostra estensione universale: Feed di Facebook. Feed di notizie, video, immagini: assicurati che i tuoi visitatori non saltino mai un singolo messaggio. Un design accattivante con elementi autentici di Facebook non passer\u00e0 inosservato e aiuter\u00e0 non solo a trattenere gli utenti attuali sul sito, ma anche a invitare nuovi abbonati Facebook.<\/p><p><b>Aumenta al massimo il coinvolgimento dei tuoi clienti livello con l&#8217;estensione Facebook Magento.<\/b><\/p><ul><li><b>Ottieni una migliore credibilit\u00e0 della tua azienda<\/b>.<br>Un&#8217;azienda che ha conti correnti nei social network ottiene 75 in pi\u00f9 fiducia tra gli utenti. Inserisci la tua pagina Facebook sul sito, per dimostrare ai lettori che la tua attivit\u00e0 \u00e8 reale e affidabile.<\/li><li><b>Avere un coinvolgimento profondo tra i lettori della tua attivit\u00e0<\/b>.<br>Non farlo fermati al solo sito web, aiuta ogni lettore a esplorare pi\u00f9 da vicino il tuo brand su Facebook: integra i clienti nella vita quotidiana della tua attivit\u00e0 e trova i clienti pi\u00f9 fedeli.<\/li><li><b>3 widget Facebook in 1<\/b>. Tutti i tuoi magnifici contenuti Facebook in un unico widget: mostra pubblicazioni con feedback, Mi piace o eventuali reazioni Facebook; crea raccolte di immagini e video sul sito utilizzando gli album di Facebook.<\/li><\/ul><p><\/div><div class=\"application-platform-content-item-features application-platform-content-item\" id=\"features\" data-nav-section=\"features\"><\/p><h2>Funzionalit\u00e0 <\/h2><p>4 funzionalit\u00e0, che trasformano il nostro feed di Facebook nella migliore estensione per un sito web Magento.<\/p><ul><li>2 fonti Facebook supportate: pagine, profili;<\/li><li> Mostra foto, album o entrambi;<\/li><li>pulsanti Mi piace e Condividi nell&#8217;intestazione;<\/li><li>Limite dei post variabili;<\/li><li>Supporto premium da parte di professionisti.<\/li><\/ul><p><a href=\"#demo\">Controlla tutte le funzionalit\u00e0 nella demo live<\/a><\/p><p><\/div><div class=\"application-platform-content-item-installation  application-platform-content-item\" id=\"installation \" data-nav-section=\"installation \"><\/p><h2>Come aggiungere Facebook al sito web Magento<\/h2><p>Segui semplicemente le istruzioni seguenti per incorporare l&#8217;estensione su Magento.<\/p> <ol><li><b>Lancia il nostro demo gratuita e inizia a creare il tuo widget personalizzato. <\/b><br> Trova la forma e le funzionalit\u00e0 preferite dell&#8217;estensione Feed di Facebook e applica le correzioni. <\/li> <li><b>Ricevi il tuo codice personale che appare nell&#8217;apposito modulo su Elfsight Apps. <\/b><br> Non appena la configurazione del tuo strumento \u00e8 terminata, copia il codice personale nella finestra visualizzata e conservalo per un uso successivo. <\/li> <li><b>Inizia a utilizzare lo strumento sulla tua pagina web Magento. <\/b><br> Implementa il codice copiato in precedenza nel tuo sito web e applica le modifiche. <\/li> <li><b>L&#8217;installazione \u00e8 terminata con successo. <\/b><br> Vai alla tua pagina web per vedere in azione il lavoro dello strumento. <\/li><\/ol><p>Vorresti avere un aiuto pi\u00f9 dettagliato? Leggi un <a href=\"https:\/\/elfsight.com\/tutorials\/how-to-add-facebook-feed-extension-to-magento\/\" target=\"_blank\" rel=\"noopener noreferrer\">articolo completo<\/a> oppure scrivi al nostro Centro assistenza e saremo lieti di fornirti una soluzione.<\/p><p><\/div><div class=\"faq\" data-component=\"FAQ\"><div class=\"faq-item\">\r\n\t\t\t\t\t<div class=\"faq-item-question\">\r\n\t\t\t\t\t\t<h3 class=\"faq-item-question-text\">In che modo posso incorporare la chat di WhatsApp nel mio Magento senza conoscenze di programmazione?<\/h3>\r\n\r\n\t\t\t\t\t\t<div class=\"faq-item-question-icon\"><\/div>\r\n\t\t\t\t\t<\/div>\r\n\r\n\t\t\t\t\t<div class=\"faq-item-answer\">\r\n\t\t\t\t\t\t<div class=\"faq-item-answer-text\"><p>L&#8217;azienda Elfsight offre una soluzione SaaS che consente agli utenti di creare da soli una sezione di chat di WhatsApp, scopri i passaggi semplici: <\/p><ul> <li>Vai all&#8217;editor online per creare un widget di chat di WhatsApp che desideri venga visualizzato sul tuo sito web Magento.<\/li><li>Seleziona uno dei nostri modelli predefiniti e modifica le impostazioni della chat di WhatsApp, cambia il layout e i colori, aggiungi i tuoi contenuti senza alcuna esperienza di codifica.<\/li><li>Fai clic per salvare le impostazioni che hai effettuato nella chat di WhatsApp e ottenere il codice di installazione, che pu\u00f2 essere facilmente aggiunto nella tua home page di Magento senza la necessit\u00e0 di acquistare una versione a pagamento. <\/li><\/ul><p>Con l&#8217;aiuto del nostro editor facile da usare, ogni utente di Internet pu\u00f2 creare l&#8217;app di chat WhatsApp online e aggiungerla semplicemente al sito Web Magento. Non \u00e8 necessario pagare o inviare i dati della tua carta per accedere all&#8217;editor. Se riscontri problemi in qualsiasi momento, non esitare a contattare il nostro team di supporto.<\/p><\/div>\r\n\t\t\t\t\t<\/div>\r\n\t\t\t\t<\/div><\/div>\n","protected":false},"excerpt":{"rendered":"","protected":false},"author":9,"featured_media":0,"parent":1049,"menu_order":0,"comment_status":"closed","ping_status":"closed","template":"templates\/template-application-platform.php","meta":{"publish_to_discourse":"","publish_post_category":"","wpdc_auto_publish_overridden":"","wpdc_topic_tags":"","wpdc_pin_topic":"","wpdc_pin_until":"","discourse_post_id":"","discourse_permalink":"","wpdc_publishing_response":"","wpdc_publishing_error":"","footnotes":""},"class_list":["post-4411","page","type-page","status-publish","hentry"],"yoast_head":"<!-- This site is optimized with the Yoast SEO plugin v25.3.1 - https:\/\/yoast.com\/wordpress\/plugins\/seo\/ -->\n<title>Feed di Facebook: aggiungi l&#039;estensione Facebook al sito Web Magento<\/title>\n<meta name=\"description\" content=\"Integra un&#039;estensione reattiva del feed di Facebook nel tuo sito web Magento. Utilizza il pratico editor Elfsight e crea il tuo widget in solo 1 minuto.\" \/>\n<meta name=\"robots\" content=\"index, follow, max-snippet:-1, max-image-preview:large, max-video-preview:-1\" \/>\n<link rel=\"canonical\" href=\"https:\/\/elfsight.com\/it\/facebook-feed-widget\/magento\/\" \/>\n<meta property=\"og:locale\" content=\"it_IT\" \/>\n<meta property=\"og:type\" content=\"article\" \/>\n<meta property=\"og:title\" content=\"Feed di Facebook: aggiungi l&#039;estensione Facebook al sito Web Magento\" \/>\n<meta property=\"og:description\" content=\"Integra un&#039;estensione reattiva del feed di Facebook nel tuo sito web Magento. Utilizza il pratico editor Elfsight e crea il tuo widget in solo 1 minuto.\" \/>\n<meta property=\"og:url\" content=\"https:\/\/elfsight.com\/it\/facebook-feed-widget\/magento\/\" \/>\n<meta property=\"og:site_name\" content=\"Elfsight IT\" \/>\n<meta property=\"article:modified_time\" content=\"2025-03-17T05:53:10+00:00\" \/>\n<meta name=\"twitter:card\" content=\"summary_large_image\" \/>\n<meta name=\"twitter:label1\" content=\"Tempo di lettura stimato\" \/>\n\t<meta name=\"twitter:data1\" content=\"4 minuti\" \/>\n<!-- \/ Yoast SEO plugin. -->","yoast_head_json":{"title":"Feed di Facebook: aggiungi l'estensione Facebook al sito Web Magento","description":"Integra un'estensione reattiva del feed di Facebook nel tuo sito web Magento. Utilizza il pratico editor Elfsight e crea il tuo widget in solo 1 minuto.","robots":{"index":"index","follow":"follow","max-snippet":"max-snippet:-1","max-image-preview":"max-image-preview:large","max-video-preview":"max-video-preview:-1"},"canonical":"https:\/\/elfsight.com\/it\/facebook-feed-widget\/magento\/","og_locale":"it_IT","og_type":"article","og_title":"Feed di Facebook: aggiungi l'estensione Facebook al sito Web Magento","og_description":"Integra un'estensione reattiva del feed di Facebook nel tuo sito web Magento. Utilizza il pratico editor Elfsight e crea il tuo widget in solo 1 minuto.","og_url":"https:\/\/elfsight.com\/it\/facebook-feed-widget\/magento\/","og_site_name":"Elfsight IT","article_modified_time":"2025-03-17T05:53:10+00:00","twitter_card":"summary_large_image","twitter_misc":{"Tempo di lettura stimato":"4 minuti"},"schema":{"@context":"https:\/\/schema.org","@graph":[{"@type":"WebPage","@id":"https:\/\/elfsight.com\/it\/facebook-feed-widget\/magento\/","url":"https:\/\/elfsight.com\/it\/facebook-feed-widget\/magento\/","name":"Feed di Facebook: aggiungi l'estensione Facebook al sito Web Magento","isPartOf":{"@id":"https:\/\/elfsight.com\/it\/#website"},"datePublished":"2024-05-03T06:35:59+00:00","dateModified":"2025-03-17T05:53:10+00:00","description":"Integra un'estensione reattiva del feed di Facebook nel tuo sito web Magento. Utilizza il pratico editor Elfsight e crea il tuo widget in solo 1 minuto.","breadcrumb":{"@id":"https:\/\/elfsight.com\/it\/facebook-feed-widget\/magento\/#breadcrumb"},"inLanguage":"it-IT","potentialAction":[{"@type":"ReadAction","target":["https:\/\/elfsight.com\/it\/facebook-feed-widget\/magento\/"]}]},{"@type":"BreadcrumbList","@id":"https:\/\/elfsight.com\/it\/facebook-feed-widget\/magento\/#breadcrumb","itemListElement":[{"@type":"ListItem","position":1,"name":"Home","item":"https:\/\/elfsight.com\/it\/"},{"@type":"ListItem","position":2,"name":"Facebook Feed","item":"https:\/\/elfsight.com\/it\/facebook-feed-widget\/"},{"@type":"ListItem","position":3,"name":"Facebook Feed &#8211; Magento"}]},{"@type":"WebSite","@id":"https:\/\/elfsight.com\/it\/#website","url":"https:\/\/elfsight.com\/it\/","name":"Elfsight IT","description":"Just another Elfsight Sites site","potentialAction":[{"@type":"SearchAction","target":{"@type":"EntryPoint","urlTemplate":"https:\/\/elfsight.com\/it\/?s={search_term_string}"},"query-input":{"@type":"PropertyValueSpecification","valueRequired":true,"valueName":"search_term_string"}}],"inLanguage":"it-IT"}]}},"meta_box":{"industry":"","seo_heading":"","heading":"","description":"","cta_heading":"","cta_description":"","application":"1042","h1":"Estensione del feed di Facebook per Magento","h1_caption":"Incorpora post dalla tua pagina Facebook per mantenere i visitatori del tuo sito web coinvolti con i tuoi ultimi aggiornamenti e notizie nel tuo sito web Magento senza sforzo.","application_category":[],"applications_title":"","applications_request_title":"","applications_request_button_text":"","hero_text":"","hero_video":"","hero_video_schema_markup":"","selling_points_title":"","selling_points_caption":"","selling_points":[],"selling_points_cta_text":"","features_title":"","features":"","ed_cta_examples_text":"","ed_cta_examples_hidden":"","ed_cta_demo_text":"","ed_cta_demo_hidden":"","why_caption":"","why_editor_title":"","why_editor_text":"","why_team_title":"","why_team_text":"","why_service_title":"","why_service_text":"","template_catalog_visible":"0","template_catalog_title":"","template_catalog_text":"","template_catalog_categories_visible":"","demo_title":"Crea la tua estensione del feed di Facebook","demo_caption":"Configura il tuo feed Facebook e aggiungilo gratuitamente al tuo sito Magento!","default_faq_hidden":"","app_template_category":[],"platform":"39","template_public_id":"","codecanyon_url":"","codecanyon_item_id":"","codecanyon_price":"","pricing_caption":"","pricing_elfsight_apps_hide_column":"","pricing_elfsight_apps_url":"","pricing_codecanyon_price_caption":"","integration_category":[],"integration_request_title":"","integration_request_cta":"","integration_platform":"","integrations":[],"platform_category":[],"video_schema_markup":"","price":"da $ 0 al mese","trial":"","benefits":[{"text":"Servizio di installazione gratuito"},{"text":"Servizio clienti efficace"},{"text":"Garanzia di rimborso di 14 giorni"},{"text":"Aggiornamenti gratuiti continui"}],"button_url":"#demo","button_target_blank":"0","button_nofollow":"0","attributes":[{"name":"Installazioni"},{"name":"Reattivo","content":"S\u00cc"},{"name":"Browser compatibili","content":"Firefox, Safari, Opera, Chrome, Edge"}],"tags":[],"tags_disable_links":"0","hide_more_platforms":"0","video_object":"","demo_hide_cta":"0","demo_hide_cloud_options":"0","pricing_title":"","pricing":[{"pricing_icon":"platform","pricing_title":"Elfsight Apps","pricing_title_caption":"Soluzione digitale multipiattaforma adatta a qualsiasi sito","pricing_price":"da $ 0 \/ mese","pricing_price_caption":"inizia con un piano gratuito","pricing_benefits":[{"text":"Domini illimitati"},{"text":"Assistenza clienti dedicata e ben documentata"},{"text":"Supporto per l'installazione senza costi"},{"text":"Completamente personalizzabile"}],"pricing_button_text":"Aggiungi al sito web","pricing_button_url":"#demo"}],"related_apps_title":"","related_apps_hidden":"0","author":"","image":[],"title":"","job":"","social_networks":[]},"_links":{"self":[{"href":"https:\/\/elfsight.com\/it\/wp-json\/wp\/v2\/pages\/4411","targetHints":{"allow":["GET"]}}],"collection":[{"href":"https:\/\/elfsight.com\/it\/wp-json\/wp\/v2\/pages"}],"about":[{"href":"https:\/\/elfsight.com\/it\/wp-json\/wp\/v2\/types\/page"}],"author":[{"embeddable":true,"href":"https:\/\/elfsight.com\/it\/wp-json\/wp\/v2\/users\/9"}],"replies":[{"embeddable":true,"href":"https:\/\/elfsight.com\/it\/wp-json\/wp\/v2\/comments?post=4411"}],"version-history":[{"count":2,"href":"https:\/\/elfsight.com\/it\/wp-json\/wp\/v2\/pages\/4411\/revisions"}],"predecessor-version":[{"id":8833,"href":"https:\/\/elfsight.com\/it\/wp-json\/wp\/v2\/pages\/4411\/revisions\/8833"}],"up":[{"embeddable":true,"href":"https:\/\/elfsight.com\/it\/wp-json\/wp\/v2\/pages\/1049"}],"wp:attachment":[{"href":"https:\/\/elfsight.com\/it\/wp-json\/wp\/v2\/media?parent=4411"}],"curies":[{"name":"wp","href":"https:\/\/api.w.org\/{rel}","templated":true}]}}