{"id":4405,"date":"2024-05-03T06:35:57","date_gmt":"2024-05-03T06:35:57","guid":{"rendered":"https:\/\/elfsight.com\/it\/?page_id=4405"},"modified":"2025-03-17T06:02:30","modified_gmt":"2025-03-17T06:02:30","slug":"opencart","status":"publish","type":"page","link":"https:\/\/elfsight.com\/it\/facebook-feed-widget\/opencart\/","title":{"rendered":"Facebook Feed &#8211; OpenCart"},"content":{"rendered":"\n<div class=\"application-platform-content-item-description application-platform-content-item\" id=\"description\" data-nav-section=\"description\"><h2>Descrizione<\/h2><p>Visualizza i tuoi contenuti di Facebook nel nostro modulo avanzato: Feed di Facebook. Feed di notizie, video, foto: puoi essere sicuro che i tuoi lettori non salteranno mai un singolo pezzo dei tuoi contenuti. L&#8217;interfaccia alla moda con elementi reali di Facebook attirer\u00e0 l&#8217;attenzione e ti dar\u00e0 l&#8217;opportunit\u00e0 non solo di mantenere i clienti attuali sul sito, ma anche di attirare nuovi abbonati Facebook.<\/p><p><b>Migliora il tuo marketing sui social media per un&#8217;altezza mai vista prima utilizzando l&#8217;estensione Facebook OpenCart.<\/b><\/p><ul><li><b>Fai in modo che i visitatori rimangano sul sito<\/b>. Mostra elementi social e interattivi, che attirano l&#8217;attenzione dei lettori, per trattenerli sulla pagina e fornire maggiori informazioni sui tuoi articoli o sulla tua azienda.<\/li><li><b>Sviluppa la tua pagina Facebook<\/b>. Aggiungi immagini e video di Facebook non solo per i visitatori dei social media, ma anche subito per attirare visitatori dal sito alla tua pagina Facebook. Inserisci post o immagini riconoscibili per iniziare subito ad avere nuovi iscritti!<\/li><li><b>Tutto Facebook in 1 modulo<\/b>. Tutti i contenuti di Facebook in un unico modulo: mostra notizie con feedback, condivisioni o eventuali reazioni di Facebook; Crea gallerie di foto e video sul sito utilizzando gli album di Facebook.<\/li><\/ul><\/div><div class=\"application-platform-content-item-features application-platform-content-item\" id=\"features\" data-nav-section=\"features\"><h2>Funzionalit\u00e0<\/h2><p>Alcune funzionalit\u00e0 straordinarie, che trasformano il nostro Facebook Feed \u00e8 un&#8217;estensione preziosa per qualsiasi sito Web OpenCart.<\/p><ul><li>2 fonti Facebook supportate: pagine, profili;<\/li><li>Popup personalizzabili con elementi commutabili: autore, conteggio dei Mi piace, conteggio delle condivisioni, commenti;<\/li><li>Video con informazioni modificabili: descrizione, conteggio dei Mi piace, conteggio dei commenti;<\/li><li>Attiva o disattiva l&#8217;intestazione;<\/li><li>12 lingue popolari supportate.<\/li><\/ul><p><a href=\"#demo\">Scopri tutti i vantaggi nella demo dal vivo<\/a>.<\/p><\/div><div class=\"application-platform-content-item-installation application-platform-content-item\" id=\"installation\" data-nav-section=\"installation\"><h2>Come aggiungere il modulo Feed di Facebook al sito Web OpenCart<\/h2><div class=\"video-container\"><iframe width=\"560\" height=\"315\" src=\"https:\/\/www.youtube.com\/embed\/6iIw-QUJoAI?si=0UgY4o3wq-3XBpOF\" frameborder=\"0\" allow=\"accelerometer; autoplay; clipboard-write; encrypted-media; gyroscope; picture-in-picture; web-share\" allowfullscreen><\/iframe><\/div><p>Segui semplicemente le linee guida seguenti per iniziare a utilizzare l&#8217;estensione su OpenCart.<\/p> <ol><li><b>Gestisci il nostro configuratore gratuito e inizia a creare il tuo personalizzato-effettuato l&#8217;estensione. <\/b><br> Scegli il layout e le specifiche desiderate del widget e salva le modifiche. <\/li> <li><b>Ricevi il tuo codice personale esposto nel box su Elfsight Apps. <\/b><br> Non appena la configurazione della tua estensione personale del feed di Facebook \u00e8 terminata, copia il codice personale nella finestra visualizzata e salvalo per un uso successivo. <\/li> <li><b>Inizia a utilizzare lo strumento sul sito Web OpenCart. <\/b><br> Inserisci il codice salvato di recente nel tuo sito web e salva le correzioni. <\/li> <li><b>L&#8217;installazione \u00e8 completamente completata. <\/b><br> Vai al tuo sito web per osservare il lavoro dello strumento. <\/li><\/ol> <p>Hai bisogno di un aiuto pi\u00f9 dettagliato? Studia un <a href=\"https:\/\/elfsight.com\/tutorials\/how-to-add-facebook-feed-to-opencart\/\" target=\"_blank\" rel=\"noopener noreferrer\">tutorial completo<\/a> oppure lascia il tuo messaggio al nostro supporto clienti e saremo lieti di offrire una soluzione.<\/p><\/div><div class=\"faq\" data-component=\"FAQ\"><div class=\"faq-item\">\r\n\t\t\t\t\t<div class=\"faq-item-question\">\r\n\t\t\t\t\t\t<h3 class=\"faq-item-question-text\">Esiste un'opzione per aggiungere la chat di WhatsApp alla mia home page di OpenCart senza esperienza di codifica?<\/h3>\r\n\r\n\t\t\t\t\t\t<div class=\"faq-item-question-icon\"><\/div>\r\n\t\t\t\t\t<\/div>\r\n\r\n\t\t\t\t\t<div class=\"faq-item-answer\">\r\n\t\t\t\t\t\t<div class=\"faq-item-answer-text\"><p>La societ\u00e0 Elfsight offre una soluzione che consente agli utenti di creare da soli un plug-in di chat di WhatsApp, controlla i semplici passaggi: <\/p><ul><li>Lavora direttamente nel Demo online per creare un plug-in di chat di WhatsApp che desideri aggiungere al tuo sito OpenCart.<\/li><li>Scegli uno dei modelli predefiniti e regola le impostazioni di chat di WhatsApp, cambia il layout e i colori, aggiungi i tuoi contenuti senza capacit\u00e0 di codifica.<\/li><li>Salva le impostazioni che hai effettuato sulla chat di WhatsApp e copia il codice per l&#8217;incorporamento, che pu\u00f2 essere semplicemente incollato nella tua home page OpenCart all&#8217;interno di un piano gratuito. <\/li><\/ul><p>Utilizzando il configuratore intuitivo, qualsiasi utente di Internet pu\u00f2 creare l&#8217;app WhatsApp Chat online e incollarla facilmente su qualsiasi pagina Web OpenCart. Non \u00e8 necessario sottoscrivere un piano a pagamento o divulgare i dati della tua carta per accedere a Elfsight Editor. Se riscontri problemi di qualsiasi tipo, non esitare a contattare la nostra assistenza clienti.<\/p><\/div>\r\n\t\t\t\t\t<\/div>\r\n\t\t\t\t<\/div><\/div>\n","protected":false},"excerpt":{"rendered":"","protected":false},"author":9,"featured_media":0,"parent":1049,"menu_order":0,"comment_status":"closed","ping_status":"closed","template":"templates\/template-application-platform.php","meta":{"publish_to_discourse":"","publish_post_category":"","wpdc_auto_publish_overridden":"","wpdc_topic_tags":"","wpdc_pin_topic":"","wpdc_pin_until":"","discourse_post_id":"","discourse_permalink":"","wpdc_publishing_response":"","wpdc_publishing_error":"","footnotes":""},"class_list":["post-4405","page","type-page","status-publish","hentry"],"yoast_head":"<!-- This site is optimized with the Yoast SEO plugin v25.3.1 - https:\/\/yoast.com\/wordpress\/plugins\/seo\/ -->\n<title>Feed di Facebook: aggiungi l&#039;estensione Facebook al sito Web OpenCart<\/title>\n<meta name=\"description\" content=\"Aggiungi un&#039;estensione reattiva del feed di Facebook sul tuo sito Web OpenCart. Utilizza l&#039;editor flessibile Elfsight e progetta il tuo modulo in solo 1 minuto.\" \/>\n<meta name=\"robots\" content=\"index, follow, max-snippet:-1, max-image-preview:large, max-video-preview:-1\" \/>\n<link rel=\"canonical\" href=\"https:\/\/elfsight.com\/it\/facebook-feed-widget\/opencart\/\" \/>\n<meta property=\"og:locale\" content=\"it_IT\" \/>\n<meta property=\"og:type\" content=\"article\" \/>\n<meta property=\"og:title\" content=\"Feed di Facebook: aggiungi l&#039;estensione Facebook al sito Web OpenCart\" \/>\n<meta property=\"og:description\" content=\"Aggiungi un&#039;estensione reattiva del feed di Facebook sul tuo sito Web OpenCart. Utilizza l&#039;editor flessibile Elfsight e progetta il tuo modulo in solo 1 minuto.\" \/>\n<meta property=\"og:url\" content=\"https:\/\/elfsight.com\/it\/facebook-feed-widget\/opencart\/\" \/>\n<meta property=\"og:site_name\" content=\"Elfsight IT\" \/>\n<meta property=\"article:modified_time\" content=\"2025-03-17T06:02:30+00:00\" \/>\n<meta name=\"twitter:card\" content=\"summary_large_image\" \/>\n<meta name=\"twitter:label1\" content=\"Tempo di lettura stimato\" \/>\n\t<meta name=\"twitter:data1\" content=\"4 minuti\" \/>\n<!-- \/ Yoast SEO plugin. -->","yoast_head_json":{"title":"Feed di Facebook: aggiungi l'estensione Facebook al sito Web OpenCart","description":"Aggiungi un'estensione reattiva del feed di Facebook sul tuo sito Web OpenCart. Utilizza l'editor flessibile Elfsight e progetta il tuo modulo in solo 1 minuto.","robots":{"index":"index","follow":"follow","max-snippet":"max-snippet:-1","max-image-preview":"max-image-preview:large","max-video-preview":"max-video-preview:-1"},"canonical":"https:\/\/elfsight.com\/it\/facebook-feed-widget\/opencart\/","og_locale":"it_IT","og_type":"article","og_title":"Feed di Facebook: aggiungi l'estensione Facebook al sito Web OpenCart","og_description":"Aggiungi un'estensione reattiva del feed di Facebook sul tuo sito Web OpenCart. Utilizza l'editor flessibile Elfsight e progetta il tuo modulo in solo 1 minuto.","og_url":"https:\/\/elfsight.com\/it\/facebook-feed-widget\/opencart\/","og_site_name":"Elfsight IT","article_modified_time":"2025-03-17T06:02:30+00:00","twitter_card":"summary_large_image","twitter_misc":{"Tempo di lettura stimato":"4 minuti"},"schema":{"@context":"https:\/\/schema.org","@graph":[{"@type":"WebPage","@id":"https:\/\/elfsight.com\/it\/facebook-feed-widget\/opencart\/","url":"https:\/\/elfsight.com\/it\/facebook-feed-widget\/opencart\/","name":"Feed di Facebook: aggiungi l'estensione Facebook al sito Web OpenCart","isPartOf":{"@id":"https:\/\/elfsight.com\/it\/#website"},"datePublished":"2024-05-03T06:35:57+00:00","dateModified":"2025-03-17T06:02:30+00:00","description":"Aggiungi un'estensione reattiva del feed di Facebook sul tuo sito Web OpenCart. Utilizza l'editor flessibile Elfsight e progetta il tuo modulo in solo 1 minuto.","breadcrumb":{"@id":"https:\/\/elfsight.com\/it\/facebook-feed-widget\/opencart\/#breadcrumb"},"inLanguage":"it-IT","potentialAction":[{"@type":"ReadAction","target":["https:\/\/elfsight.com\/it\/facebook-feed-widget\/opencart\/"]}]},{"@type":"BreadcrumbList","@id":"https:\/\/elfsight.com\/it\/facebook-feed-widget\/opencart\/#breadcrumb","itemListElement":[{"@type":"ListItem","position":1,"name":"Home","item":"https:\/\/elfsight.com\/it\/"},{"@type":"ListItem","position":2,"name":"Facebook Feed","item":"https:\/\/elfsight.com\/it\/facebook-feed-widget\/"},{"@type":"ListItem","position":3,"name":"Facebook Feed &#8211; OpenCart"}]},{"@type":"WebSite","@id":"https:\/\/elfsight.com\/it\/#website","url":"https:\/\/elfsight.com\/it\/","name":"Elfsight IT","description":"Just another Elfsight Sites site","potentialAction":[{"@type":"SearchAction","target":{"@type":"EntryPoint","urlTemplate":"https:\/\/elfsight.com\/it\/?s={search_term_string}"},"query-input":{"@type":"PropertyValueSpecification","valueRequired":true,"valueName":"search_term_string"}}],"inLanguage":"it-IT"}]}},"meta_box":{"industry":"","seo_heading":"","heading":"","description":"","cta_heading":"","cta_description":"","application":"1042","h1":"Estensione del feed di Facebook per Opencart","h1_caption":"Incorpora post dalla tua pagina Facebook per mantenere i visitatori del tuo sito web coinvolti con i tuoi ultimi aggiornamenti e notizie nel tuo sito web Opencart senza sforzo.","application_category":[],"applications_title":"","applications_request_title":"","applications_request_button_text":"","hero_text":"","hero_video":"","hero_video_schema_markup":"","selling_points_title":"","selling_points_caption":"","selling_points":[],"selling_points_cta_text":"","features_title":"","features":"","ed_cta_examples_text":"","ed_cta_examples_hidden":"","ed_cta_demo_text":"","ed_cta_demo_hidden":"","why_caption":"","why_editor_title":"","why_editor_text":"","why_team_title":"","why_team_text":"","why_service_title":"","why_service_text":"","template_catalog_visible":"0","template_catalog_title":"","template_catalog_text":"","template_catalog_categories_visible":"","demo_title":"Crea la tua estensione del feed di Facebook","demo_caption":"Configura il tuo feed Facebook e aggiungilo gratuitamente al tuo sito Web OpenCart!","default_faq_hidden":"","app_template_category":[],"platform":"41","template_public_id":"","codecanyon_url":"","codecanyon_item_id":"","codecanyon_price":"","pricing_caption":"","pricing_elfsight_apps_hide_column":"","pricing_elfsight_apps_url":"","pricing_codecanyon_price_caption":"","integration_category":[],"integration_request_title":"","integration_request_cta":"","integration_platform":"","integrations":[],"platform_category":[],"video_schema_markup":"","price":"da $ 0 al mese","trial":"","benefits":[{"text":"Servizio di installazione gratuito"},{"text":"Servizio clienti competente"},{"text":"Garanzia di rimborso di 14 giorni"},{"text":"Aggiornamenti gratuiti a vita"}],"button_url":"#demo","button_target_blank":"0","button_nofollow":"0","attributes":[{"name":"Installazioni"},{"name":"Reattivo","content":"S\u00cc"},{"name":"Browser compatibili","content":"Firefox, Safari, Opera, Chrome, Edge"}],"tags":[],"tags_disable_links":"0","hide_more_platforms":"0","video_object":"","demo_hide_cta":"0","demo_hide_cloud_options":"0","pricing_title":"","pricing":[{"pricing_icon":"platform","pricing_title":"Elfsight Apps","pricing_title_caption":"Software multipiattaforma adatto a qualsiasi sito web","pricing_price":"da $ 0 \/ mese","pricing_price_caption":"inizia con il piano gratuito","pricing_benefits":[{"text":"Siti web illimitati"},{"text":"Supporto gratuito"},{"text":"Assistenza gratuita per l'installazione"},{"text":"100% personalizzabile"}],"pricing_button_text":"Aggiungi al sito web","pricing_button_url":"#demo"}],"related_apps_title":"","related_apps_hidden":"0","author":"","image":[],"title":"","job":"","social_networks":[]},"_links":{"self":[{"href":"https:\/\/elfsight.com\/it\/wp-json\/wp\/v2\/pages\/4405","targetHints":{"allow":["GET"]}}],"collection":[{"href":"https:\/\/elfsight.com\/it\/wp-json\/wp\/v2\/pages"}],"about":[{"href":"https:\/\/elfsight.com\/it\/wp-json\/wp\/v2\/types\/page"}],"author":[{"embeddable":true,"href":"https:\/\/elfsight.com\/it\/wp-json\/wp\/v2\/users\/9"}],"replies":[{"embeddable":true,"href":"https:\/\/elfsight.com\/it\/wp-json\/wp\/v2\/comments?post=4405"}],"version-history":[{"count":3,"href":"https:\/\/elfsight.com\/it\/wp-json\/wp\/v2\/pages\/4405\/revisions"}],"predecessor-version":[{"id":8838,"href":"https:\/\/elfsight.com\/it\/wp-json\/wp\/v2\/pages\/4405\/revisions\/8838"}],"up":[{"embeddable":true,"href":"https:\/\/elfsight.com\/it\/wp-json\/wp\/v2\/pages\/1049"}],"wp:attachment":[{"href":"https:\/\/elfsight.com\/it\/wp-json\/wp\/v2\/media?parent=4405"}],"curies":[{"name":"wp","href":"https:\/\/api.w.org\/{rel}","templated":true}]}}