{"id":4404,"date":"2024-05-03T06:35:56","date_gmt":"2024-05-03T06:35:56","guid":{"rendered":"https:\/\/elfsight.com\/it\/?page_id=4404"},"modified":"2025-03-17T06:11:34","modified_gmt":"2025-03-17T06:11:34","slug":"webflow","status":"publish","type":"page","link":"https:\/\/elfsight.com\/it\/facebook-feed-widget\/webflow\/","title":{"rendered":"Facebook Feed &#8211; Webflow"},"content":{"rendered":"\n<div class=\"application-platform-content-item-description application-platform-content-item\" id=\"description\" data-nav-section=\"description\"><h2>Incorpora il feed di Facebook su Webflow con il widget Elfsight<\/h2><p>Mostra i tuoi contenuti di Facebook nel nostro potente widget: Feed di Facebook. Feed di notizie, video, immagini: puoi essere sicuro che i tuoi utenti non perderanno mai un singolo post. L&#8217;aspetto accattivante con i dettagli originali di Facebook verr\u00e0 sicuramente notato e aiuter\u00e0 non solo a trattenere i clienti attuali sul sito, ma anche a invitare nuovi abbonati a Facebook.<\/p><p><b>Fai crescere al massimo il tuo marketing sui social media livello con l&#8217;aiuto del widget Facebook di Webflow.<\/b><\/p><ul><li><b>Rafforza la fiducia nella tua azienda tra i clienti<\/b>.<br>Un&#8217;azienda che ha profili attivi nei social le reti ottengono il 72% in pi\u00f9 di fiducia tra gli utenti. Utilizza il tuo profilo Facebook sul sito per garantire ai clienti che la tua attivit\u00e0 \u00e8 vera e sicura da gestire. Trasforma i visitatori del sito web in abbonati Facebook. Crea un widget ottimale con la tua pagina e mostralo sul sito, in modo che ogni utente possa avere la possibilit\u00e0 di seguire la tua pagina.<\/li><li><b>Aumenta il livello di iscritti a Facebook sul tuo profilo<\/b> . vTrasforma i visitatori del sito web in abbonati Facebook. Crea un widget ottimale con la tua pagina e mostralo sul sito, in modo che ogni utente possa avere la possibilit\u00e0 di seguire la tua pagina.<\/li><li><b>Tutto Facebook in 1 widget<\/b>.<br> Tutti i contenuti di Facebook in un pratico widget: aggiungi post con feedback, condivisioni o tutte le reazioni disponibili; modellare raccolte di immagini e video sul sito tramite gli album di Facebook.<\/li><\/ul><\/div><div class=\"application-platform-content-item-features application-platform-content-item\" id=\"features\" data-nav-section=\"features\"><h2>Caratteristiche principali del widget Feed di Facebook<\/h2><p>4 opzioni, che rendono il nostro feed Facebook un prezioso widget per un sito web Webflow.<\/p><ul><li>2 fonti Facebook supportate: pagine, profili;<\/li><li>Mostra foto, album o entrambi; <\/li><li>Video con informazioni modificabili: descrizione, conteggio dei Mi piace, conteggio dei commenti;<\/li><li>Mostra o nascondi post;<\/li><li>Supporto premium da parte di professionisti.<\/li><\/ul><p><a href=\"#demo\">Prova tutti i vantaggi nella demo dal vivo<\/a>.<\/p><\/div><div class=\"application-platform-content-item-installation application-platform-content-item\" id=\"installation\" data-nav-section=\"installation\"><h2>Come aggiungere Facebook a Sito web Webflow<\/h2><div class=\"video-container\"><iframe width=\"560\" height=\"315\" src=\"https:\/\/www.youtube.com\/embed\/8C87jPKdYWg?si=W9tIIJQcR40Do1-H\" frameborder=\"0\" allow=\"accelerometer; autoplay; clipboard-write; encrypted-media; gyroscope; picture-in-picture; web-share\" allowfullscreen><\/iframe><\/div><p>Studia le nostre istruzioni, per completare l&#8217;inserimento del widget nel tuo sito. La realizzazione durer\u00e0 non pi\u00f9 di qualche minuto e non richiede competenze di sviluppo.<\/p><ol><li><b>Costruisci il tuo feed Facebook personalizzato<\/b>.<br> Con il nostro configuratore gratuito, genera un widget con il design e le impostazioni desiderate.<\/li><li><b>Ricevi il codice per impostare il widget<\/b>.<br> Dopo la regolazione del widget, ottieni il codice per il widget Facebook dalla finestra popup su Elfsight App.<\/li><li><b>Mostra il widget sul sito Web Webflow<\/b>.<br> Incolla il widget nella posizione richiesta del sito Web e pubblica i risultati.<\/li><li><b>L&#8217;incorporamento \u00e8 riuscito!<\/b><br> Vai al tuo sito Webflow per controllare il tuo lavoro.<\/li><\/ol><p>Vuoi un supporto pi\u00f9 completo? Studia una <a href=\"https:\/\/elfsight.com\/tutorials\/how-to-add-facebook-feed-to-webflow\/\" target=\"_blank\" rel=\"noopener noreferrer\">guida completa<\/a> oppure scrivi un&#8217;e-mail al centro assistenza Elfsight e saremo lieti di fornirti una soluzione.<\/p><\/div><div class=\"faq\" data-component=\"FAQ\"><div class=\"faq-item\">\r\n\t\t\t\t\t<div class=\"faq-item-question\">\r\n\t\t\t\t\t\t<h3 class=\"faq-item-question-text\">In che modo posso aggiungere la chat di WhatsApp al mio flusso web senza codifica?<\/h3>\r\n\r\n\t\t\t\t\t\t<div class=\"faq-item-question-icon\"><\/div>\r\n\t\t\t\t\t<\/div>\r\n\r\n\t\t\t\t\t<div class=\"faq-item-answer\">\r\n\t\t\t\t\t\t<div class=\"faq-item-answer-text\"><p>La societ\u00e0 Elfsight offre una soluzione SaaS che consente ai proprietari dei siti di creare autonomamente un plug-in di chat di WhatsApp, consultare la semplice guida: <\/p><ul><li>Vai alla pagina online Editor per creare una sezione di chat di WhatsApp che desideri venga visualizzata sul sito web Webflow.<\/li><li>Fai clic su uno dei tanti modelli predefiniti e modifica le impostazioni della chat di WhatsApp, modifica il layout e il colore degli elementi, includi i tuoi contenuti senza conoscenze di programmazione.<\/li><li>Salva la chat di WhatsApp e ottieni il suo codice per l&#8217;incorporamento, che pu\u00f2 essere facilmente incorporato gratuitamente nella home page di Webflow. <\/li><\/ul><p>Utilizzando il nostro configuratore facile da usare, ogni utente web pu\u00f2 creare una sezione di chat di WhatsApp e incorporarla facilmente nel proprio sito web Webflow. Non \u00e8 necessario sottoscrivere un abbonamento a pagamento o inviare i dati della carta per accedere all&#8217;editor. Se incontri ostacoli di qualsiasi tipo, vai avanti e parla con il nostro team di supporto.<\/p><\/div>\r\n\t\t\t\t\t<\/div>\r\n\t\t\t\t<\/div><\/div>\n","protected":false},"excerpt":{"rendered":"","protected":false},"author":9,"featured_media":0,"parent":1049,"menu_order":0,"comment_status":"closed","ping_status":"closed","template":"templates\/template-application-platform.php","meta":{"publish_to_discourse":"","publish_post_category":"","wpdc_auto_publish_overridden":"","wpdc_topic_tags":"","wpdc_pin_topic":"","wpdc_pin_until":"","discourse_post_id":"","discourse_permalink":"","wpdc_publishing_response":"","wpdc_publishing_error":"","footnotes":""},"class_list":["post-4404","page","type-page","status-publish","hentry"],"yoast_head":"<!-- This site is optimized with the Yoast SEO plugin v25.3.1 - https:\/\/yoast.com\/wordpress\/plugins\/seo\/ -->\n<title>Feed di Facebook: aggiungi il widget Facebook al sito Web Webflow<\/title>\n<meta name=\"description\" content=\"Mostra il miglior widget Feed di Facebook sul tuo sito web Webflow. Prova il nostro editor interattivo e progetta un plugin individuale in soli 2 minuti.\" \/>\n<meta name=\"robots\" content=\"index, follow, max-snippet:-1, max-image-preview:large, max-video-preview:-1\" \/>\n<link rel=\"canonical\" href=\"https:\/\/elfsight.com\/it\/facebook-feed-widget\/webflow\/\" \/>\n<meta property=\"og:locale\" content=\"it_IT\" \/>\n<meta property=\"og:type\" content=\"article\" \/>\n<meta property=\"og:title\" content=\"Feed di Facebook: aggiungi il widget Facebook al sito Web Webflow\" \/>\n<meta property=\"og:description\" content=\"Mostra il miglior widget Feed di Facebook sul tuo sito web Webflow. Prova il nostro editor interattivo e progetta un plugin individuale in soli 2 minuti.\" \/>\n<meta property=\"og:url\" content=\"https:\/\/elfsight.com\/it\/facebook-feed-widget\/webflow\/\" \/>\n<meta property=\"og:site_name\" content=\"Elfsight IT\" \/>\n<meta property=\"article:modified_time\" content=\"2025-03-17T06:11:34+00:00\" \/>\n<meta name=\"twitter:card\" content=\"summary_large_image\" \/>\n<meta name=\"twitter:label1\" content=\"Tempo di lettura stimato\" \/>\n\t<meta name=\"twitter:data1\" content=\"4 minuti\" \/>\n<!-- \/ Yoast SEO plugin. -->","yoast_head_json":{"title":"Feed di Facebook: aggiungi il widget Facebook al sito Web Webflow","description":"Mostra il miglior widget Feed di Facebook sul tuo sito web Webflow. Prova il nostro editor interattivo e progetta un plugin individuale in soli 2 minuti.","robots":{"index":"index","follow":"follow","max-snippet":"max-snippet:-1","max-image-preview":"max-image-preview:large","max-video-preview":"max-video-preview:-1"},"canonical":"https:\/\/elfsight.com\/it\/facebook-feed-widget\/webflow\/","og_locale":"it_IT","og_type":"article","og_title":"Feed di Facebook: aggiungi il widget Facebook al sito Web Webflow","og_description":"Mostra il miglior widget Feed di Facebook sul tuo sito web Webflow. Prova il nostro editor interattivo e progetta un plugin individuale in soli 2 minuti.","og_url":"https:\/\/elfsight.com\/it\/facebook-feed-widget\/webflow\/","og_site_name":"Elfsight IT","article_modified_time":"2025-03-17T06:11:34+00:00","twitter_card":"summary_large_image","twitter_misc":{"Tempo di lettura stimato":"4 minuti"},"schema":{"@context":"https:\/\/schema.org","@graph":[{"@type":"WebPage","@id":"https:\/\/elfsight.com\/it\/facebook-feed-widget\/webflow\/","url":"https:\/\/elfsight.com\/it\/facebook-feed-widget\/webflow\/","name":"Feed di Facebook: aggiungi il widget Facebook al sito Web Webflow","isPartOf":{"@id":"https:\/\/elfsight.com\/it\/#website"},"datePublished":"2024-05-03T06:35:56+00:00","dateModified":"2025-03-17T06:11:34+00:00","description":"Mostra il miglior widget Feed di Facebook sul tuo sito web Webflow. Prova il nostro editor interattivo e progetta un plugin individuale in soli 2 minuti.","breadcrumb":{"@id":"https:\/\/elfsight.com\/it\/facebook-feed-widget\/webflow\/#breadcrumb"},"inLanguage":"it-IT","potentialAction":[{"@type":"ReadAction","target":["https:\/\/elfsight.com\/it\/facebook-feed-widget\/webflow\/"]}]},{"@type":"BreadcrumbList","@id":"https:\/\/elfsight.com\/it\/facebook-feed-widget\/webflow\/#breadcrumb","itemListElement":[{"@type":"ListItem","position":1,"name":"Home","item":"https:\/\/elfsight.com\/it\/"},{"@type":"ListItem","position":2,"name":"Facebook Feed","item":"https:\/\/elfsight.com\/it\/facebook-feed-widget\/"},{"@type":"ListItem","position":3,"name":"Facebook Feed &#8211; Webflow"}]},{"@type":"WebSite","@id":"https:\/\/elfsight.com\/it\/#website","url":"https:\/\/elfsight.com\/it\/","name":"Elfsight IT","description":"Just another Elfsight Sites site","potentialAction":[{"@type":"SearchAction","target":{"@type":"EntryPoint","urlTemplate":"https:\/\/elfsight.com\/it\/?s={search_term_string}"},"query-input":{"@type":"PropertyValueSpecification","valueRequired":true,"valueName":"search_term_string"}}],"inLanguage":"it-IT"}]}},"meta_box":{"industry":"","seo_heading":"","heading":"","description":"","cta_heading":"","cta_description":"","application":"1042","h1":"Widget Feed di Facebook per Webflow","h1_caption":"Incorpora post dalla tua pagina Facebook per mantenere i visitatori del tuo sito web coinvolti con i tuoi ultimi aggiornamenti e notizie nel tuo sito web Webflow senza sforzo.","application_category":[],"applications_title":"","applications_request_title":"","applications_request_button_text":"","hero_text":"","hero_video":"","hero_video_schema_markup":"","selling_points_title":"","selling_points_caption":"","selling_points":[],"selling_points_cta_text":"","features_title":"","features":"","ed_cta_examples_text":"","ed_cta_examples_hidden":"","ed_cta_demo_text":"","ed_cta_demo_hidden":"","why_caption":"","why_editor_title":"","why_editor_text":"","why_team_title":"","why_team_text":"","why_service_title":"","why_service_text":"","template_catalog_visible":"0","template_catalog_title":"","template_catalog_text":"","template_catalog_categories_visible":"","demo_title":"Crea il tuo widget Feed di Facebook","demo_caption":"Configura il tuo feed Facebook e aggiungilo gratuitamente al tuo sito Webflow!","default_faq_hidden":"","app_template_category":[],"platform":"44","template_public_id":"","codecanyon_url":"","codecanyon_item_id":"","codecanyon_price":"","pricing_caption":"","pricing_elfsight_apps_hide_column":"","pricing_elfsight_apps_url":"","pricing_codecanyon_price_caption":"","integration_category":[],"integration_request_title":"","integration_request_cta":"","integration_platform":"","integrations":[],"platform_category":[],"video_schema_markup":"","price":"da $ 0 al mese","trial":"","benefits":[{"text":"Servizio di installazione gratuito"},{"text":"Assistenza clienti con esperienza"},{"text":"Garanzia di rimborso di 14 giorni"},{"text":"Sviluppo continuo"}],"button_url":"#demo","button_target_blank":"0","button_nofollow":"0","attributes":[{"name":"Installazioni"},{"name":"Reattivo","content":"S\u00cc"},{"name":"Browser compatibili","content":"Firefox, Safari, Opera, Chrome, Edge"}],"tags":[],"tags_disable_links":"0","hide_more_platforms":"0","video_object":"","demo_hide_cta":"0","demo_hide_cloud_options":"0","pricing_title":"","pricing":[{"pricing_icon":"platform","pricing_title":"Elfsight Apps","pricing_title_caption":"Soluzione digitale indipendente dalla piattaforma che funziona su qualsiasi sito web","pricing_price":"da $ 0 \/ mese","pricing_price_caption":"inizia con il piano gratuito","pricing_benefits":[{"text":"Numero illimitato di siti web"},{"text":"Supporto premium"},{"text":"Servizio di installazione gratuito"},{"text":"Offerta speciale per pi\u00f9 app"}],"pricing_button_text":"Aggiungi al sito web","pricing_button_url":"#demo"}],"related_apps_title":"","related_apps_hidden":"0","author":"","image":[],"title":"","job":"","social_networks":[]},"_links":{"self":[{"href":"https:\/\/elfsight.com\/it\/wp-json\/wp\/v2\/pages\/4404","targetHints":{"allow":["GET"]}}],"collection":[{"href":"https:\/\/elfsight.com\/it\/wp-json\/wp\/v2\/pages"}],"about":[{"href":"https:\/\/elfsight.com\/it\/wp-json\/wp\/v2\/types\/page"}],"author":[{"embeddable":true,"href":"https:\/\/elfsight.com\/it\/wp-json\/wp\/v2\/users\/9"}],"replies":[{"embeddable":true,"href":"https:\/\/elfsight.com\/it\/wp-json\/wp\/v2\/comments?post=4404"}],"version-history":[{"count":4,"href":"https:\/\/elfsight.com\/it\/wp-json\/wp\/v2\/pages\/4404\/revisions"}],"predecessor-version":[{"id":8844,"href":"https:\/\/elfsight.com\/it\/wp-json\/wp\/v2\/pages\/4404\/revisions\/8844"}],"up":[{"embeddable":true,"href":"https:\/\/elfsight.com\/it\/wp-json\/wp\/v2\/pages\/1049"}],"wp:attachment":[{"href":"https:\/\/elfsight.com\/it\/wp-json\/wp\/v2\/media?parent=4404"}],"curies":[{"name":"wp","href":"https:\/\/api.w.org\/{rel}","templated":true}]}}