{"id":4403,"date":"2024-05-03T06:35:55","date_gmt":"2024-05-03T06:35:55","guid":{"rendered":"https:\/\/elfsight.com\/it\/?page_id=4403"},"modified":"2025-03-17T06:14:55","modified_gmt":"2025-03-17T06:14:55","slug":"webnode","status":"publish","type":"page","link":"https:\/\/elfsight.com\/it\/facebook-feed-widget\/webnode\/","title":{"rendered":"Facebook Feed &#8211; Webnode"},"content":{"rendered":"\n<div class=\"application-platform-content-item-description application-platform-content-item\" id=\"description\" data-nav-section=\"description\"><h2>Descrizione<\/h2><p>Mostra i tuoi contenuti di Facebook nel nostro widget avanzato: Feed di Facebook. Post, video, foto: non dubitare mai che i tuoi lettori vedranno ogni tuo singolo messaggio. L&#8217;interfaccia attraente con i componenti originali di Facebook non passer\u00e0 inosservata e ti dar\u00e0 l&#8217;opportunit\u00e0 non solo di trattenere i clienti attuali sul sito, ma anche di invitare nuovi abbonati Facebook.<\/p><p><b>Aumenta il coinvolgimento dei tuoi clienti fino al fase pi\u00f9 alta supportata dal widget Facebook di Webnode.<\/b><\/p><ul><li><b>Rafforza la credibilit\u00e0 dei tuoi lettori presso la tua azienda<\/b>. Un brand che ha conti correnti sui social network ha il 78% in pi\u00f9 di fiducia tra gli utenti. Utilizza i tuoi contenuti Facebook sul sito web per rassicurare i lettori che la tua attivit\u00e0 \u00e8 reale e affidabile.<\/li><li><b>Pubblicizza il tuo account Facebook<\/b>. Mostra foto e video di Facebook non solo agli utenti dei social media, ma allo stesso tempo per coinvolgere i lettori del sito web sul tuo profilo Facebook. Utilizza feed o video evidenti per iniziare subito a raccogliere nuovi iscritti!<\/li><li><b>1 widget di Facebook funge da 3<\/b>. Tutti i dati di Facebook in un unico widget: visualizza post con commenti, condivisioni o altre reazioni; Genera gallerie di immagini e video sul sito tramite gli album di Facebook.<\/li><\/ul><\/div><div class=\"application-platform-content-item-features application-platform-content-item\" id=\"features\" data-nav-section=\"features\"><h2>Caratteristiche<\/h2><p>Un paio di vantaggi, che trasforma il nostro feed Facebook in un widget essenziale per un sito Webnode.<\/p><ul><li>3 tipi visualizzabili di contenuti Facebook: post, video e foto con album;<\/li><li>Intestazione personalizzabile con elementi: immagine di copertina, azioni, immagine della pagina, conteggio dei Mi piace;<\/li><li>Larghezza e altezza regolabili;<\/li><li>Limite di post variabili;<\/li><li>Servizio di installazione gratuito.<\/li> <\/ul><p><a href=\"#demo\">Prova tutte le funzionalit\u00e0 nella demo dal vivo<\/a>.<\/p><\/div><div class=\"application-platform-content-item-installation application-platform-content-item\" id=\"installation\" data-nav-section=\"installation\"><h2>Come aggiungere Da Facebook al sito Webnode<\/h2><p>Segui le nostre istruzioni per eseguire l&#8217;installazione. Questo durer\u00e0 non pi\u00f9 di 1 minuto e non richiede conoscenze di programmazione.<\/p><ol><li><b>Costruisci il tuo feed Facebook personale<\/b>.<br>Con il nostro configuratore gratuito, un plugin con l&#8217;aspetto e le funzionalit\u00e0 necessarie per te.<\/li><li><b>Acquisisci il codice per incorporare il plugin<\/b>.<br>Dopo aver generato il widget, acquisisci il codice per il plugin Facebook dalla notifica popup sulle app Elfsight.<\/li><li><b>Visualizza il plugin sul sito Webnode<\/b>.<br>Inserisci il plugin nel punto richiesto del sito web e applica le modifiche.<\/li><li><b> Hai finito!<\/b><br>Visita il tuo sito web, per controllare il tuo lavoro.<\/li><\/ol><p>Hai bisogno di un supporto pi\u00f9 approfondito? Consulta un <a href=\"https:\/\/elfsight.com\/tutorials\/how-to-add-facebook-feed-to-webnode\/\" target=\"_blank\" rel=\"noopener noreferrer\">articolo completo<\/a> oppure contatta la nostra assistenza clienti e saremo felici di trovare una risposta.<\/p><\/div><div class=\"faq\" data-component=\"FAQ\"><div class=\"faq-item\">\r\n\t\t\t\t\t<div class=\"faq-item-question\">\r\n\t\t\t\t\t\t<h3 class=\"faq-item-question-text\">Come posso incorporare WhatsApp Chatta con la mia home page Webnode senza alcuna conoscenza di programmazione?<\/h3>\r\n\r\n\t\t\t\t\t\t<div class=\"faq-item-question-icon\"><\/div>\r\n\t\t\t\t\t<\/div>\r\n\r\n\t\t\t\t\t<div class=\"faq-item-answer\">\r\n\t\t\t\t\t\t<div class=\"faq-item-answer-text\"><p>L&#8217;azienda Elfsight presenta una soluzione SaaS che consente a un vasto pubblico di generare tu stesso un widget di chat WhatsApp, scopri le semplici istruzioni: <\/p><ul><li>Inizia a lavorare direttamente nella demo live per generare un plugin di chat di WhatsApp che desideri includere sul tuo sito Webnode.<\/li><li>Scegli uno dei nostri modelli gi\u00e0 pronti e modifica le impostazioni della chat di WhatsApp, cambia il layout e la combinazione di colori, aggiorna i tuoi contenuti senza codifica.<\/li><li>Fai clic per salvare la chat di WhatsApp e ottenere il codice del widget per l&#8217;installazione, che potrai includere facilmente e gratuitamente in qualsiasi pagina web Webnode. <\/li><\/ul><p>Con l&#8217;aiuto del nostro configuratore intuitivo, qualsiasi utente di Internet pu\u00f2 configurare il plug-in di chat di WhatsApp e includerlo facilmente in qualsiasi sito Webnode. Non \u00e8 necessario pagare o inviare i dati della tua carta per accedere al servizio Elfsight. Se riscontri problemi di qualsiasi tipo, non esitare a contattare il nostro team di supporto.<\/p><\/div>\r\n\t\t\t\t\t<\/div>\r\n\t\t\t\t<\/div><\/div>\n","protected":false},"excerpt":{"rendered":"","protected":false},"author":9,"featured_media":0,"parent":1049,"menu_order":0,"comment_status":"closed","ping_status":"closed","template":"templates\/template-application-platform.php","meta":{"publish_to_discourse":"","publish_post_category":"","wpdc_auto_publish_overridden":"","wpdc_topic_tags":"","wpdc_pin_topic":"","wpdc_pin_until":"","discourse_post_id":"","discourse_permalink":"","wpdc_publishing_response":"","wpdc_publishing_error":"","footnotes":""},"class_list":["post-4403","page","type-page","status-publish","hentry"],"yoast_head":"<!-- This site is optimized with the Yoast SEO plugin v25.3.1 - https:\/\/yoast.com\/wordpress\/plugins\/seo\/ -->\n<title>Feed Facebook - Aggiungi il widget Facebook al sito Webnode<\/title>\n<meta name=\"description\" content=\"Integra un widget responsivo del feed di Facebook sul tuo sito Webnode. Prova l&#039;editor flessibile Elfsight e costruisci il tuo plugin personale in soli 3 minuti.\" \/>\n<meta name=\"robots\" content=\"index, follow, max-snippet:-1, max-image-preview:large, max-video-preview:-1\" \/>\n<link rel=\"canonical\" href=\"https:\/\/elfsight.com\/it\/facebook-feed-widget\/webnode\/\" \/>\n<meta property=\"og:locale\" content=\"it_IT\" \/>\n<meta property=\"og:type\" content=\"article\" \/>\n<meta property=\"og:title\" content=\"Feed Facebook - Aggiungi il widget Facebook al sito Webnode\" \/>\n<meta property=\"og:description\" content=\"Integra un widget responsivo del feed di Facebook sul tuo sito Webnode. Prova l&#039;editor flessibile Elfsight e costruisci il tuo plugin personale in soli 3 minuti.\" \/>\n<meta property=\"og:url\" content=\"https:\/\/elfsight.com\/it\/facebook-feed-widget\/webnode\/\" \/>\n<meta property=\"og:site_name\" content=\"Elfsight IT\" \/>\n<meta property=\"article:modified_time\" content=\"2025-03-17T06:14:55+00:00\" \/>\n<meta name=\"twitter:card\" content=\"summary_large_image\" \/>\n<meta name=\"twitter:label1\" content=\"Tempo di lettura stimato\" \/>\n\t<meta name=\"twitter:data1\" content=\"4 minuti\" \/>\n<!-- \/ Yoast SEO plugin. -->","yoast_head_json":{"title":"Feed Facebook - Aggiungi il widget Facebook al sito Webnode","description":"Integra un widget responsivo del feed di Facebook sul tuo sito Webnode. Prova l'editor flessibile Elfsight e costruisci il tuo plugin personale in soli 3 minuti.","robots":{"index":"index","follow":"follow","max-snippet":"max-snippet:-1","max-image-preview":"max-image-preview:large","max-video-preview":"max-video-preview:-1"},"canonical":"https:\/\/elfsight.com\/it\/facebook-feed-widget\/webnode\/","og_locale":"it_IT","og_type":"article","og_title":"Feed Facebook - Aggiungi il widget Facebook al sito Webnode","og_description":"Integra un widget responsivo del feed di Facebook sul tuo sito Webnode. Prova l'editor flessibile Elfsight e costruisci il tuo plugin personale in soli 3 minuti.","og_url":"https:\/\/elfsight.com\/it\/facebook-feed-widget\/webnode\/","og_site_name":"Elfsight IT","article_modified_time":"2025-03-17T06:14:55+00:00","twitter_card":"summary_large_image","twitter_misc":{"Tempo di lettura stimato":"4 minuti"},"schema":{"@context":"https:\/\/schema.org","@graph":[{"@type":"WebPage","@id":"https:\/\/elfsight.com\/it\/facebook-feed-widget\/webnode\/","url":"https:\/\/elfsight.com\/it\/facebook-feed-widget\/webnode\/","name":"Feed Facebook - Aggiungi il widget Facebook al sito Webnode","isPartOf":{"@id":"https:\/\/elfsight.com\/it\/#website"},"datePublished":"2024-05-03T06:35:55+00:00","dateModified":"2025-03-17T06:14:55+00:00","description":"Integra un widget responsivo del feed di Facebook sul tuo sito Webnode. Prova l'editor flessibile Elfsight e costruisci il tuo plugin personale in soli 3 minuti.","breadcrumb":{"@id":"https:\/\/elfsight.com\/it\/facebook-feed-widget\/webnode\/#breadcrumb"},"inLanguage":"it-IT","potentialAction":[{"@type":"ReadAction","target":["https:\/\/elfsight.com\/it\/facebook-feed-widget\/webnode\/"]}]},{"@type":"BreadcrumbList","@id":"https:\/\/elfsight.com\/it\/facebook-feed-widget\/webnode\/#breadcrumb","itemListElement":[{"@type":"ListItem","position":1,"name":"Home","item":"https:\/\/elfsight.com\/it\/"},{"@type":"ListItem","position":2,"name":"Facebook Feed","item":"https:\/\/elfsight.com\/it\/facebook-feed-widget\/"},{"@type":"ListItem","position":3,"name":"Facebook Feed &#8211; Webnode"}]},{"@type":"WebSite","@id":"https:\/\/elfsight.com\/it\/#website","url":"https:\/\/elfsight.com\/it\/","name":"Elfsight IT","description":"Just another Elfsight Sites site","potentialAction":[{"@type":"SearchAction","target":{"@type":"EntryPoint","urlTemplate":"https:\/\/elfsight.com\/it\/?s={search_term_string}"},"query-input":{"@type":"PropertyValueSpecification","valueRequired":true,"valueName":"search_term_string"}}],"inLanguage":"it-IT"}]}},"meta_box":{"industry":"","seo_heading":"","heading":"","description":"","cta_heading":"","cta_description":"","application":"1042","h1":"Widget Feed Facebook per Webnode","h1_caption":"Incorpora post dalla tua pagina Facebook per mantenere i visitatori del tuo sito web coinvolti con i tuoi ultimi aggiornamenti e notizie nel tuo sito Webnode senza sforzo.","application_category":[],"applications_title":"","applications_request_title":"","applications_request_button_text":"","hero_text":"","hero_video":"","hero_video_schema_markup":"","selling_points_title":"","selling_points_caption":"","selling_points":[],"selling_points_cta_text":"","features_title":"","features":"","ed_cta_examples_text":"","ed_cta_examples_hidden":"","ed_cta_demo_text":"","ed_cta_demo_hidden":"","why_caption":"","why_editor_title":"","why_editor_text":"","why_team_title":"","why_team_text":"","why_service_title":"","why_service_text":"","template_catalog_visible":"0","template_catalog_title":"","template_catalog_text":"","template_catalog_categories_visible":"","demo_title":"Crea il tuo widget Feed di Facebook","demo_caption":"Configura il tuo feed Facebook e aggiungilo gratuitamente al tuo sito Webnode!","default_faq_hidden":"","app_template_category":[],"platform":"47","template_public_id":"","codecanyon_url":"","codecanyon_item_id":"","codecanyon_price":"","pricing_caption":"","pricing_elfsight_apps_hide_column":"","pricing_elfsight_apps_url":"","pricing_codecanyon_price_caption":"","integration_category":[],"integration_request_title":"","integration_request_cta":"","integration_platform":"","integrations":[],"platform_category":[],"video_schema_markup":"","price":"da $ 0 al mese","trial":"","benefits":[{"text":"Assistenza gratuita per l'installazione"},{"text":"Supporto eccezionale"},{"text":"Garanzia di rimborso di 14 giorni"},{"text":"Miglioramenti gratuiti regolari"}],"button_url":"#demo","button_target_blank":"0","button_nofollow":"0","attributes":[{"name":"Installazioni"},{"name":"Reattivo","content":"S\u00cc"},{"name":"Browser compatibili","content":"Chrome, Firefox, Edge, Safari, Opera"}],"tags":[],"tags_disable_links":"0","hide_more_platforms":"0","video_object":"","demo_hide_cta":"0","demo_hide_cloud_options":"0","pricing_title":"","pricing":[{"pricing_icon":"platform","pricing_title":"Elfsight Apps","pricing_title_caption":"Soluzione multipiattaforma","pricing_price":"da $ 0 \/ mese","pricing_price_caption":"inizia con il piano gratuito","pricing_benefits":[{"text":"Siti web illimitati"},{"text":"Assistenza clienti gratuita e ben documentata"},{"text":"Supporto gratuito per l'installazione"},{"text":"Prezzo da prendere per pi\u00f9 app"}],"pricing_button_text":"Aggiungi al sito web","pricing_button_url":"#demo"}],"related_apps_title":"","related_apps_hidden":"0","author":"","image":[],"title":"","job":"","social_networks":[]},"_links":{"self":[{"href":"https:\/\/elfsight.com\/it\/wp-json\/wp\/v2\/pages\/4403","targetHints":{"allow":["GET"]}}],"collection":[{"href":"https:\/\/elfsight.com\/it\/wp-json\/wp\/v2\/pages"}],"about":[{"href":"https:\/\/elfsight.com\/it\/wp-json\/wp\/v2\/types\/page"}],"author":[{"embeddable":true,"href":"https:\/\/elfsight.com\/it\/wp-json\/wp\/v2\/users\/9"}],"replies":[{"embeddable":true,"href":"https:\/\/elfsight.com\/it\/wp-json\/wp\/v2\/comments?post=4403"}],"version-history":[{"count":2,"href":"https:\/\/elfsight.com\/it\/wp-json\/wp\/v2\/pages\/4403\/revisions"}],"predecessor-version":[{"id":8846,"href":"https:\/\/elfsight.com\/it\/wp-json\/wp\/v2\/pages\/4403\/revisions\/8846"}],"up":[{"embeddable":true,"href":"https:\/\/elfsight.com\/it\/wp-json\/wp\/v2\/pages\/1049"}],"wp:attachment":[{"href":"https:\/\/elfsight.com\/it\/wp-json\/wp\/v2\/media?parent=4403"}],"curies":[{"name":"wp","href":"https:\/\/api.w.org\/{rel}","templated":true}]}}