{"id":4397,"date":"2024-05-03T06:35:53","date_gmt":"2024-05-03T06:35:53","guid":{"rendered":"https:\/\/elfsight.com\/it\/?page_id=4397"},"modified":"2025-12-08T16:34:57","modified_gmt":"2025-12-08T16:34:57","slug":"wix","status":"publish","type":"page","link":"https:\/\/elfsight.com\/it\/facebook-feed-widget\/wix\/","title":{"rendered":"Facebook Feed &#8211; Wix"},"content":{"rendered":"\n<div class=\"application-platform-content-item-description application-platform-content-item\" id=\"description\" data-nav-section=\"description\"><\/p><h2>Descrizione<\/h2><p>Mostra la tua pagina Facebook nella nostra app avanzata \u2013 Facebook Feed. Pagine, video, foto: puoi essere sicuro che i tuoi visitatori non perderanno mai un singolo post. Un look accattivante con elementi reali di Facebook non pu\u00f2 passare inosservato e contribuir\u00e0 non solo a mantenere i lettori attuali sul sito web, ma anche a coinvolgere nuovi abbonati Facebook.<\/p><p><b>Aumenta il coinvolgimento dei clienti a un livello completamente nuovo livello con l&#8217;aiuto dell&#8217;app Wix Facebook.<\/b><\/p><ul><li><b>Crea un&#8217;immagine forte del tuo marchio tra gli utenti<\/b>.<br>Un&#8217;azienda che gestisce account attivi nei social network ha il 78% in pi\u00f9 di fiducia tra i lettori. Utilizza la tua pagina Facebook sul sito per garantire agli utenti che la tua attivit\u00e0 \u00e8 reale e sicura da gestire.<\/li><li><b>Aumenta il numero di abbonati Facebook sulla tua pagina<\/b>.<br> Trasforma i visitatori del sito web in abbonati Facebook. Crea un&#8217;app efficace con il tuo profilo e dimostrala sul sito, in modo che ogni utente possa avere la possibilit\u00e0 di iscriversi alla tua pagina.<\/li><li><b>1 widget Facebook invece di 3<\/b>.<br>Tutti i contenuti di Facebook in un pratico widget: visualizza le pubblicazioni con commenti, condivisioni o tutte le reazioni disponibili; generare gallerie di immagini e video sul sito web dal contenuto dei tuoi album Facebook.<\/li><\/ul><div class=\"faq\" data-component=\"FAQ\"> <div class=\"faq-item\">\r\n\t\t\t\t\t<div class=\"faq-item-question\">\r\n\t\t\t\t\t\t<h3 class=\"faq-item-question-text\">Ci sono altri strumenti per Wix che posso incorporare nel mio sito? <\/h3>\r\n\r\n\t\t\t\t\t\t<div class=\"faq-item-question-icon\"><\/div>\r\n\t\t\t\t\t<\/div>\r\n\r\n\t\t\t\t\t<div class=\"faq-item-answer\">\r\n\t\t\t\t\t\t<div class=\"faq-item-answer-text\"> <p>Sei libero di testare tantissimi widget per qualsiasi scopo sul tuo sito web, indipendentemente dal tuo ambito di attivit\u00e0. Controlla alcune delle app pi\u00f9 interessanti: <a href=\"https:\/\/elfsight.com\/pdf-embed-widget\/wix\/\">PDF Embed<\/a>, <a href=\"https:\/\/elfsight.com\/instagram-feed-instashow\/wix\/\">Feed di Instagram<\/a>, <a href=\"https:\/\/elfsight.com\/google-reviews-widget\/wix\/\">Recensioni di Google<\/a>, <a href=\"https:\/\/elfsight.com\/whatsapp-chat-widget\/wix\/\">Chat di WhatsApp<\/a>, <a href=\"https:\/\/elfsight.com\/popup-widget\/wix\/\">Popup<\/a>.<\/p> <\/div>\r\n\t\t\t\t\t<\/div>\r\n\t\t\t\t<\/div> <div class=\"faq-item\">\r\n\t\t\t\t\t<div class=\"faq-item-question\">\r\n\t\t\t\t\t\t<h3 class=\"faq-item-question-text\">In che modo posso aggiungere il widget Feed di Facebook al mio sito? <\/h3>\r\n\r\n\t\t\t\t\t\t<div class=\"faq-item-question-icon\"><\/div>\r\n\t\t\t\t\t<\/div>\r\n\r\n\t\t\t\t\t<div class=\"faq-item-answer\">\r\n\t\t\t\t\t\t<div class=\"faq-item-answer-text\"> <p>Puoi incorporare facilmente il widget Feed di Facebook nel tuo sito web per dimostrarlo le tue immagini e i tuoi post pi\u00f9 interessanti. Basta andare al pannello di amministrazione e seguire questi passaggi: <\/p><ol><li>Seleziona le impostazioni del tema. <\/li><li>Trova la parte in cui vuoi implementare il Feed di Facebook. <\/li><li>Incorpora il tuo codice dalle app Elfsight e salva le modifiche. <\/li><li>Fatto. <\/li><\/ol><p><a href=\"https:\/\/elfsight.com\/tutorials\/how-to-add-facebook-feed-to-any-website\/#wix-facebook-feed\"> Qui<\/a> troverai qualche dettaglio in pi\u00f9 sul funzionamento del widget.<\/p><\/div>\r\n\t\t\t\t\t<\/div>\r\n\t\t\t\t<\/div> <div class=\"faq-item\">\r\n\t\t\t\t\t<div class=\"faq-item-question\">\r\n\t\t\t\t\t\t<h3 class=\"faq-item-question-text\">Esiste un modo per vedere il tuo widget Wix Facebook Feed quando \u00e8 in uso? <\/h3>\r\n\r\n\t\t\t\t\t\t<div class=\"faq-item-question-icon\"><\/div>\r\n\t\t\t\t\t<\/div>\r\n\r\n\t\t\t\t\t<div class=\"faq-item-answer\">\r\n\t\t\t\t\t\t<div class=\"faq-item-answer-text\"> <p>Tu puoi osservare facilmente tutte le caratteristiche funzionali del widget nella nostra <a href=\"https:\/\/elfsight.com\/facebook-feed-widget\/#demo\">demo<\/a> attiva. Tieni presente che puoi anche usarlo per aggiungere il widget del feed di Facebook al tuo sito web!<\/p> <\/div>\r\n\t\t\t\t\t<\/div>\r\n\t\t\t\t<\/div> <\/div><\/div><div class=\"application-platform-content-item-features application-platform-content-item\" id=\"features\" data-nav-section=\"features\"><h2>Funzionalit\u00e0<\/h2><p>Vantaggi chiave, che trasformano il nostro feed Facebook in un&#8217;app preziosa per un sito Web Wix.<\/p><ul><li>3 tipi visualizzabili di contenuti Facebook: post, video e foto con album;<\/li><li>Mostra foto, album o entrambi;<\/li><li>Larghezza e altezza regolabili;<\/li><li>Mostra o nascondi menu;<\/li><li>Tempo di cache regolabile.<\/li> <\/ul><p><a href=\"#demo\">Prova tutte le funzionalit\u00e0 nella demo dal vivo<\/a><\/p><\/div><div class=\"application-platform-content-item-installation application-platform-content-item\" id=\"installation\" data-nav-section=\"installation\"><h2>Come aggiungere Facebook app al sito web Wix<\/h2><div class=\"video-container\">\n<iframe width=\"720\" height=\"405\" src=\"https:\/\/www.youtube.com\/embed\/KsF2KvlSQfE?si=8dNmlWyGobzNRQbT\" frameborder=\"0\" allowfullscreen=\"\"><\/iframe>\n<\/div><p>Segui il nostro manuale per finire con l&#8217;aggiunta. L&#8217;adempimento non richieder\u00e0 pi\u00f9 di un minuto e non richiede abilit\u00e0 di programmazione.<\/p><ol><li><b>Acquista il widget su Wix Market<\/b>.<br><a href=\"https:\/\/www.wix.com\/app-market\/facebook-feed-1\/overview\" target=\"_blank\" rel=\"noopener noreferrer\">Apri la pagina<\/a> con l&#8217;app Facebook Feed e premi \u00abAggiungi a Sito\u00bb.<\/li><li><b>Inserisci il widget nel sito<\/b>.<br>Nella finestra pop-up, vai su \u00abApri Editor\u00bb e posiziona il widget su qualsiasi pagina.<\/li><li><b>Configura il tuo widget<\/b>.<br>Apporta le modifiche necessarie ai parametri dell&#8217;interfaccia e aggiungi i dati per la visualizzazione. Applica tutte le modifiche.<\/li><li><b>Hai completato con successo l&#8217;installazione<\/b>.<br>Visita il sito web Wix per vedere il tuo widget Facebook<\/li><\/ol><p>Vuoi hai bisogno di un aiuto pi\u00f9 approfondito? Studia un <a href=\"https:\/\/elfsight.com\/tutorials\/how-to-add-facebook-feed-to-wix\/\" target=\"_blank\" rel=\"noopener noreferrer\">tutorial completo<\/a> oppure contatta l&#8217;assistenza clienti Elfsight e saremo felici di trovare una soluzione.<\/p><\/div>\n","protected":false},"excerpt":{"rendered":"","protected":false},"author":9,"featured_media":0,"parent":1049,"menu_order":0,"comment_status":"closed","ping_status":"closed","template":"templates\/template-application-platform.php","meta":{"publish_to_discourse":"","publish_post_category":"","wpdc_auto_publish_overridden":"","wpdc_topic_tags":"","wpdc_pin_topic":"","wpdc_pin_until":"","discourse_post_id":"","discourse_permalink":"","wpdc_publishing_response":"","wpdc_publishing_error":"","footnotes":""},"class_list":["post-4397","page","type-page","status-publish","hentry"],"yoast_head":"<!-- This site is optimized with the Yoast SEO plugin v25.3.1 - https:\/\/yoast.com\/wordpress\/plugins\/seo\/ -->\n<title>Feed di Facebook: aggiungi l&#039;app Facebook al sito web Wix<\/title>\n<meta name=\"description\" content=\"Integra un&#039;app Facebook Feed reattiva sul tuo sito web Wix. Prova la demo interattiva di Elfsight e configura un widget personalizzato in solo 1 minuto.\" \/>\n<meta name=\"robots\" content=\"index, follow, max-snippet:-1, max-image-preview:large, max-video-preview:-1\" \/>\n<link rel=\"canonical\" href=\"https:\/\/elfsight.com\/it\/facebook-feed-widget\/wix\/\" \/>\n<meta property=\"og:locale\" content=\"it_IT\" \/>\n<meta property=\"og:type\" content=\"article\" \/>\n<meta property=\"og:title\" content=\"Feed di Facebook: aggiungi l&#039;app Facebook al sito web Wix\" \/>\n<meta property=\"og:description\" content=\"Integra un&#039;app Facebook Feed reattiva sul tuo sito web Wix. Prova la demo interattiva di Elfsight e configura un widget personalizzato in solo 1 minuto.\" \/>\n<meta property=\"og:url\" content=\"https:\/\/elfsight.com\/it\/facebook-feed-widget\/wix\/\" \/>\n<meta property=\"og:site_name\" content=\"Elfsight IT\" \/>\n<meta property=\"article:modified_time\" content=\"2025-12-08T16:34:57+00:00\" \/>\n<meta name=\"twitter:card\" content=\"summary_large_image\" \/>\n<meta name=\"twitter:label1\" content=\"Tempo di lettura stimato\" \/>\n\t<meta name=\"twitter:data1\" content=\"4 minuti\" \/>\n<!-- \/ Yoast SEO plugin. -->","yoast_head_json":{"title":"Feed di Facebook: aggiungi l'app Facebook al sito web Wix","description":"Integra un'app Facebook Feed reattiva sul tuo sito web Wix. Prova la demo interattiva di Elfsight e configura un widget personalizzato in solo 1 minuto.","robots":{"index":"index","follow":"follow","max-snippet":"max-snippet:-1","max-image-preview":"max-image-preview:large","max-video-preview":"max-video-preview:-1"},"canonical":"https:\/\/elfsight.com\/it\/facebook-feed-widget\/wix\/","og_locale":"it_IT","og_type":"article","og_title":"Feed di Facebook: aggiungi l'app Facebook al sito web Wix","og_description":"Integra un'app Facebook Feed reattiva sul tuo sito web Wix. Prova la demo interattiva di Elfsight e configura un widget personalizzato in solo 1 minuto.","og_url":"https:\/\/elfsight.com\/it\/facebook-feed-widget\/wix\/","og_site_name":"Elfsight IT","article_modified_time":"2025-12-08T16:34:57+00:00","twitter_card":"summary_large_image","twitter_misc":{"Tempo di lettura stimato":"4 minuti"},"schema":{"@context":"https:\/\/schema.org","@graph":[{"@type":"WebPage","@id":"https:\/\/elfsight.com\/it\/facebook-feed-widget\/wix\/","url":"https:\/\/elfsight.com\/it\/facebook-feed-widget\/wix\/","name":"Feed di Facebook: aggiungi l'app Facebook al sito web Wix","isPartOf":{"@id":"https:\/\/elfsight.com\/it\/#website"},"datePublished":"2024-05-03T06:35:53+00:00","dateModified":"2025-12-08T16:34:57+00:00","description":"Integra un'app Facebook Feed reattiva sul tuo sito web Wix. Prova la demo interattiva di Elfsight e configura un widget personalizzato in solo 1 minuto.","breadcrumb":{"@id":"https:\/\/elfsight.com\/it\/facebook-feed-widget\/wix\/#breadcrumb"},"inLanguage":"it-IT","potentialAction":[{"@type":"ReadAction","target":["https:\/\/elfsight.com\/it\/facebook-feed-widget\/wix\/"]}]},{"@type":"BreadcrumbList","@id":"https:\/\/elfsight.com\/it\/facebook-feed-widget\/wix\/#breadcrumb","itemListElement":[{"@type":"ListItem","position":1,"name":"Home","item":"https:\/\/elfsight.com\/it\/"},{"@type":"ListItem","position":2,"name":"Facebook Feed","item":"https:\/\/elfsight.com\/it\/facebook-feed-widget\/"},{"@type":"ListItem","position":3,"name":"Facebook Feed &#8211; Wix"}]},{"@type":"WebSite","@id":"https:\/\/elfsight.com\/it\/#website","url":"https:\/\/elfsight.com\/it\/","name":"Elfsight IT","description":"Just another Elfsight Sites site","potentialAction":[{"@type":"SearchAction","target":{"@type":"EntryPoint","urlTemplate":"https:\/\/elfsight.com\/it\/?s={search_term_string}"},"query-input":{"@type":"PropertyValueSpecification","valueRequired":true,"valueName":"search_term_string"}}],"inLanguage":"it-IT"}]}},"meta_box":{"industry":"","seo_heading":"","heading":"","description":"","cta_heading":"","cta_description":"","application":"1042","h1":"App Feed di Facebook per Wix","h1_caption":"Incorpora post dalla tua pagina Facebook per mantenere i visitatori del tuo sito web coinvolti con i tuoi ultimi aggiornamenti e notizie nel tuo sito Wix senza sforzo.","application_category":[],"applications_title":"","applications_request_title":"","applications_request_button_text":"","hero_text":"","hero_video":"","hero_video_schema_markup":"","selling_points_title":"","selling_points_caption":"","selling_points":[],"selling_points_cta_text":"","features_title":"","features":"","ed_cta_examples_text":"","ed_cta_examples_hidden":"","ed_cta_demo_text":"","ed_cta_demo_hidden":"","why_caption":"","why_editor_title":"","why_editor_text":"","why_team_title":"","why_team_text":"","why_service_title":"","why_service_text":"","template_catalog_visible":"0","template_catalog_title":"","template_catalog_text":"","template_catalog_categories_visible":"","demo_title":"Crea la tua app Feed di Facebook","demo_caption":"Configura il tuo feed Facebook e aggiungilo gratuitamente al tuo sito Wix!","default_faq_hidden":"","app_template_category":[],"platform":"29","template_public_id":"","codecanyon_url":"","codecanyon_item_id":"","codecanyon_price":"","pricing_caption":"","pricing_elfsight_apps_hide_column":"","pricing_elfsight_apps_url":"","pricing_codecanyon_price_caption":"","integration_category":[],"integration_request_title":"","integration_request_cta":"","integration_platform":"","integrations":[],"platform_category":[],"video_schema_markup":"","price":"da $ 0 \/ mese","trial":"","benefits":[{"text":"Aiuto per l'installazione gratuito"},{"text":"Servizio clienti competente"},{"text":"Garanzia di rimborso di 14 giorni"},{"text":"Aggiornamenti continui"}],"button_url":"#demo","button_target_blank":"0","button_nofollow":"0","attributes":[{"name":"Installazioni"},{"name":"Reattivo","content":"S\u00cc"},{"name":"Browser compatibili","content":"Firefox, Safari, Opera, Chrome, Edge"}],"tags":[],"tags_disable_links":"0","hide_more_platforms":"0","video_object":"","demo_hide_cta":"0","demo_hide_cloud_options":"0","pricing_title":"","pricing":[{"pricing_icon":"cloud","pricing_title":"Elfsight Apps","pricing_title_caption":"Soluzione digitale multipiattaforma","pricing_price":"da $ 0 \/ mese","pricing_price_caption":"Inizia con il piano gratuito","pricing_benefits":[{"text":"Numero illimitato di siti web"},{"text":"Assistenza clienti dedicata"},{"text":"Assistenza gratuita per l'installazione"},{"text":"Prezzo speciale per pi\u00f9 app"}],"pricing_button_text":"Aggiungi al sito web","pricing_button_url":"#demo"}],"related_apps_title":"","related_apps_hidden":"0","author":"","image":[],"title":"","job":"","social_networks":[]},"_links":{"self":[{"href":"https:\/\/elfsight.com\/it\/wp-json\/wp\/v2\/pages\/4397","targetHints":{"allow":["GET"]}}],"collection":[{"href":"https:\/\/elfsight.com\/it\/wp-json\/wp\/v2\/pages"}],"about":[{"href":"https:\/\/elfsight.com\/it\/wp-json\/wp\/v2\/types\/page"}],"author":[{"embeddable":true,"href":"https:\/\/elfsight.com\/it\/wp-json\/wp\/v2\/users\/9"}],"replies":[{"embeddable":true,"href":"https:\/\/elfsight.com\/it\/wp-json\/wp\/v2\/comments?post=4397"}],"version-history":[{"count":5,"href":"https:\/\/elfsight.com\/it\/wp-json\/wp\/v2\/pages\/4397\/revisions"}],"predecessor-version":[{"id":10564,"href":"https:\/\/elfsight.com\/it\/wp-json\/wp\/v2\/pages\/4397\/revisions\/10564"}],"up":[{"embeddable":true,"href":"https:\/\/elfsight.com\/it\/wp-json\/wp\/v2\/pages\/1049"}],"wp:attachment":[{"href":"https:\/\/elfsight.com\/it\/wp-json\/wp\/v2\/media?parent=4397"}],"curies":[{"name":"wp","href":"https:\/\/api.w.org\/{rel}","templated":true}]}}