{"id":4394,"date":"2024-05-03T06:35:50","date_gmt":"2024-05-03T06:35:50","guid":{"rendered":"https:\/\/elfsight.com\/it\/?page_id=4394"},"modified":"2025-12-05T10:27:15","modified_gmt":"2025-12-05T10:27:15","slug":"elementor","status":"publish","type":"page","link":"https:\/\/elfsight.com\/it\/facebook-feed-widget\/elementor\/","title":{"rendered":"Facebook Feed &#8211; Elementor"},"content":{"rendered":"\n<div class=\"application-platform-content-item-description application-platform-content-item\" id=\"description\" data-nav-section=\"description\"><h2>Incorpora il feed di Facebook su Elementor con il widget Elfsight<\/h2><p>Mostra i tuoi contenuti di Facebook nel nostro plugin multifunzionale: Feed di Facebook. Post, video, immagini: puoi essere certo che i tuoi utenti non perderanno nemmeno un post. Il look elegante con elementi di design di Facebook non verr\u00e0 lasciato inesplorato e aiuter\u00e0 non solo a trattenere i lettori attuali sul sito web, ma anche a invitare nuovi abbonati a Facebook.<\/p><p><b>Porta il tuo marketing sui social media a un livello completo nuova altezza insieme al plugin Elementor per Facebook.<\/b><\/p><p><b>Rafforza la credibilit\u00e0 dei tuoi utenti nei confronti della tua azienda<\/b><br> Un&#8217;azienda che ha account esistenti nelle reti di social media ha 78 % di fiducia in pi\u00f9 tra i lettori. Aggiungi i tuoi contenuti Facebook sul sito per dimostrare agli utenti che la tua attivit\u00e0 \u00e8 reale e affidabile.<\/p><p><b>Aumenta la conversione del tuo sito fino al 125%<\/b><br> Utilizza un strumento di influenza social sul tuo sito, per trovare pi\u00f9 clienti. Lascia che i tuoi visitatori scoprano la tua azienda su Facebook.<\/p><p><b>Fai in modo che i visitatori rimangano pi\u00f9 a lungo sul sito<\/b><br> Inserisci dettagli social e interattivi, che attirino l&#8217;attenzione dei clienti, per trattenerli il sito e fargli conoscere le tue offerte o servizi in modo pi\u00f9 dettagliato.<\/p><\/div><div class=\"application-platform-content-item-features application-platform-content-item\" id=\"features\" data-nav-section=\"features\"><h2>Caratteristiche principali del widget Feed di Facebook<\/h2><p>Herare sono le opzioni, che trasformano il nostro feed Facebook in un plug-in essenziale per un sito Web Elementor:<\/p><ul><li>3 tipi visualizzabili di contenuti Facebook: post, video e foto con album;<\/li><li>Personalizzabili intestazione con elementi regolabili: immagine di copertina, azioni, immagine della pagina, conteggio dei Mi piace;<\/li><li>Larghezza e altezza regolabili;<\/li><li>Limite post variabile;<\/li><li>Servizio di installazione gratuito. <\/li><\/ul><p><a href=\"#demo\">Guarda tutte le funzionalit\u00e0 nella demo dal vivo<\/a><\/p><\/div><div class=\"application-platform-content-item-installation application-platform-content-item\" id=\"installation\" data-nav-section=\"installation\"><h2> Come aggiungere il feed di Facebook al sito Web di Elementor<\/h2><div class=\"video-container\">\n<iframe width=\"720\" height=\"405\" src=\"https:\/\/www.youtube.com\/embed\/UBRLp30cybE?si=XWMlyPEwZXAw_uaq\" frameborder=\"0\" allowfullscreen=\"\"><\/iframe>\n<\/div><p>La durata completa del processo \u00e8 di circa 70 secondi e, inoltre, non richiede conoscenze di sviluppo.<\/p> <ol><li><b>Crea il tuo widget Facebook personalizzato<\/b><br> Utilizzando il nostro editor gratuito, assembla un plugin, scegliendo layout, dimensioni e altre funzionalit\u00e0 nelle impostazioni.<\/li> <li><b>Ricevi un codice univoco per la pubblicazione del plugin<\/b><br> Una volta completata la configurazione del widget, acquisisci il tuo codice di installazione univoco per il plugin Facebook dalla notifica popup sulle app Elfsight.<\/li> <li><b>Incorpora il plug-in nel sito Web di Elementor<\/b><br> Inserisci il codice del plug-in in un punto selezionato del sito Web e applica le modifiche.<\/li> <li><b>Hai completato con successo l&#8217;installazione<\/b><br> Vai al tuo sito web, per controllare il tuo widget.<\/li> <\/ol><p>Hai bisogno di maggiori informazioni o assistenza. Contatta il nostro centro assistenza e saremo lieti di trovare una soluzione.<\/p><\/div><div class=\"faq\" data-component=\"FAQ\"><div class=\"faq-item\">\r\n\t\t\t\t\t<div class=\"faq-item-question\">\r\n\t\t\t\t\t\t<h3 class=\"faq-item-question-text\">Esiste un metodo per aggiungere la chat di WhatsApp a la mia home page di Elementor senza esperienza di codifica?<\/h3>\r\n\r\n\t\t\t\t\t\t<div class=\"faq-item-question-icon\"><\/div>\r\n\t\t\t\t\t<\/div>\r\n\r\n\t\t\t\t\t<div class=\"faq-item-answer\">\r\n\t\t\t\t\t\t<div class=\"faq-item-answer-text\"><p>L&#8217;azienda Elfsight offre una soluzione SaaS che consente agli utenti di creare da soli un&#8217;app di chat WhatsApp, guarda le semplici istruzioni: <\/p><ul><li>Vai all&#8217;editor live per crea un&#8217;app di chat di WhatsApp che desideri venga visualizzata sulla pagina web di Elementor.<\/li><li>Seleziona uno dei tanti modelli predefiniti e modifica le impostazioni della chat di WhatsApp, aggiorna i tuoi contenuti, modifica il layout e la combinazione di colori senza codifica. <\/li><li>Salva la chat di WhatsApp e ottieni il codice per l&#8217;incorporamento, che puoi incorporare gratuitamente nella pagina web di Elementor. <\/li><\/ul><p>Con l&#8217;aiuto del nostro intuitivo editor, qualsiasi utente web pu\u00f2 generare l&#8217;app di chat WhatsApp online e incorporarla facilmente nella home page di Elementor. Non \u00e8 necessario ottenere un piano a pagamento o inviare i dati della tua carta per accedere all&#8217;editor. Se incontri ostacoli di qualsiasi tipo, non esitare a contattare il nostro personale di supporto.<\/p><\/div>\r\n\t\t\t\t\t<\/div>\r\n\t\t\t\t<\/div><\/div>\n","protected":false},"excerpt":{"rendered":"","protected":false},"author":9,"featured_media":0,"parent":1049,"menu_order":0,"comment_status":"closed","ping_status":"closed","template":"templates\/template-application-platform.php","meta":{"publish_to_discourse":"","publish_post_category":"","wpdc_auto_publish_overridden":"","wpdc_topic_tags":"","wpdc_pin_topic":"","wpdc_pin_until":"","discourse_post_id":"","discourse_permalink":"","wpdc_publishing_response":"","wpdc_publishing_error":"","footnotes":""},"class_list":["post-4394","page","type-page","status-publish","hentry"],"yoast_head":"<!-- This site is optimized with the Yoast SEO plugin v25.3.1 - https:\/\/yoast.com\/wordpress\/plugins\/seo\/ -->\n<title>Widget feed Facebook per il sito Web Elementor ( 2025 )<\/title>\n<meta name=\"description\" content=\"Integra un widget responsivo del feed di Facebook sul tuo sito Web Elementor nel 2024. Prova la demo flessibile di Elfsight e modella il tuo plug-in in soli 3 minuti.\" \/>\n<meta name=\"robots\" content=\"index, follow, max-snippet:-1, max-image-preview:large, max-video-preview:-1\" \/>\n<link rel=\"canonical\" href=\"https:\/\/elfsight.com\/it\/facebook-feed-widget\/elementor\/\" \/>\n<meta property=\"og:locale\" content=\"it_IT\" \/>\n<meta property=\"og:type\" content=\"article\" \/>\n<meta property=\"og:title\" content=\"Widget feed Facebook per il sito Web Elementor ( 2025 )\" \/>\n<meta property=\"og:description\" content=\"Integra un widget responsivo del feed di Facebook sul tuo sito Web Elementor nel 2024. Prova la demo flessibile di Elfsight e modella il tuo plug-in in soli 3 minuti.\" \/>\n<meta property=\"og:url\" content=\"https:\/\/elfsight.com\/it\/facebook-feed-widget\/elementor\/\" \/>\n<meta property=\"og:site_name\" content=\"Elfsight IT\" \/>\n<meta property=\"article:modified_time\" content=\"2025-12-05T10:27:15+00:00\" \/>\n<meta name=\"twitter:card\" content=\"summary_large_image\" \/>\n<meta name=\"twitter:label1\" content=\"Tempo di lettura stimato\" \/>\n\t<meta name=\"twitter:data1\" content=\"4 minuti\" \/>\n<!-- \/ Yoast SEO plugin. -->","yoast_head_json":{"title":"Widget feed Facebook per il sito Web Elementor ( 2025 )","description":"Integra un widget responsivo del feed di Facebook sul tuo sito Web Elementor nel 2024. Prova la demo flessibile di Elfsight e modella il tuo plug-in in soli 3 minuti.","robots":{"index":"index","follow":"follow","max-snippet":"max-snippet:-1","max-image-preview":"max-image-preview:large","max-video-preview":"max-video-preview:-1"},"canonical":"https:\/\/elfsight.com\/it\/facebook-feed-widget\/elementor\/","og_locale":"it_IT","og_type":"article","og_title":"Widget feed Facebook per il sito Web Elementor ( 2025 )","og_description":"Integra un widget responsivo del feed di Facebook sul tuo sito Web Elementor nel 2024. Prova la demo flessibile di Elfsight e modella il tuo plug-in in soli 3 minuti.","og_url":"https:\/\/elfsight.com\/it\/facebook-feed-widget\/elementor\/","og_site_name":"Elfsight IT","article_modified_time":"2025-12-05T10:27:15+00:00","twitter_card":"summary_large_image","twitter_misc":{"Tempo di lettura stimato":"4 minuti"},"schema":{"@context":"https:\/\/schema.org","@graph":[{"@type":"WebPage","@id":"https:\/\/elfsight.com\/it\/facebook-feed-widget\/elementor\/","url":"https:\/\/elfsight.com\/it\/facebook-feed-widget\/elementor\/","name":"Widget feed Facebook per il sito Web Elementor ( 2025 )","isPartOf":{"@id":"https:\/\/elfsight.com\/it\/#website"},"datePublished":"2024-05-03T06:35:50+00:00","dateModified":"2025-12-05T10:27:15+00:00","description":"Integra un widget responsivo del feed di Facebook sul tuo sito Web Elementor nel 2024. Prova la demo flessibile di Elfsight e modella il tuo plug-in in soli 3 minuti.","breadcrumb":{"@id":"https:\/\/elfsight.com\/it\/facebook-feed-widget\/elementor\/#breadcrumb"},"inLanguage":"it-IT","potentialAction":[{"@type":"ReadAction","target":["https:\/\/elfsight.com\/it\/facebook-feed-widget\/elementor\/"]}]},{"@type":"BreadcrumbList","@id":"https:\/\/elfsight.com\/it\/facebook-feed-widget\/elementor\/#breadcrumb","itemListElement":[{"@type":"ListItem","position":1,"name":"Home","item":"https:\/\/elfsight.com\/it\/"},{"@type":"ListItem","position":2,"name":"Facebook Feed","item":"https:\/\/elfsight.com\/it\/facebook-feed-widget\/"},{"@type":"ListItem","position":3,"name":"Facebook Feed &#8211; Elementor"}]},{"@type":"WebSite","@id":"https:\/\/elfsight.com\/it\/#website","url":"https:\/\/elfsight.com\/it\/","name":"Elfsight IT","description":"Just another Elfsight Sites site","potentialAction":[{"@type":"SearchAction","target":{"@type":"EntryPoint","urlTemplate":"https:\/\/elfsight.com\/it\/?s={search_term_string}"},"query-input":{"@type":"PropertyValueSpecification","valueRequired":true,"valueName":"search_term_string"}}],"inLanguage":"it-IT"}]}},"meta_box":{"industry":"","seo_heading":"","heading":"","description":"","cta_heading":"","cta_description":"","application":"1042","h1":"Feed Facebook di Elementor","h1_caption":"Incorpora post dalla tua pagina Facebook per mantenere i visitatori del tuo sito web coinvolti con i tuoi ultimi aggiornamenti e notizie nel tuo sito web Elementor senza sforzo.","application_category":[],"applications_title":"","applications_request_title":"","applications_request_button_text":"","hero_text":"","hero_video":"","hero_video_schema_markup":"","selling_points_title":"","selling_points_caption":"","selling_points":[],"selling_points_cta_text":"","features_title":"","features":"","ed_cta_examples_text":"","ed_cta_examples_hidden":"","ed_cta_demo_text":"","ed_cta_demo_hidden":"","why_caption":"","why_editor_title":"","why_editor_text":"","why_team_title":"","why_team_text":"","why_service_title":"","why_service_text":"","template_catalog_visible":"0","template_catalog_title":"","template_catalog_text":"","template_catalog_categories_visible":"","demo_title":"Crea il tuo widget Feed di Facebook","demo_caption":"Configura il tuo feed Facebook e aggiungilo gratuitamente al tuo sito Web Elementor!","default_faq_hidden":"","app_template_category":[],"platform":"68","template_public_id":"","codecanyon_url":"","codecanyon_item_id":"","codecanyon_price":"","pricing_caption":"","pricing_elfsight_apps_hide_column":"","pricing_elfsight_apps_url":"","pricing_codecanyon_price_caption":"","integration_category":[],"integration_request_title":"","integration_request_cta":"","integration_platform":"","integrations":[],"platform_category":[],"video_schema_markup":"","price":"da $ 0 al mese","trial":"","benefits":[{"text":"Assistenza gratuita per l'installazione"},{"text":"Assistenza clienti con esperienza"},{"text":"Garanzia di rimborso di 14 giorni"},{"text":"Miglioramenti continui"}],"button_url":"#demo","button_target_blank":"0","button_nofollow":"0","attributes":[{"name":"Installazioni"},{"name":"Reattivo","content":"S\u00cc"},{"name":"Browser compatibili","content":"Firefox, Safari, Opera, Chrome, Edge"}],"tags":[],"tags_disable_links":"0","hide_more_platforms":"0","video_object":"","demo_hide_cta":"0","demo_hide_cloud_options":"0","pricing_title":"","pricing":[{"pricing_icon":"platform","pricing_title":"Elfsight Apps","pricing_title_caption":"Versione indipendente dalla piattaforma","pricing_price":"da $ 0 \/ mese","pricing_price_caption":"inizia con il piano gratuito","pricing_benefits":[{"text":"Domini illimitati"},{"text":"Assistenza clienti dedicata e ben documentata"},{"text":"Servizio di installazione gratuito"},{"text":"Offerta speciale per pi\u00f9 app"}],"pricing_button_text":"Aggiungi al sito web","pricing_button_url":"#demo"}],"related_apps_title":"","related_apps_hidden":"0","author":"","image":[],"title":"","job":"","social_networks":[]},"_links":{"self":[{"href":"https:\/\/elfsight.com\/it\/wp-json\/wp\/v2\/pages\/4394","targetHints":{"allow":["GET"]}}],"collection":[{"href":"https:\/\/elfsight.com\/it\/wp-json\/wp\/v2\/pages"}],"about":[{"href":"https:\/\/elfsight.com\/it\/wp-json\/wp\/v2\/types\/page"}],"author":[{"embeddable":true,"href":"https:\/\/elfsight.com\/it\/wp-json\/wp\/v2\/users\/9"}],"replies":[{"embeddable":true,"href":"https:\/\/elfsight.com\/it\/wp-json\/wp\/v2\/comments?post=4394"}],"version-history":[{"count":4,"href":"https:\/\/elfsight.com\/it\/wp-json\/wp\/v2\/pages\/4394\/revisions"}],"predecessor-version":[{"id":10563,"href":"https:\/\/elfsight.com\/it\/wp-json\/wp\/v2\/pages\/4394\/revisions\/10563"}],"up":[{"embeddable":true,"href":"https:\/\/elfsight.com\/it\/wp-json\/wp\/v2\/pages\/1049"}],"wp:attachment":[{"href":"https:\/\/elfsight.com\/it\/wp-json\/wp\/v2\/media?parent=4394"}],"curies":[{"name":"wp","href":"https:\/\/api.w.org\/{rel}","templated":true}]}}