{"id":4389,"date":"2024-05-03T06:35:49","date_gmt":"2024-05-03T06:35:49","guid":{"rendered":"https:\/\/elfsight.com\/it\/?page_id=4389"},"modified":"2025-03-17T05:51:08","modified_gmt":"2025-03-17T05:51:08","slug":"iframe","status":"publish","type":"page","link":"https:\/\/elfsight.com\/it\/facebook-feed-widget\/iframe\/","title":{"rendered":"Facebook Feed &#8211; iFrame"},"content":{"rendered":"\n<div class=\"application-platform-content-item-description application-platform-content-item\" id=\"description\" data-nav-section=\"description\"><h2>Incorpora il feed di Facebook su iFrame con il widget Elfsight<\/h2><p>Dimostra i tuoi contenuti di Facebook nel nostro plug-in avanzato: Feed di Facebook. Pagine, video, foto: i tuoi utenti non perderanno nemmeno una notizia. Il look elegante con elementi reali di Facebook non rimarr\u00e0 invisibile e contribuir\u00e0 non solo a trattenere i clienti attuali sul sito, ma anche a trovare nuovi abbonati Facebook.<\/p><p><b>Alza il tuo sito web all&#8217;altezza massima supportata da Plug-in iFrame per Facebook<\/b><\/p><p><b>Aumenta la credibilit\u00e0 della tua attivit\u00e0 tra i clienti<\/b><br>Un&#8217;azienda che ha account attivi nelle reti di social media ottiene il 78% in pi\u00f9 di fiducia tra i lettori. Utilizza la tua pagina Facebook sul sito per garantire ai clienti che la tua attivit\u00e0 \u00e8 vera e affidabile.<\/p><p><b>Rafforza la conversione del tuo sito fino al 135%<\/b><br>Mostra uno strumento di fiducia sociale su il tuo sito web, per acquisire pi\u00f9 clienti. Lascia che i tuoi visitatori scoprano la tua azienda su Facebook e ottengano la loro fiducia, il che contribuir\u00e0 a far salire di livello la tua conversione.<\/p><p><b>Fai in modo che i lettori rimangano sul sito<\/b><br>Utilizza la componente social per attirare l&#8217;attenzione dei clienti e trattenerli sul sito web. Racconta i tuoi prodotti o la tua attivit\u00e0 in modo pi\u00f9 dettagliato.<\/p><\/div><div class=\"application-platform-content-item-features application-platform-content-item\" id=\"features\" data-nav-section=\"features\"><h2>Caratteristiche principali del widget Feed di Facebook<\/h2><p>4 tratti, che rendono il nostro feed Facebook \u00e8 un plug-in necessario per qualsiasi sito Web iFrame.<\/p><ul><li>3 tipi visualizzabili di contenuti Facebook: post, video e foto con album;<\/li><li>Intestazione personalizzabile con elementi regolabili: immagine di copertina, azioni, immagine della pagina, conteggio dei Mi piace;<\/li><li>pulsanti Mi piace e Condividi nell&#8217;intestazione;<\/li><li>Post con informazioni scambiabili: autore, conteggio dei Mi piace, conteggio delle condivisioni, pulsante di condivisione.<\/li><\/ul><p><a href=\"#demo\">Scopri tutti i vantaggi nella demo live<\/a><\/p><\/div><div class=\"application-platform-content-item-installation application-platform-content-item\" id=\"installation\" data-nav-section=\"installation\"><h2>Come per aggiungere il feed di Facebook al sito web iFrame<\/h2><p>Studia la nostra guida per finire con l&#8217;aggiunta. L&#8217;esecuzione durer\u00e0 solo 3 minuti e non richiede esperienza nella programmazione.<\/p><ol><li><b>Genera il tuo plugin Facebook personalizzato<\/b><br> Utilizzando il nostro editor gratuito, configura un plugin con layout e funzionalit\u00e0 selezionati. <\/li><li><b>Acquisisci il codice personale per visualizzare il plugin<\/b><br> Dopo aver configurato il plugin, riceverai il codice di configurazione dalla notifica visualizzata sulle app Elfsight. Copialo per uso futuro. <\/li> <li><b> Il plugin sul tuo sito iFrame<\/b><br> Definisci il luogo in cui desideri visualizzare il plugin e inserisci l\u00ec il codice salvato. Applicare le modifiche. <\/li> <li><b>Hai eseguito completamente la configurazione<\/b><br> Entra nel tuo sito, per controllare il tuo plugin. <\/li> <\/ol><p>Hai bisogno di un aiuto pi\u00f9 dettagliato? Guarda un tutorial approfondito: \u00abCome installare il feed di Facebook su iFrame\u00bb o contatta il centro assistenza Elfsight e saremo lieti di offrire una soluzione.<\/p><\/div><div class=\"faq\" data-component=\"FAQ\"><div class=\"faq-item\">\r\n\t\t\t\t\t<div class=\"faq-item-question\">\r\n\t\t\t\t\t\t<h3 class=\"faq-item-question-text\">Come aggiungere la chat di WhatsApp al mio iFrame senza competenze di codifica?<\/h3>\r\n\r\n\t\t\t\t\t\t<div class=\"faq-item-question-icon\"><\/div>\r\n\t\t\t\t\t<\/div>\r\n\r\n\t\t\t\t\t<div class=\"faq-item-answer\">\r\n\t\t\t\t\t\t<div class=\"faq-item-answer-text\"><p>L&#8217;azienda Elfsight presenta una soluzione SaaS che consente agli utenti di creare da soli un&#8217;app di chat di WhatsApp, guarda quanto \u00e8 semplice: <\/p><ul><li>Lavora direttamente nell&#8217;editor online per creare un&#8217;app di chat WhatsApp che desideri venga visualizzata sulla tua pagina web iFrame.<\/li><li>Scegli uno dei tanti modelli predefiniti e modifica le impostazioni della chat di WhatsApp, modifica il layout e i colori, aggiorna i tuoi contenuti senza codifica.<\/li><li>Fai clic per salvare la chat di WhatsApp e copiare il codice del widget per l&#8217;incorporamento, che pu\u00f2 essere facilmente incorporato gratuitamente nella home page di iFrame. <\/li><\/ul><p>Utilizzando l&#8217;editor facile da usare, ogni utente di Internet pu\u00f2 creare widget di chat di WhatsApp e incollarlo semplicemente su qualsiasi home page iFrame. Non devi pagare o rivelare le credenziali della tua carta per accedere al servizio. Se riscontri problemi in qualsiasi momento, non esitare a contattare il nostro team di supporto tecnico.<\/p><\/div>\r\n\t\t\t\t\t<\/div>\r\n\t\t\t\t<\/div><\/div>\n","protected":false},"excerpt":{"rendered":"","protected":false},"author":9,"featured_media":0,"parent":1049,"menu_order":0,"comment_status":"closed","ping_status":"closed","template":"templates\/template-application-platform.php","meta":{"publish_to_discourse":"","publish_post_category":"","wpdc_auto_publish_overridden":"","wpdc_topic_tags":"","wpdc_pin_topic":"","wpdc_pin_until":"","discourse_post_id":"","discourse_permalink":"","wpdc_publishing_response":"","wpdc_publishing_error":"","footnotes":""},"class_list":["post-4389","page","type-page","status-publish","hentry"],"yoast_head":"<!-- This site is optimized with the Yoast SEO plugin v25.3.1 - https:\/\/yoast.com\/wordpress\/plugins\/seo\/ -->\n<title>Plug-in iFrame Facebook Feed per il tuo sito web (gratuito e veloce)<\/title>\n<meta name=\"description\" content=\"Aggiungi un plug-in reattivo per il feed di Facebook al tuo sito Web iFrame. Utilizza l&#039;editor flessibile Elfsight e configura il tuo plugin in soli 3 minuti.\" \/>\n<meta name=\"robots\" content=\"index, follow, max-snippet:-1, max-image-preview:large, max-video-preview:-1\" \/>\n<link rel=\"canonical\" href=\"https:\/\/elfsight.com\/it\/facebook-feed-widget\/iframe\/\" \/>\n<meta property=\"og:locale\" content=\"it_IT\" \/>\n<meta property=\"og:type\" content=\"article\" \/>\n<meta property=\"og:title\" content=\"Plug-in iFrame Facebook Feed per il tuo sito web (gratuito e veloce)\" \/>\n<meta property=\"og:description\" content=\"Aggiungi un plug-in reattivo per il feed di Facebook al tuo sito Web iFrame. Utilizza l&#039;editor flessibile Elfsight e configura il tuo plugin in soli 3 minuti.\" \/>\n<meta property=\"og:url\" content=\"https:\/\/elfsight.com\/it\/facebook-feed-widget\/iframe\/\" \/>\n<meta property=\"og:site_name\" content=\"Elfsight IT\" \/>\n<meta property=\"article:modified_time\" content=\"2025-03-17T05:51:08+00:00\" \/>\n<meta name=\"twitter:card\" content=\"summary_large_image\" \/>\n<meta name=\"twitter:label1\" content=\"Tempo di lettura stimato\" \/>\n\t<meta name=\"twitter:data1\" content=\"4 minuti\" \/>\n<!-- \/ Yoast SEO plugin. -->","yoast_head_json":{"title":"Plug-in iFrame Facebook Feed per il tuo sito web (gratuito e veloce)","description":"Aggiungi un plug-in reattivo per il feed di Facebook al tuo sito Web iFrame. Utilizza l'editor flessibile Elfsight e configura il tuo plugin in soli 3 minuti.","robots":{"index":"index","follow":"follow","max-snippet":"max-snippet:-1","max-image-preview":"max-image-preview:large","max-video-preview":"max-video-preview:-1"},"canonical":"https:\/\/elfsight.com\/it\/facebook-feed-widget\/iframe\/","og_locale":"it_IT","og_type":"article","og_title":"Plug-in iFrame Facebook Feed per il tuo sito web (gratuito e veloce)","og_description":"Aggiungi un plug-in reattivo per il feed di Facebook al tuo sito Web iFrame. Utilizza l'editor flessibile Elfsight e configura il tuo plugin in soli 3 minuti.","og_url":"https:\/\/elfsight.com\/it\/facebook-feed-widget\/iframe\/","og_site_name":"Elfsight IT","article_modified_time":"2025-03-17T05:51:08+00:00","twitter_card":"summary_large_image","twitter_misc":{"Tempo di lettura stimato":"4 minuti"},"schema":{"@context":"https:\/\/schema.org","@graph":[{"@type":"WebPage","@id":"https:\/\/elfsight.com\/it\/facebook-feed-widget\/iframe\/","url":"https:\/\/elfsight.com\/it\/facebook-feed-widget\/iframe\/","name":"Plug-in iFrame Facebook Feed per il tuo sito web (gratuito e veloce)","isPartOf":{"@id":"https:\/\/elfsight.com\/it\/#website"},"datePublished":"2024-05-03T06:35:49+00:00","dateModified":"2025-03-17T05:51:08+00:00","description":"Aggiungi un plug-in reattivo per il feed di Facebook al tuo sito Web iFrame. Utilizza l'editor flessibile Elfsight e configura il tuo plugin in soli 3 minuti.","breadcrumb":{"@id":"https:\/\/elfsight.com\/it\/facebook-feed-widget\/iframe\/#breadcrumb"},"inLanguage":"it-IT","potentialAction":[{"@type":"ReadAction","target":["https:\/\/elfsight.com\/it\/facebook-feed-widget\/iframe\/"]}]},{"@type":"BreadcrumbList","@id":"https:\/\/elfsight.com\/it\/facebook-feed-widget\/iframe\/#breadcrumb","itemListElement":[{"@type":"ListItem","position":1,"name":"Home","item":"https:\/\/elfsight.com\/it\/"},{"@type":"ListItem","position":2,"name":"Facebook Feed","item":"https:\/\/elfsight.com\/it\/facebook-feed-widget\/"},{"@type":"ListItem","position":3,"name":"Facebook Feed &#8211; iFrame"}]},{"@type":"WebSite","@id":"https:\/\/elfsight.com\/it\/#website","url":"https:\/\/elfsight.com\/it\/","name":"Elfsight IT","description":"Just another Elfsight Sites site","potentialAction":[{"@type":"SearchAction","target":{"@type":"EntryPoint","urlTemplate":"https:\/\/elfsight.com\/it\/?s={search_term_string}"},"query-input":{"@type":"PropertyValueSpecification","valueRequired":true,"valueName":"search_term_string"}}],"inLanguage":"it-IT"}]}},"meta_box":{"industry":"","seo_heading":"","heading":"","description":"","cta_heading":"","cta_description":"","application":"1042","h1":"Plug-in per feed Facebook iFrame","h1_caption":"Incorpora post dalla tua pagina Facebook per mantenere i visitatori del tuo sito web coinvolti con i tuoi ultimi aggiornamenti e notizie nel tuo sito web iFrame senza sforzo.","application_category":[],"applications_title":"","applications_request_title":"","applications_request_button_text":"","hero_text":"","hero_video":"","hero_video_schema_markup":"","selling_points_title":"","selling_points_caption":"","selling_points":[],"selling_points_cta_text":"","features_title":"","features":"","ed_cta_examples_text":"","ed_cta_examples_hidden":"","ed_cta_demo_text":"","ed_cta_demo_hidden":"","why_caption":"","why_editor_title":"","why_editor_text":"","why_team_title":"","why_team_text":"","why_service_title":"","why_service_text":"","template_catalog_visible":"0","template_catalog_title":"","template_catalog_text":"","template_catalog_categories_visible":"","demo_title":"Crea il tuo widget Feed di Facebook","demo_caption":"Configura il tuo feed Facebook e aggiungilo gratuitamente al tuo sito iFrame!","default_faq_hidden":"","app_template_category":[],"platform":"54","template_public_id":"","codecanyon_url":"","codecanyon_item_id":"","codecanyon_price":"","pricing_caption":"","pricing_elfsight_apps_hide_column":"","pricing_elfsight_apps_url":"","pricing_codecanyon_price_caption":"","integration_category":[],"integration_request_title":"","integration_request_cta":"","integration_platform":"","integrations":[],"platform_category":[],"video_schema_markup":"","price":"da $ 0 al mese","trial":"","benefits":[{"text":"Servizio di installazione gratuito"},{"text":"Servizio clienti professionale"},{"text":"Garanzia di rimborso di 14 giorni"},{"text":"Aggiornamenti continui"}],"button_url":"#demo","button_target_blank":"0","button_nofollow":"0","attributes":[{"name":"Installazioni"},{"name":"Reattivo","content":"S\u00cc"},{"name":"Browser compatibili","content":"Firefox, Safari, Opera, Chrome, Edge"}],"tags":[],"tags_disable_links":"0","hide_more_platforms":"0","video_object":"","demo_hide_cta":"0","demo_hide_cloud_options":"0","pricing_title":"","pricing":[{"pricing_icon":"platform","pricing_title":"Elfsight Apps","pricing_title_caption":"Software indipendente dalla piattaforma","pricing_price":"da $ 0 \/ mese","pricing_price_caption":"inizia con il piano gratuito","pricing_benefits":[{"text":"Domini illimitati"},{"text":"Supporto professionale"},{"text":"Supporto per l'installazione senza costi"},{"text":"Ottimo affare per pi\u00f9 app"}],"pricing_button_text":"Aggiungi al sito web","pricing_button_url":"#demo"}],"related_apps_title":"","related_apps_hidden":"0","author":"","image":[],"title":"","job":"","social_networks":[]},"_links":{"self":[{"href":"https:\/\/elfsight.com\/it\/wp-json\/wp\/v2\/pages\/4389","targetHints":{"allow":["GET"]}}],"collection":[{"href":"https:\/\/elfsight.com\/it\/wp-json\/wp\/v2\/pages"}],"about":[{"href":"https:\/\/elfsight.com\/it\/wp-json\/wp\/v2\/types\/page"}],"author":[{"embeddable":true,"href":"https:\/\/elfsight.com\/it\/wp-json\/wp\/v2\/users\/9"}],"replies":[{"embeddable":true,"href":"https:\/\/elfsight.com\/it\/wp-json\/wp\/v2\/comments?post=4389"}],"version-history":[{"count":2,"href":"https:\/\/elfsight.com\/it\/wp-json\/wp\/v2\/pages\/4389\/revisions"}],"predecessor-version":[{"id":8831,"href":"https:\/\/elfsight.com\/it\/wp-json\/wp\/v2\/pages\/4389\/revisions\/8831"}],"up":[{"embeddable":true,"href":"https:\/\/elfsight.com\/it\/wp-json\/wp\/v2\/pages\/1049"}],"wp:attachment":[{"href":"https:\/\/elfsight.com\/it\/wp-json\/wp\/v2\/media?parent=4389"}],"curies":[{"name":"wp","href":"https:\/\/api.w.org\/{rel}","templated":true}]}}