{"id":4371,"date":"2024-05-03T06:35:39","date_gmt":"2024-05-03T06:35:39","guid":{"rendered":"https:\/\/elfsight.com\/it\/?page_id=4371"},"modified":"2024-11-12T13:14:59","modified_gmt":"2024-11-12T13:14:59","slug":"jquery","status":"publish","type":"page","link":"https:\/\/elfsight.com\/it\/facebook-chat-widget\/jquery\/","title":{"rendered":"Facebook Chat &#8211; jQuery"},"content":{"rendered":"<div class=\"application-platform-content-item-description application-platform-content-item\" id=\"description\" data-nav-section=\"description\"> <h2>Descrizione<\/h2> <p>La Chat Box di Facebook creata da Elfsight \u00e8 la variante pi\u00f9 pratica per la clientela del tuo sito web per comunicare con te e ricevere risposte alle loro domande. Puoi essere disponibile online per la clientela in uno dei messenger preferiti. Aggiungi chat al tuo negozio: il widget pu\u00f2 apparire solo su pagine specifiche o solo per determinati gruppi di persone, assegnare trigger di avvio chat, includere il tuo messaggio di benvenuto personale, allineare le icone e molto altro ancora. Con l&#8217;aiuto di Facebook Messenger installato sul sito web, sarai in contatto con i tuoi utenti in ogni momento e da qualsiasi luogo. <\/p> <div class=\"faq\" data-component=\"FAQ\"> <div class=\"faq-item\">\r\n\t\t\t\t\t<div class=\"faq-item-question\">\r\n\t\t\t\t\t\t<h3 class=\"faq-item-question-text\">Dove posso inserire questo plugin nel mio sito<\/h3>\r\n\r\n\t\t\t\t\t\t<div class=\"faq-item-question-icon\"><\/div>\r\n\t\t\t\t\t<\/div>\r\n\r\n\t\t\t\t\t<div class=\"faq-item-answer\">\r\n\t\t\t\t\t\t<div class=\"faq-item-answer-text\"> <p>Pu\u00f2 essere visualizzato su tutte le pagine del tuo sito web o solo su quelle impostate. Il plugin offre anche un&#8217;opzione per limitare particolari pagine che visualizzano la chat. <\/p> <\/div>\r\n\t\t\t\t\t<\/div>\r\n\t\t\t\t<\/div> <div class=\"faq-item\">\r\n\t\t\t\t\t<div class=\"faq-item-question\">\r\n\t\t\t\t\t\t<h3 class=\"faq-item-question-text\">Quali vantaggi mi dar\u00e0?<\/h3>\r\n\r\n\t\t\t\t\t\t<div class=\"faq-item-question-icon\"><\/div>\r\n\t\t\t\t\t<\/div>\r\n\r\n\t\t\t\t\t<div class=\"faq-item-answer\">\r\n\t\t\t\t\t\t<div class=\"faq-item-answer-text\"> <p>Consentir\u00e0 alla tua clientela di contattarti pi\u00f9 facilmente con le loro richieste o domande. Ci\u00f2 pu\u00f2 aiutare ad aumentare la quantit\u00e0 di lead e acquisti. Inoltre, una risposta rapida e un approccio individuale aumenteranno la qualit\u00e0 del tuo servizio clienti.<\/p> <\/div>\r\n\t\t\t\t\t<\/div>\r\n\t\t\t\t<\/div> <div class=\"faq-item\">\r\n\t\t\t\t\t<div class=\"faq-item-question\">\r\n\t\t\t\t\t\t<h3 class=\"faq-item-question-text\">Di cosa ho bisogno per incorporare il plug-in dei messaggi jQuery nel mio sito?<\/h3>\r\n\r\n\t\t\t\t\t\t<div class=\"faq-item-question-icon\"><\/div>\r\n\t\t\t\t\t<\/div>\r\n\r\n\t\t\t\t\t<div class=\"faq-item-answer\">\r\n\t\t\t\t\t\t<div class=\"faq-item-answer-text\"> <p>It ci vorranno solo un paio di minuti per incorporare il plugin. Questo processo \u00e8 estremamente rapido, gratuito e senza codifica. <\/p> <p>Puoi aggiungere la casella di chat utilizzando jQuery al tuo sito web direttamente nel nostro servizio. Basta seguire le istruzioni riportate di seguito in questa pagina. <\/p> <\/div>\r\n\t\t\t\t\t<\/div>\r\n\t\t\t\t<\/div> <\/div> <\/div> <div class=\"application-platform-content-item-features application-platform-content-item\" id=\"features\" data-nav-section=\"features\"> <h2>Caratteristiche<\/h2> <p>Per farsi un&#8217;idea chiara del widget, esaminare l&#8217;elenco dei suoi principali caratteristiche. Rendono il plugin estremamente vantaggioso per te:<\/p> <ul><li>Incorpora Facebook Messenger nella tua pagina web per rimanere in contatto con gli utenti; <\/li><li>Fornisci risposte direttamente dal tuo account Facebook;<\/li><li>Seleziona una delle 3 opzioni di posizione della chat: come bolla mobile, bolla incorporata e finestra di chat incorporata;<\/li><li>Scegli l&#8217;icona del fumetto dal nostro set di icone disponibili;<\/li><li>Testo del fumetto modificabile.<\/li><\/ul><p><a href=\"#demo\">La nostra demo mostrer\u00e0 un fumetto completo elenco delle funzionalit\u00e0 per te<\/a><\/p> <\/div> <div class=\"application-platform-content-item-installation application-platform-content-item\" id=\"installation\" data-nav-section=\"installation\"> <h2>Scopri come aggiungere la casella di chat di Facebook al tuo sito web jQuery. \u00c8 veloce e non richiede codifica.<\/h2> <p>Le seguenti azioni sono l&#8217;unica cosa di cui hai bisogno per incorporarlo. <\/p> <ol><li><b>Crea il tuo plugin di messaggistica Facebook unico<\/b><br> Con l&#8217;aiuto del nostro configuratore gratuito, genera un widget con un layout e caratteristiche funzionali personalizzati.<\/li><li><b>Ottieni il codice personale per integrare il plugin<\/b><br> Dopo aver impostato il widget, otterrai il codice individuale dalla finestra popup sulle app Elfsight. Copia questo codice per un ulteriore utilizzo.<\/li> <li><b>Incorpora il plug-in Chat Box nel tuo sito jQuery<\/b><br> Trova il punto in cui devi rivelare il widget e inserisci l\u00ec il codice copiato. Applica le modifiche.<\/li> <li><b>Fatto!<\/b><br> Accedi alla tua pagina web per vedere il tuo plugin.<\/li> <\/ol><p>Hai ancora qualche dubbio? O hai domande? Invia semplicemente una richiesta al nostro team di assistenza clienti per aiutarti con qualsiasi tipo di problema. <\/p> <\/div>","protected":false},"excerpt":{"rendered":"","protected":false},"author":9,"featured_media":0,"parent":1456,"menu_order":0,"comment_status":"closed","ping_status":"closed","template":"templates\/template-application-platform.php","meta":{"publish_to_discourse":"","publish_post_category":"","wpdc_auto_publish_overridden":"","wpdc_topic_tags":"","wpdc_pin_topic":"","wpdc_pin_until":"","discourse_post_id":"","discourse_permalink":"","wpdc_publishing_response":"","wpdc_publishing_error":"","footnotes":""},"class_list":["post-4371","page","type-page","status-publish","hentry"],"yoast_head":"<!-- This site is optimized with the Yoast SEO plugin v25.3.1 - https:\/\/yoast.com\/wordpress\/plugins\/seo\/ -->\n<title>Facebook Chat Box: aggiungi il plug-in Messenger al sito Web jQuery (2025)<\/title>\n<meta name=\"description\" content=\"\u00c8 semplicissimo creare il tuo plugin per la chat di Facebook e pubblicarlo sul tuo sito web jQuery. Il servizio clienti Elfsight \u00e8 gratuito\" \/>\n<meta name=\"robots\" content=\"index, follow, max-snippet:-1, max-image-preview:large, max-video-preview:-1\" \/>\n<link rel=\"canonical\" href=\"https:\/\/elfsight.com\/it\/facebook-chat-widget\/jquery\/\" \/>\n<meta property=\"og:locale\" content=\"it_IT\" \/>\n<meta property=\"og:type\" content=\"article\" \/>\n<meta property=\"og:title\" content=\"Facebook Chat Box: aggiungi il plug-in Messenger al sito Web jQuery (2025)\" \/>\n<meta property=\"og:description\" content=\"\u00c8 semplicissimo creare il tuo plugin per la chat di Facebook e pubblicarlo sul tuo sito web jQuery. Il servizio clienti Elfsight \u00e8 gratuito\" \/>\n<meta property=\"og:url\" content=\"https:\/\/elfsight.com\/it\/facebook-chat-widget\/jquery\/\" \/>\n<meta property=\"og:site_name\" content=\"Elfsight IT\" \/>\n<meta property=\"article:modified_time\" content=\"2024-11-12T13:14:59+00:00\" \/>\n<meta name=\"twitter:card\" content=\"summary_large_image\" \/>\n<meta name=\"twitter:label1\" content=\"Tempo di lettura stimato\" \/>\n\t<meta name=\"twitter:data1\" content=\"3 minuti\" \/>\n<!-- \/ Yoast SEO plugin. -->","yoast_head_json":{"title":"Facebook Chat Box: aggiungi il plug-in Messenger al sito Web jQuery (2025)","description":"\u00c8 semplicissimo creare il tuo plugin per la chat di Facebook e pubblicarlo sul tuo sito web jQuery. Il servizio clienti Elfsight \u00e8 gratuito","robots":{"index":"index","follow":"follow","max-snippet":"max-snippet:-1","max-image-preview":"max-image-preview:large","max-video-preview":"max-video-preview:-1"},"canonical":"https:\/\/elfsight.com\/it\/facebook-chat-widget\/jquery\/","og_locale":"it_IT","og_type":"article","og_title":"Facebook Chat Box: aggiungi il plug-in Messenger al sito Web jQuery (2025)","og_description":"\u00c8 semplicissimo creare il tuo plugin per la chat di Facebook e pubblicarlo sul tuo sito web jQuery. Il servizio clienti Elfsight \u00e8 gratuito","og_url":"https:\/\/elfsight.com\/it\/facebook-chat-widget\/jquery\/","og_site_name":"Elfsight IT","article_modified_time":"2024-11-12T13:14:59+00:00","twitter_card":"summary_large_image","twitter_misc":{"Tempo di lettura stimato":"3 minuti"},"schema":{"@context":"https:\/\/schema.org","@graph":[{"@type":"WebPage","@id":"https:\/\/elfsight.com\/it\/facebook-chat-widget\/jquery\/","url":"https:\/\/elfsight.com\/it\/facebook-chat-widget\/jquery\/","name":"Facebook Chat Box: aggiungi il plug-in Messenger al sito Web jQuery (2025)","isPartOf":{"@id":"https:\/\/elfsight.com\/it\/#website"},"datePublished":"2024-05-03T06:35:39+00:00","dateModified":"2024-11-12T13:14:59+00:00","description":"\u00c8 semplicissimo creare il tuo plugin per la chat di Facebook e pubblicarlo sul tuo sito web jQuery. Il servizio clienti Elfsight \u00e8 gratuito","breadcrumb":{"@id":"https:\/\/elfsight.com\/it\/facebook-chat-widget\/jquery\/#breadcrumb"},"inLanguage":"it-IT","potentialAction":[{"@type":"ReadAction","target":["https:\/\/elfsight.com\/it\/facebook-chat-widget\/jquery\/"]}]},{"@type":"BreadcrumbList","@id":"https:\/\/elfsight.com\/it\/facebook-chat-widget\/jquery\/#breadcrumb","itemListElement":[{"@type":"ListItem","position":1,"name":"Home","item":"https:\/\/elfsight.com\/it\/"},{"@type":"ListItem","position":2,"name":"Facebook Chat","item":"https:\/\/elfsight.com\/it\/facebook-chat-widget\/"},{"@type":"ListItem","position":3,"name":"Facebook Chat &#8211; jQuery"}]},{"@type":"WebSite","@id":"https:\/\/elfsight.com\/it\/#website","url":"https:\/\/elfsight.com\/it\/","name":"Elfsight IT","description":"Just another Elfsight Sites site","potentialAction":[{"@type":"SearchAction","target":{"@type":"EntryPoint","urlTemplate":"https:\/\/elfsight.com\/it\/?s={search_term_string}"},"query-input":{"@type":"PropertyValueSpecification","valueRequired":true,"valueName":"search_term_string"}}],"inLanguage":"it-IT"}]}},"meta_box":{"industry":"","seo_heading":"","heading":"","description":"","cta_heading":"","cta_description":"","application":"1455","h1":"Plug-in jQuery per la chat di Facebook","h1_caption":"Aggiungi un modulo di chat di Facebook Messenger al tuo sito web, fornendo agli utenti un modo semplice per contattarti senza sforzo nel tuo sito web Drupal.","application_category":[],"applications_title":"","applications_request_title":"","applications_request_button_text":"","hero_text":"","hero_video":"","hero_video_schema_markup":"","selling_points_title":"","selling_points_caption":"","selling_points":[],"selling_points_cta_text":"","features_title":"","features":"","ed_cta_examples_text":"","ed_cta_examples_hidden":"","ed_cta_demo_text":"","ed_cta_demo_hidden":"","why_caption":"","why_editor_title":"","why_editor_text":"","why_team_title":"","why_team_text":"","why_service_title":"","why_service_text":"","template_catalog_visible":"","template_catalog_title":"","template_catalog_text":"","template_catalog_categories_visible":"","demo_title":"Crea il tuo plugin per la chat di Facebook","demo_caption":"Configura la tua chat di Facebook e aggiungila gratuitamente al tuo sito jQuery!","default_faq_hidden":"","app_template_category":[],"platform":"37","template_public_id":"","codecanyon_url":"","codecanyon_item_id":"","codecanyon_price":"","pricing_caption":"","pricing_elfsight_apps_hide_column":"","pricing_elfsight_apps_url":"","pricing_codecanyon_price_caption":"","integration_category":[],"integration_request_title":"","integration_request_cta":"","integration_platform":"","integrations":[],"platform_category":[],"video_schema_markup":"","price":"da $ 0 al mese","trial":"","benefits":[{"text":"Aiuto gratuito per l'installazione"},{"text":"Servizio clienti professionale"},{"text":"Garanzia di rimborso di 14 giorni"},{"text":"Aggiornamenti gratuiti continui"}],"button_url":"#demo","button_target_blank":"","button_nofollow":"","attributes":[{"name":"Installazioni"},{"name":"Reattivo","content":"Pronto per i dispositivi mobili"},{"name":"Browser compatibili","content":"Firefox, Chrome, Edge, Opera, Safari"}],"tags":[],"tags_disable_links":"","hide_more_platforms":"","video_object":"","demo_hide_cta":"","demo_hide_cloud_options":"","pricing_title":"","pricing":[{"pricing_icon":"platform","pricing_title":"Elfsight Apps","pricing_title_caption":"Software multipiattaforma","pricing_price":"da $ 0 \/ mese","pricing_price_caption":"inizia con il piano gratuito","pricing_benefits":[{"text":"Domini illimitati"},{"text":"Supporto aziendale rapido e ben documentato"},{"text":"Assistenza per l'installazione gratuita"},{"text":"100% personalizzabile"}],"pricing_button_text":"Aggiungi al sito web","pricing_button_url":"#demo"}],"related_apps_title":"","related_apps_hidden":"","author":"","image":[],"title":"","job":"","social_networks":[]},"_links":{"self":[{"href":"https:\/\/elfsight.com\/it\/wp-json\/wp\/v2\/pages\/4371","targetHints":{"allow":["GET"]}}],"collection":[{"href":"https:\/\/elfsight.com\/it\/wp-json\/wp\/v2\/pages"}],"about":[{"href":"https:\/\/elfsight.com\/it\/wp-json\/wp\/v2\/types\/page"}],"author":[{"embeddable":true,"href":"https:\/\/elfsight.com\/it\/wp-json\/wp\/v2\/users\/9"}],"replies":[{"embeddable":true,"href":"https:\/\/elfsight.com\/it\/wp-json\/wp\/v2\/comments?post=4371"}],"version-history":[{"count":1,"href":"https:\/\/elfsight.com\/it\/wp-json\/wp\/v2\/pages\/4371\/revisions"}],"predecessor-version":[{"id":4375,"href":"https:\/\/elfsight.com\/it\/wp-json\/wp\/v2\/pages\/4371\/revisions\/4375"}],"up":[{"embeddable":true,"href":"https:\/\/elfsight.com\/it\/wp-json\/wp\/v2\/pages\/1456"}],"wp:attachment":[{"href":"https:\/\/elfsight.com\/it\/wp-json\/wp\/v2\/media?parent=4371"}],"curies":[{"name":"wp","href":"https:\/\/api.w.org\/{rel}","templated":true}]}}