{"id":4370,"date":"2024-05-03T06:35:38","date_gmt":"2024-05-03T06:35:38","guid":{"rendered":"https:\/\/elfsight.com\/it\/?page_id=4370"},"modified":"2025-03-20T09:43:56","modified_gmt":"2025-03-20T09:43:56","slug":"html","status":"publish","type":"page","link":"https:\/\/elfsight.com\/it\/facebook-chat-widget\/html\/","title":{"rendered":"Facebook Chat &#8211; HTML"},"content":{"rendered":"\n<div class=\"application-platform-content-item-description application-platform-content-item\" id=\"description\" data-nav-section=\"description\"> <h2>Descrizione<\/h2> <p>La chat di Facebook creata da Elfsight \u00e8 una variante semplice che consente ai clienti del tuo sito web di inviarti un messaggio e avere risposte alle loro domande e richieste. Sei libero di rimanere disponibile online per il tuo pubblico in uno dei messenger pi\u00f9 popolari tutto il giorno. Incorpora il codice Chat nella pagina web e apparir\u00e0 su pagine selezionate o per tipi di pubblico specifici, introduci trigger di avvio della chat, scrivi il tuo messaggio di benvenuto personalizzato, seleziona icone e altro ancora. Utilizzando Facebook Messenger incorporato nel sito web, rimarrai facile da raggiungere per i tuoi spettatori a qualsiasi ora e indipendentemente da dove ti trovi.<\/p> <div class=\"faq\" data-component=\"FAQ\"> <div class=\"faq-item\">\r\n\t\t\t\t\t<div class=\"faq-item-question\">\r\n\t\t\t\t\t\t<h3 class=\"faq-item-question-text\">Dove posso installarlo<\/h3>\r\n\r\n\t\t\t\t\t\t<div class=\"faq-item-question-icon\"><\/div>\r\n\t\t\t\t\t<\/div>\r\n\r\n\t\t\t\t\t<div class=\"faq-item-answer\">\r\n\t\t\t\t\t\t<div class=\"faq-item-answer-text\"> <p>Il widget pu\u00f2 apparire su ogni pagina del tuo sito web o solo sulle pagine in cui ne hai bisogno. \u00c8 anche possibile limitarlo a pagine selezionate se le desideri senza la chat.<\/p> <\/div>\r\n\t\t\t\t\t<\/div>\r\n\t\t\t\t<\/div> <div class=\"faq-item\">\r\n\t\t\t\t\t<div class=\"faq-item-question\">\r\n\t\t\t\t\t\t<h3 class=\"faq-item-question-text\">Quali sono i vantaggi per me di avere questo plugin?<\/h3>\r\n\r\n\t\t\t\t\t\t<div class=\"faq-item-question-icon\"><\/div>\r\n\t\t\t\t\t<\/div>\r\n\r\n\t\t\t\t\t<div class=\"faq-item-answer\">\r\n\t\t\t\t\t\t<div class=\"faq-item-answer-text\"> <p>Facebook Live Chat render\u00e0 sar\u00e0 pi\u00f9 facile per i tuoi visitatori inviarti le loro domande, richieste o problemi. Ci\u00f2 pu\u00f2 aiutare a rafforzare la quantit\u00e0 di lead e vendite. Un altro vantaggio \u00e8 che la risposta rapida e l&#8217;approccio personale alle persone aumenteranno il livello del tuo supporto clienti. <\/p> <\/div>\r\n\t\t\t\t\t<\/div>\r\n\t\t\t\t<\/div> <div class=\"faq-item\">\r\n\t\t\t\t\t<div class=\"faq-item-question\">\r\n\t\t\t\t\t\t<h3 class=\"faq-item-question-text\">Di cosa ho bisogno per aggiungere la chat di Facebook al mio sito Web HTML? <\/h3>\r\n\r\n\t\t\t\t\t\t<div class=\"faq-item-question-icon\"><\/div>\r\n\t\t\t\t\t<\/div>\r\n\r\n\t\t\t\t\t<div class=\"faq-item-answer\">\r\n\t\t\t\t\t\t<div class=\"faq-item-answer-text\"> <p>Hai bisogno solo di un minuto di tempo per avere il widget attivo e funzionante. Il processo \u00e8 estremamente veloce, gratuito e non include la codifica. <\/p> <p>Puoi impostare il widget sulla tua pagina web tramite il nostro servizio. Per questo si applica la breve descrizione in basso in questa pagina. <\/p> <\/div>\r\n\t\t\t\t\t<\/div>\r\n\t\t\t\t<\/div> <\/div> <\/div> <div class=\"application-platform-content-item-features application-platform-content-item\" id=\"features\" data-nav-section=\"features\"> <h2>Funzionalit\u00e0<\/h2> <p>Per avere una chiara percezione della Chat Box di Facebook, vedere l&#8217;elenco delle opzioni pi\u00f9 preziose. Rendono il widget pi\u00f9 efficiente per te:<\/p> <ol><li>Integra Facebook Messenger nel tuo negozio per rimanere in contatto con la clientela; <\/li><li>Continua a inviare messaggi direttamente dal tuo account Facebook; <\/li><li>3 opzioni di posizione della chat: come bolla mobile, bolla incorporata e finestra di chat incorporata; <\/li><li> Trova la variante dell&#8217;icona a forma di bolla tra il set di icone disponibili; <\/li><li>Inserisci il tuo testo univoco nel fumetto della chat. <\/li><\/ol><p><a href=\"#demo\">Per verificare altre funzionalit\u00e0, guarda la demo dal vivo<\/a><\/p> <\/div> <div class=\"application-platform-content-item-installation application-platform-content-item\" id=\"installation\" data-nav-section=\"installation\"> <h2>Scopri come aggiungere il codice di Facebook Messenger al tuo sito HTML. \u00c8 veloce<\/h2><div class=\"video-container\"><iframe width=\"560\" height=\"315\" src=\"https:\/\/www.youtube.com\/embed\/YguUGtdzKKk?si=IfDkywA1J6VnoUV9\" frameborder=\"0\" allow=\"accelerometer; autoplay; clipboard-write; encrypted-media; gyroscope; picture-in-picture; web-share\" allowfullscreen><\/iframe><\/div><p>Un paio di semplici passaggi sono l&#8217;unica cosa di cui hai bisogno per avere Chat attivo e funzionante.<\/p><ul><li><b>Progetta il tuo proprio plugin di chat<\/b><br> Utilizzando il nostro configuratore gratuito, ottieni un plugin con design e funzionalit\u00e0 preferibili.<\/li><li><b>Ottieni il codice individuale per pubblicare il plugin<\/b><br> Dopo aver impostato il tuo widget, otterrai il codice univoco dalla finestra che appare su Elfsight Apps. Copia il codice per un ulteriore utilizzo.<\/li><li><b>Il plugin sul tuo sito web HTML<\/b><br> Scegli l&#8217;area in cui desideri integrare il plugin e aggiungi l\u00ec il codice copiato. Applica le modifiche.<\/li> <li><b>La configurazione \u00e8 completata<\/b><br> Visita la pagina web, per controllare la tua Chat.<\/li> <\/ul><p>Hai ancora dubbi? O riscontri problemi? Basta una singola richiesta al nostro team di assistenza clienti per risolvere qualsiasi tipo di problema.<\/p> <\/div>\n","protected":false},"excerpt":{"rendered":"","protected":false},"author":9,"featured_media":0,"parent":1456,"menu_order":0,"comment_status":"closed","ping_status":"closed","template":"templates\/template-application-platform.php","meta":{"publish_to_discourse":"","publish_post_category":"","wpdc_auto_publish_overridden":"","wpdc_topic_tags":"","wpdc_pin_topic":"","wpdc_pin_until":"","discourse_post_id":"","discourse_permalink":"","wpdc_publishing_response":"","wpdc_publishing_error":"","footnotes":""},"class_list":["post-4370","page","type-page","status-publish","hentry"],"yoast_head":"<!-- This site is optimized with the Yoast SEO plugin v25.3.1 - https:\/\/yoast.com\/wordpress\/plugins\/seo\/ -->\n<title>Chat di Facebook: aggiungi il codice Messenger al sito Web HTML (facile e veloce)<\/title>\n<meta name=\"description\" content=\"Con Elfsight, crea il tuo widget di chat di Facebook e pubblicalo rapidamente sul sito Web HTML. Offriamo un servizio clienti gratuito e pi\u00f9 bonus.\" \/>\n<meta name=\"robots\" content=\"index, follow, max-snippet:-1, max-image-preview:large, max-video-preview:-1\" \/>\n<link rel=\"canonical\" href=\"https:\/\/elfsight.com\/it\/facebook-chat-widget\/html\/\" \/>\n<meta property=\"og:locale\" content=\"it_IT\" \/>\n<meta property=\"og:type\" content=\"article\" \/>\n<meta property=\"og:title\" content=\"Chat di Facebook: aggiungi il codice Messenger al sito Web HTML (facile e veloce)\" \/>\n<meta property=\"og:description\" content=\"Con Elfsight, crea il tuo widget di chat di Facebook e pubblicalo rapidamente sul sito Web HTML. Offriamo un servizio clienti gratuito e pi\u00f9 bonus.\" \/>\n<meta property=\"og:url\" content=\"https:\/\/elfsight.com\/it\/facebook-chat-widget\/html\/\" \/>\n<meta property=\"og:site_name\" content=\"Elfsight IT\" \/>\n<meta property=\"article:modified_time\" content=\"2025-03-20T09:43:56+00:00\" \/>\n<meta name=\"twitter:card\" content=\"summary_large_image\" \/>\n<meta name=\"twitter:label1\" content=\"Tempo di lettura stimato\" \/>\n\t<meta name=\"twitter:data1\" content=\"3 minuti\" \/>\n<!-- \/ Yoast SEO plugin. -->","yoast_head_json":{"title":"Chat di Facebook: aggiungi il codice Messenger al sito Web HTML (facile e veloce)","description":"Con Elfsight, crea il tuo widget di chat di Facebook e pubblicalo rapidamente sul sito Web HTML. Offriamo un servizio clienti gratuito e pi\u00f9 bonus.","robots":{"index":"index","follow":"follow","max-snippet":"max-snippet:-1","max-image-preview":"max-image-preview:large","max-video-preview":"max-video-preview:-1"},"canonical":"https:\/\/elfsight.com\/it\/facebook-chat-widget\/html\/","og_locale":"it_IT","og_type":"article","og_title":"Chat di Facebook: aggiungi il codice Messenger al sito Web HTML (facile e veloce)","og_description":"Con Elfsight, crea il tuo widget di chat di Facebook e pubblicalo rapidamente sul sito Web HTML. Offriamo un servizio clienti gratuito e pi\u00f9 bonus.","og_url":"https:\/\/elfsight.com\/it\/facebook-chat-widget\/html\/","og_site_name":"Elfsight IT","article_modified_time":"2025-03-20T09:43:56+00:00","twitter_card":"summary_large_image","twitter_misc":{"Tempo di lettura stimato":"3 minuti"},"schema":{"@context":"https:\/\/schema.org","@graph":[{"@type":"WebPage","@id":"https:\/\/elfsight.com\/it\/facebook-chat-widget\/html\/","url":"https:\/\/elfsight.com\/it\/facebook-chat-widget\/html\/","name":"Chat di Facebook: aggiungi il codice Messenger al sito Web HTML (facile e veloce)","isPartOf":{"@id":"https:\/\/elfsight.com\/it\/#website"},"datePublished":"2024-05-03T06:35:38+00:00","dateModified":"2025-03-20T09:43:56+00:00","description":"Con Elfsight, crea il tuo widget di chat di Facebook e pubblicalo rapidamente sul sito Web HTML. Offriamo un servizio clienti gratuito e pi\u00f9 bonus.","breadcrumb":{"@id":"https:\/\/elfsight.com\/it\/facebook-chat-widget\/html\/#breadcrumb"},"inLanguage":"it-IT","potentialAction":[{"@type":"ReadAction","target":["https:\/\/elfsight.com\/it\/facebook-chat-widget\/html\/"]}]},{"@type":"BreadcrumbList","@id":"https:\/\/elfsight.com\/it\/facebook-chat-widget\/html\/#breadcrumb","itemListElement":[{"@type":"ListItem","position":1,"name":"Home","item":"https:\/\/elfsight.com\/it\/"},{"@type":"ListItem","position":2,"name":"Facebook Chat","item":"https:\/\/elfsight.com\/it\/facebook-chat-widget\/"},{"@type":"ListItem","position":3,"name":"Facebook Chat &#8211; HTML"}]},{"@type":"WebSite","@id":"https:\/\/elfsight.com\/it\/#website","url":"https:\/\/elfsight.com\/it\/","name":"Elfsight IT","description":"Just another Elfsight Sites site","potentialAction":[{"@type":"SearchAction","target":{"@type":"EntryPoint","urlTemplate":"https:\/\/elfsight.com\/it\/?s={search_term_string}"},"query-input":{"@type":"PropertyValueSpecification","valueRequired":true,"valueName":"search_term_string"}}],"inLanguage":"it-IT"}]}},"meta_box":{"industry":"","seo_heading":"","heading":"","description":"","cta_heading":"","cta_description":"","application":"1455","h1":"Codice HTML di Facebook Messenger","h1_caption":"Aggiungi un widget di chat di Facebook Messenger al tuo sito web, fornendo agli utenti un modo semplice per contattarti facilmente nei tuoi siti Google.","application_category":[],"applications_title":"","applications_request_title":"","applications_request_button_text":"","hero_text":"","hero_video":"","hero_video_schema_markup":"","selling_points_title":"","selling_points_caption":"","selling_points":[],"selling_points_cta_text":"","features_title":"","features":"","ed_cta_examples_text":"","ed_cta_examples_hidden":"","ed_cta_demo_text":"","ed_cta_demo_hidden":"","why_caption":"","why_editor_title":"","why_editor_text":"","why_team_title":"","why_team_text":"","why_service_title":"","why_service_text":"","template_catalog_visible":"0","template_catalog_title":"","template_catalog_text":"","template_catalog_categories_visible":"","demo_title":"Crea il tuo widget di chat di Facebook","demo_caption":"Configura la tua chat di Facebook e aggiungila gratuitamente al tuo sito HTML!","default_faq_hidden":"","app_template_category":[],"platform":"35","template_public_id":"","codecanyon_url":"","codecanyon_item_id":"","codecanyon_price":"","pricing_caption":"","pricing_elfsight_apps_hide_column":"","pricing_elfsight_apps_url":"","pricing_codecanyon_price_caption":"","integration_category":[],"integration_request_title":"","integration_request_cta":"","integration_platform":"","integrations":[],"platform_category":[],"video_schema_markup":"","price":"da $ 0 al mese","trial":"","benefits":[{"text":"Servizio di installazione gratuito"},{"text":"Assistenza clienti efficace"},{"text":"Garanzia di rimborso di 14 giorni"},{"text":"Aggiornamento costante"}],"button_url":"#demo","button_target_blank":"0","button_nofollow":"0","attributes":[{"name":"Installazioni"},{"name":"Reattivo","content":"S\u00cc"},{"name":"Browser compatibili","content":"Firefox, Safari, Opera, Chrome, Edge"}],"tags":[],"tags_disable_links":"0","hide_more_platforms":"0","video_object":"","demo_hide_cta":"0","demo_hide_cloud_options":"0","pricing_title":"","pricing":[{"pricing_icon":"platform","pricing_title":"Elfsight Apps","pricing_title_caption":"Software multipiattaforma","pricing_price":"da $ 0 \/ mese","pricing_price_caption":"inizia con il piano gratuito","pricing_benefits":[{"text":"Siti web illimitati"},{"text":"Supporto professionale e ben documentato"},{"text":"Aiuto gratuito per l'installazione"},{"text":"Ottimo affare per pi\u00f9 app"}],"pricing_button_text":"Aggiungi al sito web","pricing_button_url":"#demo"}],"related_apps_title":"","related_apps_hidden":"0","author":"","image":[],"title":"","job":"","social_networks":[]},"_links":{"self":[{"href":"https:\/\/elfsight.com\/it\/wp-json\/wp\/v2\/pages\/4370","targetHints":{"allow":["GET"]}}],"collection":[{"href":"https:\/\/elfsight.com\/it\/wp-json\/wp\/v2\/pages"}],"about":[{"href":"https:\/\/elfsight.com\/it\/wp-json\/wp\/v2\/types\/page"}],"author":[{"embeddable":true,"href":"https:\/\/elfsight.com\/it\/wp-json\/wp\/v2\/users\/9"}],"replies":[{"embeddable":true,"href":"https:\/\/elfsight.com\/it\/wp-json\/wp\/v2\/comments?post=4370"}],"version-history":[{"count":3,"href":"https:\/\/elfsight.com\/it\/wp-json\/wp\/v2\/pages\/4370\/revisions"}],"predecessor-version":[{"id":9411,"href":"https:\/\/elfsight.com\/it\/wp-json\/wp\/v2\/pages\/4370\/revisions\/9411"}],"up":[{"embeddable":true,"href":"https:\/\/elfsight.com\/it\/wp-json\/wp\/v2\/pages\/1456"}],"wp:attachment":[{"href":"https:\/\/elfsight.com\/it\/wp-json\/wp\/v2\/media?parent=4370"}],"curies":[{"name":"wp","href":"https:\/\/api.w.org\/{rel}","templated":true}]}}