{"id":4364,"date":"2024-05-03T06:35:36","date_gmt":"2024-05-03T06:35:36","guid":{"rendered":"https:\/\/elfsight.com\/it\/?page_id=4364"},"modified":"2024-11-12T13:14:51","modified_gmt":"2024-11-12T13:14:51","slug":"joomla","status":"publish","type":"page","link":"https:\/\/elfsight.com\/it\/facebook-chat-widget\/joomla\/","title":{"rendered":"Facebook Chat &#8211; Joomla"},"content":{"rendered":"<div class=\"application-platform-content-item-description application-platform-content-item\" id=\"description\" data-nav-section=\"description\"> <h2>Descrizione<\/h2> <p>La chat di Facebook sviluppata da Elfsight \u00e8 il modo pi\u00f9 veloce per consentire al pubblico del tuo sito web di inviarti i propri messaggi e ricevere i propri risposte alle domande. Puoi rimanere disponibile online per i clienti nel messenger pi\u00f9 amato in qualsiasi momento. Incorpora Live Chat Box nel tuo negozio e impostala in modo che venga visualizzata su determinate pagine o per categorie selezionate di pubblico, scegli i trigger di avvio della chat, inserisci il tuo messaggio di benvenuto univoco, imposta le icone e applica altre personalizzazioni. Con Facebook Messenger installato sulla pagina web, sarai in contatto con i tuoi clienti in qualsiasi momento e ovunque ti trovi. <\/p> <div class=\"faq\" data-component=\"FAQ\"> <div class=\"faq-item\">\r\n\t\t\t\t\t<div class=\"faq-item-question\">\r\n\t\t\t\t\t\t<h3 class=\"faq-item-question-text\">Dove posso pubblicare la chat di Facebook Messenger<\/h3>\r\n\r\n\t\t\t\t\t\t<div class=\"faq-item-question-icon\"><\/div>\r\n\t\t\t\t\t<\/div>\r\n\r\n\t\t\t\t\t<div class=\"faq-item-answer\">\r\n\t\t\t\t\t\t<div class=\"faq-item-answer-text\"> <p>Il widget pu\u00f2 apparire su ogni pagina del tuo sito web o solo sulle pagine selezionate. \u00c8 anche possibile limitarlo a pagine particolari in cui non hai bisogno della chat. <\/p> <\/div>\r\n\t\t\t\t\t<\/div>\r\n\t\t\t\t<\/div> <div class=\"faq-item\">\r\n\t\t\t\t\t<div class=\"faq-item-question\">\r\n\t\t\t\t\t\t<h3 class=\"faq-item-question-text\">Quali vantaggi mi dar\u00e0? <\/h3>\r\n\r\n\t\t\t\t\t\t<div class=\"faq-item-question-icon\"><\/div>\r\n\t\t\t\t\t<\/div>\r\n\r\n\t\t\t\t\t<div class=\"faq-item-answer\">\r\n\t\t\t\t\t\t<div class=\"faq-item-answer-text\"> <p>Aiuter\u00e0 pi\u00f9 pubblico a contattarti con le loro domande, richieste o problemi. Ci\u00f2 pu\u00f2 contribuire ad aumentare il numero di lead e vendite. Inoltre, risposte rapide e un approccio personale alle persone miglioreranno la qualit\u00e0 delle relazioni con i clienti. <\/p> <\/div>\r\n\t\t\t\t\t<\/div>\r\n\t\t\t\t<\/div> <div class=\"faq-item\">\r\n\t\t\t\t\t<div class=\"faq-item-question\">\r\n\t\t\t\t\t\t<h3 class=\"faq-item-question-text\">Come posso installare la chat di Facebook sul mio sito Joomla? <\/h3>\r\n\r\n\t\t\t\t\t\t<div class=\"faq-item-question-icon\"><\/div>\r\n\t\t\t\t\t<\/div>\r\n\r\n\t\t\t\t\t<div class=\"faq-item-answer\">\r\n\t\t\t\t\t\t<div class=\"faq-item-answer-text\"> <p>Ti servir\u00e0 solo un minuto del tuo tempo per avere il widget attivo e funzionante. L&#8217;installazione \u00e8 estremamente veloce, gratuita e senza codifica. <\/p> <p>Il widget pu\u00f2 essere integrato direttamente sul nostro servizio o sul marketplace. Puoi confrontare tutti i dettagli delle due opzioni e sceglierne una pi\u00f9 adatta. <\/p> <\/div>\r\n\t\t\t\t\t<\/div>\r\n\t\t\t\t<\/div> <\/div> <\/div> <div class=\"application-platform-content-item-features application-platform-content-item\" id=\"features\" data-nav-section=\"features\"> <h2>Caratteristiche<\/h2> <p>Per comprendere le funzionalit\u00e0 di Facebook Chat, scoprine l&#8217;elenco caratteristiche primarie. Rendono questo widget incredibilmente efficiente per la tua promozione: <\/p> <ul><li>Aggiungi Facebook Live Messenger sul tuo sito web per stabilire una comunicazione con i clienti; <\/li><li>Fornisci risposta direttamente dal tuo account Facebook; <\/li><li>Scegli tra 3 opzioni di posizione della chat: bolla mobile, bolla incorporata e finestra di chat incorporata; <\/li><li>Esplora una raccolta di icone a bolle da cui prendere spunto| Seleziona la variante dell&#8217;icona a forma di bolla nella libreria di icone disponibili; <\/li><li>Modifica il testo del fumetto della chat. <\/li><\/ul><p><a href=\"#demo\">La nostra demo ti aprir\u00e0 tutte le funzionalit\u00e0<\/a><\/p> <\/div> <div class=\"application-platform-content-item-installation application-platform-content-item\" id=\"installation\" data-nav-section=\"installation\"> <h2>Ecco come incorporare la chat di Facebook nel tuo sito web Joomla<\/h2> <p>Segui semplicemente le istruzioni seguenti per iniziare a lavorare con la chat di Facebook su Joomla.<\/p> <ol><li><b>Utilizza il nostro servizio gratuito editor e inizia a dare forma alla tua estensione personalizzata. <\/b><br> Determina il design e le specifiche preferibili del widget e salva le modifiche. <\/li> <li><b>Ricevi il tuo codice univoco rivelato nella casella su Elfsight Apps. <\/b><br> Una volta completata la personalizzazione del plug-in, copia il codice individuale nella casella visualizzata e conservalo per un ulteriore utilizzo. <\/li> <li><b>Inizia a utilizzare l&#8217;estensione sul sito Joomla. <\/b><br> Incolla il codice salvato in precedenza nel tuo sito web e salva le modifiche. <\/li> <li><b>Fatto! La configurazione \u00e8 stata completata con successo. <\/b><br> Visita il tuo sito per verificare come funziona lo strumento. <\/li><\/ol><p>Non riesci ancora a decidere? O ti sei imbattuto in qualcosa? Indirizza semplicemente la tua richiesta al nostro team di assistenza clienti e loro ti aiuteranno con qualsiasi questione. <\/p> <\/div>","protected":false},"excerpt":{"rendered":"","protected":false},"author":9,"featured_media":0,"parent":1456,"menu_order":0,"comment_status":"closed","ping_status":"closed","template":"templates\/template-application-platform.php","meta":{"publish_to_discourse":"","publish_post_category":"","wpdc_auto_publish_overridden":"","wpdc_topic_tags":"","wpdc_pin_topic":"","wpdc_pin_until":"","discourse_post_id":"","discourse_permalink":"","wpdc_publishing_response":"","wpdc_publishing_error":"","footnotes":""},"class_list":["post-4364","page","type-page","status-publish","hentry"],"yoast_head":"<!-- This site is optimized with the Yoast SEO plugin v25.3.1 - https:\/\/yoast.com\/wordpress\/plugins\/seo\/ -->\n<title>Chat di Facebook: aggiungi l&#039;estensione Messenger al sito Web Joomla (in 2 minuti)<\/title>\n<meta name=\"description\" content=\"\u00c8 facile costruire la tua estensione per la chat di Facebook e posizionarla sul tuo sito web Joomla. L&#039;assistenza clienti Elfsight \u00e8 gratuita.\" \/>\n<meta name=\"robots\" content=\"index, follow, max-snippet:-1, max-image-preview:large, max-video-preview:-1\" \/>\n<link rel=\"canonical\" href=\"https:\/\/elfsight.com\/it\/facebook-chat-widget\/joomla\/\" \/>\n<meta property=\"og:locale\" content=\"it_IT\" \/>\n<meta property=\"og:type\" content=\"article\" \/>\n<meta property=\"og:title\" content=\"Chat di Facebook: aggiungi l&#039;estensione Messenger al sito Web Joomla (in 2 minuti)\" \/>\n<meta property=\"og:description\" content=\"\u00c8 facile costruire la tua estensione per la chat di Facebook e posizionarla sul tuo sito web Joomla. L&#039;assistenza clienti Elfsight \u00e8 gratuita.\" \/>\n<meta property=\"og:url\" content=\"https:\/\/elfsight.com\/it\/facebook-chat-widget\/joomla\/\" \/>\n<meta property=\"og:site_name\" content=\"Elfsight IT\" \/>\n<meta property=\"article:modified_time\" content=\"2024-11-12T13:14:51+00:00\" \/>\n<meta name=\"twitter:card\" content=\"summary_large_image\" \/>\n<meta name=\"twitter:label1\" content=\"Tempo di lettura stimato\" \/>\n\t<meta name=\"twitter:data1\" content=\"3 minuti\" \/>\n<!-- \/ Yoast SEO plugin. -->","yoast_head_json":{"title":"Chat di Facebook: aggiungi l'estensione Messenger al sito Web Joomla (in 2 minuti)","description":"\u00c8 facile costruire la tua estensione per la chat di Facebook e posizionarla sul tuo sito web Joomla. L'assistenza clienti Elfsight \u00e8 gratuita.","robots":{"index":"index","follow":"follow","max-snippet":"max-snippet:-1","max-image-preview":"max-image-preview:large","max-video-preview":"max-video-preview:-1"},"canonical":"https:\/\/elfsight.com\/it\/facebook-chat-widget\/joomla\/","og_locale":"it_IT","og_type":"article","og_title":"Chat di Facebook: aggiungi l'estensione Messenger al sito Web Joomla (in 2 minuti)","og_description":"\u00c8 facile costruire la tua estensione per la chat di Facebook e posizionarla sul tuo sito web Joomla. L'assistenza clienti Elfsight \u00e8 gratuita.","og_url":"https:\/\/elfsight.com\/it\/facebook-chat-widget\/joomla\/","og_site_name":"Elfsight IT","article_modified_time":"2024-11-12T13:14:51+00:00","twitter_card":"summary_large_image","twitter_misc":{"Tempo di lettura stimato":"3 minuti"},"schema":{"@context":"https:\/\/schema.org","@graph":[{"@type":"WebPage","@id":"https:\/\/elfsight.com\/it\/facebook-chat-widget\/joomla\/","url":"https:\/\/elfsight.com\/it\/facebook-chat-widget\/joomla\/","name":"Chat di Facebook: aggiungi l'estensione Messenger al sito Web Joomla (in 2 minuti)","isPartOf":{"@id":"https:\/\/elfsight.com\/it\/#website"},"datePublished":"2024-05-03T06:35:36+00:00","dateModified":"2024-11-12T13:14:51+00:00","description":"\u00c8 facile costruire la tua estensione per la chat di Facebook e posizionarla sul tuo sito web Joomla. L'assistenza clienti Elfsight \u00e8 gratuita.","breadcrumb":{"@id":"https:\/\/elfsight.com\/it\/facebook-chat-widget\/joomla\/#breadcrumb"},"inLanguage":"it-IT","potentialAction":[{"@type":"ReadAction","target":["https:\/\/elfsight.com\/it\/facebook-chat-widget\/joomla\/"]}]},{"@type":"BreadcrumbList","@id":"https:\/\/elfsight.com\/it\/facebook-chat-widget\/joomla\/#breadcrumb","itemListElement":[{"@type":"ListItem","position":1,"name":"Home","item":"https:\/\/elfsight.com\/it\/"},{"@type":"ListItem","position":2,"name":"Facebook Chat","item":"https:\/\/elfsight.com\/it\/facebook-chat-widget\/"},{"@type":"ListItem","position":3,"name":"Facebook Chat &#8211; Joomla"}]},{"@type":"WebSite","@id":"https:\/\/elfsight.com\/it\/#website","url":"https:\/\/elfsight.com\/it\/","name":"Elfsight IT","description":"Just another Elfsight Sites site","potentialAction":[{"@type":"SearchAction","target":{"@type":"EntryPoint","urlTemplate":"https:\/\/elfsight.com\/it\/?s={search_term_string}"},"query-input":{"@type":"PropertyValueSpecification","valueRequired":true,"valueName":"search_term_string"}}],"inLanguage":"it-IT"}]}},"meta_box":{"industry":"","seo_heading":"","heading":"","description":"","cta_heading":"","cta_description":"","application":"1455","h1":"Estensione per la chat di Facebook di Joomla","h1_caption":"Aggiungi un'app di chat di Facebook Messenger al tuo sito web, fornendo agli utenti un modo semplice per contattarti senza sforzo nel tuo sito web WooCommerce.","application_category":[],"applications_title":"","applications_request_title":"","applications_request_button_text":"","hero_text":"","hero_video":"","hero_video_schema_markup":"","selling_points_title":"","selling_points_caption":"","selling_points":[],"selling_points_cta_text":"","features_title":"","features":"","ed_cta_examples_text":"","ed_cta_examples_hidden":"","ed_cta_demo_text":"","ed_cta_demo_hidden":"","why_caption":"","why_editor_title":"","why_editor_text":"","why_team_title":"","why_team_text":"","why_service_title":"","why_service_text":"","template_catalog_visible":"","template_catalog_title":"","template_catalog_text":"","template_catalog_categories_visible":"","demo_title":"Crea il tuo plugin per la chat di Facebook","demo_caption":"Configura la tua chat di Facebook e aggiungila gratuitamente al tuo sito Joomla!","default_faq_hidden":"","app_template_category":[],"platform":"36","template_public_id":"","codecanyon_url":"","codecanyon_item_id":"","codecanyon_price":"","pricing_caption":"","pricing_elfsight_apps_hide_column":"","pricing_elfsight_apps_url":"","pricing_codecanyon_price_caption":"","integration_category":[],"integration_request_title":"","integration_request_cta":"","integration_platform":"","integrations":[],"platform_category":[],"video_schema_markup":"","price":"da $ 0 al mese","trial":"","benefits":[{"text":"Servizio di installazione gratuito"},{"text":"Servizio clienti competente"},{"text":"Garanzia di rimborso di 14 giorni"},{"text":"Miglioramenti a vita"}],"button_url":"#demo","button_target_blank":"","button_nofollow":"","attributes":[{"name":"Installazioni"},{"name":"Reattivo","content":"S\u00cc"},{"name":"Browser compatibili","content":" Chrome, Edge, Firefox, Opera, Safari"}],"tags":[],"tags_disable_links":"","hide_more_platforms":"","video_object":"","demo_hide_cta":"","demo_hide_cloud_options":"","pricing_title":"","pricing":[{"pricing_icon":"platform","pricing_title":"Elfsight Apps","pricing_title_caption":"Soluzione multipiattaforma che funziona su qualsiasi sito web","pricing_price":"da $ 0 \/ mese","pricing_price_caption":"inizia con il piano gratuito","pricing_benefits":[{"text":"Siti web illimitati"},{"text":"Supporto premium, puntuale e ben documentato"},{"text":"Servizio di installazione gratuito"},{"text":"Prezzo da prendere per pi\u00f9 app"}],"pricing_button_text":"Aggiungi al sito web","pricing_button_url":"#demo"}],"related_apps_title":"","related_apps_hidden":"","author":"","image":[],"title":"","job":"","social_networks":[]},"_links":{"self":[{"href":"https:\/\/elfsight.com\/it\/wp-json\/wp\/v2\/pages\/4364","targetHints":{"allow":["GET"]}}],"collection":[{"href":"https:\/\/elfsight.com\/it\/wp-json\/wp\/v2\/pages"}],"about":[{"href":"https:\/\/elfsight.com\/it\/wp-json\/wp\/v2\/types\/page"}],"author":[{"embeddable":true,"href":"https:\/\/elfsight.com\/it\/wp-json\/wp\/v2\/users\/9"}],"replies":[{"embeddable":true,"href":"https:\/\/elfsight.com\/it\/wp-json\/wp\/v2\/comments?post=4364"}],"version-history":[{"count":1,"href":"https:\/\/elfsight.com\/it\/wp-json\/wp\/v2\/pages\/4364\/revisions"}],"predecessor-version":[{"id":4368,"href":"https:\/\/elfsight.com\/it\/wp-json\/wp\/v2\/pages\/4364\/revisions\/4368"}],"up":[{"embeddable":true,"href":"https:\/\/elfsight.com\/it\/wp-json\/wp\/v2\/pages\/1456"}],"wp:attachment":[{"href":"https:\/\/elfsight.com\/it\/wp-json\/wp\/v2\/media?parent=4364"}],"curies":[{"name":"wp","href":"https:\/\/api.w.org\/{rel}","templated":true}]}}