{"id":4363,"date":"2024-05-03T06:35:35","date_gmt":"2024-05-03T06:35:35","guid":{"rendered":"https:\/\/elfsight.com\/it\/?page_id=4363"},"modified":"2025-03-20T09:47:02","modified_gmt":"2025-03-20T09:47:02","slug":"squarespace","status":"publish","type":"page","link":"https:\/\/elfsight.com\/it\/facebook-chat-widget\/squarespace\/","title":{"rendered":"Facebook Chat &#8211; Squarespace"},"content":{"rendered":"\n<div class=\"application-platform-content-item-description application-platform-content-item\" id=\"description\" data-nav-section=\"description\"> <h2>Incorpora la chat di Facebook su Squarespace con il widget Elfsight<\/h2> <p>La chat di Facebook di Elfsight \u00e8 un modo semplice e veloce per il tuo sito web visitatori di inviarti i loro messaggi e ricevere risposte alle loro domande e richieste. Rimani disponibile per i tuoi utenti nel loro messenger pi\u00f9 popolare ovunque e in qualsiasi momento. Inserisci la chat sul tuo sito web e falla apparire su determinate pagine o per determinati tipi di clientela, seleziona i trigger di avvio della chat, inserisci il tuo messaggio di benvenuto, scegli le icone e applica altre personalizzazioni. Con Facebook Messenger che funziona sulla pagina web, sarai connesso ai tuoi clienti a qualsiasi ora e indipendentemente dalla tua posizione. <\/p> <div class=\"faq\" data-component=\"FAQ\"> <div class=\"faq-item\">\r\n\t\t\t\t\t<div class=\"faq-item-question\">\r\n\t\t\t\t\t\t<h3 class=\"faq-item-question-text\">Dove posso installare il widget<\/h3>\r\n\r\n\t\t\t\t\t\t<div class=\"faq-item-question-icon\"><\/div>\r\n\t\t\t\t\t<\/div>\r\n\r\n\t\t\t\t\t<div class=\"faq-item-answer\">\r\n\t\t\t\t\t\t<div class=\"faq-item-answer-text\"> <p>Puoi impostare il widget e mostrarlo su tutte le pagine del tuo sito, o solo su quelli selezionati. Puoi anche escludere determinate pagine su cui non hai bisogno del widget.<\/p> <\/div>\r\n\t\t\t\t\t<\/div>\r\n\t\t\t\t<\/div> <div class=\"faq-item\">\r\n\t\t\t\t\t<div class=\"faq-item-question\">\r\n\t\t\t\t\t\t<h3 class=\"faq-item-question-text\">Come posso trarre vantaggio dalla chat di Facebook?<\/h3>\r\n\r\n\t\t\t\t\t\t<div class=\"faq-item-question-icon\"><\/div>\r\n\t\t\t\t\t<\/div>\r\n\r\n\t\t\t\t\t<div class=\"faq-item-answer\">\r\n\t\t\t\t\t\t<div class=\"faq-item-answer-text\"> <p>Facebook Messenger render\u00e0 pi\u00f9 semplice per le persone rivolgersi a te con le loro domande e richieste. Ci\u00f2 pu\u00f2 aiutare ad aumentare il numero di lead e vendite. Un altro vantaggio \u00e8 che risposte rapide e un approccio individuale alle persone aumenteranno il livello delle relazioni con i clienti. <\/p> <\/div>\r\n\t\t\t\t\t<\/div>\r\n\t\t\t\t<\/div> <div class=\"faq-item\">\r\n\t\t\t\t\t<div class=\"faq-item-question\">\r\n\t\t\t\t\t\t<h3 class=\"faq-item-question-text\">Come posso installare il plugin Facebook Chat sul mio sito web Squarespace?<\/h3>\r\n\r\n\t\t\t\t\t\t<div class=\"faq-item-question-icon\"><\/div>\r\n\t\t\t\t\t<\/div>\r\n\r\n\t\t\t\t\t<div class=\"faq-item-answer\">\r\n\t\t\t\t\t\t<div class=\"faq-item-answer-text\"> <p>Sono necessari solo due minuti del tuo tempo per impostare il widget. Il processo \u00e8 molto veloce, gratuito e non richiede codifica. <\/p> <p>Puoi aggiungere Facebook Messenger al tuo sito web direttamente nel nostro servizio. Per realizzarlo \u00e8 sufficiente seguire i passaggi della guida descritta di seguito in questa pagina. <\/p> <\/div>\r\n\t\t\t\t\t<\/div>\r\n\t\t\t\t<\/div> <div class=\"faq-item\">\r\n\t\t\t\t\t<div class=\"faq-item-question\">\r\n\t\t\t\t\t\t<h3 class=\"faq-item-question-text\">Come incorporare un widget di Facebook Messenger nel mio sito web Squarespace senza competenze di codifica?<\/h3>\r\n\r\n\t\t\t\t\t\t<div class=\"faq-item-question-icon\"><\/div>\r\n\t\t\t\t\t<\/div>\r\n\r\n\t\t\t\t\t<div class=\"faq-item-answer\">\r\n\t\t\t\t\t\t<div class=\"faq-item-answer-text\"><p>Elfsight fornisce una soluzione SaaS che ti consente di costruire tu stesso un widget di Facebook Messenger; osserva quanto \u00e8 semplice il processo: opera direttamente nell&#8217;editor online per creare un widget di Facebook Messenger che vorresti avere sul tuo sito web Squarespace. Scegli uno dei modelli predefiniti e personalizza le impostazioni del widget di Messenger, integra i tuoi contenuti, regola il layout e i colori, il tutto senza bisogno di competenze di codifica. Salva il widget Messenger e copia il codice di installazione, cos\u00ec potrai inserirlo facilmente nel tuo sito web Squarespace senza la necessit\u00e0 di acquistare un piano premium. Con il nostro editor intuitivo, qualsiasi utente di Internet pu\u00f2 creare un widget di Facebook Messenger online e incorporarlo comodamente nel proprio sito web Squarespace. Non \u00e8 necessario effettuare un pagamento o fornire i dati della tua carta per accedere al servizio. Se riscontri problemi in qualsiasi fase, non esitare a contattare il nostro team di supporto tecnico.<\/p><\/div>\r\n\t\t\t\t\t<\/div>\r\n\t\t\t\t<\/div><\/div> <\/div> <div class=\"application-platform-content-item-features application-platform-content-item\" id=\"features\" data-nav-section=\"features\"> <h2> Caratteristiche principali del widget Facebook Chat<\/h2> <p>Per avere un&#8217;idea completa della Facebook Live Chat, ecco l&#8217;elenco delle sue funzioni pi\u00f9 importanti. Rendono questo widget estremamente vantaggioso per il tuo sito web: <\/p> <ul><li>Imposta Facebook Messenger sul tuo sito per comunicare con i clienti; <\/li><li>Fornisci risposta direttamente dalla tua pagina Facebook; <\/li><li>Utilizza tre varianti del layout della chat: bolla mobile, bolla incorporata e finestra di chat incorporata; <\/li><li> Scegli la variante dell&#8217;icona a forma di bolla dalla raccolta di icone disponibili; <\/li><li>Modifica il testo del fumetto della chat. <\/li><\/ul><p><a href=\"#demo\">Scopri pi\u00f9 funzionalit\u00e0 nella demo dal vivo<\/a><\/p> <\/div> <div class=\"application-platform-content-item-installation application-platform-content-item\" id=\"installation\" data-nav-section=\"installation\"> <h2>Controlla come aggiungere la chat di Facebook al tuo sito web Squarespace.<\/h2><div class=\"video-container\"><iframe width=\"560\" height=\"315\" src=\"https:\/\/www.youtube.com\/embed\/g_HY8FqeTeo?si=bGTpQ-xipipTMHvA\" frameborder=\"0\" allow=\"accelerometer; autoplay; clipboard-write; encrypted-media; gyroscope; picture-in-picture; web-share\" allowfullscreen><\/iframe><\/div><p>Per installare Chat \u00e8 sufficiente seguire la semplice guida riportata di seguito. \u00c8 veloce e non richiede codifica. <\/p> <ol><li><b>Crea il tuo plugin di messaggistica Facebook personalizzato<\/b><br> Nella nostra demo gratuita, crea un plugin con composizione e funzioni personalizzate. <\/li><li><b>Acquisisci il codice individuale per incorporare il plugin<\/b><br> Dopo aver generato il tuo widget, riceverai il codice univoco dalla notifica visualizzata sulle app Elfsight. Copia il codice per un ulteriore utilizzo. <\/li> <li><b>Pubblica il plugin sul tuo sito web Squarespace<\/b><br> Definisci il luogo in cui desideri pubblicare il plugin e incolla l\u00ec il codice copiato. Pubblica i risultati. <\/li> <li><b>Hai finito! <\/b><br> Visita la tua pagina, per visionare i tuoi lavori.<\/li> <\/ol><p>Hai ancora dubbi su qualcosa? O stai riscontrando problemi? Basta semplicemente indirizzare una richiesta al nostro team di supporto e loro risolveranno qualsiasi tipo di problema. <\/p> <\/div>\n","protected":false},"excerpt":{"rendered":"","protected":false},"author":9,"featured_media":0,"parent":1456,"menu_order":0,"comment_status":"closed","ping_status":"closed","template":"templates\/template-application-platform.php","meta":{"publish_to_discourse":"","publish_post_category":"","wpdc_auto_publish_overridden":"","wpdc_topic_tags":"","wpdc_pin_topic":"","wpdc_pin_until":"","discourse_post_id":"","discourse_permalink":"","wpdc_publishing_response":"","wpdc_publishing_error":"","footnotes":""},"class_list":["post-4363","page","type-page","status-publish","hentry"],"yoast_head":"<!-- This site is optimized with the Yoast SEO plugin v25.3.1 - https:\/\/yoast.com\/wordpress\/plugins\/seo\/ -->\n<title>Chat di Facebook: aggiungi Messenger al sito web di Squarespace (in 2 minuti)<\/title>\n<meta name=\"description\" content=\"Con Elfsight, modella la tua chat di Facebook e aggiungila alla pagina web con facilit\u00e0. Offriamo assistenza clienti gratuita e altri bonus.\" \/>\n<meta name=\"robots\" content=\"index, follow, max-snippet:-1, max-image-preview:large, max-video-preview:-1\" \/>\n<link rel=\"canonical\" href=\"https:\/\/elfsight.com\/it\/facebook-chat-widget\/squarespace\/\" \/>\n<meta property=\"og:locale\" content=\"it_IT\" \/>\n<meta property=\"og:type\" content=\"article\" \/>\n<meta property=\"og:title\" content=\"Chat di Facebook: aggiungi Messenger al sito web di Squarespace (in 2 minuti)\" \/>\n<meta property=\"og:description\" content=\"Con Elfsight, modella la tua chat di Facebook e aggiungila alla pagina web con facilit\u00e0. Offriamo assistenza clienti gratuita e altri bonus.\" \/>\n<meta property=\"og:url\" content=\"https:\/\/elfsight.com\/it\/facebook-chat-widget\/squarespace\/\" \/>\n<meta property=\"og:site_name\" content=\"Elfsight IT\" \/>\n<meta property=\"article:modified_time\" content=\"2025-03-20T09:47:02+00:00\" \/>\n<meta name=\"twitter:card\" content=\"summary_large_image\" \/>\n<meta name=\"twitter:label1\" content=\"Tempo di lettura stimato\" \/>\n\t<meta name=\"twitter:data1\" content=\"4 minuti\" \/>\n<!-- \/ Yoast SEO plugin. -->","yoast_head_json":{"title":"Chat di Facebook: aggiungi Messenger al sito web di Squarespace (in 2 minuti)","description":"Con Elfsight, modella la tua chat di Facebook e aggiungila alla pagina web con facilit\u00e0. Offriamo assistenza clienti gratuita e altri bonus.","robots":{"index":"index","follow":"follow","max-snippet":"max-snippet:-1","max-image-preview":"max-image-preview:large","max-video-preview":"max-video-preview:-1"},"canonical":"https:\/\/elfsight.com\/it\/facebook-chat-widget\/squarespace\/","og_locale":"it_IT","og_type":"article","og_title":"Chat di Facebook: aggiungi Messenger al sito web di Squarespace (in 2 minuti)","og_description":"Con Elfsight, modella la tua chat di Facebook e aggiungila alla pagina web con facilit\u00e0. Offriamo assistenza clienti gratuita e altri bonus.","og_url":"https:\/\/elfsight.com\/it\/facebook-chat-widget\/squarespace\/","og_site_name":"Elfsight IT","article_modified_time":"2025-03-20T09:47:02+00:00","twitter_card":"summary_large_image","twitter_misc":{"Tempo di lettura stimato":"4 minuti"},"schema":{"@context":"https:\/\/schema.org","@graph":[{"@type":"WebPage","@id":"https:\/\/elfsight.com\/it\/facebook-chat-widget\/squarespace\/","url":"https:\/\/elfsight.com\/it\/facebook-chat-widget\/squarespace\/","name":"Chat di Facebook: aggiungi Messenger al sito web di Squarespace (in 2 minuti)","isPartOf":{"@id":"https:\/\/elfsight.com\/it\/#website"},"datePublished":"2024-05-03T06:35:35+00:00","dateModified":"2025-03-20T09:47:02+00:00","description":"Con Elfsight, modella la tua chat di Facebook e aggiungila alla pagina web con facilit\u00e0. Offriamo assistenza clienti gratuita e altri bonus.","breadcrumb":{"@id":"https:\/\/elfsight.com\/it\/facebook-chat-widget\/squarespace\/#breadcrumb"},"inLanguage":"it-IT","potentialAction":[{"@type":"ReadAction","target":["https:\/\/elfsight.com\/it\/facebook-chat-widget\/squarespace\/"]}]},{"@type":"BreadcrumbList","@id":"https:\/\/elfsight.com\/it\/facebook-chat-widget\/squarespace\/#breadcrumb","itemListElement":[{"@type":"ListItem","position":1,"name":"Home","item":"https:\/\/elfsight.com\/it\/"},{"@type":"ListItem","position":2,"name":"Facebook Chat","item":"https:\/\/elfsight.com\/it\/facebook-chat-widget\/"},{"@type":"ListItem","position":3,"name":"Facebook Chat &#8211; Squarespace"}]},{"@type":"WebSite","@id":"https:\/\/elfsight.com\/it\/#website","url":"https:\/\/elfsight.com\/it\/","name":"Elfsight IT","description":"Just another Elfsight Sites site","potentialAction":[{"@type":"SearchAction","target":{"@type":"EntryPoint","urlTemplate":"https:\/\/elfsight.com\/it\/?s={search_term_string}"},"query-input":{"@type":"PropertyValueSpecification","valueRequired":true,"valueName":"search_term_string"}}],"inLanguage":"it-IT"}]}},"meta_box":{"industry":"","seo_heading":"","heading":"","description":"","cta_heading":"","cta_description":"","application":"1455","h1":"Widget Facebook Messenger di Squarespace","h1_caption":"Aggiungi un plug-in per la chat di Facebook Messenger al tuo sito Web, fornendo agli utenti un modo semplice per contattarti senza sforzo nel tuo sito Web jQuery.","application_category":[],"applications_title":"","applications_request_title":"","applications_request_button_text":"","hero_text":"","hero_video":"","hero_video_schema_markup":"","selling_points_title":"","selling_points_caption":"","selling_points":[],"selling_points_cta_text":"","features_title":"","features":"","ed_cta_examples_text":"","ed_cta_examples_hidden":"","ed_cta_demo_text":"","ed_cta_demo_hidden":"","why_caption":"","why_editor_title":"","why_editor_text":"","why_team_title":"","why_team_text":"","why_service_title":"","why_service_text":"","template_catalog_visible":"0","template_catalog_title":"","template_catalog_text":"","template_catalog_categories_visible":"","demo_title":"Crea il tuo plugin per la chat di Facebook","demo_caption":"Configura la tua chat di Facebook e aggiungila gratuitamente al tuo sito web Squarespace!","default_faq_hidden":"","app_template_category":[],"platform":"43","template_public_id":"","codecanyon_url":"","codecanyon_item_id":"","codecanyon_price":"","pricing_caption":"","pricing_elfsight_apps_hide_column":"","pricing_elfsight_apps_url":"","pricing_codecanyon_price_caption":"","integration_category":[],"integration_request_title":"","integration_request_cta":"","integration_platform":"","integrations":[],"platform_category":[],"video_schema_markup":"","price":"da $ 0 al mese","trial":"","benefits":[{"text":"Aiuto per l'installazione gratuito"},{"text":"Supporto premium"},{"text":"Garanzia di rimborso di 14 giorni"},{"text":"Miglioramenti regolari"}],"button_url":"#demo","button_target_blank":"0","button_nofollow":"0","attributes":[{"name":"Installazioni"},{"name":"Reattivo","content":"S\u00cc"},{"name":"Browser compatibili","content":"Firefox, Safari, Opera, Chrome, Edge"}],"tags":[],"tags_disable_links":"0","hide_more_platforms":"0","video_object":"","demo_hide_cta":"0","demo_hide_cloud_options":"0","pricing_title":"","pricing":[{"pricing_icon":"platform","pricing_title":"Elfsight Apps","pricing_title_caption":"Soluzione digitale multipiattaforma adatta a qualsiasi sito web","pricing_price":"da $ 0 \/ mese","pricing_price_caption":"inizia con un piano gratuito","pricing_benefits":[{"text":"Siti web illimitati"},{"text":"Supporto aziendale professionale"},{"text":"Aiuto gratuito per l'installazione"},{"text":"Completamente personalizzabile"}],"pricing_button_text":"Aggiungi al sito web","pricing_button_url":"#demo"}],"related_apps_title":"","related_apps_hidden":"0","author":"","image":[],"title":"","job":"","social_networks":[]},"_links":{"self":[{"href":"https:\/\/elfsight.com\/it\/wp-json\/wp\/v2\/pages\/4363","targetHints":{"allow":["GET"]}}],"collection":[{"href":"https:\/\/elfsight.com\/it\/wp-json\/wp\/v2\/pages"}],"about":[{"href":"https:\/\/elfsight.com\/it\/wp-json\/wp\/v2\/types\/page"}],"author":[{"embeddable":true,"href":"https:\/\/elfsight.com\/it\/wp-json\/wp\/v2\/users\/9"}],"replies":[{"embeddable":true,"href":"https:\/\/elfsight.com\/it\/wp-json\/wp\/v2\/comments?post=4363"}],"version-history":[{"count":3,"href":"https:\/\/elfsight.com\/it\/wp-json\/wp\/v2\/pages\/4363\/revisions"}],"predecessor-version":[{"id":9413,"href":"https:\/\/elfsight.com\/it\/wp-json\/wp\/v2\/pages\/4363\/revisions\/9413"}],"up":[{"embeddable":true,"href":"https:\/\/elfsight.com\/it\/wp-json\/wp\/v2\/pages\/1456"}],"wp:attachment":[{"href":"https:\/\/elfsight.com\/it\/wp-json\/wp\/v2\/media?parent=4363"}],"curies":[{"name":"wp","href":"https:\/\/api.w.org\/{rel}","templated":true}]}}