{"id":4357,"date":"2024-05-03T06:35:33","date_gmt":"2024-05-03T06:35:33","guid":{"rendered":"https:\/\/elfsight.com\/it\/?page_id=4357"},"modified":"2025-03-20T10:02:54","modified_gmt":"2025-03-20T10:02:54","slug":"wix","status":"publish","type":"page","link":"https:\/\/elfsight.com\/it\/facebook-chat-widget\/wix\/","title":{"rendered":"Facebook Chat &#8211; Wix"},"content":{"rendered":"\n<div class=\"application-platform-content-item-description application-platform-content-item\" id=\"description\" data-nav-section=\"description\"> <h2>Descrizione<\/h2> <p>La Chat Box di Facebook sviluppata da Elfsight \u00e8 un metodo semplice per consentire al pubblico del tuo sito web di raggiungerti e ascoltare risposte a le loro domande e richieste. Ora sei disponibile per gli utenti nel loro messenger preferito, ovunque tu sia. Incolla la Live Chat sul tuo sito web e lasciala apparire sulle pagine scelte o per determinati tipi di visitatori, crea trigger di avvio della chat, crea il tuo messaggio di benvenuto personale, seleziona le icone e applica altre personalizzazioni. Avendo Facebook Messenger sul tuo sito, rimarrai connesso al tuo pubblico in ogni momento e indipendentemente da dove ti trovi.<\/p> <\/div> <div class=\"application-platform-content-item-features application-platform-content-item\" id=\"features\" data-nav-section=\"features\"> <h2>Caratteristiche<\/h2> <p> Per poter acquisire una conoscenza completa del widget consultare l&#8217;elenco delle sue funzionalit\u00e0 essenziali. Rendono il widget incredibilmente efficiente per te:<\/p> <ul><li>Inserisci Facebook Messenger sulla tua pagina web per rimanere sempre disponibile per il tuo pubblico;<\/li><li>Fornisci risposte direttamente dal tuo account Facebook;<\/li><li>Utilizza tre tipi di layout della chat: bolla mobile, bolla incorporata e finestra di chat incorporata;<\/li><li>Esplora una raccolta di icone di bolle tra cui scegliere; <\/li><li>Testo a fumetto modificabile.<\/li><\/ul><p><a href=\"#demo\">La demo ti mostrer\u00e0 pi\u00f9 funzionalit\u00e0<\/a><\/p> <\/div> <div class=\"application-platform-content-item-installation application-platform-content-item\" id=\"installation\" data-nav-section=\"installation\"> <h2>Scopri come aggiungere la chat di Facebook al tuo sito Wix. \u00c8 veloce<\/h2><div class=\"video-container\"><iframe width=\"560\" height=\"315\" src=\"https:\/\/www.youtube.com\/embed\/-N-oERyrsj8?si=twKeorbmn_a0kJYH\" frameborder=\"0\" allow=\"accelerometer; autoplay; clipboard-write; encrypted-media; gyroscope; picture-in-picture; web-share\" allowfullscreen><\/iframe><\/div><p>Per pubblicare Messenger sul tuo sito, devi solo eseguire un paio di semplici passaggi. <\/p> <ol><li><b>Costruisci la tua app<\/b><br> Con l&#8217;aiuto del nostro editor gratuito, crea un plugin con il design e la funzionalit\u00e0 che preferisci. <\/li><li><b>Copia il codice individuale per integrare il plugin<\/b><br> Dopo aver configurato il tuo widget, otterrai il codice univoco dalla finestra popup su Elfsight Apps. Copia il codice per un uso futuro. <\/li> <li><b>Pubblica il plug-in sul tuo sito web<\/b><br> Trova il luogo in cui prevedi di posizionare il plug-in e aggiungi l\u00ec il codice copiato. Applicare le modifiche. <\/li> <li><b>Hai finito! <\/b><br> Entra nel tuo sito, per dare un&#8217;occhiata alla tua Chat. <\/li> <\/ol><p>Dubbi ancora qualcosa? Oppure hai problemi? Scrivi semplicemente una richiesta al nostro team di supporto, faranno del loro meglio per risolvere qualsiasi problema. <\/p> <\/div><div class=\"faq\" data-component=\"FAQ\"><div class=\"faq-item\">\r\n\t\t\t\t\t<div class=\"faq-item-question\">\r\n\t\t\t\t\t\t<h3 class=\"faq-item-question-text\">In che modo posso incorporare un Facebook Messenger nel mio sito Wix? <\/h3>\r\n\r\n\t\t\t\t\t\t<div class=\"faq-item-question-icon\"><\/div>\r\n\t\t\t\t\t<\/div>\r\n\r\n\t\t\t\t\t<div class=\"faq-item-answer\">\r\n\t\t\t\t\t\t<div class=\"faq-item-answer-text\"><p>La creazione dello strumento \u00e8 eseguito all&#8217;interno del servizio Elfsight e non \u00e8 necessario imparare a programmare. Utilizza la demo attiva per personalizzare il tuo strumento personale, ottieni il codice e incollalo nel tuo sito web. <\/p><\/div>\r\n\t\t\t\t\t<\/div>\r\n\t\t\t\t<\/div><div class=\"faq-item\">\r\n\t\t\t\t\t<div class=\"faq-item-question\">\r\n\t\t\t\t\t\t<h3 class=\"faq-item-question-text\">I migliori esempi di utilizzo dell'integrazione di Facebook Chat Messenger<\/h3>\r\n\r\n\t\t\t\t\t\t<div class=\"faq-item-question-icon\"><\/div>\r\n\t\t\t\t\t<\/div>\r\n\r\n\t\t\t\t\t<div class=\"faq-item-answer\">\r\n\t\t\t\t\t\t<div class=\"faq-item-answer-text\"><p>Ti forniremo una miriade di opportunit\u00e0 di personalizzazione: widget a grandezza naturale da incorporare nella zona dei contenuti, widget mobili con opzioni di scorrimento, miniature per il pi\u00e8 di pagina del tuo sito web, intestazione e tutte le varianti delle opzioni verticali per le barre laterali e i menu del sito web. <\/p><\/div>\r\n\t\t\t\t\t<\/div>\r\n\t\t\t\t<\/div><div class=\"faq-item\">\r\n\t\t\t\t\t<div class=\"faq-item-question\">\r\n\t\t\t\t\t\t<h3 class=\"faq-item-question-text\">Posso creare una chat Facebook di consultazione o vendita con l'aiuto del tuo editor? <\/h3>\r\n\r\n\t\t\t\t\t\t<div class=\"faq-item-question-icon\"><\/div>\r\n\t\t\t\t\t<\/div>\r\n\r\n\t\t\t\t\t<div class=\"faq-item-answer\">\r\n\t\t\t\t\t\t<div class=\"faq-item-answer-text\"><p>Sei libero di creare qualsiasi variante del widget. Ci sono molti layout applicabili nell&#8217;editor e tutti possono essere facilmente personalizzati nel modo desiderato. <\/p><\/div>\r\n\t\t\t\t\t<\/div>\r\n\t\t\t\t<\/div><div class=\"faq-item\">\r\n\t\t\t\t\t<div class=\"faq-item-question\">\r\n\t\t\t\t\t\t<h3 class=\"faq-item-question-text\">Quali altri widget posso utilizzare per il mio sito web su Wix?<\/h3>\r\n\r\n\t\t\t\t\t\t<div class=\"faq-item-question-icon\"><\/div>\r\n\t\t\t\t\t<\/div>\r\n\r\n\t\t\t\t\t<div class=\"faq-item-answer\">\r\n\t\t\t\t\t\t<div class=\"faq-item-answer-text\"><p>Esistono molti widget Wix che possono facilmente migliorare il tuo sito web. Ad esempio, ci sono altri widget di chat come <a href=\"https:\/\/elfsight.com\/whatsapp-chat-widget\/wix\/\" target=\"_blank\" rel=\"noopener\">Chat di WhatsApp<\/a>, <a href=\"https:\/\/elfsight.com\/telegram-chat-widget\/wix\/\" target=\"_blank\" rel=\"noopener\">Chat di Telegram<\/a>, <a href=\"https:\/\/elfsight.com\/viber-chat-widget\/wix\/\" target=\"_blank\" rel=\"noopener\">Viber Chat<\/a>. Sono tutti facili da implementare e possono migliorare notevolmente le prestazioni del tuo sito web.<\/p><\/div>\r\n\t\t\t\t\t<\/div>\r\n\t\t\t\t<\/div><\/div>\n","protected":false},"excerpt":{"rendered":"","protected":false},"author":9,"featured_media":0,"parent":1456,"menu_order":0,"comment_status":"closed","ping_status":"closed","template":"templates\/template-application-platform.php","meta":{"publish_to_discourse":"","publish_post_category":"","wpdc_auto_publish_overridden":"","wpdc_topic_tags":"","wpdc_pin_topic":"","wpdc_pin_until":"","discourse_post_id":"","discourse_permalink":"","wpdc_publishing_response":"","wpdc_publishing_error":"","footnotes":""},"class_list":["post-4357","page","type-page","status-publish","hentry"],"yoast_head":"<!-- This site is optimized with the Yoast SEO plugin v25.3.1 - https:\/\/yoast.com\/wordpress\/plugins\/seo\/ -->\n<title>Chat di Facebook: aggiungi l&#039;app Messenger al sito Web Wix (in 2 minuti)<\/title>\n<meta name=\"description\" content=\"\u00c8 assolutamente semplice progettare la tua app Facebook Chat e pubblicarla sul sito Web Wix. Il servizio clienti Elfsight \u00e8 gratuito.\" \/>\n<meta name=\"robots\" content=\"index, follow, max-snippet:-1, max-image-preview:large, max-video-preview:-1\" \/>\n<link rel=\"canonical\" href=\"https:\/\/elfsight.com\/it\/facebook-chat-widget\/wix\/\" \/>\n<meta property=\"og:locale\" content=\"it_IT\" \/>\n<meta property=\"og:type\" content=\"article\" \/>\n<meta property=\"og:title\" content=\"Chat di Facebook: aggiungi l&#039;app Messenger al sito Web Wix (in 2 minuti)\" \/>\n<meta property=\"og:description\" content=\"\u00c8 assolutamente semplice progettare la tua app Facebook Chat e pubblicarla sul sito Web Wix. Il servizio clienti Elfsight \u00e8 gratuito.\" \/>\n<meta property=\"og:url\" content=\"https:\/\/elfsight.com\/it\/facebook-chat-widget\/wix\/\" \/>\n<meta property=\"og:site_name\" content=\"Elfsight IT\" \/>\n<meta property=\"article:modified_time\" content=\"2025-03-20T10:02:54+00:00\" \/>\n<meta name=\"twitter:card\" content=\"summary_large_image\" \/>\n<meta name=\"twitter:label1\" content=\"Tempo di lettura stimato\" \/>\n\t<meta name=\"twitter:data1\" content=\"3 minuti\" \/>\n<!-- \/ Yoast SEO plugin. -->","yoast_head_json":{"title":"Chat di Facebook: aggiungi l'app Messenger al sito Web Wix (in 2 minuti)","description":"\u00c8 assolutamente semplice progettare la tua app Facebook Chat e pubblicarla sul sito Web Wix. Il servizio clienti Elfsight \u00e8 gratuito.","robots":{"index":"index","follow":"follow","max-snippet":"max-snippet:-1","max-image-preview":"max-image-preview:large","max-video-preview":"max-video-preview:-1"},"canonical":"https:\/\/elfsight.com\/it\/facebook-chat-widget\/wix\/","og_locale":"it_IT","og_type":"article","og_title":"Chat di Facebook: aggiungi l'app Messenger al sito Web Wix (in 2 minuti)","og_description":"\u00c8 assolutamente semplice progettare la tua app Facebook Chat e pubblicarla sul sito Web Wix. Il servizio clienti Elfsight \u00e8 gratuito.","og_url":"https:\/\/elfsight.com\/it\/facebook-chat-widget\/wix\/","og_site_name":"Elfsight IT","article_modified_time":"2025-03-20T10:02:54+00:00","twitter_card":"summary_large_image","twitter_misc":{"Tempo di lettura stimato":"3 minuti"},"schema":{"@context":"https:\/\/schema.org","@graph":[{"@type":"WebPage","@id":"https:\/\/elfsight.com\/it\/facebook-chat-widget\/wix\/","url":"https:\/\/elfsight.com\/it\/facebook-chat-widget\/wix\/","name":"Chat di Facebook: aggiungi l'app Messenger al sito Web Wix (in 2 minuti)","isPartOf":{"@id":"https:\/\/elfsight.com\/it\/#website"},"datePublished":"2024-05-03T06:35:33+00:00","dateModified":"2025-03-20T10:02:54+00:00","description":"\u00c8 assolutamente semplice progettare la tua app Facebook Chat e pubblicarla sul sito Web Wix. Il servizio clienti Elfsight \u00e8 gratuito.","breadcrumb":{"@id":"https:\/\/elfsight.com\/it\/facebook-chat-widget\/wix\/#breadcrumb"},"inLanguage":"it-IT","potentialAction":[{"@type":"ReadAction","target":["https:\/\/elfsight.com\/it\/facebook-chat-widget\/wix\/"]}]},{"@type":"BreadcrumbList","@id":"https:\/\/elfsight.com\/it\/facebook-chat-widget\/wix\/#breadcrumb","itemListElement":[{"@type":"ListItem","position":1,"name":"Home","item":"https:\/\/elfsight.com\/it\/"},{"@type":"ListItem","position":2,"name":"Facebook Chat","item":"https:\/\/elfsight.com\/it\/facebook-chat-widget\/"},{"@type":"ListItem","position":3,"name":"Facebook Chat &#8211; Wix"}]},{"@type":"WebSite","@id":"https:\/\/elfsight.com\/it\/#website","url":"https:\/\/elfsight.com\/it\/","name":"Elfsight IT","description":"Just another Elfsight Sites site","potentialAction":[{"@type":"SearchAction","target":{"@type":"EntryPoint","urlTemplate":"https:\/\/elfsight.com\/it\/?s={search_term_string}"},"query-input":{"@type":"PropertyValueSpecification","valueRequired":true,"valueName":"search_term_string"}}],"inLanguage":"it-IT"}]}},"meta_box":{"industry":"","seo_heading":"","heading":"","description":"","cta_heading":"","cta_description":"","application":"1455","h1":"Applicazione Wix Facebook Messenger","h1_caption":"Aggiungi un'app di chat di Facebook Messenger al tuo sito web, fornendo agli utenti un modo semplice per contattarti senza sforzo nel tuo sito web Weebly.","application_category":[],"applications_title":"","applications_request_title":"","applications_request_button_text":"","hero_text":"","hero_video":"","hero_video_schema_markup":"","selling_points_title":"","selling_points_caption":"","selling_points":[],"selling_points_cta_text":"","features_title":"","features":"","ed_cta_examples_text":"","ed_cta_examples_hidden":"","ed_cta_demo_text":"","ed_cta_demo_hidden":"","why_caption":"","why_editor_title":"","why_editor_text":"","why_team_title":"","why_team_text":"","why_service_title":"","why_service_text":"","template_catalog_visible":"0","template_catalog_title":"","template_catalog_text":"","template_catalog_categories_visible":"","demo_title":"Crea la tua app di chat di Facebook","demo_caption":"Configura la tua chat di Facebook e aggiungila gratuitamente al tuo sito Wix!","default_faq_hidden":"","app_template_category":[],"platform":"29","template_public_id":"","codecanyon_url":"","codecanyon_item_id":"","codecanyon_price":"","pricing_caption":"","pricing_elfsight_apps_hide_column":"","pricing_elfsight_apps_url":"","pricing_codecanyon_price_caption":"","integration_category":[],"integration_request_title":"","integration_request_cta":"","integration_platform":"","integrations":[],"platform_category":[],"video_schema_markup":"","price":"da $ 0 al mese","trial":"","benefits":[{"text":"Assistenza gratuita per l'installazione"},{"text":"Servizio clienti efficace"},{"text":"Garanzia di rimborso di 14 giorni"},{"text":"Futuri aggiornamenti gratuiti"}],"button_url":"#demo","button_target_blank":"0","button_nofollow":"0","attributes":[{"name":"Installazioni"},{"name":"Reattivo","content":"S\u00cc"},{"name":"Browser compatibili","content":"Firefox, Chrome, Safari, Edge, Opera"}],"tags":[],"tags_disable_links":"0","hide_more_platforms":"0","video_object":"","demo_hide_cta":"0","demo_hide_cloud_options":"0","pricing_title":"","pricing":[{"pricing_icon":"platform","pricing_title":"Elfsight Apps","pricing_title_caption":"Software multipiattaforma","pricing_price":"da $ 0 \/ mese","pricing_price_caption":"inizia con il piano gratuito","pricing_benefits":[{"text":"Domini illimitati"},{"text":"Supporto dedicato e puntuale"},{"text":"Assistenza per l'installazione gratuita"},{"text":"Prezzo speciale per pi\u00f9 app"}],"pricing_button_text":"Aggiungi al sito web","pricing_button_url":"#demo"}],"related_apps_title":"","related_apps_hidden":"0","author":"","image":[],"title":"","job":"","social_networks":[]},"_links":{"self":[{"href":"https:\/\/elfsight.com\/it\/wp-json\/wp\/v2\/pages\/4357","targetHints":{"allow":["GET"]}}],"collection":[{"href":"https:\/\/elfsight.com\/it\/wp-json\/wp\/v2\/pages"}],"about":[{"href":"https:\/\/elfsight.com\/it\/wp-json\/wp\/v2\/types\/page"}],"author":[{"embeddable":true,"href":"https:\/\/elfsight.com\/it\/wp-json\/wp\/v2\/users\/9"}],"replies":[{"embeddable":true,"href":"https:\/\/elfsight.com\/it\/wp-json\/wp\/v2\/comments?post=4357"}],"version-history":[{"count":3,"href":"https:\/\/elfsight.com\/it\/wp-json\/wp\/v2\/pages\/4357\/revisions"}],"predecessor-version":[{"id":9418,"href":"https:\/\/elfsight.com\/it\/wp-json\/wp\/v2\/pages\/4357\/revisions\/9418"}],"up":[{"embeddable":true,"href":"https:\/\/elfsight.com\/it\/wp-json\/wp\/v2\/pages\/1456"}],"wp:attachment":[{"href":"https:\/\/elfsight.com\/it\/wp-json\/wp\/v2\/media?parent=4357"}],"curies":[{"name":"wp","href":"https:\/\/api.w.org\/{rel}","templated":true}]}}