{"id":4356,"date":"2024-05-03T06:35:32","date_gmt":"2024-05-03T06:35:32","guid":{"rendered":"https:\/\/elfsight.com\/it\/?page_id=4356"},"modified":"2025-03-20T09:37:15","modified_gmt":"2025-03-20T09:37:15","slug":"bigcommerce","status":"publish","type":"page","link":"https:\/\/elfsight.com\/it\/facebook-chat-widget\/bigcommerce\/","title":{"rendered":"Facebook Chat &#8211; BigCommerce"},"content":{"rendered":"\n<div class=\"application-platform-content-item-description application-platform-content-item\" id=\"description\" data-nav-section=\"description\"> <h2>Descrizione<\/h2> <p>La Chat Box di Facebook sviluppata da Elfsight \u00e8 una variante semplice e veloce che consente agli utenti del tuo sito web di iniziare a comunicare con te e ottenere risposte alle loro domande e richieste. Sii disponibile online per il tuo pubblico in uno dei messenger pi\u00f9 comodi, non importa dove ti trovi. Aggiungi la Live Chat sullo store e selezionala per apparire su pagine specifiche o per particolari gruppi di spettatori; introdurre trigger di avvio della chat; inserisci il tuo messaggio di benvenuto personalizzato; scegli le icone e applica altre personalizzazioni. Con Facebook Messenger installato sul sito, rimarrai in contatto con i tuoi utenti sempre e ovunque.<\/p> <div class=\"faq\" data-component=\"FAQ\"> <div class=\"faq-item\">\r\n\t\t\t\t\t<div class=\"faq-item-question\">\r\n\t\t\t\t\t\t<h3 class=\"faq-item-question-text\">Dove posso installarlo sul mio sito<\/h3>\r\n\r\n\t\t\t\t\t\t<div class=\"faq-item-question-icon\"><\/div>\r\n\t\t\t\t\t<\/div>\r\n\r\n\t\t\t\t\t<div class=\"faq-item-answer\">\r\n\t\t\t\t\t\t<div class=\"faq-item-answer-text\"> <p>Puoi inserire il widget su ogni singola pagina del tuo sito o solo sulle pagine che scegli. Puoi anche limitarlo alle pagine scelte in cui non desideri la chat.<\/p> <\/div>\r\n\t\t\t\t\t<\/div>\r\n\t\t\t\t<\/div> <div class=\"faq-item\">\r\n\t\t\t\t\t<div class=\"faq-item-question\">\r\n\t\t\t\t\t\t<h3 class=\"faq-item-question-text\">Come posso trarre vantaggio dalla chat di Facebook?<\/h3>\r\n\r\n\t\t\t\t\t\t<div class=\"faq-item-question-icon\"><\/div>\r\n\t\t\t\t\t<\/div>\r\n\r\n\t\t\t\t\t<div class=\"faq-item-answer\">\r\n\t\t\t\t\t\t<div class=\"faq-item-answer-text\"> <p>Facebook Messenger render\u00e0 tutto pi\u00f9 semplice affinch\u00e9 le persone possano inviarti le loro domande, richieste o problemi. Pu\u00f2 aiutare ad aumentare la quantit\u00e0 di lead e acquisti. Inoltre, una risposta rapida e un approccio individuale alle persone miglioreranno la qualit\u00e0 dell&#8217;interazione con il cliente. <\/p> <\/div>\r\n\t\t\t\t\t<\/div>\r\n\t\t\t\t<\/div> <div class=\"faq-item\">\r\n\t\t\t\t\t<div class=\"faq-item-question\">\r\n\t\t\t\t\t\t<h3 class=\"faq-item-question-text\">Di cosa ho bisogno per incorporare Facebook Messenger sul mio sito web?<\/h3>\r\n\r\n\t\t\t\t\t\t<div class=\"faq-item-question-icon\"><\/div>\r\n\t\t\t\t\t<\/div>\r\n\r\n\t\t\t\t\t<div class=\"faq-item-answer\">\r\n\t\t\t\t\t\t<div class=\"faq-item-answer-text\"> <p>Ti serve solo un minuto di tempo per avere il widget attivo e funzionante. L&#8217;incorporamento \u00e8 estremamente veloce, gratuito e senza codifica. <\/p> <p>La chat live di Facebook Elfsight pu\u00f2 essere aggiunta tramite il nostro servizio o tramite il marketplace. Puoi confrontare i pro e i contro di entrambe le varianti e scegliere quella pi\u00f9 adatta. <\/p> <\/div>\r\n\t\t\t\t\t<\/div>\r\n\t\t\t\t<\/div> <\/div> <\/div> <div class=\"application-platform-content-item-features application-platform-content-item\" id=\"features\" data-nav-section=\"features\"> <h2>Funzionalit\u00e0<\/h2> <p>Per comprendere pi\u00f9 chiaramente Facebook Messenger, visualizzare l&#8217;elenco delle principali funzioni. Rendono il nostro widget davvero vantaggioso per la tua promozione: <\/p> <ul><li>Inserisci Facebook Messenger nel tuo negozio per rimanere in contatto con le persone; <\/li><li>Rispondi ai messaggi direttamente dalla tua pagina Facebook; <\/li><li>Utilizza tre tipi di posizione della chat: bolla mobile, bolla incorporata e finestra di chat incorporata; <\/li><li> Trova la tua icona a forma di bolla nella nostra raccolta di icone disponibili; <\/li><li>Testo fumetto modificabile. <\/li><\/ul><p><a href=\"#demo\">Per conoscere l&#8217;elenco completo delle funzionalit\u00e0, consulta la nostra demo<\/a><\/p> <\/div> <div class=\"application-platform-content-item-installation application-platform-content-item\" id=\"installation\" data-nav-section=\"installation\"> <h2>Come aggiungere Facebook Messenger al tuo negozio BigCommerce<\/h2><div class=\"video-container\"><iframe width=\"560\" height=\"315\" src=\"https:\/\/www.youtube.com\/embed\/Yh0wk3ukOeg?si=MGJI0vFRojhU0yEW\" frameborder=\"0\" allow=\"accelerometer; autoplay; clipboard-write; encrypted-media; gyroscope; picture-in-picture; web-share\" allowfullscreen><\/iframe><\/div><p>Segui i passaggi descritti di seguito per iniziare a lavorare con il widget su BigCommerce.<\/p> <ol><li><b>Esegui il nostro configuratore gratuito e inizia a creare il tuo widget personalizzato app. <\/b><br> Specifica il modulo selezionato e i parametri del plugin e applica le modifiche. <\/li> <li><b>Acquisisci il codice univoco mostrato nella finestra su Elfsight Apps. <\/b><br> Una volta terminata la configurazione del tuo widget personale di Facebook Chat, copia il codice individuale nella finestra che appare e salvalo per ulteriori occasioni. <\/li> <li><b>Inizia a utilizzare l&#8217;app sul sito BigCommerce. <\/b><br> Inserisci il codice che hai copiato di recente nel tuo sito web e applica i miglioramenti. <\/li> <li><b>L&#8217;installazione \u00e8 stata completata. <\/b><br> Vai al tuo sito per controllare il funzionamento del widget. <\/li><\/ol><p>Ancora indeciso? O ti sei imbattuto in qualcosa? Basta una singola richiesta al nostro servizio clienti per risolvere qualsiasi problema. <\/p> <\/div>\n","protected":false},"excerpt":{"rendered":"","protected":false},"author":9,"featured_media":0,"parent":1456,"menu_order":0,"comment_status":"closed","ping_status":"closed","template":"templates\/template-application-platform.php","meta":{"publish_to_discourse":"","publish_post_category":"","wpdc_auto_publish_overridden":"","wpdc_topic_tags":"","wpdc_pin_topic":"","wpdc_pin_until":"","discourse_post_id":"","discourse_permalink":"","wpdc_publishing_response":"","wpdc_publishing_error":"","footnotes":""},"class_list":["post-4356","page","type-page","status-publish","hentry"],"yoast_head":"<!-- This site is optimized with the Yoast SEO plugin v25.3.1 - https:\/\/yoast.com\/wordpress\/plugins\/seo\/ -->\n<title>Aggiungi Facebook Messanger al sito web BigCommerce (gratuito e veloce)<\/title>\n<meta name=\"description\" content=\"Con Elfsight, progetta il tuo widget Facebook Messenger e aggiungilo rapidamente al negozio BigCommerce. Offriamo un servizio clienti gratuito e pi\u00f9 bonus.\" \/>\n<meta name=\"robots\" content=\"index, follow, max-snippet:-1, max-image-preview:large, max-video-preview:-1\" \/>\n<link rel=\"canonical\" href=\"https:\/\/elfsight.com\/it\/facebook-chat-widget\/bigcommerce\/\" \/>\n<meta property=\"og:locale\" content=\"it_IT\" \/>\n<meta property=\"og:type\" content=\"article\" \/>\n<meta property=\"og:title\" content=\"Aggiungi Facebook Messanger al sito web BigCommerce (gratuito e veloce)\" \/>\n<meta property=\"og:description\" content=\"Con Elfsight, progetta il tuo widget Facebook Messenger e aggiungilo rapidamente al negozio BigCommerce. Offriamo un servizio clienti gratuito e pi\u00f9 bonus.\" \/>\n<meta property=\"og:url\" content=\"https:\/\/elfsight.com\/it\/facebook-chat-widget\/bigcommerce\/\" \/>\n<meta property=\"og:site_name\" content=\"Elfsight IT\" \/>\n<meta property=\"article:modified_time\" content=\"2025-03-20T09:37:15+00:00\" \/>\n<meta name=\"twitter:card\" content=\"summary_large_image\" \/>\n<meta name=\"twitter:label1\" content=\"Tempo di lettura stimato\" \/>\n\t<meta name=\"twitter:data1\" content=\"3 minuti\" \/>\n<!-- \/ Yoast SEO plugin. -->","yoast_head_json":{"title":"Aggiungi Facebook Messanger al sito web BigCommerce (gratuito e veloce)","description":"Con Elfsight, progetta il tuo widget Facebook Messenger e aggiungilo rapidamente al negozio BigCommerce. Offriamo un servizio clienti gratuito e pi\u00f9 bonus.","robots":{"index":"index","follow":"follow","max-snippet":"max-snippet:-1","max-image-preview":"max-image-preview:large","max-video-preview":"max-video-preview:-1"},"canonical":"https:\/\/elfsight.com\/it\/facebook-chat-widget\/bigcommerce\/","og_locale":"it_IT","og_type":"article","og_title":"Aggiungi Facebook Messanger al sito web BigCommerce (gratuito e veloce)","og_description":"Con Elfsight, progetta il tuo widget Facebook Messenger e aggiungilo rapidamente al negozio BigCommerce. Offriamo un servizio clienti gratuito e pi\u00f9 bonus.","og_url":"https:\/\/elfsight.com\/it\/facebook-chat-widget\/bigcommerce\/","og_site_name":"Elfsight IT","article_modified_time":"2025-03-20T09:37:15+00:00","twitter_card":"summary_large_image","twitter_misc":{"Tempo di lettura stimato":"3 minuti"},"schema":{"@context":"https:\/\/schema.org","@graph":[{"@type":"WebPage","@id":"https:\/\/elfsight.com\/it\/facebook-chat-widget\/bigcommerce\/","url":"https:\/\/elfsight.com\/it\/facebook-chat-widget\/bigcommerce\/","name":"Aggiungi Facebook Messanger al sito web BigCommerce (gratuito e veloce)","isPartOf":{"@id":"https:\/\/elfsight.com\/it\/#website"},"datePublished":"2024-05-03T06:35:32+00:00","dateModified":"2025-03-20T09:37:15+00:00","description":"Con Elfsight, progetta il tuo widget Facebook Messenger e aggiungilo rapidamente al negozio BigCommerce. Offriamo un servizio clienti gratuito e pi\u00f9 bonus.","breadcrumb":{"@id":"https:\/\/elfsight.com\/it\/facebook-chat-widget\/bigcommerce\/#breadcrumb"},"inLanguage":"it-IT","potentialAction":[{"@type":"ReadAction","target":["https:\/\/elfsight.com\/it\/facebook-chat-widget\/bigcommerce\/"]}]},{"@type":"BreadcrumbList","@id":"https:\/\/elfsight.com\/it\/facebook-chat-widget\/bigcommerce\/#breadcrumb","itemListElement":[{"@type":"ListItem","position":1,"name":"Home","item":"https:\/\/elfsight.com\/it\/"},{"@type":"ListItem","position":2,"name":"Facebook Chat","item":"https:\/\/elfsight.com\/it\/facebook-chat-widget\/"},{"@type":"ListItem","position":3,"name":"Facebook Chat &#8211; BigCommerce"}]},{"@type":"WebSite","@id":"https:\/\/elfsight.com\/it\/#website","url":"https:\/\/elfsight.com\/it\/","name":"Elfsight IT","description":"Just another Elfsight Sites site","potentialAction":[{"@type":"SearchAction","target":{"@type":"EntryPoint","urlTemplate":"https:\/\/elfsight.com\/it\/?s={search_term_string}"},"query-input":{"@type":"PropertyValueSpecification","valueRequired":true,"valueName":"search_term_string"}}],"inLanguage":"it-IT"}]}},"meta_box":{"industry":"","seo_heading":"","heading":"","description":"","cta_heading":"","cta_description":"","application":"1455","h1":"Applicazione Facebook Messenger di BigCommerce","h1_caption":"Aggiungi un widget di chat Discord al tuo sito web, consentendo ai visitatori di unirsi al tuo server e interagire con la tua comunit\u00e0 nel tuo sito web Webflow senza sforzo.","application_category":[],"applications_title":"","applications_request_title":"","applications_request_button_text":"","hero_text":"","hero_video":"","hero_video_schema_markup":"","selling_points_title":"","selling_points_caption":"","selling_points":[],"selling_points_cta_text":"","features_title":"","features":"","ed_cta_examples_text":"","ed_cta_examples_hidden":"","ed_cta_demo_text":"","ed_cta_demo_hidden":"","why_caption":"","why_editor_title":"","why_editor_text":"","why_team_title":"","why_team_text":"","why_service_title":"","why_service_text":"","template_catalog_visible":"0","template_catalog_title":"","template_catalog_text":"","template_catalog_categories_visible":"","demo_title":"Crea la tua app di chat di Facebook","demo_caption":"Configura la tua chat di Facebook e aggiungila gratuitamente al tuo sito BigCommerce!","default_faq_hidden":"","app_template_category":[],"platform":"32","template_public_id":"","codecanyon_url":"","codecanyon_item_id":"","codecanyon_price":"","pricing_caption":"","pricing_elfsight_apps_hide_column":"","pricing_elfsight_apps_url":"","pricing_codecanyon_price_caption":"","integration_category":[],"integration_request_title":"","integration_request_cta":"","integration_platform":"","integrations":[],"platform_category":[],"video_schema_markup":"","price":"da $ 0 al mese","trial":"","benefits":[{"text":"Servizio di installazione gratuito"},{"text":"Servizio clienti efficace"},{"text":"Garanzia di rimborso di 14 giorni"},{"text":"Miglioramenti gratuiti continui"}],"button_url":"#demo","button_target_blank":"0","button_nofollow":"0","attributes":[{"name":"Installazioni"},{"name":"Reattivo","content":"S\u00cc"},{"name":"Browser compatibili","content":"Firefox, Safari, Opera, Chrome, Edge"}],"tags":[],"tags_disable_links":"0","hide_more_platforms":"0","video_object":"","demo_hide_cta":"0","demo_hide_cloud_options":"0","pricing_title":"","pricing":[{"pricing_icon":"platform","pricing_title":"Elfsight Apps","pricing_title_caption":"Soluzione digitale indipendente dalla piattaforma","pricing_price":"da $ 0 \/ mese","pricing_price_caption":"inizia con un piano gratuito","pricing_benefits":[{"text":"Domini illimitati"},{"text":"Supporto aziendale rapido e ben documentato"},{"text":"Aiuto gratuito per l'installazione"},{"text":"Progettazione flessibile"}],"pricing_button_text":"Aggiungi al sito web","pricing_button_url":"#demo"}],"related_apps_title":"","related_apps_hidden":"0","author":"","image":[],"title":"","job":"","social_networks":[]},"_links":{"self":[{"href":"https:\/\/elfsight.com\/it\/wp-json\/wp\/v2\/pages\/4356","targetHints":{"allow":["GET"]}}],"collection":[{"href":"https:\/\/elfsight.com\/it\/wp-json\/wp\/v2\/pages"}],"about":[{"href":"https:\/\/elfsight.com\/it\/wp-json\/wp\/v2\/types\/page"}],"author":[{"embeddable":true,"href":"https:\/\/elfsight.com\/it\/wp-json\/wp\/v2\/users\/9"}],"replies":[{"embeddable":true,"href":"https:\/\/elfsight.com\/it\/wp-json\/wp\/v2\/comments?post=4356"}],"version-history":[{"count":3,"href":"https:\/\/elfsight.com\/it\/wp-json\/wp\/v2\/pages\/4356\/revisions"}],"predecessor-version":[{"id":9407,"href":"https:\/\/elfsight.com\/it\/wp-json\/wp\/v2\/pages\/4356\/revisions\/9407"}],"up":[{"embeddable":true,"href":"https:\/\/elfsight.com\/it\/wp-json\/wp\/v2\/pages\/1456"}],"wp:attachment":[{"href":"https:\/\/elfsight.com\/it\/wp-json\/wp\/v2\/media?parent=4356"}],"curies":[{"name":"wp","href":"https:\/\/api.w.org\/{rel}","templated":true}]}}