{"id":4346,"date":"2024-05-03T06:35:26","date_gmt":"2024-05-03T06:35:26","guid":{"rendered":"https:\/\/elfsight.com\/it\/?page_id=4346"},"modified":"2025-03-20T09:45:45","modified_gmt":"2025-03-20T09:45:45","slug":"shopify","status":"publish","type":"page","link":"https:\/\/elfsight.com\/it\/facebook-chat-widget\/shopify\/","title":{"rendered":"Facebook Chat &#8211; Shopify"},"content":{"rendered":"\n<div class=\"application-platform-content-item-description application-platform-content-item\" id=\"description\" data-nav-section=\"description\"> <h2>Incorpora la chat di Facebook su Shopify con il widget Elfsight<\/h2><p>La chat di Facebook di Elfsight \u00e8 un modo semplice e veloce per il tuo sito web clientela per chattare con te e ottenere risposte alle loro domande. Rimani a disposizione della tua clientela nel loro messenger preferito tutto il giorno. Integra la nostra app nella tua pagina web e impostala in modo che appaia su tutte le pagine, oppure scegli pagine specifiche o gruppi di clienti che la vedranno; attivare i trigger di avvio della chat; visualizzare il tuo messaggio di benvenuto personale; scegli le icone e applica altre personalizzazioni. Incorpora Facebook Messenger nel tuo negozio per rimanere in contatto con i tuoi visitatori a qualsiasi ora e indipendentemente dalla tua posizione.<\/p> <div class=\"faq\" data-component=\"FAQ\"> <div class=\"faq-item\">\r\n\t\t\t\t\t<div class=\"faq-item-question\">\r\n\t\t\t\t\t\t<h3 class=\"faq-item-question-text\">Dove posso integrarlo sul mio sito web<\/h3>\r\n\r\n\t\t\t\t\t\t<div class=\"faq-item-question-icon\"><\/div>\r\n\t\t\t\t\t<\/div>\r\n\r\n\t\t\t\t\t<div class=\"faq-item-answer\">\r\n\t\t\t\t\t\t<div class=\"faq-item-answer-text\"> <p>Puoi posizionarlo Facebook Chat su tutte le pagine del tuo sito web o solo sulle pagine selezionate. Puoi anche limitarlo alle pagine scelte se le desideri senza il messenger.<\/p> <\/div>\r\n\t\t\t\t\t<\/div>\r\n\t\t\t\t<\/div> <div class=\"faq-item\">\r\n\t\t\t\t\t<div class=\"faq-item-question\">\r\n\t\t\t\t\t\t<h3 class=\"faq-item-question-text\">Quali sono i vantaggi di avere l'app di chat per me?<\/h3>\r\n\r\n\t\t\t\t\t\t<div class=\"faq-item-question-icon\"><\/div>\r\n\t\t\t\t\t<\/div>\r\n\r\n\t\t\t\t\t<div class=\"faq-item-answer\">\r\n\t\t\t\t\t\t<div class=\"faq-item-answer-text\"> <p>Questo messenger mi render\u00e0 \u00e8 facile per i clienti inviarti le loro richieste e avviare chat. Pu\u00f2 aiutarti ad aumentare la quantit\u00e0 di lead e acquisti per te. Inoltre, la risposta rapida e l&#8217;approccio personalizzato miglioreranno la qualit\u00e0 dell&#8217;interazione con il cliente.<\/p> <\/div>\r\n\t\t\t\t\t<\/div>\r\n\t\t\t\t<\/div> <div class=\"faq-item\">\r\n\t\t\t\t\t<div class=\"faq-item-question\">\r\n\t\t\t\t\t\t<h3 class=\"faq-item-question-text\">Come posso aggiungere Facebook Messenger sul mio sito?<\/h3>\r\n\r\n\t\t\t\t\t\t<div class=\"faq-item-question-icon\"><\/div>\r\n\t\t\t\t\t<\/div>\r\n\r\n\t\t\t\t\t<div class=\"faq-item-answer\">\r\n\t\t\t\t\t\t<div class=\"faq-item-answer-text\"> <p>Ci vogliono solo due minuti \u00e8 ora di iniziare a utilizzare il widget. L&#8217;incorporamento \u00e8 estremamente rapido, gratuito e senza codifica.<\/p> <p>Il widget pu\u00f2 essere aggiunto tramite il nostro servizio o tramite il marketplace. Qui puoi visualizzare i vantaggi di queste opzioni e selezionare la tua.<\/p> <\/div>\r\n\t\t\t\t\t<\/div>\r\n\t\t\t\t<\/div> <\/div> <\/div> <div class=\"application-platform-content-item-features application-platform-content-item\" id=\"features\" data-nav-section=\"features\"> <h2>Caratteristiche principali del widget Chat di Facebook<\/h2> <p>Per comprendere meglio il funzionamento dell&#8217;app Shopify Facebook Messenger, esamina l&#8217;elenco delle sue caratteristiche principali. Rendono il widget davvero efficace per te:<\/p> <ul><li>Integra Facebook sul tuo sito web per rimanere in contatto con gli utenti;<\/li><li>Continua a comunicare direttamente dalla tua pagina Facebook;<\/li> <li>Prova 3 tipi di posizione della chat: bolla mobile, bolla incorporata e finestra di chat incorporata;<\/li><li> Seleziona l&#8217;icona della bolla dalla nostra raccolta di icone disponibili;<\/li><li>Modifica il testo di il fumetto della chat.<\/li><\/ul><p><a href=\"#demo\">La demo dal vivo ti riveler\u00e0 tutte le funzionalit\u00e0<\/a><\/p> <\/div> <div class=\"application-platform-content-item-installation  application-platform-content-item\" id=\"installation \" data-nav-section=\"installation \"> <h2>Come incorporare l&#8217;app Facebook Messenger nel tuo negozio Shopify<\/h2><div class=\"video-container\"><iframe width=\"560\" height=\"315\" src=\"https:\/\/www.youtube.com\/embed\/tiQWuXkWUiA?si=YuZteZ4ql9unzq5K\" frameborder=\"0\" allow=\"accelerometer; autoplay; clipboard-write; encrypted-media; gyroscope; picture-in-picture; web-share\" allowfullscreen><\/iframe><\/div><p>L&#8217;unica cosa di cui hai bisogno \u00e8 seguire questi semplici passaggi:<\/p> <ol><li><b>Apri la nostra demo gratuita e inizia a creare la tua app unica. <\/b><br> Trova l&#8217;interfaccia e i parametri preferiti dell&#8217;app e applica tutte le correzioni. <\/li> <li><b>Copia il codice univoco dimostrato nell&#8217;apposito modulo su Elfsight Apps. <\/b><br> Al termine della personalizzazione della tua app, copia il codice personale nella finestra visualizzata e conservalo per un ulteriore utilizzo. <\/li> <li><b>Avvia l&#8217;utilizzo dell&#8217;app sul sito web Shopify. <\/b><br> Implementa il codice che hai salvato in precedenza nel tuo sito web e salva i miglioramenti. <\/li> <li><b>Il gioco \u00e8 fatto! L&#8217;incorporamento \u00e8 completamente terminato. <\/b><br> Vai al tuo sito web per verificare le prestazioni dell&#8217;app. <\/li><\/ol><p>Ancora indeciso? Oppure hai problemi? Basta una singola richiesta al nostro servizio clienti per risolvere ogni problema.<\/p> <\/div>\n","protected":false},"excerpt":{"rendered":"","protected":false},"author":9,"featured_media":0,"parent":1456,"menu_order":0,"comment_status":"closed","ping_status":"closed","template":"templates\/template-application-platform.php","meta":{"publish_to_discourse":"","publish_post_category":"","wpdc_auto_publish_overridden":"","wpdc_topic_tags":"","wpdc_pin_topic":"","wpdc_pin_until":"","discourse_post_id":"","discourse_permalink":"","wpdc_publishing_response":"","wpdc_publishing_error":"","footnotes":""},"class_list":["post-4346","page","type-page","status-publish","hentry"],"yoast_head":"<!-- This site is optimized with the Yoast SEO plugin v25.3.1 - https:\/\/yoast.com\/wordpress\/plugins\/seo\/ -->\n<title>Chat di Facebook: aggiungi l&#039;app Facebook Messenger al sito web Shopify (2025)<\/title>\n<meta name=\"description\" content=\"\u00c8 facile costruire il tuo messenger Facebook personale e incorporarlo nel negozio Shopify. Il supporto client Elfsight \u00e8 gratuito e veloce.\" \/>\n<meta name=\"robots\" content=\"index, follow, max-snippet:-1, max-image-preview:large, max-video-preview:-1\" \/>\n<link rel=\"canonical\" href=\"https:\/\/elfsight.com\/it\/facebook-chat-widget\/shopify\/\" \/>\n<meta property=\"og:locale\" content=\"it_IT\" \/>\n<meta property=\"og:type\" content=\"article\" \/>\n<meta property=\"og:title\" content=\"Chat di Facebook: aggiungi l&#039;app Facebook Messenger al sito web Shopify (2025)\" \/>\n<meta property=\"og:description\" content=\"\u00c8 facile costruire il tuo messenger Facebook personale e incorporarlo nel negozio Shopify. Il supporto client Elfsight \u00e8 gratuito e veloce.\" \/>\n<meta property=\"og:url\" content=\"https:\/\/elfsight.com\/it\/facebook-chat-widget\/shopify\/\" \/>\n<meta property=\"og:site_name\" content=\"Elfsight IT\" \/>\n<meta property=\"article:modified_time\" content=\"2025-03-20T09:45:45+00:00\" \/>\n<meta name=\"twitter:card\" content=\"summary_large_image\" \/>\n<meta name=\"twitter:label1\" content=\"Tempo di lettura stimato\" \/>\n\t<meta name=\"twitter:data1\" content=\"3 minuti\" \/>\n<!-- \/ Yoast SEO plugin. -->","yoast_head_json":{"title":"Chat di Facebook: aggiungi l'app Facebook Messenger al sito web Shopify (2025)","description":"\u00c8 facile costruire il tuo messenger Facebook personale e incorporarlo nel negozio Shopify. Il supporto client Elfsight \u00e8 gratuito e veloce.","robots":{"index":"index","follow":"follow","max-snippet":"max-snippet:-1","max-image-preview":"max-image-preview:large","max-video-preview":"max-video-preview:-1"},"canonical":"https:\/\/elfsight.com\/it\/facebook-chat-widget\/shopify\/","og_locale":"it_IT","og_type":"article","og_title":"Chat di Facebook: aggiungi l'app Facebook Messenger al sito web Shopify (2025)","og_description":"\u00c8 facile costruire il tuo messenger Facebook personale e incorporarlo nel negozio Shopify. Il supporto client Elfsight \u00e8 gratuito e veloce.","og_url":"https:\/\/elfsight.com\/it\/facebook-chat-widget\/shopify\/","og_site_name":"Elfsight IT","article_modified_time":"2025-03-20T09:45:45+00:00","twitter_card":"summary_large_image","twitter_misc":{"Tempo di lettura stimato":"3 minuti"},"schema":{"@context":"https:\/\/schema.org","@graph":[{"@type":"WebPage","@id":"https:\/\/elfsight.com\/it\/facebook-chat-widget\/shopify\/","url":"https:\/\/elfsight.com\/it\/facebook-chat-widget\/shopify\/","name":"Chat di Facebook: aggiungi l'app Facebook Messenger al sito web Shopify (2025)","isPartOf":{"@id":"https:\/\/elfsight.com\/it\/#website"},"datePublished":"2024-05-03T06:35:26+00:00","dateModified":"2025-03-20T09:45:45+00:00","description":"\u00c8 facile costruire il tuo messenger Facebook personale e incorporarlo nel negozio Shopify. Il supporto client Elfsight \u00e8 gratuito e veloce.","breadcrumb":{"@id":"https:\/\/elfsight.com\/it\/facebook-chat-widget\/shopify\/#breadcrumb"},"inLanguage":"it-IT","potentialAction":[{"@type":"ReadAction","target":["https:\/\/elfsight.com\/it\/facebook-chat-widget\/shopify\/"]}]},{"@type":"BreadcrumbList","@id":"https:\/\/elfsight.com\/it\/facebook-chat-widget\/shopify\/#breadcrumb","itemListElement":[{"@type":"ListItem","position":1,"name":"Home","item":"https:\/\/elfsight.com\/it\/"},{"@type":"ListItem","position":2,"name":"Facebook Chat","item":"https:\/\/elfsight.com\/it\/facebook-chat-widget\/"},{"@type":"ListItem","position":3,"name":"Facebook Chat &#8211; Shopify"}]},{"@type":"WebSite","@id":"https:\/\/elfsight.com\/it\/#website","url":"https:\/\/elfsight.com\/it\/","name":"Elfsight IT","description":"Just another Elfsight Sites site","potentialAction":[{"@type":"SearchAction","target":{"@type":"EntryPoint","urlTemplate":"https:\/\/elfsight.com\/it\/?s={search_term_string}"},"query-input":{"@type":"PropertyValueSpecification","valueRequired":true,"valueName":"search_term_string"}}],"inLanguage":"it-IT"}]}},"meta_box":{"industry":"","seo_heading":"","heading":"","description":"","cta_heading":"","cta_description":"","application":"1455","h1":"Applicazione Shopify Facebook Messenger","h1_caption":"Aggiungi un'app di chat di Facebook Messenger al tuo sito web, fornendo agli utenti un modo semplice per contattarti senza sforzo nel tuo sito web Jumpseller.","application_category":[],"applications_title":"","applications_request_title":"","applications_request_button_text":"","hero_text":"","hero_video":"","hero_video_schema_markup":"","selling_points_title":"","selling_points_caption":"","selling_points":[],"selling_points_cta_text":"","features_title":"","features":"","ed_cta_examples_text":"","ed_cta_examples_hidden":"","ed_cta_demo_text":"","ed_cta_demo_hidden":"","why_caption":"","why_editor_title":"","why_editor_text":"","why_team_title":"","why_team_text":"","why_service_title":"","why_service_text":"","template_catalog_visible":"0","template_catalog_title":"","template_catalog_text":"","template_catalog_categories_visible":"","demo_title":"Crea la tua app di chat di Facebook","demo_caption":"Configura la tua chat di Facebook e aggiungila gratuitamente al tuo sito Shopify!","default_faq_hidden":"","app_template_category":[],"platform":"42","template_public_id":"","codecanyon_url":"","codecanyon_item_id":"","codecanyon_price":"","pricing_caption":"","pricing_elfsight_apps_hide_column":"","pricing_elfsight_apps_url":"","pricing_codecanyon_price_caption":"","integration_category":[],"integration_request_title":"","integration_request_cta":"","integration_platform":"","integrations":[],"platform_category":[],"video_schema_markup":"","price":"da $ 0 al mese","trial":"","benefits":[{"text":"Servizio di installazione gratuito"},{"text":"Supporto premium"},{"text":"Garanzia di rimborso di 14 giorni"},{"text":"Aggiornamenti gratuiti continui"}],"button_url":"#demo","button_target_blank":"0","button_nofollow":"0","attributes":[{"name":"Installazioni"},{"name":"Reattivo","content":"S\u00cc"},{"name":"Browser compatibili","content":"Firefox, Safari, Opera, Edge, Chrome"}],"tags":[],"tags_disable_links":"0","hide_more_platforms":"0","video_object":"","demo_hide_cta":"0","demo_hide_cloud_options":"0","pricing_title":"","pricing":[{"pricing_icon":"cloud","pricing_title":"Elfsight Apps","pricing_title_caption":"Versione multipiattaforma che funziona su qualsiasi sito web","pricing_price":"da $ 0 \/ mese","pricing_price_caption":"inizia con il piano gratuito","pricing_benefits":[{"text":"Siti web illimitati"},{"text":"Supporto premium"},{"text":"Servizio di installazione gratuito"},{"text":"Offerta speciale per pi\u00f9 app"}],"pricing_button_text":"Aggiungi al sito web","pricing_button_url":"#demo"}],"related_apps_title":"","related_apps_hidden":"0","author":"","image":[],"title":"","job":"","social_networks":[]},"_links":{"self":[{"href":"https:\/\/elfsight.com\/it\/wp-json\/wp\/v2\/pages\/4346","targetHints":{"allow":["GET"]}}],"collection":[{"href":"https:\/\/elfsight.com\/it\/wp-json\/wp\/v2\/pages"}],"about":[{"href":"https:\/\/elfsight.com\/it\/wp-json\/wp\/v2\/types\/page"}],"author":[{"embeddable":true,"href":"https:\/\/elfsight.com\/it\/wp-json\/wp\/v2\/users\/9"}],"replies":[{"embeddable":true,"href":"https:\/\/elfsight.com\/it\/wp-json\/wp\/v2\/comments?post=4346"}],"version-history":[{"count":3,"href":"https:\/\/elfsight.com\/it\/wp-json\/wp\/v2\/pages\/4346\/revisions"}],"predecessor-version":[{"id":9412,"href":"https:\/\/elfsight.com\/it\/wp-json\/wp\/v2\/pages\/4346\/revisions\/9412"}],"up":[{"embeddable":true,"href":"https:\/\/elfsight.com\/it\/wp-json\/wp\/v2\/pages\/1456"}],"wp:attachment":[{"href":"https:\/\/elfsight.com\/it\/wp-json\/wp\/v2\/media?parent=4346"}],"curies":[{"name":"wp","href":"https:\/\/api.w.org\/{rel}","templated":true}]}}