{"id":4340,"date":"2024-05-03T06:35:24","date_gmt":"2024-05-03T06:35:24","guid":{"rendered":"https:\/\/elfsight.com\/it\/?page_id=4340"},"modified":"2025-03-20T09:41:22","modified_gmt":"2025-03-20T09:41:22","slug":"elementor","status":"publish","type":"page","link":"https:\/\/elfsight.com\/it\/facebook-chat-widget\/elementor\/","title":{"rendered":"Facebook Chat &#8211; Elementor"},"content":{"rendered":"\n<div class=\"application-platform-content-item-description application-platform-content-item\" id=\"description\" data-nav-section=\"description\"> <h2>Incorpora la chat di Facebook su Elementor con il widget Elfsight<\/h2> <p>Facebook Messenger realizzato da Elfsight \u00e8 la variante pi\u00f9 pratica per i clienti del tuo sito web per avviare una conversazione con te e ricevere risposte alle loro domande e richieste. Ora puoi essere disponibile in diretta per i tuoi spettatori nel loro messenger preferito. Aggiungi il widget Chat per Facebook a tutte le pagine del tuo negozio, seleziona alcune pagine per esso; lasciarlo mostrare a tutti i visitatori o solo a tipi specifici di clienti; stabilisci i trigger di avvio della chat, includi il tuo messaggio di benvenuto personalizzato, seleziona le icone e altro ancora. Con la chat di Facebook sulla tua pagina web, rimarrai in contatto con i tuoi utenti in ogni momento e da qualsiasi luogo.<\/p> <div class=\"faq\" data-component=\"FAQ\"> <div class=\"faq-item\">\r\n\t\t\t\t\t<div class=\"faq-item-question\">\r\n\t\t\t\t\t\t<h3 class=\"faq-item-question-text\">Dove posso integrare questo plugin sul mio sito web<\/h3>\r\n\r\n\t\t\t\t\t\t<div class=\"faq-item-question-icon\"><\/div>\r\n\t\t\t\t\t<\/div>\r\n\r\n\t\t\t\t\t<div class=\"faq-item-answer\">\r\n\t\t\t\t\t\t<div class=\"faq-item-answer-text\"> <p> Puoi incorporare la chat di Facebook in ogni pagina del tuo sito o solo in pagine selezionate. Un&#8217;altra opzione \u00e8 escluderlo dalle pagine scelte, dove non lo desideri.<\/p> <\/div>\r\n\t\t\t\t\t<\/div>\r\n\t\t\t\t<\/div> <div class=\"faq-item\">\r\n\t\t\t\t\t<div class=\"faq-item-question\">\r\n\t\t\t\t\t\t<h3 class=\"faq-item-question-text\">Quali vantaggi pu\u00f2 darmi?<\/h3>\r\n\r\n\t\t\t\t\t\t<div class=\"faq-item-question-icon\"><\/div>\r\n\t\t\t\t\t<\/div>\r\n\r\n\t\t\t\t\t<div class=\"faq-item-answer\">\r\n\t\t\t\t\t\t<div class=\"faq-item-answer-text\"> <p>Far\u00e0 s\u00ec che i clienti ti raggiungano con le loro domande, richieste o problemi. Ci\u00f2 pu\u00f2 contribuire ad aumentare la quantit\u00e0 di lead e vendite sul tuo sito. Inoltre, risposte rapide e un approccio individuale aumenteranno il livello delle relazioni con i tuoi clienti.<\/p> <\/div>\r\n\t\t\t\t\t<\/div>\r\n\t\t\t\t<\/div> <div class=\"faq-item\">\r\n\t\t\t\t\t<div class=\"faq-item-question\">\r\n\t\t\t\t\t\t<h3 class=\"faq-item-question-text\">Di cosa ho bisogno per incorporare Facebook Messenger nel mio sito Web Elementor?<\/h3>\r\n\r\n\t\t\t\t\t\t<div class=\"faq-item-question-icon\"><\/div>\r\n\t\t\t\t\t<\/div>\r\n\r\n\t\t\t\t\t<div class=\"faq-item-answer\">\r\n\t\t\t\t\t\t<div class=\"faq-item-answer-text\"> <p>It ci vorranno solo due minuti di tempo per iniziare a utilizzare il widget. L&#8217;installazione \u00e8 estremamente rapida, gratuita e priva di codifica.<\/p> <p>La chat Facebook di Elfsight pu\u00f2 essere inserita nel tuo sito tramite il nostro servizio o tramite il marketplace. Puoi entrambe le opzioni e scegliere quella pi\u00f9 adatta.<\/p> <\/div>\r\n\t\t\t\t\t<\/div>\r\n\t\t\t\t<\/div> <\/div> <\/div><div class=\"application-platform-content-item-features application-platform-content-item\" id=\"features\" data-nav-section=\"features\"> <h2>Caratteristiche principali del widget Chat di Facebook<\/h2> <p>Per comprendere meglio il widget Chat, controlla l&#8217;elenco delle funzioni essenziali di cui dispone. Rendono questo widget estremamente vantaggioso per te:<\/p> <ul><li>Inserisci Facebook Messenger nel tuo negozio per connetterti con gli spettatori;<\/li><li>Continua a inviare messaggi direttamente dal tuo account Facebook;<\/li><li>Scegli tra tre varianti del layout della chat: come bolla mobile, bolla incorporata e finestra di chat incorporata;<\/li><li>Utilizza una raccolta di icone a bolle tra cui scegliere;<\/li><li>Inserisci il tuo layout personale testo del fumetto della chat.<\/li><\/ul><p><a href=\"#demo\">La demo dal vivo ti mostrer\u00e0 un elenco completo di funzionalit\u00e0<\/a><\/p> <\/div><div class=\"application-platform-content-item-installation application-platform-content-item\" id=\"installation\" data-nav-section=\"installation\"> <h2>Vediamo come aggiungere la chat di Facebook al tuo sito Elementor<\/h2><div class=\"video-container\"><iframe width=\"560\" height=\"315\" src=\"https:\/\/www.youtube.com\/embed\/mcaqM0XgAvs?si=C0cTsk7iviXFMASZ\" frameborder=\"0\" allow=\"accelerometer; autoplay; clipboard-write; encrypted-media; gyroscope; picture-in-picture; web-share\" allowfullscreen><\/iframe><\/div><p>Basta seguire un paio di passaggi descritti di seguito per aggiungere il widget al tuo sito.<\/p><ul><li><b>Crea il tuo widget di chat personalizzato<\/b><br>Con l&#8217;aiuto del nostro editor gratuito, genera un plugin con design e capacit\u00e0 preferibili.<\/li><li><b>Acquisisci un codice per l&#8217;installazione del plugin<\/b><br>Dopo l&#8217;impostazione del widget Ricevi un codice per il widget Chat dalla notifica visualizzata sulle app Elfsight.<\/li><li><b>Incorpora il plugin nel sito web <\/b><br>Visualizza il plug-in nel punto desiderato del sito Web e salva i risultati.<\/li><li><b>Fatto!<\/b><br> Visita il tuo sito Web Elementor per vedere il tuo plug-in.<\/li><\/ul><p>Non riesci ancora a decidere? Oppure hai qualcosa da chiedere? Basta una singola richiesta al nostro supporto clienti per risolvere qualsiasi problema. <\/p> <\/div><\/ul>\n","protected":false},"excerpt":{"rendered":"","protected":false},"author":9,"featured_media":0,"parent":1456,"menu_order":0,"comment_status":"closed","ping_status":"closed","template":"templates\/template-application-platform.php","meta":{"publish_to_discourse":"","publish_post_category":"","wpdc_auto_publish_overridden":"","wpdc_topic_tags":"","wpdc_pin_topic":"","wpdc_pin_until":"","discourse_post_id":"","discourse_permalink":"","wpdc_publishing_response":"","wpdc_publishing_error":"","footnotes":""},"class_list":["post-4340","page","type-page","status-publish","hentry"],"yoast_head":"<!-- This site is optimized with the Yoast SEO plugin v25.3.1 - https:\/\/yoast.com\/wordpress\/plugins\/seo\/ -->\n<title>Facebook Messenger: aggiungi la chat dal vivo al sito Web di Elementor<\/title>\n<meta name=\"description\" content=\"Con Elfsight, progetta il tuo widget di chat di Facebook e mostralo sul tuo sito Web Elementor in modo semplice e veloce. Offriamo un servizio clienti gratuito e pi\u00f9 bonus.\" \/>\n<meta name=\"robots\" content=\"index, follow, max-snippet:-1, max-image-preview:large, max-video-preview:-1\" \/>\n<link rel=\"canonical\" href=\"https:\/\/elfsight.com\/it\/facebook-chat-widget\/elementor\/\" \/>\n<meta property=\"og:locale\" content=\"it_IT\" \/>\n<meta property=\"og:type\" content=\"article\" \/>\n<meta property=\"og:title\" content=\"Facebook Messenger: aggiungi la chat dal vivo al sito Web di Elementor\" \/>\n<meta property=\"og:description\" content=\"Con Elfsight, progetta il tuo widget di chat di Facebook e mostralo sul tuo sito Web Elementor in modo semplice e veloce. Offriamo un servizio clienti gratuito e pi\u00f9 bonus.\" \/>\n<meta property=\"og:url\" content=\"https:\/\/elfsight.com\/it\/facebook-chat-widget\/elementor\/\" \/>\n<meta property=\"og:site_name\" content=\"Elfsight IT\" \/>\n<meta property=\"article:modified_time\" content=\"2025-03-20T09:41:22+00:00\" \/>\n<meta name=\"twitter:card\" content=\"summary_large_image\" \/>\n<meta name=\"twitter:label1\" content=\"Tempo di lettura stimato\" \/>\n\t<meta name=\"twitter:data1\" content=\"3 minuti\" \/>\n<!-- \/ Yoast SEO plugin. -->","yoast_head_json":{"title":"Facebook Messenger: aggiungi la chat dal vivo al sito Web di Elementor","description":"Con Elfsight, progetta il tuo widget di chat di Facebook e mostralo sul tuo sito Web Elementor in modo semplice e veloce. Offriamo un servizio clienti gratuito e pi\u00f9 bonus.","robots":{"index":"index","follow":"follow","max-snippet":"max-snippet:-1","max-image-preview":"max-image-preview:large","max-video-preview":"max-video-preview:-1"},"canonical":"https:\/\/elfsight.com\/it\/facebook-chat-widget\/elementor\/","og_locale":"it_IT","og_type":"article","og_title":"Facebook Messenger: aggiungi la chat dal vivo al sito Web di Elementor","og_description":"Con Elfsight, progetta il tuo widget di chat di Facebook e mostralo sul tuo sito Web Elementor in modo semplice e veloce. Offriamo un servizio clienti gratuito e pi\u00f9 bonus.","og_url":"https:\/\/elfsight.com\/it\/facebook-chat-widget\/elementor\/","og_site_name":"Elfsight IT","article_modified_time":"2025-03-20T09:41:22+00:00","twitter_card":"summary_large_image","twitter_misc":{"Tempo di lettura stimato":"3 minuti"},"schema":{"@context":"https:\/\/schema.org","@graph":[{"@type":"WebPage","@id":"https:\/\/elfsight.com\/it\/facebook-chat-widget\/elementor\/","url":"https:\/\/elfsight.com\/it\/facebook-chat-widget\/elementor\/","name":"Facebook Messenger: aggiungi la chat dal vivo al sito Web di Elementor","isPartOf":{"@id":"https:\/\/elfsight.com\/it\/#website"},"datePublished":"2024-05-03T06:35:24+00:00","dateModified":"2025-03-20T09:41:22+00:00","description":"Con Elfsight, progetta il tuo widget di chat di Facebook e mostralo sul tuo sito Web Elementor in modo semplice e veloce. Offriamo un servizio clienti gratuito e pi\u00f9 bonus.","breadcrumb":{"@id":"https:\/\/elfsight.com\/it\/facebook-chat-widget\/elementor\/#breadcrumb"},"inLanguage":"it-IT","potentialAction":[{"@type":"ReadAction","target":["https:\/\/elfsight.com\/it\/facebook-chat-widget\/elementor\/"]}]},{"@type":"BreadcrumbList","@id":"https:\/\/elfsight.com\/it\/facebook-chat-widget\/elementor\/#breadcrumb","itemListElement":[{"@type":"ListItem","position":1,"name":"Home","item":"https:\/\/elfsight.com\/it\/"},{"@type":"ListItem","position":2,"name":"Facebook Chat","item":"https:\/\/elfsight.com\/it\/facebook-chat-widget\/"},{"@type":"ListItem","position":3,"name":"Facebook Chat &#8211; Elementor"}]},{"@type":"WebSite","@id":"https:\/\/elfsight.com\/it\/#website","url":"https:\/\/elfsight.com\/it\/","name":"Elfsight IT","description":"Just another Elfsight Sites site","potentialAction":[{"@type":"SearchAction","target":{"@type":"EntryPoint","urlTemplate":"https:\/\/elfsight.com\/it\/?s={search_term_string}"},"query-input":{"@type":"PropertyValueSpecification","valueRequired":true,"valueName":"search_term_string"}}],"inLanguage":"it-IT"}]}},"meta_box":{"industry":"","seo_heading":"","heading":"","description":"","cta_heading":"","cta_description":"","application":"1455","h1":"Widget Elementor Facebook Messenger","h1_caption":"Aggiungi un widget di chat di Facebook Messenger al tuo sito web, fornendo agli utenti un modo semplice per contattarti senza sforzo nel tuo sito web Blogger.","application_category":[],"applications_title":"","applications_request_title":"","applications_request_button_text":"","hero_text":"","hero_video":"","hero_video_schema_markup":"","selling_points_title":"","selling_points_caption":"","selling_points":[],"selling_points_cta_text":"","features_title":"","features":"","ed_cta_examples_text":"","ed_cta_examples_hidden":"","ed_cta_demo_text":"","ed_cta_demo_hidden":"","why_caption":"","why_editor_title":"","why_editor_text":"","why_team_title":"","why_team_text":"","why_service_title":"","why_service_text":"","template_catalog_visible":"0","template_catalog_title":"","template_catalog_text":"","template_catalog_categories_visible":"","demo_title":"Crea il tuo widget di chat di Facebook","demo_caption":"Configura la tua chat di Facebook e aggiungila gratuitamente al tuo sito Web Elementor!","default_faq_hidden":"","app_template_category":[],"platform":"68","template_public_id":"","codecanyon_url":"","codecanyon_item_id":"","codecanyon_price":"","pricing_caption":"","pricing_elfsight_apps_hide_column":"","pricing_elfsight_apps_url":"","pricing_codecanyon_price_caption":"","integration_category":[],"integration_request_title":"","integration_request_cta":"","integration_platform":"","integrations":[],"platform_category":[],"video_schema_markup":"","price":"da $ 0 al mese","trial":"","benefits":[{"text":"Servizio di installazione gratuito"},{"text":"Supporto eccezionale"},{"text":"Garanzia di rimborso di 14 giorni"},{"text":"Aggiornamenti gratuiti continui"}],"button_url":"#demo","button_target_blank":"0","button_nofollow":"0","attributes":[{"name":"Installazioni"},{"name":"Reattivo","content":"S\u00cc"},{"name":"Browser compatibili","content":"Firefox, Safari, Opera, Chrome, Edge"}],"tags":[],"tags_disable_links":"0","hide_more_platforms":"0","video_object":"","demo_hide_cta":"0","demo_hide_cloud_options":"0","pricing_title":"","pricing":[{"pricing_icon":"platform","pricing_title":"Elfsight Apps","pricing_title_caption":"Soluzione digitale multipiattaforma","pricing_price":"da $ 0 \/ mese","pricing_price_caption":"inizia con il piano gratuito","pricing_benefits":[{"text":"Domini illimitati"},{"text":"Assistenza clienti premium e ben documentata"},{"text":"Servizio di installazione gratuito"},{"text":"Prezzo speciale per pi\u00f9 app"}],"pricing_button_text":"Aggiungi al sito web","pricing_button_url":"#demo"}],"related_apps_title":"","related_apps_hidden":"0","author":"","image":[],"title":"","job":"","social_networks":[]},"_links":{"self":[{"href":"https:\/\/elfsight.com\/it\/wp-json\/wp\/v2\/pages\/4340","targetHints":{"allow":["GET"]}}],"collection":[{"href":"https:\/\/elfsight.com\/it\/wp-json\/wp\/v2\/pages"}],"about":[{"href":"https:\/\/elfsight.com\/it\/wp-json\/wp\/v2\/types\/page"}],"author":[{"embeddable":true,"href":"https:\/\/elfsight.com\/it\/wp-json\/wp\/v2\/users\/9"}],"replies":[{"embeddable":true,"href":"https:\/\/elfsight.com\/it\/wp-json\/wp\/v2\/comments?post=4340"}],"version-history":[{"count":3,"href":"https:\/\/elfsight.com\/it\/wp-json\/wp\/v2\/pages\/4340\/revisions"}],"predecessor-version":[{"id":9410,"href":"https:\/\/elfsight.com\/it\/wp-json\/wp\/v2\/pages\/4340\/revisions\/9410"}],"up":[{"embeddable":true,"href":"https:\/\/elfsight.com\/it\/wp-json\/wp\/v2\/pages\/1456"}],"wp:attachment":[{"href":"https:\/\/elfsight.com\/it\/wp-json\/wp\/v2\/media?parent=4340"}],"curies":[{"name":"wp","href":"https:\/\/api.w.org\/{rel}","templated":true}]}}