{"id":4317,"date":"2024-05-03T06:35:13","date_gmt":"2024-05-03T06:35:13","guid":{"rendered":"https:\/\/elfsight.com\/it\/?page_id=4317"},"modified":"2025-03-13T10:46:51","modified_gmt":"2025-03-13T10:46:51","slug":"blogger","status":"publish","type":"page","link":"https:\/\/elfsight.com\/it\/event-calendar-widget\/blogger\/","title":{"rendered":"Event Calendar &#8211; Blogger"},"content":{"rendered":"\n<div class=\"application-platform-content-item-description application-platform-content-item\" id=\"description\" data-nav-section=\"description\"> <h2>Incorpora il calendario degli eventi con il widget Elfsight<\/h2> <p>Il calendario Elfsight \u00e8 un potente widget che ti consente di condividere rapidamente le tue attivit\u00e0 con gli altri del mondo. Include molte opportunit\u00e0 per mostrare i prossimi eventi nel modo pi\u00f9 maestoso. Personalizzalo per unire il design con lo stile del tuo sito web. Crea un numero illimitato di eventi, aggiungi tag diversi, carica le tue immagini e i tuoi video e mantieni i visitatori informati sui tuoi progetti. <\/p> <p>Aggiungi un calendario degli eventi al tuo sito web Blogger per creare consapevolezza sulle attivit\u00e0 della tua organizzazione. Ancora pi\u00f9 importante, aumenta la visibilit\u00e0 del tuo marchio man mano che crei pi\u00f9 eventi. Puoi pubblicare il calendario degli eventi su tutte le pagine del tuo sito Blogger o solo su quelle selezionate. Il calendario degli eventi sul tuo sito ti consente anche di incorporare nuovi contenuti per il tuo sito, il che \u00e8 sempre positivo per i motori di ricerca. I motori di ricerca esaminano sempre il tuo sito e, quando trovano nuovi contenuti, lo classificano come pi\u00f9 pertinente e possono aumentare le possibilit\u00e0 di trovare il tuo sito quando le persone effettuano ricerche online. Oltre agli eventi, l&#8217;aggiunta di un calendario pu\u00f2 aggiungere valore al tuo sito web agli occhi dei tuoi clienti. Puoi utilizzare il calendario degli eventi per aggiungere pi\u00f9 interazione tra i tuoi clienti. Come un post sul blog, un calendario pu\u00f2 aiutarti a interagire con i tuoi clienti consentendo loro di iscriversi ad alcuni eventi e persino di suggerire altri eventi a cui potrebbero voler partecipare. Integrare questa opzione per dimostrare gli eventi sul tuo sito Blogger \u00e8 davvero facile da eseguire.<\/p><p><b>Il widget Calendario eventi pu\u00f2 aiutarti a dimostrare comodamente le tue attivit\u00e0 future e ad aumentare il tasso di coinvolgimento sul tuo sito web. <\/b><\/p> <\/div> <div class=\"application-platform-content-item-features application-platform-content-item\" id=\"features\" data-nav-section=\"features\"> <h2>Caratteristiche principali del widget Calendario eventi<\/h2> <p>Controlla tutte le caratteristiche funzionali del Calendario eventi. Puoi gestirli direttamente nell&#8217;editor e ti aiuteranno a modellare il widget adatto alle tue esigenze. <\/p> <ul> <li>Utilizza le opportunit\u00e0 di contenuti adattabili per comprendere il calendario per il tuo tipo di eventi. <\/li> <li>Offri agli utenti l&#8217;opportunit\u00e0 di aggiungere eventi ai loro calendari di uso comune. <\/li> <li>Crea vari tipi di eventi, contrassegna le posizioni e aggiungi host. <\/li> <li>Classifica tutte le tue attivit\u00e0 e assegna loro dei tag. <\/li> <li>Cambia tra 4 varianti di layout. <\/li> <\/ul> <p><a href=\"#demo\">Puoi provare tutte le funzionalit\u00e0 del widget direttamente nella demo<\/a><\/p> <\/div> <div class=\"application-platform-content-item-installation application-platform-content-item\" id=\"installation\" data-nav-section=\"installation\"> <h2>Come incorporare il calendario degli eventi nel sito web di Blogger? <\/h2> <div class=\"video-container\"><iframe width=\"560\" height=\"315\" src=\"https:\/\/www.youtube.com\/embed\/o7BkhXCBf-w?si=PNf_bBd4cgaxgKCL\" frameborder=\"0\" allow=\"accelerometer; autoplay; clipboard-write; encrypted-media; gyroscope; picture-in-picture; web-share\" allowfullscreen><\/iframe><\/div><p>Per introdurre il widget, basta seguire questi rapidi passaggi. <\/p> <ul> <li><b>Costruisci il tuo widget Calendario personalizzato<\/b><br> Utilizzando il nostro configuratore gratuito, ottieni un plugin con una composizione e funzioni preferibili. <\/li> <li><b>Acquisisci il codice personale per visualizzare il widget<\/b><br> Dopo aver personalizzato il tuo widget, otterrai il codice di installazione dalla notifica che appare su Elfsight Apps. Copialo per un ulteriore utilizzo. <\/li> <li><b>Incorpora il widget Calendario eventi nel tuo sito<\/b><br> Trova il luogo in cui desideri posizionare il plug-in e aggiungi l\u00ec il codice salvato. Pubblica le modifiche. <\/li> <li><b>Fatto! <\/b><br> Vai al tuo sito, per dare un&#8217;occhiata al tuo lavoro. <\/li> <\/ul> <p>Non pensarci due volte per metterti in contatto con il servizio di supporto Elfsight nel caso avessi bisogno di aiuto o avessi problemi. Daremo una mano con ogni richiesta. <\/p> <\/div><div class=\"faq\" data-component=\"FAQ\"><div class=\"faq-item\">\r\n\t\t\t\t\t<div class=\"faq-item-question\">\r\n\t\t\t\t\t\t<h3 class=\"faq-item-question-text\">Esiste un modo per aggiungere il calendario degli eventi alla home page di Blogger senza scrivere codice?<\/h3>\r\n\r\n\t\t\t\t\t\t<div class=\"faq-item-question-icon\"><\/div>\r\n\t\t\t\t\t<\/div>\r\n\r\n\t\t\t\t\t<div class=\"faq-item-answer\">\r\n\t\t\t\t\t\t<div class=\"faq-item-answer-text\"><p>La societ\u00e0 Elfsight offre un Soluzione SaaS che consente a un vasto pubblico di creare tu stesso una sezione del calendario degli eventi, guarda le semplici istruzioni: <\/p><ul><li>Vai alla demo online per creare una sezione del calendario degli eventi che desideri venga visualizzata sulla home page di Blogger.<\/li><li>Fai clic su uno dei tanti modelli predefiniti e adatta le impostazioni del calendario degli eventi, aggiungi i tuoi contenuti, cambia il layout e i colori senza alcuna codifica.<\/li><li>Fai clic per salvare le impostazioni che hai effettuato al Calendario eventi e copia il codice per l&#8217;installazione, che pu\u00f2 essere facilmente incorporato nel sito Web di Blogger senza acquistare una versione a pagamento. <\/li><\/ul><p>Con il semplice configuratore ogni utente web pu\u00f2 creare un calendario degli eventi online e includerlo facilmente in qualsiasi sito Blogger. Non \u00e8 necessario sottoscrivere un abbonamento a pagamento o inviare i dati della carta per accedere al nostro servizio. Se riscontri problemi in qualsiasi momento, vai avanti e contatta il nostro personale di supporto.<\/p><\/div>\r\n\t\t\t\t\t<\/div>\r\n\t\t\t\t<\/div><\/div>\n","protected":false},"excerpt":{"rendered":"","protected":false},"author":9,"featured_media":0,"parent":1545,"menu_order":0,"comment_status":"closed","ping_status":"closed","template":"templates\/template-application-platform.php","meta":{"publish_to_discourse":"","publish_post_category":"","wpdc_auto_publish_overridden":"","wpdc_topic_tags":"","wpdc_pin_topic":"","wpdc_pin_until":"","discourse_post_id":"","discourse_permalink":"","wpdc_publishing_response":"","wpdc_publishing_error":"","footnotes":""},"class_list":["post-4317","page","type-page","status-publish","hentry"],"yoast_head":"<!-- This site is optimized with the Yoast SEO plugin v25.3.1 - https:\/\/yoast.com\/wordpress\/plugins\/seo\/ -->\n<title>Calendario eventi: aggiungi l&#039;app Calendario al sito Web di Blogger [2026]<\/title>\n<meta name=\"description\" content=\"Con Elfsight, progetta il plug-in del tuo calendario degli eventi e aggiungilo rapidamente al tuo sito Web Blogger. Offriamo assistenza clienti gratuita e altri bonus.\" \/>\n<meta name=\"robots\" content=\"index, follow, max-snippet:-1, max-image-preview:large, max-video-preview:-1\" \/>\n<link rel=\"canonical\" href=\"https:\/\/elfsight.com\/it\/event-calendar-widget\/blogger\/\" \/>\n<meta property=\"og:locale\" content=\"it_IT\" \/>\n<meta property=\"og:type\" content=\"article\" \/>\n<meta property=\"og:title\" content=\"Calendario eventi: aggiungi l&#039;app Calendario al sito Web di Blogger [2026]\" \/>\n<meta property=\"og:description\" content=\"Con Elfsight, progetta il plug-in del tuo calendario degli eventi e aggiungilo rapidamente al tuo sito Web Blogger. Offriamo assistenza clienti gratuita e altri bonus.\" \/>\n<meta property=\"og:url\" content=\"https:\/\/elfsight.com\/it\/event-calendar-widget\/blogger\/\" \/>\n<meta property=\"og:site_name\" content=\"Elfsight IT\" \/>\n<meta property=\"article:modified_time\" content=\"2025-03-13T10:46:51+00:00\" \/>\n<meta name=\"twitter:card\" content=\"summary_large_image\" \/>\n<meta name=\"twitter:label1\" content=\"Tempo di lettura stimato\" \/>\n\t<meta name=\"twitter:data1\" content=\"4 minuti\" \/>\n<!-- \/ Yoast SEO plugin. -->","yoast_head_json":{"title":"Calendario eventi: aggiungi l'app Calendario al sito Web di Blogger [2026]","description":"Con Elfsight, progetta il plug-in del tuo calendario degli eventi e aggiungilo rapidamente al tuo sito Web Blogger. Offriamo assistenza clienti gratuita e altri bonus.","robots":{"index":"index","follow":"follow","max-snippet":"max-snippet:-1","max-image-preview":"max-image-preview:large","max-video-preview":"max-video-preview:-1"},"canonical":"https:\/\/elfsight.com\/it\/event-calendar-widget\/blogger\/","og_locale":"it_IT","og_type":"article","og_title":"Calendario eventi: aggiungi l'app Calendario al sito Web di Blogger [2026]","og_description":"Con Elfsight, progetta il plug-in del tuo calendario degli eventi e aggiungilo rapidamente al tuo sito Web Blogger. Offriamo assistenza clienti gratuita e altri bonus.","og_url":"https:\/\/elfsight.com\/it\/event-calendar-widget\/blogger\/","og_site_name":"Elfsight IT","article_modified_time":"2025-03-13T10:46:51+00:00","twitter_card":"summary_large_image","twitter_misc":{"Tempo di lettura stimato":"4 minuti"},"schema":{"@context":"https:\/\/schema.org","@graph":[{"@type":"WebPage","@id":"https:\/\/elfsight.com\/it\/event-calendar-widget\/blogger\/","url":"https:\/\/elfsight.com\/it\/event-calendar-widget\/blogger\/","name":"Calendario eventi: aggiungi l'app Calendario al sito Web di Blogger [2026]","isPartOf":{"@id":"https:\/\/elfsight.com\/it\/#website"},"datePublished":"2024-05-03T06:35:13+00:00","dateModified":"2025-03-13T10:46:51+00:00","description":"Con Elfsight, progetta il plug-in del tuo calendario degli eventi e aggiungilo rapidamente al tuo sito Web Blogger. Offriamo assistenza clienti gratuita e altri bonus.","breadcrumb":{"@id":"https:\/\/elfsight.com\/it\/event-calendar-widget\/blogger\/#breadcrumb"},"inLanguage":"it-IT","potentialAction":[{"@type":"ReadAction","target":["https:\/\/elfsight.com\/it\/event-calendar-widget\/blogger\/"]}]},{"@type":"BreadcrumbList","@id":"https:\/\/elfsight.com\/it\/event-calendar-widget\/blogger\/#breadcrumb","itemListElement":[{"@type":"ListItem","position":1,"name":"Home","item":"https:\/\/elfsight.com\/it\/"},{"@type":"ListItem","position":2,"name":"Event Calendar","item":"https:\/\/elfsight.com\/it\/event-calendar-widget\/"},{"@type":"ListItem","position":3,"name":"Event Calendar &#8211; Blogger"}]},{"@type":"WebSite","@id":"https:\/\/elfsight.com\/it\/#website","url":"https:\/\/elfsight.com\/it\/","name":"Elfsight IT","description":"Just another Elfsight Sites site","potentialAction":[{"@type":"SearchAction","target":{"@type":"EntryPoint","urlTemplate":"https:\/\/elfsight.com\/it\/?s={search_term_string}"},"query-input":{"@type":"PropertyValueSpecification","valueRequired":true,"valueName":"search_term_string"}}],"inLanguage":"it-IT"}]}},"meta_box":{"industry":"","seo_heading":"","heading":"","description":"","cta_heading":"","cta_description":"","application":"1544","h1":"Widget del calendario degli eventi di Blogger","h1_caption":"Gestisci e condividi facilmente gli eventi sul tuo sito web con un calendario degli eventi interattivo e intuitivo nel tuo sito web Blogger.","application_category":[],"applications_title":"","applications_request_title":"","applications_request_button_text":"","hero_text":"","hero_video":"","hero_video_schema_markup":"","selling_points_title":"","selling_points_caption":"","selling_points":[],"selling_points_cta_text":"","features_title":"","features":"","ed_cta_examples_text":"","ed_cta_examples_hidden":"","ed_cta_demo_text":"","ed_cta_demo_hidden":"","why_caption":"","why_editor_title":"","why_editor_text":"","why_team_title":"","why_team_text":"","why_service_title":"","why_service_text":"","template_catalog_visible":"0","template_catalog_title":"","template_catalog_text":"","template_catalog_categories_visible":"","demo_title":"Crea il tuo widget Calendario eventi","demo_caption":"Configura il tuo calendario degli eventi e aggiungilo gratuitamente al tuo sito Blogger!","default_faq_hidden":"","app_template_category":[],"platform":"33","template_public_id":"","codecanyon_url":"","codecanyon_item_id":"","codecanyon_price":"","pricing_caption":"","pricing_elfsight_apps_hide_column":"","pricing_elfsight_apps_url":"","pricing_codecanyon_price_caption":"","integration_category":[],"integration_request_title":"","integration_request_cta":"","integration_platform":"","integrations":[],"platform_category":[],"video_schema_markup":"","price":"da $ 0 al mese","trial":"","benefits":[{"text":"Assistenza per l'installazione gratuita"},{"text":"Servizio clienti efficace"},{"text":"Garanzia di rimborso di 14 giorni"},{"text":"Sviluppo continuo"}],"button_url":"#demo","button_target_blank":"0","button_nofollow":"0","attributes":[{"name":"Installazioni"},{"name":"Reattivo","content":"Completamente adattivo"},{"name":"Browser compatibili","content":"Firefox, Chrome, Safari, Edge, Opera"}],"tags":[],"tags_disable_links":"0","hide_more_platforms":"0","video_object":"","demo_hide_cta":"0","demo_hide_cloud_options":"0","pricing_title":"","pricing":[{"pricing_icon":"platform","pricing_title":"Elfsight Apps","pricing_title_caption":"Versione multipiattaforma che funziona su qualsiasi sito web","pricing_price":"da $ 0 \/ mese","pricing_price_caption":"inizia con un piano gratuito","pricing_benefits":[{"text":"Domini illimitati"},{"text":"Supporto premium e ben documentato"},{"text":"Assistenza gratuita per l'installazione"},{"text":"Progettazione flessibile"}],"pricing_button_text":"Aggiungi al sito web","pricing_button_url":"#demo"}],"related_apps_title":"","related_apps_hidden":"0","author":"","image":[],"title":"","job":"","social_networks":[]},"_links":{"self":[{"href":"https:\/\/elfsight.com\/it\/wp-json\/wp\/v2\/pages\/4317","targetHints":{"allow":["GET"]}}],"collection":[{"href":"https:\/\/elfsight.com\/it\/wp-json\/wp\/v2\/pages"}],"about":[{"href":"https:\/\/elfsight.com\/it\/wp-json\/wp\/v2\/types\/page"}],"author":[{"embeddable":true,"href":"https:\/\/elfsight.com\/it\/wp-json\/wp\/v2\/users\/9"}],"replies":[{"embeddable":true,"href":"https:\/\/elfsight.com\/it\/wp-json\/wp\/v2\/comments?post=4317"}],"version-history":[{"count":3,"href":"https:\/\/elfsight.com\/it\/wp-json\/wp\/v2\/pages\/4317\/revisions"}],"predecessor-version":[{"id":8624,"href":"https:\/\/elfsight.com\/it\/wp-json\/wp\/v2\/pages\/4317\/revisions\/8624"}],"up":[{"embeddable":true,"href":"https:\/\/elfsight.com\/it\/wp-json\/wp\/v2\/pages\/1545"}],"wp:attachment":[{"href":"https:\/\/elfsight.com\/it\/wp-json\/wp\/v2\/media?parent=4317"}],"curies":[{"name":"wp","href":"https:\/\/api.w.org\/{rel}","templated":true}]}}