{"id":4315,"date":"2024-05-03T06:35:11","date_gmt":"2024-05-03T06:35:11","guid":{"rendered":"https:\/\/elfsight.com\/it\/?page_id=4315"},"modified":"2025-03-13T11:52:24","modified_gmt":"2025-03-13T11:52:24","slug":"facebook","status":"publish","type":"page","link":"https:\/\/elfsight.com\/it\/event-calendar-widget\/facebook\/","title":{"rendered":"Event Calendar &#8211; Facebook"},"content":{"rendered":"\n<div class=\"application-platform-content-item-description application-platform-content-item\" id=\"description\" data-nav-section=\"description\"> <h2>Incorpora il calendario degli eventi con il widget Elfsight<\/h2> <p>Il widget Calendario \u00e8 uno strumento straordinario che ti consente di condividere facilmente le tue attivit\u00e0 con i tuoi visitatori . Contiene molte opportunit\u00e0 per mostrare le prossime attivit\u00e0 nel modo pi\u00f9 maestoso. Personalizzalo per fondere il design con lo stile del tuo sito. Crea un numero illimitato di eventi, aggiungi diversi tag con il calendario sulla tua pagina Facebook, carica le tue immagini e i tuoi video e mantieni il tuo pubblico informato sui tuoi piani. <\/p> <p><b>Il widget Calendario eventi Elfsight pu\u00f2 aiutarti a dimostrare facilmente le tue prossime attivit\u00e0 e ad aumentare il tasso di coinvolgimento sulla tua pagina web. <\/b><\/p> <\/div> <div class=\"application-platform-content-item-features application-platform-content-item\" id=\"features\" data-nav-section=\"features\"> <h2>Caratteristiche principali del widget Calendario eventi<\/h2> <p>Qui puoi vedere tutte le caratteristiche funzionali del Calendario eventi. Sono disponibili direttamente nell&#8217;editor e ti aiuteranno a creare il widget adatto alle tue esigenze. <\/p> <ul> <li>Utilizza le opportunit\u00e0 di contenuti adattabili per comprendere lo strumento per il tuo tipo di attivit\u00e0. <\/li> <li>Consenti agli utenti di aggiungere i tuoi eventi alle loro app pi\u00f9 utilizzate. <\/li> <li>Crea diversi tipi di eventi, contrassegna le posizioni e aggiungi host. <\/li> <li>Classifica tutti i tuoi eventi e assegna loro dei tag. <\/li> <li>Discrimina tra 4 opzioni di layout. <\/li> <\/ul> <p><a href=\"#demo\">Prova tutte le altre funzioni nella demo<\/a><\/p> <\/div> <div class=\"application-platform-content-item-installation application-platform-content-item\" id=\"installation\" data-nav-section=\"installation\"> <h2> Come integrare la scheda Calendario eventi con la pagina Facebook? <\/h2> <p>Per iniziare a utilizzare il widget, basta applicare le istruzioni seguenti. <\/p> <ul> <li><b>Genera il tuo widget Calendario personalizzato<\/b><br> Utilizzando il nostro editor gratuito, imposta un plug-in con la composizione e la funzionalit\u00e0 che preferisci. <\/li> <li><b>Ricevi il codice personale per visualizzare il widget<\/b><br> Dopo aver impostato il tuo widget, riceverai il codice di installazione dalla notifica che appare sulle App Elfsight. Copia il codice. <\/li> <li><b>Aggiungi il widget alla pagina Facebook<\/b><br> Crea la tua scheda Facebook personalizzata. Inserisci nella scheda il codice che hai ricevuto su elfsight apps. In caso di problemi, consulta la nostra guida su <a href=\"https:\/\/elfsight.com\/blog\/how-to-add-custom-tab-to-facebook-page\/\" target=\"_blank\" rel=\"noopener noreferrer\">creazione di una scheda Facebook personalizzata<\/a><\/li><li><b>L&#8217;integrazione \u00e8 riuscita! <\/b><br> Visita la tua pagina, per vedere i tuoi lavori. <\/li> <\/ul> <p>Non pensarci due volte per contattare il servizio clienti se hai bisogno di consigli o hai domande. I nostri specialisti vi daranno una mano con ogni richiesta. <\/p> <div class=\"faq\" data-component=\"FAQ\"><div class=\"faq-item\">\r\n\t\t\t\t\t<div class=\"faq-item-question\">\r\n\t\t\t\t\t\t<h3 class=\"faq-item-question-text\">Esiste un modo per aggiungere un calendario degli eventi alla mia Pagina Facebook senza conoscenze di programmazione?<\/h3>\r\n\r\n\t\t\t\t\t\t<div class=\"faq-item-question-icon\"><\/div>\r\n\t\t\t\t\t<\/div>\r\n\r\n\t\t\t\t\t<div class=\"faq-item-answer\">\r\n\t\t\t\t\t\t<div class=\"faq-item-answer-text\">  \n<p>Elfsight offre una soluzione semplice per integrare un calendario degli eventi direttamente sulla tua Pagina Facebook. Segui questi passaggi:<\/p>  \n<ul>  \n<li>Accedi all&#8217;editor online e crea il widget del calendario degli eventi che desideri aggiungere alla tua Pagina Facebook.<\/li>  \n<li>Scegli un modello preimpostato, personalizza le impostazioni, modifica il design e i colori, e aggiungi i tuoi eventi senza necessit\u00e0 di programmare.<\/li>  \n<li>Salva il widget e copia il codice di installazione, che potrai facilmente incorporare nella tua Pagina Facebook.<\/li>  \n<\/ul>  \n<p>Grazie al nostro editor intuitivo, chiunque pu\u00f2 configurare un calendario degli eventi e integrarlo rapidamente su una Pagina Facebook. Non \u00e8 necessario un piano a pagamento n\u00e9 l&#8217;inserimento di dati della carta di credito. Se hai bisogno di aiuto, il nostro team di supporto \u00e8 sempre disponibile.<\/p>  \n<\/div>\r\n\t\t\t\t\t<\/div>\r\n\t\t\t\t<\/div><\/div>  \n<\/div>\n","protected":false},"excerpt":{"rendered":"","protected":false},"author":9,"featured_media":0,"parent":1545,"menu_order":0,"comment_status":"closed","ping_status":"closed","template":"templates\/template-application-platform.php","meta":{"publish_to_discourse":"","publish_post_category":"","wpdc_auto_publish_overridden":"","wpdc_topic_tags":"","wpdc_pin_topic":"","wpdc_pin_until":"","discourse_post_id":"","discourse_permalink":"","wpdc_publishing_response":"","wpdc_publishing_error":"","footnotes":""},"class_list":["post-4315","page","type-page","status-publish","hentry"],"yoast_head":"<!-- This site is optimized with the Yoast SEO plugin v25.3.1 - https:\/\/yoast.com\/wordpress\/plugins\/seo\/ -->\n<title>Calendario eventi - Aggiungi widget Calendario alla pagina Facebook (2026)<\/title>\n<meta name=\"description\" content=\"Con Elfsight, progetta il widget del tuo calendario eventi e aggiungilo rapidamente alla scheda della tua pagina Facebook. Offriamo assistenza clienti gratuita e altri bonus.\" \/>\n<meta name=\"robots\" content=\"index, follow, max-snippet:-1, max-image-preview:large, max-video-preview:-1\" \/>\n<link rel=\"canonical\" href=\"https:\/\/elfsight.com\/it\/event-calendar-widget\/facebook\/\" \/>\n<meta property=\"og:locale\" content=\"it_IT\" \/>\n<meta property=\"og:type\" content=\"article\" \/>\n<meta property=\"og:title\" content=\"Calendario eventi - Aggiungi widget Calendario alla pagina Facebook (2026)\" \/>\n<meta property=\"og:description\" content=\"Con Elfsight, progetta il widget del tuo calendario eventi e aggiungilo rapidamente alla scheda della tua pagina Facebook. Offriamo assistenza clienti gratuita e altri bonus.\" \/>\n<meta property=\"og:url\" content=\"https:\/\/elfsight.com\/it\/event-calendar-widget\/facebook\/\" \/>\n<meta property=\"og:site_name\" content=\"Elfsight IT\" \/>\n<meta property=\"article:modified_time\" content=\"2025-03-13T11:52:24+00:00\" \/>\n<meta name=\"twitter:card\" content=\"summary_large_image\" \/>\n<meta name=\"twitter:label1\" content=\"Tempo di lettura stimato\" \/>\n\t<meta name=\"twitter:data1\" content=\"3 minuti\" \/>\n<!-- \/ Yoast SEO plugin. -->","yoast_head_json":{"title":"Calendario eventi - Aggiungi widget Calendario alla pagina Facebook (2026)","description":"Con Elfsight, progetta il widget del tuo calendario eventi e aggiungilo rapidamente alla scheda della tua pagina Facebook. Offriamo assistenza clienti gratuita e altri bonus.","robots":{"index":"index","follow":"follow","max-snippet":"max-snippet:-1","max-image-preview":"max-image-preview:large","max-video-preview":"max-video-preview:-1"},"canonical":"https:\/\/elfsight.com\/it\/event-calendar-widget\/facebook\/","og_locale":"it_IT","og_type":"article","og_title":"Calendario eventi - Aggiungi widget Calendario alla pagina Facebook (2026)","og_description":"Con Elfsight, progetta il widget del tuo calendario eventi e aggiungilo rapidamente alla scheda della tua pagina Facebook. Offriamo assistenza clienti gratuita e altri bonus.","og_url":"https:\/\/elfsight.com\/it\/event-calendar-widget\/facebook\/","og_site_name":"Elfsight IT","article_modified_time":"2025-03-13T11:52:24+00:00","twitter_card":"summary_large_image","twitter_misc":{"Tempo di lettura stimato":"3 minuti"},"schema":{"@context":"https:\/\/schema.org","@graph":[{"@type":"WebPage","@id":"https:\/\/elfsight.com\/it\/event-calendar-widget\/facebook\/","url":"https:\/\/elfsight.com\/it\/event-calendar-widget\/facebook\/","name":"Calendario eventi - Aggiungi widget Calendario alla pagina Facebook (2026)","isPartOf":{"@id":"https:\/\/elfsight.com\/it\/#website"},"datePublished":"2024-05-03T06:35:11+00:00","dateModified":"2025-03-13T11:52:24+00:00","description":"Con Elfsight, progetta il widget del tuo calendario eventi e aggiungilo rapidamente alla scheda della tua pagina Facebook. Offriamo assistenza clienti gratuita e altri bonus.","breadcrumb":{"@id":"https:\/\/elfsight.com\/it\/event-calendar-widget\/facebook\/#breadcrumb"},"inLanguage":"it-IT","potentialAction":[{"@type":"ReadAction","target":["https:\/\/elfsight.com\/it\/event-calendar-widget\/facebook\/"]}]},{"@type":"BreadcrumbList","@id":"https:\/\/elfsight.com\/it\/event-calendar-widget\/facebook\/#breadcrumb","itemListElement":[{"@type":"ListItem","position":1,"name":"Home","item":"https:\/\/elfsight.com\/it\/"},{"@type":"ListItem","position":2,"name":"Event Calendar","item":"https:\/\/elfsight.com\/it\/event-calendar-widget\/"},{"@type":"ListItem","position":3,"name":"Event Calendar &#8211; Facebook"}]},{"@type":"WebSite","@id":"https:\/\/elfsight.com\/it\/#website","url":"https:\/\/elfsight.com\/it\/","name":"Elfsight IT","description":"Just another Elfsight Sites site","potentialAction":[{"@type":"SearchAction","target":{"@type":"EntryPoint","urlTemplate":"https:\/\/elfsight.com\/it\/?s={search_term_string}"},"query-input":{"@type":"PropertyValueSpecification","valueRequired":true,"valueName":"search_term_string"}}],"inLanguage":"it-IT"}]}},"meta_box":{"industry":"","seo_heading":"","heading":"","description":"","cta_heading":"","cta_description":"","application":"1544","h1":"Widget del calendario degli eventi di Facebook","h1_caption":"Rendi i tuoi eventi facili da trovare utilizzando il Calendario","application_category":[],"applications_title":"","applications_request_title":"","applications_request_button_text":"","hero_text":"","hero_video":"","hero_video_schema_markup":"","selling_points_title":"","selling_points_caption":"","selling_points":[],"selling_points_cta_text":"","features_title":"","features":"","ed_cta_examples_text":"","ed_cta_examples_hidden":"","ed_cta_demo_text":"","ed_cta_demo_hidden":"","why_caption":"","why_editor_title":"","why_editor_text":"","why_team_title":"","why_team_text":"","why_service_title":"","why_service_text":"","template_catalog_visible":"0","template_catalog_title":"","template_catalog_text":"","template_catalog_categories_visible":"","demo_title":"Costruisci il tuo calendario degli eventi di Facebook in pochissimo tempo!","demo_caption":"Puoi personalizzare il widget adesso e incorporarlo nel tuo sito web direttamente tramite la demo live.","default_faq_hidden":"","app_template_category":[],"platform":"77","template_public_id":"","codecanyon_url":"","codecanyon_item_id":"","codecanyon_price":"","pricing_caption":"","pricing_elfsight_apps_hide_column":"","pricing_elfsight_apps_url":"","pricing_codecanyon_price_caption":"","integration_category":[],"integration_request_title":"","integration_request_cta":"","integration_platform":"","integrations":[],"platform_category":[],"video_schema_markup":"","price":"da $ 0 al mese","trial":"","benefits":[{"text":"Assistenza per l'installazione gratuita"},{"text":"Supporto premium"},{"text":"Garanzia di rimborso di 14 giorni"},{"text":"Aggiornamento costante"}],"button_url":"#demo","button_target_blank":"0","button_nofollow":"0","attributes":[{"name":"Installazioni"},{"name":"Reattivo","content":"S\u00cc"},{"name":"Browser compatibili","content":"Firefox, Safari, Opera, Chrome, Edge"}],"tags":[],"tags_disable_links":"0","hide_more_platforms":"0","video_object":"","demo_hide_cta":"0","demo_hide_cloud_options":"0","pricing_title":"","pricing":[{"pricing_icon":"platform","pricing_title":"Elfsight Apps","pricing_title_caption":"Soluzione indipendente dalla piattaforma adatta a qualsiasi sito web","pricing_price":"da $ 0 \/ mese","pricing_price_caption":"inizia con il piano gratuito","pricing_benefits":[{"text":"Domini illimitati"},{"text":"Supporto aziendale premium"},{"text":"Supporto per l'installazione senza costi"},{"text":"Progettazione flessibile"}],"pricing_button_text":"Aggiungi al sito web","pricing_button_url":"#demo"}],"related_apps_title":"","related_apps_hidden":"0","author":"","image":[],"title":"","job":"","social_networks":[]},"_links":{"self":[{"href":"https:\/\/elfsight.com\/it\/wp-json\/wp\/v2\/pages\/4315","targetHints":{"allow":["GET"]}}],"collection":[{"href":"https:\/\/elfsight.com\/it\/wp-json\/wp\/v2\/pages"}],"about":[{"href":"https:\/\/elfsight.com\/it\/wp-json\/wp\/v2\/types\/page"}],"author":[{"embeddable":true,"href":"https:\/\/elfsight.com\/it\/wp-json\/wp\/v2\/users\/9"}],"replies":[{"embeddable":true,"href":"https:\/\/elfsight.com\/it\/wp-json\/wp\/v2\/comments?post=4315"}],"version-history":[{"count":2,"href":"https:\/\/elfsight.com\/it\/wp-json\/wp\/v2\/pages\/4315\/revisions"}],"predecessor-version":[{"id":8636,"href":"https:\/\/elfsight.com\/it\/wp-json\/wp\/v2\/pages\/4315\/revisions\/8636"}],"up":[{"embeddable":true,"href":"https:\/\/elfsight.com\/it\/wp-json\/wp\/v2\/pages\/1545"}],"wp:attachment":[{"href":"https:\/\/elfsight.com\/it\/wp-json\/wp\/v2\/media?parent=4315"}],"curies":[{"name":"wp","href":"https:\/\/api.w.org\/{rel}","templated":true}]}}