{"id":4314,"date":"2024-05-03T06:35:10","date_gmt":"2024-05-03T06:35:10","guid":{"rendered":"https:\/\/elfsight.com\/it\/?page_id=4314"},"modified":"2025-12-18T16:52:01","modified_gmt":"2025-12-18T16:52:01","slug":"elementor","status":"publish","type":"page","link":"https:\/\/elfsight.com\/it\/event-calendar-widget\/elementor\/","title":{"rendered":"Event Calendar &#8211; Elementor"},"content":{"rendered":"<div class=\"application-platform-content-item-description application-platform-content-item\" id=\"description\" data-nav-section=\"description\"> <h2>Incorpora il calendario degli eventi con il widget Elfsight<\/h2> <p>Il widget Calendario Elfsight \u00e8 un potente strumento che ti consente di condividere facilmente le tue attivit\u00e0 con il tuo pubblico. Ha molte opportunit\u00e0 per dimostrare i prossimi eventi nel modo pi\u00f9 rappresentativo. Personalizzalo per combinare il design con l&#8217;estetica della tua pagina. Costruisci un numero illimitato di eventi, aggiungi pi\u00f9 tag, carica le tue foto e i tuoi video e mantieni informati i tuoi utenti sulla tua agenda. <\/p> <p><b>Il plug-in Calendario eventi pu\u00f2 aiutarti a mostrare comodamente le tue attivit\u00e0 future e ad aumentare il livello di coinvolgimento sul tuo sito. <\/b><\/p> <\/div> <div class=\"application-platform-content-item-features application-platform-content-item\" id=\"features\" data-nav-section=\"features\"> <h2>Caratteristiche principali del plugin Event Calendar<\/h2> <p>Controlla tutte le funzioni di Elementor Event Calendar. Puoi impostarli direttamente nell&#8217;editor e ti aiuteranno a costruire il widget pi\u00f9 adatto al tuo caso. Il nostro plug-in per eventi Elementor \u00e8 progettato per coprire varie esigenze aziendali e attirare utenti sul sito Web.<\/p> <ul> <li>Utilizza opzioni di contenuto flessibili per includere il calendario per il tuo tipo di attivit\u00e0. <\/li> <li>Aiuta gli utenti ad aggiungere eventi alle loro app preferite. <\/li> <li>Stabilisci diversi tipi di eventi, specifica le posizioni e aggiungi host. <\/li> <li>Classifica tutti i tuoi eventi e assegna loro dei tag. <\/li> <li>Discrimina tra quattro varianti di layout. <\/li> <\/ul> <p><a href=\"#demo\">Scopri come funzionano tutte le funzionalit\u00e0, nella nostra demo<\/a><\/p> <\/div> <div class=\"application-platform-content-item-installation application-platform-content-item\" id=\"installation\" data-nav-section=\"installation\"> <h2>Come posso aggiungere il calendario degli eventi al mio sito Web Elementor? <\/h2><div class=\"video-container\"><iframe width=\"720\" height=\"405\" src=\"https:\/\/www.youtube.com\/embed\/sx1bqF8qz0c?si=ItNMjkchI8Blp_Rj\" frameborder=\"0\" allowfullscreen=\"\"><\/iframe><\/div>  <p>Per inserire il widget, esegui semplicemente i seguenti rapidi passaggi.<\/p> <ul> <li><b>Costruisci il tuo plug-in Calendario personalizzato<\/b><br> Con l&#8217;aiuto della nostra demo gratuita, crea un plugin con l&#8217;interfaccia e le caratteristiche funzionali selezionate. <\/li> <li><b>Ricevi il codice individuale per installare il widget<\/b><br> Dopo aver generato il tuo widget, riceverai il codice univoco dalla finestra popup sulle app Elfsight. Copia questo codice per un uso successivo. <\/li> <li><b>Incorpora il widget Calendario eventi nel tuo sito web<\/b><br> Scegli l&#8217;area in cui desideri incorporare il plug-in e incolla l\u00ec il codice salvato. Pubblica le modifiche. <\/li> <li><b>Hai finito! <\/b><br> Entra nel sito per visualizzare il tuo widget. <\/li> <\/ul> <p>Sentiti libero di rivolgerti al supporto del nostro cliente quando hai bisogno di aiuto o hai qualcosa da chiedere. Saremo lieti di aiutarti con ogni richiesta relativa al widget del calendario Elementor. <\/p> <\/div><div class=\"faq\" data-component=\"FAQ\"><div class=\"faq-item\">\r\n\t\t\t\t\t<div class=\"faq-item-question\">\r\n\t\t\t\t\t\t<h3 class=\"faq-item-question-text\">In che modo traggo vantaggio dall'incorporamento del calendario degli eventi nel mio sito Elementor?<\/h3>\r\n\r\n\t\t\t\t\t\t<div class=\"faq-item-question-icon\"><\/div>\r\n\t\t\t\t\t<\/div>\r\n\r\n\t\t\t\t\t<div class=\"faq-item-answer\">\r\n\t\t\t\t\t\t<div class=\"faq-item-answer-text\"><p>Un calendario degli eventi crea consapevolezza sulle attivit\u00e0 della tua organizzazione sul tuo sito web Elementor. Ancora pi\u00f9 importante, aumenta la visibilit\u00e0 del tuo marchio man mano che crei pi\u00f9 eventi. Puoi pubblicare il plug-in del calendario degli eventi Elementor su tutte le pagine del tuo sito Web Elementor o solo su quelle selezionate. Il calendario degli eventi sul tuo sito ti consente anche di incorporare nuovi contenuti per il tuo sito, il che \u00e8 sempre positivo per i motori di ricerca. I motori di ricerca esaminano sempre il tuo sito e, quando trovano nuovi contenuti, lo classificano come pi\u00f9 pertinente e possono aumentare le possibilit\u00e0 di trovare il tuo sito quando le persone effettuano ricerche online.<\/p> <p>Oltre agli eventi, l&#8217;aggiunta di un calendario pu\u00f2 aggiungere valore al tuo sito web agli occhi dei tuoi clienti. Puoi utilizzare il miglior plug-in di calendario per aggiungere pi\u00f9 interazione tra i tuoi clienti sul tuo sito Web Elementor. Come un post sul blog, un calendario pu\u00f2 aiutarti a interagire con i tuoi clienti consentendo loro di iscriversi ad alcuni eventi e persino di suggerire altri eventi a cui potrebbero voler partecipare. Integrare questa opzione per dimostrare eventi sul tuo sito web Elementor \u00e8 davvero facile da eseguire.<\/p><\/div>\r\n\t\t\t\t\t<\/div>\r\n\t\t\t\t<\/div><\/div>","protected":false},"excerpt":{"rendered":"","protected":false},"author":9,"featured_media":0,"parent":1545,"menu_order":0,"comment_status":"closed","ping_status":"closed","template":"templates\/template-application-platform.php","meta":{"publish_to_discourse":"","publish_post_category":"","wpdc_auto_publish_overridden":"","wpdc_topic_tags":"","wpdc_pin_topic":"","wpdc_pin_until":"","discourse_post_id":"","discourse_permalink":"","wpdc_publishing_response":"","wpdc_publishing_error":"","footnotes":""},"class_list":["post-4314","page","type-page","status-publish","hentry"],"yoast_head":"<!-- This site is optimized with the Yoast SEO plugin v25.3.1 - https:\/\/yoast.com\/wordpress\/plugins\/seo\/ -->\n<title>Widget del calendario degli eventi di Elementor: aggiungi il calendario degli eventi a Elementor [ 2025 ]<\/title>\n<meta name=\"description\" content=\"Progetta il tuo plug-in del calendario degli eventi e aggiungilo rapidamente al tuo sito Web Elementor. Offriamo assistenza clienti gratuita e altri bonus.\" \/>\n<meta name=\"robots\" content=\"index, follow, max-snippet:-1, max-image-preview:large, max-video-preview:-1\" \/>\n<link rel=\"canonical\" href=\"https:\/\/elfsight.com\/it\/event-calendar-widget\/elementor\/\" \/>\n<meta property=\"og:locale\" content=\"it_IT\" \/>\n<meta property=\"og:type\" content=\"article\" \/>\n<meta property=\"og:title\" content=\"Widget del calendario degli eventi di Elementor: aggiungi il calendario degli eventi a Elementor [ 2025 ]\" \/>\n<meta property=\"og:description\" content=\"Progetta il tuo plug-in del calendario degli eventi e aggiungilo rapidamente al tuo sito Web Elementor. Offriamo assistenza clienti gratuita e altri bonus.\" \/>\n<meta property=\"og:url\" content=\"https:\/\/elfsight.com\/it\/event-calendar-widget\/elementor\/\" \/>\n<meta property=\"og:site_name\" content=\"Elfsight IT\" \/>\n<meta property=\"article:modified_time\" content=\"2025-12-18T16:52:01+00:00\" \/>\n<meta name=\"twitter:card\" content=\"summary_large_image\" \/>\n<meta name=\"twitter:label1\" content=\"Tempo di lettura stimato\" \/>\n\t<meta name=\"twitter:data1\" content=\"4 minuti\" \/>\n<!-- \/ Yoast SEO plugin. -->","yoast_head_json":{"title":"Widget del calendario degli eventi di Elementor: aggiungi il calendario degli eventi a Elementor [ 2025 ]","description":"Progetta il tuo plug-in del calendario degli eventi e aggiungilo rapidamente al tuo sito Web Elementor. Offriamo assistenza clienti gratuita e altri bonus.","robots":{"index":"index","follow":"follow","max-snippet":"max-snippet:-1","max-image-preview":"max-image-preview:large","max-video-preview":"max-video-preview:-1"},"canonical":"https:\/\/elfsight.com\/it\/event-calendar-widget\/elementor\/","og_locale":"it_IT","og_type":"article","og_title":"Widget del calendario degli eventi di Elementor: aggiungi il calendario degli eventi a Elementor [ 2025 ]","og_description":"Progetta il tuo plug-in del calendario degli eventi e aggiungilo rapidamente al tuo sito Web Elementor. Offriamo assistenza clienti gratuita e altri bonus.","og_url":"https:\/\/elfsight.com\/it\/event-calendar-widget\/elementor\/","og_site_name":"Elfsight IT","article_modified_time":"2025-12-18T16:52:01+00:00","twitter_card":"summary_large_image","twitter_misc":{"Tempo di lettura stimato":"4 minuti"},"schema":{"@context":"https:\/\/schema.org","@graph":[{"@type":"WebPage","@id":"https:\/\/elfsight.com\/it\/event-calendar-widget\/elementor\/","url":"https:\/\/elfsight.com\/it\/event-calendar-widget\/elementor\/","name":"Widget del calendario degli eventi di Elementor: aggiungi il calendario degli eventi a Elementor [ 2025 ]","isPartOf":{"@id":"https:\/\/elfsight.com\/it\/#website"},"datePublished":"2024-05-03T06:35:10+00:00","dateModified":"2025-12-18T16:52:01+00:00","description":"Progetta il tuo plug-in del calendario degli eventi e aggiungilo rapidamente al tuo sito Web Elementor. Offriamo assistenza clienti gratuita e altri bonus.","breadcrumb":{"@id":"https:\/\/elfsight.com\/it\/event-calendar-widget\/elementor\/#breadcrumb"},"inLanguage":"it-IT","potentialAction":[{"@type":"ReadAction","target":["https:\/\/elfsight.com\/it\/event-calendar-widget\/elementor\/"]}]},{"@type":"BreadcrumbList","@id":"https:\/\/elfsight.com\/it\/event-calendar-widget\/elementor\/#breadcrumb","itemListElement":[{"@type":"ListItem","position":1,"name":"Home","item":"https:\/\/elfsight.com\/it\/"},{"@type":"ListItem","position":2,"name":"Event Calendar","item":"https:\/\/elfsight.com\/it\/event-calendar-widget\/"},{"@type":"ListItem","position":3,"name":"Event Calendar &#8211; Elementor"}]},{"@type":"WebSite","@id":"https:\/\/elfsight.com\/it\/#website","url":"https:\/\/elfsight.com\/it\/","name":"Elfsight IT","description":"Just another Elfsight Sites site","potentialAction":[{"@type":"SearchAction","target":{"@type":"EntryPoint","urlTemplate":"https:\/\/elfsight.com\/it\/?s={search_term_string}"},"query-input":{"@type":"PropertyValueSpecification","valueRequired":true,"valueName":"search_term_string"}}],"inLanguage":"it-IT"}]}},"meta_box":{"industry":"","seo_heading":"","heading":"","description":"","cta_heading":"","cta_description":"","application":"1544","h1":"Plug-in del calendario degli eventi Elementor","h1_caption":"Gestisci e condividi eventi sul tuo sito Web con un calendario degli eventi interattivo e intuitivo nel tuo sito Web Elementor senza sforzo.","application_category":[],"applications_title":"","applications_request_title":"","applications_request_button_text":"","hero_text":"","hero_video":"","hero_video_schema_markup":"","selling_points_title":"","selling_points_caption":"","selling_points":[],"selling_points_cta_text":"","features_title":"","features":"","ed_cta_examples_text":"","ed_cta_examples_hidden":"","ed_cta_demo_text":"","ed_cta_demo_hidden":"","why_caption":"","why_editor_title":"","why_editor_text":"","why_team_title":"","why_team_text":"","why_service_title":"","why_service_text":"","template_catalog_visible":"0","template_catalog_title":"","template_catalog_text":"","template_catalog_categories_visible":"","demo_title":"Crea il tuo widget Calendario eventi","demo_caption":"Configura il tuo calendario degli eventi e aggiungilo gratuitamente al tuo sito Web Elementor!","default_faq_hidden":"","app_template_category":[],"platform":"68","template_public_id":"","codecanyon_url":"","codecanyon_item_id":"","codecanyon_price":"","pricing_caption":"","pricing_elfsight_apps_hide_column":"","pricing_elfsight_apps_url":"","pricing_codecanyon_price_caption":"","integration_category":[],"integration_request_title":"","integration_request_cta":"","integration_platform":"","integrations":[],"platform_category":[],"video_schema_markup":"","price":"da $ 0 al mese","trial":"","benefits":[{"text":"Assistenza per l'installazione gratuita"},{"text":"Assistenza clienti con esperienza"},{"text":"Garanzia di rimborso di 14 giorni"},{"text":"Miglioramenti gratuiti regolari"}],"button_url":"#demo","button_target_blank":"0","button_nofollow":"0","attributes":[{"name":"Installazioni"},{"name":"Reattivo","content":"S\u00cc"},{"name":"Browser compatibili","content":"Edge, Firefox, Chrome, Safari, Opera"}],"tags":[],"tags_disable_links":"0","hide_more_platforms":"0","video_object":"","demo_hide_cta":"0","demo_hide_cloud_options":"0","pricing_title":"","pricing":[{"pricing_icon":"platform","pricing_title":"Elfsight Apps","pricing_title_caption":"Soluzione digitale multipiattaforma","pricing_price":"da $ 0 \/ mese","pricing_price_caption":"inizia con il piano gratuito","pricing_benefits":[{"text":"Domini illimitati"},{"text":"Supporto aziendale 24 ore su 24, 7 giorni su 7"},{"text":"Supporto per l'installazione senza costi"},{"text":"Ottimo affare per pi\u00f9 app"}],"pricing_button_text":"Aggiungi al sito web","pricing_button_url":"#demo"}],"related_apps_title":"","related_apps_hidden":"0","author":"","image":[],"title":"","job":"","social_networks":[]},"_links":{"self":[{"href":"https:\/\/elfsight.com\/it\/wp-json\/wp\/v2\/pages\/4314","targetHints":{"allow":["GET"]}}],"collection":[{"href":"https:\/\/elfsight.com\/it\/wp-json\/wp\/v2\/pages"}],"about":[{"href":"https:\/\/elfsight.com\/it\/wp-json\/wp\/v2\/types\/page"}],"author":[{"embeddable":true,"href":"https:\/\/elfsight.com\/it\/wp-json\/wp\/v2\/users\/9"}],"replies":[{"embeddable":true,"href":"https:\/\/elfsight.com\/it\/wp-json\/wp\/v2\/comments?post=4314"}],"version-history":[{"count":4,"href":"https:\/\/elfsight.com\/it\/wp-json\/wp\/v2\/pages\/4314\/revisions"}],"predecessor-version":[{"id":10568,"href":"https:\/\/elfsight.com\/it\/wp-json\/wp\/v2\/pages\/4314\/revisions\/10568"}],"up":[{"embeddable":true,"href":"https:\/\/elfsight.com\/it\/wp-json\/wp\/v2\/pages\/1545"}],"wp:attachment":[{"href":"https:\/\/elfsight.com\/it\/wp-json\/wp\/v2\/media?parent=4314"}],"curies":[{"name":"wp","href":"https:\/\/api.w.org\/{rel}","templated":true}]}}