{"id":4309,"date":"2024-05-03T06:35:09","date_gmt":"2024-05-03T06:35:09","guid":{"rendered":"https:\/\/elfsight.com\/it\/?page_id=4309"},"modified":"2024-11-12T08:30:21","modified_gmt":"2024-11-12T08:30:21","slug":"joomla","status":"publish","type":"page","link":"https:\/\/elfsight.com\/it\/event-calendar-widget\/joomla\/","title":{"rendered":"Event Calendar &#8211; Joomla"},"content":{"rendered":"<div class=\"application-platform-content-item-description application-platform-content-item\" id=\"description\" data-nav-section=\"description\"> <h2>Incorpora il calendario degli eventi con il widget Elfsight<\/h2> <p>Il modulo Calendario Elfsight \u00e8 uno strumento straordinario che ti consente di condividere facilmente i tuoi eventi con gli altri del mondo. Contiene molte opportunit\u00e0 per mostrare le prossime attivit\u00e0 nel modo pi\u00f9 maestoso. Personalizzalo per fondere il design con l&#8217;estetica del tuo sito web. Crea un numero illimitato di eventi, aggiungi tag, carica immagini e video personalizzati e mantieni i visitatori aggiornati sui tuoi progetti.<\/p><p>Un&#8217;estensione del calendario degli eventi Joomla online crea consapevolezza sugli interessi commerciali della tua azienda. Inoltre, aumenta la visibilit\u00e0 della tua azienda man mano che crei pi\u00f9 eventi. Hai l&#8217;opportunit\u00e0 di dimostrare il tuo plug-in del calendario Joomla su tutte le pagine del tuo sito web Joomla o solo su quelle particolari. Il calendario degli eventi sul tuo sito ti consente anche di aggiungere pi\u00f9 contenuti per il tuo sito web, il che \u00e8 sempre un buon segno per i motori di ricerca. I motori di ricerca valutano sempre il tuo sito web e, quando scoprono nuovi contenuti, classificano le pagine del tuo sito web come significativamente pi\u00f9 pertinenti e possono aumentare le possibilit\u00e0 di scoprire il tuo sito web quando gli utenti effettuano ricerche online. Oltre all&#8217;evento, l&#8217;aggiunta di un componente calendario pu\u00f2 portare valore al tuo sito web Joomla agli occhi dei tuoi clienti. Sei libero di utilizzare il calendario per ottenere una maggiore interazione tra i tuoi utenti. Similmente ai post del blog, il modulo del calendario degli eventi di Joomla \u00e8 in grado di aiutarti a comunicare con il tuo pubblico motivandolo a iscriversi ad alcuni eventi particolari e, cosa ancora pi\u00f9 importante, essere in grado di suggerire altri eventi a cui vogliono partecipare. Integrare tale opzione per dimostrare eventi sul tuo sito web Joomla \u00e8 rapido.<\/p> <p><b>L&#8217;estensione del calendario degli eventi Elfsight pu\u00f2 aiutarti a promuovere facilmente le tue prossime attivit\u00e0 e ad aumentare il livello di coinvolgimento sul tuo sito web. <\/b><\/p> <\/div><div class=\"application-platform-content-item-features application-platform-content-item\" id=\"features\" data-nav-section=\"features\"> <h2>Caratteristiche principali del modulo Calendario eventi<\/h2> <p>Ecco un elenco di tutte le funzionalit\u00e0 del Calendario eventi di Joomla. Sono disponibili direttamente nell&#8217;editor e ti aiuteranno a configurare il widget appositamente per il tuo caso d&#8217;uso. <\/p> <ul> <li>Utilizza opportunit\u00e0 di contenuti flessibili per includere lo strumento per il tuo tipo di eventi. <\/li> <li>Aiuta gli utenti ad aggiungere eventi ai loro calendari pi\u00f9 utilizzati. <\/li> <li>Crea vari tipi di eventi, specifica le posizioni e aggiungi host. <\/li> <li>Classifica tutte le tue attivit\u00e0 e assegna loro dei tag. <\/li> <li>Discrimina tra quattro varianti di layout. <\/li> <\/ul> <p><a href=\"#demo\">Prova tutte le altre funzioni nella demo<\/a><\/p> <\/div><div class=\"application-platform-content-item-installation application-platform-content-item\" id=\"installation\" data-nav-section=\"installation\"> <h2> Come posso aggiungere l&#8217;estensione del calendario degli eventi al mio sito web Joomla? <\/h2> <p>Per incorporare il plug-in Calendario, esegui diversi passaggi rapidi. <\/p> <ol><li><b>Utilizza la nostra demo gratuita e inizia a creare la tua estensione personalizzata. <\/b><br> Determina la disposizione selezionata e le opzioni dell&#8217;estensione e salva tutte le modifiche. <\/li> <li><b>Copia il codice personale che appare nella finestra su Elfsight Apps. <\/b><br> Subito dopo aver terminato la creazione della tua estensione, copia il codice dalla finestra visualizzata e conservalo per un utilizzo futuro. <\/li> <li><b>Accedi all&#8217;utilizzo dell&#8217;estensione sul sito Joomla. <\/b><br> Incorpora il codice che hai copiato di recente nel tuo sito e salva le modifiche. <\/li> <li><b>L&#8217;installazione \u00e8 completamente terminata. <\/b><br> Apri il tuo sito per esaminare come funziona l&#8217;estensione. <\/li><\/ol><p>Sentiti libero di comunicare con il nostro servizio clienti se hai bisogno di consigli o hai domande. I nostri specialisti saranno felici di aiutarvi con ogni richiesta. <\/p> <\/div><div class=\"faq\" data-component=\"FAQ\"><div class=\"faq-item\">\r\n\t\t\t\t\t<div class=\"faq-item-question\">\r\n\t\t\t\t\t\t<h3 class=\"faq-item-question-text\">In che modo posso incorporare un calendario eventi nel sito Joomla? <\/h3>\r\n\r\n\t\t\t\t\t\t<div class=\"faq-item-question-icon\"><\/div>\r\n\t\t\t\t\t<\/div>\r\n\r\n\t\t\t\t\t<div class=\"faq-item-answer\">\r\n\t\t\t\t\t\t<div class=\"faq-item-answer-text\"><p>La costruzione del widget \u00e8 eseguito all&#8217;interno del sito Elfsight e non \u00e8 necessario scrivere codice. Apri la nostra demo live per creare la tua app, acquisire il codice e incollarlo nel tuo sito web. <\/p><\/div>\r\n\t\t\t\t\t<\/div>\r\n\t\t\t\t<\/div><div class=\"faq-item\">\r\n\t\t\t\t\t<div class=\"faq-item-question\">\r\n\t\t\t\t\t\t<h3 class=\"faq-item-question-text\">I modi migliori per utilizzare l'integrazione del calendario online<\/h3>\r\n\r\n\t\t\t\t\t\t<div class=\"faq-item-question-icon\"><\/div>\r\n\t\t\t\t\t<\/div>\r\n\r\n\t\t\t\t\t<div class=\"faq-item-answer\">\r\n\t\t\t\t\t\t<div class=\"faq-item-answer-text\"><p>Offriamo molte opzioni di regolazione: widget a grandezza naturale da inserire nella zona dei contenuti, widget mobili per le opportunit\u00e0 di scorrimento, miniature per il pi\u00e8 di pagina del tuo sito web, la sezione principale e tutte le varianti delle possibilit\u00e0 verticali per le barre laterali e i menu del sito web. <\/p><\/div>\r\n\t\t\t\t\t<\/div>\r\n\t\t\t\t<\/div><div class=\"faq-item\">\r\n\t\t\t\t\t<div class=\"faq-item-question\">\r\n\t\t\t\t\t\t<h3 class=\"faq-item-question-text\">Come posso creare un calendario degli eventi del club o uno slider tramite l'agenzia dell'editor? <\/h3>\r\n\r\n\t\t\t\t\t\t<div class=\"faq-item-question-icon\"><\/div>\r\n\t\t\t\t\t<\/div>\r\n\r\n\t\t\t\t\t<div class=\"faq-item-answer\">\r\n\t\t\t\t\t\t<div class=\"faq-item-answer-text\"><p>Sei libero di creare eventuali modifiche del widget. Ci sono molti layout disponibili nell&#8217;editor e tutti possono essere facilmente personalizzati nel modo desiderato. <\/p><\/div>\r\n\t\t\t\t\t<\/div>\r\n\t\t\t\t<\/div><\/div>","protected":false},"excerpt":{"rendered":"","protected":false},"author":9,"featured_media":0,"parent":1545,"menu_order":0,"comment_status":"closed","ping_status":"closed","template":"templates\/template-application-platform.php","meta":{"publish_to_discourse":"","publish_post_category":"","wpdc_auto_publish_overridden":"","wpdc_topic_tags":"","wpdc_pin_topic":"","wpdc_pin_until":"","discourse_post_id":"","discourse_permalink":"","wpdc_publishing_response":"","wpdc_publishing_error":"","footnotes":""},"class_list":["post-4309","page","type-page","status-publish","hentry"],"yoast_head":"<!-- This site is optimized with the Yoast SEO plugin v25.3.1 - https:\/\/yoast.com\/wordpress\/plugins\/seo\/ -->\n<title>Calendario eventi: aggiungi l&#039;estensione del calendario al sito Web Joomla [2025]<\/title>\n<meta name=\"description\" content=\"Con Elfsight, progetta il tuo widget Calendario eventi e aggiungilo rapidamente al tuo sito web Joomla. Offriamo assistenza clienti gratuita e altri bonus.\" \/>\n<meta name=\"robots\" content=\"index, follow, max-snippet:-1, max-image-preview:large, max-video-preview:-1\" \/>\n<link rel=\"canonical\" href=\"https:\/\/elfsight.com\/it\/event-calendar-widget\/joomla\/\" \/>\n<meta property=\"og:locale\" content=\"it_IT\" \/>\n<meta property=\"og:type\" content=\"article\" \/>\n<meta property=\"og:title\" content=\"Calendario eventi: aggiungi l&#039;estensione del calendario al sito Web Joomla [2025]\" \/>\n<meta property=\"og:description\" content=\"Con Elfsight, progetta il tuo widget Calendario eventi e aggiungilo rapidamente al tuo sito web Joomla. Offriamo assistenza clienti gratuita e altri bonus.\" \/>\n<meta property=\"og:url\" content=\"https:\/\/elfsight.com\/it\/event-calendar-widget\/joomla\/\" \/>\n<meta property=\"og:site_name\" content=\"Elfsight IT\" \/>\n<meta property=\"article:modified_time\" content=\"2024-11-12T08:30:21+00:00\" \/>\n<meta name=\"twitter:card\" content=\"summary_large_image\" \/>\n<meta name=\"twitter:label1\" content=\"Tempo di lettura stimato\" \/>\n\t<meta name=\"twitter:data1\" content=\"4 minuti\" \/>\n<!-- \/ Yoast SEO plugin. -->","yoast_head_json":{"title":"Calendario eventi: aggiungi l'estensione del calendario al sito Web Joomla [2025]","description":"Con Elfsight, progetta il tuo widget Calendario eventi e aggiungilo rapidamente al tuo sito web Joomla. Offriamo assistenza clienti gratuita e altri bonus.","robots":{"index":"index","follow":"follow","max-snippet":"max-snippet:-1","max-image-preview":"max-image-preview:large","max-video-preview":"max-video-preview:-1"},"canonical":"https:\/\/elfsight.com\/it\/event-calendar-widget\/joomla\/","og_locale":"it_IT","og_type":"article","og_title":"Calendario eventi: aggiungi l'estensione del calendario al sito Web Joomla [2025]","og_description":"Con Elfsight, progetta il tuo widget Calendario eventi e aggiungilo rapidamente al tuo sito web Joomla. Offriamo assistenza clienti gratuita e altri bonus.","og_url":"https:\/\/elfsight.com\/it\/event-calendar-widget\/joomla\/","og_site_name":"Elfsight IT","article_modified_time":"2024-11-12T08:30:21+00:00","twitter_card":"summary_large_image","twitter_misc":{"Tempo di lettura stimato":"4 minuti"},"schema":{"@context":"https:\/\/schema.org","@graph":[{"@type":"WebPage","@id":"https:\/\/elfsight.com\/it\/event-calendar-widget\/joomla\/","url":"https:\/\/elfsight.com\/it\/event-calendar-widget\/joomla\/","name":"Calendario eventi: aggiungi l'estensione del calendario al sito Web Joomla [2025]","isPartOf":{"@id":"https:\/\/elfsight.com\/it\/#website"},"datePublished":"2024-05-03T06:35:09+00:00","dateModified":"2024-11-12T08:30:21+00:00","description":"Con Elfsight, progetta il tuo widget Calendario eventi e aggiungilo rapidamente al tuo sito web Joomla. Offriamo assistenza clienti gratuita e altri bonus.","breadcrumb":{"@id":"https:\/\/elfsight.com\/it\/event-calendar-widget\/joomla\/#breadcrumb"},"inLanguage":"it-IT","potentialAction":[{"@type":"ReadAction","target":["https:\/\/elfsight.com\/it\/event-calendar-widget\/joomla\/"]}]},{"@type":"BreadcrumbList","@id":"https:\/\/elfsight.com\/it\/event-calendar-widget\/joomla\/#breadcrumb","itemListElement":[{"@type":"ListItem","position":1,"name":"Home","item":"https:\/\/elfsight.com\/it\/"},{"@type":"ListItem","position":2,"name":"Event Calendar","item":"https:\/\/elfsight.com\/it\/event-calendar-widget\/"},{"@type":"ListItem","position":3,"name":"Event Calendar &#8211; Joomla"}]},{"@type":"WebSite","@id":"https:\/\/elfsight.com\/it\/#website","url":"https:\/\/elfsight.com\/it\/","name":"Elfsight IT","description":"Just another Elfsight Sites site","potentialAction":[{"@type":"SearchAction","target":{"@type":"EntryPoint","urlTemplate":"https:\/\/elfsight.com\/it\/?s={search_term_string}"},"query-input":{"@type":"PropertyValueSpecification","valueRequired":true,"valueName":"search_term_string"}}],"inLanguage":"it-IT"}]}},"meta_box":{"industry":"","seo_heading":"","heading":"","description":"","cta_heading":"","cta_description":"","application":"1544","h1":"Estensione del calendario degli eventi di Joomla","h1_caption":"Gestisci e condividi eventi sul tuo sito web con un calendario degli eventi interattivo e intuitivo nel tuo sito web Joomla senza sforzo.","application_category":[],"applications_title":"","applications_request_title":"","applications_request_button_text":"","hero_text":"","hero_video":"","hero_video_schema_markup":"","selling_points_title":"","selling_points_caption":"","selling_points":[],"selling_points_cta_text":"","features_title":"","features":"","ed_cta_examples_text":"","ed_cta_examples_hidden":"","ed_cta_demo_text":"","ed_cta_demo_hidden":"","why_caption":"","why_editor_title":"","why_editor_text":"","why_team_title":"","why_team_text":"","why_service_title":"","why_service_text":"","template_catalog_visible":"","template_catalog_title":"","template_catalog_text":"","template_catalog_categories_visible":"","demo_title":"Crea il tuo plugin per il calendario degli eventi","demo_caption":"Configura il tuo calendario eventi e aggiungilo gratuitamente al tuo sito Joomla!","default_faq_hidden":"","app_template_category":[],"platform":"36","template_public_id":"","codecanyon_url":"","codecanyon_item_id":"","codecanyon_price":"","pricing_caption":"","pricing_elfsight_apps_hide_column":"","pricing_elfsight_apps_url":"","pricing_codecanyon_price_caption":"","integration_category":[],"integration_request_title":"","integration_request_cta":"","integration_platform":"","integrations":[],"platform_category":[],"video_schema_markup":"","price":"da $ 0 al mese","trial":"","benefits":[{"text":"Servizio di installazione gratuito"},{"text":"Servizio clienti competente"},{"text":"Garanzia di rimborso di 14 giorni"},{"text":"Aggiornamenti gratuiti a vita"}],"button_url":"#demo","button_target_blank":"","button_nofollow":"","attributes":[{"name":"Installazioni"},{"name":"Reattivo","content":"S\u00cc"},{"name":"Browser compatibili","content":"IE11, Firefox, Safari, Opera, Chrome, Edge"}],"tags":[],"tags_disable_links":"","hide_more_platforms":"","video_object":"","demo_hide_cta":"","demo_hide_cloud_options":"","pricing_title":"","pricing":[{"pricing_icon":"platform","pricing_title":"Elfsight Apps","pricing_title_caption":"Soluzione digitale multipiattaforma","pricing_price":"da $ 0 \/ mese","pricing_price_caption":"inizia con il piano gratuito","pricing_benefits":[{"text":"Domini illimitati"},{"text":"Supporto aziendale veloce"},{"text":"Servizio di installazione gratuito"},{"text":"Offerta speciale per pi\u00f9 app"}],"pricing_button_text":"Aggiungi al sito web","pricing_button_url":"#demo"}],"related_apps_title":"","related_apps_hidden":"","author":"","image":[],"title":"","job":"","social_networks":[]},"_links":{"self":[{"href":"https:\/\/elfsight.com\/it\/wp-json\/wp\/v2\/pages\/4309","targetHints":{"allow":["GET"]}}],"collection":[{"href":"https:\/\/elfsight.com\/it\/wp-json\/wp\/v2\/pages"}],"about":[{"href":"https:\/\/elfsight.com\/it\/wp-json\/wp\/v2\/types\/page"}],"author":[{"embeddable":true,"href":"https:\/\/elfsight.com\/it\/wp-json\/wp\/v2\/users\/9"}],"replies":[{"embeddable":true,"href":"https:\/\/elfsight.com\/it\/wp-json\/wp\/v2\/comments?post=4309"}],"version-history":[{"count":1,"href":"https:\/\/elfsight.com\/it\/wp-json\/wp\/v2\/pages\/4309\/revisions"}],"predecessor-version":[{"id":4313,"href":"https:\/\/elfsight.com\/it\/wp-json\/wp\/v2\/pages\/4309\/revisions\/4313"}],"up":[{"embeddable":true,"href":"https:\/\/elfsight.com\/it\/wp-json\/wp\/v2\/pages\/1545"}],"wp:attachment":[{"href":"https:\/\/elfsight.com\/it\/wp-json\/wp\/v2\/media?parent=4309"}],"curies":[{"name":"wp","href":"https:\/\/api.w.org\/{rel}","templated":true}]}}