{"id":4308,"date":"2024-05-03T06:35:08","date_gmt":"2024-05-03T06:35:08","guid":{"rendered":"https:\/\/elfsight.com\/it\/?page_id=4308"},"modified":"2024-11-12T08:30:21","modified_gmt":"2024-11-12T08:30:21","slug":"jquery","status":"publish","type":"page","link":"https:\/\/elfsight.com\/it\/event-calendar-widget\/jquery\/","title":{"rendered":"Event Calendar &#8211; jQuery"},"content":{"rendered":"<div class=\"application-platform-content-item-description application-platform-content-item\" id=\"description\" data-nav-section=\"description\"> <h2>Incorpora il calendario degli eventi con il widget Elfsight<\/h2> <p>Il calendario Elfsight \u00e8 un potente plugin che ti consente di condividere facilmente le tue attivit\u00e0 con gli altri del mondo. \u00c8 dotato di numerose opzioni per visualizzare i prossimi eventi nel modo pi\u00f9 rappresentativo. Personalizzalo per fondere il design con lo stile del tuo sito web. Crea un numero illimitato di eventi, aggiungi pi\u00f9 tag, carica immagini e video personalizzati e mantieni gli utenti informati sulla tua agenda.<\/p><p>Un plug-in interattivo per il calendario jQuery crea consapevolezza sull&#8217;area di interesse della tua azienda. Inoltre, aumenta la popolarit\u00e0 della tua attivit\u00e0 creando pi\u00f9 eventi. Hai l&#8217;opportunit\u00e0 di pubblicare il widget del tuo calendario eventi jQuery su tutte le pagine del tuo sito web jQuery o solo su quelle selezionate. Il calendario degli eventi jQuery sul tuo sito web ti consente inoltre di incorporare pi\u00f9 contenuti per il tuo sito, il che \u00e8 sempre utile per i motori di ricerca come esempio del lavoro svolto sul tuo sito web. I motori di ricerca esaminano sempre il tuo sito e quando trovano nuovi contenuti come il calendario degli eventi reattivo, classificano il tuo sito come significativamente pi\u00f9 appropriato e possono aumentare le possibilit\u00e0 di scegliere il tuo sito quando gli utenti eseguono una ricerca online. Oltre agli eventi, l&#8217;aggiunta di un calendario di pianificazione pu\u00f2 portare valore al tuo sito web agli occhi dei tuoi clienti. Puoi utilizzare il calendario di pianificazione jQuery per aggiungere maggiore partecipazione tra i tuoi clienti. Come un post sul blog, un calendario eventi jQuery reattivo \u00e8 l\u00ec per aiutarti a interagire con i tuoi clienti motivandoli a iscriversi ad alcuni eventi particolari e anche per essere in grado di consigliare altre occasioni che potrebbero voler visitare. Integrare tale opzione per visualizzare eventi sul tuo sito web jQuery \u00e8 semplice.<\/p><p><b>Il nostro widget Calendario eventi pu\u00f2 aiutarti a visualizzare rapidamente i tuoi eventi futuri e migliorare il livello di coinvolgimento sul tuo sito web.<\/b><\/p><\/div><div class=\"application-platform-content-item-features application-platform-content-item\" id=\"features\" data-nav-section=\"features\"> <h2>Caratteristiche principali del plugin Event Calendar<\/h2> <p>Controlla tutti i tratti funzionali di jQuery Event Calendar. Sono disponibili direttamente nell&#8217;editor e ti aiuteranno a creare il widget adatto alle tue esigenze. <\/p> <ul> <li>Utilizza opportunit\u00e0 di contenuti praticabili per adattare il calendario al tuo tipo di eventi. <\/li> <li>Offri agli utenti l&#8217;opportunit\u00e0 di aggiungere i tuoi eventi ai loro calendari pi\u00f9 utilizzati. <\/li> <li>Genera vari tipi di eventi, contrassegna posizioni e aggiungi host. <\/li> <li>Classifica tutti i tuoi eventi e assegna loro dei tag. <\/li> <li>Scegli tra 4 opzioni di layout. <\/li> <\/ul> <p><a href=\"#demo\">Controlla tutte le altre funzioni nella demo<\/a><\/p> <\/div><div class=\"application-platform-content-item-installation application-platform-content-item\" id=\"installation\" data-nav-section=\"installation\"> <h2> Come posso aggiungere il calendario degli eventi sul mio sito Web jQuery? <\/h2> <p>Per aggiungere widget, applicare le istruzioni seguenti. <\/p> <ul> <li><b>Crea il tuo plug-in personale per il calendario degli eventi<\/b><br> Gestisci la nostra demo gratuita, crea un widget con layout e caratteristiche funzionali personalizzate.<\/li> <li><b>Ricevi il codice personale per pubblicare il plugin<\/b><br> Dopo aver creato il tuo widget, riceverai il codice di installazione dalla notifica popup su Elfsight Apps. Copia il codice per un ulteriore utilizzo. <\/li> <li><b>Incorpora il plug-in nel tuo sito web<\/b><br> Definisci il luogo in cui desideri integrare il widget e incolla l\u00ec il codice salvato. Salva le modifiche. <\/li> <li><b>Fatto! <\/b><br> Accedi al tuo sito web per vedere il widget del tuo calendario. <\/li> <\/ul> <p>Prenditi un minuto per contattare la nostra assistenza clienti nel caso avessi bisogno di aiuto o avessi domande. I nostri specialisti saranno felici di aiutarti con ogni richiesta.<\/p> <\/div><div class=\"faq\" data-component=\"FAQ\"><div class=\"faq-item\">\r\n\t\t\t\t\t<div class=\"faq-item-question\">\r\n\t\t\t\t\t\t<h3 class=\"faq-item-question-text\">In che modo posso incorporare un calendario degli eventi nel sito Joomla? <\/h3>\r\n\r\n\t\t\t\t\t\t<div class=\"faq-item-question-icon\"><\/div>\r\n\t\t\t\t\t<\/div>\r\n\r\n\t\t\t\t\t<div class=\"faq-item-answer\">\r\n\t\t\t\t\t\t<div class=\"faq-item-answer-text\"><p>La costruzione del widget viene eseguita all&#8217;interno del sito Elfsight e non \u00e8 necessaria alcuna codifica. Apri la nostra demo live per creare la tua app, acquisire il codice e incollarlo nel tuo sito web. <\/p><\/div>\r\n\t\t\t\t\t<\/div>\r\n\t\t\t\t<\/div><div class=\"faq-item\">\r\n\t\t\t\t\t<div class=\"faq-item-question\">\r\n\t\t\t\t\t\t<h3 class=\"faq-item-question-text\">I modi migliori per utilizzare l'integrazione del calendario online<\/h3>\r\n\r\n\t\t\t\t\t\t<div class=\"faq-item-question-icon\"><\/div>\r\n\t\t\t\t\t<\/div>\r\n\r\n\t\t\t\t\t<div class=\"faq-item-answer\">\r\n\t\t\t\t\t\t<div class=\"faq-item-answer-text\"><p>Offriamo molte opzioni di regolazione: widget a grandezza naturale da inserire nella zona dei contenuti, widget mobili per le opportunit\u00e0 di scorrimento, miniature per il pi\u00e8 di pagina del tuo sito web, la sezione principale e tutte le varianti delle possibilit\u00e0 verticali per le barre laterali e i menu del sito web. <\/p><\/div>\r\n\t\t\t\t\t<\/div>\r\n\t\t\t\t<\/div><div class=\"faq-item\">\r\n\t\t\t\t\t<div class=\"faq-item-question\">\r\n\t\t\t\t\t\t<h3 class=\"faq-item-question-text\">Come posso creare un calendario degli eventi del club o uno slider tramite l'agenzia dell'editor? <\/h3>\r\n\r\n\t\t\t\t\t\t<div class=\"faq-item-question-icon\"><\/div>\r\n\t\t\t\t\t<\/div>\r\n\r\n\t\t\t\t\t<div class=\"faq-item-answer\">\r\n\t\t\t\t\t\t<div class=\"faq-item-answer-text\"><p>Sei libero di creare eventuali modifiche del widget. Ci sono molti layout disponibili nell&#8217;editor e tutti possono essere facilmente personalizzati nel modo desiderato. <\/p><\/div>\r\n\t\t\t\t\t<\/div>\r\n\t\t\t\t<\/div><\/div>","protected":false},"excerpt":{"rendered":"","protected":false},"author":9,"featured_media":0,"parent":1545,"menu_order":0,"comment_status":"closed","ping_status":"closed","template":"templates\/template-application-platform.php","meta":{"publish_to_discourse":"","publish_post_category":"","wpdc_auto_publish_overridden":"","wpdc_topic_tags":"","wpdc_pin_topic":"","wpdc_pin_until":"","discourse_post_id":"","discourse_permalink":"","wpdc_publishing_response":"","wpdc_publishing_error":"","footnotes":""},"class_list":["post-4308","page","type-page","status-publish","hentry"],"yoast_head":"<!-- This site is optimized with the Yoast SEO plugin v25.3.1 - https:\/\/yoast.com\/wordpress\/plugins\/seo\/ -->\n<title>Calendario eventi: aggiungi il widget Calendario al sito Web jQuery [2025]<\/title>\n<meta name=\"description\" content=\"Con Elfsight, progetta il tuo plug-in del calendario degli eventi e aggiungilo rapidamente al tuo sito Web jQuery. Offriamo assistenza clienti gratuita e altri bonus.\" \/>\n<meta name=\"robots\" content=\"index, follow, max-snippet:-1, max-image-preview:large, max-video-preview:-1\" \/>\n<link rel=\"canonical\" href=\"https:\/\/elfsight.com\/it\/event-calendar-widget\/jquery\/\" \/>\n<meta property=\"og:locale\" content=\"it_IT\" \/>\n<meta property=\"og:type\" content=\"article\" \/>\n<meta property=\"og:title\" content=\"Calendario eventi: aggiungi il widget Calendario al sito Web jQuery [2025]\" \/>\n<meta property=\"og:description\" content=\"Con Elfsight, progetta il tuo plug-in del calendario degli eventi e aggiungilo rapidamente al tuo sito Web jQuery. Offriamo assistenza clienti gratuita e altri bonus.\" \/>\n<meta property=\"og:url\" content=\"https:\/\/elfsight.com\/it\/event-calendar-widget\/jquery\/\" \/>\n<meta property=\"og:site_name\" content=\"Elfsight IT\" \/>\n<meta property=\"article:modified_time\" content=\"2024-11-12T08:30:21+00:00\" \/>\n<meta name=\"twitter:card\" content=\"summary_large_image\" \/>\n<meta name=\"twitter:label1\" content=\"Tempo di lettura stimato\" \/>\n\t<meta name=\"twitter:data1\" content=\"4 minuti\" \/>\n<!-- \/ Yoast SEO plugin. -->","yoast_head_json":{"title":"Calendario eventi: aggiungi il widget Calendario al sito Web jQuery [2025]","description":"Con Elfsight, progetta il tuo plug-in del calendario degli eventi e aggiungilo rapidamente al tuo sito Web jQuery. Offriamo assistenza clienti gratuita e altri bonus.","robots":{"index":"index","follow":"follow","max-snippet":"max-snippet:-1","max-image-preview":"max-image-preview:large","max-video-preview":"max-video-preview:-1"},"canonical":"https:\/\/elfsight.com\/it\/event-calendar-widget\/jquery\/","og_locale":"it_IT","og_type":"article","og_title":"Calendario eventi: aggiungi il widget Calendario al sito Web jQuery [2025]","og_description":"Con Elfsight, progetta il tuo plug-in del calendario degli eventi e aggiungilo rapidamente al tuo sito Web jQuery. Offriamo assistenza clienti gratuita e altri bonus.","og_url":"https:\/\/elfsight.com\/it\/event-calendar-widget\/jquery\/","og_site_name":"Elfsight IT","article_modified_time":"2024-11-12T08:30:21+00:00","twitter_card":"summary_large_image","twitter_misc":{"Tempo di lettura stimato":"4 minuti"},"schema":{"@context":"https:\/\/schema.org","@graph":[{"@type":"WebPage","@id":"https:\/\/elfsight.com\/it\/event-calendar-widget\/jquery\/","url":"https:\/\/elfsight.com\/it\/event-calendar-widget\/jquery\/","name":"Calendario eventi: aggiungi il widget Calendario al sito Web jQuery [2025]","isPartOf":{"@id":"https:\/\/elfsight.com\/it\/#website"},"datePublished":"2024-05-03T06:35:08+00:00","dateModified":"2024-11-12T08:30:21+00:00","description":"Con Elfsight, progetta il tuo plug-in del calendario degli eventi e aggiungilo rapidamente al tuo sito Web jQuery. Offriamo assistenza clienti gratuita e altri bonus.","breadcrumb":{"@id":"https:\/\/elfsight.com\/it\/event-calendar-widget\/jquery\/#breadcrumb"},"inLanguage":"it-IT","potentialAction":[{"@type":"ReadAction","target":["https:\/\/elfsight.com\/it\/event-calendar-widget\/jquery\/"]}]},{"@type":"BreadcrumbList","@id":"https:\/\/elfsight.com\/it\/event-calendar-widget\/jquery\/#breadcrumb","itemListElement":[{"@type":"ListItem","position":1,"name":"Home","item":"https:\/\/elfsight.com\/it\/"},{"@type":"ListItem","position":2,"name":"Event Calendar","item":"https:\/\/elfsight.com\/it\/event-calendar-widget\/"},{"@type":"ListItem","position":3,"name":"Event Calendar &#8211; jQuery"}]},{"@type":"WebSite","@id":"https:\/\/elfsight.com\/it\/#website","url":"https:\/\/elfsight.com\/it\/","name":"Elfsight IT","description":"Just another Elfsight Sites site","potentialAction":[{"@type":"SearchAction","target":{"@type":"EntryPoint","urlTemplate":"https:\/\/elfsight.com\/it\/?s={search_term_string}"},"query-input":{"@type":"PropertyValueSpecification","valueRequired":true,"valueName":"search_term_string"}}],"inLanguage":"it-IT"}]}},"meta_box":{"industry":"","seo_heading":"","heading":"","description":"","cta_heading":"","cta_description":"","application":"1544","h1":"Plug-in del calendario degli eventi jQuery","h1_caption":"Gestisci e condividi eventi sul tuo sito web con un calendario degli eventi interattivo e intuitivo nel tuo sito web jQuery senza sforzo.","application_category":[],"applications_title":"","applications_request_title":"","applications_request_button_text":"","hero_text":"","hero_video":"","hero_video_schema_markup":"","selling_points_title":"","selling_points_caption":"","selling_points":[],"selling_points_cta_text":"","features_title":"","features":"","ed_cta_examples_text":"","ed_cta_examples_hidden":"","ed_cta_demo_text":"","ed_cta_demo_hidden":"","why_caption":"","why_editor_title":"","why_editor_text":"","why_team_title":"","why_team_text":"","why_service_title":"","why_service_text":"","template_catalog_visible":"","template_catalog_title":"","template_catalog_text":"","template_catalog_categories_visible":"","demo_title":"Crea il tuo plugin per il calendario degli eventi","demo_caption":"Configura il tuo calendario degli eventi e aggiungilo gratuitamente al tuo sito Web jQuery!","default_faq_hidden":"","app_template_category":[],"platform":"37","template_public_id":"","codecanyon_url":"","codecanyon_item_id":"","codecanyon_price":"","pricing_caption":"","pricing_elfsight_apps_hide_column":"","pricing_elfsight_apps_url":"","pricing_codecanyon_price_caption":"","integration_category":[],"integration_request_title":"","integration_request_cta":"","integration_platform":"","integrations":[],"platform_category":[],"video_schema_markup":"","price":"da $ 0 al mese","trial":"","benefits":[{"text":"Assistenza gratuita per l'installazione"},{"text":"Assistenza clienti con esperienza"},{"text":"Garanzia di rimborso di 14 giorni"},{"text":"Miglioramenti gratuiti regolari"}],"button_url":"#demo","button_target_blank":"","button_nofollow":"","attributes":[{"name":"Installazioni"},{"name":"Reattivo","content":"S\u00cc"},{"name":"Browser compatibili","content":"Firefox, Safari, Opera, Chrome, Edge"}],"tags":[],"tags_disable_links":"","hide_more_platforms":"","video_object":"","demo_hide_cta":"","demo_hide_cloud_options":"","pricing_title":"","pricing":[{"pricing_icon":"platform","pricing_title":"Elfsight Apps","pricing_title_caption":"Soluzione multipiattaforma adatta a qualsiasi sito","pricing_price":"da $ 0 \/ mese","pricing_price_caption":"inizia con un piano gratuito","pricing_benefits":[{"text":"Siti web illimitati"},{"text":"Supporto dedicato e puntuale"},{"text":"Assistenza per l'installazione gratuita"},{"text":"100% personalizzabile"}],"pricing_button_text":"Aggiungi al sito web","pricing_button_url":"#demo"}],"related_apps_title":"","related_apps_hidden":"","author":"","image":[],"title":"","job":"","social_networks":[]},"_links":{"self":[{"href":"https:\/\/elfsight.com\/it\/wp-json\/wp\/v2\/pages\/4308","targetHints":{"allow":["GET"]}}],"collection":[{"href":"https:\/\/elfsight.com\/it\/wp-json\/wp\/v2\/pages"}],"about":[{"href":"https:\/\/elfsight.com\/it\/wp-json\/wp\/v2\/types\/page"}],"author":[{"embeddable":true,"href":"https:\/\/elfsight.com\/it\/wp-json\/wp\/v2\/users\/9"}],"replies":[{"embeddable":true,"href":"https:\/\/elfsight.com\/it\/wp-json\/wp\/v2\/comments?post=4308"}],"version-history":[{"count":1,"href":"https:\/\/elfsight.com\/it\/wp-json\/wp\/v2\/pages\/4308\/revisions"}],"predecessor-version":[{"id":4312,"href":"https:\/\/elfsight.com\/it\/wp-json\/wp\/v2\/pages\/4308\/revisions\/4312"}],"up":[{"embeddable":true,"href":"https:\/\/elfsight.com\/it\/wp-json\/wp\/v2\/pages\/1545"}],"wp:attachment":[{"href":"https:\/\/elfsight.com\/it\/wp-json\/wp\/v2\/media?parent=4308"}],"curies":[{"name":"wp","href":"https:\/\/api.w.org\/{rel}","templated":true}]}}