{"id":4307,"date":"2024-05-03T06:35:07","date_gmt":"2024-05-03T06:35:07","guid":{"rendered":"https:\/\/elfsight.com\/it\/?page_id=4307"},"modified":"2024-11-12T08:30:21","modified_gmt":"2024-11-12T08:30:21","slug":"iframe","status":"publish","type":"page","link":"https:\/\/elfsight.com\/it\/event-calendar-widget\/iframe\/","title":{"rendered":"Event Calendar &#8211; iFrame"},"content":{"rendered":"<div class=\"application-platform-content-item-description application-platform-content-item\" id=\"description\" data-nav-section=\"description\"> <h2>Incorpora il calendario degli eventi con il widget Elfsight<\/h2> <p>Il nostro calendario \u00e8 un potente widget che ti consente di condividere facilmente le tue attivit\u00e0 con il resto il mondo. Contiene molte opzioni per dimostrare le prossime attivit\u00e0 nel modo pi\u00f9 maestoso. Personalizzalo per combinare il design con lo stile della tua pagina. Costruisci un numero illimitato di eventi, aggiungi tag, carica foto e video personalizzati e mantieni il pubblico informato sui tuoi piani. <\/p> <p><b>Il widget Calendario eventi Elfsight pu\u00f2 aiutarti a mostrare facilmente i tuoi prossimi eventi e ad aumentare il tasso di coinvolgimento sul tuo sito web. <\/b><\/p> <\/div> <div class=\"application-platform-content-item-features application-platform-content-item\" id=\"features\" data-nav-section=\"features\"> <h2>Caratteristiche principali del widget calendario eventi<\/h2> <p>Qui puoi vedere tutte le caratteristiche funzionali del calendario eventi iFrame. Sono disponibili direttamente nell&#8217;editor e ti aiuteranno a modellare il widget esattamente per il tuo caso d&#8217;uso. <\/p> <ul> <li>Utilizza opzioni di contenuto praticabili per comprendere il widget per il tuo tipo di eventi. <\/li> <li>Consenti agli utenti di aggiungere eventi ai loro calendari di uso comune. <\/li> <li>Costruisci diversi tipi di eventi, contrassegna le posizioni e aggiungi host. <\/li> <li>Categorizza tutte le tue attivit\u00e0 e assegna loro dei tag. <\/li> <li>Scegli tra quattro varianti di layout. <\/li> <\/ul> <p><a href=\"#demo\">Controlla come funzionano tutte le funzionalit\u00e0, nella nostra demo<\/a><\/p> <\/div> <div class=\"application-platform-content-item-installation application-platform-content-item\" id=\"installation\" data-nav-section=\"installation\"> <h2>Come posso incorporare il calendario degli eventi nel mio sito iFrame? <\/h2> <p>Per incorporare il widget, esegui semplicemente diversi passaggi rapidi. <\/p> <ul> <li><b>Costruisci il tuo widget Calendario personalizzato<\/b><br> Tramite la nostra demo gratuita, ottieni un plugin con l&#8217;aspetto e le caratteristiche funzionali che preferisci. <\/li> <li><b>Copia il codice individuale per aggiungere il widget<\/b><br> Dopo aver impostato il widget, acquisirai il codice di installazione dalla notifica visualizzata sulle app Elfsight. Copia il codice. <\/li> <li><b>Integra il widget sul tuo sito web<\/b><br> Definisci il luogo in cui devi aggiungere il plugin e incolla l\u00ec il codice salvato. Pubblica le modifiche. <\/li> <li><b>Hai completato completamente l&#8217;installazione<\/b><br> Vai al sito web, per verificare il tuo lavoro. <\/li> <\/ul> <p>Non pensarci due volte e contatta il nostro servizio di supporto nel caso avessi bisogno di consigli o domande. I nostri specialisti vi daranno una mano con ogni richiesta. <\/p> <\/div><div class=\"faq\" data-component=\"FAQ\"><div class=\"faq-item\">\r\n\t\t\t\t\t<div class=\"faq-item-question\">\r\n\t\t\t\t\t\t<h3 class=\"faq-item-question-text\">Come incorporare il calendario degli eventi nella mia home page iFrame senza esperienza di codifica?<\/h3>\r\n\r\n\t\t\t\t\t\t<div class=\"faq-item-question-icon\"><\/div>\r\n\t\t\t\t\t<\/div>\r\n\r\n\t\t\t\t\t<div class=\"faq-item-answer\">\r\n\t\t\t\t\t\t<div class=\"faq-item-answer-text\"><p>La societ\u00e0 Elfsight offre un servizio SaaS soluzione che consente alle persone di creare da soli una sezione del calendario degli eventi, scopri quanto \u00e8 semplice il processo: <\/p><ul><li>Lavora direttamente nell&#8217;editor live per generare un&#8217;app del calendario degli eventi che vorresti vedere su iFrame.<\/li><li>Scegli uno dei nostri modelli gi\u00e0 pronti e adatta le impostazioni del calendario degli eventi, trasforma il layout e la combinazione di colori, aggiungi i tuoi contenuti senza alcuna conoscenza di programmazione.<\/li><li>Salva il calendario degli eventi e ottieni il codice del plug-in per l&#8217;incorporamento, che puoi semplicemente aggiungere al tuo sito web iFrame senza acquistare una versione a pagamento. <\/li><\/ul><p>Utilizzando il nostro semplice configuratore, qualsiasi utente web pu\u00f2 creare widget Calendario eventi online e incollarlo facilmente nel sito iFrame. Non devi ottenere un piano a pagamento o rivelare i dati della tua carta per accedere al servizio. Se riscontri problemi in qualsiasi momento, vai avanti e contatta il nostro team di supporto tecnico.<\/p><\/div>\r\n\t\t\t\t\t<\/div>\r\n\t\t\t\t<\/div><\/div>","protected":false},"excerpt":{"rendered":"","protected":false},"author":9,"featured_media":0,"parent":1545,"menu_order":0,"comment_status":"closed","ping_status":"closed","template":"templates\/template-application-platform.php","meta":{"publish_to_discourse":"","publish_post_category":"","wpdc_auto_publish_overridden":"","wpdc_topic_tags":"","wpdc_pin_topic":"","wpdc_pin_until":"","discourse_post_id":"","discourse_permalink":"","wpdc_publishing_response":"","wpdc_publishing_error":"","footnotes":""},"class_list":["post-4307","page","type-page","status-publish","hentry"],"yoast_head":"<!-- This site is optimized with the Yoast SEO plugin v25.3.1 - https:\/\/yoast.com\/wordpress\/plugins\/seo\/ -->\n<title>Calendario eventi: aggiungi il widget Calendario al sito Web iFrame (2025)<\/title>\n<meta name=\"description\" content=\"Con Elfsight, progetta il widget del tuo calendario degli eventi e aggiungilo rapidamente al tuo sito Web iFrame. Offriamo assistenza clienti gratuita e altri bonus.\" \/>\n<meta name=\"robots\" content=\"index, follow, max-snippet:-1, max-image-preview:large, max-video-preview:-1\" \/>\n<link rel=\"canonical\" href=\"https:\/\/elfsight.com\/it\/event-calendar-widget\/iframe\/\" \/>\n<meta property=\"og:locale\" content=\"it_IT\" \/>\n<meta property=\"og:type\" content=\"article\" \/>\n<meta property=\"og:title\" content=\"Calendario eventi: aggiungi il widget Calendario al sito Web iFrame (2025)\" \/>\n<meta property=\"og:description\" content=\"Con Elfsight, progetta il widget del tuo calendario degli eventi e aggiungilo rapidamente al tuo sito Web iFrame. Offriamo assistenza clienti gratuita e altri bonus.\" \/>\n<meta property=\"og:url\" content=\"https:\/\/elfsight.com\/it\/event-calendar-widget\/iframe\/\" \/>\n<meta property=\"og:site_name\" content=\"Elfsight IT\" \/>\n<meta property=\"article:modified_time\" content=\"2024-11-12T08:30:21+00:00\" \/>\n<meta name=\"twitter:card\" content=\"summary_large_image\" \/>\n<meta name=\"twitter:label1\" content=\"Tempo di lettura stimato\" \/>\n\t<meta name=\"twitter:data1\" content=\"3 minuti\" \/>\n<!-- \/ Yoast SEO plugin. -->","yoast_head_json":{"title":"Calendario eventi: aggiungi il widget Calendario al sito Web iFrame (2025)","description":"Con Elfsight, progetta il widget del tuo calendario degli eventi e aggiungilo rapidamente al tuo sito Web iFrame. Offriamo assistenza clienti gratuita e altri bonus.","robots":{"index":"index","follow":"follow","max-snippet":"max-snippet:-1","max-image-preview":"max-image-preview:large","max-video-preview":"max-video-preview:-1"},"canonical":"https:\/\/elfsight.com\/it\/event-calendar-widget\/iframe\/","og_locale":"it_IT","og_type":"article","og_title":"Calendario eventi: aggiungi il widget Calendario al sito Web iFrame (2025)","og_description":"Con Elfsight, progetta il widget del tuo calendario degli eventi e aggiungilo rapidamente al tuo sito Web iFrame. Offriamo assistenza clienti gratuita e altri bonus.","og_url":"https:\/\/elfsight.com\/it\/event-calendar-widget\/iframe\/","og_site_name":"Elfsight IT","article_modified_time":"2024-11-12T08:30:21+00:00","twitter_card":"summary_large_image","twitter_misc":{"Tempo di lettura stimato":"3 minuti"},"schema":{"@context":"https:\/\/schema.org","@graph":[{"@type":"WebPage","@id":"https:\/\/elfsight.com\/it\/event-calendar-widget\/iframe\/","url":"https:\/\/elfsight.com\/it\/event-calendar-widget\/iframe\/","name":"Calendario eventi: aggiungi il widget Calendario al sito Web iFrame (2025)","isPartOf":{"@id":"https:\/\/elfsight.com\/it\/#website"},"datePublished":"2024-05-03T06:35:07+00:00","dateModified":"2024-11-12T08:30:21+00:00","description":"Con Elfsight, progetta il widget del tuo calendario degli eventi e aggiungilo rapidamente al tuo sito Web iFrame. Offriamo assistenza clienti gratuita e altri bonus.","breadcrumb":{"@id":"https:\/\/elfsight.com\/it\/event-calendar-widget\/iframe\/#breadcrumb"},"inLanguage":"it-IT","potentialAction":[{"@type":"ReadAction","target":["https:\/\/elfsight.com\/it\/event-calendar-widget\/iframe\/"]}]},{"@type":"BreadcrumbList","@id":"https:\/\/elfsight.com\/it\/event-calendar-widget\/iframe\/#breadcrumb","itemListElement":[{"@type":"ListItem","position":1,"name":"Home","item":"https:\/\/elfsight.com\/it\/"},{"@type":"ListItem","position":2,"name":"Event Calendar","item":"https:\/\/elfsight.com\/it\/event-calendar-widget\/"},{"@type":"ListItem","position":3,"name":"Event Calendar &#8211; iFrame"}]},{"@type":"WebSite","@id":"https:\/\/elfsight.com\/it\/#website","url":"https:\/\/elfsight.com\/it\/","name":"Elfsight IT","description":"Just another Elfsight Sites site","potentialAction":[{"@type":"SearchAction","target":{"@type":"EntryPoint","urlTemplate":"https:\/\/elfsight.com\/it\/?s={search_term_string}"},"query-input":{"@type":"PropertyValueSpecification","valueRequired":true,"valueName":"search_term_string"}}],"inLanguage":"it-IT"}]}},"meta_box":{"industry":"","seo_heading":"","heading":"","description":"","cta_heading":"","cta_description":"","application":"1544","h1":"Widget Calendario eventi iFrame","h1_caption":"Gestisci e condividi eventi sul tuo sito web con un calendario degli eventi interattivo e intuitivo nel tuo sito web iFrame senza sforzo.","application_category":[],"applications_title":"","applications_request_title":"","applications_request_button_text":"","hero_text":"","hero_video":"","hero_video_schema_markup":"","selling_points_title":"","selling_points_caption":"","selling_points":[],"selling_points_cta_text":"","features_title":"","features":"","ed_cta_examples_text":"","ed_cta_examples_hidden":"","ed_cta_demo_text":"","ed_cta_demo_hidden":"","why_caption":"","why_editor_title":"","why_editor_text":"","why_team_title":"","why_team_text":"","why_service_title":"","why_service_text":"","template_catalog_visible":"","template_catalog_title":"","template_catalog_text":"","template_catalog_categories_visible":"","demo_title":"Crea il tuo widget Calendario eventi","demo_caption":"Configura il tuo calendario degli eventi e aggiungilo gratuitamente al tuo sito iFrame!","default_faq_hidden":"","app_template_category":[],"platform":"54","template_public_id":"","codecanyon_url":"","codecanyon_item_id":"","codecanyon_price":"","pricing_caption":"","pricing_elfsight_apps_hide_column":"","pricing_elfsight_apps_url":"","pricing_codecanyon_price_caption":"","integration_category":[],"integration_request_title":"","integration_request_cta":"","integration_platform":"","integrations":[],"platform_category":[],"video_schema_markup":"","price":"da $ 0 al mese","trial":"","benefits":[{"text":"Assistenza per l'installazione gratuita"},{"text":"Supporto eccezionale"},{"text":"Garanzia di rimborso di 14 giorni"},{"text":"Aggiornamenti gratuiti continui"}],"button_url":"#demo","button_target_blank":"","button_nofollow":"","attributes":[{"name":"Installazioni"},{"name":"Reattivo","content":"S\u00cc"},{"name":"Browser compatibili","content":"Firefox, Safari, Opera, Chrome, Edge"}],"tags":[],"tags_disable_links":"","hide_more_platforms":"","video_object":"","demo_hide_cta":"","demo_hide_cloud_options":"","pricing_title":"","pricing":[{"pricing_icon":"platform","pricing_title":"Elfsight Apps","pricing_title_caption":"Versione multipiattaforma","pricing_price":"da $ 0 \/ mese","pricing_price_caption":"inizia con il piano gratuito","pricing_benefits":[{"text":"Siti web illimitati"},{"text":"Supporto dedicato"},{"text":"Servizio di installazione gratuito"},{"text":"Offerta speciale per pi\u00f9 app"}],"pricing_button_text":"Aggiungi al sito web","pricing_button_url":"#demo"}],"related_apps_title":"","related_apps_hidden":"","author":"","image":[],"title":"","job":"","social_networks":[]},"_links":{"self":[{"href":"https:\/\/elfsight.com\/it\/wp-json\/wp\/v2\/pages\/4307","targetHints":{"allow":["GET"]}}],"collection":[{"href":"https:\/\/elfsight.com\/it\/wp-json\/wp\/v2\/pages"}],"about":[{"href":"https:\/\/elfsight.com\/it\/wp-json\/wp\/v2\/types\/page"}],"author":[{"embeddable":true,"href":"https:\/\/elfsight.com\/it\/wp-json\/wp\/v2\/users\/9"}],"replies":[{"embeddable":true,"href":"https:\/\/elfsight.com\/it\/wp-json\/wp\/v2\/comments?post=4307"}],"version-history":[{"count":1,"href":"https:\/\/elfsight.com\/it\/wp-json\/wp\/v2\/pages\/4307\/revisions"}],"predecessor-version":[{"id":4311,"href":"https:\/\/elfsight.com\/it\/wp-json\/wp\/v2\/pages\/4307\/revisions\/4311"}],"up":[{"embeddable":true,"href":"https:\/\/elfsight.com\/it\/wp-json\/wp\/v2\/pages\/1545"}],"wp:attachment":[{"href":"https:\/\/elfsight.com\/it\/wp-json\/wp\/v2\/media?parent=4307"}],"curies":[{"name":"wp","href":"https:\/\/api.w.org\/{rel}","templated":true}]}}