{"id":4306,"date":"2024-05-03T06:35:06","date_gmt":"2024-05-03T06:35:06","guid":{"rendered":"https:\/\/elfsight.com\/it\/?page_id=4306"},"modified":"2024-11-12T08:30:13","modified_gmt":"2024-11-12T08:30:13","slug":"magento","status":"publish","type":"page","link":"https:\/\/elfsight.com\/it\/event-calendar-widget\/magento\/","title":{"rendered":"Event Calendar &#8211; Magento"},"content":{"rendered":"<div class=\"application-platform-content-item-description application-platform-content-item\" id=\"description\" data-nav-section=\"description\"> <h2>Incorpora il calendario degli eventi con il widget Elfsight<\/h2> <p>Il calendario Elfsight \u00e8 una potente estensione che ti consente di condividere rapidamente le tue attivit\u00e0 con il tuo pubblico . Include molte opzioni per visualizzare le prossime attivit\u00e0 nel modo pi\u00f9 maestoso. Personalizzalo per fondere il design con lo stile del tuo sito web. Crea un numero multiplo di eventi, aggiungi tag diversi, carica immagini e video personalizzati e mantieni il pubblico aggiornato sui tuoi piani. <\/p> <p><b>La nostra estensione del calendario degli eventi pu\u00f2 aiutarti a mostrare comodamente le tue attivit\u00e0 future e aumentare il tasso di coinvolgimento sul tuo sito. <\/b><\/p> <\/div> <div class=\"application-platform-content-item-features application-platform-content-item\" id=\"features\" data-nav-section=\"features\"> <h2>Caratteristiche principali del widget Calendario eventi<\/h2> <p>Qui puoi vedere tutte le funzioni del Calendario eventi Magento. Puoi gestirli direttamente nell&#8217;editor e ti aiuteranno a creare il widget adatto al tuo caso d&#8217;uso. <\/p> <ul> <li>Utilizza le opportunit\u00e0 di contenuti adattabili per includere il widget per il tuo tipo di attivit\u00e0. <\/li> <li>Consenti agli utenti di aggiungere eventi alle loro app preferite. <\/li> <li>Costruisci diversi tipi di eventi, contrassegna le posizioni e aggiungi host. <\/li> <li>Categorizza tutti i tuoi eventi e assegna loro dei tag. <\/li> <li>Discrimina tra quattro varianti di layout. <\/li> <\/ul> <p><a href=\"#demo\">Prova tutte le altre funzioni nella demo<\/a><\/p> <\/div> <div class=\"application-platform-content-item-installation application-platform-content-item\" id=\"installation\" data-nav-section=\"installation\"> <h2> Come posso aggiungere il calendario degli eventi al sito web Magento? <\/h2> <p>Per attivare il plugin, basta applicare le istruzioni seguenti.<\/p> <ol><li><b>Utilizza il nostro configuratore gratuito e inizia a creare la tua estensione personalizzata. <\/b><br> Specifica il modulo personalizzato e le opzioni dell&#8217;estensione e salva tutte le correzioni. <\/li> <li><b>Ottieni il codice individuale mostrato nella finestra delle app Elfsight. <\/b><br> Una volta completata la personalizzazione della tua estensione personale, copia il codice individuale nella casella emersa e conservalo per un utilizzo futuro. <\/li> <li><b>Avvia l&#8217;utilizzo dell&#8217;estensione sul sito Magento. <\/b><br> Inserisci il codice copiato di recente nel tuo sito web e salva le correzioni. <\/li> <li><b>La configurazione \u00e8 completamente completata. <\/b><br> Vai al tuo sito per verificare il rendimento dell&#8217;estensione. <\/li><\/ol><p>Sei invitato a rivolgerti al nostro servizio di supporto quando hai bisogno di aiuto o riscontri problemi. I nostri specialisti saranno lieti di assistervi per ogni richiesta. <\/p> <\/div><div class=\"faq\" data-component=\"FAQ\"><div class=\"faq-item\">\r\n\t\t\t\t\t<div class=\"faq-item-question\">\r\n\t\t\t\t\t\t<h3 class=\"faq-item-question-text\">Esiste un modo per aggiungere il calendario degli eventi alla mia pagina web Magento senza conoscere la programmazione?<\/h3>\r\n\r\n\t\t\t\t\t\t<div class=\"faq-item-question-icon\"><\/div>\r\n\t\t\t\t\t<\/div>\r\n\r\n\t\t\t\t\t<div class=\"faq-item-answer\">\r\n\t\t\t\t\t\t<div class=\"faq-item-answer-text\"><p>Azienda Elfsight offre una soluzione Cloud che consente agli utenti di creare da soli una sezione del calendario degli eventi, guarda i semplici passaggi: <\/p><ul><li>Inizia a lavorare direttamente nella demo online per creare una sezione del calendario degli eventi che desideri integrare sul tuo Magento .<\/li><li>Scegli uno dei nostri modelli predefiniti e modifica le impostazioni del calendario degli eventi, modifica il layout e i colori, aggiungi i tuoi contenuti senza conoscenze di codifica.<\/li><li>Fai clic per salvare il calendario degli eventi e ottenere codice di installazione, che puoi incorporare facilmente e gratuitamente nella tua pagina web Magento. <\/li><\/ul><p>Con il nostro editor intuitivo qualsiasi utente di Internet pu\u00f2 creare il plug-in del calendario degli eventi online e aggiungerlo al sito Web Magento. Non \u00e8 necessario pagare o inviare le credenziali della carta per accedere al servizio Elfsight. Se riscontri problemi di qualsiasi tipo, non esitare a contattare il nostro supporto tecnico clienti.<\/p><\/div>\r\n\t\t\t\t\t<\/div>\r\n\t\t\t\t<\/div><\/div>","protected":false},"excerpt":{"rendered":"","protected":false},"author":9,"featured_media":0,"parent":1545,"menu_order":0,"comment_status":"closed","ping_status":"closed","template":"templates\/template-application-platform.php","meta":{"publish_to_discourse":"","publish_post_category":"","wpdc_auto_publish_overridden":"","wpdc_topic_tags":"","wpdc_pin_topic":"","wpdc_pin_until":"","discourse_post_id":"","discourse_permalink":"","wpdc_publishing_response":"","wpdc_publishing_error":"","footnotes":""},"class_list":["post-4306","page","type-page","status-publish","hentry"],"yoast_head":"<!-- This site is optimized with the Yoast SEO plugin v25.3.1 - https:\/\/yoast.com\/wordpress\/plugins\/seo\/ -->\n<title>Calendario eventi: aggiungi il widget Calendario al sito Web Magento [2025]<\/title>\n<meta name=\"description\" content=\"Con Elfsight, progetta il tuo plug-in del calendario degli eventi e aggiungilo rapidamente al tuo sito Web Magento. Offriamo assistenza clienti gratuita e altri bonus.\" \/>\n<meta name=\"robots\" content=\"index, follow, max-snippet:-1, max-image-preview:large, max-video-preview:-1\" \/>\n<link rel=\"canonical\" href=\"https:\/\/elfsight.com\/it\/event-calendar-widget\/magento\/\" \/>\n<meta property=\"og:locale\" content=\"it_IT\" \/>\n<meta property=\"og:type\" content=\"article\" \/>\n<meta property=\"og:title\" content=\"Calendario eventi: aggiungi il widget Calendario al sito Web Magento [2025]\" \/>\n<meta property=\"og:description\" content=\"Con Elfsight, progetta il tuo plug-in del calendario degli eventi e aggiungilo rapidamente al tuo sito Web Magento. Offriamo assistenza clienti gratuita e altri bonus.\" \/>\n<meta property=\"og:url\" content=\"https:\/\/elfsight.com\/it\/event-calendar-widget\/magento\/\" \/>\n<meta property=\"og:site_name\" content=\"Elfsight IT\" \/>\n<meta property=\"article:modified_time\" content=\"2024-11-12T08:30:13+00:00\" \/>\n<meta name=\"twitter:card\" content=\"summary_large_image\" \/>\n<meta name=\"twitter:label1\" content=\"Tempo di lettura stimato\" \/>\n\t<meta name=\"twitter:data1\" content=\"3 minuti\" \/>\n<!-- \/ Yoast SEO plugin. -->","yoast_head_json":{"title":"Calendario eventi: aggiungi il widget Calendario al sito Web Magento [2025]","description":"Con Elfsight, progetta il tuo plug-in del calendario degli eventi e aggiungilo rapidamente al tuo sito Web Magento. Offriamo assistenza clienti gratuita e altri bonus.","robots":{"index":"index","follow":"follow","max-snippet":"max-snippet:-1","max-image-preview":"max-image-preview:large","max-video-preview":"max-video-preview:-1"},"canonical":"https:\/\/elfsight.com\/it\/event-calendar-widget\/magento\/","og_locale":"it_IT","og_type":"article","og_title":"Calendario eventi: aggiungi il widget Calendario al sito Web Magento [2025]","og_description":"Con Elfsight, progetta il tuo plug-in del calendario degli eventi e aggiungilo rapidamente al tuo sito Web Magento. Offriamo assistenza clienti gratuita e altri bonus.","og_url":"https:\/\/elfsight.com\/it\/event-calendar-widget\/magento\/","og_site_name":"Elfsight IT","article_modified_time":"2024-11-12T08:30:13+00:00","twitter_card":"summary_large_image","twitter_misc":{"Tempo di lettura stimato":"3 minuti"},"schema":{"@context":"https:\/\/schema.org","@graph":[{"@type":"WebPage","@id":"https:\/\/elfsight.com\/it\/event-calendar-widget\/magento\/","url":"https:\/\/elfsight.com\/it\/event-calendar-widget\/magento\/","name":"Calendario eventi: aggiungi il widget Calendario al sito Web Magento [2025]","isPartOf":{"@id":"https:\/\/elfsight.com\/it\/#website"},"datePublished":"2024-05-03T06:35:06+00:00","dateModified":"2024-11-12T08:30:13+00:00","description":"Con Elfsight, progetta il tuo plug-in del calendario degli eventi e aggiungilo rapidamente al tuo sito Web Magento. Offriamo assistenza clienti gratuita e altri bonus.","breadcrumb":{"@id":"https:\/\/elfsight.com\/it\/event-calendar-widget\/magento\/#breadcrumb"},"inLanguage":"it-IT","potentialAction":[{"@type":"ReadAction","target":["https:\/\/elfsight.com\/it\/event-calendar-widget\/magento\/"]}]},{"@type":"BreadcrumbList","@id":"https:\/\/elfsight.com\/it\/event-calendar-widget\/magento\/#breadcrumb","itemListElement":[{"@type":"ListItem","position":1,"name":"Home","item":"https:\/\/elfsight.com\/it\/"},{"@type":"ListItem","position":2,"name":"Event Calendar","item":"https:\/\/elfsight.com\/it\/event-calendar-widget\/"},{"@type":"ListItem","position":3,"name":"Event Calendar &#8211; Magento"}]},{"@type":"WebSite","@id":"https:\/\/elfsight.com\/it\/#website","url":"https:\/\/elfsight.com\/it\/","name":"Elfsight IT","description":"Just another Elfsight Sites site","potentialAction":[{"@type":"SearchAction","target":{"@type":"EntryPoint","urlTemplate":"https:\/\/elfsight.com\/it\/?s={search_term_string}"},"query-input":{"@type":"PropertyValueSpecification","valueRequired":true,"valueName":"search_term_string"}}],"inLanguage":"it-IT"}]}},"meta_box":{"industry":"","seo_heading":"","heading":"","description":"","cta_heading":"","cta_description":"","application":"1544","h1":"Estensione del calendario degli eventi Magento","h1_caption":"Gestisci e condividi eventi sul tuo sito web con un calendario degli eventi interattivo e intuitivo nel tuo sito web Magento senza sforzo.","application_category":[],"applications_title":"","applications_request_title":"","applications_request_button_text":"","hero_text":"","hero_video":"","hero_video_schema_markup":"","selling_points_title":"","selling_points_caption":"","selling_points":[],"selling_points_cta_text":"","features_title":"","features":"","ed_cta_examples_text":"","ed_cta_examples_hidden":"","ed_cta_demo_text":"","ed_cta_demo_hidden":"","why_caption":"","why_editor_title":"","why_editor_text":"","why_team_title":"","why_team_text":"","why_service_title":"","why_service_text":"","template_catalog_visible":"","template_catalog_title":"","template_catalog_text":"","template_catalog_categories_visible":"","demo_title":"Crea la tua estensione del calendario degli eventi","demo_caption":"Configura il tuo calendario degli eventi e aggiungilo gratuitamente al tuo sito Magento!","default_faq_hidden":"","app_template_category":[],"platform":"39","template_public_id":"","codecanyon_url":"","codecanyon_item_id":"","codecanyon_price":"","pricing_caption":"","pricing_elfsight_apps_hide_column":"","pricing_elfsight_apps_url":"","pricing_codecanyon_price_caption":"","integration_category":[],"integration_request_title":"","integration_request_cta":"","integration_platform":"","integrations":[],"platform_category":[],"video_schema_markup":"","price":"da $ 0 al mese","trial":"","benefits":[{"text":"Aiuto per l'installazione gratuito"},{"text":"Assistenza clienti con esperienza"},{"text":"Garanzia di rimborso di 14 giorni"},{"text":"Aggiornamenti regolari"}],"button_url":"#demo","button_target_blank":"","button_nofollow":"","attributes":[{"name":"Installazioni"},{"name":"Reattivo","content":"S\u00cc"},{"name":"Browser compatibili","content":"Firefox, Safari, Opera, Chrome, Edge"}],"tags":[],"tags_disable_links":"","hide_more_platforms":"","video_object":"","demo_hide_cta":"","demo_hide_cloud_options":"","pricing_title":"","pricing":[{"pricing_icon":"platform","pricing_title":"Elfsight Apps","pricing_title_caption":"Soluzione digitale multipiattaforma adatta a qualsiasi sito web","pricing_price":"da $ 0 \/ mese","pricing_price_caption":"inizia con un piano gratuito","pricing_benefits":[{"text":"Domini illimitati"},{"text":"Supporto puntuale 24 ore su 24, 7 giorni su 7 e ben documentato"},{"text":"Assistenza gratuita per l'installazione"},{"text":"Progettazione flessibile"}],"pricing_button_text":"Aggiungi al sito web","pricing_button_url":"#demo"}],"related_apps_title":"","related_apps_hidden":"","author":"","image":[],"title":"","job":"","social_networks":[]},"_links":{"self":[{"href":"https:\/\/elfsight.com\/it\/wp-json\/wp\/v2\/pages\/4306","targetHints":{"allow":["GET"]}}],"collection":[{"href":"https:\/\/elfsight.com\/it\/wp-json\/wp\/v2\/pages"}],"about":[{"href":"https:\/\/elfsight.com\/it\/wp-json\/wp\/v2\/types\/page"}],"author":[{"embeddable":true,"href":"https:\/\/elfsight.com\/it\/wp-json\/wp\/v2\/users\/9"}],"replies":[{"embeddable":true,"href":"https:\/\/elfsight.com\/it\/wp-json\/wp\/v2\/comments?post=4306"}],"version-history":[{"count":1,"href":"https:\/\/elfsight.com\/it\/wp-json\/wp\/v2\/pages\/4306\/revisions"}],"predecessor-version":[{"id":4310,"href":"https:\/\/elfsight.com\/it\/wp-json\/wp\/v2\/pages\/4306\/revisions\/4310"}],"up":[{"embeddable":true,"href":"https:\/\/elfsight.com\/it\/wp-json\/wp\/v2\/pages\/1545"}],"wp:attachment":[{"href":"https:\/\/elfsight.com\/it\/wp-json\/wp\/v2\/media?parent=4306"}],"curies":[{"name":"wp","href":"https:\/\/api.w.org\/{rel}","templated":true}]}}