{"id":4301,"date":"2024-05-03T06:35:05","date_gmt":"2024-05-03T06:35:05","guid":{"rendered":"https:\/\/elfsight.com\/it\/?page_id=4301"},"modified":"2024-11-12T08:30:13","modified_gmt":"2024-11-12T08:30:13","slug":"html","status":"publish","type":"page","link":"https:\/\/elfsight.com\/it\/event-calendar-widget\/html\/","title":{"rendered":"Event Calendar &#8211; HTML"},"content":{"rendered":"<div class=\"application-platform-content-item-description application-platform-content-item\" id=\"description\" data-nav-section=\"description\"> <h2>Incorpora il calendario degli eventi con il widget Elfsight<\/h2> <p>Il codice del calendario Elfsight \u00e8 un widget semplice e potente che ti consente di condividere facilmente i tuoi eventi con il tuo pubblico. Include molte opzioni per mostrare i prossimi eventi nel modo pi\u00f9 maestoso. Personalizzalo per combinare il design con l&#8217;estetica del tuo sito web. Crea un numero illimitato di eventi, aggiungi tag diversi, carica le tue foto e i tuoi video e mantieni aggiornati i tuoi visitatori sul tuo programma.<\/p> <p><b>Il widget Calendario eventi pu\u00f2 aiutarti a promuovere rapidamente le tue attivit\u00e0 future e ad ampliare il livello di coinvolgimento sul tuo sito web.<\/b><\/p> <\/div><div class=\"application-platform-content-item-features application-platform-content-item\" id=\"features\" data-nav-section=\"features\"> <h2>Caratteristiche principali del widget calendario eventi<\/h2> <p>Il nostro widget calendario HTML \u00e8 progettato per avere un sacco di funzioni utili. Controlla tutte le caratteristiche funzionali del calendario eventi HTML. Sono disponibili direttamente nell&#8217;editor e ti aiuteranno a costruire il widget esattamente per il tuo caso. <\/p> <ul> <li>Utilizza le opportunit\u00e0 di contenuti adattabili per includere il widget Calendario per il tuo tipo di eventi. <\/li> <li>Offri agli utenti l&#8217;opportunit\u00e0 di aggiungere i tuoi eventi alle loro app preferite. <\/li> <li>Genera vari tipi di eventi, contrassegna posizioni e aggiungi host. <\/li> <li>Categorizza tutti i tuoi eventi e assegna loro dei tag. <\/li> <li>Scegli tra quattro opzioni di layout. <\/li> <\/ul> <p><a href=\"#demo\">Puoi provare tutte le funzionalit\u00e0 del widget direttamente nella demo<\/a><\/p> <\/div><div class=\"application-platform-content-item-installation application-platform-content-item\" id=\"installation\" data-nav-section=\"installation\"> <h2>Come posso incorporare il codice del calendario degli eventi nel mio sito Web HTML? <\/h2><div class=\"video-container\"><iframe width=\"720\" height=\"405\" src=\"https:\/\/www.youtube.com\/embed\/y032IzGTFmc\" frameborder=\"0\" allowfullscreen=\"\"><\/iframe><\/div> <p>Per attivare il widget, attenersi alle linee guida riportate di seguito. <\/p> <ul> <li><b>Crea il tuo semplice widget Calendario<\/b><br> Nella nostra demo gratuita, ottieni un plugin con il layout e le caratteristiche funzionali che preferisci. <\/li> <li><b>Ricevi il codice semplice e individuale per pubblicare il widget<\/b><br> Dopo aver generato il tuo plugin, riceverai il codice HTML di installazione dalla notifica apparsa su Elfsight Apps. Copialo. <\/li> <li><b>Incorpora il codice del widget nel tuo sito web<\/b><br> Trova l&#8217;area in cui desideri visualizzare il plug-in e aggiungi l\u00ec il codice copiato. Salva le modifiche. <\/li> <li><b>Hai finito! <\/b><br> Entra nel tuo sito web, per vedere il tuo lavoro. <\/li> <\/ul> <p>Non pensarci due volte per contattare il supporto dei clienti Elfsight se hai bisogno di aiuto o hai domande. Daremo una mano con ogni richiesta. <\/p> <\/div><div class=\"faq\" data-component=\"FAQ\"><div class=\"faq-item\">\r\n\t\t\t\t\t<div class=\"faq-item-question\">\r\n\t\t\t\t\t\t<h3 class=\"faq-item-question-text\">Quali sono i vantaggi derivanti dall'aggiunta del calendario al mio sito web?<\/h3>\r\n\r\n\t\t\t\t\t\t<div class=\"faq-item-question-icon\"><\/div>\r\n\t\t\t\t\t<\/div>\r\n\r\n\t\t\t\t\t<div class=\"faq-item-answer\">\r\n\t\t\t\t\t\t<div class=\"faq-item-answer-text\"><p>Un widget interattivo del calendario degli eventi HTML genera consapevolezza sull&#8217;attivit\u00e0 della tua organizzazione. Inoltre, aumenta la popolarit\u00e0 del tuo marchio man mano che crei pi\u00f9 eventi. Sei libero di aggiungere il tuo calendario eventi al codice di tutte le pagine del tuo sito HTML o solo a quelle particolari. Il plug-in degli eventi sul tuo sito ti consente inoltre di aggiungere pi\u00f9 contenuti per il tuo sito Web, il che \u00e8 sempre un buon segno per i motori di ricerca. Questi valutano costantemente il tuo sito e, quando rilevano nuovi contenuti, classificano il tuo sito come pi\u00f9 appropriato e possono aumentare le possibilit\u00e0 di mostrare il tuo sito web quando gli utenti eseguono una ricerca online.<\/p> <p>Oltre agli eventi, incorporare un calendario pu\u00f2 aggiungere valore al tuo sito agli occhi dei tuoi clienti. Puoi utilizzare il calendario degli eventi per aggiungere maggiore interazione tra i tuoi clienti. Proprio come un post sul blog, un calendario degli eventi \u00e8 l\u00ec per aiutarti a interagire con il tuo pubblico aiutandoli a iscriversi a eventi particolari e, cosa ancora pi\u00f9 importante, essere in grado di offrire altri eventi a cui vogliono partecipare. Aggiungere un&#8217;opzione di questo tipo per mostrare gli eventi sul tuo sito web HTML \u00e8 facile.<\/p><\/div>\r\n\t\t\t\t\t<\/div>\r\n\t\t\t\t<\/div><div class=\"faq-item\">\r\n\t\t\t\t\t<div class=\"faq-item-question\">\r\n\t\t\t\t\t\t<h3 class=\"faq-item-question-text\">I modi migliori per utilizzare l'integrazione del calendario online<\/h3>\r\n\r\n\t\t\t\t\t\t<div class=\"faq-item-question-icon\"><\/div>\r\n\t\t\t\t\t<\/div>\r\n\r\n\t\t\t\t\t<div class=\"faq-item-answer\">\r\n\t\t\t\t\t\t<div class=\"faq-item-answer-text\"><p>Ti garantiamo tantissimi opportunit\u00e0 di personalizzazione: widget a lunghezza intera da implementare nella zona dei contenuti, plugin mobili per le opzioni di scorrimento, layout per pi\u00e8 di pagina, intestazione e tutte le varianti delle possibilit\u00e0 verticali per barre laterali e menu. <\/p><\/div>\r\n\t\t\t\t\t<\/div>\r\n\t\t\t\t<\/div><div class=\"faq-item\">\r\n\t\t\t\t\t<div class=\"faq-item-question\">\r\n\t\t\t\t\t\t<h3 class=\"faq-item-question-text\">Come posso creare il programma del Festival o il calendario del Convention Center con l'aiuto del tuo editor? <\/h3>\r\n\r\n\t\t\t\t\t\t<div class=\"faq-item-question-icon\"><\/div>\r\n\t\t\t\t\t<\/div>\r\n\r\n\t\t\t\t\t<div class=\"faq-item-answer\">\r\n\t\t\t\t\t\t<div class=\"faq-item-answer-text\"><p>Puoi apportare qualsiasi modifica al widget. Ci sono molti layout disponibili nell&#8217;editor e tutti possono essere facilmente modificati proprio come preferisci. <\/p><\/div>\r\n\t\t\t\t\t<\/div>\r\n\t\t\t\t<\/div><\/div><p>Contatta il nostro Centro assistenza in caso di difficolt\u00e0 con il widget del calendario HTML<\/p>","protected":false},"excerpt":{"rendered":"Contatta il nostro Centro assistenza in caso di difficolt\u00e0 con il widget del calendario HTML","protected":false},"author":9,"featured_media":0,"parent":1545,"menu_order":0,"comment_status":"closed","ping_status":"closed","template":"templates\/template-application-platform.php","meta":{"publish_to_discourse":"","publish_post_category":"","wpdc_auto_publish_overridden":"","wpdc_topic_tags":"","wpdc_pin_topic":"","wpdc_pin_until":"","discourse_post_id":"","discourse_permalink":"","wpdc_publishing_response":"","wpdc_publishing_error":"","footnotes":""},"class_list":["post-4301","page","type-page","status-publish","hentry"],"yoast_head":"<!-- This site is optimized with the Yoast SEO plugin v25.3.1 - https:\/\/yoast.com\/wordpress\/plugins\/seo\/ -->\n<title>Widget calendario eventi HTML - Aggiungi calendario eventi al sito Web HTML [2025]<\/title>\n<meta name=\"description\" content=\"Con Elfsight, progetta il tuo semplice widget Calendario eventi e incorporalo rapidamente nel codice HTML del tuo sito web. Offriamo assistenza clienti gratuita e altri bonus.\" \/>\n<meta name=\"robots\" content=\"index, follow, max-snippet:-1, max-image-preview:large, max-video-preview:-1\" \/>\n<link rel=\"canonical\" href=\"https:\/\/elfsight.com\/it\/event-calendar-widget\/html\/\" \/>\n<meta property=\"og:locale\" content=\"it_IT\" \/>\n<meta property=\"og:type\" content=\"article\" \/>\n<meta property=\"og:title\" content=\"Widget calendario eventi HTML - Aggiungi calendario eventi al sito Web HTML [2025]\" \/>\n<meta property=\"og:description\" content=\"Con Elfsight, progetta il tuo semplice widget Calendario eventi e incorporalo rapidamente nel codice HTML del tuo sito web. Offriamo assistenza clienti gratuita e altri bonus.\" \/>\n<meta property=\"og:url\" content=\"https:\/\/elfsight.com\/it\/event-calendar-widget\/html\/\" \/>\n<meta property=\"og:site_name\" content=\"Elfsight IT\" \/>\n<meta property=\"article:modified_time\" content=\"2024-11-12T08:30:13+00:00\" \/>\n<meta name=\"twitter:card\" content=\"summary_large_image\" \/>\n<meta name=\"twitter:label1\" content=\"Tempo di lettura stimato\" \/>\n\t<meta name=\"twitter:data1\" content=\"4 minuti\" \/>\n<!-- \/ Yoast SEO plugin. -->","yoast_head_json":{"title":"Widget calendario eventi HTML - Aggiungi calendario eventi al sito Web HTML [2025]","description":"Con Elfsight, progetta il tuo semplice widget Calendario eventi e incorporalo rapidamente nel codice HTML del tuo sito web. Offriamo assistenza clienti gratuita e altri bonus.","robots":{"index":"index","follow":"follow","max-snippet":"max-snippet:-1","max-image-preview":"max-image-preview:large","max-video-preview":"max-video-preview:-1"},"canonical":"https:\/\/elfsight.com\/it\/event-calendar-widget\/html\/","og_locale":"it_IT","og_type":"article","og_title":"Widget calendario eventi HTML - Aggiungi calendario eventi al sito Web HTML [2025]","og_description":"Con Elfsight, progetta il tuo semplice widget Calendario eventi e incorporalo rapidamente nel codice HTML del tuo sito web. Offriamo assistenza clienti gratuita e altri bonus.","og_url":"https:\/\/elfsight.com\/it\/event-calendar-widget\/html\/","og_site_name":"Elfsight IT","article_modified_time":"2024-11-12T08:30:13+00:00","twitter_card":"summary_large_image","twitter_misc":{"Tempo di lettura stimato":"4 minuti"},"schema":{"@context":"https:\/\/schema.org","@graph":[{"@type":"WebPage","@id":"https:\/\/elfsight.com\/it\/event-calendar-widget\/html\/","url":"https:\/\/elfsight.com\/it\/event-calendar-widget\/html\/","name":"Widget calendario eventi HTML - Aggiungi calendario eventi al sito Web HTML [2025]","isPartOf":{"@id":"https:\/\/elfsight.com\/it\/#website"},"datePublished":"2024-05-03T06:35:05+00:00","dateModified":"2024-11-12T08:30:13+00:00","description":"Con Elfsight, progetta il tuo semplice widget Calendario eventi e incorporalo rapidamente nel codice HTML del tuo sito web. Offriamo assistenza clienti gratuita e altri bonus.","breadcrumb":{"@id":"https:\/\/elfsight.com\/it\/event-calendar-widget\/html\/#breadcrumb"},"inLanguage":"it-IT","potentialAction":[{"@type":"ReadAction","target":["https:\/\/elfsight.com\/it\/event-calendar-widget\/html\/"]}]},{"@type":"BreadcrumbList","@id":"https:\/\/elfsight.com\/it\/event-calendar-widget\/html\/#breadcrumb","itemListElement":[{"@type":"ListItem","position":1,"name":"Home","item":"https:\/\/elfsight.com\/it\/"},{"@type":"ListItem","position":2,"name":"Event Calendar","item":"https:\/\/elfsight.com\/it\/event-calendar-widget\/"},{"@type":"ListItem","position":3,"name":"Event Calendar &#8211; HTML"}]},{"@type":"WebSite","@id":"https:\/\/elfsight.com\/it\/#website","url":"https:\/\/elfsight.com\/it\/","name":"Elfsight IT","description":"Just another Elfsight Sites site","potentialAction":[{"@type":"SearchAction","target":{"@type":"EntryPoint","urlTemplate":"https:\/\/elfsight.com\/it\/?s={search_term_string}"},"query-input":{"@type":"PropertyValueSpecification","valueRequired":true,"valueName":"search_term_string"}}],"inLanguage":"it-IT"}]}},"meta_box":{"industry":"","seo_heading":"","heading":"","description":"","cta_heading":"","cta_description":"","application":"1544","h1":"Widget del calendario degli eventi HTML","h1_caption":"Gestisci e condividi eventi sul tuo sito web con un calendario degli eventi interattivo e intuitivo nel tuo sito web HTML senza sforzo.","application_category":[],"applications_title":"","applications_request_title":"","applications_request_button_text":"","hero_text":"","hero_video":"","hero_video_schema_markup":"","selling_points_title":"","selling_points_caption":"","selling_points":[],"selling_points_cta_text":"","features_title":"","features":"","ed_cta_examples_text":"","ed_cta_examples_hidden":"","ed_cta_demo_text":"","ed_cta_demo_hidden":"","why_caption":"","why_editor_title":"","why_editor_text":"","why_team_title":"","why_team_text":"","why_service_title":"","why_service_text":"","template_catalog_visible":"0","template_catalog_title":"","template_catalog_text":"","template_catalog_categories_visible":"","demo_title":"Crea il tuo widget Calendario eventi","demo_caption":"Configura il tuo calendario degli eventi e aggiungilo gratuitamente al tuo sito Web HTML!","default_faq_hidden":"","app_template_category":[],"platform":"35","template_public_id":"","codecanyon_url":"","codecanyon_item_id":"","codecanyon_price":"","pricing_caption":"","pricing_elfsight_apps_hide_column":"","pricing_elfsight_apps_url":"","pricing_codecanyon_price_caption":"","integration_category":[],"integration_request_title":"","integration_request_cta":"","integration_platform":"","integrations":[],"platform_category":[],"video_schema_markup":"","price":"da $ 0 al mese","trial":"","benefits":[{"text":"Servizio di installazione gratuito"},{"text":"Servizio clienti competente"},{"text":"Garanzia di rimborso di 14 giorni"},{"text":"Aggiornamenti continui"}],"button_url":"#demo","button_target_blank":"0","button_nofollow":"0","attributes":[{"name":"Installazioni"},{"name":"Reattivo","content":"S\u00cc"},{"name":"Browser compatibili","content":"Edge, Firefox, Safari, Chrome, Opera"}],"tags":[],"tags_disable_links":"0","hide_more_platforms":"","video_object":"","demo_hide_cta":"0","demo_hide_cloud_options":"0","pricing_title":"","pricing":[{"pricing_icon":"platform","pricing_title":"Elfsight Apps","pricing_title_caption":"Soluzione multipiattaforma che funziona su qualsiasi sito","pricing_price":"da $ 0 \/ mese","pricing_price_caption":"inizia con il piano gratuito","pricing_benefits":[{"text":"Siti web illimitati"},{"text":"Assistenza clienti veloce"},{"text":"Servizio di installazione gratuito"},{"text":"Prezzo da prendere per pi\u00f9 app"}],"pricing_button_text":"Aggiungi al sito web","pricing_button_url":"#demo"}],"related_apps_title":"","related_apps_hidden":"0","author":"","image":[],"title":"","job":"","social_networks":[]},"_links":{"self":[{"href":"https:\/\/elfsight.com\/it\/wp-json\/wp\/v2\/pages\/4301","targetHints":{"allow":["GET"]}}],"collection":[{"href":"https:\/\/elfsight.com\/it\/wp-json\/wp\/v2\/pages"}],"about":[{"href":"https:\/\/elfsight.com\/it\/wp-json\/wp\/v2\/types\/page"}],"author":[{"embeddable":true,"href":"https:\/\/elfsight.com\/it\/wp-json\/wp\/v2\/users\/9"}],"replies":[{"embeddable":true,"href":"https:\/\/elfsight.com\/it\/wp-json\/wp\/v2\/comments?post=4301"}],"version-history":[{"count":3,"href":"https:\/\/elfsight.com\/it\/wp-json\/wp\/v2\/pages\/4301\/revisions"}],"predecessor-version":[{"id":7507,"href":"https:\/\/elfsight.com\/it\/wp-json\/wp\/v2\/pages\/4301\/revisions\/7507"}],"up":[{"embeddable":true,"href":"https:\/\/elfsight.com\/it\/wp-json\/wp\/v2\/pages\/1545"}],"wp:attachment":[{"href":"https:\/\/elfsight.com\/it\/wp-json\/wp\/v2\/media?parent=4301"}],"curies":[{"name":"wp","href":"https:\/\/api.w.org\/{rel}","templated":true}]}}