{"id":4299,"date":"2024-05-03T06:35:03","date_gmt":"2024-05-03T06:35:03","guid":{"rendered":"https:\/\/elfsight.com\/it\/?page_id=4299"},"modified":"2024-11-12T08:30:13","modified_gmt":"2024-11-12T08:30:13","slug":"opencart","status":"publish","type":"page","link":"https:\/\/elfsight.com\/it\/event-calendar-widget\/opencart\/","title":{"rendered":"Event Calendar &#8211; OpenCart"},"content":{"rendered":"<div class=\"application-platform-content-item-description application-platform-content-item\" id=\"description\" data-nav-section=\"description\"> <h2>Incorpora il calendario degli eventi con il widget Elfsight<\/h2> <p>Il widget del calendario degli eventi \u00e8 un modulo straordinario che ti consente di condividere agevolmente le tue attivit\u00e0 con resto del mondo. Contiene molte opzioni per mostrare le prossime attivit\u00e0 nel modo pi\u00f9 appariscente. Personalizzalo per unire il design con l&#8217;estetica del tuo sito. Crea un numero multiplo di eventi, aggiungi tag, carica foto e video personalizzati e tieni informato il pubblico sulla tua agenda.<\/p> <p><b>Il modulo Calendario eventi pu\u00f2 aiutarti a mostrare facilmente i tuoi eventi futuri e ad aumentare il livello di coinvolgimento sul tuo sito web.<\/b><\/p> <\/div><div class=\"application-platform-content-item-features application-platform-content-item\" id=\"features\" data-nav-section=\"features\"> <h2>Caratteristiche principali del widget Calendario eventi<\/h2> <p>Guarda tutte le funzionalit\u00e0 del calendario eventi OpenCart. Puoi modificarli direttamente nell&#8217;editor e ti aiuteranno a modellare il widget adatto al tuo caso. <\/p> <ul> <li>Utilizza opportunit\u00e0 di contenuti flessibili per includere il calendario per il tuo tipo di attivit\u00e0. <\/li> <li>Aiuta gli utenti ad aggiungere i tuoi eventi alle loro app di uso comune. <\/li> <li>Crea diversi tipi di eventi, specifica le posizioni e aggiungi host. <\/li> <li>Classifica tutte le tue attivit\u00e0 e assegna loro dei tag. <\/li> <li>Discrimina tra quattro opzioni di layout. <\/li> <\/ul> <p><a href=\"#demo\">Controlla come funzionano tutte le funzionalit\u00e0, nella nostra demo<\/a><\/p> <\/div><div class=\"application-platform-content-item-installation application-platform-content-item\" id=\"installation\" data-nav-section=\"installation\"> <h2>Come aggiungere il plug-in del calendario degli eventi al mio sito OpenCart? <\/h2> <p>Per inserire l&#8217;estensione, basta seguire questi rapidi passaggi. <\/p> <ol><li><b>Utilizza il nostro configuratore gratuito e inizia a lavorare con la tua estensione. <\/b><br> Scegli il layout e gli aspetti personalizzati dell&#8217;estensione e salva tutte le correzioni. <\/li> <li><b>Ricevi il tuo codice individuale apparendo nell&#8217;apposito modulo su Elfsight Apps. <\/b><br> Subito dopo aver terminato la configurazione della tua estensione, copia il codice nella casella emersa e salvalo per un ulteriore utilizzo. <\/li> <li><b>Inizia a utilizzare l&#8217;estensione sulla tua pagina web OpenCart. <\/b><br> Inserisci il codice copiato in precedenza nella tua pagina e applica le correzioni. <\/li> <li><b>Il gioco \u00e8 fatto! L&#8217;incorporamento \u00e8 stato completamente eseguito. <\/b><br> Vai alla tua pagina web per osservare il rendimento dell&#8217;estensione. <\/li><\/ol><p>Non pensarci due volte per metterti in contatto con il servizio clienti Elfsight se hai bisogno di aiuto o hai domande. I nostri specialisti vi daranno una mano con ogni richiesta. <\/p> <\/div><div class=\"faq\" data-component=\"FAQ\"><div class=\"faq-item\">\r\n\t\t\t\t\t<div class=\"faq-item-question\">\r\n\t\t\t\t\t\t<h3 class=\"faq-item-question-text\">In che modo \u00e8 possibile incorporare il calendario degli eventi nella mia pagina Web OpenCart senza conoscenze di programmazione?<\/h3>\r\n\r\n\t\t\t\t\t\t<div class=\"faq-item-question-icon\"><\/div>\r\n\t\t\t\t\t<\/div>\r\n\r\n\t\t\t\t\t<div class=\"faq-item-answer\">\r\n\t\t\t\t\t\t<div class=\"faq-item-answer-text\"><p> L&#8217;azienda Elfsight offre una soluzione che consente ai proprietari dei siti di creare da soli un plug-in del calendario degli eventi, scopri quanto \u00e8 facile: <\/p><ul><li>Inizia a lavorare direttamente nell&#8217;editor online per creare una sezione del calendario degli eventi che desideri integrare sul sito OpenCart.<\/li><li>Seleziona uno dei modelli gi\u00e0 pronti e modifica le impostazioni del calendario degli eventi, aggiungi i tuoi contenuti, trasforma il layout e i colori senza alcuna conoscenza di codifica.<\/li><li>Salva il calendario degli eventi e ottieni il codice per l&#8217;installazione, che pu\u00f2 essere facilmente incollato nel sito Web OpenCart senza acquistare una versione a pagamento. <\/li><\/ul><p>Con l&#8217;aiuto del configuratore intuitivo qualsiasi utente di Internet pu\u00f2 creare widget del calendario degli eventi online e includerlo facilmente nel sito OpenCart. Non \u00e8 necessario pagare o rivelare le credenziali della tua carta per accedere al servizio Elfsight. Se incontri ostacoli in qualsiasi momento, non esitare a rivolgerti al nostro personale di supporto.<\/p><\/div>\r\n\t\t\t\t\t<\/div>\r\n\t\t\t\t<\/div><\/div>","protected":false},"excerpt":{"rendered":"","protected":false},"author":9,"featured_media":0,"parent":1545,"menu_order":0,"comment_status":"closed","ping_status":"closed","template":"templates\/template-application-platform.php","meta":{"publish_to_discourse":"","publish_post_category":"","wpdc_auto_publish_overridden":"","wpdc_topic_tags":"","wpdc_pin_topic":"","wpdc_pin_until":"","discourse_post_id":"","discourse_permalink":"","wpdc_publishing_response":"","wpdc_publishing_error":"","footnotes":""},"class_list":["post-4299","page","type-page","status-publish","hentry"],"yoast_head":"<!-- This site is optimized with the Yoast SEO plugin v25.3.1 - https:\/\/yoast.com\/wordpress\/plugins\/seo\/ -->\n<title>Calendario eventi: aggiungi il modulo Calendario al sito Web OpenCart [2025]<\/title>\n<meta name=\"description\" content=\"Con Elfsight, progetta il widget del tuo calendario degli eventi e aggiungilo rapidamente al tuo sito Web OpenCart. Offriamo assistenza clienti gratuita e altri bonus.\" \/>\n<meta name=\"robots\" content=\"index, follow, max-snippet:-1, max-image-preview:large, max-video-preview:-1\" \/>\n<link rel=\"canonical\" href=\"https:\/\/elfsight.com\/it\/event-calendar-widget\/opencart\/\" \/>\n<meta property=\"og:locale\" content=\"it_IT\" \/>\n<meta property=\"og:type\" content=\"article\" \/>\n<meta property=\"og:title\" content=\"Calendario eventi: aggiungi il modulo Calendario al sito Web OpenCart [2025]\" \/>\n<meta property=\"og:description\" content=\"Con Elfsight, progetta il widget del tuo calendario degli eventi e aggiungilo rapidamente al tuo sito Web OpenCart. Offriamo assistenza clienti gratuita e altri bonus.\" \/>\n<meta property=\"og:url\" content=\"https:\/\/elfsight.com\/it\/event-calendar-widget\/opencart\/\" \/>\n<meta property=\"og:site_name\" content=\"Elfsight IT\" \/>\n<meta property=\"article:modified_time\" content=\"2024-11-12T08:30:13+00:00\" \/>\n<meta name=\"twitter:card\" content=\"summary_large_image\" \/>\n<meta name=\"twitter:label1\" content=\"Tempo di lettura stimato\" \/>\n\t<meta name=\"twitter:data1\" content=\"3 minuti\" \/>\n<!-- \/ Yoast SEO plugin. -->","yoast_head_json":{"title":"Calendario eventi: aggiungi il modulo Calendario al sito Web OpenCart [2025]","description":"Con Elfsight, progetta il widget del tuo calendario degli eventi e aggiungilo rapidamente al tuo sito Web OpenCart. Offriamo assistenza clienti gratuita e altri bonus.","robots":{"index":"index","follow":"follow","max-snippet":"max-snippet:-1","max-image-preview":"max-image-preview:large","max-video-preview":"max-video-preview:-1"},"canonical":"https:\/\/elfsight.com\/it\/event-calendar-widget\/opencart\/","og_locale":"it_IT","og_type":"article","og_title":"Calendario eventi: aggiungi il modulo Calendario al sito Web OpenCart [2025]","og_description":"Con Elfsight, progetta il widget del tuo calendario degli eventi e aggiungilo rapidamente al tuo sito Web OpenCart. Offriamo assistenza clienti gratuita e altri bonus.","og_url":"https:\/\/elfsight.com\/it\/event-calendar-widget\/opencart\/","og_site_name":"Elfsight IT","article_modified_time":"2024-11-12T08:30:13+00:00","twitter_card":"summary_large_image","twitter_misc":{"Tempo di lettura stimato":"3 minuti"},"schema":{"@context":"https:\/\/schema.org","@graph":[{"@type":"WebPage","@id":"https:\/\/elfsight.com\/it\/event-calendar-widget\/opencart\/","url":"https:\/\/elfsight.com\/it\/event-calendar-widget\/opencart\/","name":"Calendario eventi: aggiungi il modulo Calendario al sito Web OpenCart [2025]","isPartOf":{"@id":"https:\/\/elfsight.com\/it\/#website"},"datePublished":"2024-05-03T06:35:03+00:00","dateModified":"2024-11-12T08:30:13+00:00","description":"Con Elfsight, progetta il widget del tuo calendario degli eventi e aggiungilo rapidamente al tuo sito Web OpenCart. Offriamo assistenza clienti gratuita e altri bonus.","breadcrumb":{"@id":"https:\/\/elfsight.com\/it\/event-calendar-widget\/opencart\/#breadcrumb"},"inLanguage":"it-IT","potentialAction":[{"@type":"ReadAction","target":["https:\/\/elfsight.com\/it\/event-calendar-widget\/opencart\/"]}]},{"@type":"BreadcrumbList","@id":"https:\/\/elfsight.com\/it\/event-calendar-widget\/opencart\/#breadcrumb","itemListElement":[{"@type":"ListItem","position":1,"name":"Home","item":"https:\/\/elfsight.com\/it\/"},{"@type":"ListItem","position":2,"name":"Event Calendar","item":"https:\/\/elfsight.com\/it\/event-calendar-widget\/"},{"@type":"ListItem","position":3,"name":"Event Calendar &#8211; OpenCart"}]},{"@type":"WebSite","@id":"https:\/\/elfsight.com\/it\/#website","url":"https:\/\/elfsight.com\/it\/","name":"Elfsight IT","description":"Just another Elfsight Sites site","potentialAction":[{"@type":"SearchAction","target":{"@type":"EntryPoint","urlTemplate":"https:\/\/elfsight.com\/it\/?s={search_term_string}"},"query-input":{"@type":"PropertyValueSpecification","valueRequired":true,"valueName":"search_term_string"}}],"inLanguage":"it-IT"}]}},"meta_box":{"industry":"","seo_heading":"","heading":"","description":"","cta_heading":"","cta_description":"","application":"1544","h1":"Modulo Calendario eventi OpenCart","h1_caption":"Gestisci e condividi eventi sul tuo sito web con un calendario degli eventi interattivo e intuitivo nel tuo sito web Opencart senza sforzo.","application_category":[],"applications_title":"","applications_request_title":"","applications_request_button_text":"","hero_text":"","hero_video":"","hero_video_schema_markup":"","selling_points_title":"","selling_points_caption":"","selling_points":[],"selling_points_cta_text":"","features_title":"","features":"","ed_cta_examples_text":"","ed_cta_examples_hidden":"","ed_cta_demo_text":"","ed_cta_demo_hidden":"","why_caption":"","why_editor_title":"","why_editor_text":"","why_team_title":"","why_team_text":"","why_service_title":"","why_service_text":"","template_catalog_visible":"","template_catalog_title":"","template_catalog_text":"","template_catalog_categories_visible":"","demo_title":"Crea la tua estensione del calendario degli eventi","demo_caption":"Configura il tuo calendario degli eventi e aggiungilo gratuitamente al tuo sito Web OpenCart!","default_faq_hidden":"","app_template_category":[],"platform":"41","template_public_id":"","codecanyon_url":"","codecanyon_item_id":"","codecanyon_price":"","pricing_caption":"","pricing_elfsight_apps_hide_column":"","pricing_elfsight_apps_url":"","pricing_codecanyon_price_caption":"","integration_category":[],"integration_request_title":"","integration_request_cta":"","integration_platform":"","integrations":[],"platform_category":[],"video_schema_markup":"","price":"da $ 0 al mese","trial":"","benefits":[{"text":"Aiuto per l'installazione gratuito"},{"text":"Assistenza clienti con esperienza"},{"text":"Garanzia di rimborso di 14 giorni"},{"text":"Sviluppo continuo"}],"button_url":"#demo","button_target_blank":"","button_nofollow":"","attributes":[{"name":"Installazioni"},{"name":"Reattivo","content":"S\u00cc"},{"name":"Browser compatibili","content":"Firefox, Safari, Opera, Chrome, Edge"}],"tags":[],"tags_disable_links":"","hide_more_platforms":"","video_object":"","demo_hide_cta":"","demo_hide_cloud_options":"","pricing_title":"","pricing":[{"pricing_icon":"platform","pricing_title":"Elfsight Apps","pricing_title_caption":"Soluzione digitale indipendente dalla piattaforma adatta a qualsiasi sito web","pricing_price":"da $ 0 \/ mese","pricing_price_caption":"inizia con il piano gratuito","pricing_benefits":[{"text":"Domini illimitati"},{"text":"Assistenza clienti premium"},{"text":"Aiuto per l'installazione gratuito"},{"text":"100% personalizzabile"}],"pricing_button_text":"Aggiungi al sito web","pricing_button_url":"#demo"}],"related_apps_title":"","related_apps_hidden":"","author":"","image":[],"title":"","job":"","social_networks":[]},"_links":{"self":[{"href":"https:\/\/elfsight.com\/it\/wp-json\/wp\/v2\/pages\/4299","targetHints":{"allow":["GET"]}}],"collection":[{"href":"https:\/\/elfsight.com\/it\/wp-json\/wp\/v2\/pages"}],"about":[{"href":"https:\/\/elfsight.com\/it\/wp-json\/wp\/v2\/types\/page"}],"author":[{"embeddable":true,"href":"https:\/\/elfsight.com\/it\/wp-json\/wp\/v2\/users\/9"}],"replies":[{"embeddable":true,"href":"https:\/\/elfsight.com\/it\/wp-json\/wp\/v2\/comments?post=4299"}],"version-history":[{"count":1,"href":"https:\/\/elfsight.com\/it\/wp-json\/wp\/v2\/pages\/4299\/revisions"}],"predecessor-version":[{"id":4303,"href":"https:\/\/elfsight.com\/it\/wp-json\/wp\/v2\/pages\/4299\/revisions\/4303"}],"up":[{"embeddable":true,"href":"https:\/\/elfsight.com\/it\/wp-json\/wp\/v2\/pages\/1545"}],"wp:attachment":[{"href":"https:\/\/elfsight.com\/it\/wp-json\/wp\/v2\/media?parent=4299"}],"curies":[{"name":"wp","href":"https:\/\/api.w.org\/{rel}","templated":true}]}}