{"id":4298,"date":"2024-05-03T06:35:02","date_gmt":"2024-05-03T06:35:02","guid":{"rendered":"https:\/\/elfsight.com\/it\/?page_id=4298"},"modified":"2024-11-12T08:30:04","modified_gmt":"2024-11-12T08:30:04","slug":"shopify","status":"publish","type":"page","link":"https:\/\/elfsight.com\/it\/event-calendar-widget\/shopify\/","title":{"rendered":"Event Calendar &#8211; Shopify"},"content":{"rendered":"<div class=\"application-platform-content-item-description application-platform-content-item\" id=\"description\" data-nav-section=\"description\"> <h2>Incorpora il calendario degli eventi con il widget Elfsight<\/h2> <p>L&#8217;app Calendario Elfsight per Shopify \u00e8 un&#8217;app straordinaria che ti consente di condividere rapidamente le tue attivit\u00e0 con i tuoi visitatori. Ha molte opzioni per visualizzare i prossimi eventi nel modo pi\u00f9 appariscente. Personalizzalo per unire il design con lo stile del tuo sito web. Crea pi\u00f9 eventi, aggiungi tag diversi, carica le tue foto e i tuoi video e mantieni i tuoi visitatori informati sulla tua agenda.<\/p> <p><b>L&#8217;app Calendario eventi Elfsight pu\u00f2 aiutarti a visualizzare facilmente le tue prossime attivit\u00e0 e a potenziarle il tasso di coinvolgimento sul tuo sito. <\/b><\/p> <\/div> <div class=\"application-platform-content-item-features application-platform-content-item\" id=\"features\" data-nav-section=\"features\"> <h2>Caratteristiche principali dell&#8217;app Calendario eventi<\/h2> <p>Guarda tutte le funzioni di Shopify Calendario eventi. Sono disponibili direttamente nell&#8217;editor e ti aiuteranno a creare il widget esattamente per le tue esigenze. <\/p> <ul> <li>Utilizza opzioni di contenuto adattabili per includere il calendario per il tuo tipo di attivit\u00e0. <\/li> <li>Offri agli utenti l&#8217;opportunit\u00e0 di aggiungere i tuoi eventi alle loro app di uso comune. <\/li> <li>Genera vari tipi di eventi, specifica posizioni e aggiungi host. <\/li> <li>Classifica tutti i tuoi eventi e assegna loro dei tag. <\/li> <li>Scegli tra 4 varianti di layout. <\/li> <\/ul> <p><a href=\"#demo\">Scopri come funzionano tutte le funzionalit\u00e0, nella nostra demo<\/a><\/p> <\/div> <div class=\"application-platform-content-item-installation application-platform-content-item\" id=\"installation\" data-nav-section=\"installation\"> <h2>Come posso incorporare il calendario degli eventi nel mio sito web Shopify?<\/h2> <div class=\"video-container\"><iframe width=\"720\" height=\"405\" src=\"https:\/\/www.youtube.com\/embed\/VgysQmu9Z0c\" frameborder=\"0\" allowfullscreen=\"\"><\/iframe><\/div><p>Per incorporare l&#8217;app Shopify Event Calendar, applica semplicemente le istruzioni seguenti.<\/p> <ol><li><b>Utilizza il nostro configuratore gratuito e inizia a creare la tua app personalizzata. <\/b><br> Determina la disposizione e le specifiche desiderate dell&#8217;app e salva tutte le modifiche. <\/li> <li><b>Copia il tuo codice individuale mostrato nel riquadro sulle App Elfsight. <\/b><br> Subito dopo aver terminato la creazione della tua app, copia il codice personale nella casella visualizzata e conservalo per ulteriori occasioni. <\/li> <li><b>Accedi all&#8217;utilizzo dell&#8217;app sul sito web Shopify. <\/b><br> Aggiungi il codice che hai salvato in precedenza nella tua pagina e applica le modifiche. <\/li> <li><b>L&#8217;installazione \u00e8 stata eseguita con successo. <\/b><br> Vai al tuo sito web per vedere come funziona l&#8217;app. <\/li><\/ol><p>Non esitare a comunicare con l&#8217;assistenza clienti Elfsight quando hai bisogno di assistenza o hai domande. Saremo lieti di aiutarti a incorporare il calendario degli eventi Shopify. <\/p> <\/div>","protected":false},"excerpt":{"rendered":"","protected":false},"author":9,"featured_media":0,"parent":1545,"menu_order":0,"comment_status":"closed","ping_status":"closed","template":"templates\/template-application-platform.php","meta":{"publish_to_discourse":"","publish_post_category":"","wpdc_auto_publish_overridden":"","wpdc_topic_tags":"","wpdc_pin_topic":"","wpdc_pin_until":"","discourse_post_id":"","discourse_permalink":"","wpdc_publishing_response":"","wpdc_publishing_error":"","footnotes":""},"class_list":["post-4298","page","type-page","status-publish","hentry"],"yoast_head":"<!-- This site is optimized with the Yoast SEO plugin v25.3.1 - https:\/\/yoast.com\/wordpress\/plugins\/seo\/ -->\n<title>Widget del calendario degli eventi di Shopify: aggiungi il calendario degli eventi al sito web di Shopify [2025]<\/title>\n<meta name=\"description\" content=\"Con Elfsight, progetta il tuo semplice plug-in del calendario degli eventi e incorporalo rapidamente nel codice del tuo sito Web Shopify. Offriamo assistenza clienti gratuita e altri bonus.\" \/>\n<meta name=\"robots\" content=\"index, follow, max-snippet:-1, max-image-preview:large, max-video-preview:-1\" \/>\n<link rel=\"canonical\" href=\"https:\/\/elfsight.com\/it\/event-calendar-widget\/shopify\/\" \/>\n<meta property=\"og:locale\" content=\"it_IT\" \/>\n<meta property=\"og:type\" content=\"article\" \/>\n<meta property=\"og:title\" content=\"Widget del calendario degli eventi di Shopify: aggiungi il calendario degli eventi al sito web di Shopify [2025]\" \/>\n<meta property=\"og:description\" content=\"Con Elfsight, progetta il tuo semplice plug-in del calendario degli eventi e incorporalo rapidamente nel codice del tuo sito Web Shopify. Offriamo assistenza clienti gratuita e altri bonus.\" \/>\n<meta property=\"og:url\" content=\"https:\/\/elfsight.com\/it\/event-calendar-widget\/shopify\/\" \/>\n<meta property=\"og:site_name\" content=\"Elfsight IT\" \/>\n<meta property=\"article:modified_time\" content=\"2024-11-12T08:30:04+00:00\" \/>\n<meta name=\"twitter:card\" content=\"summary_large_image\" \/>\n<meta name=\"twitter:label1\" content=\"Tempo di lettura stimato\" \/>\n\t<meta name=\"twitter:data1\" content=\"2 minuti\" \/>\n<!-- \/ Yoast SEO plugin. -->","yoast_head_json":{"title":"Widget del calendario degli eventi di Shopify: aggiungi il calendario degli eventi al sito web di Shopify [2025]","description":"Con Elfsight, progetta il tuo semplice plug-in del calendario degli eventi e incorporalo rapidamente nel codice del tuo sito Web Shopify. Offriamo assistenza clienti gratuita e altri bonus.","robots":{"index":"index","follow":"follow","max-snippet":"max-snippet:-1","max-image-preview":"max-image-preview:large","max-video-preview":"max-video-preview:-1"},"canonical":"https:\/\/elfsight.com\/it\/event-calendar-widget\/shopify\/","og_locale":"it_IT","og_type":"article","og_title":"Widget del calendario degli eventi di Shopify: aggiungi il calendario degli eventi al sito web di Shopify [2025]","og_description":"Con Elfsight, progetta il tuo semplice plug-in del calendario degli eventi e incorporalo rapidamente nel codice del tuo sito Web Shopify. Offriamo assistenza clienti gratuita e altri bonus.","og_url":"https:\/\/elfsight.com\/it\/event-calendar-widget\/shopify\/","og_site_name":"Elfsight IT","article_modified_time":"2024-11-12T08:30:04+00:00","twitter_card":"summary_large_image","twitter_misc":{"Tempo di lettura stimato":"2 minuti"},"schema":{"@context":"https:\/\/schema.org","@graph":[{"@type":"WebPage","@id":"https:\/\/elfsight.com\/it\/event-calendar-widget\/shopify\/","url":"https:\/\/elfsight.com\/it\/event-calendar-widget\/shopify\/","name":"Widget del calendario degli eventi di Shopify: aggiungi il calendario degli eventi al sito web di Shopify [2025]","isPartOf":{"@id":"https:\/\/elfsight.com\/it\/#website"},"datePublished":"2024-05-03T06:35:02+00:00","dateModified":"2024-11-12T08:30:04+00:00","description":"Con Elfsight, progetta il tuo semplice plug-in del calendario degli eventi e incorporalo rapidamente nel codice del tuo sito Web Shopify. Offriamo assistenza clienti gratuita e altri bonus.","breadcrumb":{"@id":"https:\/\/elfsight.com\/it\/event-calendar-widget\/shopify\/#breadcrumb"},"inLanguage":"it-IT","potentialAction":[{"@type":"ReadAction","target":["https:\/\/elfsight.com\/it\/event-calendar-widget\/shopify\/"]}]},{"@type":"BreadcrumbList","@id":"https:\/\/elfsight.com\/it\/event-calendar-widget\/shopify\/#breadcrumb","itemListElement":[{"@type":"ListItem","position":1,"name":"Home","item":"https:\/\/elfsight.com\/it\/"},{"@type":"ListItem","position":2,"name":"Event Calendar","item":"https:\/\/elfsight.com\/it\/event-calendar-widget\/"},{"@type":"ListItem","position":3,"name":"Event Calendar &#8211; Shopify"}]},{"@type":"WebSite","@id":"https:\/\/elfsight.com\/it\/#website","url":"https:\/\/elfsight.com\/it\/","name":"Elfsight IT","description":"Just another Elfsight Sites site","potentialAction":[{"@type":"SearchAction","target":{"@type":"EntryPoint","urlTemplate":"https:\/\/elfsight.com\/it\/?s={search_term_string}"},"query-input":{"@type":"PropertyValueSpecification","valueRequired":true,"valueName":"search_term_string"}}],"inLanguage":"it-IT"}]}},"meta_box":{"industry":"","seo_heading":"","heading":"","description":"","cta_heading":"","cta_description":"","application":"1544","h1":"Applicazione Calendario eventi Shopify","h1_caption":"Gestisci e condividi eventi sul tuo sito web con un calendario degli eventi interattivo e intuitivo nel tuo sito web Shopify senza sforzo.","application_category":[],"applications_title":"","applications_request_title":"","applications_request_button_text":"","hero_text":"","hero_video":"","hero_video_schema_markup":"","selling_points_title":"","selling_points_caption":"","selling_points":[],"selling_points_cta_text":"","features_title":"","features":"","ed_cta_examples_text":"","ed_cta_examples_hidden":"","ed_cta_demo_text":"","ed_cta_demo_hidden":"","why_caption":"","why_editor_title":"","why_editor_text":"","why_team_title":"","why_team_text":"","why_service_title":"","why_service_text":"","template_catalog_visible":"0","template_catalog_title":"","template_catalog_text":"","template_catalog_categories_visible":"","demo_title":"Crea la tua app Calendario eventi","demo_caption":"Configura il tuo calendario degli eventi e aggiungilo gratuitamente al tuo sito web Shopify!","default_faq_hidden":"","app_template_category":[],"platform":"42","template_public_id":"","codecanyon_url":"","codecanyon_item_id":"","codecanyon_price":"","pricing_caption":"","pricing_elfsight_apps_hide_column":"","pricing_elfsight_apps_url":"","pricing_codecanyon_price_caption":"","integration_category":[],"integration_request_title":"","integration_request_cta":"","integration_platform":"","integrations":[],"platform_category":[],"video_schema_markup":"","price":"da $ 0 al mese","trial":"","benefits":[{"text":"Servizio di installazione gratuito"},{"text":"Supporto premium"},{"text":"Garanzia di rimborso di 14 giorni"},{"text":"Aggiornamenti gratuiti continui"}],"button_url":"#demo","button_target_blank":"0","button_nofollow":"0","attributes":[{"name":"Installazioni"},{"name":"Reattivo","content":"S\u00cc"},{"name":"Browser compatibili","content":"Firefox, Safari, Edge, Chrome, Opera"}],"tags":[],"tags_disable_links":"0","hide_more_platforms":"","video_object":"","demo_hide_cta":"0","demo_hide_cloud_options":"0","pricing_title":"","pricing":[{"pricing_icon":"cloud","pricing_title":"Elfsight Apps","pricing_title_caption":"Versione multipiattaforma che funziona su qualsiasi sito web","pricing_price":"da $ 0 \/ mese","pricing_price_caption":"inizia con il piano gratuito","pricing_benefits":[{"text":"Siti web illimitati"},{"text":"Supporto premium"},{"text":"Servizio di installazione gratuito"},{"text":"Offerta speciale per pi\u00f9 app"}],"pricing_button_text":"Aggiungi al sito web","pricing_button_url":"#demo"}],"related_apps_title":"","related_apps_hidden":"0","author":"","image":[],"title":"","job":"","social_networks":[]},"_links":{"self":[{"href":"https:\/\/elfsight.com\/it\/wp-json\/wp\/v2\/pages\/4298","targetHints":{"allow":["GET"]}}],"collection":[{"href":"https:\/\/elfsight.com\/it\/wp-json\/wp\/v2\/pages"}],"about":[{"href":"https:\/\/elfsight.com\/it\/wp-json\/wp\/v2\/types\/page"}],"author":[{"embeddable":true,"href":"https:\/\/elfsight.com\/it\/wp-json\/wp\/v2\/users\/9"}],"replies":[{"embeddable":true,"href":"https:\/\/elfsight.com\/it\/wp-json\/wp\/v2\/comments?post=4298"}],"version-history":[{"count":3,"href":"https:\/\/elfsight.com\/it\/wp-json\/wp\/v2\/pages\/4298\/revisions"}],"predecessor-version":[{"id":7508,"href":"https:\/\/elfsight.com\/it\/wp-json\/wp\/v2\/pages\/4298\/revisions\/7508"}],"up":[{"embeddable":true,"href":"https:\/\/elfsight.com\/it\/wp-json\/wp\/v2\/pages\/1545"}],"wp:attachment":[{"href":"https:\/\/elfsight.com\/it\/wp-json\/wp\/v2\/media?parent=4298"}],"curies":[{"name":"wp","href":"https:\/\/api.w.org\/{rel}","templated":true}]}}