{"id":4293,"date":"2024-05-03T06:35:01","date_gmt":"2024-05-03T06:35:01","guid":{"rendered":"https:\/\/elfsight.com\/it\/?page_id=4293"},"modified":"2024-11-12T08:30:04","modified_gmt":"2024-11-12T08:30:04","slug":"squarespace","status":"publish","type":"page","link":"https:\/\/elfsight.com\/it\/event-calendar-widget\/squarespace\/","title":{"rendered":"Event Calendar &#8211; Squarespace"},"content":{"rendered":"<div class=\"application-platform-content-item-description application-platform-content-item\" id=\"description\" data-nav-section=\"description\"> <h2>Incorpora il calendario degli eventi con il widget Elfsight<\/h2> <p>Il plugin del calendario Elfsight \u00e8 uno strumento straordinario che ti consente di condividere facilmente i tuoi eventi con i tuoi visitatori . Include molte opzioni per visualizzare le attivit\u00e0 imminenti nel modo pi\u00f9 appariscente. Personalizzalo per fondere il design con l&#8217;estetica della tua pagina. Crea un numero multiplo di eventi, aggiungi tag, carica foto e video personalizzati e mantieni i visitatori informati sui tuoi piani.<\/p> <p><b>Il nostro widget Calendario eventi pu\u00f2 aiutarti a visualizzare comodamente le tue attivit\u00e0 future e aumentare il coinvolgimento tasso sul tuo sito web.<\/b><\/p> <\/div> <div class=\"application-platform-content-item-features application-platform-content-item\" id=\"features\" data-nav-section=\"features\"> <h2>Caratteristiche principali di Event Calendar Plugin<\/h2> <p>Controlla un elenco di tutte le funzioni di Squarespace Calendario degli eventi. Puoi impostarli direttamente nell&#8217;editor e ti aiuteranno a modellare il widget adatto al tuo caso d&#8217;uso. <\/p> <ul> <li>Utilizza opzioni di contenuto adattabili per comprendere il widget per il tuo tipo di eventi. <\/li> <li>Consenti agli utenti di aggiungere i tuoi eventi alle loro app pi\u00f9 utilizzate. <\/li> <li>Avvia diversi tipi di eventi, specifica le posizioni e aggiungi host. <\/li> <li>Categorizza tutte le tue attivit\u00e0 e assegna loro dei tag. <\/li> <li>Discrimina tra quattro opzioni di layout. <\/li> <\/ul> <p><a href=\"#demo\">Puoi provare tutte le caratteristiche funzionali del widget direttamente nella demo<\/a><\/p> <\/div> <div class=\"application-platform-content-item-installation application-platform-content-item\" id=\"installation\" data-nav-section=\"installation\"> <h2>Come aggiungere il calendario degli eventi a Squarespace?<\/h2> <div class=\"video-container\"><iframe width=\"720\" height=\"405\" src=\"https:\/\/www.youtube.com\/embed\/PqWwiGmLOkM\" frameborder=\"0\" allowfullscreen=\"\"><\/iframe><\/div><p>Il calendario degli eventi di Squarespace ha un processo di integrazione semplice. Dopo aver creato il widget, riceverai uno speciale codice HTML da aggiungere al tuo sito web per completare l&#8217;integrazione. Per incorporare il plugin, segui semplicemente le istruzioni seguenti. <\/p> <ul> <li><b>Progetta il tuo plug-in Calendario personalizzato<\/b><br> Utilizzando la nostra demo gratuita, crea un widget con un aspetto e caratteristiche funzionali personalizzati. <\/li> <li><b>Ottieni il codice personale per visualizzare il plugin<\/b><br> Dopo aver creato il tuo widget, acquisirai il codice di installazione dalla notifica che apparir\u00e0 su Elfsight Apps. Copia questo codice. <\/li> <li><b>Integra il calendario sul tuo sito web<\/b><br> Definisci l&#8217;area in cui intendi visualizzare il plugin e aggiungi l\u00ec il codice salvato. Applicare le modifiche. <\/li> <li><b>Hai finito! <\/b><br> Visita il sito web per vedere il tuo plugin.<\/li> <\/ul> <p>Prenditi un minuto per comunicare al nostro servizio di supporto se hai bisogno di aiuto o hai qualcosa da chiedere. Saremo felici di aiutarvi con ogni richiesta. <\/p> <\/div><div class=\"faq\" data-component=\"FAQ\"><div class=\"faq-item\">\r\n\t\t\t\t\t<div class=\"faq-item-question\">\r\n\t\t\t\t\t\t<h3 class=\"faq-item-question-text\">Come posso trarre vantaggio dall'incorporamento del calendario degli eventi nelle mie pagine Squarespace?<\/h3>\r\n\r\n\t\t\t\t\t\t<div class=\"faq-item-question-icon\"><\/div>\r\n\t\t\t\t\t<\/div>\r\n\r\n\t\t\t\t\t<div class=\"faq-item-answer\">\r\n\t\t\t\t\t\t<div class=\"faq-item-answer-text\"><p>Un plugin per il calendario degli eventi online per Squarespace crea consapevolezza sulle attivit\u00e0 della tua organizzazione. Ancora pi\u00f9 importante, aumenta la visibilit\u00e0 del tuo marchio man mano che crei pi\u00f9 eventi. Puoi pubblicare il calendario degli eventi su tutte le pagine del tuo sito web Squarespace o solo su quelle selezionate. Il calendario degli eventi ricorrenti sul tuo sito ti consente anche di incorporare nuovi contenuti per il tuo sito, il che \u00e8 sempre positivo per i motori di ricerca. I motori di ricerca esaminano sempre il tuo sito e, quando trovano nuovi contenuti, lo classificano come pi\u00f9 pertinente e possono aumentare le possibilit\u00e0 di trovare il tuo sito quando le persone effettuano ricerche online.<\/p> <p>Oltre agli eventi, se scegli di incorporare un calendario sul tuo sito web Squarespace, pu\u00f2 aggiungere valore al tuo sito web agli occhi dei tuoi clienti. Puoi utilizzare il calendario degli eventi per aggiungere maggiore interazione tra i tuoi clienti creando eventi ricorrenti. Come un post sul blog, un calendario Squarespace pu\u00f2 aiutarti a interagire con i tuoi clienti consentendo loro di iscriversi ad alcuni eventi ricorrenti e persino di suggerirne altri a cui potrebbero voler partecipare. Integrare tale opzione per mostrare eventi sul tuo sito web Squarespace \u00e8 davvero facile da eseguire.<\/p><\/div>\r\n\t\t\t\t\t<\/div>\r\n\t\t\t\t<\/div><\/div>","protected":false},"excerpt":{"rendered":"","protected":false},"author":9,"featured_media":0,"parent":1545,"menu_order":0,"comment_status":"closed","ping_status":"closed","template":"templates\/template-application-platform.php","meta":{"publish_to_discourse":"","publish_post_category":"","wpdc_auto_publish_overridden":"","wpdc_topic_tags":"","wpdc_pin_topic":"","wpdc_pin_until":"","discourse_post_id":"","discourse_permalink":"","wpdc_publishing_response":"","wpdc_publishing_error":"","footnotes":""},"class_list":["post-4293","page","type-page","status-publish","hentry"],"yoast_head":"<!-- This site is optimized with the Yoast SEO plugin v25.3.1 - https:\/\/yoast.com\/wordpress\/plugins\/seo\/ -->\n<title>Widget Calendario eventi di Squarespace: aggiungi il calendario degli eventi a Squarespace [2025]<\/title>\n<meta name=\"description\" content=\"Con Elfsight, progetta il tuo miglior plugin per il calendario degli eventi e aggiungilo rapidamente al tuo sito web Squarespace. Offriamo assistenza clienti gratuita e altri bonus.\" \/>\n<meta name=\"robots\" content=\"index, follow, max-snippet:-1, max-image-preview:large, max-video-preview:-1\" \/>\n<link rel=\"canonical\" href=\"https:\/\/elfsight.com\/it\/event-calendar-widget\/squarespace\/\" \/>\n<meta property=\"og:locale\" content=\"it_IT\" \/>\n<meta property=\"og:type\" content=\"article\" \/>\n<meta property=\"og:title\" content=\"Widget Calendario eventi di Squarespace: aggiungi il calendario degli eventi a Squarespace [2025]\" \/>\n<meta property=\"og:description\" content=\"Con Elfsight, progetta il tuo miglior plugin per il calendario degli eventi e aggiungilo rapidamente al tuo sito web Squarespace. Offriamo assistenza clienti gratuita e altri bonus.\" \/>\n<meta property=\"og:url\" content=\"https:\/\/elfsight.com\/it\/event-calendar-widget\/squarespace\/\" \/>\n<meta property=\"og:site_name\" content=\"Elfsight IT\" \/>\n<meta property=\"article:modified_time\" content=\"2024-11-12T08:30:04+00:00\" \/>\n<meta name=\"twitter:card\" content=\"summary_large_image\" \/>\n<meta name=\"twitter:label1\" content=\"Tempo di lettura stimato\" \/>\n\t<meta name=\"twitter:data1\" content=\"4 minuti\" \/>\n<!-- \/ Yoast SEO plugin. -->","yoast_head_json":{"title":"Widget Calendario eventi di Squarespace: aggiungi il calendario degli eventi a Squarespace [2025]","description":"Con Elfsight, progetta il tuo miglior plugin per il calendario degli eventi e aggiungilo rapidamente al tuo sito web Squarespace. Offriamo assistenza clienti gratuita e altri bonus.","robots":{"index":"index","follow":"follow","max-snippet":"max-snippet:-1","max-image-preview":"max-image-preview:large","max-video-preview":"max-video-preview:-1"},"canonical":"https:\/\/elfsight.com\/it\/event-calendar-widget\/squarespace\/","og_locale":"it_IT","og_type":"article","og_title":"Widget Calendario eventi di Squarespace: aggiungi il calendario degli eventi a Squarespace [2025]","og_description":"Con Elfsight, progetta il tuo miglior plugin per il calendario degli eventi e aggiungilo rapidamente al tuo sito web Squarespace. Offriamo assistenza clienti gratuita e altri bonus.","og_url":"https:\/\/elfsight.com\/it\/event-calendar-widget\/squarespace\/","og_site_name":"Elfsight IT","article_modified_time":"2024-11-12T08:30:04+00:00","twitter_card":"summary_large_image","twitter_misc":{"Tempo di lettura stimato":"4 minuti"},"schema":{"@context":"https:\/\/schema.org","@graph":[{"@type":"WebPage","@id":"https:\/\/elfsight.com\/it\/event-calendar-widget\/squarespace\/","url":"https:\/\/elfsight.com\/it\/event-calendar-widget\/squarespace\/","name":"Widget Calendario eventi di Squarespace: aggiungi il calendario degli eventi a Squarespace [2025]","isPartOf":{"@id":"https:\/\/elfsight.com\/it\/#website"},"datePublished":"2024-05-03T06:35:01+00:00","dateModified":"2024-11-12T08:30:04+00:00","description":"Con Elfsight, progetta il tuo miglior plugin per il calendario degli eventi e aggiungilo rapidamente al tuo sito web Squarespace. Offriamo assistenza clienti gratuita e altri bonus.","breadcrumb":{"@id":"https:\/\/elfsight.com\/it\/event-calendar-widget\/squarespace\/#breadcrumb"},"inLanguage":"it-IT","potentialAction":[{"@type":"ReadAction","target":["https:\/\/elfsight.com\/it\/event-calendar-widget\/squarespace\/"]}]},{"@type":"BreadcrumbList","@id":"https:\/\/elfsight.com\/it\/event-calendar-widget\/squarespace\/#breadcrumb","itemListElement":[{"@type":"ListItem","position":1,"name":"Home","item":"https:\/\/elfsight.com\/it\/"},{"@type":"ListItem","position":2,"name":"Event Calendar","item":"https:\/\/elfsight.com\/it\/event-calendar-widget\/"},{"@type":"ListItem","position":3,"name":"Event Calendar &#8211; Squarespace"}]},{"@type":"WebSite","@id":"https:\/\/elfsight.com\/it\/#website","url":"https:\/\/elfsight.com\/it\/","name":"Elfsight IT","description":"Just another Elfsight Sites site","potentialAction":[{"@type":"SearchAction","target":{"@type":"EntryPoint","urlTemplate":"https:\/\/elfsight.com\/it\/?s={search_term_string}"},"query-input":{"@type":"PropertyValueSpecification","valueRequired":true,"valueName":"search_term_string"}}],"inLanguage":"it-IT"}]}},"meta_box":{"industry":"","seo_heading":"","heading":"","description":"","cta_heading":"","cta_description":"","application":"1544","h1":"Plug-in per il calendario degli eventi di Squarespace","h1_caption":"Gestisci e condividi facilmente gli eventi sul tuo sito web con un calendario degli eventi interattivo e intuitivo nel tuo sito web Squarespace.","application_category":[],"applications_title":"","applications_request_title":"","applications_request_button_text":"","hero_text":"","hero_video":"","hero_video_schema_markup":"","selling_points_title":"","selling_points_caption":"","selling_points":[],"selling_points_cta_text":"","features_title":"","features":"","ed_cta_examples_text":"","ed_cta_examples_hidden":"","ed_cta_demo_text":"","ed_cta_demo_hidden":"","why_caption":"","why_editor_title":"","why_editor_text":"","why_team_title":"","why_team_text":"","why_service_title":"","why_service_text":"","template_catalog_visible":"0","template_catalog_title":"","template_catalog_text":"","template_catalog_categories_visible":"","demo_title":"Crea il tuo plugin per il calendario degli eventi","demo_caption":"Configura il tuo calendario degli eventi e aggiungilo gratuitamente al tuo sito web Squarespace!","default_faq_hidden":"","app_template_category":[],"platform":"43","template_public_id":"","codecanyon_url":"","codecanyon_item_id":"","codecanyon_price":"","pricing_caption":"","pricing_elfsight_apps_hide_column":"","pricing_elfsight_apps_url":"","pricing_codecanyon_price_caption":"","integration_category":[],"integration_request_title":"","integration_request_cta":"","integration_platform":"","integrations":[],"platform_category":[],"video_schema_markup":"","price":"da $ 0 al mese","trial":"","benefits":[{"text":"Assistenza gratuita per l'installazione"},{"text":"Servizio clienti competente"},{"text":"Garanzia di rimborso di 14 giorni"},{"text":"Aggiornamenti a vita"}],"button_url":"#demo","button_target_blank":"0","button_nofollow":"0","attributes":[{"name":"Installazioni"},{"name":"Reattivo","content":"S\u00cc"},{"name":"Browser compatibili","content":"Edge, Firefox, Safari, Chrome, Opera"}],"tags":[],"tags_disable_links":"0","hide_more_platforms":"","video_object":"","demo_hide_cta":"0","demo_hide_cloud_options":"0","pricing_title":"","pricing":[{"pricing_icon":"platform","pricing_title":"Elfsight Apps","pricing_title_caption":"Versione multipiattaforma che funziona su qualsiasi sito web","pricing_price":"da $ 0 \/ mese","pricing_price_caption":"inizia con il piano gratuito","pricing_benefits":[{"text":"Domini illimitati"},{"text":"Assistenza clienti 24 ore su 24, 7 giorni su 7 e ben documentata"},{"text":"Aiuto per l'installazione gratuito"},{"text":"100% personalizzabile"}],"pricing_button_text":"Aggiungi al sito web","pricing_button_url":"#demo"}],"related_apps_title":"","related_apps_hidden":"0","author":"","image":[],"title":"","job":"","social_networks":[]},"_links":{"self":[{"href":"https:\/\/elfsight.com\/it\/wp-json\/wp\/v2\/pages\/4293","targetHints":{"allow":["GET"]}}],"collection":[{"href":"https:\/\/elfsight.com\/it\/wp-json\/wp\/v2\/pages"}],"about":[{"href":"https:\/\/elfsight.com\/it\/wp-json\/wp\/v2\/types\/page"}],"author":[{"embeddable":true,"href":"https:\/\/elfsight.com\/it\/wp-json\/wp\/v2\/users\/9"}],"replies":[{"embeddable":true,"href":"https:\/\/elfsight.com\/it\/wp-json\/wp\/v2\/comments?post=4293"}],"version-history":[{"count":3,"href":"https:\/\/elfsight.com\/it\/wp-json\/wp\/v2\/pages\/4293\/revisions"}],"predecessor-version":[{"id":7509,"href":"https:\/\/elfsight.com\/it\/wp-json\/wp\/v2\/pages\/4293\/revisions\/7509"}],"up":[{"embeddable":true,"href":"https:\/\/elfsight.com\/it\/wp-json\/wp\/v2\/pages\/1545"}],"wp:attachment":[{"href":"https:\/\/elfsight.com\/it\/wp-json\/wp\/v2\/media?parent=4293"}],"curies":[{"name":"wp","href":"https:\/\/api.w.org\/{rel}","templated":true}]}}