{"id":4290,"date":"2024-05-03T06:34:58","date_gmt":"2024-05-03T06:34:58","guid":{"rendered":"https:\/\/elfsight.com\/it\/?page_id=4290"},"modified":"2024-11-12T08:29:54","modified_gmt":"2024-11-12T08:29:54","slug":"weebly","status":"publish","type":"page","link":"https:\/\/elfsight.com\/it\/event-calendar-widget\/weebly\/","title":{"rendered":"Event Calendar &#8211; Weebly"},"content":{"rendered":"<div class=\"application-platform-content-item-description application-platform-content-item\" id=\"description\" data-nav-section=\"description\"> <h2>Incorpora il calendario degli eventi con il widget Elfsight<\/h2> <p>Il calendario Elfsight \u00e8 un widget straordinario che ti consente di condividere facilmente i tuoi eventi con il tuo pubblico. Contiene molte opportunit\u00e0 per dimostrare le prossime attivit\u00e0 nel modo pi\u00f9 maestoso. Personalizzalo per combinare il design con l&#8217;estetica del tuo sito. Crea un numero illimitato di eventi, aggiungi tag diversi, carica immagini e video personalizzati e mantieni i visitatori informati sul tuo programma.<\/p><p>Un widget calendario interattivo per Weebly crea consapevolezza sulle attivit\u00e0 della tua azienda. Inoltre, aumenta la popolarit\u00e0 del tuo marchio man mano che crei pi\u00f9 eventi. Puoi mostrare il widget del tuo evento su tutte le pagine del tuo sito Weebly o solo su quelle selezionate. Il calendario degli eventi sul tuo sito ti consente anche di aggiungere nuovi contenuti per il tuo sito, il che \u00e8 sempre positivo per i motori di ricerca. Questi valutano sempre il tuo sito web e, quando individuano nuovi contenuti, classificano il tuo sito come significativamente pi\u00f9 pertinente e possono aumentare le possibilit\u00e0 di scoprire il tuo sito web quando i tuoi potenziali clienti effettuano ricerche online. Oltre agli eventi, l&#8217;integrazione di un&#8217;app di calendario degli eventi nel tuo sito Weebly pu\u00f2 portare valore al tuo sito web agli occhi dei tuoi clienti. Sei libero di utilizzare il calendario degli eventi per favorire una maggiore interazione tra i tuoi clienti. Come un post sul blog, un calendario degli eventi pu\u00f2 aiutarti a comunicare con il tuo pubblico motivandolo a iscriversi ad alcuni eventi e persino essere in grado di offrire altri eventi a cui desidera visitare. Aggiungi una funzione di calendario per mostrare facilmente gli eventi sul tuo sito web Weebly.<\/p><p><b>Il calendario degli eventi pu\u00f2 aiutarti a mostrare facilmente i tuoi eventi futuri e ad aumentare il livello di coinvolgimento sul tuo sito.<\/b><\/p> <\/div><div class=\"application-platform-content-item-features application-platform-content-item\" id=\"features\" data-nav-section=\"features\"> <h2>Caratteristiche principali dell&#8217;app Calendario eventi<\/h2> <p>Guarda tutte le funzionalit\u00e0 del Calendario eventi Weebly. Puoi gestirli direttamente nell&#8217;editor e ti aiuteranno a costruire il widget adatto al tuo caso.<\/p> <ul> <li>Utilizza le opportunit\u00e0 di contenuti praticabili per comprendere il widget per il tuo tipo di eventi. <\/li> <li>Aiuta gli utenti ad aggiungere eventi ai loro calendari di uso comune. <\/li> <li>Crea vari tipi di eventi, contrassegna le posizioni e aggiungi host. <\/li> <li>Categorizza tutte le tue attivit\u00e0 e assegna loro dei tag. <\/li> <li>Scegli tra quattro varianti di layout. <\/li> <\/ul> <p><a href=\"#demo\">Prova tutte le altre funzioni nella demo<\/a><\/p> <\/div><div class=\"application-platform-content-item-installation application-platform-content-item\" id=\"installation\" data-nav-section=\"installation\"> <h2> Come incorporo il calendario degli eventi nel mio sito web Weebly? <\/h2><div class=\"video-container\"><iframe width=\"720\" height=\"405\" src=\"https:\/\/www.youtube.com\/embed\/ErfuYGxteNc\" frameborder=\"0\" allowfullscreen=\"\"><\/iframe><\/div><p>Per introdurre il widget, basta seguire le istruzioni riportate di seguito. <\/p> <ol><li><b>Gestisci la nostra demo gratuita e inizia a creare la tua app personalizzata. <\/b><br> Scegli il design e i parametri desiderati dell&#8217;app e applica tutte le modifiche. <\/li> <li><b>Ricevi il tuo codice individuale che appare nella finestra delle app Elfsight. <\/b><br> Non appena la configurazione della tua app personale \u00e8 terminata, copia il codice individuale nella casella che appare e salvalo per necessit\u00e0 successive. <\/li> <li><b>Inizia a utilizzare l&#8217;app sul tuo sito Weebly. <\/b><br> Incolla il codice che hai salvato di recente nella tua pagina web e salva le modifiche. <\/li> <li><b>L&#8217;installazione \u00e8 stata completata con successo. <\/b><br> Vai al tuo sito per visualizzare il funzionamento dell&#8217;app. <\/li><\/ol><p>Non pensarci due volte per comunicare con la nostra assistenza clienti se hai bisogno di aiuto o hai domande. I nostri specialisti vi daranno una mano con ogni richiesta. <\/p> <\/div><div class=\"faq\" data-component=\"FAQ\"><div class=\"faq-item\">\r\n\t\t\t\t\t<div class=\"faq-item-question\">\r\n\t\t\t\t\t\t<h3 class=\"faq-item-question-text\">Esiste un metodo per incorporare il calendario degli eventi nel mio sito Web Weebly senza codifica?<\/h3>\r\n\r\n\t\t\t\t\t\t<div class=\"faq-item-question-icon\"><\/div>\r\n\t\t\t\t\t<\/div>\r\n\r\n\t\t\t\t\t<div class=\"faq-item-answer\">\r\n\t\t\t\t\t\t<div class=\"faq-item-answer-text\"><p>La societ\u00e0 Elfsight fornisce un soluzione che consente alle persone di creare da soli un widget Calendario eventi, scopri quanto \u00e8 semplice il processo: <\/p><ul><li>Lavora direttamente nell&#8217;editor online per creare un plug-in Calendario eventi che vorresti vedere sulla tua pagina web Weebly .<\/li><li>Scegli uno dei modelli predefiniti e modifica le impostazioni del calendario degli eventi, includi i tuoi contenuti, cambia il layout e il colore degli elementi senza alcuna abilit\u00e0 di codifica.<\/li><li>Salva il calendario degli eventi e ottieni il codice di installazione, che pu\u00f2 essere incorporato nel sito Weebly senza acquistare un piano a pagamento. <\/li><\/ul><p>Con il nostro editor intuitivo qualsiasi utente web pu\u00f2 creare il widget del calendario degli eventi online e includerlo nel sito web Weebly. Non \u00e8 necessario sottoscrivere un abbonamento a pagamento o inserire le credenziali della carta per accedere al servizio Elfsight. Se riscontri problemi in qualsiasi momento, non esitare a contattare il nostro team di supporto tecnico.<\/p><\/div>\r\n\t\t\t\t\t<\/div>\r\n\t\t\t\t<\/div><\/div>","protected":false},"excerpt":{"rendered":"","protected":false},"author":9,"featured_media":0,"parent":1545,"menu_order":0,"comment_status":"closed","ping_status":"closed","template":"templates\/template-application-platform.php","meta":{"publish_to_discourse":"","publish_post_category":"","wpdc_auto_publish_overridden":"","wpdc_topic_tags":"","wpdc_pin_topic":"","wpdc_pin_until":"","discourse_post_id":"","discourse_permalink":"","wpdc_publishing_response":"","wpdc_publishing_error":"","footnotes":""},"class_list":["post-4290","page","type-page","status-publish","hentry"],"yoast_head":"<!-- This site is optimized with the Yoast SEO plugin v25.3.1 - https:\/\/yoast.com\/wordpress\/plugins\/seo\/ -->\n<title>Miglior calendario eventi: aggiungi il widget Calendario al sito Web Weebly [2025]<\/title>\n<meta name=\"description\" content=\"Con Elfsight, progetta il tuo plug-in del calendario degli eventi e aggiungilo rapidamente al tuo sito Web Weebly. Offriamo assistenza clienti gratuita e altri bonus.\" \/>\n<meta name=\"robots\" content=\"index, follow, max-snippet:-1, max-image-preview:large, max-video-preview:-1\" \/>\n<link rel=\"canonical\" href=\"https:\/\/elfsight.com\/it\/event-calendar-widget\/weebly\/\" \/>\n<meta property=\"og:locale\" content=\"it_IT\" \/>\n<meta property=\"og:type\" content=\"article\" \/>\n<meta property=\"og:title\" content=\"Miglior calendario eventi: aggiungi il widget Calendario al sito Web Weebly [2025]\" \/>\n<meta property=\"og:description\" content=\"Con Elfsight, progetta il tuo plug-in del calendario degli eventi e aggiungilo rapidamente al tuo sito Web Weebly. Offriamo assistenza clienti gratuita e altri bonus.\" \/>\n<meta property=\"og:url\" content=\"https:\/\/elfsight.com\/it\/event-calendar-widget\/weebly\/\" \/>\n<meta property=\"og:site_name\" content=\"Elfsight IT\" \/>\n<meta property=\"article:modified_time\" content=\"2024-11-12T08:29:54+00:00\" \/>\n<meta name=\"twitter:card\" content=\"summary_large_image\" \/>\n<meta name=\"twitter:label1\" content=\"Tempo di lettura stimato\" \/>\n\t<meta name=\"twitter:data1\" content=\"4 minuti\" \/>\n<!-- \/ Yoast SEO plugin. -->","yoast_head_json":{"title":"Miglior calendario eventi: aggiungi il widget Calendario al sito Web Weebly [2025]","description":"Con Elfsight, progetta il tuo plug-in del calendario degli eventi e aggiungilo rapidamente al tuo sito Web Weebly. Offriamo assistenza clienti gratuita e altri bonus.","robots":{"index":"index","follow":"follow","max-snippet":"max-snippet:-1","max-image-preview":"max-image-preview:large","max-video-preview":"max-video-preview:-1"},"canonical":"https:\/\/elfsight.com\/it\/event-calendar-widget\/weebly\/","og_locale":"it_IT","og_type":"article","og_title":"Miglior calendario eventi: aggiungi il widget Calendario al sito Web Weebly [2025]","og_description":"Con Elfsight, progetta il tuo plug-in del calendario degli eventi e aggiungilo rapidamente al tuo sito Web Weebly. Offriamo assistenza clienti gratuita e altri bonus.","og_url":"https:\/\/elfsight.com\/it\/event-calendar-widget\/weebly\/","og_site_name":"Elfsight IT","article_modified_time":"2024-11-12T08:29:54+00:00","twitter_card":"summary_large_image","twitter_misc":{"Tempo di lettura stimato":"4 minuti"},"schema":{"@context":"https:\/\/schema.org","@graph":[{"@type":"WebPage","@id":"https:\/\/elfsight.com\/it\/event-calendar-widget\/weebly\/","url":"https:\/\/elfsight.com\/it\/event-calendar-widget\/weebly\/","name":"Miglior calendario eventi: aggiungi il widget Calendario al sito Web Weebly [2025]","isPartOf":{"@id":"https:\/\/elfsight.com\/it\/#website"},"datePublished":"2024-05-03T06:34:58+00:00","dateModified":"2024-11-12T08:29:54+00:00","description":"Con Elfsight, progetta il tuo plug-in del calendario degli eventi e aggiungilo rapidamente al tuo sito Web Weebly. Offriamo assistenza clienti gratuita e altri bonus.","breadcrumb":{"@id":"https:\/\/elfsight.com\/it\/event-calendar-widget\/weebly\/#breadcrumb"},"inLanguage":"it-IT","potentialAction":[{"@type":"ReadAction","target":["https:\/\/elfsight.com\/it\/event-calendar-widget\/weebly\/"]}]},{"@type":"BreadcrumbList","@id":"https:\/\/elfsight.com\/it\/event-calendar-widget\/weebly\/#breadcrumb","itemListElement":[{"@type":"ListItem","position":1,"name":"Home","item":"https:\/\/elfsight.com\/it\/"},{"@type":"ListItem","position":2,"name":"Event Calendar","item":"https:\/\/elfsight.com\/it\/event-calendar-widget\/"},{"@type":"ListItem","position":3,"name":"Event Calendar &#8211; Weebly"}]},{"@type":"WebSite","@id":"https:\/\/elfsight.com\/it\/#website","url":"https:\/\/elfsight.com\/it\/","name":"Elfsight IT","description":"Just another Elfsight Sites site","potentialAction":[{"@type":"SearchAction","target":{"@type":"EntryPoint","urlTemplate":"https:\/\/elfsight.com\/it\/?s={search_term_string}"},"query-input":{"@type":"PropertyValueSpecification","valueRequired":true,"valueName":"search_term_string"}}],"inLanguage":"it-IT"}]}},"meta_box":{"industry":"","seo_heading":"","heading":"","description":"","cta_heading":"","cta_description":"","application":"1544","h1":"App Calendario eventi Weebly","h1_caption":"Gestisci e condividi eventi sul tuo sito web con un calendario degli eventi interattivo e intuitivo nel tuo sito web Weebly senza sforzo.","application_category":[],"applications_title":"","applications_request_title":"","applications_request_button_text":"","hero_text":"","hero_video":"","hero_video_schema_markup":"","selling_points_title":"","selling_points_caption":"","selling_points":[],"selling_points_cta_text":"","features_title":"","features":"","ed_cta_examples_text":"","ed_cta_examples_hidden":"","ed_cta_demo_text":"","ed_cta_demo_hidden":"","why_caption":"","why_editor_title":"","why_editor_text":"","why_team_title":"","why_team_text":"","why_service_title":"","why_service_text":"","template_catalog_visible":"0","template_catalog_title":"","template_catalog_text":"","template_catalog_categories_visible":"","demo_title":"Crea la tua app Calendario eventi","demo_caption":"Configura il tuo calendario degli eventi e aggiungilo gratuitamente al tuo sito web Weebly!","default_faq_hidden":"","app_template_category":[],"platform":"45","template_public_id":"","codecanyon_url":"","codecanyon_item_id":"","codecanyon_price":"","pricing_caption":"","pricing_elfsight_apps_hide_column":"","pricing_elfsight_apps_url":"","pricing_codecanyon_price_caption":"","integration_category":[],"integration_request_title":"","integration_request_cta":"","integration_platform":"","integrations":[],"platform_category":[],"video_schema_markup":"","price":"da $ 0 al mese","trial":"","benefits":[{"text":"Assistenza per l'installazione gratuita"},{"text":"Assistenza clienti con esperienza"},{"text":"Garanzia di rimborso di 14 giorni"},{"text":"Miglioramenti regolari"}],"button_url":"#demo","button_target_blank":"0","button_nofollow":"0","attributes":[{"name":"Installazioni"},{"name":"Reattivo","content":"S\u00cc"},{"name":"Browser compatibili","content":"Edge, Firefox, Safari, Chrome, Opera"}],"tags":[],"tags_disable_links":"0","hide_more_platforms":"","video_object":"","demo_hide_cta":"0","demo_hide_cloud_options":"0","pricing_title":"","pricing":[{"pricing_icon":"platform","pricing_title":"Elfsight Apps","pricing_title_caption":"Software multipiattaforma che funziona su qualsiasi sito","pricing_price":"da $ 0 \/ mese","pricing_price_caption":"inizia con un piano gratuito","pricing_benefits":[{"text":"Siti web illimitati"},{"text":"Supporto 24 ore su 24, 7 giorni su 7 e ben documentato"},{"text":"Servizio di installazione gratuito"},{"text":"Progettazione flessibile"}],"pricing_button_text":"Aggiungi al sito web","pricing_button_url":"#demo"}],"related_apps_title":"","related_apps_hidden":"0","author":"","image":[],"title":"","job":"","social_networks":[]},"_links":{"self":[{"href":"https:\/\/elfsight.com\/it\/wp-json\/wp\/v2\/pages\/4290","targetHints":{"allow":["GET"]}}],"collection":[{"href":"https:\/\/elfsight.com\/it\/wp-json\/wp\/v2\/pages"}],"about":[{"href":"https:\/\/elfsight.com\/it\/wp-json\/wp\/v2\/types\/page"}],"author":[{"embeddable":true,"href":"https:\/\/elfsight.com\/it\/wp-json\/wp\/v2\/users\/9"}],"replies":[{"embeddable":true,"href":"https:\/\/elfsight.com\/it\/wp-json\/wp\/v2\/comments?post=4290"}],"version-history":[{"count":3,"href":"https:\/\/elfsight.com\/it\/wp-json\/wp\/v2\/pages\/4290\/revisions"}],"predecessor-version":[{"id":7511,"href":"https:\/\/elfsight.com\/it\/wp-json\/wp\/v2\/pages\/4290\/revisions\/7511"}],"up":[{"embeddable":true,"href":"https:\/\/elfsight.com\/it\/wp-json\/wp\/v2\/pages\/1545"}],"wp:attachment":[{"href":"https:\/\/elfsight.com\/it\/wp-json\/wp\/v2\/media?parent=4290"}],"curies":[{"name":"wp","href":"https:\/\/api.w.org\/{rel}","templated":true}]}}