{"id":4285,"date":"2024-05-03T06:34:57","date_gmt":"2024-05-03T06:34:57","guid":{"rendered":"https:\/\/elfsight.com\/it\/?page_id=4285"},"modified":"2025-12-18T17:24:04","modified_gmt":"2025-12-18T17:24:04","slug":"wix","status":"publish","type":"page","link":"https:\/\/elfsight.com\/it\/event-calendar-widget\/wix\/","title":{"rendered":"Event Calendar &#8211; Wix"},"content":{"rendered":"<div class=\"application-platform-content-item-description application-platform-content-item\" id=\"description\" data-nav-section=\"description\"> <h2>Incorpora il calendario degli eventi con il widget Elfsight<\/h2> <p>Elfsight Calendar \u00e8 una potente app che ti consente di condividere facilmente i tuoi eventi con il resto il mondo. Ha molte opportunit\u00e0 per mostrare le prossime attivit\u00e0 nel modo pi\u00f9 rappresentativo. Personalizzalo per combinare il design con l&#8217;estetica del tuo sito. Costruisci pi\u00f9 eventi, aggiungi tag, carica le tue foto e i tuoi video e mantieni il tuo pubblico informato sul tuo programma. Il widget del calendario ha tutto per aumentare il coinvolgimento degli utenti.<\/p><p><b>L&#8217;app Elfsight Events Calendar pu\u00f2 aiutarti a visualizzare facilmente i tuoi prossimi eventi e ad aumentare il tasso di coinvolgimento sul tuo sito web. Approfitta del widget del calendario e della sua capacit\u00e0 di gestire gli eventi.<\/b><\/p> <\/div><div class=\"application-platform-content-item-features application-platform-content-item\" id=\"features\" data-nav-section=\"features\"> <h2>Caratteristiche principali dell&#8217;app Calendario eventi<\/h2> <p>Il calendario widget \u00e8 dotato di tutto per servirti. Puoi incorporare e strutturare eventi nel calendario Wix grazie alle sue impostazioni flessibili. Ecco un elenco di tutte le caratteristiche funzionali di Wix Event Calendar. Sono disponibili direttamente nell&#8217;editor e ti aiuteranno a modellare il widget esattamente per il tuo caso. <\/p> <ul> <li>Utilizza opzioni di contenuto adattabili per adattare lo strumento al tuo tipo di attivit\u00e0. <\/li> <li>Consenti agli utenti di aggiungere eventi ai loro calendari di uso comune. <\/li> <li>Genera diversi tipi di eventi, specifica posizioni e aggiungi host. <\/li> <li>Categorizza tutti i tuoi eventi e assegna loro dei tag. <\/li> <li>Scegli tra quattro opzioni di layout. <\/li> <\/ul> <p><a href=\"#demo\">Controlla tutte le altre funzioni nella demo<\/a><\/p> <\/div><div class=\"application-platform-content-item-installation application-platform-content-item\" id=\"installation\" data-nav-section=\"installation\"> <h2> Come faccio ad aggiungere il calendario degli eventi a Wix?<\/h2> <div class=\"video-container\"><iframe width=\"720\" height=\"405\" src=\"https:\/\/www.youtube.com\/embed\/gXzGsQjsh9Y?si=Dl3uBIAVlqJaPn_B\" frameborder=\"0\" allowfullscreen=\"\"><\/iframe><\/div><p>Per incorporare il widget, basta seguire le istruzioni seguenti. <\/p> <ul> <li><b>Genera la tua app Eventi personalizzata<\/b><br> Gestendo il nostro configuratore gratuito, genera un widget con layout e caratteristiche funzionali selezionati. <\/li> <li><b>Ricevi il codice personale per configurare l&#8217;app<\/b><br> Dopo aver generato il tuo widget, otterrai il codice individuale dalla finestra visualizzata su Elfsight Apps. Copia questo codice per un uso successivo. <\/li> <li><b>Aggiungi il calendario al tuo sito web<\/b><br> Definisci il luogo in cui intendi rivelare il widget e inserisci l\u00ec il codice copiato. Salva i risultati. <\/li> <li><b>Congratulazioni! Hai appena configurato l&#8217;app!<\/b><br> Vai al sito web, per dare un&#8217;occhiata al tuo lavoro. <\/li> <\/ul> <p>Non esitate a contattare il servizio clienti quando avete bisogno di consigli o domande. Saremo lieti di aiutarvi con ogni richiesta. <\/p> <\/div><div class=\"faq\" data-component=\"FAQ\"><div class=\"faq-item\">\r\n\t\t\t\t\t<div class=\"faq-item-question\">\r\n\t\t\t\t\t\t<h3 class=\"faq-item-question-text\">Perch\u00e9 le aziende aggiungono il calendario degli eventi alle pagine Wix?<\/h3>\r\n\r\n\t\t\t\t\t\t<div class=\"faq-item-question-icon\"><\/div>\r\n\t\t\t\t\t<\/div>\r\n\r\n\t\t\t\t\t<div class=\"faq-item-answer\">\r\n\t\t\t\t\t\t<div class=\"faq-item-answer-text\"><p>Un calendario degli eventi interattivo per Wix genera consapevolezza su l&#8217;area di interesse della tua azienda nel modo migliore. Ancora pi\u00f9 importante, aumenta la visibilit\u00e0 della tua azienda man mano che crei pi\u00f9 eventi. Puoi visualizzare l&#8217;app del calendario degli eventi su tutte le pagine del tuo sito Wix o solo su quelle particolari.<\/p><p>Il calendario degli eventi sul tuo sito web ti consente anche di incorporare nuovi contenuti per il tuo sito, il che \u00e8 sempre un buon segno per la ricerca motori. Questi guardano sempre il tuo sito web e quando scoprono nuovi contenuti, classificano il tuo sito web come significativamente pi\u00f9 pertinente e possono aumentare le possibilit\u00e0 di mostrare il tuo sito web quando i tuoi potenziali clienti effettuano ricerche online. Oltre agli eventi, se scegli di aggiungere un calendario sul tuo sito web Wix, pu\u00f2 portare valore alla tua attivit\u00e0 agli occhi della tua clientela.<\/p> <p>Puoi utilizzare il calendario degli eventi per portare pi\u00f9 interazione tra i tuoi clienti Similmente ai post del blog, l&#8217;integrazione del calendario Wix pu\u00f2 aiutarti a interagire con la tua clientela consentendo loro di iscriversi ad alcuni eventi particolari e persino di essere in grado di consigliare altri eventi a cui potrebbero voler partecipare. Implementare una funzionalit\u00e0 di questo tipo per dimostrare eventi sul tuo sito Wix \u00e8 davvero facile da eseguire.<\/p> <\/div>\r\n\t\t\t\t\t<\/div>\r\n\t\t\t\t<\/div><\/div>","protected":false},"excerpt":{"rendered":"","protected":false},"author":9,"featured_media":0,"parent":1545,"menu_order":0,"comment_status":"closed","ping_status":"closed","template":"templates\/template-application-platform.php","meta":{"publish_to_discourse":"","publish_post_category":"","wpdc_auto_publish_overridden":"","wpdc_topic_tags":"","wpdc_pin_topic":"","wpdc_pin_until":"","discourse_post_id":"","discourse_permalink":"","wpdc_publishing_response":"","wpdc_publishing_error":"","footnotes":""},"class_list":["post-4285","page","type-page","status-publish","hentry"],"yoast_head":"<!-- This site is optimized with the Yoast SEO plugin v25.3.1 - https:\/\/yoast.com\/wordpress\/plugins\/seo\/ -->\n<title>Widget del calendario degli eventi Wix - Aggiungi il calendario degli eventi al sito web Wix [ 2026 ]<\/title>\n<meta name=\"description\" content=\"Con Elfsight, progetta il plug-in del tuo calendario degli eventi e aggiungilo rapidamente al tuo sito Web Wix. Offriamo assistenza clienti gratuita e altri bonus.\" \/>\n<meta name=\"robots\" content=\"index, follow, max-snippet:-1, max-image-preview:large, max-video-preview:-1\" \/>\n<link rel=\"canonical\" href=\"https:\/\/elfsight.com\/it\/event-calendar-widget\/wix\/\" \/>\n<meta property=\"og:locale\" content=\"it_IT\" \/>\n<meta property=\"og:type\" content=\"article\" \/>\n<meta property=\"og:title\" content=\"Widget del calendario degli eventi Wix - Aggiungi il calendario degli eventi al sito web Wix [ 2026 ]\" \/>\n<meta property=\"og:description\" content=\"Con Elfsight, progetta il plug-in del tuo calendario degli eventi e aggiungilo rapidamente al tuo sito Web Wix. Offriamo assistenza clienti gratuita e altri bonus.\" \/>\n<meta property=\"og:url\" content=\"https:\/\/elfsight.com\/it\/event-calendar-widget\/wix\/\" \/>\n<meta property=\"og:site_name\" content=\"Elfsight IT\" \/>\n<meta property=\"article:modified_time\" content=\"2025-12-18T17:24:04+00:00\" \/>\n<meta name=\"twitter:card\" content=\"summary_large_image\" \/>\n<meta name=\"twitter:label1\" content=\"Tempo di lettura stimato\" \/>\n\t<meta name=\"twitter:data1\" content=\"4 minuti\" \/>\n<!-- \/ Yoast SEO plugin. -->","yoast_head_json":{"title":"Widget del calendario degli eventi Wix - Aggiungi il calendario degli eventi al sito web Wix [ 2026 ]","description":"Con Elfsight, progetta il plug-in del tuo calendario degli eventi e aggiungilo rapidamente al tuo sito Web Wix. Offriamo assistenza clienti gratuita e altri bonus.","robots":{"index":"index","follow":"follow","max-snippet":"max-snippet:-1","max-image-preview":"max-image-preview:large","max-video-preview":"max-video-preview:-1"},"canonical":"https:\/\/elfsight.com\/it\/event-calendar-widget\/wix\/","og_locale":"it_IT","og_type":"article","og_title":"Widget del calendario degli eventi Wix - Aggiungi il calendario degli eventi al sito web Wix [ 2026 ]","og_description":"Con Elfsight, progetta il plug-in del tuo calendario degli eventi e aggiungilo rapidamente al tuo sito Web Wix. Offriamo assistenza clienti gratuita e altri bonus.","og_url":"https:\/\/elfsight.com\/it\/event-calendar-widget\/wix\/","og_site_name":"Elfsight IT","article_modified_time":"2025-12-18T17:24:04+00:00","twitter_card":"summary_large_image","twitter_misc":{"Tempo di lettura stimato":"4 minuti"},"schema":{"@context":"https:\/\/schema.org","@graph":[{"@type":"WebPage","@id":"https:\/\/elfsight.com\/it\/event-calendar-widget\/wix\/","url":"https:\/\/elfsight.com\/it\/event-calendar-widget\/wix\/","name":"Widget del calendario degli eventi Wix - Aggiungi il calendario degli eventi al sito web Wix [ 2026 ]","isPartOf":{"@id":"https:\/\/elfsight.com\/it\/#website"},"datePublished":"2024-05-03T06:34:57+00:00","dateModified":"2025-12-18T17:24:04+00:00","description":"Con Elfsight, progetta il plug-in del tuo calendario degli eventi e aggiungilo rapidamente al tuo sito Web Wix. Offriamo assistenza clienti gratuita e altri bonus.","breadcrumb":{"@id":"https:\/\/elfsight.com\/it\/event-calendar-widget\/wix\/#breadcrumb"},"inLanguage":"it-IT","potentialAction":[{"@type":"ReadAction","target":["https:\/\/elfsight.com\/it\/event-calendar-widget\/wix\/"]}]},{"@type":"BreadcrumbList","@id":"https:\/\/elfsight.com\/it\/event-calendar-widget\/wix\/#breadcrumb","itemListElement":[{"@type":"ListItem","position":1,"name":"Home","item":"https:\/\/elfsight.com\/it\/"},{"@type":"ListItem","position":2,"name":"Event Calendar","item":"https:\/\/elfsight.com\/it\/event-calendar-widget\/"},{"@type":"ListItem","position":3,"name":"Event Calendar &#8211; Wix"}]},{"@type":"WebSite","@id":"https:\/\/elfsight.com\/it\/#website","url":"https:\/\/elfsight.com\/it\/","name":"Elfsight IT","description":"Just another Elfsight Sites site","potentialAction":[{"@type":"SearchAction","target":{"@type":"EntryPoint","urlTemplate":"https:\/\/elfsight.com\/it\/?s={search_term_string}"},"query-input":{"@type":"PropertyValueSpecification","valueRequired":true,"valueName":"search_term_string"}}],"inLanguage":"it-IT"}]}},"meta_box":{"industry":"","seo_heading":"","heading":"","description":"","cta_heading":"","cta_description":"","application":"1544","h1":"App Calendario eventi Wix","h1_caption":"Gestisci e condividi eventi sul tuo sito web con un calendario degli eventi interattivo e intuitivo nel tuo sito web Wix senza sforzo.","application_category":[],"applications_title":"","applications_request_title":"","applications_request_button_text":"","hero_text":"","hero_video":"","hero_video_schema_markup":"","selling_points_title":"","selling_points_caption":"","selling_points":[],"selling_points_cta_text":"","features_title":"","features":"","ed_cta_examples_text":"","ed_cta_examples_hidden":"","ed_cta_demo_text":"","ed_cta_demo_hidden":"","why_caption":"","why_editor_title":"","why_editor_text":"","why_team_title":"","why_team_text":"","why_service_title":"","why_service_text":"","template_catalog_visible":"0","template_catalog_title":"","template_catalog_text":"","template_catalog_categories_visible":"","demo_title":"Crea la tua app Calendario eventi","demo_caption":"Configura il tuo calendario degli eventi e aggiungilo gratuitamente al tuo sito Wix!","default_faq_hidden":"","app_template_category":[],"platform":"29","template_public_id":"","codecanyon_url":"","codecanyon_item_id":"","codecanyon_price":"","pricing_caption":"","pricing_elfsight_apps_hide_column":"","pricing_elfsight_apps_url":"","pricing_codecanyon_price_caption":"","integration_category":[],"integration_request_title":"","integration_request_cta":"","integration_platform":"","integrations":[],"platform_category":[],"video_schema_markup":"","price":"da $ 0 al mese","trial":"","benefits":[{"text":"Aiuto gratuito per l'installazione"},{"text":"Servizio clienti competente"},{"text":"Garanzia di rimborso di 14 giorni"},{"text":"Futuri miglioramenti gratuiti"}],"button_url":"#demo","button_target_blank":"0","button_nofollow":"0","attributes":[{"name":"Installazioni"},{"name":"Reattivo","content":"S\u00cc"},{"name":"Browser compatibili","content":"Firefox, Safari, Opera, Chrome, Edge"}],"tags":[],"tags_disable_links":"0","hide_more_platforms":"0","video_object":"","demo_hide_cta":"0","demo_hide_cloud_options":"0","pricing_title":"","pricing":[{"pricing_icon":"platform","pricing_title":"Elfsight Apps","pricing_title_caption":"Soluzione digitale multipiattaforma che funziona su qualsiasi sito","pricing_price":"da $ 0 \/ mese","pricing_price_caption":"inizia con il piano gratuito","pricing_benefits":[{"text":"Numero illimitato di domini"},{"text":"Supporto professionale"},{"text":"Servizio di installazione gratuito"},{"text":"100% personalizzabile"}],"pricing_button_text":"Aggiungi al sito web","pricing_button_url":"#demo"}],"related_apps_title":"","related_apps_hidden":"0","author":"","image":[],"title":"","job":"","social_networks":[]},"_links":{"self":[{"href":"https:\/\/elfsight.com\/it\/wp-json\/wp\/v2\/pages\/4285","targetHints":{"allow":["GET"]}}],"collection":[{"href":"https:\/\/elfsight.com\/it\/wp-json\/wp\/v2\/pages"}],"about":[{"href":"https:\/\/elfsight.com\/it\/wp-json\/wp\/v2\/types\/page"}],"author":[{"embeddable":true,"href":"https:\/\/elfsight.com\/it\/wp-json\/wp\/v2\/users\/9"}],"replies":[{"embeddable":true,"href":"https:\/\/elfsight.com\/it\/wp-json\/wp\/v2\/comments?post=4285"}],"version-history":[{"count":4,"href":"https:\/\/elfsight.com\/it\/wp-json\/wp\/v2\/pages\/4285\/revisions"}],"predecessor-version":[{"id":10569,"href":"https:\/\/elfsight.com\/it\/wp-json\/wp\/v2\/pages\/4285\/revisions\/10569"}],"up":[{"embeddable":true,"href":"https:\/\/elfsight.com\/it\/wp-json\/wp\/v2\/pages\/1545"}],"wp:attachment":[{"href":"https:\/\/elfsight.com\/it\/wp-json\/wp\/v2\/media?parent=4285"}],"curies":[{"name":"wp","href":"https:\/\/api.w.org\/{rel}","templated":true}]}}