{"id":4284,"date":"2024-05-03T06:34:56","date_gmt":"2024-05-03T06:34:56","guid":{"rendered":"https:\/\/elfsight.com\/it\/?page_id=4284"},"modified":"2025-12-19T10:45:11","modified_gmt":"2025-12-19T10:45:11","slug":"wordpress","status":"publish","type":"page","link":"https:\/\/elfsight.com\/it\/event-calendar-widget\/wordpress\/","title":{"rendered":"Event Calendar &#8211; WordPress"},"content":{"rendered":"\n<div class=\"application-platform-content-item-description application-platform-content-item\" id=\"description\" data-nav-section=\"description\">\n<h2>Incorpora il calendario degli eventi con il widget Elfsight<\/h2>\n<p>Il plugin Calendario \u00e8 uno strumento straordinario che ti consente di condividere facilmente i tuoi eventi con resto del mondo. Ha molte opportunit\u00e0 per mostrare i prossimi eventi nel modo pi\u00f9 maestoso. Personalizzalo per combinare il design con l&#8217;estetica della tua pagina. Crea un numero multiplo di eventi, aggiungi pi\u00f9 tag, carica le tue foto e i tuoi video e mantieni aggiornati i visitatori sulla tua agenda. Tutto nel plug-in del calendario \u00e8 realizzato per soddisfare le reali esigenze del mercato e migliorare l&#8217;esperienza del pubblico.<\/p>\n<p><b>Il plug-in del calendario degli eventi pu\u00f2 aiutarti a promuovere comodamente le tue prossime attivit\u00e0 e a migliorare il livello di coinvolgimento sul tuo sito. <\/b><\/p>\n<\/div>\n\n<div class=\"application-platform-content-item-features application-platform-content-item\" id=\"features\" data-nav-section=\"features\">\n<h2>Caratteristiche principali del widget calendario eventi<\/h2>\n<p>Il nostro calendario non \u00e8 solo una soluzione senza codice per i siti web. Il plug-in del calendario WordPress di Elfsight ti offre funzionalit\u00e0 che le aziende amano vedere. Le funzionalit\u00e0 sono progettate in modo da rendere il plug-in dell&#8217;evento facile da usare e coinvolgente. Scopri tutte le funzioni del miglior plugin per calendario WordPress. Puoi impostarli direttamente nell&#8217;editor e ti aiuteranno a creare il widget esattamente per il tuo caso.<\/p>\n<ul>\n  <li>Utilizza opzioni di contenuto praticabili per comprendere il widget per il tuo tipo di attivit\u00e0.<\/li>\n  <li>Consenti agli utenti di aggiungere eventi alle app di uso comune.<\/li>\n  <li>Avvia diversi tipi di eventi, contrassegna le posizioni e aggiungi host.<\/li>\n  <li>Categorizza tutti i tuoi eventi e assegna loro dei tag.<\/li>\n  <li>Discrimina tra 4 varianti di layout.<\/li>\n<\/ul>\n<p><a href=\"#demo\">Controlla come funzionano tutte le funzionalit\u00e0, nella nostra demo<\/a><\/p>\n<\/div>\n\n<div class=\"application-platform-content-item-installation application-platform-content-item\" id=\"installation\" data-nav-section=\"installation\">\n<h2>Come aggiungere il plug-in del calendario degli eventi a WordPress?<\/h2>\n<div class=\"video-container\"><iframe allowfullscreen=\"\" frameborder=\"0\" height=\"405\" src=\"https:\/\/www.youtube.com\/embed\/AvWtgopDAT8?si=9RhwkydrS9tce42U\" width=\"720\"><\/iframe><\/div>\n<p>Il calendario non \u00e8 solo facile da gestire, ma pu\u00f2 anche essere rapidamente integrato nel sito web. Non sono necessarie competenze speciali per <a href=\"https:\/\/elfsight.com\/blog\/embed-calendar-to-wordpress\/\" target=\"_blank\" rel=\"noopener\">aggiungere il nostro plug-in del calendario WordPress<\/a>. Per iniziare a utilizzare il widget del calendario, segui semplicemente questi rapidi passaggi:<\/p>\n<ol>\n  <li><b>Lancia il nostro editor gratuito e inizia a creare il tuo plugin. <\/b><br>Scegli la disposizione e gli aspetti preferibili del plugin e salva tutte le correzioni.<\/li>\n  <li><b>Copia il codice personale dimostrato nell&#8217;apposito modulo su Elfsight Apps. <\/b><br>Una volta completata la creazione del plug-in, copia il codice dal popup visualizzato e salvalo per un utilizzo successivo.<\/li>\n  <li><b>Inizia a utilizzare il plug-in sulla pagina Web WordPress. <\/b><br>Aggiungi il codice salvato in precedenza nel tuo sito web e applica i miglioramenti.<\/li>\n  <li><b>La configurazione \u00e8 completamente terminata. <\/b><br>Visita la tua pagina web per vedere le prestazioni del plugin.<\/li>\n<\/ol>\n<p>Prenditi un minuto per metterti in contatto con il nostro servizio clienti se hai bisogno di assistenza o hai domande su <a href=\"https:\/\/elfsight.com\/blog\/how-to-add-event-calendar-to-wordpress-without-plugin\/\" target=\"_blank\" rel=\"noopener\">aggiungere il calendario degli eventi a WordPress<\/a>. I nostri specialisti saranno felici di aiutarvi con ogni richiesta riguardante il plugin per eventi di Elfsight. Inoltre, possiamo consigliarti su come utilizzare meglio l&#8217;ampia raccolta di utili soluzioni di siti Web.<\/p>\n<\/div>\n\n<div class=\"faq\" data-component=\"FAQ\">\n<div class=\"faq-item\">\r\n\t\t\t\t\t<div class=\"faq-item-question\">\r\n\t\t\t\t\t\t<h3 class=\"faq-item-question-text\">I modi migliori per utilizzare Online Integrazione del calendario<\/h3>\r\n\r\n\t\t\t\t\t\t<div class=\"faq-item-question-icon\"><\/div>\r\n\t\t\t\t\t<\/div>\r\n\r\n\t\t\t\t\t<div class=\"faq-item-answer\">\r\n\t\t\t\t\t\t<div class=\"faq-item-answer-text\">\n<p>Offriamo un&#8217;ampia gamma di opportunit\u00e0 di personalizzazione: widget a tutta lunghezza da implementare nell&#8217;area dei contenuti, widget mobili per la funzionalit\u00e0 di scorrimento, miniature per il pi\u00e8 di pagina, sezione principale e tutte le varianti delle possibilit\u00e0 verticali per barre laterali e menu.<\/p>\n<\/div>\r\n\t\t\t\t\t<\/div>\r\n\t\t\t\t<\/div>\n\n<div class=\"faq-item\">\r\n\t\t\t\t\t<div class=\"faq-item-question\">\r\n\t\t\t\t\t\t<h3 class=\"faq-item-question-text\">Come posso creare un calendario degli eventi di un museo o di una citt\u00e0 con l'aiuto del tuo editor?<\/h3>\r\n\r\n\t\t\t\t\t\t<div class=\"faq-item-question-icon\"><\/div>\r\n\t\t\t\t\t<\/div>\r\n\r\n\t\t\t\t\t<div class=\"faq-item-answer\">\r\n\t\t\t\t\t\t<div class=\"faq-item-answer-text\">\n<p>Sei libero di modellare qualsiasi variazione del widget. Esistono numerosi layout applicabili nell&#8217;editor e tutti possono essere rapidamente personalizzati nel modo desiderato.<\/p>\n<\/div>\r\n\t\t\t\t\t<\/div>\r\n\t\t\t\t<\/div>\n<\/div>\n","protected":false},"excerpt":{"rendered":"","protected":false},"author":9,"featured_media":0,"parent":1545,"menu_order":0,"comment_status":"closed","ping_status":"closed","template":"templates\/template-application-platform.php","meta":{"publish_to_discourse":"","publish_post_category":"","wpdc_auto_publish_overridden":"","wpdc_topic_tags":"","wpdc_pin_topic":"","wpdc_pin_until":"","discourse_post_id":"","discourse_permalink":"","wpdc_publishing_response":"","wpdc_publishing_error":"","footnotes":""},"class_list":["post-4284","page","type-page","status-publish","hentry"],"yoast_head":"<!-- This site is optimized with the Yoast SEO plugin v25.3.1 - https:\/\/yoast.com\/wordpress\/plugins\/seo\/ -->\n<title>Widget del calendario degli eventi di Wordpress - Aggiungi il calendario degli eventi a Wordpress [ 2026 ]<\/title>\n<meta name=\"description\" content=\"Con Elfsight, progetta il tuo plug-in del calendario degli eventi e aggiungilo al tuo sito Web WordPress. Offriamo assistenza clienti gratuita e altri bonus.\" \/>\n<meta name=\"robots\" content=\"index, follow, max-snippet:-1, max-image-preview:large, max-video-preview:-1\" \/>\n<link rel=\"canonical\" href=\"https:\/\/elfsight.com\/it\/event-calendar-widget\/wordpress\/\" \/>\n<meta property=\"og:locale\" content=\"it_IT\" \/>\n<meta property=\"og:type\" content=\"article\" \/>\n<meta property=\"og:title\" content=\"Widget del calendario degli eventi di Wordpress - Aggiungi il calendario degli eventi a Wordpress [ 2026 ]\" \/>\n<meta property=\"og:description\" content=\"Con Elfsight, progetta il tuo plug-in del calendario degli eventi e aggiungilo al tuo sito Web WordPress. Offriamo assistenza clienti gratuita e altri bonus.\" \/>\n<meta property=\"og:url\" content=\"https:\/\/elfsight.com\/it\/event-calendar-widget\/wordpress\/\" \/>\n<meta property=\"og:site_name\" content=\"Elfsight IT\" \/>\n<meta property=\"article:modified_time\" content=\"2025-12-19T10:45:11+00:00\" \/>\n<meta name=\"twitter:card\" content=\"summary_large_image\" \/>\n<meta name=\"twitter:label1\" content=\"Tempo di lettura stimato\" \/>\n\t<meta name=\"twitter:data1\" content=\"4 minuti\" \/>\n<!-- \/ Yoast SEO plugin. -->","yoast_head_json":{"title":"Widget del calendario degli eventi di Wordpress - Aggiungi il calendario degli eventi a Wordpress [ 2026 ]","description":"Con Elfsight, progetta il tuo plug-in del calendario degli eventi e aggiungilo al tuo sito Web WordPress. Offriamo assistenza clienti gratuita e altri bonus.","robots":{"index":"index","follow":"follow","max-snippet":"max-snippet:-1","max-image-preview":"max-image-preview:large","max-video-preview":"max-video-preview:-1"},"canonical":"https:\/\/elfsight.com\/it\/event-calendar-widget\/wordpress\/","og_locale":"it_IT","og_type":"article","og_title":"Widget del calendario degli eventi di Wordpress - Aggiungi il calendario degli eventi a Wordpress [ 2026 ]","og_description":"Con Elfsight, progetta il tuo plug-in del calendario degli eventi e aggiungilo al tuo sito Web WordPress. Offriamo assistenza clienti gratuita e altri bonus.","og_url":"https:\/\/elfsight.com\/it\/event-calendar-widget\/wordpress\/","og_site_name":"Elfsight IT","article_modified_time":"2025-12-19T10:45:11+00:00","twitter_card":"summary_large_image","twitter_misc":{"Tempo di lettura stimato":"4 minuti"},"schema":{"@context":"https:\/\/schema.org","@graph":[{"@type":"WebPage","@id":"https:\/\/elfsight.com\/it\/event-calendar-widget\/wordpress\/","url":"https:\/\/elfsight.com\/it\/event-calendar-widget\/wordpress\/","name":"Widget del calendario degli eventi di Wordpress - Aggiungi il calendario degli eventi a Wordpress [ 2026 ]","isPartOf":{"@id":"https:\/\/elfsight.com\/it\/#website"},"datePublished":"2024-05-03T06:34:56+00:00","dateModified":"2025-12-19T10:45:11+00:00","description":"Con Elfsight, progetta il tuo plug-in del calendario degli eventi e aggiungilo al tuo sito Web WordPress. Offriamo assistenza clienti gratuita e altri bonus.","breadcrumb":{"@id":"https:\/\/elfsight.com\/it\/event-calendar-widget\/wordpress\/#breadcrumb"},"inLanguage":"it-IT","potentialAction":[{"@type":"ReadAction","target":["https:\/\/elfsight.com\/it\/event-calendar-widget\/wordpress\/"]}]},{"@type":"BreadcrumbList","@id":"https:\/\/elfsight.com\/it\/event-calendar-widget\/wordpress\/#breadcrumb","itemListElement":[{"@type":"ListItem","position":1,"name":"Home","item":"https:\/\/elfsight.com\/it\/"},{"@type":"ListItem","position":2,"name":"Event Calendar","item":"https:\/\/elfsight.com\/it\/event-calendar-widget\/"},{"@type":"ListItem","position":3,"name":"Event Calendar &#8211; WordPress"}]},{"@type":"WebSite","@id":"https:\/\/elfsight.com\/it\/#website","url":"https:\/\/elfsight.com\/it\/","name":"Elfsight IT","description":"Just another Elfsight Sites site","potentialAction":[{"@type":"SearchAction","target":{"@type":"EntryPoint","urlTemplate":"https:\/\/elfsight.com\/it\/?s={search_term_string}"},"query-input":{"@type":"PropertyValueSpecification","valueRequired":true,"valueName":"search_term_string"}}],"inLanguage":"it-IT"}]}},"meta_box":{"industry":"","seo_heading":"","heading":"","description":"","cta_heading":"","cta_description":"","application":"1544","h1":"Plug-in per il calendario degli eventi di WordPress","h1_caption":"Gestisci e condividi eventi sul tuo sito web con un calendario degli eventi interattivo e intuitivo nel tuo sito web WordPress senza sforzo.","application_category":[],"applications_title":"","applications_request_title":"","applications_request_button_text":"","hero_text":"","hero_video":"","hero_video_schema_markup":"","selling_points_title":"","selling_points_caption":"","selling_points":[],"selling_points_cta_text":"","features_title":"","features":"","ed_cta_examples_text":"","ed_cta_examples_hidden":"","ed_cta_demo_text":"","ed_cta_demo_hidden":"","why_caption":"","why_editor_title":"","why_editor_text":"","why_team_title":"","why_team_text":"","why_service_title":"","why_service_text":"","template_catalog_visible":"0","template_catalog_title":"","template_catalog_text":"","template_catalog_categories_visible":"","demo_title":"Crea il tuo plugin per il calendario degli eventi","demo_caption":"Configura il tuo calendario degli eventi e aggiungilo gratuitamente al tuo sito Web WordPress!","default_faq_hidden":"","app_template_category":[],"platform":"28","template_public_id":"","codecanyon_url":"","codecanyon_item_id":"","codecanyon_price":"","pricing_caption":"","pricing_elfsight_apps_hide_column":"","pricing_elfsight_apps_url":"","pricing_codecanyon_price_caption":"","integration_category":[],"integration_request_title":"","integration_request_cta":"","integration_platform":"","integrations":[],"platform_category":[],"video_schema_markup":"","price":"da $ 0 al mese","trial":"","benefits":[{"text":"Servizio di installazione gratuito"},{"text":"Assistenza clienti professionale"},{"text":"Garanzia di rimborso di 14 giorni"},{"text":"Aggiornamento costante"}],"button_url":"#demo","button_target_blank":"0","button_nofollow":"0","attributes":[{"name":"Installazioni"},{"name":"Reattivo","content":"S\u00cc"},{"name":"Browser compatibili","content":"Firefox, Safari, Opera, Chrome, Edge"}],"tags":[],"tags_disable_links":"0","hide_more_platforms":"0","video_object":"","demo_hide_cta":"0","demo_hide_cloud_options":"0","pricing_title":"","pricing":[{"pricing_icon":"platform","pricing_title":"Elfsight Apps","pricing_title_caption":"Versione indipendente dalla piattaforma che funziona su qualsiasi sito web","pricing_price":"da $ 0 \/ mese","pricing_price_caption":"inizia con il piano gratuito","pricing_benefits":[{"text":"Domini illimitati"},{"text":"Assistenza clienti 24 ore su 24, 7 giorni su 7"},{"text":"Aiuto per l'installazione gratuito"},{"text":"Offerta a tempo limitato per pi\u00f9 app"}],"pricing_button_text":"Aggiungi al sito web","pricing_button_url":"#demo"}],"related_apps_title":"","related_apps_hidden":"0","author":"","image":[],"title":"","job":"","social_networks":[]},"_links":{"self":[{"href":"https:\/\/elfsight.com\/it\/wp-json\/wp\/v2\/pages\/4284","targetHints":{"allow":["GET"]}}],"collection":[{"href":"https:\/\/elfsight.com\/it\/wp-json\/wp\/v2\/pages"}],"about":[{"href":"https:\/\/elfsight.com\/it\/wp-json\/wp\/v2\/types\/page"}],"author":[{"embeddable":true,"href":"https:\/\/elfsight.com\/it\/wp-json\/wp\/v2\/users\/9"}],"replies":[{"embeddable":true,"href":"https:\/\/elfsight.com\/it\/wp-json\/wp\/v2\/comments?post=4284"}],"version-history":[{"count":5,"href":"https:\/\/elfsight.com\/it\/wp-json\/wp\/v2\/pages\/4284\/revisions"}],"predecessor-version":[{"id":10571,"href":"https:\/\/elfsight.com\/it\/wp-json\/wp\/v2\/pages\/4284\/revisions\/10571"}],"up":[{"embeddable":true,"href":"https:\/\/elfsight.com\/it\/wp-json\/wp\/v2\/pages\/1545"}],"wp:attachment":[{"href":"https:\/\/elfsight.com\/it\/wp-json\/wp\/v2\/media?parent=4284"}],"curies":[{"name":"wp","href":"https:\/\/api.w.org\/{rel}","templated":true}]}}