{"id":4283,"date":"2024-05-03T06:34:55","date_gmt":"2024-05-03T06:34:55","guid":{"rendered":"https:\/\/elfsight.com\/it\/?page_id=4283"},"modified":"2025-03-13T11:15:06","modified_gmt":"2025-03-13T11:15:06","slug":"woocommerce","status":"publish","type":"page","link":"https:\/\/elfsight.com\/it\/event-calendar-widget\/woocommerce\/","title":{"rendered":"Event Calendar &#8211; WooCommerce"},"content":{"rendered":"\n<div class=\"application-platform-content-item-description application-platform-content-item\" id=\"description\" data-nav-section=\"description\"><h2>Incorpora il calendario degli eventi con il widget Elfsight<\/h2><p>Il calendario degli eventi Elfsight per WooCommerce \u00e8 uno straordinario plugin che ti consente di condividere facilmente i tuoi eventi con i tuoi visitatori. Ha molte opzioni per dimostrare le prossime attivit\u00e0 nel modo pi\u00f9 maestoso. Personalizzalo per unire il design con lo stile del tuo sito. Crea un numero illimitato di eventi, aggiungi pi\u00f9 tag, carica le tue immagini e i tuoi video e mantieni i visitatori aggiornati sui tuoi progetti. <\/p> <p><b>Il calendario degli eventi Elfsight pu\u00f2 aiutarti ad annunciare in modo intelligente i tuoi prossimi eventi e ad aumentare il livello di coinvolgimento sulla tua pagina web. <\/b><\/p> <\/div> <div class=\"application-platform-content-item-features application-platform-content-item\" id=\"features\" data-nav-section=\"features\"><h2>Caratteristiche principali del plug-in del calendario degli eventi<\/h2><ul> <li>Utilizza le opportunit\u00e0 di contenuto praticabile per comprendere lo strumento adatto al tuo tipo di eventi. <\/li> <li>Aiuta gli utenti ad aggiungere eventi ai loro calendari preferiti. <\/li> <li>Genera vari tipi di eventi, specifica posizioni e aggiungi host. <\/li> <li>Classifica tutti i tuoi eventi e assegna loro dei tag. <\/li> <li>Scegli tra 4 opzioni di layout. <\/li> <\/ul> <p><a href=\"#demo\">Prova questa demo per vedere quanto vale il widget<\/a><\/p><\/div><div class=\"application-platform-content-item-installation application-platform-content-item\" id=\"installation\" data-nav-section=\"installation\"> <h2>Come incorporare il calendario degli eventi nel mio sito web WooCommerce?<\/h2><p>Segui semplicemente i passaggi indicati di seguito per integrare lo strumento.<\/p><ol><li><b>Utilizzando il nostro editor gratuito inizia a costruire il tuo strumento personalizzato.<\/b><br>Trova l&#8217;aspetto e i parametri adatti del plugin e applica le modifiche.<\/li><li><b>Acquisisci il tuo codice individuale rivelato nel modulo speciale su Elfsight Apps.<\/b><br>Una volta terminata la generazione del plug-in, copia il codice personale dal popup emerso e conservalo per necessit\u00e0 future.<\/li><li><b>Avvia l&#8217;utilizzo dello strumento sul sito Web WooCommerce.<\/b><br>Inserisci il codice copiato di recente nella tua pagina e salva le correzioni.<\/li><li><b>L&#8217;installazione \u00e8 terminata con successo.<\/b><br>Visita il tuo sito web per vedere in azione come sta il strumento in esecuzione.<\/li><\/ol><p>A condizione di avere domande o di affrontare alcuni ostacoli, sentiti libero di rivolgerti al nostro personale del servizio clienti. I nostri consulenti sono ansiosi di risolvere tutte le difficolt\u00e0 che potresti avere con il prodotto.<\/p><\/div><div class=\"faq\" data-component=\"FAQ\"><div class=\"faq-item\">\r\n\t\t\t\t\t<div class=\"faq-item-question\">\r\n\t\t\t\t\t\t<h3 class=\"faq-item-question-text\">In che modo posso aggiungere un calendario degli eventi al mio WooCommerce? <\/h3>\r\n\r\n\t\t\t\t\t\t<div class=\"faq-item-question-icon\"><\/div>\r\n\t\t\t\t\t<\/div>\r\n\r\n\t\t\t\t\t<div class=\"faq-item-answer\">\r\n\t\t\t\t\t\t<div class=\"faq-item-answer-text\"><p>La creazione dello strumento avviene all&#8217;interno del servizio Elfsight e non \u00e8 necessaria alcuna codifica. Utilizza la nostra demo live per personalizzare la tua app personale, acquisire il codice e implementarlo nel tuo sito web. <\/p><\/div>\r\n\t\t\t\t\t<\/div>\r\n\t\t\t\t<\/div><div class=\"faq-item\">\r\n\t\t\t\t\t<div class=\"faq-item-question\">\r\n\t\t\t\t\t\t<h3 class=\"faq-item-question-text\">I migliori esempi di utilizzo dell'integrazione dei widget del calendario<\/h3>\r\n\r\n\t\t\t\t\t\t<div class=\"faq-item-question-icon\"><\/div>\r\n\t\t\t\t\t<\/div>\r\n\r\n\t\t\t\t\t<div class=\"faq-item-answer\">\r\n\t\t\t\t\t\t<div class=\"faq-item-answer-text\"><p>Abbiamo un&#8217;ampia gamma di possibilit\u00e0 di regolazione: widget a grandezza naturale da inserire nella sezione dei contenuti , widget mobili con opportunit\u00e0 di scorrimento, layout per pi\u00e8 di pagina, intestazione e tutti i tipi di possibilit\u00e0 verticali per barre laterali e menu. <\/p><\/div>\r\n\t\t\t\t\t<\/div>\r\n\t\t\t\t<\/div><div class=\"faq-item\">\r\n\t\t\t\t\t<div class=\"faq-item-question\">\r\n\t\t\t\t\t\t<h3 class=\"faq-item-question-text\">Come posso creare un calendario degli eventi di un hotel o di un club tramite l'agenzia dell'editore? <\/h3>\r\n\r\n\t\t\t\t\t\t<div class=\"faq-item-question-icon\"><\/div>\r\n\t\t\t\t\t<\/div>\r\n\r\n\t\t\t\t\t<div class=\"faq-item-answer\">\r\n\t\t\t\t\t\t<div class=\"faq-item-answer-text\"><p>Puoi creare qualsiasi variante del widget. Ci sono molti layout disponibili nell&#8217;editor e tutti possono essere facilmente modificati nel modo desiderato. <\/p><\/div>\r\n\t\t\t\t\t<\/div>\r\n\t\t\t\t<\/div><div class=\"faq-item\">\r\n\t\t\t\t\t<div class=\"faq-item-question\">\r\n\t\t\t\t\t\t<h3 class=\"faq-item-question-text\">Esiste un'opzione per aggiungere il calendario degli eventi al mio sito WooCommerce senza competenze di codifica?<\/h3>\r\n\r\n\t\t\t\t\t\t<div class=\"faq-item-question-icon\"><\/div>\r\n\t\t\t\t\t<\/div>\r\n\r\n\t\t\t\t\t<div class=\"faq-item-answer\">\r\n\t\t\t\t\t\t<div class=\"faq-item-answer-text\"><p>La societ\u00e0 Elfsight fornisce una soluzione cloud che consente ai proprietari dei siti genera tu stesso un&#8217;app Calendario eventi, scopri la guida semplice: <\/p><ul><li>Lavora direttamente nell&#8217;editor live per generare un plug-in Calendario eventi che vorresti vedere sul tuo sito WooCommerce.<\/li><li>Scegli uno dei nostri modelli predefiniti e modifica le impostazioni del Calendario degli eventi, modifica il layout e il colore degli elementi, aggiorna i tuoi contenuti senza conoscenze di programmazione.<\/li><li>Salva le impostazioni che hai effettuato nel Calendario degli eventi e ottieni il suo codice per l&#8217;incorporamento, che puoi semplicemente incollare gratuitamente in qualsiasi pagina web %platform%. <\/li><\/ul><p>Utilizzando l&#8217;intuitivo Configuratore qualsiasi utente web pu\u00f2 generare il plug-in del calendario degli eventi e aggiungerlo semplicemente al proprio sito web WooCommerce. Non dovresti ottenere un piano a pagamento o inserire le credenziali della tua carta per accedere a Elfsight Editor. Se riscontri problemi di qualsiasi tipo, non esitare a contattare il nostro supporto tecnico clienti.<\/p><\/div>\r\n\t\t\t\t\t<\/div>\r\n\t\t\t\t<\/div><\/div>\n","protected":false},"excerpt":{"rendered":"","protected":false},"author":9,"featured_media":0,"parent":1545,"menu_order":0,"comment_status":"closed","ping_status":"closed","template":"templates\/template-application-platform.php","meta":{"publish_to_discourse":"","publish_post_category":"","wpdc_auto_publish_overridden":"","wpdc_topic_tags":"","wpdc_pin_topic":"","wpdc_pin_until":"","discourse_post_id":"","discourse_permalink":"","wpdc_publishing_response":"","wpdc_publishing_error":"","footnotes":""},"class_list":["post-4283","page","type-page","status-publish","hentry"],"yoast_head":"<!-- This site is optimized with the Yoast SEO plugin v25.3.1 - https:\/\/yoast.com\/wordpress\/plugins\/seo\/ -->\n<title>Calendario eventi: aggiungi il widget Calendario al sito Web WooCommerce [2025]<\/title>\n<meta name=\"description\" content=\"Puoi personalizzare il plugin personalizzato del calendario degli eventi nell&#039;editor e aggiungerlo al tuo sito web WooCommerce direttamente attraverso la demo.\" \/>\n<meta name=\"robots\" content=\"index, follow, max-snippet:-1, max-image-preview:large, max-video-preview:-1\" \/>\n<link rel=\"canonical\" href=\"https:\/\/elfsight.com\/it\/event-calendar-widget\/woocommerce\/\" \/>\n<meta property=\"og:locale\" content=\"it_IT\" \/>\n<meta property=\"og:type\" content=\"article\" \/>\n<meta property=\"og:title\" content=\"Calendario eventi: aggiungi il widget Calendario al sito Web WooCommerce [2025]\" \/>\n<meta property=\"og:description\" content=\"Puoi personalizzare il plugin personalizzato del calendario degli eventi nell&#039;editor e aggiungerlo al tuo sito web WooCommerce direttamente attraverso la demo.\" \/>\n<meta property=\"og:url\" content=\"https:\/\/elfsight.com\/it\/event-calendar-widget\/woocommerce\/\" \/>\n<meta property=\"og:site_name\" content=\"Elfsight IT\" \/>\n<meta property=\"article:modified_time\" content=\"2025-03-13T11:15:06+00:00\" \/>\n<meta name=\"twitter:card\" content=\"summary_large_image\" \/>\n<meta name=\"twitter:label1\" content=\"Tempo di lettura stimato\" \/>\n\t<meta name=\"twitter:data1\" content=\"4 minuti\" \/>\n<!-- \/ Yoast SEO plugin. -->","yoast_head_json":{"title":"Calendario eventi: aggiungi il widget Calendario al sito Web WooCommerce [2025]","description":"Puoi personalizzare il plugin personalizzato del calendario degli eventi nell'editor e aggiungerlo al tuo sito web WooCommerce direttamente attraverso la demo.","robots":{"index":"index","follow":"follow","max-snippet":"max-snippet:-1","max-image-preview":"max-image-preview:large","max-video-preview":"max-video-preview:-1"},"canonical":"https:\/\/elfsight.com\/it\/event-calendar-widget\/woocommerce\/","og_locale":"it_IT","og_type":"article","og_title":"Calendario eventi: aggiungi il widget Calendario al sito Web WooCommerce [2025]","og_description":"Puoi personalizzare il plugin personalizzato del calendario degli eventi nell'editor e aggiungerlo al tuo sito web WooCommerce direttamente attraverso la demo.","og_url":"https:\/\/elfsight.com\/it\/event-calendar-widget\/woocommerce\/","og_site_name":"Elfsight IT","article_modified_time":"2025-03-13T11:15:06+00:00","twitter_card":"summary_large_image","twitter_misc":{"Tempo di lettura stimato":"4 minuti"},"schema":{"@context":"https:\/\/schema.org","@graph":[{"@type":"WebPage","@id":"https:\/\/elfsight.com\/it\/event-calendar-widget\/woocommerce\/","url":"https:\/\/elfsight.com\/it\/event-calendar-widget\/woocommerce\/","name":"Calendario eventi: aggiungi il widget Calendario al sito Web WooCommerce [2025]","isPartOf":{"@id":"https:\/\/elfsight.com\/it\/#website"},"datePublished":"2024-05-03T06:34:55+00:00","dateModified":"2025-03-13T11:15:06+00:00","description":"Puoi personalizzare il plugin personalizzato del calendario degli eventi nell'editor e aggiungerlo al tuo sito web WooCommerce direttamente attraverso la demo.","breadcrumb":{"@id":"https:\/\/elfsight.com\/it\/event-calendar-widget\/woocommerce\/#breadcrumb"},"inLanguage":"it-IT","potentialAction":[{"@type":"ReadAction","target":["https:\/\/elfsight.com\/it\/event-calendar-widget\/woocommerce\/"]}]},{"@type":"BreadcrumbList","@id":"https:\/\/elfsight.com\/it\/event-calendar-widget\/woocommerce\/#breadcrumb","itemListElement":[{"@type":"ListItem","position":1,"name":"Home","item":"https:\/\/elfsight.com\/it\/"},{"@type":"ListItem","position":2,"name":"Event Calendar","item":"https:\/\/elfsight.com\/it\/event-calendar-widget\/"},{"@type":"ListItem","position":3,"name":"Event Calendar &#8211; WooCommerce"}]},{"@type":"WebSite","@id":"https:\/\/elfsight.com\/it\/#website","url":"https:\/\/elfsight.com\/it\/","name":"Elfsight IT","description":"Just another Elfsight Sites site","potentialAction":[{"@type":"SearchAction","target":{"@type":"EntryPoint","urlTemplate":"https:\/\/elfsight.com\/it\/?s={search_term_string}"},"query-input":{"@type":"PropertyValueSpecification","valueRequired":true,"valueName":"search_term_string"}}],"inLanguage":"it-IT"}]}},"meta_box":{"industry":"","seo_heading":"","heading":"","description":"","cta_heading":"","cta_description":"","application":"1544","h1":"Plug-in del calendario degli eventi WooCommerce","h1_caption":"Gestisci e condividi eventi sul tuo sito web con un calendario degli eventi interattivo e intuitivo nel tuo sito web WooCommerce senza sforzo.","application_category":[],"applications_title":"","applications_request_title":"","applications_request_button_text":"","hero_text":"","hero_video":"","hero_video_schema_markup":"","selling_points_title":"","selling_points_caption":"","selling_points":[],"selling_points_cta_text":"","features_title":"","features":"","ed_cta_examples_text":"","ed_cta_examples_hidden":"","ed_cta_demo_text":"","ed_cta_demo_hidden":"","why_caption":"","why_editor_title":"","why_editor_text":"","why_team_title":"","why_team_text":"","why_service_title":"","why_service_text":"","template_catalog_visible":"0","template_catalog_title":"","template_catalog_text":"","template_catalog_categories_visible":"","demo_title":"Crea la tua app Calendario eventi","demo_caption":"Configura il tuo calendario degli eventi e aggiungilo gratuitamente al tuo sito WooCommerce!","default_faq_hidden":"","app_template_category":[],"platform":"80","template_public_id":"","codecanyon_url":"","codecanyon_item_id":"","codecanyon_price":"","pricing_caption":"","pricing_elfsight_apps_hide_column":"","pricing_elfsight_apps_url":"","pricing_codecanyon_price_caption":"","integration_category":[],"integration_request_title":"","integration_request_cta":"","integration_platform":"","integrations":[],"platform_category":[],"video_schema_markup":"","price":"da $ 0 al mese","trial":"","benefits":[{"text":"Aiuto gratuito per l'installazione"},{"text":"Servizio clienti competente"},{"text":"Garanzia di rimborso di 14 giorni"},{"text":"Miglioramenti gratuiti regolari"}],"button_url":"#demo","button_target_blank":"0","button_nofollow":"0","attributes":[{"name":"Installazioni"},{"name":"Reattivo","content":"S\u00cc"},{"name":"Browser compatibili","content":"IE11, Firefox, Safari, Opera, Chrome, Edge"}],"tags":[],"tags_disable_links":"0","hide_more_platforms":"0","video_object":"","demo_hide_cta":"0","demo_hide_cloud_options":"0","pricing_title":"","pricing":[{"pricing_icon":"platform","pricing_title":"Elfsight Apps","pricing_title_caption":"Soluzione digitale multipiattaforma","pricing_price":"da $ 0 \/ mese","pricing_price_caption":"inizia con un piano gratuito","pricing_benefits":[{"text":"Siti web illimitati"},{"text":"Supporto aziendale premium e ben documentato"},{"text":"Aiuto gratuito per l'installazione"},{"text":"Progettazione flessibile"}],"pricing_button_text":"Aggiungi al sito web","pricing_button_url":"#demo"}],"related_apps_title":"","related_apps_hidden":"0","author":"","image":[],"title":"","job":"","social_networks":[]},"_links":{"self":[{"href":"https:\/\/elfsight.com\/it\/wp-json\/wp\/v2\/pages\/4283","targetHints":{"allow":["GET"]}}],"collection":[{"href":"https:\/\/elfsight.com\/it\/wp-json\/wp\/v2\/pages"}],"about":[{"href":"https:\/\/elfsight.com\/it\/wp-json\/wp\/v2\/types\/page"}],"author":[{"embeddable":true,"href":"https:\/\/elfsight.com\/it\/wp-json\/wp\/v2\/users\/9"}],"replies":[{"embeddable":true,"href":"https:\/\/elfsight.com\/it\/wp-json\/wp\/v2\/comments?post=4283"}],"version-history":[{"count":4,"href":"https:\/\/elfsight.com\/it\/wp-json\/wp\/v2\/pages\/4283\/revisions"}],"predecessor-version":[{"id":8630,"href":"https:\/\/elfsight.com\/it\/wp-json\/wp\/v2\/pages\/4283\/revisions\/8630"}],"up":[{"embeddable":true,"href":"https:\/\/elfsight.com\/it\/wp-json\/wp\/v2\/pages\/1545"}],"wp:attachment":[{"href":"https:\/\/elfsight.com\/it\/wp-json\/wp\/v2\/media?parent=4283"}],"curies":[{"name":"wp","href":"https:\/\/api.w.org\/{rel}","templated":true}]}}