{"id":4274,"date":"2024-05-03T06:34:50","date_gmt":"2024-05-03T06:34:50","guid":{"rendered":"https:\/\/elfsight.com\/it\/?page_id=4274"},"modified":"2024-11-11T11:21:44","modified_gmt":"2024-11-11T11:21:44","slug":"jimdo","status":"publish","type":"page","link":"https:\/\/elfsight.com\/it\/event-calendar-widget\/jimdo\/","title":{"rendered":"Event Calendar &#8211; Jimdo"},"content":{"rendered":"<div class=\"application-platform-content-item-description application-platform-content-item\" id=\"description\" data-nav-section=\"description\"> <h2>Incorpora il calendario degli eventi con il widget Elfsight<\/h2> <p>Il calendario degli eventi Elfsight \u00e8 uno strumento straordinario che ti consente di condividere facilmente le tue attivit\u00e0 con il resto del mondo. Presenta molte opportunit\u00e0 per mostrare le prossime attivit\u00e0 nel modo pi\u00f9 appariscente. Personalizzalo per unire il design con lo stile del tuo sito web. Costruisci un numero illimitato di eventi, aggiungi tag diversi, carica le tue immagini e i tuoi video e mantieni i tuoi visitatori informati sul tuo programma. <\/p><p><b>Il nostro calendario degli eventi pu\u00f2 aiutarti a mostrare con dolcezza i tuoi prossimi eventi e ad aumentare il tasso di coinvolgimento sul tuo sito. <\/b><\/p><\/div> <div class=\"application-platform-content-item-features application-platform-content-item\" id=\"features\" data-nav-section=\"features\"> <h2>Caratteristiche principali del widget calendario eventi<\/h2> <ul><li>Utilizza opportunit\u00e0 di contenuti adattabili per comprendere un calendario adatto al tuo tipo di eventi. <\/li><li>Offri agli utenti l&#8217;opportunit\u00e0 di aggiungere eventi ai loro calendari di uso comune. <\/li><li>Crea vari tipi di eventi, aggiungi host e contrassegna le posizioni. <\/li><li>assegna loro tag e classifica tutte le tue attivit\u00e0. <\/li><li>Scegli tra 4 varianti di layout. <\/li><\/ul><p><a href=\"#demo\">Puoi sentire quanto vale il widget provando la demo<\/a><\/p> <\/div> <div class=\"application-platform-content-item-installation  application-platform-content-item\" id=\"installation \" data-nav-section=\"installation \"> <h2>Come posso incorporare il calendario degli eventi nella mia pagina web Jimdo? <\/h2> <p>Basta applicare le istruzioni seguenti per incorporare lo strumento. <\/p> <ol><li><b>Esegui il nostro editor gratuito e inizia a costruire il tuo strumento. <\/b><br> Specifica l&#8217;interfaccia e le opzioni preferite del widget e salva le modifiche. <\/li> <li><b>Acquisisci il tuo codice univoco che appare nell&#8217;apposito modulo su Elfsight Apps. <\/b><br> Subito dopo aver completato la configurazione del tuo widget personale, copia il codice esclusivo nella casella visualizzata e salvalo per un ulteriore utilizzo. <\/li> <li><b>Inizia a utilizzare lo strumento sul tuo sito Jimdo. <\/b><br> Incolla il codice salvato in precedenza nella tua pagina e salva le modifiche. <\/li> <li><b>L&#8217;installazione \u00e8 completamente eseguita. <\/b><br> Vai alla tua pagina per verificare le prestazioni del widget. <\/li><\/ol> <p>Se incontri difficolt\u00e0, non esitare a contattare il nostro team di supporto. Il nostro personale sar\u00e0 lieto di risolvere tutti i problemi che potresti avere con il prodotto. <\/p> <\/div><div class=\"faq\" data-component=\"FAQ\"><div class=\"faq-item\">\r\n\t\t\t\t\t<div class=\"faq-item-question\">\r\n\t\t\t\t\t\t<h3 class=\"faq-item-question-text\">Esiste un metodo per aggiungere il calendario degli eventi alla mia pagina web Jimdo senza codifica?<\/h3>\r\n\r\n\t\t\t\t\t\t<div class=\"faq-item-question-icon\"><\/div>\r\n\t\t\t\t\t<\/div>\r\n\r\n\t\t\t\t\t<div class=\"faq-item-answer\">\r\n\t\t\t\t\t\t<div class=\"faq-item-answer-text\"><p>Azienda Elfsight introduce una soluzione SaaS che consente agli utenti di creare da soli un&#8217;app Calendario eventi, scopri quanto \u00e8 semplice: <\/p><ul><li>Vai alla demo online per generare un widget Calendario eventi che desideri incorporare su Jimdo web pagina.<\/li><li>Scegli uno dei modelli predefiniti e modifica le impostazioni del calendario degli eventi, includi i tuoi contenuti, modifica il layout e i colori senza conoscenze di codifica.<\/li><li>Salva il calendario degli eventi e copia il codice di installazione, che pu\u00f2 essere aggiunto facilmente nella pagina web di Jimdo senza acquistare una versione a pagamento. <\/li><\/ul><p>Con il nostro configuratore intuitivo ogni utente di Internet pu\u00f2 generare un calendario degli eventi online e incorporarlo facilmente in qualsiasi sito Jimdo. Non \u00e8 necessario sottoscrivere un piano a pagamento o inviare le credenziali della carta per accedere al servizio. Se riscontri problemi in qualsiasi momento, non esitare a contattare la nostra assistenza clienti.<\/p><\/div>\r\n\t\t\t\t\t<\/div>\r\n\t\t\t\t<\/div><\/div>","protected":false},"excerpt":{"rendered":"","protected":false},"author":9,"featured_media":0,"parent":1545,"menu_order":0,"comment_status":"closed","ping_status":"closed","template":"templates\/template-application-platform.php","meta":{"publish_to_discourse":"","publish_post_category":"","wpdc_auto_publish_overridden":"","wpdc_topic_tags":"","wpdc_pin_topic":"","wpdc_pin_until":"","discourse_post_id":"","discourse_permalink":"","wpdc_publishing_response":"","wpdc_publishing_error":"","footnotes":""},"class_list":["post-4274","page","type-page","status-publish","hentry"],"yoast_head":"<!-- This site is optimized with the Yoast SEO plugin v25.3.1 - https:\/\/yoast.com\/wordpress\/plugins\/seo\/ -->\n<title>Calendario eventi: aggiungi il widget Calendario al sito Jimdo [2025]<\/title>\n<meta name=\"description\" content=\"Con Elfsight, progetta il widget del tuo calendario degli eventi e aggiungilo rapidamente a un sito web Jimdo. Offriamo assistenza clienti gratuita e altri bonus.\" \/>\n<meta name=\"robots\" content=\"index, follow, max-snippet:-1, max-image-preview:large, max-video-preview:-1\" \/>\n<link rel=\"canonical\" href=\"https:\/\/elfsight.com\/it\/event-calendar-widget\/jimdo\/\" \/>\n<meta property=\"og:locale\" content=\"it_IT\" \/>\n<meta property=\"og:type\" content=\"article\" \/>\n<meta property=\"og:title\" content=\"Calendario eventi: aggiungi il widget Calendario al sito Jimdo [2025]\" \/>\n<meta property=\"og:description\" content=\"Con Elfsight, progetta il widget del tuo calendario degli eventi e aggiungilo rapidamente a un sito web Jimdo. Offriamo assistenza clienti gratuita e altri bonus.\" \/>\n<meta property=\"og:url\" content=\"https:\/\/elfsight.com\/it\/event-calendar-widget\/jimdo\/\" \/>\n<meta property=\"og:site_name\" content=\"Elfsight IT\" \/>\n<meta property=\"article:modified_time\" content=\"2024-11-11T11:21:44+00:00\" \/>\n<meta name=\"twitter:card\" content=\"summary_large_image\" \/>\n<meta name=\"twitter:label1\" content=\"Tempo di lettura stimato\" \/>\n\t<meta name=\"twitter:data1\" content=\"3 minuti\" \/>\n<!-- \/ Yoast SEO plugin. -->","yoast_head_json":{"title":"Calendario eventi: aggiungi il widget Calendario al sito Jimdo [2025]","description":"Con Elfsight, progetta il widget del tuo calendario degli eventi e aggiungilo rapidamente a un sito web Jimdo. Offriamo assistenza clienti gratuita e altri bonus.","robots":{"index":"index","follow":"follow","max-snippet":"max-snippet:-1","max-image-preview":"max-image-preview:large","max-video-preview":"max-video-preview:-1"},"canonical":"https:\/\/elfsight.com\/it\/event-calendar-widget\/jimdo\/","og_locale":"it_IT","og_type":"article","og_title":"Calendario eventi: aggiungi il widget Calendario al sito Jimdo [2025]","og_description":"Con Elfsight, progetta il widget del tuo calendario degli eventi e aggiungilo rapidamente a un sito web Jimdo. Offriamo assistenza clienti gratuita e altri bonus.","og_url":"https:\/\/elfsight.com\/it\/event-calendar-widget\/jimdo\/","og_site_name":"Elfsight IT","article_modified_time":"2024-11-11T11:21:44+00:00","twitter_card":"summary_large_image","twitter_misc":{"Tempo di lettura stimato":"3 minuti"},"schema":{"@context":"https:\/\/schema.org","@graph":[{"@type":"WebPage","@id":"https:\/\/elfsight.com\/it\/event-calendar-widget\/jimdo\/","url":"https:\/\/elfsight.com\/it\/event-calendar-widget\/jimdo\/","name":"Calendario eventi: aggiungi il widget Calendario al sito Jimdo [2025]","isPartOf":{"@id":"https:\/\/elfsight.com\/it\/#website"},"datePublished":"2024-05-03T06:34:50+00:00","dateModified":"2024-11-11T11:21:44+00:00","description":"Con Elfsight, progetta il widget del tuo calendario degli eventi e aggiungilo rapidamente a un sito web Jimdo. Offriamo assistenza clienti gratuita e altri bonus.","breadcrumb":{"@id":"https:\/\/elfsight.com\/it\/event-calendar-widget\/jimdo\/#breadcrumb"},"inLanguage":"it-IT","potentialAction":[{"@type":"ReadAction","target":["https:\/\/elfsight.com\/it\/event-calendar-widget\/jimdo\/"]}]},{"@type":"BreadcrumbList","@id":"https:\/\/elfsight.com\/it\/event-calendar-widget\/jimdo\/#breadcrumb","itemListElement":[{"@type":"ListItem","position":1,"name":"Home","item":"https:\/\/elfsight.com\/it\/"},{"@type":"ListItem","position":2,"name":"Event Calendar","item":"https:\/\/elfsight.com\/it\/event-calendar-widget\/"},{"@type":"ListItem","position":3,"name":"Event Calendar &#8211; Jimdo"}]},{"@type":"WebSite","@id":"https:\/\/elfsight.com\/it\/#website","url":"https:\/\/elfsight.com\/it\/","name":"Elfsight IT","description":"Just another Elfsight Sites site","potentialAction":[{"@type":"SearchAction","target":{"@type":"EntryPoint","urlTemplate":"https:\/\/elfsight.com\/it\/?s={search_term_string}"},"query-input":{"@type":"PropertyValueSpecification","valueRequired":true,"valueName":"search_term_string"}}],"inLanguage":"it-IT"}]}},"meta_box":{"industry":"","seo_heading":"","heading":"","description":"","cta_heading":"","cta_description":"","application":"1544","h1":"Widget del calendario degli eventi Jimdo","h1_caption":"Gestisci e condividi facilmente gli eventi sul tuo sito web con un calendario degli eventi interattivo e intuitivo nel tuo sito Jimdo.","application_category":[],"applications_title":"","applications_request_title":"","applications_request_button_text":"","hero_text":"","hero_video":"","hero_video_schema_markup":"","selling_points_title":"","selling_points_caption":"","selling_points":[],"selling_points_cta_text":"","features_title":"","features":"","ed_cta_examples_text":"","ed_cta_examples_hidden":"","ed_cta_demo_text":"","ed_cta_demo_hidden":"","why_caption":"","why_editor_title":"","why_editor_text":"","why_team_title":"","why_team_text":"","why_service_title":"","why_service_text":"","template_catalog_visible":"","template_catalog_title":"","template_catalog_text":"","template_catalog_categories_visible":"","demo_title":"Crea il tuo widget Calendario eventi","demo_caption":"Configura il tuo calendario degli eventi e aggiungilo gratuitamente al tuo sito Jimdo!","default_faq_hidden":"","app_template_category":[],"platform":"55","template_public_id":"","codecanyon_url":"","codecanyon_item_id":"","codecanyon_price":"","pricing_caption":"","pricing_elfsight_apps_hide_column":"","pricing_elfsight_apps_url":"","pricing_codecanyon_price_caption":"","integration_category":[],"integration_request_title":"","integration_request_cta":"","integration_platform":"","integrations":[],"platform_category":[],"video_schema_markup":"","price":"da $ 0 al mese","trial":"","benefits":[{"text":"Assistenza gratuita per l'installazione"},{"text":"Servizio clienti competente"},{"text":"Garanzia di rimborso di 14 giorni"},{"text":"Aggiornamenti a vita"}],"button_url":"#demo","button_target_blank":"","button_nofollow":"","attributes":[{"name":"Installazioni"},{"name":"Reattivo","content":"S\u00cc"},{"name":"Browser compatibili","content":"Firefox, Safari, Opera, Chrome, Edge"}],"tags":[],"tags_disable_links":"","hide_more_platforms":"","video_object":"","demo_hide_cta":"","demo_hide_cloud_options":"","pricing_title":"","pricing":[{"pricing_icon":"platform","pricing_title":"Elfsight Apps","pricing_title_caption":"Versione multipiattaforma che funziona su qualsiasi sito web","pricing_price":"da $ 0 \/ mese","pricing_price_caption":"inizia con il piano gratuito","pricing_benefits":[{"text":"Domini illimitati"},{"text":"Assistenza clienti 24 ore su 24, 7 giorni su 7 e ben documentata"},{"text":"Aiuto per l'installazione gratuito"},{"text":"100% personalizzabile"}],"pricing_button_text":"Aggiungi al sito web","pricing_button_url":"#demo"}],"related_apps_title":"","related_apps_hidden":"","author":"","image":[],"title":"","job":"","social_networks":[]},"_links":{"self":[{"href":"https:\/\/elfsight.com\/it\/wp-json\/wp\/v2\/pages\/4274","targetHints":{"allow":["GET"]}}],"collection":[{"href":"https:\/\/elfsight.com\/it\/wp-json\/wp\/v2\/pages"}],"about":[{"href":"https:\/\/elfsight.com\/it\/wp-json\/wp\/v2\/types\/page"}],"author":[{"embeddable":true,"href":"https:\/\/elfsight.com\/it\/wp-json\/wp\/v2\/users\/9"}],"replies":[{"embeddable":true,"href":"https:\/\/elfsight.com\/it\/wp-json\/wp\/v2\/comments?post=4274"}],"version-history":[{"count":1,"href":"https:\/\/elfsight.com\/it\/wp-json\/wp\/v2\/pages\/4274\/revisions"}],"predecessor-version":[{"id":4278,"href":"https:\/\/elfsight.com\/it\/wp-json\/wp\/v2\/pages\/4274\/revisions\/4278"}],"up":[{"embeddable":true,"href":"https:\/\/elfsight.com\/it\/wp-json\/wp\/v2\/pages\/1545"}],"wp:attachment":[{"href":"https:\/\/elfsight.com\/it\/wp-json\/wp\/v2\/media?parent=4274"}],"curies":[{"name":"wp","href":"https:\/\/api.w.org\/{rel}","templated":true}]}}