{"id":4269,"date":"2024-05-03T06:34:49","date_gmt":"2024-05-03T06:34:49","guid":{"rendered":"https:\/\/elfsight.com\/it\/?page_id=4269"},"modified":"2024-11-11T11:19:33","modified_gmt":"2024-11-11T11:19:33","slug":"shopify","status":"publish","type":"page","link":"https:\/\/elfsight.com\/it\/etsy-reviews-widget\/shopify\/","title":{"rendered":"Etsy Reviews &#8211; Shopify"},"content":{"rendered":"<div class=\"application-platform-content-item-description application-platform-content-item\" id=\"description\" data-nav-section=\"description\"><h2>Migliora il tuo sito web Shopify con Elfsight Etsy Reviews<\/h2><p>Elfsight Etsy Reviews \u00e8 un plugin intuitivo che potenzia il tuo sito web Shopify con la possibilit\u00e0 di mostrare le recensioni dei clienti relative ai tuoi prodotti e servizi direttamente dalla piattaforma Etsy. Questo widget versatile ti fornisce una serie di filtri per vagliare facilmente le recensioni, permettendoti di visualizzare le valutazioni in stelle e i feedback numerici di Etsy, fornire informazioni aggiuntive sugli autori di queste recensioni e integrare perfettamente un pulsante di invito all&#8217;azione che guida i visitatori del tuo sito a lasciare le proprie recensioni su Etsy. Sfruttando Elfsight, puoi amplificare la prova sociale del tuo sito web, rafforzare la tua credibilit\u00e0 e, in definitiva, incrementare le vendite.<\/p><div class=\"faq\" data-component=\"FAQ\"><div class=\"faq-item\">\r\n\t\t\t\t\t<div class=\"faq-item-question\">\r\n\t\t\t\t\t\t<h3 class=\"faq-item-question-text\">Dove puoi aggiungere le recensioni Etsy di Elfsight al tuo sito web Shopify?<\/h3>\r\n\r\n\t\t\t\t\t\t<div class=\"faq-item-question-icon\"><\/div>\r\n\t\t\t\t\t<\/div>\r\n\r\n\t\t\t\t\t<div class=\"faq-item-answer\">\r\n\t\t\t\t\t\t<div class=\"faq-item-answer-text\"><p>Con il nostro plugin Elfsight Etsy Reviews, hai la libert\u00e0 di incorporare il widget delle recensioni dei clienti su qualsiasi pagina del tuo sito web Shopify o di integrarlo nel modello del tuo sito, assicurandoti che appaia coerente su tutte le pagine. L&#8217;impatto di queste recensioni \u00e8 particolarmente potente sulle pagine dei prodotti e nella sezione &#8220;Chi siamo&#8221;, dove puoi mettere in evidenza la tua valutazione stellare e le recensioni entusiastiche.<\/p><\/div>\r\n\t\t\t\t\t<\/div>\r\n\t\t\t\t<\/div><div class=\"faq-item\">\r\n\t\t\t\t\t<div class=\"faq-item-question\">\r\n\t\t\t\t\t\t<h3 class=\"faq-item-question-text\">Quali sono i vantaggi dell'utilizzo Recensioni Etsy Elfsight per Shopify?<\/h3>\r\n\r\n\t\t\t\t\t\t<div class=\"faq-item-question-icon\"><\/div>\r\n\t\t\t\t\t<\/div>\r\n\r\n\t\t\t\t\t<div class=\"faq-item-answer\">\r\n\t\t\t\t\t\t<div class=\"faq-item-answer-text\"><p>Le recensioni autentiche di clienti reali garantiscono un&#8217;immensa affidabilit\u00e0 e segnalano ai visitatori del tuo sito che la tua azienda \u00e8 un partner affidabile. Mostrando una valutazione elevata e testimonianze positive, puoi aumentare significativamente i tassi di conversione sul tuo sito Web Shopify. Inoltre, il pulsante CTA posizionato strategicamente incoraggia pi\u00f9 utenti a condividere le proprie esperienze e lasciare recensioni su Etsy, il che consolida ulteriormente la tua presenza online.<\/p><\/div>\r\n\t\t\t\t\t<\/div>\r\n\t\t\t\t<\/div><div class=\"faq-item\">\r\n\t\t\t\t\t<div class=\"faq-item-question\">\r\n\t\t\t\t\t\t<h3 class=\"faq-item-question-text\">How Easy Is It to Add Elfsight Etsy Reviews to Il tuo sito web Shopify?<\/h3>\r\n\r\n\t\t\t\t\t\t<div class=\"faq-item-question-icon\"><\/div>\r\n\t\t\t\t\t<\/div>\r\n\r\n\t\t\t\t\t<div class=\"faq-item-answer\">\r\n\t\t\t\t\t\t<div class=\"faq-item-answer-text\"><p>Il processo \u00e8 rapido e senza problemi e richiede solo un paio di minuti. Non \u00e8 necessaria alcuna abilit\u00e0 di codifica; \u00e8 cos\u00ec semplice! Il widget pu\u00f2 essere aggiunto facilmente direttamente tramite il nostro servizio o tramite il marketplace Shopify. Hai la libert\u00e0 di scegliere l&#8217;opzione pi\u00f9 adatta a te, rendendo il processo di installazione un gioco da ragazzi.<\/p><\/div>\r\n\t\t\t\t\t<\/div>\r\n\t\t\t\t<\/div><\/div><\/div><div class=\"application-platform-content-item-features application-platform-content-item\" id=\"features\" data-nav-section=\"features\"><h2>Sblocca la versione completa Potenziale delle recensioni Etsy di Elfsight per Shopify<\/h2><p>Per comprendere appieno le funzionalit\u00e0 del nostro widget, esploriamo le sue funzionalit\u00e0 principali, progettate per potenziare il tuo sito web Shopify:<\/p><ul><li>Tre widget personalizzabili filtri: ordina le recensioni per tipo, escludi quelle specifiche o imposta una soglia per il numero di recensioni da visualizzare.<\/li><li>Scegli tra quattro layout predefiniti: Elenco, Griglia, Massoneria e Dispositivo di scorrimento, assicurandoti che le tue recensioni si adattino perfettamente nel design del tuo sito web.<\/li><li>Goditi il \u200b\u200bcontrollo completo sull&#8217;intestazione del widget per assicurarti che sia in linea con l&#8217;estetica e il brand del tuo sito.<\/li><li>Incorpora un pulsante strategico &#8220;Richiesta di revisione&#8221;, che guida facilmente gli utenti a lascia le proprie recensioni su Etsy.<\/li><li>Personalizza sei elementi chiave dell&#8217;interfaccia utente, inclusi nomi degli autori, immagini, testo dei consigli, date, icone di Google e valutazioni a stelle, consentendo un aspetto su misura.<\/li><li>Opti per uno dei due scenari post-richiesta: visualizza un messaggio personalizzato o nascondi del tutto il pulsante, garantendo flessibilit\u00e0 nella tua esperienza utente.<\/li><\/ul><p><a href=\"#demo\">Per una demo completa, fai clic qui<\/a><\/p><p><\/p><\/div><div class=\"application-platform-content-item-installation application-platform-content-item\" id=\"installation\" data-nav-section=\"installation\"><h2>Incorporamento delle recensioni Etsy di Elfsight nel tuo sito web Shopify<\/h2> <p>Portare la potenza di Elfsight Etsy Reviews sul tuo sito Shopify \u00e8 un gioco da ragazzi. Segui questi semplici passaggi per iniziare:<\/p><ol><li><b>Sfrutta la demo gratuita e personalizza il tuo widget Elfsight Etsy Reviews:<\/b><br>Inizia selezionando la forma desiderata e le caratteristiche funzionali di il plug-in. Apporta le modifiche necessarie e salva le modifiche.<\/li><li><b>Recupera il tuo codice di incorporamento univoco:<\/b><br>Dopo aver personalizzato il tuo widget, un codice univoco verr\u00e0 generato sulle app Elfsight. Copia questo codice, poich\u00e9 ti servir\u00e0 per i passaggi successivi.<\/li><li><b>Integra il widget nel tuo sito web Shopify:<\/b><br>Incolla il codice che hai copiato nel passaggio precedente su la tua pagina Shopify e salva le modifiche.<\/li><li><b>\u00c8 tutto pronto!<\/b><br>Il tuo widget \u00e8 ora integrato con successo. Visita la tua pagina Shopify per vederlo in azione.<\/li><\/ol><p>Se riscontri problemi o hai domande persistenti sull&#8217;incorporamento di Elfsight Etsy Reviews nel tuo sito web Shopify, non esitare a contattare la nostra assistenza clienti dedicata squadra. Siamo qui per aiutarti con qualsiasi domanda tu possa avere.<\/p><p>Incorporare Elfsight Etsy Reviews nel tuo sito web Shopify \u00e8 una mossa strategica per migliorare l&#8217;affidabilit\u00e0 della tua piattaforma. Con il nostro plugin, puoi visualizzare facilmente recensioni Etsy autentiche, mostrando le tue valutazioni elevate e fornendo preziose prove sociali. Il processo di installazione \u00e8 semplice e privo di codice, garantendo che chiunque possa trarre vantaggio da questo potente widget. Personalizzalo per adattarlo al design del tuo sito web e lascia che faccia la sua magia incoraggiando pi\u00f9 clienti a lasciare recensioni sul tuo sito Shopify. Non perdere l&#8217;opportunit\u00e0 di aumentare la tua credibilit\u00e0 online e incrementare le vendite: integra oggi stesso Elfsight Etsy Reviews!<\/p><\/div>","protected":false},"excerpt":{"rendered":"","protected":false},"author":9,"featured_media":0,"parent":2700,"menu_order":0,"comment_status":"closed","ping_status":"closed","template":"templates\/template-application-platform.php","meta":{"publish_to_discourse":"","publish_post_category":"","wpdc_auto_publish_overridden":"","wpdc_topic_tags":"","wpdc_pin_topic":"","wpdc_pin_until":"","discourse_post_id":"","discourse_permalink":"","wpdc_publishing_response":"","wpdc_publishing_error":"","footnotes":""},"class_list":["post-4269","page","type-page","status-publish","hentry"],"yoast_head":"<!-- This site is optimized with the Yoast SEO plugin v25.3.1 - https:\/\/yoast.com\/wordpress\/plugins\/seo\/ -->\n<title>Migliora il tuo negozio Shopify con le recensioni Etsy di Elfsight<\/title>\n<meta name=\"description\" content=\"Scopri come Elfsight Etsy Reviews per Shopify pu\u00f2 aumentare la credibilit\u00e0 del tuo negozio con feedback autentici dei clienti. Integra facilmente le recensioni, le valutazioni a stelle e le prove sociali di Etsy per incrementare le vendite. Aggiorna il tuo sito web Shopify oggi stesso!\" \/>\n<meta name=\"robots\" content=\"index, follow, max-snippet:-1, max-image-preview:large, max-video-preview:-1\" \/>\n<link rel=\"canonical\" href=\"https:\/\/elfsight.com\/it\/etsy-reviews-widget\/shopify\/\" \/>\n<meta property=\"og:locale\" content=\"it_IT\" \/>\n<meta property=\"og:type\" content=\"article\" \/>\n<meta property=\"og:title\" content=\"Migliora il tuo negozio Shopify con le recensioni Etsy di Elfsight\" \/>\n<meta property=\"og:description\" content=\"Scopri come Elfsight Etsy Reviews per Shopify pu\u00f2 aumentare la credibilit\u00e0 del tuo negozio con feedback autentici dei clienti. Integra facilmente le recensioni, le valutazioni a stelle e le prove sociali di Etsy per incrementare le vendite. Aggiorna il tuo sito web Shopify oggi stesso!\" \/>\n<meta property=\"og:url\" content=\"https:\/\/elfsight.com\/it\/etsy-reviews-widget\/shopify\/\" \/>\n<meta property=\"og:site_name\" content=\"Elfsight IT\" \/>\n<meta property=\"article:modified_time\" content=\"2024-11-11T11:19:33+00:00\" \/>\n<meta name=\"twitter:card\" content=\"summary_large_image\" \/>\n<meta name=\"twitter:label1\" content=\"Tempo di lettura stimato\" \/>\n\t<meta name=\"twitter:data1\" content=\"4 minuti\" \/>\n<!-- \/ Yoast SEO plugin. -->","yoast_head_json":{"title":"Migliora il tuo negozio Shopify con le recensioni Etsy di Elfsight","description":"Scopri come Elfsight Etsy Reviews per Shopify pu\u00f2 aumentare la credibilit\u00e0 del tuo negozio con feedback autentici dei clienti. Integra facilmente le recensioni, le valutazioni a stelle e le prove sociali di Etsy per incrementare le vendite. Aggiorna il tuo sito web Shopify oggi stesso!","robots":{"index":"index","follow":"follow","max-snippet":"max-snippet:-1","max-image-preview":"max-image-preview:large","max-video-preview":"max-video-preview:-1"},"canonical":"https:\/\/elfsight.com\/it\/etsy-reviews-widget\/shopify\/","og_locale":"it_IT","og_type":"article","og_title":"Migliora il tuo negozio Shopify con le recensioni Etsy di Elfsight","og_description":"Scopri come Elfsight Etsy Reviews per Shopify pu\u00f2 aumentare la credibilit\u00e0 del tuo negozio con feedback autentici dei clienti. Integra facilmente le recensioni, le valutazioni a stelle e le prove sociali di Etsy per incrementare le vendite. Aggiorna il tuo sito web Shopify oggi stesso!","og_url":"https:\/\/elfsight.com\/it\/etsy-reviews-widget\/shopify\/","og_site_name":"Elfsight IT","article_modified_time":"2024-11-11T11:19:33+00:00","twitter_card":"summary_large_image","twitter_misc":{"Tempo di lettura stimato":"4 minuti"},"schema":{"@context":"https:\/\/schema.org","@graph":[{"@type":"WebPage","@id":"https:\/\/elfsight.com\/it\/etsy-reviews-widget\/shopify\/","url":"https:\/\/elfsight.com\/it\/etsy-reviews-widget\/shopify\/","name":"Migliora il tuo negozio Shopify con le recensioni Etsy di Elfsight","isPartOf":{"@id":"https:\/\/elfsight.com\/it\/#website"},"datePublished":"2024-05-03T06:34:49+00:00","dateModified":"2024-11-11T11:19:33+00:00","description":"Scopri come Elfsight Etsy Reviews per Shopify pu\u00f2 aumentare la credibilit\u00e0 del tuo negozio con feedback autentici dei clienti. Integra facilmente le recensioni, le valutazioni a stelle e le prove sociali di Etsy per incrementare le vendite. Aggiorna il tuo sito web Shopify oggi stesso!","breadcrumb":{"@id":"https:\/\/elfsight.com\/it\/etsy-reviews-widget\/shopify\/#breadcrumb"},"inLanguage":"it-IT","potentialAction":[{"@type":"ReadAction","target":["https:\/\/elfsight.com\/it\/etsy-reviews-widget\/shopify\/"]}]},{"@type":"BreadcrumbList","@id":"https:\/\/elfsight.com\/it\/etsy-reviews-widget\/shopify\/#breadcrumb","itemListElement":[{"@type":"ListItem","position":1,"name":"Home","item":"https:\/\/elfsight.com\/it\/"},{"@type":"ListItem","position":2,"name":"Etsy Reviews","item":"https:\/\/elfsight.com\/it\/etsy-reviews-widget\/"},{"@type":"ListItem","position":3,"name":"Etsy Reviews &#8211; Shopify"}]},{"@type":"WebSite","@id":"https:\/\/elfsight.com\/it\/#website","url":"https:\/\/elfsight.com\/it\/","name":"Elfsight IT","description":"Just another Elfsight Sites site","potentialAction":[{"@type":"SearchAction","target":{"@type":"EntryPoint","urlTemplate":"https:\/\/elfsight.com\/it\/?s={search_term_string}"},"query-input":{"@type":"PropertyValueSpecification","valueRequired":true,"valueName":"search_term_string"}}],"inLanguage":"it-IT"}]}},"meta_box":{"industry":"","seo_heading":"","heading":"","description":"","cta_heading":"","cta_description":"","application":"2699","h1":"Come incorporare le recensioni di Etsy su un sito web Shopify","h1_caption":"Mostra le recensioni del tuo negozio Etsy direttamente sul tuo sito web, migliorando la credibilit\u00e0 del tuo negozio nel tuo sito Shopify senza sforzo.","application_category":[],"applications_title":"","applications_request_title":"","applications_request_button_text":"","hero_text":"","hero_video":"","hero_video_schema_markup":"","selling_points_title":"","selling_points_caption":"","selling_points":[],"selling_points_cta_text":"","features_title":"","features":"","ed_cta_examples_text":"","ed_cta_examples_hidden":"","ed_cta_demo_text":"","ed_cta_demo_hidden":"","why_caption":"","why_editor_title":"","why_editor_text":"","why_team_title":"","why_team_text":"","why_service_title":"","why_service_text":"","template_catalog_visible":"","template_catalog_title":"","template_catalog_text":"","template_catalog_categories_visible":"","demo_title":"Crea la tua app per le recensioni di Etsy","demo_caption":"Configura le tue recensioni Etsy e aggiungile gratuitamente al tuo sito Shopify!","default_faq_hidden":"","app_template_category":[],"platform":"42","template_public_id":"","codecanyon_url":"","codecanyon_item_id":"","codecanyon_price":"","pricing_caption":"","pricing_elfsight_apps_hide_column":"","pricing_elfsight_apps_url":"","pricing_codecanyon_price_caption":"","integration_category":[],"integration_request_title":"","integration_request_cta":"","integration_platform":"","integrations":[],"platform_category":[],"video_schema_markup":"","price":"da $ 0 al mese","trial":"","benefits":[{"text":"Assistenza per l'installazione gratuita"},{"text":"Servizio clienti professionale"},{"text":"Garanzia di rimborso di 14 giorni"},{"text":"Miglioramenti gratuiti regolari"}],"button_url":"#demo","button_target_blank":"","button_nofollow":"","attributes":[{"name":"Installazioni"},{"name":"Reattivo","content":"S\u00cc"},{"name":"Browser compatibili","content":"Firefox, Safari, Opera, Chrome, Edge"}],"tags":[],"tags_disable_links":"","hide_more_platforms":"","video_object":"","demo_hide_cta":"","demo_hide_cloud_options":"","pricing_title":"","pricing":[{"pricing_icon":"platform","pricing_title":"Elfsight Apps","pricing_title_caption":"Software multipiattaforma","pricing_price":"da $ 0 \/ mese","pricing_price_caption":"inizia con il piano gratuito","pricing_benefits":[{"text":"Siti web illimitati"},{"text":"Assistenza clienti 24 ore su 24, 7 giorni su 7"},{"text":"Servizio di installazione gratuito"},{"text":"Completamente personalizzabile"}],"pricing_button_text":"Aggiungi al sito web","pricing_button_url":"#demo"}],"related_apps_title":"","related_apps_hidden":"","author":"","image":[],"title":"","job":"","social_networks":[]},"_links":{"self":[{"href":"https:\/\/elfsight.com\/it\/wp-json\/wp\/v2\/pages\/4269","targetHints":{"allow":["GET"]}}],"collection":[{"href":"https:\/\/elfsight.com\/it\/wp-json\/wp\/v2\/pages"}],"about":[{"href":"https:\/\/elfsight.com\/it\/wp-json\/wp\/v2\/types\/page"}],"author":[{"embeddable":true,"href":"https:\/\/elfsight.com\/it\/wp-json\/wp\/v2\/users\/9"}],"replies":[{"embeddable":true,"href":"https:\/\/elfsight.com\/it\/wp-json\/wp\/v2\/comments?post=4269"}],"version-history":[{"count":1,"href":"https:\/\/elfsight.com\/it\/wp-json\/wp\/v2\/pages\/4269\/revisions"}],"predecessor-version":[{"id":4273,"href":"https:\/\/elfsight.com\/it\/wp-json\/wp\/v2\/pages\/4269\/revisions\/4273"}],"up":[{"embeddable":true,"href":"https:\/\/elfsight.com\/it\/wp-json\/wp\/v2\/pages\/2700"}],"wp:attachment":[{"href":"https:\/\/elfsight.com\/it\/wp-json\/wp\/v2\/media?parent=4269"}],"curies":[{"name":"wp","href":"https:\/\/api.w.org\/{rel}","templated":true}]}}