{"id":4268,"date":"2024-05-03T06:34:22","date_gmt":"2024-05-03T06:34:22","guid":{"rendered":"https:\/\/elfsight.com\/it\/?page_id=4268"},"modified":"2025-03-12T13:51:40","modified_gmt":"2025-03-12T13:51:40","slug":"bigcommerce","status":"publish","type":"page","link":"https:\/\/elfsight.com\/it\/countdown-timer-widget\/bigcommerce\/","title":{"rendered":"Countdown Timer &#8211; BigCommerce"},"content":{"rendered":"\n<div class=\"application-platform-content-item-description application-platform-content-item\" id=\"description\" data-nav-section=\"description\"><h2>Descrizione<\/h2><p>Mostra conteggi per la promozione delle vendite sul tuo sito web con Elfsight Countdown Timer. Riscalda l&#8217;atmosfera ed evoca un senso di disponibilit\u00e0 limitata dei tuoi articoli, dimostrando che vanno a ruba proprio davanti agli occhi dei clienti. Stimola l&#8217;attivit\u00e0 di acquisto con il tempo che scorre fino alla fine del periodo dell&#8217;offerta speciale. Annuncia le prossime occasioni o festivit\u00e0 utilizzando un timer per il conto alla rovescia e mantieni i tuoi clienti in attesa dell&#8217;inizio.<\/p><p><b>Suscita l&#8217;entusiasmo per lo shopping e incoraggia gli acquirenti a comprare di pi\u00f9. <\/b><\/p><p><b>Incoraggia i clienti ad acquistare creando un sentimento di urgenza. <\/b><br> Aggiungi un timer per il conto alla rovescia che dimostrer\u00e0 il tempo rimasto fino alla fine delle vendite e delle offerte speciali. Creer\u00e0 una sensazione di urgenza e stimoler\u00e0 i clienti a prendere una decisione di acquisto pi\u00f9 rapidamente.<\/p><p><b>Mostra che le scorte stanno diminuendo per aumentare il valore percepito degli articoli.<\/b><br> Dimostralo i tuoi articoli vengono acquistati rapidamente e diventano meno disponibili, con l&#8217;aiuto di uno speciale conteggio delle scorte. In questo modo gli utenti apprezzeranno di pi\u00f9 gli articoli e li invoglieranno a riceverli.<\/p><p><b>Attira pi\u00f9 attenzione sulle tue vendite con l&#8217;aiuto di una luminosa barra per il conto alla rovescia a tema natalizio.<\/b><br> Crea coinvolgenti bar con vendita a tema per festival ed eventi speciali. Aggiunger\u00e0 un&#8217;atmosfera vacanziera e promuover\u00e0 le tue fantastiche offerte per aiutarti ad aumentare le vendite durante l&#8217;alta stagione.<\/p><\/div><div class=\"application-platform-content-item-features application-platform-content-item\" id=\"features\" data-nav-section=\"features\"><h2>Funzionalit\u00e0<\/h2><p>Perch\u00e9 Elfsight Countdown \u00e8 il migliore tra i widget BigCommerce di alta qualit\u00e0? Scopri le nostre caratteristiche innovative:<\/p><ul><li>Contatore su e gi\u00f9;<\/li><li>Opzione per impostare il collegamento del pulsante per il reindirizzamento;<\/li><li>Etichette delle unit\u00e0 di tempo modificabili;<\/li><li>5 temi festivi per le occasioni pi\u00f9 popolari;<\/li><li>Opzione per impostare la dimensione del carattere del messaggio.<\/li><\/ul><p><a href=\"#demo\">Valuta set completo di funzioni nella demo!<\/a><\/p><\/div><div class=\"application-platform-content-item-installation application-platform-content-item\" id=\"installation\" data-nav-section=\"installation\"><h2>Come aggiungere il timer per il conto alla rovescia al sito web di BigCommerce<\/h2><div class=\"video-container \"><iframe width=\"560\" height=\"315\" src=\"https:\/\/www.youtube.com\/embed\/l6n7KvHbBoo?si=iA0ToihYt0iqvRfP\" frameborder=\"0\" allow=\"accelerometer; autoplay; clipboard-write; encrypted-media; gyroscope; picture-in-picture; web-share\" allowfullscreen><\/iframe><\/div><p>Basta applicare le istruzioni seguenti per inserire il widget su BigCommerce.<\/p> <ol><li><b>Utilizza il nostro configuratore gratuito e inizia a creare la tua app. <\/b><br> Determina l&#8217;aspetto e le opzioni preferite del widget e salva le modifiche. <\/li> <li><b>Copia il tuo codice univoco mostrato nell&#8217;apposito modulo su Elfsight Apps. <\/b><br> Al termine della creazione del tuo conto alla rovescia personale, copia il codice esclusivo dal popup visualizzato e conservalo per un utilizzo futuro. <\/li> <li><b>Inizia a utilizzare il widget sul sito web di BigCommerce. <\/b><br> Inserisci il codice copiato in precedenza nel tuo sito e salva le correzioni. <\/li> <li><b>L&#8217;installazione \u00e8 stata eseguita con successo. <\/b><br> Vai al tuo sito web per vedere come funziona lo strumento. <\/li><\/ol><p>Hai riscontrato problemi durante l&#8217;aggiunta o la creazione del plugin? Rivolgiti al nostro Centro assistenza o esplora la <a href=\"https:\/\/elfsight.com\/tutorials\/how-to-add-countdown-timer-to-bigcommerce\/\" target=\"_blank\" rel=\"noopener noreferrer\">vasta articolo<\/a>.<\/p><div class=\"faq\" data-component=\"FAQ\"> <div class=\"faq-item\">\r\n\t\t\t\t\t<div class=\"faq-item-question\">\r\n\t\t\t\t\t\t<h3 class=\"faq-item-question-text\">Come aggiungere un timer per il conto alla rovescia al mio sito Web BigCommerce senza competenze di codifica?<\/h3>\r\n\r\n\t\t\t\t\t\t<div class=\"faq-item-question-icon\"><\/div>\r\n\t\t\t\t\t<\/div>\r\n\r\n\t\t\t\t\t<div class=\"faq-item-answer\">\r\n\t\t\t\t\t\t<div class=\"faq-item-answer-text\"> <p>Elfsight fornisce una soluzione SaaS che ti consente di creare un widget del timer per il conto alla rovescia tu stesso, scopri quanto \u00e8 semplice il processo: lavora direttamente nell&#8217;editor online per creare un widget timer per il conto alla rovescia che vorresti vedere sul tuo sito web BigCommerce. Scegli uno dei modelli predefiniti e regola le impostazioni del timer per il conto alla rovescia, aggiungi i tuoi contenuti, modifica il layout e la combinazione di colori senza competenze di codifica. Salva il timer per il conto alla rovescia e copia il suo codice di installazione, cos\u00ec potrai aggiungerlo al tuo sito web BigCommerce senza acquistare una versione a pagamento. Con il nostro editor intuitivo qualsiasi utente di Internet pu\u00f2 creare un widget per il conto alla rovescia online e incorporarlo facilmente nel proprio sito Web BigCommerce. Non \u00e8 necessario pagare o inserire le credenziali della carta per accedere al servizio. In caso di problemi in qualsiasi momento, non esitate a contattare il nostro team di supporto tecnico.<\/p> <\/div>\r\n\t\t\t\t\t<\/div>\r\n\t\t\t\t<\/div> <\/div> <\/div>\n","protected":false},"excerpt":{"rendered":"","protected":false},"author":9,"featured_media":0,"parent":1109,"menu_order":0,"comment_status":"closed","ping_status":"closed","template":"templates\/template-application-platform.php","meta":{"publish_to_discourse":"","publish_post_category":"","wpdc_auto_publish_overridden":"","wpdc_topic_tags":"","wpdc_pin_topic":"","wpdc_pin_until":"","discourse_post_id":"","discourse_permalink":"","wpdc_publishing_response":"","wpdc_publishing_error":"","footnotes":""},"class_list":["post-4268","page","type-page","status-publish","hentry"],"yoast_head":"<!-- This site is optimized with the Yoast SEO plugin v25.3.1 - https:\/\/yoast.com\/wordpress\/plugins\/seo\/ -->\n<title>La migliore app timer per il conto alla rovescia di BigCommerce per siti Web (2025)<\/title>\n<meta name=\"description\" content=\"Installa l&#039;app Countdown Timer sul tuo sito BigCommerce solo in un paio di minuti. Esplora un modo semplice e veloce per creare vari plug-in di siti Web tramite Elfsight.\" \/>\n<meta name=\"robots\" content=\"index, follow, max-snippet:-1, max-image-preview:large, max-video-preview:-1\" \/>\n<link rel=\"canonical\" href=\"https:\/\/elfsight.com\/it\/countdown-timer-widget\/bigcommerce\/\" \/>\n<meta property=\"og:locale\" content=\"it_IT\" \/>\n<meta property=\"og:type\" content=\"article\" \/>\n<meta property=\"og:title\" content=\"La migliore app timer per il conto alla rovescia di BigCommerce per siti Web (2025)\" \/>\n<meta property=\"og:description\" content=\"Installa l&#039;app Countdown Timer sul tuo sito BigCommerce solo in un paio di minuti. Esplora un modo semplice e veloce per creare vari plug-in di siti Web tramite Elfsight.\" \/>\n<meta property=\"og:url\" content=\"https:\/\/elfsight.com\/it\/countdown-timer-widget\/bigcommerce\/\" \/>\n<meta property=\"og:site_name\" content=\"Elfsight IT\" \/>\n<meta property=\"article:modified_time\" content=\"2025-03-12T13:51:40+00:00\" \/>\n<meta name=\"twitter:card\" content=\"summary_large_image\" \/>\n<meta name=\"twitter:label1\" content=\"Tempo di lettura stimato\" \/>\n\t<meta name=\"twitter:data1\" content=\"4 minuti\" \/>\n<!-- \/ Yoast SEO plugin. -->","yoast_head_json":{"title":"La migliore app timer per il conto alla rovescia di BigCommerce per siti Web (2025)","description":"Installa l'app Countdown Timer sul tuo sito BigCommerce solo in un paio di minuti. Esplora un modo semplice e veloce per creare vari plug-in di siti Web tramite Elfsight.","robots":{"index":"index","follow":"follow","max-snippet":"max-snippet:-1","max-image-preview":"max-image-preview:large","max-video-preview":"max-video-preview:-1"},"canonical":"https:\/\/elfsight.com\/it\/countdown-timer-widget\/bigcommerce\/","og_locale":"it_IT","og_type":"article","og_title":"La migliore app timer per il conto alla rovescia di BigCommerce per siti Web (2025)","og_description":"Installa l'app Countdown Timer sul tuo sito BigCommerce solo in un paio di minuti. Esplora un modo semplice e veloce per creare vari plug-in di siti Web tramite Elfsight.","og_url":"https:\/\/elfsight.com\/it\/countdown-timer-widget\/bigcommerce\/","og_site_name":"Elfsight IT","article_modified_time":"2025-03-12T13:51:40+00:00","twitter_card":"summary_large_image","twitter_misc":{"Tempo di lettura stimato":"4 minuti"},"schema":{"@context":"https:\/\/schema.org","@graph":[{"@type":"WebPage","@id":"https:\/\/elfsight.com\/it\/countdown-timer-widget\/bigcommerce\/","url":"https:\/\/elfsight.com\/it\/countdown-timer-widget\/bigcommerce\/","name":"La migliore app timer per il conto alla rovescia di BigCommerce per siti Web (2025)","isPartOf":{"@id":"https:\/\/elfsight.com\/it\/#website"},"datePublished":"2024-05-03T06:34:22+00:00","dateModified":"2025-03-12T13:51:40+00:00","description":"Installa l'app Countdown Timer sul tuo sito BigCommerce solo in un paio di minuti. Esplora un modo semplice e veloce per creare vari plug-in di siti Web tramite Elfsight.","breadcrumb":{"@id":"https:\/\/elfsight.com\/it\/countdown-timer-widget\/bigcommerce\/#breadcrumb"},"inLanguage":"it-IT","potentialAction":[{"@type":"ReadAction","target":["https:\/\/elfsight.com\/it\/countdown-timer-widget\/bigcommerce\/"]}]},{"@type":"BreadcrumbList","@id":"https:\/\/elfsight.com\/it\/countdown-timer-widget\/bigcommerce\/#breadcrumb","itemListElement":[{"@type":"ListItem","position":1,"name":"Home","item":"https:\/\/elfsight.com\/it\/"},{"@type":"ListItem","position":2,"name":"Countdown Timer","item":"https:\/\/elfsight.com\/it\/countdown-timer-widget\/"},{"@type":"ListItem","position":3,"name":"Countdown Timer &#8211; BigCommerce"}]},{"@type":"WebSite","@id":"https:\/\/elfsight.com\/it\/#website","url":"https:\/\/elfsight.com\/it\/","name":"Elfsight IT","description":"Just another Elfsight Sites site","potentialAction":[{"@type":"SearchAction","target":{"@type":"EntryPoint","urlTemplate":"https:\/\/elfsight.com\/it\/?s={search_term_string}"},"query-input":{"@type":"PropertyValueSpecification","valueRequired":true,"valueName":"search_term_string"}}],"inLanguage":"it-IT"}]}},"meta_box":{"industry":"","seo_heading":"","heading":"","description":"","cta_heading":"","cta_description":"","application":"1108","h1":"Applicazione timer per il conto alla rovescia di BigCommerce","h1_caption":"Imposta un conto alla rovescia per eventi o promozioni importanti, creando facilmente un senso di urgenza per i tuoi visitatori nel tuo sito web BigCommerce.","application_category":[],"applications_title":"","applications_request_title":"","applications_request_button_text":"","hero_text":"","hero_video":"","hero_video_schema_markup":"","selling_points_title":"","selling_points_caption":"","selling_points":[],"selling_points_cta_text":"","features_title":"","features":"","ed_cta_examples_text":"","ed_cta_examples_hidden":"","ed_cta_demo_text":"","ed_cta_demo_hidden":"","why_caption":"","why_editor_title":"","why_editor_text":"","why_team_title":"","why_team_text":"","why_service_title":"","why_service_text":"","template_catalog_visible":"0","template_catalog_title":"","template_catalog_text":"","template_catalog_categories_visible":"","demo_title":"Crea la tua app per il conto alla rovescia","demo_caption":"Configura il tuo timer per il conto alla rovescia e aggiungilo gratuitamente al tuo sito web BigCommerce!","default_faq_hidden":"","app_template_category":[],"platform":"32","template_public_id":"","codecanyon_url":"","codecanyon_item_id":"","codecanyon_price":"","pricing_caption":"","pricing_elfsight_apps_hide_column":"","pricing_elfsight_apps_url":"","pricing_codecanyon_price_caption":"","integration_category":[],"integration_request_title":"","integration_request_cta":"","integration_platform":"","integrations":[],"platform_category":[],"video_schema_markup":"","price":"da $ 0 al mese","trial":"","benefits":[{"text":"Assistenza gratuita per l'installazione"},{"text":"Supporto eccezionale"},{"text":"Garanzia di rimborso di 14 giorni"},{"text":"Miglioramenti gratuiti continui"}],"button_url":"#demo","button_target_blank":"0","button_nofollow":"0","attributes":[{"name":"Installazioni"},{"name":"Reattivo","content":"S\u00cc"},{"name":"Browser compatibili","content":"Firefox, Safari, Opera, Chrome, Edge"}],"tags":[],"tags_disable_links":"0","hide_more_platforms":"0","video_object":"","demo_hide_cta":"0","demo_hide_cloud_options":"0","pricing_title":"","pricing":[{"pricing_icon":"platform","pricing_title":"Elfsight Apps","pricing_title_caption":"Soluzione digitale multipiattaforma adatta a qualsiasi sito web","pricing_price":"da $ 0 \/ mese","pricing_price_caption":"inizia con un piano gratuito","pricing_benefits":[{"text":"Domini illimitati"},{"text":"Assistenza clienti professionale"},{"text":"Servizio di installazione gratuito"},{"text":"100% personalizzabile"}],"pricing_button_text":"Aggiungi al sito web","pricing_button_url":"#demo"}],"related_apps_title":"","related_apps_hidden":"0","author":"","image":[],"title":"","job":"","social_networks":[]},"_links":{"self":[{"href":"https:\/\/elfsight.com\/it\/wp-json\/wp\/v2\/pages\/4268","targetHints":{"allow":["GET"]}}],"collection":[{"href":"https:\/\/elfsight.com\/it\/wp-json\/wp\/v2\/pages"}],"about":[{"href":"https:\/\/elfsight.com\/it\/wp-json\/wp\/v2\/types\/page"}],"author":[{"embeddable":true,"href":"https:\/\/elfsight.com\/it\/wp-json\/wp\/v2\/users\/9"}],"replies":[{"embeddable":true,"href":"https:\/\/elfsight.com\/it\/wp-json\/wp\/v2\/comments?post=4268"}],"version-history":[{"count":3,"href":"https:\/\/elfsight.com\/it\/wp-json\/wp\/v2\/pages\/4268\/revisions"}],"predecessor-version":[{"id":8582,"href":"https:\/\/elfsight.com\/it\/wp-json\/wp\/v2\/pages\/4268\/revisions\/8582"}],"up":[{"embeddable":true,"href":"https:\/\/elfsight.com\/it\/wp-json\/wp\/v2\/pages\/1109"}],"wp:attachment":[{"href":"https:\/\/elfsight.com\/it\/wp-json\/wp\/v2\/media?parent=4268"}],"curies":[{"name":"wp","href":"https:\/\/api.w.org\/{rel}","templated":true}]}}