{"id":4267,"date":"2024-05-03T06:34:21","date_gmt":"2024-05-03T06:34:21","guid":{"rendered":"https:\/\/elfsight.com\/it\/?page_id=4267"},"modified":"2025-03-12T13:55:29","modified_gmt":"2025-03-12T13:55:29","slug":"drupal","status":"publish","type":"page","link":"https:\/\/elfsight.com\/it\/countdown-timer-widget\/drupal\/","title":{"rendered":"Countdown Timer &#8211; Drupal"},"content":{"rendered":"\n<div class=\"application-platform-content-item-description application-platform-content-item\" id=\"description\" data-nav-section=\"description\"><h2>Descrizione<\/h2><p>Puoi utilizzare il modulo Elfsight Countdown Clock per visualizzare diversi tipi di conteggi e timer che stimolano la clientela all&#8217;acquisto. Il conteggio delle scorte o delle vendite creer\u00e0 una sensazione di deficit e concorrenza; il conto alla rovescia dei saldi stimoler\u00e0 gli acquirenti a fare acquisti prima di perdere una grande quantit\u00e0. Un conto alla rovescia personale stimoler\u00e0 ogni cliente ad utilizzare subito un&#8217;offerta personale; i banner festivi con offerte speciali attireranno l&#8217;attenzione grazie al design del tema.<\/p><p><b>Rendi i tuoi eventi e le tue vendite impossibili da perdere e attira pi\u00f9 acquisti.<\/b><\/p><p><b> Ispira gli utenti a fare acquisti evocando un senso di urgenza.<\/b><br> Fai in modo che i tuoi clienti abbiano paura di perdere il tuo grande affare, mostrando il tempo che passa fino alla fine. Far\u00e0 s\u00ec che i visitatori acquistino pi\u00f9 velocemente e aumenter\u00e0 le vendite sul tuo sito.<\/p><p><b>Dimostrare la diminuzione delle scorte per aumentare il valore degli articoli. <\/b><br> Crea un senso di concorrenza per i tuoi articoli mostrando come la quantit\u00e0 di acquisti aumenta e le scorte diminuiscono. Il valore percepito del prodotto aumenter\u00e0 e anche gli utenti vorranno ottenerlo.<\/p><p><b>Attira pi\u00f9 attenzione sulla tua vendita con una speciale barra del timer in stile festivo.<\/b><br> Utilizzo di barre tematiche accattivanti , puoi pubblicizzare le tue offerte e saldi stagionali. Sfrutta al meglio le vacanze per aumentare le vendite sul tuo sito.<\/p><\/div><div class=\"application-platform-content-item-features application-platform-content-item\" id=\"features\" data-nav-section=\"features\"><h2>Funzionalit\u00e0<\/h2><p>5 funzionalit\u00e0 che rendono Elfsight Countdown una soluzione essenziale per il sito web Drupal:<\/p><ul><li>Due azioni allo scadere del timer: nascondere il timer o mostrare il messaggio;<\/li><li>Opzione per aprire il collegamento del pulsante in una nuova scheda;<\/li><li> Quattro unit\u00e0 di tempo: giorni, ore, minuti, secondi;<\/li><li>Allinea varianti per posizione personalizzata: sinistra, destra, centro;<\/li><li>Interfaccia reattiva con adattamento automatico alle dimensioni dello schermo.<\/li><\/ul><p><a href=\"#demo\">Prova tutti i dettagli<\/a><\/p><\/div><div class=\"application-platform-content-item-installation application-platform-content-item\" id=\"installation\" data-nav-section=\"installation\"><h2>Come aggiungere il timer per il conto alla rovescia al sito web Drupal<\/h2><div class=\"video-container\"><iframe width=\"560\" height=\"315\" src=\"https:\/\/www.youtube.com\/embed\/DQ_PODhRgU4?si=uFSY5RW84Dh1kRhQ\" frameborder=\"0\" allow=\"accelerometer; autoplay; clipboard-write; encrypted-media; gyroscope; picture-in-picture; web-share\" allowfullscreen><\/iframe><\/div><p>Basta applicare le istruzioni seguenti per iniziare a lavorare con lo strumento su Drupal.<\/p> <ol><li><b>Lancia il nostro editor gratuito e inizia costruendo il tuo modulo timer unico. <\/b><br> Scegli il design e i parametri preferiti del modulo e applica le modifiche. <\/li> <li><b>Ricevi il codice univoco che viene mostrato nella finestra su Elfsight Apps. <\/b><br> Non appena la configurazione del tuo modulo personale sar\u00e0 completata, copia il codice esclusivo dal popup visualizzato e salvalo per occasioni future. <\/li> <li><b>Accedi all&#8217;utilizzo del plugin sul sito Drupal. <\/b><br> Inserisci il codice salvato di recente nella tua pagina e applica le modifiche. <\/li> <li><b>Il gioco \u00e8 fatto! L&#8217;integrazione \u00e8 stata eseguita con successo. <\/b><br> Vai alla tua pagina per verificare come funziona il modulo. <\/li><\/ol><p>Ti sono sorte alcune domande durante l&#8217;utilizzo del manuale? Contatta il servizio di supporto Elfsight o visualizza un <a href=\"https:\/\/elfsight.com\/tutorials\/how-to-add-countdown-timer-to-drupal\/\" target=\"_blank\" rel=\"noopener noreferrer\">dettagliato testo della guida<\/a> e completa tu stesso l&#8217;aggiunta.<\/p><div class=\"faq\" data-component=\"FAQ\"> <div class=\"faq-item\">\r\n\t\t\t\t\t<div class=\"faq-item-question\">\r\n\t\t\t\t\t\t<h3 class=\"faq-item-question-text\">Come aggiungere un timer per il conto alla rovescia al mio sito Web Drupal senza competenze di codifica?<\/h3>\r\n\r\n\t\t\t\t\t\t<div class=\"faq-item-question-icon\"><\/div>\r\n\t\t\t\t\t<\/div>\r\n\r\n\t\t\t\t\t<div class=\"faq-item-answer\">\r\n\t\t\t\t\t\t<div class=\"faq-item-answer-text\"> <p>Elfsight fornisce una soluzione SaaS che ti consente di creare tu stesso un widget per il conto alla rovescia, scopri quanto \u00e8 semplice il processo: lavora direttamente nell&#8217;editor online per creare un widget per il conto alla rovescia che vorresti vedere sul tuo sito Drupal. Scegli uno dei modelli predefiniti e regola le impostazioni del timer per il conto alla rovescia, aggiungi i tuoi contenuti, modifica il layout e i colori senza competenze di codifica. Salva il timer per il conto alla rovescia e copia il codice di installazione, che potrai semplicemente incollare nel tuo sito Drupal senza acquistare un abbonamento a pagamento. Con il nostro editor intuitivo qualsiasi utente di Internet pu\u00f2 creare un widget per il conto alla rovescia online e incorporarlo facilmente nel proprio sito Web Drupal. Non \u00e8 necessario pagare o inserire le credenziali della carta per accedere al servizio. In caso di problemi in qualsiasi momento, non esitate a contattare il nostro team di supporto tecnico.<\/p> <\/div>\r\n\t\t\t\t\t<\/div>\r\n\t\t\t\t<\/div> <\/div> <\/div>\n","protected":false},"excerpt":{"rendered":"","protected":false},"author":9,"featured_media":0,"parent":1109,"menu_order":0,"comment_status":"closed","ping_status":"closed","template":"templates\/template-application-platform.php","meta":{"publish_to_discourse":"","publish_post_category":"","wpdc_auto_publish_overridden":"","wpdc_topic_tags":"","wpdc_pin_topic":"","wpdc_pin_until":"","discourse_post_id":"","discourse_permalink":"","wpdc_publishing_response":"","wpdc_publishing_error":"","footnotes":""},"class_list":["post-4267","page","type-page","status-publish","hentry"],"yoast_head":"<!-- This site is optimized with the Yoast SEO plugin v25.3.1 - https:\/\/yoast.com\/wordpress\/plugins\/seo\/ -->\n<title>Il miglior modulo Drupal Countdown Timer per il sito web (2025)<\/title>\n<meta name=\"description\" content=\"Crea il miglior modulo Countdown Timer per il tuo sito Drupal. Esplora il nostro editor flessibile e genera un plugin personale in solo 1 minuto.\" \/>\n<meta name=\"robots\" content=\"index, follow, max-snippet:-1, max-image-preview:large, max-video-preview:-1\" \/>\n<link rel=\"canonical\" href=\"https:\/\/elfsight.com\/it\/countdown-timer-widget\/drupal\/\" \/>\n<meta property=\"og:locale\" content=\"it_IT\" \/>\n<meta property=\"og:type\" content=\"article\" \/>\n<meta property=\"og:title\" content=\"Il miglior modulo Drupal Countdown Timer per il sito web (2025)\" \/>\n<meta property=\"og:description\" content=\"Crea il miglior modulo Countdown Timer per il tuo sito Drupal. Esplora il nostro editor flessibile e genera un plugin personale in solo 1 minuto.\" \/>\n<meta property=\"og:url\" content=\"https:\/\/elfsight.com\/it\/countdown-timer-widget\/drupal\/\" \/>\n<meta property=\"og:site_name\" content=\"Elfsight IT\" \/>\n<meta property=\"article:modified_time\" content=\"2025-03-12T13:55:29+00:00\" \/>\n<meta name=\"twitter:card\" content=\"summary_large_image\" \/>\n<meta name=\"twitter:label1\" content=\"Tempo di lettura stimato\" \/>\n\t<meta name=\"twitter:data1\" content=\"4 minuti\" \/>\n<!-- \/ Yoast SEO plugin. -->","yoast_head_json":{"title":"Il miglior modulo Drupal Countdown Timer per il sito web (2025)","description":"Crea il miglior modulo Countdown Timer per il tuo sito Drupal. Esplora il nostro editor flessibile e genera un plugin personale in solo 1 minuto.","robots":{"index":"index","follow":"follow","max-snippet":"max-snippet:-1","max-image-preview":"max-image-preview:large","max-video-preview":"max-video-preview:-1"},"canonical":"https:\/\/elfsight.com\/it\/countdown-timer-widget\/drupal\/","og_locale":"it_IT","og_type":"article","og_title":"Il miglior modulo Drupal Countdown Timer per il sito web (2025)","og_description":"Crea il miglior modulo Countdown Timer per il tuo sito Drupal. Esplora il nostro editor flessibile e genera un plugin personale in solo 1 minuto.","og_url":"https:\/\/elfsight.com\/it\/countdown-timer-widget\/drupal\/","og_site_name":"Elfsight IT","article_modified_time":"2025-03-12T13:55:29+00:00","twitter_card":"summary_large_image","twitter_misc":{"Tempo di lettura stimato":"4 minuti"},"schema":{"@context":"https:\/\/schema.org","@graph":[{"@type":"WebPage","@id":"https:\/\/elfsight.com\/it\/countdown-timer-widget\/drupal\/","url":"https:\/\/elfsight.com\/it\/countdown-timer-widget\/drupal\/","name":"Il miglior modulo Drupal Countdown Timer per il sito web (2025)","isPartOf":{"@id":"https:\/\/elfsight.com\/it\/#website"},"datePublished":"2024-05-03T06:34:21+00:00","dateModified":"2025-03-12T13:55:29+00:00","description":"Crea il miglior modulo Countdown Timer per il tuo sito Drupal. Esplora il nostro editor flessibile e genera un plugin personale in solo 1 minuto.","breadcrumb":{"@id":"https:\/\/elfsight.com\/it\/countdown-timer-widget\/drupal\/#breadcrumb"},"inLanguage":"it-IT","potentialAction":[{"@type":"ReadAction","target":["https:\/\/elfsight.com\/it\/countdown-timer-widget\/drupal\/"]}]},{"@type":"BreadcrumbList","@id":"https:\/\/elfsight.com\/it\/countdown-timer-widget\/drupal\/#breadcrumb","itemListElement":[{"@type":"ListItem","position":1,"name":"Home","item":"https:\/\/elfsight.com\/it\/"},{"@type":"ListItem","position":2,"name":"Countdown Timer","item":"https:\/\/elfsight.com\/it\/countdown-timer-widget\/"},{"@type":"ListItem","position":3,"name":"Countdown Timer &#8211; Drupal"}]},{"@type":"WebSite","@id":"https:\/\/elfsight.com\/it\/#website","url":"https:\/\/elfsight.com\/it\/","name":"Elfsight IT","description":"Just another Elfsight Sites site","potentialAction":[{"@type":"SearchAction","target":{"@type":"EntryPoint","urlTemplate":"https:\/\/elfsight.com\/it\/?s={search_term_string}"},"query-input":{"@type":"PropertyValueSpecification","valueRequired":true,"valueName":"search_term_string"}}],"inLanguage":"it-IT"}]}},"meta_box":{"industry":"","seo_heading":"","heading":"","description":"","cta_heading":"","cta_description":"","application":"1108","h1":"Modulo Drupal Countdown Timer","h1_caption":"Imposta un conto alla rovescia per eventi o promozioni importanti, creando facilmente un senso di urgenza per i tuoi visitatori nel tuo sito Drupal.","application_category":[],"applications_title":"","applications_request_title":"","applications_request_button_text":"","hero_text":"","hero_video":"","hero_video_schema_markup":"","selling_points_title":"","selling_points_caption":"","selling_points":[],"selling_points_cta_text":"","features_title":"","features":"","ed_cta_examples_text":"","ed_cta_examples_hidden":"","ed_cta_demo_text":"","ed_cta_demo_hidden":"","why_caption":"","why_editor_title":"","why_editor_text":"","why_team_title":"","why_team_text":"","why_service_title":"","why_service_text":"","template_catalog_visible":"0","template_catalog_title":"","template_catalog_text":"","template_catalog_categories_visible":"","demo_title":"Crea il tuo modulo timer per il conto alla rovescia","demo_caption":"Configura il tuo timer per il conto alla rovescia e aggiungilo gratuitamente al tuo sito Drupal!","default_faq_hidden":"","app_template_category":[],"platform":"34","template_public_id":"","codecanyon_url":"","codecanyon_item_id":"","codecanyon_price":"","pricing_caption":"","pricing_elfsight_apps_hide_column":"","pricing_elfsight_apps_url":"","pricing_codecanyon_price_caption":"","integration_category":[],"integration_request_title":"","integration_request_cta":"","integration_platform":"","integrations":[],"platform_category":[],"video_schema_markup":"","price":"da $ 0 al mese","trial":"","benefits":[{"text":"Servizio di installazione gratuito"},{"text":"Assistenza clienti con esperienza"},{"text":"Garanzia di rimborso di 14 giorni"},{"text":"Miglioramenti continui"}],"button_url":"#demo","button_target_blank":"0","button_nofollow":"0","attributes":[{"name":"Installazioni"},{"name":"Reattivo","content":"S\u00cc"},{"name":"Browser compatibili","content":"IE11, Firefox, Safari, Opera, Chrome, Edge"}],"tags":[],"tags_disable_links":"0","hide_more_platforms":"0","video_object":"","demo_hide_cta":"0","demo_hide_cloud_options":"0","pricing_title":"","pricing":[{"pricing_icon":"platform","pricing_title":"Elfsight Apps","pricing_title_caption":"Soluzione multipiattaforma","pricing_price":"da $ 0 \/ mese","pricing_price_caption":"inizia con il piano gratuito","pricing_benefits":[{"text":"Siti web illimitati"},{"text":"Supporto professionale"},{"text":"Aiuto gratuito per l'installazione"},{"text":"Offerta speciale per pi\u00f9 app"}],"pricing_button_text":"Aggiungi al sito web","pricing_button_url":"#demo"}],"related_apps_title":"","related_apps_hidden":"0","author":"","image":[],"title":"","job":"","social_networks":[]},"_links":{"self":[{"href":"https:\/\/elfsight.com\/it\/wp-json\/wp\/v2\/pages\/4267","targetHints":{"allow":["GET"]}}],"collection":[{"href":"https:\/\/elfsight.com\/it\/wp-json\/wp\/v2\/pages"}],"about":[{"href":"https:\/\/elfsight.com\/it\/wp-json\/wp\/v2\/types\/page"}],"author":[{"embeddable":true,"href":"https:\/\/elfsight.com\/it\/wp-json\/wp\/v2\/users\/9"}],"replies":[{"embeddable":true,"href":"https:\/\/elfsight.com\/it\/wp-json\/wp\/v2\/comments?post=4267"}],"version-history":[{"count":3,"href":"https:\/\/elfsight.com\/it\/wp-json\/wp\/v2\/pages\/4267\/revisions"}],"predecessor-version":[{"id":8584,"href":"https:\/\/elfsight.com\/it\/wp-json\/wp\/v2\/pages\/4267\/revisions\/8584"}],"up":[{"embeddable":true,"href":"https:\/\/elfsight.com\/it\/wp-json\/wp\/v2\/pages\/1109"}],"wp:attachment":[{"href":"https:\/\/elfsight.com\/it\/wp-json\/wp\/v2\/media?parent=4267"}],"curies":[{"name":"wp","href":"https:\/\/api.w.org\/{rel}","templated":true}]}}