{"id":4266,"date":"2024-05-03T06:34:20","date_gmt":"2024-05-03T06:34:20","guid":{"rendered":"https:\/\/elfsight.com\/it\/?page_id=4266"},"modified":"2025-03-13T05:57:07","modified_gmt":"2025-03-13T05:57:07","slug":"html","status":"publish","type":"page","link":"https:\/\/elfsight.com\/it\/countdown-timer-widget\/html\/","title":{"rendered":"Countdown Timer &#8211; HTML"},"content":{"rendered":"\n<div class=\"application-platform-content-item-description application-platform-content-item\" id=\"description\" data-nav-section=\"description\"><h2>Descrizione<\/h2><p>Utilizza il generatore di orologio per il conto alla rovescia Elfsight per impostare qualsiasi tipo di conteggio e timer che ispirer\u00e0 i visitatori ad acquistare sul tuo sito web. Il conteggio delle scorte o delle vendite porter\u00e0 un senso di scarsit\u00e0 e competizione; il conto alla rovescia per le vendite accelerer\u00e0 l&#8217;acquisto da parte della clientela prima che perda un&#8217;offerta vantaggiosa. Un conto alla rovescia individuale incoragger\u00e0 ogni persona a utilizzare un accordo personale pi\u00f9 velocemente; i bar festivi attireranno l&#8217;attenzione grazie alla decorazione a tema.<\/p><p><b>Aumenta le vendite del tuo sito web con timer e conteggi che creano urgenza.<\/b><\/p><p><b>Stimola gli acquirenti ad acquistare impostando una sensazione di urgenza. <\/b><br>Visualizza i timer per il conto alla rovescia, che scandiranno il tempo rimasto fino alla fine del periodo di vendita o dell&#8217;offerta speciale. Produrranno un senso di urgenza e spingeranno gli utenti a prendere una decisione di acquisto pi\u00f9 rapidamente.<\/p><p><b>Dimostrare la riduzione delle scorte al fine di aumentare il valore degli articoli. <\/b><br>Produci un sentimento di concorrenza per i tuoi prodotti dimostrando come il numero delle vendite aumenta e le scorte diminuiscono. Il valore dell&#8217;articolo aumenter\u00e0 e anche gli acquirenti vorranno acquistare un articolo.<\/p><p><b>Attira pi\u00f9 attenzione sulle tue vendite utilizzando un&#8217;accattivante barra del timer in stile festivo.<\/b><br>Dimostra attraente bar con vendita a tema per vacanze e occasioni speciali. Rifletter\u00e0 l&#8217;atmosfera natalizia e promuover\u00e0 le tue offerte speciali per aiutarti a vendere di pi\u00f9 durante una stagione redditizia.<\/p><\/div><div class=\"application-platform-content-item-features application-platform-content-item\" id=\"features\" data-nav-section=\"features\"><h2>Funzionalit\u00e0<\/h2><p>Un sacco di propriet\u00e0, che rendono il nostro codice per il conto alla rovescia il widget pi\u00f9 importante per ogni sito Web HTML.<\/p><ul><li>Opzione per impostare data e ora di inizio e fine;<\/li><li>Opzione per mostrare un messaggio prima del timer;<\/li><li>Testo modificabile del messaggio di fine del timer;<\/li><li>Quattro varianti di posizione: superiore statica, superiore o inferiore mobile e posizione personalizzata;<\/li><li>Dimensioni personalizzabili del timer e pulsante.<\/li><\/ul><a href=\"#demo\">Prova l&#8217;elenco completo dei vantaggi nel nostro editor gratuito<\/a><\/div><div class=\"application-platform-content-item-installation application-platform-content-item\" id=\"installation\" data-nav-section=\"installation\"><h2>Come fare incorpora l&#8217;orologio per il conto alla rovescia o il timer nel sito Web HTML<\/h2><div class=\"video-container\"><iframe width=\"720\" height=\"405\" src=\"https:\/\/www.youtube.com\/embed\/9zOVr8oPok0\" frameborder=\"0\" allowfullscreen=\"\"><\/iframe><\/div><p>Quando crei il tuo widget, ricevi il codice per il conto alla rovescia per qualsiasi sito web. Questo codice HTML \u00e8 semplice da ottenere e incorporare nella posizione desiderata. Puoi semplicemente iniziare con la demo, adattare tutto in base agli obiettivi del tuo sito web e ottenere il codice HTML per l&#8217;incorporamento. Per incorporare il widget nel tuo sito web non avrai bisogno di conoscenze di programmazione n\u00e9 di molto tempo. Solo 3 semplici passaggi e 3 minuti.<\/p><ol><li><b>Progetta il tuo timer per il conto alla rovescia personalizzato<\/b>.<br> Utilizzando il nostro configuratore gratuito, crea un plugin con l&#8217;aspetto e le impostazioni desiderate.<\/li> <li><b>Copia il codice per incorporare il plugin<\/b>.<br> Dopo la creazione del widget, acquisisci il codice per il widget Conto alla rovescia dalla notifica apparsa su Elfsight Apps.<\/li><li><b>Aggiungi il widget alla pagina HTML<\/b>.<br> Apri il codice della pagina nell&#8217;editor HTML, inserisci il widget nell&#8217;area richiesta (contenuto, pi\u00e8 di pagina, barra laterale ecc.) e applica le modifiche.<\/li><li><b>Hai finito!<\/b><br> Apri il tuo sito per vedere il tuo plugin.<\/li><\/ol><p>\u00c8 un processo molto rapido che qualsiasi utente pu\u00f2 gestire. Non sono richieste competenze di programmazione per creare un widget personalizzato e inserirlo nel tuo sito web. Inoltre, ci sono molte utili funzionalit\u00e0 che contribuiscono alla tua esperienza e a quella dei visitatori del tuo sito web. Trovi difficile modellare o aggiungere il conto alla rovescia su un sito? Rivolgiti al nostro team di assistenza o leggi il nostro <a href=\"https:\/\/elfsight.com\/tutorials\/how-to-add-countdown-timer-to-html-website\/\" target=\"_blank\" rel=\"noopener noreferrer\">guida sull&#8217;aggiunta di conti alla rovescia HTML ai siti web<\/a>. Ti aiuteremo a incorporare il tuo widget personale nella pagina desiderata del tuo sito web.<\/p><\/div><div class=\"faq\" data-component=\"FAQ\"><div class=\"faq-item\">\r\n\t\t\t\t\t<div class=\"faq-item-question\">\r\n\t\t\t\t\t\t<h3 class=\"faq-item-question-text\">I migliori esempi di utilizzo di Countdown Clock integrazione<\/h3>\r\n\r\n\t\t\t\t\t\t<div class=\"faq-item-question-icon\"><\/div>\r\n\t\t\t\t\t<\/div>\r\n\r\n\t\t\t\t\t<div class=\"faq-item-answer\">\r\n\t\t\t\t\t\t<div class=\"faq-item-answer-text\"><p>Abbiamo una serie di possibilit\u00e0 di personalizzazione: widget a lunghezza intera da implementare nell&#8217;area dei contenuti, widget mobili per la funzionalit\u00e0 di scorrimento, layout per il pi\u00e8 di pagina, la sezione principale e tutte le varianti delle opportunit\u00e0 verticali per le barre laterali e i menu del sito web. <\/p><\/div>\r\n\t\t\t\t\t<\/div>\r\n\t\t\t\t<\/div><div class=\"faq-item\">\r\n\t\t\t\t\t<div class=\"faq-item-question\">\r\n\t\t\t\t\t\t<h3 class=\"faq-item-question-text\">Come posso creare un contatore di azioni o fama tramite l'agenzia dell'editore?<\/h3>\r\n\r\n\t\t\t\t\t\t<div class=\"faq-item-question-icon\"><\/div>\r\n\t\t\t\t\t<\/div>\r\n\r\n\t\t\t\t\t<div class=\"faq-item-answer\">\r\n\t\t\t\t\t\t<div class=\"faq-item-answer-text\"><p>Sei libero di creare qualsiasi variante del widget. Ci sono molti layout applicabili nell&#8217;editor e tutti possono essere rapidamente personalizzati nel modo desiderato. <\/p><\/div>\r\n\t\t\t\t\t<\/div>\r\n\t\t\t\t<\/div><\/div>\n","protected":false},"excerpt":{"rendered":"","protected":false},"author":9,"featured_media":0,"parent":1109,"menu_order":0,"comment_status":"closed","ping_status":"closed","template":"templates\/template-application-platform.php","meta":{"publish_to_discourse":"","publish_post_category":"","wpdc_auto_publish_overridden":"","wpdc_topic_tags":"","wpdc_pin_topic":"","wpdc_pin_until":"","discourse_post_id":"","discourse_permalink":"","wpdc_publishing_response":"","wpdc_publishing_error":"","footnotes":""},"class_list":["post-4266","page","type-page","status-publish","hentry"],"yoast_head":"<!-- This site is optimized with the Yoast SEO plugin v25.3.1 - https:\/\/yoast.com\/wordpress\/plugins\/seo\/ -->\n<title>Widget timer per il conto alla rovescia HTML - Aggiungi timer per il conto alla rovescia al sito Web HTML [2025]<\/title>\n<meta name=\"description\" content=\"Scopri come creare gratuitamente un widget timer in HTML. Crea un semplice timer per il conto alla rovescia HTML per aggiungere urgenza alla vendita dei prodotti sul tuo sito web.\" \/>\n<meta name=\"robots\" content=\"index, follow, max-snippet:-1, max-image-preview:large, max-video-preview:-1\" \/>\n<link rel=\"canonical\" href=\"https:\/\/elfsight.com\/it\/countdown-timer-widget\/html\/\" \/>\n<meta property=\"og:locale\" content=\"it_IT\" \/>\n<meta property=\"og:type\" content=\"article\" \/>\n<meta property=\"og:title\" content=\"Widget timer per il conto alla rovescia HTML - Aggiungi timer per il conto alla rovescia al sito Web HTML [2025]\" \/>\n<meta property=\"og:description\" content=\"Scopri come creare gratuitamente un widget timer in HTML. Crea un semplice timer per il conto alla rovescia HTML per aggiungere urgenza alla vendita dei prodotti sul tuo sito web.\" \/>\n<meta property=\"og:url\" content=\"https:\/\/elfsight.com\/it\/countdown-timer-widget\/html\/\" \/>\n<meta property=\"og:site_name\" content=\"Elfsight IT\" \/>\n<meta property=\"article:modified_time\" content=\"2025-03-13T05:57:07+00:00\" \/>\n<meta name=\"twitter:card\" content=\"summary_large_image\" \/>\n<meta name=\"twitter:label1\" content=\"Tempo di lettura stimato\" \/>\n\t<meta name=\"twitter:data1\" content=\"4 minuti\" \/>\n<!-- \/ Yoast SEO plugin. -->","yoast_head_json":{"title":"Widget timer per il conto alla rovescia HTML - Aggiungi timer per il conto alla rovescia al sito Web HTML [2025]","description":"Scopri come creare gratuitamente un widget timer in HTML. Crea un semplice timer per il conto alla rovescia HTML per aggiungere urgenza alla vendita dei prodotti sul tuo sito web.","robots":{"index":"index","follow":"follow","max-snippet":"max-snippet:-1","max-image-preview":"max-image-preview:large","max-video-preview":"max-video-preview:-1"},"canonical":"https:\/\/elfsight.com\/it\/countdown-timer-widget\/html\/","og_locale":"it_IT","og_type":"article","og_title":"Widget timer per il conto alla rovescia HTML - Aggiungi timer per il conto alla rovescia al sito Web HTML [2025]","og_description":"Scopri come creare gratuitamente un widget timer in HTML. Crea un semplice timer per il conto alla rovescia HTML per aggiungere urgenza alla vendita dei prodotti sul tuo sito web.","og_url":"https:\/\/elfsight.com\/it\/countdown-timer-widget\/html\/","og_site_name":"Elfsight IT","article_modified_time":"2025-03-13T05:57:07+00:00","twitter_card":"summary_large_image","twitter_misc":{"Tempo di lettura stimato":"4 minuti"},"schema":{"@context":"https:\/\/schema.org","@graph":[{"@type":"WebPage","@id":"https:\/\/elfsight.com\/it\/countdown-timer-widget\/html\/","url":"https:\/\/elfsight.com\/it\/countdown-timer-widget\/html\/","name":"Widget timer per il conto alla rovescia HTML - Aggiungi timer per il conto alla rovescia al sito Web HTML [2025]","isPartOf":{"@id":"https:\/\/elfsight.com\/it\/#website"},"datePublished":"2024-05-03T06:34:20+00:00","dateModified":"2025-03-13T05:57:07+00:00","description":"Scopri come creare gratuitamente un widget timer in HTML. Crea un semplice timer per il conto alla rovescia HTML per aggiungere urgenza alla vendita dei prodotti sul tuo sito web.","breadcrumb":{"@id":"https:\/\/elfsight.com\/it\/countdown-timer-widget\/html\/#breadcrumb"},"inLanguage":"it-IT","potentialAction":[{"@type":"ReadAction","target":["https:\/\/elfsight.com\/it\/countdown-timer-widget\/html\/"]}]},{"@type":"BreadcrumbList","@id":"https:\/\/elfsight.com\/it\/countdown-timer-widget\/html\/#breadcrumb","itemListElement":[{"@type":"ListItem","position":1,"name":"Home","item":"https:\/\/elfsight.com\/it\/"},{"@type":"ListItem","position":2,"name":"Countdown Timer","item":"https:\/\/elfsight.com\/it\/countdown-timer-widget\/"},{"@type":"ListItem","position":3,"name":"Countdown Timer &#8211; HTML"}]},{"@type":"WebSite","@id":"https:\/\/elfsight.com\/it\/#website","url":"https:\/\/elfsight.com\/it\/","name":"Elfsight IT","description":"Just another Elfsight Sites site","potentialAction":[{"@type":"SearchAction","target":{"@type":"EntryPoint","urlTemplate":"https:\/\/elfsight.com\/it\/?s={search_term_string}"},"query-input":{"@type":"PropertyValueSpecification","valueRequired":true,"valueName":"search_term_string"}}],"inLanguage":"it-IT"}]}},"meta_box":{"industry":"","seo_heading":"","heading":"","description":"","cta_heading":"","cta_description":"","application":"1108","h1":"Widget timer conto alla rovescia HTML","h1_caption":"Imposta un conto alla rovescia per eventi o promozioni importanti, creando facilmente un senso di urgenza per i tuoi visitatori nel tuo sito Web HTML.","application_category":[],"applications_title":"","applications_request_title":"","applications_request_button_text":"","hero_text":"","hero_video":"","hero_video_schema_markup":"","selling_points_title":"","selling_points_caption":"","selling_points":[],"selling_points_cta_text":"","features_title":"","features":"","ed_cta_examples_text":"","ed_cta_examples_hidden":"","ed_cta_demo_text":"","ed_cta_demo_hidden":"","why_caption":"","why_editor_title":"","why_editor_text":"","why_team_title":"","why_team_text":"","why_service_title":"","why_service_text":"","template_catalog_visible":"0","template_catalog_title":"","template_catalog_text":"","template_catalog_categories_visible":"","demo_title":"Crea il tuo widget Conto alla rovescia","demo_caption":"Configura il tuo timer per il conto alla rovescia e aggiungilo gratuitamente al tuo sito Web HTML!","default_faq_hidden":"","app_template_category":[],"platform":"35","template_public_id":"","codecanyon_url":"","codecanyon_item_id":"","codecanyon_price":"","pricing_caption":"","pricing_elfsight_apps_hide_column":"","pricing_elfsight_apps_url":"","pricing_codecanyon_price_caption":"","integration_category":[],"integration_request_title":"","integration_request_cta":"","integration_platform":"","integrations":[],"platform_category":[],"video_schema_markup":"","price":"da $ 0 al mese","trial":"","benefits":[{"text":"Aiuto gratuito per l'installazione"},{"text":"Assistenza clienti con esperienza"},{"text":"Garanzia di rimborso di 14 giorni"},{"text":"Futuri miglioramenti gratuiti"}],"button_url":"#demo","button_target_blank":"0","button_nofollow":"0","attributes":[{"name":"Installazioni"},{"name":"Reattivo","content":"Progettazione adattiva"},{"name":"Browser compatibili","content":"Safari, Firefox, Chrome, Edge, Opera"}],"tags":[],"tags_disable_links":"0","hide_more_platforms":"0","video_object":"","demo_hide_cta":"0","demo_hide_cloud_options":"0","pricing_title":"","pricing":[{"pricing_icon":"platform","pricing_title":"Elfsight Apps","pricing_title_caption":"Soluzione digitale indipendente dalla piattaforma che funziona su qualsiasi sito web","pricing_price":"da $ 0 \/ mese","pricing_price_caption":"inizia con il piano gratuito","pricing_benefits":[{"text":"Domini illimitati"},{"text":"Supporto aziendale professionale e ben documentato"},{"text":"Assistenza per l'installazione gratuita"},{"text":"Offerta a tempo limitato per pi\u00f9 app"}],"pricing_button_text":"Aggiungi al sito web","pricing_button_url":"#demo"}],"related_apps_title":"","related_apps_hidden":"0","author":"","image":[],"title":"","job":"","social_networks":[]},"_links":{"self":[{"href":"https:\/\/elfsight.com\/it\/wp-json\/wp\/v2\/pages\/4266","targetHints":{"allow":["GET"]}}],"collection":[{"href":"https:\/\/elfsight.com\/it\/wp-json\/wp\/v2\/pages"}],"about":[{"href":"https:\/\/elfsight.com\/it\/wp-json\/wp\/v2\/types\/page"}],"author":[{"embeddable":true,"href":"https:\/\/elfsight.com\/it\/wp-json\/wp\/v2\/users\/9"}],"replies":[{"embeddable":true,"href":"https:\/\/elfsight.com\/it\/wp-json\/wp\/v2\/comments?post=4266"}],"version-history":[{"count":5,"href":"https:\/\/elfsight.com\/it\/wp-json\/wp\/v2\/pages\/4266\/revisions"}],"predecessor-version":[{"id":8588,"href":"https:\/\/elfsight.com\/it\/wp-json\/wp\/v2\/pages\/4266\/revisions\/8588"}],"up":[{"embeddable":true,"href":"https:\/\/elfsight.com\/it\/wp-json\/wp\/v2\/pages\/1109"}],"wp:attachment":[{"href":"https:\/\/elfsight.com\/it\/wp-json\/wp\/v2\/media?parent=4266"}],"curies":[{"name":"wp","href":"https:\/\/api.w.org\/{rel}","templated":true}]}}