{"id":4261,"date":"2024-05-03T06:34:19","date_gmt":"2024-05-03T06:34:19","guid":{"rendered":"https:\/\/elfsight.com\/it\/?page_id=4261"},"modified":"2025-03-13T06:04:48","modified_gmt":"2025-03-13T06:04:48","slug":"webnode","status":"publish","type":"page","link":"https:\/\/elfsight.com\/it\/countdown-timer-widget\/webnode\/","title":{"rendered":"Countdown Timer &#8211; Webnode"},"content":{"rendered":"\n<div class=\"application-platform-content-item-description application-platform-content-item\" id=\"description\" data-nav-section=\"description\"><h2>Descrizione<\/h2><p>Visualizza il conto alla rovescia per l&#8217;aumento delle vendite per il tuo sito con Elfsight Countdown Timer. Ravviva l&#8217;atmosfera e crea una sensazione di carenza delle tue offerte, dimostrando quanto velocemente vengono esaurite proprio davanti agli occhi dei visitatori. Convinci gli utenti che devono iniziare ad acquistare adesso, con il tempo che scade fino alla fine del periodo di offerta speciale. Attira l&#8217;attenzione sui tuoi eventi o festivit\u00e0 futuri e fai s\u00ec che i tuoi utenti li aspettino con impazienza con l&#8217;aiuto di un conto alla rovescia a tema.<\/p><p><b>Riscalda l&#8217;entusiasmo per lo shopping e stimola gli utenti a fare ulteriori acquisti. <\/b><\/p><p><b>Spingi il pubblico all&#8217;acquisto creando un senso di urgenza.<\/b><br> Fai in modo che i tuoi acquirenti sentano la paura di perdere tempo con i prezzi bassi, mentre il tempo scorre fino alla fine. Li far\u00e0 acquistare pi\u00f9 velocemente e aumenter\u00e0 le vendite sul tuo sito web.<\/p><p><b>Mostra che le scorte diminuiscono per aumentare il valore percepito degli articoli.<\/b><br> Mostra che i tuoi articoli vanno alla grande torte, utilizzando uno speciale conteggio delle scorte. In questo modo i visitatori apprezzeranno maggiormente i prodotti e saranno anche desiderosi di acquistarli.<\/p><p><b>Attira maggiore attenzione su un periodo di saldi tramite un&#8217;accattivante barra per il conto alla rovescia a tema festivo.<\/b><br> Posiziona barre di vendita a tema durante le vacanze e dimostra le tue offerte e vendite stagionali in grande stile. Non perdere l&#8217;occasione di acquistare regali e sfruttalo al massimo per aumentare le vendite sul tuo sito web.<\/p><\/div><div class=\"application-platform-content-item-features application-platform-content-item\" id=\"features\" data-nav-section=\"features\"><h2>Caratteristiche<\/h2><p>A numero di Pro, che riorganizzano il widget Elfsight in un plugin indispensabile per tutti i siti Webnode.<\/p><ul><li>Tre tipi di timer: inizio-fine, tempo rimanente per visitatore, inizio-fine conteggio dei numeri;<\/li><li>Opzione per creare un pulsante sotto il timer;<\/li><li>Opzione per spegnere qualsiasi unit\u00e0 di tempo;<\/li><li>Opzione per cambiare il colore del timer, pulsante , etichette e messaggi;<\/li><li>Design pulito che garantisce una perfetta integrazione in qualsiasi concetto di sito web.<\/li><\/ul><p><a href=\"#demo\">Conosci l&#8217;elenco completo delle caratteristiche nella demo<\/a><\/p><\/div><div class=\"application-platform-content-item-installation application-platform-content-item\" id=\"installation\" data-nav-section=\"installation\"><h2>Come aggiungere il timer per il conto alla rovescia a un sito Webnode<\/h2><p>Controlla queste istruzioni concise per integrare il widget nel tuo sito web senza competenze di sviluppo. L&#8217;esecuzione del tutorial richieder\u00e0 meno di 1 minuto.<\/p><ol><li><b>Costruisci il tuo conto alla rovescia unico<\/b>.<br> Utilizzando il nostro editor gratuito, crea un plugin con le preferenze layout e impostazioni.<\/li><li><b>Copia il codice per mostrare il plugin<\/b>.<br> Dopo aver configurato il widget, ricevi il codice per il plugin Countdown dalla notifica visualizzata sulle app Elfsight.<\/li><li><b>Pubblica il plugin sul tuo sito Webnode<\/b>.<br> Inserisci il plugin in un punto scelto della pagina e salva le modifiche.<\/li><li><b>Fatto!<\/b><br> Accedi al tuo sito per vedere come funziona il timer per il conto alla rovescia.<\/li><\/ol><p>Hai riscontrato difficolt\u00e0 durante la visualizzazione o la creazione del plug-in? Studia un <a href=\"https:\/\/elfsight.com\/tutorials\/how-to-add-countdown-timer-to-webnode-website\/\" target=\"_blank\" rel=\"noopener noreferrer\">tutorial dettagliato<\/a> sull&#8217;utilizzo del plugin per Webnode o rivolgiti al nostro Centro assistenza.<\/p><div class=\"faq\" data-component=\"FAQ\"> <div class=\"faq-item\">\r\n\t\t\t\t\t<div class=\"faq-item-question\">\r\n\t\t\t\t\t\t<h3 class=\"faq-item-question-text\">Come posso aggiungere un timer per il conto alla rovescia al mio sito Webnode senza competenze di programmazione?<\/h3>\r\n\r\n\t\t\t\t\t\t<div class=\"faq-item-question-icon\"><\/div>\r\n\t\t\t\t\t<\/div>\r\n\r\n\t\t\t\t\t<div class=\"faq-item-answer\">\r\n\t\t\t\t\t\t<div class=\"faq-item-answer-text\"> <p>Elfsight fornisce una soluzione SaaS che ti consente di creare tu stesso un widget per il conto alla rovescia, scopri quanto \u00e8 semplice il processo: lavora direttamente nell&#8217;editor online per creare un widget per il conto alla rovescia che vorresti vedere sul tuo sito Webnode. Scegli uno dei modelli predefiniti e regola le impostazioni del timer per il conto alla rovescia, aggiungi i tuoi contenuti, modifica il layout e la combinazione di colori senza alcuna competenza di codifica. Salva il timer per il conto alla rovescia e copia il codice di installazione, che potrai includere facilmente nel tuo sito Webnode senza dover acquistare un abbonamento a pagamento. Con il nostro editor intuitivo qualsiasi utente di Internet pu\u00f2 creare un widget per il conto alla rovescia online e incorporarlo facilmente nel proprio sito Webnode. Non \u00e8 necessario pagare o inserire le credenziali della carta per accedere al servizio. In caso di problemi in qualsiasi momento, non esitate a contattare il nostro team di supporto tecnico.<\/p> <\/div>\r\n\t\t\t\t\t<\/div>\r\n\t\t\t\t<\/div> <\/div> <\/div>\n","protected":false},"excerpt":{"rendered":"","protected":false},"author":9,"featured_media":0,"parent":1109,"menu_order":0,"comment_status":"closed","ping_status":"closed","template":"templates\/template-application-platform.php","meta":{"publish_to_discourse":"","publish_post_category":"","wpdc_auto_publish_overridden":"","wpdc_topic_tags":"","wpdc_pin_topic":"","wpdc_pin_until":"","discourse_post_id":"","discourse_permalink":"","wpdc_publishing_response":"","wpdc_publishing_error":"","footnotes":""},"class_list":["post-4261","page","type-page","status-publish","hentry"],"yoast_head":"<!-- This site is optimized with the Yoast SEO plugin v25.3.1 - https:\/\/yoast.com\/wordpress\/plugins\/seo\/ -->\n<title>Il miglior plugin Webnode Countdown Timer per siti web (2026)<\/title>\n<meta name=\"description\" content=\"Prova gratuitamente il miglior plugin per il conto alla rovescia per Webnode. Un&#039;installazione facile e veloce senza conoscenze nello sviluppo in solo 1 minuto.\" \/>\n<meta name=\"robots\" content=\"index, follow, max-snippet:-1, max-image-preview:large, max-video-preview:-1\" \/>\n<link rel=\"canonical\" href=\"https:\/\/elfsight.com\/it\/countdown-timer-widget\/webnode\/\" \/>\n<meta property=\"og:locale\" content=\"it_IT\" \/>\n<meta property=\"og:type\" content=\"article\" \/>\n<meta property=\"og:title\" content=\"Il miglior plugin Webnode Countdown Timer per siti web (2026)\" \/>\n<meta property=\"og:description\" content=\"Prova gratuitamente il miglior plugin per il conto alla rovescia per Webnode. Un&#039;installazione facile e veloce senza conoscenze nello sviluppo in solo 1 minuto.\" \/>\n<meta property=\"og:url\" content=\"https:\/\/elfsight.com\/it\/countdown-timer-widget\/webnode\/\" \/>\n<meta property=\"og:site_name\" content=\"Elfsight IT\" \/>\n<meta property=\"article:modified_time\" content=\"2025-03-13T06:04:48+00:00\" \/>\n<meta name=\"twitter:card\" content=\"summary_large_image\" \/>\n<meta name=\"twitter:label1\" content=\"Tempo di lettura stimato\" \/>\n\t<meta name=\"twitter:data1\" content=\"4 minuti\" \/>\n<!-- \/ Yoast SEO plugin. -->","yoast_head_json":{"title":"Il miglior plugin Webnode Countdown Timer per siti web (2026)","description":"Prova gratuitamente il miglior plugin per il conto alla rovescia per Webnode. Un'installazione facile e veloce senza conoscenze nello sviluppo in solo 1 minuto.","robots":{"index":"index","follow":"follow","max-snippet":"max-snippet:-1","max-image-preview":"max-image-preview:large","max-video-preview":"max-video-preview:-1"},"canonical":"https:\/\/elfsight.com\/it\/countdown-timer-widget\/webnode\/","og_locale":"it_IT","og_type":"article","og_title":"Il miglior plugin Webnode Countdown Timer per siti web (2026)","og_description":"Prova gratuitamente il miglior plugin per il conto alla rovescia per Webnode. Un'installazione facile e veloce senza conoscenze nello sviluppo in solo 1 minuto.","og_url":"https:\/\/elfsight.com\/it\/countdown-timer-widget\/webnode\/","og_site_name":"Elfsight IT","article_modified_time":"2025-03-13T06:04:48+00:00","twitter_card":"summary_large_image","twitter_misc":{"Tempo di lettura stimato":"4 minuti"},"schema":{"@context":"https:\/\/schema.org","@graph":[{"@type":"WebPage","@id":"https:\/\/elfsight.com\/it\/countdown-timer-widget\/webnode\/","url":"https:\/\/elfsight.com\/it\/countdown-timer-widget\/webnode\/","name":"Il miglior plugin Webnode Countdown Timer per siti web (2026)","isPartOf":{"@id":"https:\/\/elfsight.com\/it\/#website"},"datePublished":"2024-05-03T06:34:19+00:00","dateModified":"2025-03-13T06:04:48+00:00","description":"Prova gratuitamente il miglior plugin per il conto alla rovescia per Webnode. Un'installazione facile e veloce senza conoscenze nello sviluppo in solo 1 minuto.","breadcrumb":{"@id":"https:\/\/elfsight.com\/it\/countdown-timer-widget\/webnode\/#breadcrumb"},"inLanguage":"it-IT","potentialAction":[{"@type":"ReadAction","target":["https:\/\/elfsight.com\/it\/countdown-timer-widget\/webnode\/"]}]},{"@type":"BreadcrumbList","@id":"https:\/\/elfsight.com\/it\/countdown-timer-widget\/webnode\/#breadcrumb","itemListElement":[{"@type":"ListItem","position":1,"name":"Home","item":"https:\/\/elfsight.com\/it\/"},{"@type":"ListItem","position":2,"name":"Countdown Timer","item":"https:\/\/elfsight.com\/it\/countdown-timer-widget\/"},{"@type":"ListItem","position":3,"name":"Countdown Timer &#8211; Webnode"}]},{"@type":"WebSite","@id":"https:\/\/elfsight.com\/it\/#website","url":"https:\/\/elfsight.com\/it\/","name":"Elfsight IT","description":"Just another Elfsight Sites site","potentialAction":[{"@type":"SearchAction","target":{"@type":"EntryPoint","urlTemplate":"https:\/\/elfsight.com\/it\/?s={search_term_string}"},"query-input":{"@type":"PropertyValueSpecification","valueRequired":true,"valueName":"search_term_string"}}],"inLanguage":"it-IT"}]}},"meta_box":{"industry":"","seo_heading":"","heading":"","description":"","cta_heading":"","cta_description":"","application":"1108","h1":"Plug-in per il conto alla rovescia di Webnode","h1_caption":"Imposta un conto alla rovescia per eventi o promozioni importanti, creando facilmente un senso di urgenza per i tuoi visitatori nel tuo sito Webnode.","application_category":[],"applications_title":"","applications_request_title":"","applications_request_button_text":"","hero_text":"","hero_video":"","hero_video_schema_markup":"","selling_points_title":"","selling_points_caption":"","selling_points":[],"selling_points_cta_text":"","features_title":"","features":"","ed_cta_examples_text":"","ed_cta_examples_hidden":"","ed_cta_demo_text":"","ed_cta_demo_hidden":"","why_caption":"","why_editor_title":"","why_editor_text":"","why_team_title":"","why_team_text":"","why_service_title":"","why_service_text":"","template_catalog_visible":"0","template_catalog_title":"","template_catalog_text":"","template_catalog_categories_visible":"","demo_title":"Crea il tuo widget Conto alla rovescia","demo_caption":"Configura il tuo timer per il conto alla rovescia e aggiungilo gratuitamente al tuo sito Webnode!","default_faq_hidden":"","app_template_category":[],"platform":"47","template_public_id":"","codecanyon_url":"","codecanyon_item_id":"","codecanyon_price":"","pricing_caption":"","pricing_elfsight_apps_hide_column":"","pricing_elfsight_apps_url":"","pricing_codecanyon_price_caption":"","integration_category":[],"integration_request_title":"","integration_request_cta":"","integration_platform":"","integrations":[],"platform_category":[],"video_schema_markup":"","price":"da $ 0 al mese","trial":"","benefits":[{"text":"Servizio di installazione gratuito"},{"text":"Supporto premium"},{"text":"Garanzia di rimborso di 14 giorni"},{"text":"Aggiornamento costante"}],"button_url":"#demo","button_target_blank":"0","button_nofollow":"0","attributes":[{"name":"Installazioni"},{"name":"Reattivo","content":"S\u00cc"},{"name":"Browser compatibili","content":"Firefox, Safari, Opera, Chrome, Edge"}],"tags":[],"tags_disable_links":"0","hide_more_platforms":"0","video_object":"","demo_hide_cta":"0","demo_hide_cloud_options":"0","pricing_title":"","pricing":[{"pricing_icon":"platform","pricing_title":"Elfsight Apps","pricing_title_caption":"Versione multipiattaforma","pricing_price":"da $ 0 \/ mese","pricing_price_caption":"inizia con il piano gratuito","pricing_benefits":[{"text":"Siti web illimitati"},{"text":"Supporto aziendale professionale"},{"text":"Servizio di installazione gratuito"},{"text":"Offerta speciale per pi\u00f9 app"}],"pricing_button_text":"Aggiungi al sito web","pricing_button_url":"#demo"}],"related_apps_title":"","related_apps_hidden":"0","author":"","image":[],"title":"","job":"","social_networks":[]},"_links":{"self":[{"href":"https:\/\/elfsight.com\/it\/wp-json\/wp\/v2\/pages\/4261","targetHints":{"allow":["GET"]}}],"collection":[{"href":"https:\/\/elfsight.com\/it\/wp-json\/wp\/v2\/pages"}],"about":[{"href":"https:\/\/elfsight.com\/it\/wp-json\/wp\/v2\/types\/page"}],"author":[{"embeddable":true,"href":"https:\/\/elfsight.com\/it\/wp-json\/wp\/v2\/users\/9"}],"replies":[{"embeddable":true,"href":"https:\/\/elfsight.com\/it\/wp-json\/wp\/v2\/comments?post=4261"}],"version-history":[{"count":2,"href":"https:\/\/elfsight.com\/it\/wp-json\/wp\/v2\/pages\/4261\/revisions"}],"predecessor-version":[{"id":8591,"href":"https:\/\/elfsight.com\/it\/wp-json\/wp\/v2\/pages\/4261\/revisions\/8591"}],"up":[{"embeddable":true,"href":"https:\/\/elfsight.com\/it\/wp-json\/wp\/v2\/pages\/1109"}],"wp:attachment":[{"href":"https:\/\/elfsight.com\/it\/wp-json\/wp\/v2\/media?parent=4261"}],"curies":[{"name":"wp","href":"https:\/\/api.w.org\/{rel}","templated":true}]}}