{"id":4259,"date":"2024-05-03T06:34:17","date_gmt":"2024-05-03T06:34:17","guid":{"rendered":"https:\/\/elfsight.com\/it\/?page_id=4259"},"modified":"2025-03-12T13:53:12","modified_gmt":"2025-03-12T13:53:12","slug":"blogger","status":"publish","type":"page","link":"https:\/\/elfsight.com\/it\/countdown-timer-widget\/blogger\/","title":{"rendered":"Countdown Timer &#8211; Blogger"},"content":{"rendered":"\n<div class=\"application-platform-content-item-description application-platform-content-item\" id=\"description\" data-nav-section=\"description\"><h2>Descrizione<\/h2><p>Puoi utilizzare Elfsight Countdown Clock per costruire molteplici tipi di conteggi e timer, che spingeranno i clienti a fare acquisti di pi\u00f9 e pi\u00f9 velocemente. Il conteggio delle scorte o delle vendite evocher\u00e0 una sensazione di disponibilit\u00e0 limitata e concorrenza; il conto alla rovescia delle vendite spinger\u00e0 il pubblico ad acquistare pi\u00f9 velocemente. Un conto alla rovescia individuale incoragger\u00e0 ogni utente a utilizzare pi\u00f9 rapidamente un&#8217;offerta personale; i banner dei saldi natalizi attireranno l&#8217;attenzione grazie al suo fantastico stile a tema.<\/p><p><b>Aumenta le tue vendite online con timer e conteggi che creano urgenza.<\/b><\/p><p><b>Push clientela ad acquistare adesso trasmettendo un senso di urgenza.<\/b><br> Crea la paura di perdere la tua offerta speciale o la tua svendita mostrando che il tempo scorre fino all&#8217;ultimo giorno. In questo modo i clienti compreranno pi\u00f9 rapidamente e aumenteranno le vendite sul tuo sito.<\/p><p><b>Mostra la riduzione delle scorte per aumentare il valore degli articoli.<\/b><br> Mostra che i tuoi prodotti vengono venduti rapidamente e diventare deficit, con un conteggio delle scorte speciale. In questo modo le persone apprezzeranno di pi\u00f9 le offerte e diventeranno gelose di acquistarle.<\/p><p><b>Attira pi\u00f9 attenzione alle vendite utilizzando una speciale barra del timer a tema festivo.<\/b><br> Crea un&#8217;atmosfera luminosa bar con vendita a tema per feste e occasioni speciali. Porter\u00e0 un&#8217;atmosfera vacanziera e promuover\u00e0 le tue offerte vantaggiose per aiutarti a vendere di pi\u00f9 durante l&#8217;alta stagione.<\/p><\/div> <div class=\"application-platform-content-item-features application-platform-content-item\" id=\"features\" data-nav-section=\"features\"><h2>Funzionalit\u00e0<\/h2><p>Alcune delle principali caratteristiche, che rendono Elfsight Countdown la scelta migliore per un sito Blogger:<\/p><ul><li>Tre tipi di timer: inizio-fine, tempo rimanente per visitatore, conteggio dei numeri dall&#8217;inizio alla fine;<\/li><li>Testo del messaggio modificabile con formattazione;<\/li><li>Opzione per disattivare qualsiasi unit\u00e0 di tempo;<\/li><li>5 temi festivi per le occasioni pi\u00f9 popolari;<\/li><li>Opzione per impostare la dimensione del carattere del messaggio.<\/li><\/ul><p><a href=\"#demo\">Prova pi\u00f9 propriet\u00e0 nell&#8217;editor gratuito<\/a><\/p><\/div><div class=\"application-platform-content-item-installation  application-platform-content-item\" id=\"installation \" data-nav-section=\"installation \"><h2>Come aggiungere il timer per il conto alla rovescia al sito web di Blogger<\/h2><div class=\"video-container\"><iframe width=\"560\" height=\"315\" src=\"https:\/\/www.youtube.com\/embed\/fqq3aWXclWw?si=OdQhsrHBKLtQJ5do\" frameborder=\"0\" allow=\"accelerometer; autoplay; clipboard-write; encrypted-media; gyroscope; picture-in-picture; web-share\" allowfullscreen><\/iframe><\/div><p>Un semplice manuale sulla creazione di orologi e conteggi per il conto alla rovescia per un sito web, che non richiede conoscenze di programmazione. L&#8217;implementazione del manuale non richieder\u00e0 pi\u00f9 di qualche minuto.<\/p><ol><li><b>Costruisci il tuo timer per il conto alla rovescia personalizzato<\/b>.<br> Utilizzando la nostra demo gratuita, crea un plugin con il modello preferibile e capacit\u00e0.<\/li><li><b>Ricevi il codice per mostrare il plugin sul tuo sito<\/b>.<br> Dopo aver modificato l&#8217;interfaccia del widget, ricevi il codice per il plugin Countdown dalla notifica popup sulle app Elfsight.<\/li><li><b>Mostra il plugin sul sito web di Blogger<\/b>.<br> Posiziona il plugin in un punto scelto della pagina e applica i risultati.<\/li><li> <b>Hai finito!<\/b><br> Vai al tuo sito, per vedere il tuo lavoro.<\/li><\/ol><p>Hai difficolt\u00e0 o domande sulle istruzioni o non riesci a impostare il tuo plugin ? Scrivi al nostro centro assistenza e il team Elfsight sar\u00e0 felice di aiutarti o leggi <a href=\"https:\/\/elfsight.com\/tutorials\/how-to-add-countdown-timer-to-blogger\/\" target=\"_blank \" rel=\"noopener noreferrer\">istruzioni informative<\/a>!<\/p><div class=\"faq\" data-component=\"FAQ\"> <div class=\"faq-item\">\r\n\t\t\t\t\t<div class=\"faq-item-question\">\r\n\t\t\t\t\t\t<h3 class=\"faq-item-question-text\">Come aggiungere un timer per il conto alla rovescia al mio sito Web Blogger senza competenze di codifica?<\/h3>\r\n\r\n\t\t\t\t\t\t<div class=\"faq-item-question-icon\"><\/div>\r\n\t\t\t\t\t<\/div>\r\n\r\n\t\t\t\t\t<div class=\"faq-item-answer\">\r\n\t\t\t\t\t\t<div class=\"faq-item-answer-text\"> <p>Elfsight fornisce un SaaS soluzione che ti consente di creare tu stesso un widget timer per il conto alla rovescia, scopri quanto \u00e8 semplice il processo: lavora direttamente nell&#8217;editor online per creare un widget timer per il conto alla rovescia che vorresti vedere sul tuo sito web Blogger. Scegli uno dei modelli predefiniti e regola le impostazioni del timer per il conto alla rovescia, aggiungi i tuoi contenuti, modifica il layout e la combinazione di colori senza competenze di codifica. Salva il timer per il conto alla rovescia e copia il codice di installazione, che potrai incollare nel tuo sito Blogger senza dover acquistare un abbonamento a pagamento. Con il nostro editor intuitivo qualsiasi utente di Internet pu\u00f2 creare un widget per il conto alla rovescia online e incorporarlo facilmente nel proprio sito Web Blogger. Non \u00e8 necessario pagare o inserire le credenziali della carta per accedere al servizio. In caso di problemi in qualsiasi momento, non esitate a contattare il nostro team di supporto tecnico.<\/p> <\/div>\r\n\t\t\t\t\t<\/div>\r\n\t\t\t\t<\/div> <\/div> <\/div>\n","protected":false},"excerpt":{"rendered":"","protected":false},"author":9,"featured_media":0,"parent":1109,"menu_order":0,"comment_status":"closed","ping_status":"closed","template":"templates\/template-application-platform.php","meta":{"publish_to_discourse":"","publish_post_category":"","wpdc_auto_publish_overridden":"","wpdc_topic_tags":"","wpdc_pin_topic":"","wpdc_pin_until":"","discourse_post_id":"","discourse_permalink":"","wpdc_publishing_response":"","wpdc_publishing_error":"","footnotes":""},"class_list":["post-4259","page","type-page","status-publish","hentry"],"yoast_head":"<!-- This site is optimized with the Yoast SEO plugin v25.3.1 - https:\/\/yoast.com\/wordpress\/plugins\/seo\/ -->\n<title>Il miglior widget timer per il conto alla rovescia di Blogger per il sito Web (2026)<\/title>\n<meta name=\"description\" content=\"Dai forma al tuo widget unico per il conto alla rovescia per Blogger in soli 70 secondi. Prova la creazione di widget del pannello pi\u00f9 semplice da parte di Elfsight in modo totalmente gratuito.\" \/>\n<meta name=\"robots\" content=\"index, follow, max-snippet:-1, max-image-preview:large, max-video-preview:-1\" \/>\n<link rel=\"canonical\" href=\"https:\/\/elfsight.com\/it\/countdown-timer-widget\/blogger\/\" \/>\n<meta property=\"og:locale\" content=\"it_IT\" \/>\n<meta property=\"og:type\" content=\"article\" \/>\n<meta property=\"og:title\" content=\"Il miglior widget timer per il conto alla rovescia di Blogger per il sito Web (2026)\" \/>\n<meta property=\"og:description\" content=\"Dai forma al tuo widget unico per il conto alla rovescia per Blogger in soli 70 secondi. Prova la creazione di widget del pannello pi\u00f9 semplice da parte di Elfsight in modo totalmente gratuito.\" \/>\n<meta property=\"og:url\" content=\"https:\/\/elfsight.com\/it\/countdown-timer-widget\/blogger\/\" \/>\n<meta property=\"og:site_name\" content=\"Elfsight IT\" \/>\n<meta property=\"article:modified_time\" content=\"2025-03-12T13:53:12+00:00\" \/>\n<meta name=\"twitter:card\" content=\"summary_large_image\" \/>\n<meta name=\"twitter:label1\" content=\"Tempo di lettura stimato\" \/>\n\t<meta name=\"twitter:data1\" content=\"4 minuti\" \/>\n<!-- \/ Yoast SEO plugin. -->","yoast_head_json":{"title":"Il miglior widget timer per il conto alla rovescia di Blogger per il sito Web (2026)","description":"Dai forma al tuo widget unico per il conto alla rovescia per Blogger in soli 70 secondi. Prova la creazione di widget del pannello pi\u00f9 semplice da parte di Elfsight in modo totalmente gratuito.","robots":{"index":"index","follow":"follow","max-snippet":"max-snippet:-1","max-image-preview":"max-image-preview:large","max-video-preview":"max-video-preview:-1"},"canonical":"https:\/\/elfsight.com\/it\/countdown-timer-widget\/blogger\/","og_locale":"it_IT","og_type":"article","og_title":"Il miglior widget timer per il conto alla rovescia di Blogger per il sito Web (2026)","og_description":"Dai forma al tuo widget unico per il conto alla rovescia per Blogger in soli 70 secondi. Prova la creazione di widget del pannello pi\u00f9 semplice da parte di Elfsight in modo totalmente gratuito.","og_url":"https:\/\/elfsight.com\/it\/countdown-timer-widget\/blogger\/","og_site_name":"Elfsight IT","article_modified_time":"2025-03-12T13:53:12+00:00","twitter_card":"summary_large_image","twitter_misc":{"Tempo di lettura stimato":"4 minuti"},"schema":{"@context":"https:\/\/schema.org","@graph":[{"@type":"WebPage","@id":"https:\/\/elfsight.com\/it\/countdown-timer-widget\/blogger\/","url":"https:\/\/elfsight.com\/it\/countdown-timer-widget\/blogger\/","name":"Il miglior widget timer per il conto alla rovescia di Blogger per il sito Web (2026)","isPartOf":{"@id":"https:\/\/elfsight.com\/it\/#website"},"datePublished":"2024-05-03T06:34:17+00:00","dateModified":"2025-03-12T13:53:12+00:00","description":"Dai forma al tuo widget unico per il conto alla rovescia per Blogger in soli 70 secondi. Prova la creazione di widget del pannello pi\u00f9 semplice da parte di Elfsight in modo totalmente gratuito.","breadcrumb":{"@id":"https:\/\/elfsight.com\/it\/countdown-timer-widget\/blogger\/#breadcrumb"},"inLanguage":"it-IT","potentialAction":[{"@type":"ReadAction","target":["https:\/\/elfsight.com\/it\/countdown-timer-widget\/blogger\/"]}]},{"@type":"BreadcrumbList","@id":"https:\/\/elfsight.com\/it\/countdown-timer-widget\/blogger\/#breadcrumb","itemListElement":[{"@type":"ListItem","position":1,"name":"Home","item":"https:\/\/elfsight.com\/it\/"},{"@type":"ListItem","position":2,"name":"Countdown Timer","item":"https:\/\/elfsight.com\/it\/countdown-timer-widget\/"},{"@type":"ListItem","position":3,"name":"Countdown Timer &#8211; Blogger"}]},{"@type":"WebSite","@id":"https:\/\/elfsight.com\/it\/#website","url":"https:\/\/elfsight.com\/it\/","name":"Elfsight IT","description":"Just another Elfsight Sites site","potentialAction":[{"@type":"SearchAction","target":{"@type":"EntryPoint","urlTemplate":"https:\/\/elfsight.com\/it\/?s={search_term_string}"},"query-input":{"@type":"PropertyValueSpecification","valueRequired":true,"valueName":"search_term_string"}}],"inLanguage":"it-IT"}]}},"meta_box":{"industry":"","seo_heading":"","heading":"","description":"","cta_heading":"","cta_description":"","application":"1108","h1":"Widget timer per il conto alla rovescia di Blogger","h1_caption":"Imposta un conto alla rovescia per eventi o promozioni importanti, creando facilmente un senso di urgenza per i tuoi visitatori nel tuo sito web Blogger.","application_category":[],"applications_title":"","applications_request_title":"","applications_request_button_text":"","hero_text":"","hero_video":"","hero_video_schema_markup":"","selling_points_title":"","selling_points_caption":"","selling_points":[],"selling_points_cta_text":"","features_title":"","features":"","ed_cta_examples_text":"","ed_cta_examples_hidden":"","ed_cta_demo_text":"","ed_cta_demo_hidden":"","why_caption":"","why_editor_title":"","why_editor_text":"","why_team_title":"","why_team_text":"","why_service_title":"","why_service_text":"","template_catalog_visible":"0","template_catalog_title":"","template_catalog_text":"","template_catalog_categories_visible":"","demo_title":"Crea il tuo widget Conto alla rovescia","demo_caption":"Configura il tuo timer per il conto alla rovescia e aggiungilo gratuitamente al tuo sito Blogger!","default_faq_hidden":"","app_template_category":[],"platform":"33","template_public_id":"","codecanyon_url":"","codecanyon_item_id":"","codecanyon_price":"","pricing_caption":"","pricing_elfsight_apps_hide_column":"","pricing_elfsight_apps_url":"","pricing_codecanyon_price_caption":"","integration_category":[],"integration_request_title":"","integration_request_cta":"","integration_platform":"","integrations":[],"platform_category":[],"video_schema_markup":"","price":"da $ 0 al mese","trial":"","benefits":[{"text":"Servizio di installazione gratuito"},{"text":"Supporto eccezionale"},{"text":"Garanzia di rimborso di 14 giorni"},{"text":"Miglioramenti gratuiti regolari"}],"button_url":"#demo","button_target_blank":"0","button_nofollow":"0","attributes":[{"name":"Installazioni"},{"name":"Reattivo","content":"S\u00cc"},{"name":"Browser compatibili","content":"Firefox, Safari, Opera, Chrome, Edge"}],"tags":[],"tags_disable_links":"0","hide_more_platforms":"0","video_object":"","demo_hide_cta":"0","demo_hide_cloud_options":"0","pricing_title":"","pricing":[{"pricing_icon":"platform","pricing_title":"Elfsight Apps","pricing_title_caption":"Soluzione multipiattaforma che funziona su qualsiasi sito","pricing_price":"da $ 0 \/ mese","pricing_price_caption":"inizia con un piano gratuito","pricing_benefits":[{"text":"Siti web illimitati"},{"text":"Supporto 24 ore su 24, 7 giorni su 7 e ben documentato"},{"text":"Aiuto per l'installazione gratuito"},{"text":"Completamente personalizzabile"}],"pricing_button_text":"Aggiungi al sito web","pricing_button_url":"#demo"}],"related_apps_title":"","related_apps_hidden":"0","author":"","image":[],"title":"","job":"","social_networks":[]},"_links":{"self":[{"href":"https:\/\/elfsight.com\/it\/wp-json\/wp\/v2\/pages\/4259","targetHints":{"allow":["GET"]}}],"collection":[{"href":"https:\/\/elfsight.com\/it\/wp-json\/wp\/v2\/pages"}],"about":[{"href":"https:\/\/elfsight.com\/it\/wp-json\/wp\/v2\/types\/page"}],"author":[{"embeddable":true,"href":"https:\/\/elfsight.com\/it\/wp-json\/wp\/v2\/users\/9"}],"replies":[{"embeddable":true,"href":"https:\/\/elfsight.com\/it\/wp-json\/wp\/v2\/comments?post=4259"}],"version-history":[{"count":3,"href":"https:\/\/elfsight.com\/it\/wp-json\/wp\/v2\/pages\/4259\/revisions"}],"predecessor-version":[{"id":8583,"href":"https:\/\/elfsight.com\/it\/wp-json\/wp\/v2\/pages\/4259\/revisions\/8583"}],"up":[{"embeddable":true,"href":"https:\/\/elfsight.com\/it\/wp-json\/wp\/v2\/pages\/1109"}],"wp:attachment":[{"href":"https:\/\/elfsight.com\/it\/wp-json\/wp\/v2\/media?parent=4259"}],"curies":[{"name":"wp","href":"https:\/\/api.w.org\/{rel}","templated":true}]}}