{"id":4258,"date":"2024-05-03T06:34:16","date_gmt":"2024-05-03T06:34:16","guid":{"rendered":"https:\/\/elfsight.com\/it\/?page_id=4258"},"modified":"2024-11-12T13:17:22","modified_gmt":"2024-11-12T13:17:22","slug":"squarespace","status":"publish","type":"page","link":"https:\/\/elfsight.com\/it\/countdown-timer-widget\/squarespace\/","title":{"rendered":"Countdown Timer &#8211; Squarespace"},"content":{"rendered":"\n<div class=\"application-platform-content-item-description application-platform-content-item\" id=\"description\" data-nav-section=\"description\">\n<h2>Incorpora il timer per il conto alla rovescia su Squarespace con il widget Elfsight<\/h2>\n<p>Utilizza il timer per il conto alla rovescia Elfsight per mostrare diversi conteggi e timer che incoraggiano i clienti a comprare. Il conteggio delle scorte o delle vendite evocher\u00e0 un senso di scarsit\u00e0 e competizione per gli articoli; il conto alla rovescia dei saldi ispirer\u00e0 i clienti ad acquistare prima di perdere una grande occasione. Un conto alla rovescia personalizzato stimoler\u00e0 ogni cliente a utilizzare subito un&#8217;offerta speciale; le barre con i saldi natalizi attireranno la massima attenzione grazie alle decorazioni a tema.<\/p>\n<p><b>Aumenta l&#8217;attenzione per lo shopping e spingi il pubblico ad acquistare di pi\u00f9.<\/b><\/p>\n<p><b>Ispira i visitatori ad acquistare portando un senso di urgenza.<\/b><br> Avvia i timer per il conto alla rovescia che mostreranno il tempo rimasto fino alla fine dei saldi e delle offerte speciali. Evocheranno una sensazione di urgenza e incoraggeranno i visitatori a prendere una decisione di acquisto pi\u00f9 velocemente.<\/p>\n<p><b>Mostra la diminuzione delle scorte per aumentare il valore percepito degli articoli tra gli utenti.<\/b><br> Dimostra che le tue merci si esauriscono rapidamente e diventano scarse, mostrando un conteggio delle scorte. In questo modo i clienti apprezzeranno di pi\u00f9 le offerte e si affretteranno ad acquistarle.<\/p>\n<p><b>Attira pi\u00f9 attenzione alle vendite con una speciale barra per il conto alla rovescia in stile festivo.<\/b><br> Con l&#8217;aiuto di accattivanti barre tematiche, puoi promuovere le tue fantastiche offerte e i saldi stagionali in modo pi\u00f9 efficace. Ottieni il massimo dalle festivit\u00e0 natalizie per aumentare le vendite sul tuo sito web.<\/p>\n<\/div>\n\n<div class=\"faq\" data-component=\"FAQ\">\n<div class=\"faq-item\">\r\n\t\t\t\t\t<div class=\"faq-item-question\">\r\n\t\t\t\t\t\t<h3 class=\"faq-item-question-text\">Come aggiungere il timer per il conto alla rovescia a un sito web Squarespace?<\/h3>\r\n\r\n\t\t\t\t\t\t<div class=\"faq-item-question-icon\"><\/div>\r\n\t\t\t\t\t<\/div>\r\n\r\n\t\t\t\t\t<div class=\"faq-item-answer\">\r\n\t\t\t\t\t\t<div class=\"faq-item-answer-text\">\n<p>L&#8217;installazione richieder\u00e0 solo pochi istanti. Inoltre, non \u00e8 necessario avere alcuna competenza di programmazione. Personalizza il plug-in del timer per il conto alla rovescia di Squarespace nel configuratore gratuito, fai clic sul codice per copiarlo, quindi incorpora il codice nel punto desiderato del modello di sito.<\/p>\n<p>Questo \u00e8 tutto! La configurazione del plug-in Timer su Squarespace sar\u00e0 completata!<\/p>\n<p>Se riscontri problemi con l&#8217;inserimento del plug-in in Squarespace, puoi trovare la guida completa <a href=\"https:\/\/elfsight.com\/tutorials\/how-to-add-countdown-timer-to-any-website\/#squarespace-countdown-timer\" target=\"_blank\" rel=\"noopener noreferrer\">in questa pagina<\/a>.<\/p>\n<\/div>\r\n\t\t\t\t\t<\/div>\r\n\t\t\t\t<\/div>\n\n<div class=\"faq-item\">\r\n\t\t\t\t\t<div class=\"faq-item-question\">\r\n\t\t\t\t\t\t<h3 class=\"faq-item-question-text\">Ho l'opportunit\u00e0 di vedere come apparir\u00e0 il widget sul mio sito?<\/h3>\r\n\r\n\t\t\t\t\t\t<div class=\"faq-item-question-icon\"><\/div>\r\n\t\t\t\t\t<\/div>\r\n\r\n\t\t\t\t\t<div class=\"faq-item-answer\">\r\n\t\t\t\t\t\t<div class=\"faq-item-answer-text\">\n<p>S\u00ec, puoi! Durante la creazione del plug-in Squarespace Timer nell&#8217;<a href=\"https:\/\/elfsight.com\/countdown-timer-widget\/#demo\" target=\"_blank\" rel=\"noopener noreferrer\">editor online gratuito<\/a>, noterai tutte le modifiche sulla destra. Il tuo conto alla rovescia sar\u00e0 identico a quello che vedrai sul sito web Squarespace.<\/p>\n<\/div>\r\n\t\t\t\t\t<\/div>\r\n\t\t\t\t<\/div>\n\n<div class=\"faq-item\">\r\n\t\t\t\t\t<div class=\"faq-item-question\">\r\n\t\t\t\t\t\t<h3 class=\"faq-item-question-text\">Quali altri widget sono essenziali per un sito web Squarespace?<\/h3>\r\n\r\n\t\t\t\t\t\t<div class=\"faq-item-question-icon\"><\/div>\r\n\t\t\t\t\t<\/div>\r\n\r\n\t\t\t\t\t<div class=\"faq-item-answer\">\r\n\t\t\t\t\t\t<div class=\"faq-item-answer-text\">\n<p>Puoi migliorare il tuo Squarespace con numerosi plugin Elfsight.<\/p>\n<p>Ad esempio, il <a href=\"https:\/\/elfsight.com\/qr-code-widget\/squarespace\/\" target=\"_blank\" rel=\"noopener noreferrer\">codice QR<\/a> pu\u00f2 indirizzare i visitatori ai tuoi profili social o a qualsiasi altra informazione, mentre il <a href=\"https:\/\/elfsight.com\/event-calendar-widget\/squarespace\/\" target=\"_blank\" rel=\"noopener noreferrer\">Calendario eventi<\/a> e il <a href=\"https:\/\/elfsight.com\/countdown-timer-widget\/squarespace\/\" target=\"_blank\" rel=\"noopener noreferrer\">Conto alla rovescia<\/a> possono aumentare la FOMO (fear of missing out) e coinvolgimento. Inoltre, <a href=\"https:\/\/elfsight.com\/google-reviews-widget\/squarespace\/\" target=\"_blank\" rel=\"noopener noreferrer\">Google Recensioni<\/a> pu\u00f2 migliorare la fiducia dei clienti, mentre <a href=\"https:\/\/elfsight.com\/whatsapp-chat-widget\/squarespace\/\" target=\"_blank\" rel=\"noopener noreferrer\">WhatsApp Chat<\/a> \u00e8 perfetta per migliorare il servizio di assistenza clienti e la comunicazione con i tuoi clienti.<\/p>\n<\/div>\r\n\t\t\t\t\t<\/div>\r\n\t\t\t\t<\/div>\n<\/div>\n\n<div class=\"application-platform-content-item-features application-platform-content-item\" id=\"features\" data-nav-section=\"features\">\n<h2>Caratteristiche principali del widget Countdown Timer<\/h2>\n<p>Quali caratteristiche rendono il plugin Elfsight il migliore per ogni sito web Squarespace? Ecco alcune delle sue caratteristiche principali:<\/p>\n<ul>\n  <li>Contatore su e gi\u00f9;<\/li>\n  <li>Opzione per mostrare un messaggio prima del timer;<\/li>\n  <li>Quattro unit\u00e0 di tempo: giorni, ore, minuti, secondi;<\/li>\n  <li>Opzione per cambiare il colore del timer, dei pulsanti, delle etichette e del messaggio;<\/li>\n  <li>Interfaccia reattiva che si adatta automaticamente alle dimensioni dello schermo.<\/li>\n<\/ul>\n<p><a href=\"#demo\">Controlla tutte le funzionalit\u00e0 nella demo dal vivo<\/a><\/p>\n<\/div>\n\n<div class=\"application-platform-content-item-installation application-platform-content-item\" id=\"installation\" data-nav-section=\"installation\">\n<h2>Come aggiungere il timer per il conto alla rovescia a un sito web Squarespace<\/h2>\n<div class=\"video-container\">\n  <iframe width=\"720\" height=\"405\" src=\"https:\/\/www.youtube.com\/embed\/HiVdkFb8_m0\" frameborder=\"0\" allowfullscreen><\/iframe>\n<\/div>\n<p>Per eseguire l&#8217;incorporamento non sono necessarie competenze di programmazione, e il processo richiede solo pochi minuti. Segui questi quattro semplici passaggi:<\/p>\n<ol>\n  <li><b>Progetta il tuo conto alla rovescia personalizzato<\/b>.<br> Utilizzando il nostro configuratore gratuito, crea un plugin con il layout e le opzioni preferite.<\/li>\n  <li><b>Ricevi il codice per incorporare il plug-in<\/b>.<br> Dopo la personalizzazione del widget, acquisisci il codice per il plug-in Countdown dalla notifica popup sulle app Elfsight.<\/li>\n  <li><b>Visualizza il plug-in sul sito Squarespace<\/b>.<br> Incolla il plug-in nella posizione desiderata del sito web e salva le modifiche.<\/li>\n  <li><b>La configurazione \u00e8 completata<\/b>.<br> Visita il tuo sito per vedere il risultato.<\/li>\n<\/ol>\n<p>Hai domande sull&#8217;installazione o sulla creazione di un plugin personalizzato? Contatta il nostro supporto clienti, e saremo felici di aiutarti. Oppure consulta il <a href=\"https:\/\/elfsight.com\/tutorials\/how-to-add-countdown-timer-to-squarespace-website\/\" target=\"_blank\" rel=\"noopener noreferrer\">tutorial completo<\/a>.<\/p>\n<\/div>\n\n","protected":false},"excerpt":{"rendered":"","protected":false},"author":9,"featured_media":0,"parent":1109,"menu_order":0,"comment_status":"closed","ping_status":"closed","template":"templates\/template-application-platform.php","meta":{"publish_to_discourse":"","publish_post_category":"","wpdc_auto_publish_overridden":"","wpdc_topic_tags":"","wpdc_pin_topic":"","wpdc_pin_until":"","discourse_post_id":"","discourse_permalink":"","wpdc_publishing_response":"","wpdc_publishing_error":"","footnotes":""},"class_list":["post-4258","page","type-page","status-publish","hentry"],"yoast_head":"<!-- This site is optimized with the Yoast SEO plugin v25.3.1 - https:\/\/yoast.com\/wordpress\/plugins\/seo\/ -->\n<title>Il miglior plugin per il conto alla rovescia di Squarespace per il sito web (2025)<\/title>\n<meta name=\"description\" content=\"Scopri come aggiungere gratuitamente il timer per il conto alla rovescia a Squarespace. Utilizza il miglior conto alla rovescia interattivo per creare urgenza nelle vendite su un sito web.\" \/>\n<meta name=\"robots\" content=\"index, follow, max-snippet:-1, max-image-preview:large, max-video-preview:-1\" \/>\n<link rel=\"canonical\" href=\"https:\/\/elfsight.com\/it\/countdown-timer-widget\/squarespace\/\" \/>\n<meta property=\"og:locale\" content=\"it_IT\" \/>\n<meta property=\"og:type\" content=\"article\" \/>\n<meta property=\"og:title\" content=\"Il miglior plugin per il conto alla rovescia di Squarespace per il sito web (2025)\" \/>\n<meta property=\"og:description\" content=\"Scopri come aggiungere gratuitamente il timer per il conto alla rovescia a Squarespace. Utilizza il miglior conto alla rovescia interattivo per creare urgenza nelle vendite su un sito web.\" \/>\n<meta property=\"og:url\" content=\"https:\/\/elfsight.com\/it\/countdown-timer-widget\/squarespace\/\" \/>\n<meta property=\"og:site_name\" content=\"Elfsight IT\" \/>\n<meta property=\"article:modified_time\" content=\"2024-11-12T13:17:22+00:00\" \/>\n<meta name=\"twitter:card\" content=\"summary_large_image\" \/>\n<meta name=\"twitter:label1\" content=\"Tempo di lettura stimato\" \/>\n\t<meta name=\"twitter:data1\" content=\"4 minuti\" \/>\n<!-- \/ Yoast SEO plugin. -->","yoast_head_json":{"title":"Il miglior plugin per il conto alla rovescia di Squarespace per il sito web (2025)","description":"Scopri come aggiungere gratuitamente il timer per il conto alla rovescia a Squarespace. Utilizza il miglior conto alla rovescia interattivo per creare urgenza nelle vendite su un sito web.","robots":{"index":"index","follow":"follow","max-snippet":"max-snippet:-1","max-image-preview":"max-image-preview:large","max-video-preview":"max-video-preview:-1"},"canonical":"https:\/\/elfsight.com\/it\/countdown-timer-widget\/squarespace\/","og_locale":"it_IT","og_type":"article","og_title":"Il miglior plugin per il conto alla rovescia di Squarespace per il sito web (2025)","og_description":"Scopri come aggiungere gratuitamente il timer per il conto alla rovescia a Squarespace. Utilizza il miglior conto alla rovescia interattivo per creare urgenza nelle vendite su un sito web.","og_url":"https:\/\/elfsight.com\/it\/countdown-timer-widget\/squarespace\/","og_site_name":"Elfsight IT","article_modified_time":"2024-11-12T13:17:22+00:00","twitter_card":"summary_large_image","twitter_misc":{"Tempo di lettura stimato":"4 minuti"},"schema":{"@context":"https:\/\/schema.org","@graph":[{"@type":"WebPage","@id":"https:\/\/elfsight.com\/it\/countdown-timer-widget\/squarespace\/","url":"https:\/\/elfsight.com\/it\/countdown-timer-widget\/squarespace\/","name":"Il miglior plugin per il conto alla rovescia di Squarespace per il sito web (2025)","isPartOf":{"@id":"https:\/\/elfsight.com\/it\/#website"},"datePublished":"2024-05-03T06:34:16+00:00","dateModified":"2024-11-12T13:17:22+00:00","description":"Scopri come aggiungere gratuitamente il timer per il conto alla rovescia a Squarespace. Utilizza il miglior conto alla rovescia interattivo per creare urgenza nelle vendite su un sito web.","breadcrumb":{"@id":"https:\/\/elfsight.com\/it\/countdown-timer-widget\/squarespace\/#breadcrumb"},"inLanguage":"it-IT","potentialAction":[{"@type":"ReadAction","target":["https:\/\/elfsight.com\/it\/countdown-timer-widget\/squarespace\/"]}]},{"@type":"BreadcrumbList","@id":"https:\/\/elfsight.com\/it\/countdown-timer-widget\/squarespace\/#breadcrumb","itemListElement":[{"@type":"ListItem","position":1,"name":"Home","item":"https:\/\/elfsight.com\/it\/"},{"@type":"ListItem","position":2,"name":"Countdown Timer","item":"https:\/\/elfsight.com\/it\/countdown-timer-widget\/"},{"@type":"ListItem","position":3,"name":"Countdown Timer &#8211; Squarespace"}]},{"@type":"WebSite","@id":"https:\/\/elfsight.com\/it\/#website","url":"https:\/\/elfsight.com\/it\/","name":"Elfsight IT","description":"Just another Elfsight Sites site","potentialAction":[{"@type":"SearchAction","target":{"@type":"EntryPoint","urlTemplate":"https:\/\/elfsight.com\/it\/?s={search_term_string}"},"query-input":{"@type":"PropertyValueSpecification","valueRequired":true,"valueName":"search_term_string"}}],"inLanguage":"it-IT"}]}},"meta_box":{"industry":"","seo_heading":"","heading":"","description":"","cta_heading":"","cta_description":"","application":"1108","h1":"Plug-in timer per il conto alla rovescia di Squarespace","h1_caption":"Imposta un conto alla rovescia per eventi o promozioni importanti, creando facilmente un senso di urgenza per i tuoi visitatori nel tuo sito web Squarespace.","application_category":[],"applications_title":"","applications_request_title":"","applications_request_button_text":"","hero_text":"","hero_video":"","hero_video_schema_markup":"","selling_points_title":"","selling_points_caption":"","selling_points":[],"selling_points_cta_text":"","features_title":"","features":"","ed_cta_examples_text":"","ed_cta_examples_hidden":"","ed_cta_demo_text":"","ed_cta_demo_hidden":"","why_caption":"","why_editor_title":"","why_editor_text":"","why_team_title":"","why_team_text":"","why_service_title":"","why_service_text":"","template_catalog_visible":"0","template_catalog_title":"","template_catalog_text":"","template_catalog_categories_visible":"","demo_title":"Crea il tuo plugin per il conto alla rovescia","demo_caption":"Configura il tuo timer per il conto alla rovescia e aggiungilo gratuitamente al tuo sito web Squarespace!","default_faq_hidden":"","app_template_category":[],"platform":"43","template_public_id":"","codecanyon_url":"","codecanyon_item_id":"","codecanyon_price":"","pricing_caption":"","pricing_elfsight_apps_hide_column":"","pricing_elfsight_apps_url":"","pricing_codecanyon_price_caption":"","integration_category":[],"integration_request_title":"","integration_request_cta":"","integration_platform":"","integrations":[],"platform_category":[],"video_schema_markup":"","price":"da $ 0 al mese","trial":"","benefits":[{"text":"Servizio di installazione gratuito"},{"text":"Servizio clienti professionale"},{"text":"Garanzia di rimborso di 14 giorni"},{"text":"Futuri miglioramenti gratuiti"}],"button_url":"#demo","button_target_blank":"0","button_nofollow":"0","attributes":[{"name":"Installazioni"},{"name":"Reattivo","content":"S\u00cc"},{"name":"Browser compatibili","content":"Firefox, Opera, Chrome, Safari, Edge"}],"tags":[],"tags_disable_links":"0","hide_more_platforms":"","video_object":"","demo_hide_cta":"0","demo_hide_cloud_options":"0","pricing_title":"","pricing":[{"pricing_icon":"platform","pricing_title":"Elfsight Apps","pricing_title_caption":"Software indipendente dalla piattaforma che funziona su qualsiasi sito web","pricing_price":"da $ 0 \/ mese","pricing_price_caption":"inizia con un piano gratuito","pricing_benefits":[{"text":"Siti web illimitati"},{"text":"Assistenza clienti 24 ore su 24, 7 giorni su 7"},{"text":"Servizio di installazione gratuito"},{"text":"Progettazione flessibile"}],"pricing_button_text":"Aggiungi al sito web","pricing_button_url":"#demo"}],"related_apps_title":"","related_apps_hidden":"0","author":"","image":[],"title":"","job":"","social_networks":[]},"_links":{"self":[{"href":"https:\/\/elfsight.com\/it\/wp-json\/wp\/v2\/pages\/4258","targetHints":{"allow":["GET"]}}],"collection":[{"href":"https:\/\/elfsight.com\/it\/wp-json\/wp\/v2\/pages"}],"about":[{"href":"https:\/\/elfsight.com\/it\/wp-json\/wp\/v2\/types\/page"}],"author":[{"embeddable":true,"href":"https:\/\/elfsight.com\/it\/wp-json\/wp\/v2\/users\/9"}],"replies":[{"embeddable":true,"href":"https:\/\/elfsight.com\/it\/wp-json\/wp\/v2\/comments?post=4258"}],"version-history":[{"count":3,"href":"https:\/\/elfsight.com\/it\/wp-json\/wp\/v2\/pages\/4258\/revisions"}],"predecessor-version":[{"id":7533,"href":"https:\/\/elfsight.com\/it\/wp-json\/wp\/v2\/pages\/4258\/revisions\/7533"}],"up":[{"embeddable":true,"href":"https:\/\/elfsight.com\/it\/wp-json\/wp\/v2\/pages\/1109"}],"wp:attachment":[{"href":"https:\/\/elfsight.com\/it\/wp-json\/wp\/v2\/media?parent=4258"}],"curies":[{"name":"wp","href":"https:\/\/api.w.org\/{rel}","templated":true}]}}