{"id":4253,"date":"2024-05-03T06:34:15","date_gmt":"2024-05-03T06:34:15","guid":{"rendered":"https:\/\/elfsight.com\/it\/?page_id=4253"},"modified":"2025-01-24T12:11:13","modified_gmt":"2025-01-24T12:11:13","slug":"webflow","status":"publish","type":"page","link":"https:\/\/elfsight.com\/it\/countdown-timer-widget\/webflow\/","title":{"rendered":"Countdown Timer &#8211; Webflow"},"content":{"rendered":"<div class=\"application-platform-content-item-description application-platform-content-item\" id=\"description\" data-nav-section=\"description\"><h2>Incorpora il timer per il conto alla rovescia nel flusso web con il widget Elfsight<\/h2><p>Imposta conteggi per la promozione delle vendite per il tuo sito web con Elfsight Countdown Clock. Riscalda l&#8217;atmosfera e crea una sensazione di carenza dei tuoi prodotti, mostrando quanto velocemente vengono venduti davanti agli occhi dei visitatori. Con il passare del tempo fino alla fine di un periodo di offerta speciale, i tuoi visitatori sentiranno l&#8217;urgenza di acquistare. Attira l&#8217;attenzione sui tuoi eventi futuri o sulle occasioni speciali e mantieni i clienti in impaziente attesa per l&#8217;inizio, <a href=\"https:\/\/elfsight.com\/blog\/the-best-countdown-timer-widget-for-webflow-how-to-add-it-to-website\/\" target=\"_blank\" rel=\"noopener\">aggiunta di un timer a Webflow<\/a>.<\/p><p><b>Crea confusione nello shopping e spingi gli utenti ad acquistare di pi\u00f9.<\/b><\/p><p><b>Stimola gli acquirenti a fare acquisti evocando un senso di urgenza.<\/b><br> Incorpora timer per il conto alla rovescia che segneranno il tempo rimanente fino alla fine del periodo di saldi e Offerte speciali. Creeranno una sensazione di urgenza e spingeranno le persone a prendere una decisione di acquisto pi\u00f9 velocemente.<\/p><p><b>Dimostrare che lo stock di articoli diminuisce e aumentare il valore percepito degli articoli.<\/b><br> Evocare un senso della concorrenza per i tuoi articoli dimostrando che il livello delle vendite sta aumentando e le scorte stanno diminuendo. Il valore del prodotto aumenter\u00e0 e anche i clienti vorranno acquistare.<\/p><p><b>Attira pi\u00f9 attenzione sui tuoi saldi stagionali con una speciale barra del timer in stile festivo.<\/b><br> Barre tematiche accattivanti ti aiuter\u00e0 a promuovere offerte speciali e saldi. Ottieni il massimo dai periodi festivi per aumentare le vendite sul tuo sito.<\/p><\/div><div class=\"application-platform-content-item-features application-platform-content-item\" id=\"features\" data-nav-section=\"features\"><h2>Caratteristiche principali del widget Countdown Timer<\/h2><p>Il nostro timer per il conto alla rovescia del flusso web \u00e8 abilitato con impostazioni e regolazioni per aiutarti a seguire i tuoi obiettivi aziendali e mantenere il sito web attraente. Le funzionalit\u00e0 pi\u00f9 apprezzate di questo widget, che lo rendono il miglior plug-in Webflow da incorporare:<\/p><ul><li>Contatore su e gi\u00f9;<\/li><li>Opzione per aprire il collegamento del pulsante in una nuova scheda; <\/li><li>Possibilit\u00e0 di disattivare qualsiasi unit\u00e0 di tempo;<\/li><li>5 temi festivi per le occasioni pi\u00f9 popolari;<\/li><li>Dimensioni personalizzabili del timer e del pulsante.<\/li><\/ul><p><a href=\"#demo\">Controllali tutti<\/a><\/p><\/div><div class=\"application-platform-content-item-installation application-platform-content-item\" id=\"installation\" data-nav-section=\"installation\"><h2>Come aggiungere il timer per il conto alla rovescia al sito web Webflow<\/h2><div class=\"video-container\"><iframe width=\"720\" height=\"405\" src=\"https:\/\/www.youtube.com\/embed\/h5bZyE7Aads\" frameborder=\"0\" allowfullscreen=\"\"><\/iframe><\/div><p>Leggi questo manuale conciso per impostare il timer per il conto alla rovescia senza competenze di sviluppo o senza assumere uno sviluppatore web secondario. Avrai bisogno solo di pochi minuti per incorporare il plugin.<\/p><ol><li><b>Crea il tuo widget Conto alla rovescia unico<\/b>.<br> Utilizzando il nostro editor gratuito, genera un plugin con l&#8217;aspetto desiderato e funzioni.<\/li><li><b>Ricevi il codice per impostare il plugin<\/b>.<br> Dopo l&#8217;impostazione del widget, ottieni il codice per il plugin Countdown dalla notifica popup sulle app Elfsight.<\/li><li><b>Mostra il plug-in sul tuo sito<\/b>.<br> Incorpora il plug-in nella posizione desiderata della pagina e pubblica le modifiche.<\/li><li><b>Fatto!<\/b><br> Vai al tuo sito per vedere il tuo plugin.<\/li><\/ol><p>Se hai bisogno di aiuto con la creazione o l&#8217;incorporamento del plugin, il nostro team sar\u00e0 qui per consigliarti e offrire una soluzione o consulta le nostre istruzioni su <a href=\"https:\/\/elfsight.com\/blog\/how-to-add-a-countdown-timer-to-webflow-for-free\/\" target=\"_blank\" rel=\"noopener noreferrer\">aggiunta del conto alla rovescia a Webflow<\/a>!<\/p><\/div><div class=\"faq\" data-component=\"FAQ\"><div class=\"faq-item\">\r\n\t\t\t\t\t<div class=\"faq-item-question\">\r\n\t\t\t\t\t\t<h3 class=\"faq-item-question-text\">Ho l'opportunit\u00e0 di vedere come apparir\u00e0 il widget su un sito web?<\/h3>\r\n\r\n\t\t\t\t\t\t<div class=\"faq-item-question-icon\"><\/div>\r\n\t\t\t\t\t<\/div>\r\n\r\n\t\t\t\t\t<div class=\"faq-item-answer\">\r\n\t\t\t\t\t\t<div class=\"faq-item-answer-text\"> <p>Sicuramente! Durante lo sviluppo del plug-in Webflow Timer nel <a href=\"https:\/\/elfsight.com\/countdown-timer-widget\/create\">costruttore di widget live gratuito<\/a>, prenderai in considerazione tutte le revisioni sulla destra. Il tuo conto alla rovescia avr\u00e0 lo stesso aspetto che avrai sul tuo sito Webflow. <\/p><\/div>\r\n\t\t\t\t\t<\/div>\r\n\t\t\t\t<\/div><div class=\"faq-item\">\r\n\t\t\t\t\t<div class=\"faq-item-question\">\r\n\t\t\t\t\t\t<h3 class=\"faq-item-question-text\">Quali altri widget sono indispensabili per un sito Web Webflow?<\/h3>\r\n\r\n\t\t\t\t\t\t<div class=\"faq-item-question-icon\"><\/div>\r\n\t\t\t\t\t<\/div>\r\n\r\n\t\t\t\t\t<div class=\"faq-item-answer\">\r\n\t\t\t\t\t\t<div class=\"faq-item-answer-text\"><p>Webflow \u00e8 una piattaforma che consente a chiunque di creare qualsiasi tipo di sito Web senza codifica e \u00e8 una buona idea aggiungere widget Elfsight per migliorare la funzionalit\u00e0 dei siti Web Webflow.<\/p><p>Ad esempio, Form Builder sar\u00e0 utile per raccogliere feedback e informazioni essenziali dai clienti, il banner di consenso sui cookie e il widget popup saranno a disposizione per di fare annunci. Utilizzando i widget Feed e Slider di Instagram sarai in grado di presentare splendide immagini dei tuoi prodotti. Sono inoltre disponibili numerose chat, soluzioni di e-commerce e moduli per aumentare le vendite e facilitare la comunicazione con i clienti.<\/p><\/div>\r\n\t\t\t\t\t<\/div>\r\n\t\t\t\t<\/div><\/div>","protected":false},"excerpt":{"rendered":"","protected":false},"author":9,"featured_media":0,"parent":1109,"menu_order":0,"comment_status":"closed","ping_status":"closed","template":"templates\/template-application-platform.php","meta":{"publish_to_discourse":"","publish_post_category":"","wpdc_auto_publish_overridden":"","wpdc_topic_tags":"","wpdc_pin_topic":"","wpdc_pin_until":"","discourse_post_id":"","discourse_permalink":"","wpdc_publishing_response":"","wpdc_publishing_error":"","footnotes":""},"class_list":["post-4253","page","type-page","status-publish","hentry"],"yoast_head":"<!-- This site is optimized with the Yoast SEO plugin v25.3.1 - https:\/\/yoast.com\/wordpress\/plugins\/seo\/ -->\n<title>Widget timer per il conto alla rovescia del flusso Web: aggiungi il timer per il conto alla rovescia al flusso Web [2026]<\/title>\n<meta name=\"description\" content=\"Scopri un widget premium per il conto alla rovescia premium gratuito per il sito Web Webflow! Costruisci un widget personale con l&#039;aiuto di Elfsight in soli 2 minuti.\" \/>\n<meta name=\"robots\" content=\"index, follow, max-snippet:-1, max-image-preview:large, max-video-preview:-1\" \/>\n<link rel=\"canonical\" href=\"https:\/\/elfsight.com\/it\/countdown-timer-widget\/webflow\/\" \/>\n<meta property=\"og:locale\" content=\"it_IT\" \/>\n<meta property=\"og:type\" content=\"article\" \/>\n<meta property=\"og:title\" content=\"Widget timer per il conto alla rovescia del flusso Web: aggiungi il timer per il conto alla rovescia al flusso Web [2026]\" \/>\n<meta property=\"og:description\" content=\"Scopri un widget premium per il conto alla rovescia premium gratuito per il sito Web Webflow! Costruisci un widget personale con l&#039;aiuto di Elfsight in soli 2 minuti.\" \/>\n<meta property=\"og:url\" content=\"https:\/\/elfsight.com\/it\/countdown-timer-widget\/webflow\/\" \/>\n<meta property=\"og:site_name\" content=\"Elfsight IT\" \/>\n<meta property=\"article:modified_time\" content=\"2025-01-24T12:11:13+00:00\" \/>\n<meta name=\"twitter:card\" content=\"summary_large_image\" \/>\n<meta name=\"twitter:label1\" content=\"Tempo di lettura stimato\" \/>\n\t<meta name=\"twitter:data1\" content=\"4 minuti\" \/>\n<!-- \/ Yoast SEO plugin. -->","yoast_head_json":{"title":"Widget timer per il conto alla rovescia del flusso Web: aggiungi il timer per il conto alla rovescia al flusso Web [2026]","description":"Scopri un widget premium per il conto alla rovescia premium gratuito per il sito Web Webflow! Costruisci un widget personale con l'aiuto di Elfsight in soli 2 minuti.","robots":{"index":"index","follow":"follow","max-snippet":"max-snippet:-1","max-image-preview":"max-image-preview:large","max-video-preview":"max-video-preview:-1"},"canonical":"https:\/\/elfsight.com\/it\/countdown-timer-widget\/webflow\/","og_locale":"it_IT","og_type":"article","og_title":"Widget timer per il conto alla rovescia del flusso Web: aggiungi il timer per il conto alla rovescia al flusso Web [2026]","og_description":"Scopri un widget premium per il conto alla rovescia premium gratuito per il sito Web Webflow! Costruisci un widget personale con l'aiuto di Elfsight in soli 2 minuti.","og_url":"https:\/\/elfsight.com\/it\/countdown-timer-widget\/webflow\/","og_site_name":"Elfsight IT","article_modified_time":"2025-01-24T12:11:13+00:00","twitter_card":"summary_large_image","twitter_misc":{"Tempo di lettura stimato":"4 minuti"},"schema":{"@context":"https:\/\/schema.org","@graph":[{"@type":"WebPage","@id":"https:\/\/elfsight.com\/it\/countdown-timer-widget\/webflow\/","url":"https:\/\/elfsight.com\/it\/countdown-timer-widget\/webflow\/","name":"Widget timer per il conto alla rovescia del flusso Web: aggiungi il timer per il conto alla rovescia al flusso Web [2026]","isPartOf":{"@id":"https:\/\/elfsight.com\/it\/#website"},"datePublished":"2024-05-03T06:34:15+00:00","dateModified":"2025-01-24T12:11:13+00:00","description":"Scopri un widget premium per il conto alla rovescia premium gratuito per il sito Web Webflow! Costruisci un widget personale con l'aiuto di Elfsight in soli 2 minuti.","breadcrumb":{"@id":"https:\/\/elfsight.com\/it\/countdown-timer-widget\/webflow\/#breadcrumb"},"inLanguage":"it-IT","potentialAction":[{"@type":"ReadAction","target":["https:\/\/elfsight.com\/it\/countdown-timer-widget\/webflow\/"]}]},{"@type":"BreadcrumbList","@id":"https:\/\/elfsight.com\/it\/countdown-timer-widget\/webflow\/#breadcrumb","itemListElement":[{"@type":"ListItem","position":1,"name":"Home","item":"https:\/\/elfsight.com\/it\/"},{"@type":"ListItem","position":2,"name":"Countdown Timer","item":"https:\/\/elfsight.com\/it\/countdown-timer-widget\/"},{"@type":"ListItem","position":3,"name":"Countdown Timer &#8211; Webflow"}]},{"@type":"WebSite","@id":"https:\/\/elfsight.com\/it\/#website","url":"https:\/\/elfsight.com\/it\/","name":"Elfsight IT","description":"Just another Elfsight Sites site","potentialAction":[{"@type":"SearchAction","target":{"@type":"EntryPoint","urlTemplate":"https:\/\/elfsight.com\/it\/?s={search_term_string}"},"query-input":{"@type":"PropertyValueSpecification","valueRequired":true,"valueName":"search_term_string"}}],"inLanguage":"it-IT"}]}},"meta_box":{"industry":"","seo_heading":"","heading":"","description":"","cta_heading":"","cta_description":"","application":"1108","h1":"Widget timer per il conto alla rovescia del flusso Web","h1_caption":"Imposta un conto alla rovescia per eventi o promozioni importanti, creando facilmente un senso di urgenza per i tuoi visitatori nel tuo sito web Webflow.","application_category":[],"applications_title":"","applications_request_title":"","applications_request_button_text":"","hero_text":"","hero_video":"","hero_video_schema_markup":"","selling_points_title":"","selling_points_caption":"","selling_points":[],"selling_points_cta_text":"","features_title":"","features":"","ed_cta_examples_text":"","ed_cta_examples_hidden":"","ed_cta_demo_text":"","ed_cta_demo_hidden":"","why_caption":"","why_editor_title":"","why_editor_text":"","why_team_title":"","why_team_text":"","why_service_title":"","why_service_text":"","template_catalog_visible":"0","template_catalog_title":"","template_catalog_text":"","template_catalog_categories_visible":"","demo_title":"Crea il tuo widget Conto alla rovescia","demo_caption":"Configura il tuo timer per il conto alla rovescia e aggiungilo gratuitamente al tuo sito web Webflow!","default_faq_hidden":"","app_template_category":[],"platform":"44","template_public_id":"","codecanyon_url":"","codecanyon_item_id":"","codecanyon_price":"","pricing_caption":"","pricing_elfsight_apps_hide_column":"","pricing_elfsight_apps_url":"","pricing_codecanyon_price_caption":"","integration_category":[],"integration_request_title":"","integration_request_cta":"","integration_platform":"","integrations":[],"platform_category":[],"video_schema_markup":"","price":"da $ 0 al mese","trial":"","benefits":[{"text":"Servizio di installazione gratuito"},{"text":"Assistenza clienti competente"},{"text":"Garanzia di rimborso di 14 giorni"},{"text":"Aggiornamento costante"}],"button_url":"#demo","button_target_blank":"0","button_nofollow":"0","attributes":[{"name":"Installazioni"},{"name":"Reattivo","content":"S\u00cc"},{"name":"Browser compatibili","content":"Firefox, Safari, Opera, Chrome, Edge"}],"tags":[],"tags_disable_links":"0","hide_more_platforms":"","video_object":"","demo_hide_cta":"0","demo_hide_cloud_options":"0","pricing_title":"","pricing":[{"pricing_icon":"platform","pricing_title":"Elfsight Apps","pricing_title_caption":"Soluzione digitale multipiattaforma adatta a qualsiasi sito web","pricing_price":"da $ 0 \/ mese","pricing_price_caption":"inizia con il piano gratuito","pricing_benefits":[{"text":"Siti web illimitati"},{"text":"Assistenza clienti premium"},{"text":"Aiuto per l'installazione gratuito"},{"text":"Progettazione flessibile"}],"pricing_button_text":"Aggiungi al sito web","pricing_button_url":"#demo"}],"related_apps_title":"","related_apps_hidden":"0","author":"","image":[],"title":"","job":"","social_networks":[]},"_links":{"self":[{"href":"https:\/\/elfsight.com\/it\/wp-json\/wp\/v2\/pages\/4253","targetHints":{"allow":["GET"]}}],"collection":[{"href":"https:\/\/elfsight.com\/it\/wp-json\/wp\/v2\/pages"}],"about":[{"href":"https:\/\/elfsight.com\/it\/wp-json\/wp\/v2\/types\/page"}],"author":[{"embeddable":true,"href":"https:\/\/elfsight.com\/it\/wp-json\/wp\/v2\/users\/9"}],"replies":[{"embeddable":true,"href":"https:\/\/elfsight.com\/it\/wp-json\/wp\/v2\/comments?post=4253"}],"version-history":[{"count":4,"href":"https:\/\/elfsight.com\/it\/wp-json\/wp\/v2\/pages\/4253\/revisions"}],"predecessor-version":[{"id":8513,"href":"https:\/\/elfsight.com\/it\/wp-json\/wp\/v2\/pages\/4253\/revisions\/8513"}],"up":[{"embeddable":true,"href":"https:\/\/elfsight.com\/it\/wp-json\/wp\/v2\/pages\/1109"}],"wp:attachment":[{"href":"https:\/\/elfsight.com\/it\/wp-json\/wp\/v2\/media?parent=4253"}],"curies":[{"name":"wp","href":"https:\/\/api.w.org\/{rel}","templated":true}]}}