{"id":4252,"date":"2024-05-03T06:34:14","date_gmt":"2024-05-03T06:34:14","guid":{"rendered":"https:\/\/elfsight.com\/it\/?page_id=4252"},"modified":"2024-11-12T13:17:14","modified_gmt":"2024-11-12T13:17:14","slug":"joomla","status":"publish","type":"page","link":"https:\/\/elfsight.com\/it\/countdown-timer-widget\/joomla\/","title":{"rendered":"Countdown Timer &#8211; Joomla"},"content":{"rendered":"<div class=\"application-platform-content-item-description application-platform-content-item\" id=\"description\" data-nav-section=\"description\"><h2>Descrizione<\/h2><p>Crea timer per l&#8217;aumento delle vendite per il tuo sito web con il modulo Elfsight Countdown. Ravviva l&#8217;atmosfera e crea un senso di deficit delle tue offerte, dimostrando quanto velocemente vengono esaurite. Spingi gli utenti ad acquistare con il tempo che scorre fino alla fine del periodo dell&#8217;offerta speciale. Annuncia le tue future occasioni o il lancio di un prodotto e mantieni la tua clientela in attesa con impazienza mostrando un conto alla rovescia fino all&#8217;inizio.<\/p><p><b>Rendi imperdibili i tuoi eventi e le tue vendite e attira pi\u00f9 acquisti. <\/b><\/p><p><b>Stimola i tuoi visitatori a fare acquisti evocando un senso di urgenza. <\/b><br> Fai in modo che i tuoi clienti abbiano paura di perdere i tuoi prezzi bassi, mentre il tempo stringe. Far\u00e0 s\u00ec che i clienti acquistino pi\u00f9 velocemente e aumenter\u00e0 le vendite sul tuo sito.<\/p><p><b>Mostra che le scorte stanno diminuendo per aumentare il valore percepito degli articoli.<\/b><br> Crea un contatore delle scorte, dimostrando che i tuoi beni vanno a ruba e diventano deficit. In questo modo le persone apprezzeranno di pi\u00f9 gli articoli e diventeranno ansiose di acquistarli.<\/p><p><b>Attira pi\u00f9 attenzione sulle tue vendite utilizzando una speciale barra per il conto alla rovescia a tema festivo.<\/b><br> Display accattivante bar con vendita a tema per vacanze ed eventi speciali. Rifletter\u00e0 l&#8217;atmosfera vacanziera e promuover\u00e0 le tue fantastiche offerte per aiutarti a vendere nei periodi di stagione redditizia.<\/p><\/div><div class=\"application-platform-content-item-features application-platform-content-item\" id=\"features\" data-nav-section=\"features\"><h2>Caratteristiche<\/h2><p>5 attributi , che trasformano il nostro modulo nella soluzione ideale per il sito web Joomla:<\/p><ul><li>Opzione per impostare data e ora di inizio e fine;<\/li><li>Testo del pulsante modificabile;<\/li><li>Quattro unit\u00e0 di tempo: giorni, ore, minuti, secondi;<\/li><li>5 temi festivi per le occasioni pi\u00f9 popolari;<\/li><li>Dimensioni personalizzabili di timer e pulsante.<\/li><\/ul><p><a href=\"#demo\">Prova l&#8217;elenco completo delle caratteristiche nella demo!<\/a><\/p><\/div><div class=\"application-platform-content-item-installation application-platform-content-item\" id=\"installation\" data-nav-section=\"installation\"><h2>Come aggiungere il timer per il conto alla rovescia a Sito web Joomla<\/h2><div class=\"video-container\"><iframe width=\"720\" height=\"405\" src=\"https:\/\/www.youtube.com\/embed\/sp1GYC0i__Q\" frameborder=\"0\" allowfullscreen=\"\"><\/iframe><\/div><p>Segui i passaggi indicati di seguito per attivare l&#8217;estensione su Joomla.<\/p> <ol><li><b>Lancia la nostra demo gratuita e inizia a dare forma al tuo widget su misura. <\/b><br> Specifica il design e le specifiche adatte dell&#8217;estensione e salva le modifiche. <\/li> <li><b>Acquisisci il tuo codice univoco che viene mostrato nella casella su Elfsight Apps. <\/b><br> Non appena la personalizzazione della tua estensione personale per il conto alla rovescia sar\u00e0 completata, copia il codice individuale dalla finestra visualizzata e conservalo per un uso futuro. <\/li> <li><b>Inizia a utilizzare il plugin sul tuo sito web Joomla. <\/b><br> Inserisci il codice che hai salvato di recente nel tuo sito web e salva i miglioramenti. <\/li> <li><b>Il gioco \u00e8 fatto! L&#8217;incorporamento \u00e8 stato completamente eseguito. <\/b><br> Visita la tua pagina per verificare come funziona il plugin. <\/li><\/ol><p>Se hai problemi o domande con l&#8217;installazione? Lascia il tuo messaggio al team di supporto Elfsight con una spiegazione del problema. Faremo del nostro meglio per fornire soluzioni. Oppure prova a utilizzare <a href=\"https:\/\/elfsight.com\/tutorials\/how-to-add-countdown-timer-to-joomla\/\" target=\"_blank\" rel=\"noopener noreferrer\">istruzioni approfondite<\/a>.<\/p><div class=\"faq\" data-component=\"FAQ\"> <div class=\"faq-item\">\r\n\t\t\t\t\t<div class=\"faq-item-question\">\r\n\t\t\t\t\t\t<h3 class=\"faq-item-question-text\">Come posso aggiungere un timer per il conto alla rovescia al mio sito Web Joomla senza competenze di programmazione?<\/h3>\r\n\r\n\t\t\t\t\t\t<div class=\"faq-item-question-icon\"><\/div>\r\n\t\t\t\t\t<\/div>\r\n\r\n\t\t\t\t\t<div class=\"faq-item-answer\">\r\n\t\t\t\t\t\t<div class=\"faq-item-answer-text\"> <p>Elfsight fornisce una soluzione SaaS che ti consente di creare tu stesso un widget per il conto alla rovescia , scopri quanto \u00e8 semplice il processo: lavora direttamente nell&#8217;editor online per creare un widget timer per il conto alla rovescia che vorresti vedere sul tuo sito web Joomla. Scegli uno dei modelli predefiniti e regola le impostazioni del timer per il conto alla rovescia, aggiungi i tuoi contenuti, modifica il layout e i colori senza alcuna competenza di codifica. Salva il timer per il conto alla rovescia e copia il codice di installazione, che potrai aggiungere facilmente al tuo sito Joomla senza dover acquistare un piano a pagamento. Con il nostro editor intuitivo qualsiasi utente di Internet pu\u00f2 creare un widget per il conto alla rovescia online e incorporarlo facilmente nel proprio sito Web Joomla. Non \u00e8 necessario pagare o inserire le credenziali della carta per accedere al servizio. In caso di problemi in qualsiasi momento, non esitate a contattare il nostro team di supporto tecnico.<\/p> <\/div>\r\n\t\t\t\t\t<\/div>\r\n\t\t\t\t<\/div> <\/div> <\/div>","protected":false},"excerpt":{"rendered":"","protected":false},"author":9,"featured_media":0,"parent":1109,"menu_order":0,"comment_status":"closed","ping_status":"closed","template":"templates\/template-application-platform.php","meta":{"publish_to_discourse":"","publish_post_category":"","wpdc_auto_publish_overridden":"","wpdc_topic_tags":"","wpdc_pin_topic":"","wpdc_pin_until":"","discourse_post_id":"","discourse_permalink":"","wpdc_publishing_response":"","wpdc_publishing_error":"","footnotes":""},"class_list":["post-4252","page","type-page","status-publish","hentry"],"yoast_head":"<!-- This site is optimized with the Yoast SEO plugin v25.3.1 - https:\/\/yoast.com\/wordpress\/plugins\/seo\/ -->\n<title>Il miglior modulo Joomla Countdown Timer per il sito web (2025)<\/title>\n<meta name=\"description\" content=\"Imposta il tuo modulo personalizzato per il conto alla rovescia per Joomla in solo 1 minuto. Controlla la demo pi\u00f9 veloce per generare widget con Elfsight. \u00c8 totalmente gratuito.\" \/>\n<meta name=\"robots\" content=\"index, follow, max-snippet:-1, max-image-preview:large, max-video-preview:-1\" \/>\n<link rel=\"canonical\" href=\"https:\/\/elfsight.com\/it\/countdown-timer-widget\/joomla\/\" \/>\n<meta property=\"og:locale\" content=\"it_IT\" \/>\n<meta property=\"og:type\" content=\"article\" \/>\n<meta property=\"og:title\" content=\"Il miglior modulo Joomla Countdown Timer per il sito web (2025)\" \/>\n<meta property=\"og:description\" content=\"Imposta il tuo modulo personalizzato per il conto alla rovescia per Joomla in solo 1 minuto. Controlla la demo pi\u00f9 veloce per generare widget con Elfsight. \u00c8 totalmente gratuito.\" \/>\n<meta property=\"og:url\" content=\"https:\/\/elfsight.com\/it\/countdown-timer-widget\/joomla\/\" \/>\n<meta property=\"og:site_name\" content=\"Elfsight IT\" \/>\n<meta property=\"article:modified_time\" content=\"2024-11-12T13:17:14+00:00\" \/>\n<meta name=\"twitter:card\" content=\"summary_large_image\" \/>\n<meta name=\"twitter:label1\" content=\"Tempo di lettura stimato\" \/>\n\t<meta name=\"twitter:data1\" content=\"4 minuti\" \/>\n<!-- \/ Yoast SEO plugin. -->","yoast_head_json":{"title":"Il miglior modulo Joomla Countdown Timer per il sito web (2025)","description":"Imposta il tuo modulo personalizzato per il conto alla rovescia per Joomla in solo 1 minuto. Controlla la demo pi\u00f9 veloce per generare widget con Elfsight. \u00c8 totalmente gratuito.","robots":{"index":"index","follow":"follow","max-snippet":"max-snippet:-1","max-image-preview":"max-image-preview:large","max-video-preview":"max-video-preview:-1"},"canonical":"https:\/\/elfsight.com\/it\/countdown-timer-widget\/joomla\/","og_locale":"it_IT","og_type":"article","og_title":"Il miglior modulo Joomla Countdown Timer per il sito web (2025)","og_description":"Imposta il tuo modulo personalizzato per il conto alla rovescia per Joomla in solo 1 minuto. Controlla la demo pi\u00f9 veloce per generare widget con Elfsight. \u00c8 totalmente gratuito.","og_url":"https:\/\/elfsight.com\/it\/countdown-timer-widget\/joomla\/","og_site_name":"Elfsight IT","article_modified_time":"2024-11-12T13:17:14+00:00","twitter_card":"summary_large_image","twitter_misc":{"Tempo di lettura stimato":"4 minuti"},"schema":{"@context":"https:\/\/schema.org","@graph":[{"@type":"WebPage","@id":"https:\/\/elfsight.com\/it\/countdown-timer-widget\/joomla\/","url":"https:\/\/elfsight.com\/it\/countdown-timer-widget\/joomla\/","name":"Il miglior modulo Joomla Countdown Timer per il sito web (2025)","isPartOf":{"@id":"https:\/\/elfsight.com\/it\/#website"},"datePublished":"2024-05-03T06:34:14+00:00","dateModified":"2024-11-12T13:17:14+00:00","description":"Imposta il tuo modulo personalizzato per il conto alla rovescia per Joomla in solo 1 minuto. Controlla la demo pi\u00f9 veloce per generare widget con Elfsight. \u00c8 totalmente gratuito.","breadcrumb":{"@id":"https:\/\/elfsight.com\/it\/countdown-timer-widget\/joomla\/#breadcrumb"},"inLanguage":"it-IT","potentialAction":[{"@type":"ReadAction","target":["https:\/\/elfsight.com\/it\/countdown-timer-widget\/joomla\/"]}]},{"@type":"BreadcrumbList","@id":"https:\/\/elfsight.com\/it\/countdown-timer-widget\/joomla\/#breadcrumb","itemListElement":[{"@type":"ListItem","position":1,"name":"Home","item":"https:\/\/elfsight.com\/it\/"},{"@type":"ListItem","position":2,"name":"Countdown Timer","item":"https:\/\/elfsight.com\/it\/countdown-timer-widget\/"},{"@type":"ListItem","position":3,"name":"Countdown Timer &#8211; Joomla"}]},{"@type":"WebSite","@id":"https:\/\/elfsight.com\/it\/#website","url":"https:\/\/elfsight.com\/it\/","name":"Elfsight IT","description":"Just another Elfsight Sites site","potentialAction":[{"@type":"SearchAction","target":{"@type":"EntryPoint","urlTemplate":"https:\/\/elfsight.com\/it\/?s={search_term_string}"},"query-input":{"@type":"PropertyValueSpecification","valueRequired":true,"valueName":"search_term_string"}}],"inLanguage":"it-IT"}]}},"meta_box":{"industry":"","seo_heading":"","heading":"","description":"","cta_heading":"","cta_description":"","application":"1108","h1":"Modulo timer per il conto alla rovescia di Joomla","h1_caption":"Imposta un conto alla rovescia per eventi o promozioni importanti, creando facilmente un senso di urgenza per i tuoi visitatori nel tuo sito web Joomla.","application_category":[],"applications_title":"","applications_request_title":"","applications_request_button_text":"","hero_text":"","hero_video":"","hero_video_schema_markup":"","selling_points_title":"","selling_points_caption":"","selling_points":[],"selling_points_cta_text":"","features_title":"","features":"","ed_cta_examples_text":"","ed_cta_examples_hidden":"","ed_cta_demo_text":"","ed_cta_demo_hidden":"","why_caption":"","why_editor_title":"","why_editor_text":"","why_team_title":"","why_team_text":"","why_service_title":"","why_service_text":"","template_catalog_visible":"0","template_catalog_title":"","template_catalog_text":"","template_catalog_categories_visible":"","demo_title":"Crea il tuo plugin per il conto alla rovescia","demo_caption":"Configura il tuo timer per il conto alla rovescia e aggiungilo gratuitamente al tuo sito Joomla!","default_faq_hidden":"","app_template_category":[],"platform":"36","template_public_id":"","codecanyon_url":"","codecanyon_item_id":"","codecanyon_price":"","pricing_caption":"","pricing_elfsight_apps_hide_column":"","pricing_elfsight_apps_url":"","pricing_codecanyon_price_caption":"","integration_category":[],"integration_request_title":"","integration_request_cta":"","integration_platform":"","integrations":[],"platform_category":[],"video_schema_markup":"","price":"da $ 0 al mese","trial":"","benefits":[{"text":"Servizio di installazione gratuito"},{"text":"Assistenza clienti con esperienza"},{"text":"Garanzia di rimborso di 14 giorni"},{"text":"Miglioramenti a vita"}],"button_url":"#demo","button_target_blank":"0","button_nofollow":"0","attributes":[{"name":"Installazioni"},{"name":"Reattivo","content":"S\u00cc"},{"name":"Browser compatibili","content":"Firefox, Safari, Opera, Chrome, Edge"}],"tags":[],"tags_disable_links":"0","hide_more_platforms":"","video_object":"","demo_hide_cta":"0","demo_hide_cloud_options":"0","pricing_title":"","pricing":[{"pricing_icon":"cloud","pricing_title":"Elfsight Apps","pricing_title_caption":"Soluzione digitale multipiattaforma che funziona su qualsiasi sito","pricing_price":"da $ 0 \/ mese","pricing_price_caption":"inizia con il piano gratuito","pricing_benefits":[{"text":"Domini illimitati"},{"text":"Supporto dedicato"},{"text":"Assistenza gratuita per l'installazione"},{"text":"Offerta speciale per pi\u00f9 app"}],"pricing_button_text":"Aggiungi al sito web","pricing_button_url":"#demo"}],"related_apps_title":"","related_apps_hidden":"0","author":"","image":[],"title":"","job":"","social_networks":[]},"_links":{"self":[{"href":"https:\/\/elfsight.com\/it\/wp-json\/wp\/v2\/pages\/4252","targetHints":{"allow":["GET"]}}],"collection":[{"href":"https:\/\/elfsight.com\/it\/wp-json\/wp\/v2\/pages"}],"about":[{"href":"https:\/\/elfsight.com\/it\/wp-json\/wp\/v2\/types\/page"}],"author":[{"embeddable":true,"href":"https:\/\/elfsight.com\/it\/wp-json\/wp\/v2\/users\/9"}],"replies":[{"embeddable":true,"href":"https:\/\/elfsight.com\/it\/wp-json\/wp\/v2\/comments?post=4252"}],"version-history":[{"count":3,"href":"https:\/\/elfsight.com\/it\/wp-json\/wp\/v2\/pages\/4252\/revisions"}],"predecessor-version":[{"id":7528,"href":"https:\/\/elfsight.com\/it\/wp-json\/wp\/v2\/pages\/4252\/revisions\/7528"}],"up":[{"embeddable":true,"href":"https:\/\/elfsight.com\/it\/wp-json\/wp\/v2\/pages\/1109"}],"wp:attachment":[{"href":"https:\/\/elfsight.com\/it\/wp-json\/wp\/v2\/media?parent=4252"}],"curies":[{"name":"wp","href":"https:\/\/api.w.org\/{rel}","templated":true}]}}