{"id":4251,"date":"2024-05-03T06:34:13","date_gmt":"2024-05-03T06:34:13","guid":{"rendered":"https:\/\/elfsight.com\/it\/?page_id=4251"},"modified":"2024-11-12T13:17:14","modified_gmt":"2024-11-12T13:17:14","slug":"magento","status":"publish","type":"page","link":"https:\/\/elfsight.com\/it\/countdown-timer-widget\/magento\/","title":{"rendered":"Countdown Timer &#8211; Magento"},"content":{"rendered":"<div class=\"application-platform-content-item-description application-platform-content-item\" id=\"description\" data-nav-section=\"description\"><h2>Descrizione<\/h2><p>Visualizza i timer che generano vendite per il tuo sito con l&#8217;estensione Elfsight Countdown. Riscalda l&#8217;atmosfera ed evoca una sensazione di disponibilit\u00e0 limitata dei tuoi prodotti, mostrando quanto velocemente vengono acquistati proprio davanti agli occhi del pubblico. Convinci gli utenti ad acquistare subito, mostrando il conto alla rovescia del periodo dell&#8217;offerta speciale. Attira l&#8217;attenzione sui tuoi eventi o vacanze futuri. Conta i giorni che mancano e mantieni il tuo pubblico in attesa dell&#8217;inizio.<\/p><p><b>Rendi impossibili da perdere i tuoi eventi e le tue vendite future e aumenta i tuoi profitti.<\/b><\/p><p> <b>Incoraggia il pubblico a fare acquisti trasmettendo loro una sensazione di urgenza. <\/b><br> Fai in modo che il tuo pubblico abbia paura di perdere la tua offerta speciale o la tua vendita, con il tempo che scorre fino alla fine. Sar\u00e0 un grande stimolo per acquistare pi\u00f9 velocemente e aumenter\u00e0 le vendite sul tuo sito.<\/p><p><b>Mostra che le scorte stanno diminuendo e aumenta il valore percepito e la popolarit\u00e0 dei tuoi prodotti.<\/b><br> Evoca un sentimento di competizione per i tuoi articoli dimostrando come il numero delle vendite sta aumentando e le scorte stanno diminuendo. Fai sentire agli utenti che possono perdere l&#8217;offerta e affrettati ad approfittarla subito.<\/p><p><b>Attira pi\u00f9 attenzione sul periodo dei saldi con l&#8217;aiuto di un&#8217;accattivante barra per il conto alla rovescia in stile festivo.<\/b> <br> Imposta un bar di vendita a tema luminoso per vacanze ed eventi speciali. Aggiunger\u00e0 un&#8217;atmosfera vacanziera al tuo sito web e promuover\u00e0 le tue offerte vantaggiose, in modo che nessuno possa perderle. Vendi di pi\u00f9 durante una stagione redditizia.<\/p><div class=\"faq\" data-component=\"FAQ\"><div class=\"faq-item\">\r\n\t\t\t\t\t<div class=\"faq-item-question\">\r\n\t\t\t\t\t\t<h3 class=\"faq-item-question-text\">Come aggiungere il timer per il conto alla rovescia a una pagina Magento?<\/h3>\r\n\r\n\t\t\t\t\t\t<div class=\"faq-item-question-icon\"><\/div>\r\n\t\t\t\t\t<\/div>\r\n\r\n\t\t\t\t\t<div class=\"faq-item-answer\">\r\n\t\t\t\t\t\t<div class=\"faq-item-answer-text\"><p>Aggiungerai un plug-in per il timer per il conto alla rovescia in una pochi secondi. Non avrai bisogno di avere conoscenze di programmazione web. <\/p><ol><li>Regola l&#8217;estensione del timer per il conto alla rovescia per Magento nel configuratore gratuito. <\/li> <li>Clicca sul codice per ottenerlo. <\/li> <li>Incorpora il codice nella posizione richiesta nel modello Magento. <\/li> <li>Capito! L&#8217;integrazione del plugin per il conto alla rovescia su Magento \u00e8 terminata! <\/li><\/ol><p>Hai problemi con l&#8217;inserimento del plugin sul sito web o con l&#8217;impostazione del timer per il conto alla rovescia? Puoi trovare la guida dettagliata <a href=\"https:\/\/elfsight.com\/tutorials\/how-to-add-countdown-timer-to-any-website\/#magento-2-countdown-timer\">in questa pagina <\/a>. <\/p><\/div>\r\n\t\t\t\t\t<\/div>\r\n\t\t\t\t<\/div><div class=\"faq-item\">\r\n\t\t\t\t\t<div class=\"faq-item-question\">\r\n\t\t\t\t\t\t<h3 class=\"faq-item-question-text\">C'\u00e8 la possibilit\u00e0 di vedere come apparir\u00e0 il plugin su un sito web?<\/h3>\r\n\r\n\t\t\t\t\t\t<div class=\"faq-item-question-icon\"><\/div>\r\n\t\t\t\t\t<\/div>\r\n\r\n\t\t\t\t\t<div class=\"faq-item-answer\">\r\n\t\t\t\t\t\t<div class=\"faq-item-answer-text\"><p>Assolutamente! Quando crei il plugin Magento Timer <a href=\"https:\/\/elfsight.com\/countdown-timer-widget\/#demo\">nell&#8217;editor online<\/a>, considererai tutte le revisioni nella parte destra di Esso. Il tuo conto alla rovescia avr\u00e0 lo stesso aspetto che avrai su un sito web Magento. <\/p><\/div>\r\n\t\t\t\t\t<\/div>\r\n\t\t\t\t<\/div><div class=\"faq-item\">\r\n\t\t\t\t\t<div class=\"faq-item-question\">\r\n\t\t\t\t\t\t<h3 class=\"faq-item-question-text\">Quali altri widget sono indispensabili per un sito Magento?<\/h3>\r\n\r\n\t\t\t\t\t\t<div class=\"faq-item-question-icon\"><\/div>\r\n\t\t\t\t\t<\/div>\r\n\r\n\t\t\t\t\t<div class=\"faq-item-answer\">\r\n\t\t\t\t\t\t<div class=\"faq-item-answer-text\"><p>Magento \u00e8 utilizzato da molti per creare esperienze di acquisto coinvolgenti sui siti Web di e-commerce. Per migliorare le prestazioni online e aumentare i tassi di conversione, potresti utilizzare numerosi prodotti Elfsight.<\/p><p>Con Elfsight <a href=\"https:\/\/elfsight.com\/whatsapp-chat-widget\/magento\/\">Chat di WhatsApp <\/a> e <a href=\"https:\/\/elfsight.com\/facebook-chat-widget\/magento\/\">Facebook Chat<\/a> aumenterai le vendite e migliorerai la comunicazione con i clienti, con <a href=\"https:\/\/elfsight.com\/amazon-reviews-widget\/magento\/\">Amazon<\/a> e <a href=\"https:\/\/elfsight.com\/google-reviews-widget\/magento\/\">Google Recensioni<\/a> potrai condividere ottimi feedback dei tuoi clienti esistenti, con il <a href=\"https:\/\/elfsight.com\/instagram-feed-instashow\/magento\/\">Instagram Feed<\/a> tu recupererai una magnifica galleria fotografica dal tuo fantastico profilo.<\/p><\/div>\r\n\t\t\t\t\t<\/div>\r\n\t\t\t\t<\/div><\/div><\/div><div class=\"application-platform-content-item-features application-platform-content-item\" id=\"features\" data-nav-section=\"features\"><h2>Caratteristiche<\/h2><p>Principali Le funzionalit\u00e0 di Elfsight Countdown, che lo riorganizza la soluzione Magento perfetta per l&#8217;inserimento dell&#8217;estensione:<\/p><ul><li>Due azioni allo scadere del timer: nascondi il timer o mostra il messaggio;<\/li><li>Opzione per aprire il pulsante collegamento in una nuova scheda;<\/li><li>Testo modificabile del messaggio di fine timer;<\/li><li>Quattro varianti di posizione: superiore statica, superiore o inferiore mobile e posizione personalizzata;<\/li><li> Design pulito che garantisce una perfetta integrazione in qualsiasi concetto di sito web.<\/li><\/ul><p><a href=\"#demo\">Prova tutto<\/a><\/p><\/div><div class=\"application-platform-content-item- installazione application-platform-content-item\" id=\" installazione\" data-nav-section=\" installazione\"><h2>Come aggiungere il timer per il conto alla rovescia al sito Web Magento<\/h2><p>Segui semplicemente le linee guida seguenti per aggiungere lo strumento su Magento.<\/p> <ol><li><b>Esegui la nostra demo gratuita e inizia a dare forma alla tua estensione timer personalizzata. <\/b><br> Scegli il layout personalizzato e le caratteristiche del widget e salva le correzioni. <\/li> <li><b>Ricevi il codice personale che \u00e8 mostrato nel box su Elfsight Apps. <\/b><br> Una volta terminata la generazione della tua estensione personale, copia il codice esclusivo dalla finestra visualizzata e salvalo per un utilizzo successivo. <\/li> <li><b>Inizia a utilizzare lo strumento sulla home page di Magento. <\/b><br> Integra il codice copiato in precedenza nella tua home page e applica le modifiche. <\/li> <li><b>L&#8217;installazione \u00e8 stata eseguita con successo. <\/b><br> Vai al tuo sito per dare un&#8217;occhiata a come funziona l&#8217;estensione. <\/li><\/ol><p>Hai problemi con la creazione o la modifica del plugin su un sito web? Invia la tua domanda al nostro team di supporto o studia il nostro <a href=\"https:\/\/elfsight.com\/tutorials\/how-to-add-countdown-timer-to-magento-website\/\" target=\"_blank\" rel=\"noopener noreferrer\">tutorial dettagliato<\/a>.<\/p><\/div>","protected":false},"excerpt":{"rendered":"","protected":false},"author":9,"featured_media":0,"parent":1109,"menu_order":0,"comment_status":"closed","ping_status":"closed","template":"templates\/template-application-platform.php","meta":{"publish_to_discourse":"","publish_post_category":"","wpdc_auto_publish_overridden":"","wpdc_topic_tags":"","wpdc_pin_topic":"","wpdc_pin_until":"","discourse_post_id":"","discourse_permalink":"","wpdc_publishing_response":"","wpdc_publishing_error":"","footnotes":""},"class_list":["post-4251","page","type-page","status-publish","hentry"],"yoast_head":"<!-- This site is optimized with the Yoast SEO plugin v25.3.1 - https:\/\/yoast.com\/wordpress\/plugins\/seo\/ -->\n<title>La migliore estensione del timer per il conto alla rovescia Magento per il sito Web (2025)<\/title>\n<meta name=\"description\" content=\"Prova gratuitamente la migliore estensione del timer per il conto alla rovescia per Magento. Una configurazione facile e veloce senza competenze di codifica in soli 2 minuti.\" \/>\n<meta name=\"robots\" content=\"index, follow, max-snippet:-1, max-image-preview:large, max-video-preview:-1\" \/>\n<link rel=\"canonical\" href=\"https:\/\/elfsight.com\/it\/countdown-timer-widget\/magento\/\" \/>\n<meta property=\"og:locale\" content=\"it_IT\" \/>\n<meta property=\"og:type\" content=\"article\" \/>\n<meta property=\"og:title\" content=\"La migliore estensione del timer per il conto alla rovescia Magento per il sito Web (2025)\" \/>\n<meta property=\"og:description\" content=\"Prova gratuitamente la migliore estensione del timer per il conto alla rovescia per Magento. Una configurazione facile e veloce senza competenze di codifica in soli 2 minuti.\" \/>\n<meta property=\"og:url\" content=\"https:\/\/elfsight.com\/it\/countdown-timer-widget\/magento\/\" \/>\n<meta property=\"og:site_name\" content=\"Elfsight IT\" \/>\n<meta property=\"article:modified_time\" content=\"2024-11-12T13:17:14+00:00\" \/>\n<meta name=\"twitter:card\" content=\"summary_large_image\" \/>\n<meta name=\"twitter:label1\" content=\"Tempo di lettura stimato\" \/>\n\t<meta name=\"twitter:data1\" content=\"4 minuti\" \/>\n<!-- \/ Yoast SEO plugin. -->","yoast_head_json":{"title":"La migliore estensione del timer per il conto alla rovescia Magento per il sito Web (2025)","description":"Prova gratuitamente la migliore estensione del timer per il conto alla rovescia per Magento. Una configurazione facile e veloce senza competenze di codifica in soli 2 minuti.","robots":{"index":"index","follow":"follow","max-snippet":"max-snippet:-1","max-image-preview":"max-image-preview:large","max-video-preview":"max-video-preview:-1"},"canonical":"https:\/\/elfsight.com\/it\/countdown-timer-widget\/magento\/","og_locale":"it_IT","og_type":"article","og_title":"La migliore estensione del timer per il conto alla rovescia Magento per il sito Web (2025)","og_description":"Prova gratuitamente la migliore estensione del timer per il conto alla rovescia per Magento. Una configurazione facile e veloce senza competenze di codifica in soli 2 minuti.","og_url":"https:\/\/elfsight.com\/it\/countdown-timer-widget\/magento\/","og_site_name":"Elfsight IT","article_modified_time":"2024-11-12T13:17:14+00:00","twitter_card":"summary_large_image","twitter_misc":{"Tempo di lettura stimato":"4 minuti"},"schema":{"@context":"https:\/\/schema.org","@graph":[{"@type":"WebPage","@id":"https:\/\/elfsight.com\/it\/countdown-timer-widget\/magento\/","url":"https:\/\/elfsight.com\/it\/countdown-timer-widget\/magento\/","name":"La migliore estensione del timer per il conto alla rovescia Magento per il sito Web (2025)","isPartOf":{"@id":"https:\/\/elfsight.com\/it\/#website"},"datePublished":"2024-05-03T06:34:13+00:00","dateModified":"2024-11-12T13:17:14+00:00","description":"Prova gratuitamente la migliore estensione del timer per il conto alla rovescia per Magento. Una configurazione facile e veloce senza competenze di codifica in soli 2 minuti.","breadcrumb":{"@id":"https:\/\/elfsight.com\/it\/countdown-timer-widget\/magento\/#breadcrumb"},"inLanguage":"it-IT","potentialAction":[{"@type":"ReadAction","target":["https:\/\/elfsight.com\/it\/countdown-timer-widget\/magento\/"]}]},{"@type":"BreadcrumbList","@id":"https:\/\/elfsight.com\/it\/countdown-timer-widget\/magento\/#breadcrumb","itemListElement":[{"@type":"ListItem","position":1,"name":"Home","item":"https:\/\/elfsight.com\/it\/"},{"@type":"ListItem","position":2,"name":"Countdown Timer","item":"https:\/\/elfsight.com\/it\/countdown-timer-widget\/"},{"@type":"ListItem","position":3,"name":"Countdown Timer &#8211; Magento"}]},{"@type":"WebSite","@id":"https:\/\/elfsight.com\/it\/#website","url":"https:\/\/elfsight.com\/it\/","name":"Elfsight IT","description":"Just another Elfsight Sites site","potentialAction":[{"@type":"SearchAction","target":{"@type":"EntryPoint","urlTemplate":"https:\/\/elfsight.com\/it\/?s={search_term_string}"},"query-input":{"@type":"PropertyValueSpecification","valueRequired":true,"valueName":"search_term_string"}}],"inLanguage":"it-IT"}]}},"meta_box":{"industry":"","seo_heading":"","heading":"","description":"","cta_heading":"","cta_description":"","application":"1108","h1":"Estensione del timer per il conto alla rovescia Magento","h1_caption":"Imposta un conto alla rovescia per eventi o promozioni importanti, creando facilmente un senso di urgenza per i tuoi visitatori nel tuo sito web Magento.","application_category":[],"applications_title":"","applications_request_title":"","applications_request_button_text":"","hero_text":"","hero_video":"","hero_video_schema_markup":"","selling_points_title":"","selling_points_caption":"","selling_points":[],"selling_points_cta_text":"","features_title":"","features":"","ed_cta_examples_text":"","ed_cta_examples_hidden":"","ed_cta_demo_text":"","ed_cta_demo_hidden":"","why_caption":"","why_editor_title":"","why_editor_text":"","why_team_title":"","why_team_text":"","why_service_title":"","why_service_text":"","template_catalog_visible":"","template_catalog_title":"","template_catalog_text":"","template_catalog_categories_visible":"","demo_title":"Crea la tua estensione per il conto alla rovescia","demo_caption":"Configura il tuo timer per il conto alla rovescia e aggiungilo gratuitamente al tuo sito Magento!","default_faq_hidden":"","app_template_category":[],"platform":"39","template_public_id":"","codecanyon_url":"","codecanyon_item_id":"","codecanyon_price":"","pricing_caption":"","pricing_elfsight_apps_hide_column":"","pricing_elfsight_apps_url":"","pricing_codecanyon_price_caption":"","integration_category":[],"integration_request_title":"","integration_request_cta":"","integration_platform":"","integrations":[],"platform_category":[],"video_schema_markup":"","price":"A partire da $ 0 al mese","trial":"","benefits":[{"text":"Assistenza gratuita per l'installazione"},{"text":"Supporto eccezionale"},{"text":"Garanzia di rimborso di 14 giorni"},{"text":"Sviluppo continuo"}],"button_url":"#demo","button_target_blank":"","button_nofollow":"","attributes":[{"name":"Installazioni"},{"name":"Reattivo","content":"S\u00cc"},{"name":"Browser compatibili","content":"Firefox, Edge, Safari, Opera, Chrome"}],"tags":[],"tags_disable_links":"","hide_more_platforms":"","video_object":"","demo_hide_cta":"","demo_hide_cloud_options":"","pricing_title":"","pricing":[{"pricing_icon":"platform","pricing_title":"Elfsight Apps","pricing_title_caption":"Soluzione multipiattaforma che funziona su qualsiasi sito","pricing_price":"da $ 0 \/ mese","pricing_price_caption":"inizia con un piano gratuito","pricing_benefits":[{"text":"Siti web illimitati"},{"text":"Assistenza gratuita e puntuale"},{"text":"Aiuto per l'installazione gratuito"},{"text":"100% personalizzabile"}],"pricing_button_text":"Aggiungi al sito web","pricing_button_url":"#demo"}],"related_apps_title":"","related_apps_hidden":"","author":"","image":[],"title":"","job":"","social_networks":[]},"_links":{"self":[{"href":"https:\/\/elfsight.com\/it\/wp-json\/wp\/v2\/pages\/4251","targetHints":{"allow":["GET"]}}],"collection":[{"href":"https:\/\/elfsight.com\/it\/wp-json\/wp\/v2\/pages"}],"about":[{"href":"https:\/\/elfsight.com\/it\/wp-json\/wp\/v2\/types\/page"}],"author":[{"embeddable":true,"href":"https:\/\/elfsight.com\/it\/wp-json\/wp\/v2\/users\/9"}],"replies":[{"embeddable":true,"href":"https:\/\/elfsight.com\/it\/wp-json\/wp\/v2\/comments?post=4251"}],"version-history":[{"count":1,"href":"https:\/\/elfsight.com\/it\/wp-json\/wp\/v2\/pages\/4251\/revisions"}],"predecessor-version":[{"id":4255,"href":"https:\/\/elfsight.com\/it\/wp-json\/wp\/v2\/pages\/4251\/revisions\/4255"}],"up":[{"embeddable":true,"href":"https:\/\/elfsight.com\/it\/wp-json\/wp\/v2\/pages\/1109"}],"wp:attachment":[{"href":"https:\/\/elfsight.com\/it\/wp-json\/wp\/v2\/media?parent=4251"}],"curies":[{"name":"wp","href":"https:\/\/api.w.org\/{rel}","templated":true}]}}