{"id":4245,"date":"2024-05-03T06:34:11","date_gmt":"2024-05-03T06:34:11","guid":{"rendered":"https:\/\/elfsight.com\/it\/?page_id=4245"},"modified":"2024-11-12T13:17:05","modified_gmt":"2024-11-12T13:17:05","slug":"opencart","status":"publish","type":"page","link":"https:\/\/elfsight.com\/it\/countdown-timer-widget\/opencart\/","title":{"rendered":"Countdown Timer &#8211; OpenCart"},"content":{"rendered":"<div class=\"application-platform-content-item-description application-platform-content-item\" id=\"description\" data-nav-section=\"description\"><h2>Descrizione<\/h2><p>Puoi utilizzare l&#8217;estensione Elfsight Countdown per progettare conteggi e timer personalizzati, che incoraggeranno i clienti a fare pi\u00f9 acquisti sul tuo sito web. Il conteggio delle scorte o delle vendite creer\u00e0 una sensazione di disponibilit\u00e0 limitata e concorrenza; il conto alla rovescia dei saldi spinger\u00e0 gli acquirenti ad acquistare prima che i saldi finiscano. Un conto alla rovescia individuale incoragger\u00e0 ogni cliente a utilizzare pi\u00f9 velocemente un&#8217;offerta personale; i banner dei saldi natalizi attireranno pi\u00f9 attenzione sui tuoi prodotti grazie alla decorazione a tema.<\/p><p><b>Aumenta l&#8217;entusiasmo per lo shopping e spingi i visitatori a fare pi\u00f9 acquisti.<\/b><\/p><p><b>Ispira pubblico ad acquistare sul tuo sito portando un senso di urgenza.<\/b><br> Fai in modo che il tuo pubblico abbia paura di perdere la tua offerta redditizia e la tua vendita con il passare del tempo. Ci\u00f2 consentir\u00e0 agli utenti di acquistare pi\u00f9 rapidamente e di aumentare le vendite sul tuo sito web.<\/p><p><b>Dimostrare che le scorte diminuiscono per aumentare il valore degli articoli.<\/b><br> Crea un senso di competizione per il tuo offerte dimostrando come il numero di acquisti aumenta e lo stock diminuisce. Il valore percepito degli articoli aumenter\u00e0 e anche i clienti vorranno acquistarli.<\/p><p><b>Attira pi\u00f9 attenzione alle tue vendite tramite una luminosa barra del timer in stile festivo.<\/b><br> Con con l&#8217;aiuto di accattivanti barre tematiche, puoi dimostrare le tue offerte speciali e le vendite stagionali. Ottieni il massimo dall&#8217;alta stagione per aumentare le vendite sul tuo sito.<\/p><\/div><div class=\"application-platform-content-item-features application-platform-content-item\" id=\"features\" data-nav-section=\"features\"><h2>Caratteristiche<\/h2><p>Ecco le caratteristiche che rendono la nostra estensione ottimale scelta per il sito OpenCart:<\/p><ul><li>Contatore su e gi\u00f9;<\/li><li>Testo del pulsante modificabile;<\/li><li>Testo modificabile del messaggio di fine timer;<\/li><li>Opzione per cambiare il colore del timer, del pulsante, delle etichette e del messaggio;<\/li><li>Design pulito che garantisce una perfetta integrazione in qualsiasi concetto di sito web.<\/li><\/ul><a href=\"#demo\">Scopri la serie completa di vantaggi nella demo!<\/a><\/div><div class=\"application-platform-content-item-installation application-platform-content-item\" id=\"installation\" data-nav-section=\"installation\"><h2>Come aggiungere il timer per il conto alla rovescia al sito Web OpenCart<\/h2><p>Segui semplicemente le linee guida seguenti per incorporare lo strumento su OpenCart.<\/p> <ol><li><b>Utilizza il nostro configuratore gratuito e inizia a creare il tuo widget. <\/b><br> Trova l&#8217;interfaccia e le opzioni preferite del widget e applica le correzioni. <\/li> <li><b>Copia il tuo codice individuale mostrato nella finestra sulle App Elfsight. <\/b><br> Al termine della configurazione del timer per il conto alla rovescia, copia il codice personale dal popup visualizzato e salvalo per necessit\u00e0 future. <\/li> <li><b>Accedi utilizzando il widget sul tuo sito OpenCart. <\/b><br> Incolla il codice copiato di recente nella tua pagina e applica le modifiche. <\/li> <li><b>Il gioco \u00e8 fatto! L&#8217;integrazione \u00e8 stata completata con successo. <\/b><br> Vai alla tua pagina per vedere le prestazioni del widget. <\/li><\/ol> <p>In caso di problemi con la creazione dell&#8217;estensione o le sue impostazioni, puoi contattare il nostro team di supporto. Oppure prova a leggere un <a href=\"https:\/\/elfsight.com\/tutorials\/how-to-add-countdown-timer-to-opencart\/\" target=\"_blank\" rel=\"noopener noreferrer\">tutorial dettagliato<\/a>.<\/p><div class=\"faq\" data-component=\"FAQ\"> <div class=\"faq-item\">\r\n\t\t\t\t\t<div class=\"faq-item-question\">\r\n\t\t\t\t\t\t<h3 class=\"faq-item-question-text\">Come aggiungere un timer per il conto alla rovescia al mio sito Web OpenCart senza competenze di codifica?<\/h3>\r\n\r\n\t\t\t\t\t\t<div class=\"faq-item-question-icon\"><\/div>\r\n\t\t\t\t\t<\/div>\r\n\r\n\t\t\t\t\t<div class=\"faq-item-answer\">\r\n\t\t\t\t\t\t<div class=\"faq-item-answer-text\"> <p>Elfsight fornisce una soluzione SaaS che ti consente di creare tu stesso un widget per il conto alla rovescia, scopri quanto \u00e8 semplice il processo: lavora direttamente nell&#8217;editor online per creare un widget per il conto alla rovescia che vorresti vedere sul tuo sito web OpenCart. Scegli uno dei modelli predefiniti e regola le impostazioni del timer per il conto alla rovescia, aggiungi i tuoi contenuti, modifica il layout e la combinazione di colori senza competenze di codifica. Salva il timer per il conto alla rovescia e copia il suo codice di installazione, che puoi facilmente incorporare nel tuo sito Web OpenCart senza acquistare un abbonamento a pagamento. Con il nostro editor intuitivo qualsiasi utente di Internet pu\u00f2 creare un widget per il conto alla rovescia online e incorporarlo facilmente nel proprio sito Web OpenCart. Non \u00e8 necessario pagare o inserire le credenziali della carta per accedere al servizio. In caso di problemi in qualsiasi momento, non esitate a contattare il nostro team di supporto tecnico.<\/p> <\/div>\r\n\t\t\t\t\t<\/div>\r\n\t\t\t\t<\/div> <\/div> <\/div>","protected":false},"excerpt":{"rendered":"","protected":false},"author":9,"featured_media":0,"parent":1109,"menu_order":0,"comment_status":"closed","ping_status":"closed","template":"templates\/template-application-platform.php","meta":{"publish_to_discourse":"","publish_post_category":"","wpdc_auto_publish_overridden":"","wpdc_topic_tags":"","wpdc_pin_topic":"","wpdc_pin_until":"","discourse_post_id":"","discourse_permalink":"","wpdc_publishing_response":"","wpdc_publishing_error":"","footnotes":""},"class_list":["post-4245","page","type-page","status-publish","hentry"],"yoast_head":"<!-- This site is optimized with the Yoast SEO plugin v25.3.1 - https:\/\/yoast.com\/wordpress\/plugins\/seo\/ -->\n<title>La migliore estensione del timer per il conto alla rovescia OpenCart per il sito Web (2025)<\/title>\n<meta name=\"description\" content=\"Prova subito l&#039;estensione Elfsight Countdown Timer per OpenCart. Crea icone progettate individualmente per il tuo sito web in solo un paio di minuti!\" \/>\n<meta name=\"robots\" content=\"index, follow, max-snippet:-1, max-image-preview:large, max-video-preview:-1\" \/>\n<link rel=\"canonical\" href=\"https:\/\/elfsight.com\/it\/countdown-timer-widget\/opencart\/\" \/>\n<meta property=\"og:locale\" content=\"it_IT\" \/>\n<meta property=\"og:type\" content=\"article\" \/>\n<meta property=\"og:title\" content=\"La migliore estensione del timer per il conto alla rovescia OpenCart per il sito Web (2025)\" \/>\n<meta property=\"og:description\" content=\"Prova subito l&#039;estensione Elfsight Countdown Timer per OpenCart. Crea icone progettate individualmente per il tuo sito web in solo un paio di minuti!\" \/>\n<meta property=\"og:url\" content=\"https:\/\/elfsight.com\/it\/countdown-timer-widget\/opencart\/\" \/>\n<meta property=\"og:site_name\" content=\"Elfsight IT\" \/>\n<meta property=\"article:modified_time\" content=\"2024-11-12T13:17:05+00:00\" \/>\n<meta name=\"twitter:card\" content=\"summary_large_image\" \/>\n<meta name=\"twitter:label1\" content=\"Tempo di lettura stimato\" \/>\n\t<meta name=\"twitter:data1\" content=\"3 minuti\" \/>\n<!-- \/ Yoast SEO plugin. -->","yoast_head_json":{"title":"La migliore estensione del timer per il conto alla rovescia OpenCart per il sito Web (2025)","description":"Prova subito l'estensione Elfsight Countdown Timer per OpenCart. Crea icone progettate individualmente per il tuo sito web in solo un paio di minuti!","robots":{"index":"index","follow":"follow","max-snippet":"max-snippet:-1","max-image-preview":"max-image-preview:large","max-video-preview":"max-video-preview:-1"},"canonical":"https:\/\/elfsight.com\/it\/countdown-timer-widget\/opencart\/","og_locale":"it_IT","og_type":"article","og_title":"La migliore estensione del timer per il conto alla rovescia OpenCart per il sito Web (2025)","og_description":"Prova subito l'estensione Elfsight Countdown Timer per OpenCart. Crea icone progettate individualmente per il tuo sito web in solo un paio di minuti!","og_url":"https:\/\/elfsight.com\/it\/countdown-timer-widget\/opencart\/","og_site_name":"Elfsight IT","article_modified_time":"2024-11-12T13:17:05+00:00","twitter_card":"summary_large_image","twitter_misc":{"Tempo di lettura stimato":"3 minuti"},"schema":{"@context":"https:\/\/schema.org","@graph":[{"@type":"WebPage","@id":"https:\/\/elfsight.com\/it\/countdown-timer-widget\/opencart\/","url":"https:\/\/elfsight.com\/it\/countdown-timer-widget\/opencart\/","name":"La migliore estensione del timer per il conto alla rovescia OpenCart per il sito Web (2025)","isPartOf":{"@id":"https:\/\/elfsight.com\/it\/#website"},"datePublished":"2024-05-03T06:34:11+00:00","dateModified":"2024-11-12T13:17:05+00:00","description":"Prova subito l'estensione Elfsight Countdown Timer per OpenCart. Crea icone progettate individualmente per il tuo sito web in solo un paio di minuti!","breadcrumb":{"@id":"https:\/\/elfsight.com\/it\/countdown-timer-widget\/opencart\/#breadcrumb"},"inLanguage":"it-IT","potentialAction":[{"@type":"ReadAction","target":["https:\/\/elfsight.com\/it\/countdown-timer-widget\/opencart\/"]}]},{"@type":"BreadcrumbList","@id":"https:\/\/elfsight.com\/it\/countdown-timer-widget\/opencart\/#breadcrumb","itemListElement":[{"@type":"ListItem","position":1,"name":"Home","item":"https:\/\/elfsight.com\/it\/"},{"@type":"ListItem","position":2,"name":"Countdown Timer","item":"https:\/\/elfsight.com\/it\/countdown-timer-widget\/"},{"@type":"ListItem","position":3,"name":"Countdown Timer &#8211; OpenCart"}]},{"@type":"WebSite","@id":"https:\/\/elfsight.com\/it\/#website","url":"https:\/\/elfsight.com\/it\/","name":"Elfsight IT","description":"Just another Elfsight Sites site","potentialAction":[{"@type":"SearchAction","target":{"@type":"EntryPoint","urlTemplate":"https:\/\/elfsight.com\/it\/?s={search_term_string}"},"query-input":{"@type":"PropertyValueSpecification","valueRequired":true,"valueName":"search_term_string"}}],"inLanguage":"it-IT"}]}},"meta_box":{"industry":"","seo_heading":"","heading":"","description":"","cta_heading":"","cta_description":"","application":"1108","h1":"Estensione del timer per il conto alla rovescia OpenCart","h1_caption":"Imposta un conto alla rovescia per eventi o promozioni importanti, creando facilmente un senso di urgenza per i tuoi visitatori nel tuo sito Web Opencart.","application_category":[],"applications_title":"","applications_request_title":"","applications_request_button_text":"","hero_text":"","hero_video":"","hero_video_schema_markup":"","selling_points_title":"","selling_points_caption":"","selling_points":[],"selling_points_cta_text":"","features_title":"","features":"","ed_cta_examples_text":"","ed_cta_examples_hidden":"","ed_cta_demo_text":"","ed_cta_demo_hidden":"","why_caption":"","why_editor_title":"","why_editor_text":"","why_team_title":"","why_team_text":"","why_service_title":"","why_service_text":"","template_catalog_visible":"","template_catalog_title":"","template_catalog_text":"","template_catalog_categories_visible":"","demo_title":"Crea la tua estensione per il conto alla rovescia","demo_caption":"Configura il tuo timer per il conto alla rovescia e aggiungilo gratuitamente al tuo sito Web OpenCart!","default_faq_hidden":"","app_template_category":[],"platform":"41","template_public_id":"","codecanyon_url":"","codecanyon_item_id":"","codecanyon_price":"","pricing_caption":"","pricing_elfsight_apps_hide_column":"","pricing_elfsight_apps_url":"","pricing_codecanyon_price_caption":"","integration_category":[],"integration_request_title":"","integration_request_cta":"","integration_platform":"","integrations":[],"platform_category":[],"video_schema_markup":"","price":"da $ 0 al mese","trial":"","benefits":[{"text":"Aiuto per l'installazione gratuito"},{"text":"Supporto premium"},{"text":"Garanzia di rimborso di 14 giorni"},{"text":"Aggiornamento costante"}],"button_url":"#demo","button_target_blank":"","button_nofollow":"","attributes":[{"name":"Installazioni"},{"name":"Reattivo","content":"S\u00cc"},{"name":"Browser compatibili","content":"Firefox, Safari, Opera, Chrome, Edge"}],"tags":[],"tags_disable_links":"","hide_more_platforms":"","video_object":"","demo_hide_cta":"","demo_hide_cloud_options":"","pricing_title":"","pricing":[{"pricing_icon":"cloud","pricing_title":"Elfsight Apps","pricing_title_caption":"Software indipendente dalla piattaforma adatto a qualsiasi sito web","pricing_price":"da $ 0 \/ mese","pricing_price_caption":"inizia con il piano gratuito","pricing_benefits":[{"text":"Siti web illimitati"},{"text":"Supporto rapido e puntuale"},{"text":"Aiuto per l'installazione gratuito"},{"text":"Progettazione flessibile"}],"pricing_button_text":"Aggiungi al sito web","pricing_button_url":"#demo"}],"related_apps_title":"","related_apps_hidden":"","author":"","image":[],"title":"","job":"","social_networks":[]},"_links":{"self":[{"href":"https:\/\/elfsight.com\/it\/wp-json\/wp\/v2\/pages\/4245","targetHints":{"allow":["GET"]}}],"collection":[{"href":"https:\/\/elfsight.com\/it\/wp-json\/wp\/v2\/pages"}],"about":[{"href":"https:\/\/elfsight.com\/it\/wp-json\/wp\/v2\/types\/page"}],"author":[{"embeddable":true,"href":"https:\/\/elfsight.com\/it\/wp-json\/wp\/v2\/users\/9"}],"replies":[{"embeddable":true,"href":"https:\/\/elfsight.com\/it\/wp-json\/wp\/v2\/comments?post=4245"}],"version-history":[{"count":1,"href":"https:\/\/elfsight.com\/it\/wp-json\/wp\/v2\/pages\/4245\/revisions"}],"predecessor-version":[{"id":4249,"href":"https:\/\/elfsight.com\/it\/wp-json\/wp\/v2\/pages\/4245\/revisions\/4249"}],"up":[{"embeddable":true,"href":"https:\/\/elfsight.com\/it\/wp-json\/wp\/v2\/pages\/1109"}],"wp:attachment":[{"href":"https:\/\/elfsight.com\/it\/wp-json\/wp\/v2\/media?parent=4245"}],"curies":[{"name":"wp","href":"https:\/\/api.w.org\/{rel}","templated":true}]}}