{"id":4244,"date":"2024-05-03T06:34:10","date_gmt":"2024-05-03T06:34:10","guid":{"rendered":"https:\/\/elfsight.com\/it\/?page_id=4244"},"modified":"2025-11-19T15:09:16","modified_gmt":"2025-11-19T15:09:16","slug":"shopify","status":"publish","type":"page","link":"https:\/\/elfsight.com\/it\/countdown-timer-widget\/shopify\/","title":{"rendered":"Countdown Timer &#8211; Shopify"},"content":{"rendered":"<div class=\"application-platform-content-item-description application-platform-content-item\" id=\"description\" data-nav-section=\"description\"><h2>Incorpora il timer per il conto alla rovescia su Shopify con il widget Elfsight<\/h2><p>Utilizza l&#8217;app Elfsight Countdown per progettare vari conteggi e timer, che incoraggiano i visitatori ad acquistare pi\u00f9 velocemente e di pi\u00f9. Il conteggio delle scorte o delle vendite evocher\u00e0 un senso di scarsit\u00e0 e competizione; il conto alla rovescia delle vendite ispirer\u00e0 gli utenti ad acquistare prima di perdere un affare redditizio. Un conto alla rovescia individuale stimoler\u00e0 ciascun cliente a utilizzare pi\u00f9 velocemente un&#8217;offerta personale; le barre dei saldi natalizi attireranno la massima attenzione grazie al loro stile a tema brillante.<\/p><p><b>Incrementa le tue vendite sul web con l&#8217;aiuto di timer e conteggi per la creazione di urgenze.<\/b><\/p><p> <b>Ispira i clienti ad acquistare producendo un senso di urgenza.<\/b><br> Imposta timer per il conto alla rovescia che segneranno il tempo fino alla fine dei saldi e delle offerte speciali. Produrranno una sensazione di urgenza e incoraggeranno il pubblico a prendere una decisione di acquisto prima.<\/p><p><b>Dimostrare che le scorte stanno diminuendo rapidamente al fine di aumentare il valore percepito degli articoli.<\/b><br> Dimostrare che le tue offerte sono popolari e che le scorte si stanno riducendo rapidamente, con un conteggio delle scorte speciale. Gli utenti apprezzeranno di pi\u00f9 gli articoli e diventeranno gelosi di acquistarli.<\/p><p><b>Attira pi\u00f9 attenzione sui saldi natalizi tramite un&#8217;accattivante barra per il conto alla rovescia a tema festivo.<\/b><br> Crea un attraente bar di vendita a tema per le vacanze. Creer\u00e0 un&#8217;atmosfera celebrativa e promuover\u00e0 le tue offerte speciali per aiutarti ad aumentare le vendite nei periodi di stagione redditizia.<\/p><\/div><div class=\"application-platform-content-item-features application-platform-content-item\" id=\"features\" data-nav-section=\"features\"><h2>Caratteristiche principali del widget Countdown Timer<\/h2><p>Il timer per il conto alla rovescia di Shopify \u00e8 eccellente grazie alle sue impostazioni flessibili che aiutano le aziende in vari scenari. Scopri quali funzionalit\u00e0 rendono Elfsight Countdown l&#8217;app pi\u00f9 preziosa per ogni sito Shopify.<\/p><ul><li>Due azioni allo scadere del timer: nascondi il timer o mostra il messaggio;<\/li><li>Testo del pulsante modificabile;<\/li><li>Etichette delle unit\u00e0 di tempo modificabili;<\/li><li>Opzione per cambiare il colore del timer, del pulsante, delle etichette e del messaggio;<\/li><li>Dimensioni personalizzabili del timer e del pulsante.<\/li> <\/ul><a href=\"#demo\">Altre funzionalit\u00e0 nell&#8217;editor Elfsight<\/a><\/div><div class=\"application-platform-content-item-installation application-platform-content-item\" id=\"installation\" data-nav-section=\"installation\"><h2>Come aggiungere il timer per il conto alla rovescia al sito web Shopify<\/h2><div class=\"video-container\">\n<iframe width=\"720\" height=\"405\" src=\"https:\/\/www.youtube.com\/embed\/zv0oZ4POvzw?si=XtxMJURalda9-8wC\" frameborder=\"0\" allowfullscreen=\"\"><\/iframe>\n<\/div><p>La durata complessiva dell&#8217;installazione \u00e8 di soli 80 secondi, inoltre non \u00e8 necessaria esperienza nella programmazione web per ottenere il tuo timer per il conto alla rovescia Shopify personalizzato.<\/p><ol><li><b>Apri il nostro editor gratuito e inizia a creare la tua app. <\/b><br> Trova il layout e gli aspetti preferibili dell&#8217;app e applica tutte le correzioni. <\/li> <li><b>Ricevi il tuo codice univoco rivelato nella casella su Elfsight Apps. <\/b><br> Una volta completata la creazione della tua app personale, copia il codice personale nella casella visualizzata e salvalo per un ulteriore utilizzo. <\/li> <li><b>Avvia l&#8217;applicazione dell&#8217;app sul sito web Shopify. <\/b><br> Implementa il codice salvato di recente nella tua pagina e applica le correzioni. <\/li> <li><b>Fatto! La configurazione \u00e8 completamente terminata. <\/b><br> Apri il tuo sito web per verificare il funzionamento dell&#8217;app. <\/li><\/ol><p>Hai riscontrato problemi con l&#8217;installazione o la personalizzazione del widget? Scrivi un messaggio al nostro team di supporto o studia il nostro <a href=\"https:\/\/elfsight.com\/blog\/how-to-add-countdown-timer-to-shopify-for-free\/\" target=\"_blank\" rel=\"noopener noreferrer\">tutorial sull&#8217;aggiunta del timer per il conto alla rovescia a Shopify<\/a>.<\/p><\/div><div class=\"faq\" data-component=\"FAQ\"><div class=\"faq-item\">\r\n\t\t\t\t\t<div class=\"faq-item-question\">\r\n\t\t\t\t\t\t<h3 class=\"faq-item-question-text\">I migliori esempi di utilizzo di Integrazione del conto alla rovescia<\/h3>\r\n\r\n\t\t\t\t\t\t<div class=\"faq-item-question-icon\"><\/div>\r\n\t\t\t\t\t<\/div>\r\n\r\n\t\t\t\t\t<div class=\"faq-item-answer\">\r\n\t\t\t\t\t\t<div class=\"faq-item-answer-text\"><p>Ti garantiamo un&#8217;ampia gamma di opportunit\u00e0 di personalizzazione: widget su vasta scala da inserire nell&#8217;area dei contenuti, widget mobili con funzione di scorrimento, miniature per il pi\u00e8 di pagina, sezione principale e tutti i tipi di possibilit\u00e0 verticali per le barre laterali e menu. <\/p><\/div>\r\n\t\t\t\t\t<\/div>\r\n\t\t\t\t<\/div><div class=\"faq-item\">\r\n\t\t\t\t\t<div class=\"faq-item-question\">\r\n\t\t\t\t\t\t<h3 class=\"faq-item-question-text\">Esiste un'opzione per creare un timer Fomo Countdown o Scarcity tramite il tuo editor?<\/h3>\r\n\r\n\t\t\t\t\t\t<div class=\"faq-item-question-icon\"><\/div>\r\n\t\t\t\t\t<\/div>\r\n\r\n\t\t\t\t\t<div class=\"faq-item-answer\">\r\n\t\t\t\t\t\t<div class=\"faq-item-answer-text\"><p>Puoi modellare qualsiasi modifica del widget. Ci sono molti layout disponibili nell&#8217;editor e tutti possono essere rapidamente regolati nel modo desiderato. <\/p><\/div>\r\n\t\t\t\t\t<\/div>\r\n\t\t\t\t<\/div><\/div>","protected":false},"excerpt":{"rendered":"","protected":false},"author":9,"featured_media":0,"parent":1109,"menu_order":0,"comment_status":"closed","ping_status":"closed","template":"templates\/template-application-platform.php","meta":{"publish_to_discourse":"","publish_post_category":"","wpdc_auto_publish_overridden":"","wpdc_topic_tags":"","wpdc_pin_topic":"","wpdc_pin_until":"","discourse_post_id":"","discourse_permalink":"","wpdc_publishing_response":"","wpdc_publishing_error":"","footnotes":""},"class_list":["post-4244","page","type-page","status-publish","hentry"],"yoast_head":"<!-- This site is optimized with the Yoast SEO plugin v25.3.1 - https:\/\/yoast.com\/wordpress\/plugins\/seo\/ -->\n<title>Widget timer per il conto alla rovescia di Shopify - Aggiungi timer per il conto alla rovescia al sito web Shopify [ 2025 ]<\/title>\n<meta name=\"description\" content=\"Scopri come aggiungere gratuitamente il timer per il conto alla rovescia a Shopify. Utilizza la migliore app timer Shopify per aggiungere urgenza alla vendita dei prodotti sul tuo sito web.\" \/>\n<meta name=\"robots\" content=\"index, follow, max-snippet:-1, max-image-preview:large, max-video-preview:-1\" \/>\n<link rel=\"canonical\" href=\"https:\/\/elfsight.com\/it\/countdown-timer-widget\/shopify\/\" \/>\n<meta property=\"og:locale\" content=\"it_IT\" \/>\n<meta property=\"og:type\" content=\"article\" \/>\n<meta property=\"og:title\" content=\"Widget timer per il conto alla rovescia di Shopify - Aggiungi timer per il conto alla rovescia al sito web Shopify [ 2025 ]\" \/>\n<meta property=\"og:description\" content=\"Scopri come aggiungere gratuitamente il timer per il conto alla rovescia a Shopify. Utilizza la migliore app timer Shopify per aggiungere urgenza alla vendita dei prodotti sul tuo sito web.\" \/>\n<meta property=\"og:url\" content=\"https:\/\/elfsight.com\/it\/countdown-timer-widget\/shopify\/\" \/>\n<meta property=\"og:site_name\" content=\"Elfsight IT\" \/>\n<meta property=\"article:modified_time\" content=\"2025-11-19T15:09:16+00:00\" \/>\n<meta name=\"twitter:card\" content=\"summary_large_image\" \/>\n<meta name=\"twitter:label1\" content=\"Tempo di lettura stimato\" \/>\n\t<meta name=\"twitter:data1\" content=\"4 minuti\" \/>\n<!-- \/ Yoast SEO plugin. -->","yoast_head_json":{"title":"Widget timer per il conto alla rovescia di Shopify - Aggiungi timer per il conto alla rovescia al sito web Shopify [ 2025 ]","description":"Scopri come aggiungere gratuitamente il timer per il conto alla rovescia a Shopify. Utilizza la migliore app timer Shopify per aggiungere urgenza alla vendita dei prodotti sul tuo sito web.","robots":{"index":"index","follow":"follow","max-snippet":"max-snippet:-1","max-image-preview":"max-image-preview:large","max-video-preview":"max-video-preview:-1"},"canonical":"https:\/\/elfsight.com\/it\/countdown-timer-widget\/shopify\/","og_locale":"it_IT","og_type":"article","og_title":"Widget timer per il conto alla rovescia di Shopify - Aggiungi timer per il conto alla rovescia al sito web Shopify [ 2025 ]","og_description":"Scopri come aggiungere gratuitamente il timer per il conto alla rovescia a Shopify. Utilizza la migliore app timer Shopify per aggiungere urgenza alla vendita dei prodotti sul tuo sito web.","og_url":"https:\/\/elfsight.com\/it\/countdown-timer-widget\/shopify\/","og_site_name":"Elfsight IT","article_modified_time":"2025-11-19T15:09:16+00:00","twitter_card":"summary_large_image","twitter_misc":{"Tempo di lettura stimato":"4 minuti"},"schema":{"@context":"https:\/\/schema.org","@graph":[{"@type":"WebPage","@id":"https:\/\/elfsight.com\/it\/countdown-timer-widget\/shopify\/","url":"https:\/\/elfsight.com\/it\/countdown-timer-widget\/shopify\/","name":"Widget timer per il conto alla rovescia di Shopify - Aggiungi timer per il conto alla rovescia al sito web Shopify [ 2025 ]","isPartOf":{"@id":"https:\/\/elfsight.com\/it\/#website"},"datePublished":"2024-05-03T06:34:10+00:00","dateModified":"2025-11-19T15:09:16+00:00","description":"Scopri come aggiungere gratuitamente il timer per il conto alla rovescia a Shopify. Utilizza la migliore app timer Shopify per aggiungere urgenza alla vendita dei prodotti sul tuo sito web.","breadcrumb":{"@id":"https:\/\/elfsight.com\/it\/countdown-timer-widget\/shopify\/#breadcrumb"},"inLanguage":"it-IT","potentialAction":[{"@type":"ReadAction","target":["https:\/\/elfsight.com\/it\/countdown-timer-widget\/shopify\/"]}]},{"@type":"BreadcrumbList","@id":"https:\/\/elfsight.com\/it\/countdown-timer-widget\/shopify\/#breadcrumb","itemListElement":[{"@type":"ListItem","position":1,"name":"Home","item":"https:\/\/elfsight.com\/it\/"},{"@type":"ListItem","position":2,"name":"Countdown Timer","item":"https:\/\/elfsight.com\/it\/countdown-timer-widget\/"},{"@type":"ListItem","position":3,"name":"Countdown Timer &#8211; Shopify"}]},{"@type":"WebSite","@id":"https:\/\/elfsight.com\/it\/#website","url":"https:\/\/elfsight.com\/it\/","name":"Elfsight IT","description":"Just another Elfsight Sites site","potentialAction":[{"@type":"SearchAction","target":{"@type":"EntryPoint","urlTemplate":"https:\/\/elfsight.com\/it\/?s={search_term_string}"},"query-input":{"@type":"PropertyValueSpecification","valueRequired":true,"valueName":"search_term_string"}}],"inLanguage":"it-IT"}]}},"meta_box":{"industry":"","seo_heading":"","heading":"","description":"","cta_heading":"","cta_description":"","application":"1108","h1":"Applicazione Shopify per il conto alla rovescia","h1_caption":"Imposta un conto alla rovescia per eventi o promozioni importanti, creando facilmente un senso di urgenza per i tuoi visitatori nel tuo sito web Shopify.","application_category":[],"applications_title":"","applications_request_title":"","applications_request_button_text":"","hero_text":"","hero_video":"","hero_video_schema_markup":"","selling_points_title":"","selling_points_caption":"","selling_points":[],"selling_points_cta_text":"","features_title":"","features":"","ed_cta_examples_text":"","ed_cta_examples_hidden":"","ed_cta_demo_text":"","ed_cta_demo_hidden":"","why_caption":"","why_editor_title":"","why_editor_text":"","why_team_title":"","why_team_text":"","why_service_title":"","why_service_text":"","template_catalog_visible":"0","template_catalog_title":"","template_catalog_text":"","template_catalog_categories_visible":"","demo_title":"Crea la tua app per il conto alla rovescia","demo_caption":"Configura il tuo timer per il conto alla rovescia e aggiungilo gratuitamente al tuo sito Shopify!","default_faq_hidden":"","app_template_category":[],"platform":"42","template_public_id":"","codecanyon_url":"","codecanyon_item_id":"","codecanyon_price":"","pricing_caption":"","pricing_elfsight_apps_hide_column":"","pricing_elfsight_apps_url":"","pricing_codecanyon_price_caption":"","integration_category":[],"integration_request_title":"","integration_request_cta":"","integration_platform":"","integrations":[],"platform_category":[],"video_schema_markup":"","price":"da $ 0 al mese","trial":"","benefits":[{"text":"Servizio di installazione gratuito"},{"text":"Supporto premium"},{"text":"Garanzia di rimborso di 14 giorni"},{"text":"Aggiornamenti gratuiti continui"}],"button_url":"#demo","button_target_blank":"0","button_nofollow":"0","attributes":[{"name":"Installazioni"},{"name":"Reattivo","content":"S\u00cc"},{"name":"Browser compatibili","content":"Chrome, Edge, Opera, Firefox, Safari"}],"tags":[],"tags_disable_links":"0","hide_more_platforms":"0","video_object":"","demo_hide_cta":"0","demo_hide_cloud_options":"0","pricing_title":"","pricing":[{"pricing_icon":"cloud","pricing_title":"Elfsight Apps","pricing_title_caption":"Versione multipiattaforma che funziona su qualsiasi sito web","pricing_price":"da $ 0 \/ mese","pricing_price_caption":"inizia con il piano gratuito","pricing_benefits":[{"text":"Siti web illimitati"},{"text":"Supporto premium"},{"text":"Servizio di installazione gratuito"},{"text":"Offerta speciale per pi\u00f9 app"}],"pricing_button_text":"Aggiungi al sito web","pricing_button_url":"#demo"}],"related_apps_title":"","related_apps_hidden":"0","author":"","image":[],"title":"","job":"","social_networks":[]},"_links":{"self":[{"href":"https:\/\/elfsight.com\/it\/wp-json\/wp\/v2\/pages\/4244","targetHints":{"allow":["GET"]}}],"collection":[{"href":"https:\/\/elfsight.com\/it\/wp-json\/wp\/v2\/pages"}],"about":[{"href":"https:\/\/elfsight.com\/it\/wp-json\/wp\/v2\/types\/page"}],"author":[{"embeddable":true,"href":"https:\/\/elfsight.com\/it\/wp-json\/wp\/v2\/users\/9"}],"replies":[{"embeddable":true,"href":"https:\/\/elfsight.com\/it\/wp-json\/wp\/v2\/comments?post=4244"}],"version-history":[{"count":4,"href":"https:\/\/elfsight.com\/it\/wp-json\/wp\/v2\/pages\/4244\/revisions"}],"predecessor-version":[{"id":10550,"href":"https:\/\/elfsight.com\/it\/wp-json\/wp\/v2\/pages\/4244\/revisions\/10550"}],"up":[{"embeddable":true,"href":"https:\/\/elfsight.com\/it\/wp-json\/wp\/v2\/pages\/1109"}],"wp:attachment":[{"href":"https:\/\/elfsight.com\/it\/wp-json\/wp\/v2\/media?parent=4244"}],"curies":[{"name":"wp","href":"https:\/\/api.w.org\/{rel}","templated":true}]}}