{"id":4243,"date":"2024-05-03T06:34:09","date_gmt":"2024-05-03T06:34:09","guid":{"rendered":"https:\/\/elfsight.com\/it\/?page_id=4243"},"modified":"2025-03-13T06:13:14","modified_gmt":"2025-03-13T06:13:14","slug":"wordpress","status":"publish","type":"page","link":"https:\/\/elfsight.com\/it\/countdown-timer-widget\/wordpress\/","title":{"rendered":"Countdown Timer &#8211; WordPress"},"content":{"rendered":"\n<div class=\"application-platform-content-item-description application-platform-content-item\" id=\"description\" data-nav-section=\"description\"><h2>Incorpora il conto alla rovescia su WordPress con il widget Elfsight<\/h2><p>Utilizza il plugin Elfsight Countdown per creare tutti i possibili tipi di conteggi e timer che spingono i visitatori a fare acquisti. Il conteggio delle scorte o delle vendite porter\u00e0 una sensazione di scarsit\u00e0 e competizione; il conto alla rovescia dei saldi stimoler\u00e0 gli acquirenti ad acquistare prima di perdere i prezzi bassi. Un conto alla rovescia personale incoragger\u00e0 ogni persona a utilizzare un accordo personale pi\u00f9 velocemente; i banner dei saldi natalizi attireranno l&#8217;attenzione grazie al design a tema.<\/p><p><b>Rendi imperdibili i tuoi eventi e i tuoi saldi e attira pi\u00f9 acquisti.<\/b><\/p><p><b>Incoraggia i clienti ad acquistare creando una sensazione di urgenza.<\/b><br> Fai in modo che il tuo pubblico avverta la paura di perdere tempo e di perdere tempo con i prezzi bassi e di mostrare il tempo che scorre fino alla fine. Render\u00e0 pi\u00f9 rapido l&#8217;acquisto da parte del pubblico e aumenter\u00e0 le vendite sul tuo sito web.<\/p><p><b>Mostra uno stock in diminuzione dei tuoi articoli e convince gli utenti ad acquistare.<\/b><br> Dimostra che i tuoi articoli vengono venduti escono rapidamente e diventano scarsi, con un conteggio delle scorte speciale. In questo modo il pubblico apprezzer\u00e0 maggiormente gli articoli e diventer\u00e0 desideroso di averli.<\/p><p><b>Attira pi\u00f9 attenzione sul periodo dei saldi utilizzando una speciale barra per il conto alla rovescia in stile festivo.<\/b><br> Con barre tematiche accattivanti, puoi dimostrare le tue offerte e vendite stagionali e raggiungere pi\u00f9 pubblico. Utilizza al massimo il periodo delle vacanze per aumentare le vendite sul tuo sito web.<\/p><\/div><div class=\"application-platform-content-item-features application-platform-content-item\" id=\"features\" data-nav-section=\"features\"><h2>Caratteristiche principali del widget Countdown Timer<\/h2><p>Le pi\u00f9 importanti funzionalit\u00e0 del nostro Countdown, che lo trasformano nel plugin WordPress perfetto:<\/p><ul><li>Opzione per impostare la data e l&#8217;ora di inizio e fine;<\/li><li>Opzione per impostare il collegamento del pulsante per il reindirizzamento;<\/li><li>Etichette delle unit\u00e0 di tempo modificabili;<\/li><li>5 stili di timer inclusi;<\/li><li>Interfaccia reattiva con adattamento automatico alle dimensioni dello schermo.<\/li><\/ul><a href=\"#demo\">Guarda tutte le funzionalit\u00e0 in azione<\/a><\/div><div class=\"application-platform-content-item-installation application-platform-content-item\" id=\"installation\" data-nav-section=\"installation\"><h2>Come incorporare il timer per il conto alla rovescia nel sito Web WordPress<\/h2><div class=\"video- contenitore\"><iframe width=\"720\" height=\"405\" src=\"https:\/\/www.youtube.com\/embed\/kFaIhESkxWA\" frameborder=\"0\" allowfullscreen=\"\"><\/iframe><\/div> <p>La procedura di incorporamento del nostro widget per il conto alla rovescia di WordPress \u00e8 semplice e chiara per qualsiasi utente. Segui semplicemente i passaggi presentati di seguito per attivare il widget su WordPress.<\/p> <ol><li><b>Apri il nostro editor gratuito e inizia a costruire il tuo strumento personalizzato. <\/b><br> Trova il layout e le funzionalit\u00e0 preferibili del plugin e salva le modifiche. <\/li> <li><b>Copia il codice univoco che appare nel box su Elfsight Apps. <\/b><br> Una volta completata la creazione del tuo plugin personale per il conto alla rovescia, copia il codice esclusivo dalla finestra emersa e salvalo per un utilizzo successivo. <\/li> <li><b>Accedi all&#8217;utilizzo dello strumento sul sito Web WordPress. <\/b><br> Integra il codice che hai salvato di recente nel tuo sito web e applica le modifiche. <\/li> <li><b>Il gioco \u00e8 fatto! La configurazione \u00e8 stata completata con successo. <\/b><br> Visita la tua pagina per vedere le prestazioni del plugin. <\/li><\/ol> <p>Hai difficolt\u00e0 o domande mentre segui il tutorial o imposti un plugin personalizzato? Lascia una richiesta al Centro assistenza e il team di supporto sar\u00e0 lieto di aiutarti a modellare e inserire il plugin sul tuo sito web. Saremo lieti di consigliarti sull&#8217;aggiunta del plug-in Countdown Timer al sito Web desiderato e alle sue pagine. Inoltre, possiamo trovare pi\u00f9 soluzioni per potenziare la tua piattaforma di vendita o il tuo blog. Oppure consulta la nostra <a href=\"https:\/\/elfsight.com\/blog\/how-to-embed-countdown-clock-to-wordpress-website\/\" target=\"_blank\" rel=\"noopener noreferrer\">guida sull&#8217;aggiunta conti alla rovescia per WordPress<\/a>.<\/p><\/div><div class=\"faq\" data-component=\"FAQ\"><div class=\"faq-item\">\r\n\t\t\t\t\t<div class=\"faq-item-question\">\r\n\t\t\t\t\t\t<h3 class=\"faq-item-question-text\">I migliori esempi di utilizzo dell'integrazione del timer online<\/h3>\r\n\r\n\t\t\t\t\t\t<div class=\"faq-item-question-icon\"><\/div>\r\n\t\t\t\t\t<\/div>\r\n\r\n\t\t\t\t\t<div class=\"faq-item-answer\">\r\n\t\t\t\t\t\t<div class=\"faq-item-answer-text\"><p>Offriamo un pletora di opzioni di personalizzazione: widget su vasta scala da aggiungere nella sezione dei contenuti, plugin mobili con funzionalit\u00e0 di scorrimento, layout per il pi\u00e8 di pagina, la sezione principale e tutti i tipi di opzioni verticali per le barre laterali e i menu del sito web. Pertanto, puoi utilizzare il plug-in per il conto alla rovescia per offerte speciali, annunci di nuovi prodotti, inviti a conferenze e webinar, ecc. Puoi aumentare rapidamente le vendite di una determinata categoria di beni o servizi evidenziandola con il versatile plug-in.<\/p><\/div>\r\n\t\t\t\t\t<\/div>\r\n\t\t\t\t<\/div><div class=\"faq-item\">\r\n\t\t\t\t\t<div class=\"faq-item-question\">\r\n\t\t\t\t\t\t<h3 class=\"faq-item-question-text\">C'\u00e8 la possibilit\u00e0 di vedere come apparir\u00e0 il widget sul mio sito?<\/h3>\r\n\r\n\t\t\t\t\t\t<div class=\"faq-item-question-icon\"><\/div>\r\n\t\t\t\t\t<\/div>\r\n\r\n\t\t\t\t\t<div class=\"faq-item-answer\">\r\n\t\t\t\t\t\t<div class=\"faq-item-answer-text\"><p>Certamente! Quando crei il plugin WordPress Timer nell&#8217;<a href=\"https:\/\/elfsight.com\/countdown-timer-widget\/#demo\">editor online<\/a>, vedrai tutte le configurazioni nella parte destra di vive. Il tuo conto alla rovescia sar\u00e0 identico a quello che aggiungerai al tuo sito WordPress. <\/p><\/div>\r\n\t\t\t\t\t<\/div>\r\n\t\t\t\t<\/div><div class=\"faq-item\">\r\n\t\t\t\t\t<div class=\"faq-item-question\">\r\n\t\t\t\t\t\t<h3 class=\"faq-item-question-text\">Posso creare un timer Evergreen o un conto alla rovescia per le azioni tramite l'agenzia dell'editor?<\/h3>\r\n\r\n\t\t\t\t\t\t<div class=\"faq-item-question-icon\"><\/div>\r\n\t\t\t\t\t<\/div>\r\n\r\n\t\t\t\t\t<div class=\"faq-item-answer\">\r\n\t\t\t\t\t\t<div class=\"faq-item-answer-text\"><p>Sei libero di creare qualsiasi modifica del widget. Nell&#8217;editor \u00e8 disponibile un&#8217;ampia gamma di layout e tutti possono essere facilmente personalizzati in base alle tue esigenze. <\/p><\/div>\r\n\t\t\t\t\t<\/div>\r\n\t\t\t\t<\/div><div class=\"faq-item\">\r\n\t\t\t\t\t<div class=\"faq-item-question\">\r\n\t\t\t\t\t\t<h3 class=\"faq-item-question-text\">Quali altri widget sono indispensabili per un sito WordPress?<\/h3>\r\n\r\n\t\t\t\t\t\t<div class=\"faq-item-question-icon\"><\/div>\r\n\t\t\t\t\t<\/div>\r\n\r\n\t\t\t\t\t<div class=\"faq-item-answer\">\r\n\t\t\t\t\t\t<div class=\"faq-item-answer-text\"><p>WordPress \u00e8 un CMS utile per gli imprenditori che possiedono qualsiasi tipo di sito web: dai blog ai e-store. Per rendere il tuo sito WordPress ancora pi\u00f9 funzionale, avrai bisogno di strumenti dinamici chiamati plugin, e ne puoi trovare tantissimi su Elfsight.<\/p><p>Ad esempio, con la chat di WhatsApp e la chat di Facebook puoi entrare in contatto con i clienti supporta pi\u00f9 facilmente, condividi testimonianze con Google Recensioni e Dispositivo di scorrimento testimonianze, inserisci video con l&#8217;aiuto del widget Galleria di YouTube e molto altro ancora. Troverai sicuramente esattamente ci\u00f2 di cui hai bisogno, basta girare il sito!<\/p><\/div>\r\n\t\t\t\t\t<\/div>\r\n\t\t\t\t<\/div><\/div>\n","protected":false},"excerpt":{"rendered":"","protected":false},"author":9,"featured_media":0,"parent":1109,"menu_order":0,"comment_status":"closed","ping_status":"closed","template":"templates\/template-application-platform.php","meta":{"publish_to_discourse":"","publish_post_category":"","wpdc_auto_publish_overridden":"","wpdc_topic_tags":"","wpdc_pin_topic":"","wpdc_pin_until":"","discourse_post_id":"","discourse_permalink":"","wpdc_publishing_response":"","wpdc_publishing_error":"","footnotes":""},"class_list":["post-4243","page","type-page","status-publish","hentry"],"yoast_head":"<!-- This site is optimized with the Yoast SEO plugin v25.3.1 - https:\/\/yoast.com\/wordpress\/plugins\/seo\/ -->\n<title>Widget timer per il conto alla rovescia di Wordpress - Aggiungi timer per il conto alla rovescia a Wordpress [2025]<\/title>\n<meta name=\"description\" content=\"Crea gratuitamente un plug-in per il conto alla rovescia unico per WordPress. Un processo di installazione semplice e veloce senza competenze nella codifica.\" \/>\n<meta name=\"robots\" content=\"index, follow, max-snippet:-1, max-image-preview:large, max-video-preview:-1\" \/>\n<link rel=\"canonical\" href=\"https:\/\/elfsight.com\/it\/countdown-timer-widget\/wordpress\/\" \/>\n<meta property=\"og:locale\" content=\"it_IT\" \/>\n<meta property=\"og:type\" content=\"article\" \/>\n<meta property=\"og:title\" content=\"Widget timer per il conto alla rovescia di Wordpress - Aggiungi timer per il conto alla rovescia a Wordpress [2025]\" \/>\n<meta property=\"og:description\" content=\"Crea gratuitamente un plug-in per il conto alla rovescia unico per WordPress. Un processo di installazione semplice e veloce senza competenze nella codifica.\" \/>\n<meta property=\"og:url\" content=\"https:\/\/elfsight.com\/it\/countdown-timer-widget\/wordpress\/\" \/>\n<meta property=\"og:site_name\" content=\"Elfsight IT\" \/>\n<meta property=\"article:modified_time\" content=\"2025-03-13T06:13:14+00:00\" \/>\n<meta name=\"twitter:card\" content=\"summary_large_image\" \/>\n<meta name=\"twitter:label1\" content=\"Tempo di lettura stimato\" \/>\n\t<meta name=\"twitter:data1\" content=\"5 minuti\" \/>\n<!-- \/ Yoast SEO plugin. -->","yoast_head_json":{"title":"Widget timer per il conto alla rovescia di Wordpress - Aggiungi timer per il conto alla rovescia a Wordpress [2025]","description":"Crea gratuitamente un plug-in per il conto alla rovescia unico per WordPress. Un processo di installazione semplice e veloce senza competenze nella codifica.","robots":{"index":"index","follow":"follow","max-snippet":"max-snippet:-1","max-image-preview":"max-image-preview:large","max-video-preview":"max-video-preview:-1"},"canonical":"https:\/\/elfsight.com\/it\/countdown-timer-widget\/wordpress\/","og_locale":"it_IT","og_type":"article","og_title":"Widget timer per il conto alla rovescia di Wordpress - Aggiungi timer per il conto alla rovescia a Wordpress [2025]","og_description":"Crea gratuitamente un plug-in per il conto alla rovescia unico per WordPress. Un processo di installazione semplice e veloce senza competenze nella codifica.","og_url":"https:\/\/elfsight.com\/it\/countdown-timer-widget\/wordpress\/","og_site_name":"Elfsight IT","article_modified_time":"2025-03-13T06:13:14+00:00","twitter_card":"summary_large_image","twitter_misc":{"Tempo di lettura stimato":"5 minuti"},"schema":{"@context":"https:\/\/schema.org","@graph":[{"@type":"WebPage","@id":"https:\/\/elfsight.com\/it\/countdown-timer-widget\/wordpress\/","url":"https:\/\/elfsight.com\/it\/countdown-timer-widget\/wordpress\/","name":"Widget timer per il conto alla rovescia di Wordpress - Aggiungi timer per il conto alla rovescia a Wordpress [2025]","isPartOf":{"@id":"https:\/\/elfsight.com\/it\/#website"},"datePublished":"2024-05-03T06:34:09+00:00","dateModified":"2025-03-13T06:13:14+00:00","description":"Crea gratuitamente un plug-in per il conto alla rovescia unico per WordPress. Un processo di installazione semplice e veloce senza competenze nella codifica.","breadcrumb":{"@id":"https:\/\/elfsight.com\/it\/countdown-timer-widget\/wordpress\/#breadcrumb"},"inLanguage":"it-IT","potentialAction":[{"@type":"ReadAction","target":["https:\/\/elfsight.com\/it\/countdown-timer-widget\/wordpress\/"]}]},{"@type":"BreadcrumbList","@id":"https:\/\/elfsight.com\/it\/countdown-timer-widget\/wordpress\/#breadcrumb","itemListElement":[{"@type":"ListItem","position":1,"name":"Home","item":"https:\/\/elfsight.com\/it\/"},{"@type":"ListItem","position":2,"name":"Countdown Timer","item":"https:\/\/elfsight.com\/it\/countdown-timer-widget\/"},{"@type":"ListItem","position":3,"name":"Countdown Timer &#8211; WordPress"}]},{"@type":"WebSite","@id":"https:\/\/elfsight.com\/it\/#website","url":"https:\/\/elfsight.com\/it\/","name":"Elfsight IT","description":"Just another Elfsight Sites site","potentialAction":[{"@type":"SearchAction","target":{"@type":"EntryPoint","urlTemplate":"https:\/\/elfsight.com\/it\/?s={search_term_string}"},"query-input":{"@type":"PropertyValueSpecification","valueRequired":true,"valueName":"search_term_string"}}],"inLanguage":"it-IT"}]}},"meta_box":{"industry":"","seo_heading":"","heading":"","description":"","cta_heading":"","cta_description":"","application":"1108","h1":"Plug-in timer per il conto alla rovescia di WordPress","h1_caption":"Crea conti alla rovescia, conteggi e timer per trasmettere una sensazione di urgenza e scarsit\u00e0 e aumentare gli acquisti sul tuo sito","application_category":[],"applications_title":"","applications_request_title":"","applications_request_button_text":"","hero_text":"","hero_video":"","hero_video_schema_markup":"","selling_points_title":"","selling_points_caption":"","selling_points":[],"selling_points_cta_text":"","features_title":"","features":"","ed_cta_examples_text":"","ed_cta_examples_hidden":"","ed_cta_demo_text":"","ed_cta_demo_hidden":"","why_caption":"","why_editor_title":"","why_editor_text":"","why_team_title":"","why_team_text":"","why_service_title":"","why_service_text":"","template_catalog_visible":"0","template_catalog_title":"","template_catalog_text":"","template_catalog_categories_visible":"","demo_title":"Crea il tuo plugin per il conto alla rovescia","demo_caption":"Configura il tuo timer per il conto alla rovescia e aggiungilo gratuitamente al tuo sito Web WordPress!","default_faq_hidden":"","app_template_category":[],"platform":"28","template_public_id":"","codecanyon_url":"","codecanyon_item_id":"","codecanyon_price":"","pricing_caption":"","pricing_elfsight_apps_hide_column":"","pricing_elfsight_apps_url":"","pricing_codecanyon_price_caption":"","integration_category":[],"integration_request_title":"","integration_request_cta":"","integration_platform":"","integrations":[],"platform_category":[],"video_schema_markup":"","price":"da $ 0 al mese","trial":"","benefits":[{"text":"Assistenza gratuita per l'installazione"},{"text":"Servizio clienti competente"},{"text":"Garanzia di rimborso di 14 giorni"},{"text":"Aggiornamenti gratuiti continui"}],"button_url":"#demo","button_target_blank":"0","button_nofollow":"0","attributes":[{"name":"Installazioni"},{"name":"Reattivo","content":"S\u00cc"},{"name":"Browser compatibili","content":"Opera, Chrome, Edge, Firefox, Safari"}],"tags":[],"tags_disable_links":"0","hide_more_platforms":"0","video_object":"","demo_hide_cta":"0","demo_hide_cloud_options":"0","pricing_title":"","pricing":[{"pricing_icon":"platform","pricing_title":"Elfsight Apps","pricing_title_caption":"Soluzione multipiattaforma","pricing_price":"da $ 0 \/ mese","pricing_price_caption":"inizia con il piano gratuito","pricing_benefits":[{"text":"Siti web illimitati"},{"text":"Assistenza clienti 24 ore su 24, 7 giorni su 7 e ben documentata"},{"text":"Assistenza gratuita per l'installazione"},{"text":"Ottimo affare per pi\u00f9 app"}],"pricing_button_text":"Aggiungi al sito web","pricing_button_url":"#demo"}],"related_apps_title":"","related_apps_hidden":"0","author":"","image":[],"title":"","job":"","social_networks":[]},"_links":{"self":[{"href":"https:\/\/elfsight.com\/it\/wp-json\/wp\/v2\/pages\/4243","targetHints":{"allow":["GET"]}}],"collection":[{"href":"https:\/\/elfsight.com\/it\/wp-json\/wp\/v2\/pages"}],"about":[{"href":"https:\/\/elfsight.com\/it\/wp-json\/wp\/v2\/types\/page"}],"author":[{"embeddable":true,"href":"https:\/\/elfsight.com\/it\/wp-json\/wp\/v2\/users\/9"}],"replies":[{"embeddable":true,"href":"https:\/\/elfsight.com\/it\/wp-json\/wp\/v2\/comments?post=4243"}],"version-history":[{"count":4,"href":"https:\/\/elfsight.com\/it\/wp-json\/wp\/v2\/pages\/4243\/revisions"}],"predecessor-version":[{"id":8595,"href":"https:\/\/elfsight.com\/it\/wp-json\/wp\/v2\/pages\/4243\/revisions\/8595"}],"up":[{"embeddable":true,"href":"https:\/\/elfsight.com\/it\/wp-json\/wp\/v2\/pages\/1109"}],"wp:attachment":[{"href":"https:\/\/elfsight.com\/it\/wp-json\/wp\/v2\/media?parent=4243"}],"curies":[{"name":"wp","href":"https:\/\/api.w.org\/{rel}","templated":true}]}}