{"id":4242,"date":"2024-05-03T06:34:08","date_gmt":"2024-05-03T06:34:08","guid":{"rendered":"https:\/\/elfsight.com\/it\/?page_id=4242"},"modified":"2025-11-18T14:15:14","modified_gmt":"2025-11-18T14:15:14","slug":"wix","status":"publish","type":"page","link":"https:\/\/elfsight.com\/it\/countdown-timer-widget\/wix\/","title":{"rendered":"Countdown Timer &#8211; Wix"},"content":{"rendered":"\n<div class=\"application-platform-content-item-description application-platform-content-item\" id=\"description\" data-nav-section=\"description\"><h2>Descrizione<\/h2><p>Utilizza Elfsight Countdown Timer per costruire diversi conteggi e timer, che ispireranno i clienti all&#8217;acquisto. Il conteggio delle scorte o delle vendite creer\u00e0 un senso di disponibilit\u00e0 limitata e concorrenza tra i visitatori del tuo sito web; il conto alla rovescia delle vendite spinger\u00e0 gli acquirenti ad acquistare pi\u00f9 velocemente per non perdere un affare redditizio. Un conto alla rovescia individuale stimoler\u00e0 ogni cliente ad utilizzare pi\u00f9 velocemente un&#8217;offerta personale; i banner di vendita con temi festivi speciali attireranno la massima attenzione.<\/p><p><b>Crea interesse per lo shopping e stimola i clienti ad acquistare in modo pi\u00f9 attivo. <\/b><\/p><p><b>Spingi i clienti a fare acquisti creando una sensazione di urgenza. <\/b><br>Imposta timer per il conto alla rovescia che mostreranno il tempo rimasto alla fine delle vendite e delle offerte speciali. Creeranno un senso di urgenza e stimoleranno i clienti a prendere una decisione di acquisto pi\u00f9 rapidamente.<\/p><p><b>Mostra che lo stock dei tuoi articoli sta diminuendo rapidamente e rendi gli utenti desiderosi di acquistare. <\/b><br>Crea un conteggio delle scorte che dimostri la disponibilit\u00e0 limitata dei tuoi prodotti e li renda allettanti per i visitatori. Danno pi\u00f9 valore agli articoli e vogliono acquistarli anche loro.<\/p><p><b>Attira pi\u00f9 attenzione durante un periodo di saldi tramite un&#8217;accattivante barra per il conto alla rovescia in stile festivo. <\/b><br>Grazie ad attraenti barre tematiche puoi mostrare le tue offerte e i tuoi saldi stagionali. Utilizza al massimo il periodo delle vacanze per aumentare le vendite sul tuo sito.<\/p><div class=\"faq\" data-component=\"FAQ\"><div class=\"faq-item\">\r\n\t\t\t\t\t<div class=\"faq-item-question\">\r\n\t\t\t\t\t\t<h3 class=\"faq-item-question-text\">Come aggiungere il timer per il conto alla rovescia a un sito web Wix?<\/h3>\r\n\r\n\t\t\t\t\t\t<div class=\"faq-item-question-icon\"><\/div>\r\n\t\t\t\t\t<\/div>\r\n\r\n\t\t\t\t\t<div class=\"faq-item-answer\">\r\n\t\t\t\t\t\t<div class=\"faq-item-answer-text\"><p>L&#8217;installazione richiede solo 90 secondi. Inoltre, non \u00e8 necessario avere alcuna competenza di programmazione. <\/p><ol><li>Regola il widget del timer per il conto alla rovescia Wix nel configuratore live gratuito. <\/li> <li>Clicca sul codice per copiarlo. <\/li> <li>Incorpora il codice nella posizione necessaria nel modello Wix. <\/li> <li>Capito! La configurazione del widget del timer per il conto alla rovescia su Wix \u00e8 perfezionata! <\/li><\/ol><p>Hai problemi con l&#8217;installazione del plugin su Wix o con la formattazione? Puoi vedere la guida completa <a href=\"https:\/\/elfsight.com\/tutorials\/how-to-add-countdown-timer-to-any-website\/#wix-countdown-timer\">su questa pagina.<\/a><\/p><\/div>\r\n\t\t\t\t\t<\/div>\r\n\t\t\t\t<\/div><div class=\"faq-item\">\r\n\t\t\t\t\t<div class=\"faq-item-question\">\r\n\t\t\t\t\t\t<h3 class=\"faq-item-question-text\">Posso vedere come apparir\u00e0 il widget sul mio sito web?<\/h3>\r\n\r\n\t\t\t\t\t\t<div class=\"faq-item-question-icon\"><\/div>\r\n\t\t\t\t\t<\/div>\r\n\r\n\t\t\t\t\t<div class=\"faq-item-answer\">\r\n\t\t\t\t\t\t<div class=\"faq-item-answer-text\"><p>Assolutamente! Nel processo di creazione del widget del timer per il conto alla rovescia Wix nel <a href=\"https:\/\/elfsight.com\/countdown-timer-widget\/#demo\">costruttore online gratuito<\/a>, prenderai in considerazione tutte le configurazioni nella parte destra di esso. Il conto alla rovescia sar\u00e0 identico a quello che aggiungerai al tuo sito web Wix.<\/p><\/div>\r\n\t\t\t\t\t<\/div>\r\n\t\t\t\t<\/div><div class=\"faq-item\">\r\n\t\t\t\t\t<div class=\"faq-item-question\">\r\n\t\t\t\t\t\t<h3 class=\"faq-item-question-text\">Quali altri widget sono indispensabili per Wix?<\/h3>\r\n\r\n\t\t\t\t\t\t<div class=\"faq-item-question-icon\"><\/div>\r\n\t\t\t\t\t<\/div>\r\n\r\n\t\t\t\t\t<div class=\"faq-item-answer\">\r\n\t\t\t\t\t\t<div class=\"faq-item-answer-text\"><p>Wix \u00e8 un costruttore di siti Web con funzionalit\u00e0 squisite. Tuttavia, se hai bisogno di pi\u00f9 strumenti, puoi sempre provare altri prodotti Elfsight.<\/p><p>Ad esempio, <a href=\"https:\/\/elfsight.com\/it\/pdf-embed-widget\/wix\/\">PDF Incorpora<\/a>, <a href=\"https:\/\/elfsight.com\/it\/instagram-feed-instashow\/wix\/\">Feed di Instagram<\/a> e <a href=\"https:\/\/elfsight.com\/it\/google-reviews-widget\/wix\/\">Google Recensioni<\/a>. Miglioreranno le prestazioni del tuo business online e aumenteranno la fiducia nel tuo marchio. Sono inoltre disponibili widget come il pulsante <a href=\"https:\/\/elfsight.com\/it\/whatsapp-chat-widget\/wix\/\">Chat di WhatsApp<\/a> e il pulsante <a href=\"https:\/\/elfsight.com\/it\/popup-widget\/wix\/\">Widget popup<\/a>. Daranno il via libera alla comunicazione con i tuoi clienti e aumenteranno l&#8217;interazione con i contenuti del sito.<\/p><\/div>\r\n\t\t\t\t\t<\/div>\r\n\t\t\t\t<\/div><\/div><\/div><div class=\"application-platform-content-item-features application-platform-content-item\" id=\"features\" data-nav-section=\"features\"><h2>Caratteristiche<\/h2><p>del nostro widget, che lo trasforma in uno strumento Wix essenziale per il tuo sito web:<\/p><ul><li>Tre tipi di timer: inizio-fine, tempo rimanente per visitatore, inizio-fine -conteggio dei numeri finali;<\/li><li>Testo del messaggio modificabile con formattazione;<\/li><li>Etichette delle unit\u00e0 di tempo modificabili;<\/li><li>Quattro varianti di posizione: superiore statica, superiore o inferiore mobile e posizione personalizzata;<\/li><li>Dimensioni personalizzabili del timer e del pulsante.<\/li><\/ul><p><a href=\"#\">Prova l&#8217;intero elenco delle caratteristiche nella demo<\/a><\/p><\/div><div class=\"application-platform-content-item-installation application-platform-content-item\" id=\"installation\" data-nav-section=\"installation\"><h2>Come aggiungere un timer per il conto alla rovescia a un sito web Wix<\/h2><div class=\"video-container\">\n<iframe width=\"720\" height=\"405\" src=\"https:\/\/www.youtube.com\/embed\/fqt7GQteAr8?si=qQ1U-yGAJjzbJHqm\" frameborder=\"0\" allowfullscreen=\"\"><\/iframe>\n<\/div><p>La durata completa del processo \u00e8 solo 2 minuti e, in pi\u00f9, non richiede competenze nello sviluppo web.<\/p><ol><li><b>Scegli il widget nel marketplace Wix<\/b>.<br> Scegli la pagina con Conto alla rovescia e fai clic sul pulsante \u00abAggiungi al sito\u00bb.<\/li><li><b>Posiziona il widget sul sito<\/b>.<br> Nella finestra visualizzata, vai su \u00abApri editor\u00bb e inserisci il widget su qualsiasi pagina.<\/li><li><b>Personalizza il tuo conto alla rovescia<\/b>.<br> Imposta i parametri desiderati dell&#8217;interfaccia e del contenuto. Applica tutte le modifiche.<\/li><li><b>La configurazione \u00e8 completata<\/b>.<br> Visita il sito Wix per visualizzare il timer per il conto alla rovescia!<\/li><\/ol><p>Se riscontri per qualsiasi domanda, durante l&#8217;installazione o la configurazione del plug-in, studia un <a href=\"https:\/\/elfsight.com\/tutorials\/how-to-add-countdown-timer-to-wix-website\/\" target=\"_blank\" rel=\"noopener noreferrer\">istruzioni complete<\/a> sulla configurazione del plugin per Wix o contatta il nostro Centro assistenza.<\/p><\/div>\n","protected":false},"excerpt":{"rendered":"","protected":false},"author":9,"featured_media":0,"parent":1109,"menu_order":0,"comment_status":"closed","ping_status":"closed","template":"templates\/template-application-platform.php","meta":{"publish_to_discourse":"","publish_post_category":"","wpdc_auto_publish_overridden":"","wpdc_topic_tags":"","wpdc_pin_topic":"","wpdc_pin_until":"","discourse_post_id":"","discourse_permalink":"","wpdc_publishing_response":"","wpdc_publishing_error":"","footnotes":""},"class_list":["post-4242","page","type-page","status-publish","hentry"],"yoast_head":"<!-- This site is optimized with the Yoast SEO plugin v25.3.1 - https:\/\/yoast.com\/wordpress\/plugins\/seo\/ -->\n<title>La migliore app Wix Countdown Timer per sito web ( 2026 )<\/title>\n<meta name=\"description\" content=\"Prova subito la migliore app Countdown Timer per il sito Wix! Crea un widget personale per il conto alla rovescia su Elfsight in soli 3 minuti.\" \/>\n<meta name=\"robots\" content=\"index, follow, max-snippet:-1, max-image-preview:large, max-video-preview:-1\" \/>\n<link rel=\"canonical\" href=\"https:\/\/elfsight.com\/it\/countdown-timer-widget\/wix\/\" \/>\n<meta property=\"og:locale\" content=\"it_IT\" \/>\n<meta property=\"og:type\" content=\"article\" \/>\n<meta property=\"og:title\" content=\"La migliore app Wix Countdown Timer per sito web ( 2026 )\" \/>\n<meta property=\"og:description\" content=\"Prova subito la migliore app Countdown Timer per il sito Wix! Crea un widget personale per il conto alla rovescia su Elfsight in soli 3 minuti.\" \/>\n<meta property=\"og:url\" content=\"https:\/\/elfsight.com\/it\/countdown-timer-widget\/wix\/\" \/>\n<meta property=\"og:site_name\" content=\"Elfsight IT\" \/>\n<meta property=\"article:modified_time\" content=\"2025-11-18T14:15:14+00:00\" \/>\n<meta name=\"twitter:card\" content=\"summary_large_image\" \/>\n<meta name=\"twitter:label1\" content=\"Tempo di lettura stimato\" \/>\n\t<meta name=\"twitter:data1\" content=\"4 minuti\" \/>\n<!-- \/ Yoast SEO plugin. -->","yoast_head_json":{"title":"La migliore app Wix Countdown Timer per sito web ( 2026 )","description":"Prova subito la migliore app Countdown Timer per il sito Wix! Crea un widget personale per il conto alla rovescia su Elfsight in soli 3 minuti.","robots":{"index":"index","follow":"follow","max-snippet":"max-snippet:-1","max-image-preview":"max-image-preview:large","max-video-preview":"max-video-preview:-1"},"canonical":"https:\/\/elfsight.com\/it\/countdown-timer-widget\/wix\/","og_locale":"it_IT","og_type":"article","og_title":"La migliore app Wix Countdown Timer per sito web ( 2026 )","og_description":"Prova subito la migliore app Countdown Timer per il sito Wix! Crea un widget personale per il conto alla rovescia su Elfsight in soli 3 minuti.","og_url":"https:\/\/elfsight.com\/it\/countdown-timer-widget\/wix\/","og_site_name":"Elfsight IT","article_modified_time":"2025-11-18T14:15:14+00:00","twitter_card":"summary_large_image","twitter_misc":{"Tempo di lettura stimato":"4 minuti"},"schema":{"@context":"https:\/\/schema.org","@graph":[{"@type":"WebPage","@id":"https:\/\/elfsight.com\/it\/countdown-timer-widget\/wix\/","url":"https:\/\/elfsight.com\/it\/countdown-timer-widget\/wix\/","name":"La migliore app Wix Countdown Timer per sito web ( 2026 )","isPartOf":{"@id":"https:\/\/elfsight.com\/it\/#website"},"datePublished":"2024-05-03T06:34:08+00:00","dateModified":"2025-11-18T14:15:14+00:00","description":"Prova subito la migliore app Countdown Timer per il sito Wix! Crea un widget personale per il conto alla rovescia su Elfsight in soli 3 minuti.","breadcrumb":{"@id":"https:\/\/elfsight.com\/it\/countdown-timer-widget\/wix\/#breadcrumb"},"inLanguage":"it-IT","potentialAction":[{"@type":"ReadAction","target":["https:\/\/elfsight.com\/it\/countdown-timer-widget\/wix\/"]}]},{"@type":"BreadcrumbList","@id":"https:\/\/elfsight.com\/it\/countdown-timer-widget\/wix\/#breadcrumb","itemListElement":[{"@type":"ListItem","position":1,"name":"Home","item":"https:\/\/elfsight.com\/it\/"},{"@type":"ListItem","position":2,"name":"Countdown Timer","item":"https:\/\/elfsight.com\/it\/countdown-timer-widget\/"},{"@type":"ListItem","position":3,"name":"Countdown Timer &#8211; Wix"}]},{"@type":"WebSite","@id":"https:\/\/elfsight.com\/it\/#website","url":"https:\/\/elfsight.com\/it\/","name":"Elfsight IT","description":"Just another Elfsight Sites site","potentialAction":[{"@type":"SearchAction","target":{"@type":"EntryPoint","urlTemplate":"https:\/\/elfsight.com\/it\/?s={search_term_string}"},"query-input":{"@type":"PropertyValueSpecification","valueRequired":true,"valueName":"search_term_string"}}],"inLanguage":"it-IT"}]}},"meta_box":{"industry":"","seo_heading":"","heading":"","description":"","cta_heading":"","cta_description":"","application":"1108","h1":"App Wix Conto alla Rovescia","h1_caption":"Imposta un conto alla rovescia per eventi o promozioni importanti, creando facilmente un senso di urgenza per i tuoi visitatori nel tuo sito web Wix.","application_category":[],"applications_title":"","applications_request_title":"","applications_request_button_text":"","hero_text":"","hero_video":"","hero_video_schema_markup":"","selling_points_title":"","selling_points_caption":"","selling_points":[],"selling_points_cta_text":"","features_title":"","features":"","ed_cta_examples_text":"","ed_cta_examples_hidden":"","ed_cta_demo_text":"","ed_cta_demo_hidden":"","why_caption":"","why_editor_title":"","why_editor_text":"","why_team_title":"","why_team_text":"","why_service_title":"","why_service_text":"","template_catalog_visible":"0","template_catalog_title":"","template_catalog_text":"","template_catalog_categories_visible":"","demo_title":"Crea la tua app per il conto alla rovescia","demo_caption":"Configura il tuo timer per il conto alla rovescia e aggiungilo gratuitamente al tuo sito Wix!","default_faq_hidden":"","app_template_category":[],"platform":"29","template_public_id":"","codecanyon_url":"","codecanyon_item_id":"","codecanyon_price":"","pricing_caption":"","pricing_elfsight_apps_hide_column":"","pricing_elfsight_apps_url":"","pricing_codecanyon_price_caption":"","integration_category":[],"integration_request_title":"","integration_request_cta":"","integration_platform":"","integrations":[],"platform_category":[],"video_schema_markup":"","price":"da $ 0 al mese","trial":"","benefits":[{"text":"Servizio di installazione gratuito"},{"text":"Assistenza clienti competente"},{"text":"Garanzia di rimborso di 14 giorni"},{"text":"Aggiornamento costante"}],"button_url":"#demo","button_target_blank":"0","button_nofollow":"0","attributes":[{"name":"Installazioni"},{"name":"Reattivo","content":"S\u00cc"},{"name":"Browser compatibili","content":"Firefox, Safari, Opera, Chrome, Edge"}],"tags":[],"tags_disable_links":"0","hide_more_platforms":"0","video_object":"","demo_hide_cta":"0","demo_hide_cloud_options":"0","pricing_title":"","pricing":[{"pricing_icon":"platform","pricing_title":"Elfsight Apps","pricing_title_caption":"Soluzione indipendente dalla piattaforma adatta a qualsiasi sito web","pricing_price":"da $ 0 \/ mese","pricing_price_caption":"inizia con il piano gratuito","pricing_benefits":[{"text":"Numero illimitato di siti web"},{"text":"Supporto rapido e puntuale"},{"text":"Servizio di installazione gratuito"},{"text":"Prezzo speciale per pi\u00f9 app"}],"pricing_button_text":"Aggiungi al sito web","pricing_button_url":"#demo"}],"related_apps_title":"","related_apps_hidden":"0","author":"","image":[],"title":"","job":"","social_networks":[]},"_links":{"self":[{"href":"https:\/\/elfsight.com\/it\/wp-json\/wp\/v2\/pages\/4242","targetHints":{"allow":["GET"]}}],"collection":[{"href":"https:\/\/elfsight.com\/it\/wp-json\/wp\/v2\/pages"}],"about":[{"href":"https:\/\/elfsight.com\/it\/wp-json\/wp\/v2\/types\/page"}],"author":[{"embeddable":true,"href":"https:\/\/elfsight.com\/it\/wp-json\/wp\/v2\/users\/9"}],"replies":[{"embeddable":true,"href":"https:\/\/elfsight.com\/it\/wp-json\/wp\/v2\/comments?post=4242"}],"version-history":[{"count":5,"href":"https:\/\/elfsight.com\/it\/wp-json\/wp\/v2\/pages\/4242\/revisions"}],"predecessor-version":[{"id":10549,"href":"https:\/\/elfsight.com\/it\/wp-json\/wp\/v2\/pages\/4242\/revisions\/10549"}],"up":[{"embeddable":true,"href":"https:\/\/elfsight.com\/it\/wp-json\/wp\/v2\/pages\/1109"}],"wp:attachment":[{"href":"https:\/\/elfsight.com\/it\/wp-json\/wp\/v2\/media?parent=4242"}],"curies":[{"name":"wp","href":"https:\/\/api.w.org\/{rel}","templated":true}]}}