{"id":4237,"date":"2024-05-03T06:34:07","date_gmt":"2024-05-03T06:34:07","guid":{"rendered":"https:\/\/elfsight.com\/it\/?page_id=4237"},"modified":"2025-03-13T06:06:36","modified_gmt":"2025-03-13T06:06:36","slug":"weebly","status":"publish","type":"page","link":"https:\/\/elfsight.com\/it\/countdown-timer-widget\/weebly\/","title":{"rendered":"Countdown Timer &#8211; Weebly"},"content":{"rendered":"\n<div class=\"application-platform-content-item-description application-platform-content-item\" id=\"description\" data-nav-section=\"description\"><h2>Descrizione<\/h2><p>Utilizza Elfsight Countdown Timer per modellare vari tipi di conteggi e timer che spingeranno gli utenti ad acquistare pi\u00f9 velocemente e di pi\u00f9 attivamente. Il conteggio delle scorte o delle vendite creer\u00e0 una sensazione di disponibilit\u00e0 limitata e concorrenza; il conto alla rovescia per le vendite accelerer\u00e0 i clienti ad acquistare in questo momento per non perdere un&#8217;offerta vantaggiosa. Un conto alla rovescia individuale stimoler\u00e0 ogni cliente ad utilizzare pi\u00f9 velocemente un&#8217;offerta personale; le barre natalizie con un simpatico stile a tema attireranno l&#8217;attenzione sulle tue vendite.<\/p><p><b>Aumenta le vendite del tuo sito web con l&#8217;aiuto di timer e conteggi che guidano l&#8217;urgenza. <\/b><\/p><p><b>Incoraggia i clienti ad acquistare creando un sentimento di urgenza. <\/b><br> Dimostra i timer per il conto alla rovescia che mostreranno il tempo rimasto alla fine delle vendite e delle offerte speciali. Creeranno una sensazione di urgenza e incoraggeranno i clienti a prendere una decisione positiva pi\u00f9 rapidamente.<\/p><p><b>Dimostrare che lo stock di articoli disponibili sta diminuendo al fine di aumentare il loro valore percepito.<\/b><br> Crea un sentimento di concorrenza per le tue offerte mostrando che il numero di vendite sta aumentando e le scorte stanno diminuendo. La disponibilit\u00e0 limitata far\u00e0 sembrare i tuoi articoli pi\u00f9 preziosi e i visitatori vorranno acquistarli.<\/p><p><b>Attira pi\u00f9 attenzione alle tue vendite con una luminosa barra per il conto alla rovescia in stile festivo.<\/b><br> Con barre tematiche accattivanti, puoi dimostrare le tue vendite stagionali in modo vivace. Usa il periodo dei festival per aumentare le vendite sul tuo sito web.<\/p><\/div><div class=\"application-platform-content-item-features application-platform-content-item\" id=\"features\" data-nav-section=\"features\"><h2>Funzionalit\u00e0<\/h2><p>Ecco i vantaggi che rendono il nostro widget la scelta ideale per il sito web Weebly:<\/p><ul><li>Due azioni allo scadere del timer: nascondere il timer o mostrare il messaggio;<\/li><li>Opzione per impostare il collegamento del pulsante per il reindirizzamento;<\/li><li>Ora modificabile etichette delle unit\u00e0;<\/li><li>5 stili di timer inclusi;<\/li><li>Design pulito che garantisce una perfetta integrazione in qualsiasi concetto di sito web.<\/li><\/ul><a href=\"#demo\">Vedi tutto<\/a><\/div><div class=\"application-platform-content-item-installation application-platform-content-item\" id=\"installation\" data-nav-section=\"installation\"><h2>Come aggiungere il timer per il conto alla rovescia al sito web Weebly<\/h2><div class=\"video-container\"><iframe width=\"560\" height=\"315\" src=\"https:\/\/www.youtube.com\/embed\/HvRJIqLwdUA?si=RP7FOCDjQs_WTNT9\" frameborder=\"0\" allow=\"accelerometer; autoplay; clipboard-write; encrypted-media; gyroscope; picture-in-picture; web-share\" allowfullscreen><\/iframe><\/div><p>Un breve tutorial sulla configurazione del pulsanti senza esperienza nello sviluppo o alla ricerca di un programmatore. Il tempo di installazione \u00e8 di soli 2 minuti circa.<\/p><ol><li><b>Utilizza il nostro configuratore gratuito e inizia a creare la tua app personalizzata. <\/b><br> Determina la disposizione personalizzata e le caratteristiche dell&#8217;app e salva tutte le correzioni. <\/li> <li><b>Copia il tuo codice univoco che appare nella casella su Elfsight Apps. <\/b><br> Al termine della creazione della tua app personale, copia il codice dal popup emerso e salvalo per un ulteriore utilizzo. <\/li> <li><b>Inizia a utilizzare l&#8217;app sul sito Weebly. <\/b><br> Incolla il codice copiato in precedenza nella tua pagina e salva i miglioramenti. <\/li> <li><b>L&#8217;installazione \u00e8 terminata con successo. <\/b><br> Visita il tuo sito per esaminare il funzionamento dell&#8217;app. <\/li><\/ol><p>Non sei riuscito ad aggiungere il plugin su un sito? Invia la tua domanda al nostro team di assistenza o prova a utilizzare un <a href=\"https:\/\/elfsight.com\/tutorials\/how-to-add-countdown-timer-to-weebly-website\/\" target=\"_blank\" rel=\"noopener noreferrer\">istruzioni approfondite<\/a> e provalo tu stesso ancora una volta.<\/p><div class=\"faq\" data-component=\"FAQ\"> <div class=\"faq-item\">\r\n\t\t\t\t\t<div class=\"faq-item-question\">\r\n\t\t\t\t\t\t<h3 class=\"faq-item-question-text\">Come aggiungere un timer per il conto alla rovescia al mio sito Web Weebly senza competenze di programmazione?<\/h3>\r\n\r\n\t\t\t\t\t\t<div class=\"faq-item-question-icon\"><\/div>\r\n\t\t\t\t\t<\/div>\r\n\r\n\t\t\t\t\t<div class=\"faq-item-answer\">\r\n\t\t\t\t\t\t<div class=\"faq-item-answer-text\"> <p> Elfsight fornisce una soluzione SaaS che ti consente di creare tu stesso un widget timer per il conto alla rovescia, scopri quanto \u00e8 semplice il processo: lavora direttamente nell&#8217;editor online per creare un widget timer per il conto alla rovescia che vorresti vedere sul tuo sito web Weebly. Scegli uno dei modelli predefiniti e regola le impostazioni del timer per il conto alla rovescia, aggiungi i tuoi contenuti, modifica il layout e i colori senza competenze di codifica. Salva il timer per il conto alla rovescia e copia il suo codice di installazione, in modo da poterlo aggiungere facilmente al tuo sito web Weebly senza acquistare un abbonamento a pagamento. Con il nostro editor intuitivo qualsiasi utente di Internet pu\u00f2 creare un widget per il conto alla rovescia online e incorporarlo facilmente nel proprio sito Web Weebly. Non \u00e8 necessario pagare o inserire le credenziali della carta per accedere al servizio. In caso di problemi in qualsiasi momento, non esitate a contattare il nostro team di supporto tecnico.<\/p> <\/div>\r\n\t\t\t\t\t<\/div>\r\n\t\t\t\t<\/div> <\/div> <\/div>\n","protected":false},"excerpt":{"rendered":"","protected":false},"author":9,"featured_media":0,"parent":1109,"menu_order":0,"comment_status":"closed","ping_status":"closed","template":"templates\/template-application-platform.php","meta":{"publish_to_discourse":"","publish_post_category":"","wpdc_auto_publish_overridden":"","wpdc_topic_tags":"","wpdc_pin_topic":"","wpdc_pin_until":"","discourse_post_id":"","discourse_permalink":"","wpdc_publishing_response":"","wpdc_publishing_error":"","footnotes":""},"class_list":["post-4237","page","type-page","status-publish","hentry"],"yoast_head":"<!-- This site is optimized with the Yoast SEO plugin v25.3.1 - https:\/\/yoast.com\/wordpress\/plugins\/seo\/ -->\n<title>La migliore app Weebly Countdown Timer per sito web (2026)<\/title>\n<meta name=\"description\" content=\"Imposta la tua app timer per il conto alla rovescia personalizzata per Weebly in soli 60 secondi. Utilizza l&#039;editor Elfsight, che consente di creare widget Conto alla rovescia.\" \/>\n<meta name=\"robots\" content=\"index, follow, max-snippet:-1, max-image-preview:large, max-video-preview:-1\" \/>\n<link rel=\"canonical\" href=\"https:\/\/elfsight.com\/it\/countdown-timer-widget\/weebly\/\" \/>\n<meta property=\"og:locale\" content=\"it_IT\" \/>\n<meta property=\"og:type\" content=\"article\" \/>\n<meta property=\"og:title\" content=\"La migliore app Weebly Countdown Timer per sito web (2026)\" \/>\n<meta property=\"og:description\" content=\"Imposta la tua app timer per il conto alla rovescia personalizzata per Weebly in soli 60 secondi. Utilizza l&#039;editor Elfsight, che consente di creare widget Conto alla rovescia.\" \/>\n<meta property=\"og:url\" content=\"https:\/\/elfsight.com\/it\/countdown-timer-widget\/weebly\/\" \/>\n<meta property=\"og:site_name\" content=\"Elfsight IT\" \/>\n<meta property=\"article:modified_time\" content=\"2025-03-13T06:06:36+00:00\" \/>\n<meta name=\"twitter:card\" content=\"summary_large_image\" \/>\n<meta name=\"twitter:label1\" content=\"Tempo di lettura stimato\" \/>\n\t<meta name=\"twitter:data1\" content=\"4 minuti\" \/>\n<!-- \/ Yoast SEO plugin. -->","yoast_head_json":{"title":"La migliore app Weebly Countdown Timer per sito web (2026)","description":"Imposta la tua app timer per il conto alla rovescia personalizzata per Weebly in soli 60 secondi. Utilizza l'editor Elfsight, che consente di creare widget Conto alla rovescia.","robots":{"index":"index","follow":"follow","max-snippet":"max-snippet:-1","max-image-preview":"max-image-preview:large","max-video-preview":"max-video-preview:-1"},"canonical":"https:\/\/elfsight.com\/it\/countdown-timer-widget\/weebly\/","og_locale":"it_IT","og_type":"article","og_title":"La migliore app Weebly Countdown Timer per sito web (2026)","og_description":"Imposta la tua app timer per il conto alla rovescia personalizzata per Weebly in soli 60 secondi. Utilizza l'editor Elfsight, che consente di creare widget Conto alla rovescia.","og_url":"https:\/\/elfsight.com\/it\/countdown-timer-widget\/weebly\/","og_site_name":"Elfsight IT","article_modified_time":"2025-03-13T06:06:36+00:00","twitter_card":"summary_large_image","twitter_misc":{"Tempo di lettura stimato":"4 minuti"},"schema":{"@context":"https:\/\/schema.org","@graph":[{"@type":"WebPage","@id":"https:\/\/elfsight.com\/it\/countdown-timer-widget\/weebly\/","url":"https:\/\/elfsight.com\/it\/countdown-timer-widget\/weebly\/","name":"La migliore app Weebly Countdown Timer per sito web (2026)","isPartOf":{"@id":"https:\/\/elfsight.com\/it\/#website"},"datePublished":"2024-05-03T06:34:07+00:00","dateModified":"2025-03-13T06:06:36+00:00","description":"Imposta la tua app timer per il conto alla rovescia personalizzata per Weebly in soli 60 secondi. Utilizza l'editor Elfsight, che consente di creare widget Conto alla rovescia.","breadcrumb":{"@id":"https:\/\/elfsight.com\/it\/countdown-timer-widget\/weebly\/#breadcrumb"},"inLanguage":"it-IT","potentialAction":[{"@type":"ReadAction","target":["https:\/\/elfsight.com\/it\/countdown-timer-widget\/weebly\/"]}]},{"@type":"BreadcrumbList","@id":"https:\/\/elfsight.com\/it\/countdown-timer-widget\/weebly\/#breadcrumb","itemListElement":[{"@type":"ListItem","position":1,"name":"Home","item":"https:\/\/elfsight.com\/it\/"},{"@type":"ListItem","position":2,"name":"Countdown Timer","item":"https:\/\/elfsight.com\/it\/countdown-timer-widget\/"},{"@type":"ListItem","position":3,"name":"Countdown Timer &#8211; Weebly"}]},{"@type":"WebSite","@id":"https:\/\/elfsight.com\/it\/#website","url":"https:\/\/elfsight.com\/it\/","name":"Elfsight IT","description":"Just another Elfsight Sites site","potentialAction":[{"@type":"SearchAction","target":{"@type":"EntryPoint","urlTemplate":"https:\/\/elfsight.com\/it\/?s={search_term_string}"},"query-input":{"@type":"PropertyValueSpecification","valueRequired":true,"valueName":"search_term_string"}}],"inLanguage":"it-IT"}]}},"meta_box":{"industry":"","seo_heading":"","heading":"","description":"","cta_heading":"","cta_description":"","application":"1108","h1":"Applicazione Weebly per il conto alla rovescia","h1_caption":"Imposta un conto alla rovescia per eventi o promozioni importanti, creando facilmente un senso di urgenza per i tuoi visitatori nel tuo sito web Weebly.","application_category":[],"applications_title":"","applications_request_title":"","applications_request_button_text":"","hero_text":"","hero_video":"","hero_video_schema_markup":"","selling_points_title":"","selling_points_caption":"","selling_points":[],"selling_points_cta_text":"","features_title":"","features":"","ed_cta_examples_text":"","ed_cta_examples_hidden":"","ed_cta_demo_text":"","ed_cta_demo_hidden":"","why_caption":"","why_editor_title":"","why_editor_text":"","why_team_title":"","why_team_text":"","why_service_title":"","why_service_text":"","template_catalog_visible":"0","template_catalog_title":"","template_catalog_text":"","template_catalog_categories_visible":"","demo_title":"Crea la tua app per il conto alla rovescia","demo_caption":"Configura il tuo timer per il conto alla rovescia e aggiungilo gratuitamente al tuo sito web Weebly!","default_faq_hidden":"","app_template_category":[],"platform":"45","template_public_id":"","codecanyon_url":"","codecanyon_item_id":"","codecanyon_price":"","pricing_caption":"","pricing_elfsight_apps_hide_column":"","pricing_elfsight_apps_url":"","pricing_codecanyon_price_caption":"","integration_category":[],"integration_request_title":"","integration_request_cta":"","integration_platform":"","integrations":[],"platform_category":[],"video_schema_markup":"","price":"da $ 0 al mese","trial":"","benefits":[{"text":"Assistenza gratuita per l'installazione"},{"text":"Supporto eccezionale"},{"text":"Garanzia di rimborso di 14 giorni"},{"text":"Aggiornamento costante"}],"button_url":"#demo","button_target_blank":"0","button_nofollow":"0","attributes":[{"name":"Installazioni"},{"name":"Reattivo","content":"S\u00cc"},{"name":"Browser compatibili","content":"Firefox, Safari, Opera, Chrome, Edge"}],"tags":[],"tags_disable_links":"0","hide_more_platforms":"0","video_object":"","demo_hide_cta":"0","demo_hide_cloud_options":"0","pricing_title":"","pricing":[{"pricing_icon":"cloud","pricing_title":"Elfsight Apps","pricing_title_caption":"Soluzione digitale indipendente dalla piattaforma adatta a qualsiasi sito web","pricing_price":"da $ 0 \/ mese","pricing_price_caption":"inizia con un piano gratuito","pricing_benefits":[{"text":"Domini illimitati"},{"text":"Supporto dedicato, puntuale e ben documentato"},{"text":"Supporto gratuito per l'installazione"},{"text":"Completamente personalizzabile"}],"pricing_button_text":"Aggiungi al sito web","pricing_button_url":"#demo"}],"related_apps_title":"","related_apps_hidden":"0","author":"","image":[],"title":"","job":"","social_networks":[]},"_links":{"self":[{"href":"https:\/\/elfsight.com\/it\/wp-json\/wp\/v2\/pages\/4237","targetHints":{"allow":["GET"]}}],"collection":[{"href":"https:\/\/elfsight.com\/it\/wp-json\/wp\/v2\/pages"}],"about":[{"href":"https:\/\/elfsight.com\/it\/wp-json\/wp\/v2\/types\/page"}],"author":[{"embeddable":true,"href":"https:\/\/elfsight.com\/it\/wp-json\/wp\/v2\/users\/9"}],"replies":[{"embeddable":true,"href":"https:\/\/elfsight.com\/it\/wp-json\/wp\/v2\/comments?post=4237"}],"version-history":[{"count":3,"href":"https:\/\/elfsight.com\/it\/wp-json\/wp\/v2\/pages\/4237\/revisions"}],"predecessor-version":[{"id":8592,"href":"https:\/\/elfsight.com\/it\/wp-json\/wp\/v2\/pages\/4237\/revisions\/8592"}],"up":[{"embeddable":true,"href":"https:\/\/elfsight.com\/it\/wp-json\/wp\/v2\/pages\/1109"}],"wp:attachment":[{"href":"https:\/\/elfsight.com\/it\/wp-json\/wp\/v2\/media?parent=4237"}],"curies":[{"name":"wp","href":"https:\/\/api.w.org\/{rel}","templated":true}]}}