{"id":4236,"date":"2024-05-03T06:34:06","date_gmt":"2024-05-03T06:34:06","guid":{"rendered":"https:\/\/elfsight.com\/it\/?page_id=4236"},"modified":"2025-03-12T13:58:45","modified_gmt":"2025-03-12T13:58:45","slug":"jquery","status":"publish","type":"page","link":"https:\/\/elfsight.com\/it\/countdown-timer-widget\/jquery\/","title":{"rendered":"Countdown Timer &#8211; jQuery"},"content":{"rendered":"\n<div class=\"application-platform-content-item-description application-platform-content-item\" id=\"description\" data-nav-section=\"description\"><h2>Descrizione<\/h2><p>Visualizza i conteggi generati dalle vendite per il tuo sito con il plugin Elfsight Countdown. Riscalda l&#8217;atmosfera ed evoca un senso di disponibilit\u00e0 limitata dei tuoi prodotti, dimostrando quanto velocemente vengono venduti proprio davanti agli occhi dei clienti. Velocizza i tuoi clienti ad iniziare ad acquistare con il conto alla rovescia del periodo dell&#8217;offerta speciale. Crea conti alla rovescia per annunciare le tue imminenti occasioni o saldi natalizi e mantieni la tua clientela in impaziente attesa per l&#8217;inizio.<\/p><p><b>Aumenta le tue vendite online utilizzando timer e conteggi che guidano l&#8217;urgenza.<\/b><\/p> <p><b>Incoraggia le persone a fare acquisti di pi\u00f9 sul tuo sito web trasmettendo una sensazione di urgenza.<\/b><br> Fai provare al tuo pubblico la paura di perdere le tue offerte e i tuoi saldi: mostra loro che il tempo sta per scadere. Far\u00e0 s\u00ec che gli utenti acquistino pi\u00f9 velocemente e ti porter\u00e0 nuove vendite.<\/p><p><b>Dimostra che le scorte stanno diminuendo e rendi gli utenti gelosi di acquistare. <\/b><br> Dimostra che i tuoi prodotti vengono acquistati rapidamente e diventano scarsi, utilizzando uno speciale conteggio delle scorte. In questo modo il pubblico apprezzer\u00e0 maggiormente i prodotti e diventer\u00e0 geloso di acquistarli.<\/p><p><b>Attira pi\u00f9 attenzione sulle tue vendite con una speciale barra per il conto alla rovescia a tema festivo.<\/b><br> Utilizzo di elementi attraenti. barre tematiche, puoi promuovere le tue offerte e saldi stagionali. Non perdere le vacanze per aumentare le vendite sul tuo sito web.<\/p><\/div><div class=\"application-platform-content-item-features application-platform-content-item\" id=\"features\" data-nav-section=\"features\"><h2>Funzionalit\u00e0<\/h2><p>Ecco le funzionalit\u00e0 di Elfsight Countdown che lo rendono il plugin pi\u00f9 importante per ogni sito jQuery.<\/p><ul><li>Contatore su e gi\u00f9;<\/li><li>Opzione per aprire il collegamento del pulsante in una nuova scheda;<\/li><li>Quattro unit\u00e0 di tempo: giorni, ore, minuti, secondi;<\/li><li>Quattro varianti di posizione: superiore statica, superiore o inferiore mobile e posizione personalizzata;<\/li><li>Interfaccia reattiva con adattamento automatico alle dimensioni dello schermo.<\/li><\/ul><a href=\"#demo\">Prova tutti i vantaggi nella demo dal vivo<\/a><\/div><div class=\"application-platform-content-item-installation application-platform-content-item\" id=\"installation\" data-nav-section=\"installation\"><h2>Come aggiungere il timer per il conto alla rovescia al sito web jQuery <\/h2><p>Il plugin Elfsight \u00e8 semplice da installare e non richiede conoscenze di programmazione. L&#8217;esecuzione del manuale richieder\u00e0 circa 1 minuto.<\/p><ol><li><b>Progetta il tuo plug-in Countdown personale<\/b>.<br> Con l&#8217;aiuto del nostro editor gratuito, crea un plug-in con le dimensioni desiderate parametri.<\/li><li><b>Acquisisci il codice per incorporare il plugin nel tuo sito web<\/b>.<br> Dopo aver configurato le impostazioni, acquisisci il codice per il conto alla rovescia dalla finestra che appare sulle app Elfsight .<\/li><li><b>Aggiungi il widget sul sito web jQuery<\/b>.<br> Avvia il codice della pagina nell&#8217;editor, integra il widget nella posizione desiderata (contenuto, pi\u00e8 di pagina, barra laterale, ecc.) e pubblica le modifiche.<\/li><li><b>L&#8217;integrazione \u00e8 avvenuta con successo!<\/b><br> Entra nel sito, per controllare il tuo plugin.<\/li><\/ol><p>Se mentre usi il tutorial, sono apparse eventuali domande, lascia un messaggio al nostro centro di supporto o studia il <a href=\"https:\/\/elfsight.com\/tutorials\/how-to-add-countdown-timer-to-jquery-website\/\" target=\"_blank\" rel=\"noopener noreferrer\">testo completo<\/a> del tutorial e completa tu stesso la creazione del plugin.<\/p><div class=\"faq\" data-component=\"FAQ\"><div class=\"faq-item\">\r\n\t\t\t\t\t<div class=\"faq-item-question\">\r\n\t\t\t\t\t\t<h3 class=\"faq-item-question-text\">In che modo lo incorporo un timer per il conto alla rovescia per il mio sito Web jQuery? <\/h3>\r\n\r\n\t\t\t\t\t\t<div class=\"faq-item-question-icon\"><\/div>\r\n\t\t\t\t\t<\/div>\r\n\r\n\t\t\t\t\t<div class=\"faq-item-answer\">\r\n\t\t\t\t\t\t<div class=\"faq-item-answer-text\"><p>La creazione del widget avviene sulle pagine di Elfsight e non \u00e8 necessario imparare a programmare. Vai alla demo attiva per progettare la tua app, acquisire il codice e incorporarla nel tuo sito web. <\/p><\/div>\r\n\t\t\t\t\t<\/div>\r\n\t\t\t\t<\/div><div class=\"faq-item\">\r\n\t\t\t\t\t<div class=\"faq-item-question\">\r\n\t\t\t\t\t\t<h3 class=\"faq-item-question-text\">I migliori esempi di utilizzo dell'integrazione del timer per il conto alla rovescia<\/h3>\r\n\r\n\t\t\t\t\t\t<div class=\"faq-item-question-icon\"><\/div>\r\n\t\t\t\t\t<\/div>\r\n\r\n\t\t\t\t\t<div class=\"faq-item-answer\">\r\n\t\t\t\t\t\t<div class=\"faq-item-answer-text\"><p>Ti garantiamo una miriade di possibilit\u00e0 di regolazione: widget su vasta scala da aggiungere alla sezione dei contenuti, plug-in mobili per le opzioni di scorrimento , layout per il pi\u00e8 di pagina del tuo sito web, sezione principale e tutti i tipi di possibilit\u00e0 verticali per le barre laterali e i menu del sito web <\/p><\/div>\r\n\t\t\t\t\t<\/div>\r\n\t\t\t\t<\/div><div class=\"faq-item\">\r\n\t\t\t\t\t<div class=\"faq-item-question\">\r\n\t\t\t\t\t\t<h3 class=\"faq-item-question-text\">Esiste un'opzione per creare un conto alla rovescia semplice. o il conto alla rovescia Evergreen tramite il tuo editor? <\/h3>\r\n\r\n\t\t\t\t\t\t<div class=\"faq-item-question-icon\"><\/div>\r\n\t\t\t\t\t<\/div>\r\n\r\n\t\t\t\t\t<div class=\"faq-item-answer\">\r\n\t\t\t\t\t\t<div class=\"faq-item-answer-text\"><p>Sei libero di creare qualsiasi modifica del widget. Ci sono molti layout a tua disposizione nell&#8217;editor e tutti possono essere facilmente personalizzati secondo le tue esigenze. <\/p><\/div>\r\n\t\t\t\t\t<\/div>\r\n\t\t\t\t<\/div><\/div><\/div>\n","protected":false},"excerpt":{"rendered":"","protected":false},"author":9,"featured_media":0,"parent":1109,"menu_order":0,"comment_status":"closed","ping_status":"closed","template":"templates\/template-application-platform.php","meta":{"publish_to_discourse":"","publish_post_category":"","wpdc_auto_publish_overridden":"","wpdc_topic_tags":"","wpdc_pin_topic":"","wpdc_pin_until":"","discourse_post_id":"","discourse_permalink":"","wpdc_publishing_response":"","wpdc_publishing_error":"","footnotes":""},"class_list":["post-4236","page","type-page","status-publish","hentry"],"yoast_head":"<!-- This site is optimized with the Yoast SEO plugin v25.3.1 - https:\/\/yoast.com\/wordpress\/plugins\/seo\/ -->\n<title>Il miglior plugin jQuery Countdown Timer per il sito web (2025)<\/title>\n<meta name=\"description\" content=\"Esplora subito il plug-in Elfsight Countdown Timer per jQuery. Progetta un widget Conto alla rovescia personalizzato per il tuo sito in un paio di minuti!\" \/>\n<meta name=\"robots\" content=\"index, follow, max-snippet:-1, max-image-preview:large, max-video-preview:-1\" \/>\n<link rel=\"canonical\" href=\"https:\/\/elfsight.com\/it\/countdown-timer-widget\/jquery\/\" \/>\n<meta property=\"og:locale\" content=\"it_IT\" \/>\n<meta property=\"og:type\" content=\"article\" \/>\n<meta property=\"og:title\" content=\"Il miglior plugin jQuery Countdown Timer per il sito web (2025)\" \/>\n<meta property=\"og:description\" content=\"Esplora subito il plug-in Elfsight Countdown Timer per jQuery. Progetta un widget Conto alla rovescia personalizzato per il tuo sito in un paio di minuti!\" \/>\n<meta property=\"og:url\" content=\"https:\/\/elfsight.com\/it\/countdown-timer-widget\/jquery\/\" \/>\n<meta property=\"og:site_name\" content=\"Elfsight IT\" \/>\n<meta property=\"article:modified_time\" content=\"2025-03-12T13:58:45+00:00\" \/>\n<meta name=\"twitter:card\" content=\"summary_large_image\" \/>\n<meta name=\"twitter:label1\" content=\"Tempo di lettura stimato\" \/>\n\t<meta name=\"twitter:data1\" content=\"4 minuti\" \/>\n<!-- \/ Yoast SEO plugin. -->","yoast_head_json":{"title":"Il miglior plugin jQuery Countdown Timer per il sito web (2025)","description":"Esplora subito il plug-in Elfsight Countdown Timer per jQuery. Progetta un widget Conto alla rovescia personalizzato per il tuo sito in un paio di minuti!","robots":{"index":"index","follow":"follow","max-snippet":"max-snippet:-1","max-image-preview":"max-image-preview:large","max-video-preview":"max-video-preview:-1"},"canonical":"https:\/\/elfsight.com\/it\/countdown-timer-widget\/jquery\/","og_locale":"it_IT","og_type":"article","og_title":"Il miglior plugin jQuery Countdown Timer per il sito web (2025)","og_description":"Esplora subito il plug-in Elfsight Countdown Timer per jQuery. Progetta un widget Conto alla rovescia personalizzato per il tuo sito in un paio di minuti!","og_url":"https:\/\/elfsight.com\/it\/countdown-timer-widget\/jquery\/","og_site_name":"Elfsight IT","article_modified_time":"2025-03-12T13:58:45+00:00","twitter_card":"summary_large_image","twitter_misc":{"Tempo di lettura stimato":"4 minuti"},"schema":{"@context":"https:\/\/schema.org","@graph":[{"@type":"WebPage","@id":"https:\/\/elfsight.com\/it\/countdown-timer-widget\/jquery\/","url":"https:\/\/elfsight.com\/it\/countdown-timer-widget\/jquery\/","name":"Il miglior plugin jQuery Countdown Timer per il sito web (2025)","isPartOf":{"@id":"https:\/\/elfsight.com\/it\/#website"},"datePublished":"2024-05-03T06:34:06+00:00","dateModified":"2025-03-12T13:58:45+00:00","description":"Esplora subito il plug-in Elfsight Countdown Timer per jQuery. Progetta un widget Conto alla rovescia personalizzato per il tuo sito in un paio di minuti!","breadcrumb":{"@id":"https:\/\/elfsight.com\/it\/countdown-timer-widget\/jquery\/#breadcrumb"},"inLanguage":"it-IT","potentialAction":[{"@type":"ReadAction","target":["https:\/\/elfsight.com\/it\/countdown-timer-widget\/jquery\/"]}]},{"@type":"BreadcrumbList","@id":"https:\/\/elfsight.com\/it\/countdown-timer-widget\/jquery\/#breadcrumb","itemListElement":[{"@type":"ListItem","position":1,"name":"Home","item":"https:\/\/elfsight.com\/it\/"},{"@type":"ListItem","position":2,"name":"Countdown Timer","item":"https:\/\/elfsight.com\/it\/countdown-timer-widget\/"},{"@type":"ListItem","position":3,"name":"Countdown Timer &#8211; jQuery"}]},{"@type":"WebSite","@id":"https:\/\/elfsight.com\/it\/#website","url":"https:\/\/elfsight.com\/it\/","name":"Elfsight IT","description":"Just another Elfsight Sites site","potentialAction":[{"@type":"SearchAction","target":{"@type":"EntryPoint","urlTemplate":"https:\/\/elfsight.com\/it\/?s={search_term_string}"},"query-input":{"@type":"PropertyValueSpecification","valueRequired":true,"valueName":"search_term_string"}}],"inLanguage":"it-IT"}]}},"meta_box":{"industry":"","seo_heading":"","heading":"","description":"","cta_heading":"","cta_description":"","application":"1108","h1":"Plug-in jQuery per il conto alla rovescia","h1_caption":"Imposta un conto alla rovescia per eventi o promozioni importanti, creando facilmente un senso di urgenza per i tuoi visitatori nel tuo sito web jQuery.","application_category":[],"applications_title":"","applications_request_title":"","applications_request_button_text":"","hero_text":"","hero_video":"","hero_video_schema_markup":"","selling_points_title":"","selling_points_caption":"","selling_points":[],"selling_points_cta_text":"","features_title":"","features":"","ed_cta_examples_text":"","ed_cta_examples_hidden":"","ed_cta_demo_text":"","ed_cta_demo_hidden":"","why_caption":"","why_editor_title":"","why_editor_text":"","why_team_title":"","why_team_text":"","why_service_title":"","why_service_text":"","template_catalog_visible":"0","template_catalog_title":"","template_catalog_text":"","template_catalog_categories_visible":"","demo_title":"Crea il tuo plugin per il conto alla rovescia","demo_caption":"Configura il tuo timer per il conto alla rovescia e aggiungilo gratuitamente al tuo sito Web jQuery!","default_faq_hidden":"","app_template_category":[],"platform":"37","template_public_id":"","codecanyon_url":"","codecanyon_item_id":"","codecanyon_price":"","pricing_caption":"","pricing_elfsight_apps_hide_column":"","pricing_elfsight_apps_url":"","pricing_codecanyon_price_caption":"","integration_category":[],"integration_request_title":"","integration_request_cta":"","integration_platform":"","integrations":[],"platform_category":[],"video_schema_markup":"","price":"da $ 0 al mese","trial":"","benefits":[{"text":"Servizio di installazione gratuito"},{"text":"Servizio clienti professionale"},{"text":"Garanzia di rimborso di 14 giorni"},{"text":"Aggiornamenti gratuiti continui"}],"button_url":"#demo","button_target_blank":"0","button_nofollow":"0","attributes":[{"name":"Installazioni"},{"name":"Reattivo","content":"S\u00cc"},{"name":"Browser compatibili","content":"Opera, Chrome, Firefox, Edge, Safari"}],"tags":[],"tags_disable_links":"0","hide_more_platforms":"0","video_object":"","demo_hide_cta":"0","demo_hide_cloud_options":"0","pricing_title":"","pricing":[{"pricing_icon":"platform","pricing_title":"Elfsight Apps","pricing_title_caption":"Soluzione multipiattaforma che funziona su qualsiasi sito","pricing_price":"da $ 0 \/ mese","pricing_price_caption":"inizia con un piano gratuito","pricing_benefits":[{"text":"Domini illimitati"},{"text":"Assistenza puntuale e 24 ore su 24, 7 giorni su 7"},{"text":"Servizio di installazione gratuito"},{"text":"Completamente personalizzabile"}],"pricing_button_text":"Aggiungi al sito web","pricing_button_url":"#demo"}],"related_apps_title":"","related_apps_hidden":"0","author":"","image":[],"title":"","job":"","social_networks":[]},"_links":{"self":[{"href":"https:\/\/elfsight.com\/it\/wp-json\/wp\/v2\/pages\/4236","targetHints":{"allow":["GET"]}}],"collection":[{"href":"https:\/\/elfsight.com\/it\/wp-json\/wp\/v2\/pages"}],"about":[{"href":"https:\/\/elfsight.com\/it\/wp-json\/wp\/v2\/types\/page"}],"author":[{"embeddable":true,"href":"https:\/\/elfsight.com\/it\/wp-json\/wp\/v2\/users\/9"}],"replies":[{"embeddable":true,"href":"https:\/\/elfsight.com\/it\/wp-json\/wp\/v2\/comments?post=4236"}],"version-history":[{"count":3,"href":"https:\/\/elfsight.com\/it\/wp-json\/wp\/v2\/pages\/4236\/revisions"}],"predecessor-version":[{"id":8586,"href":"https:\/\/elfsight.com\/it\/wp-json\/wp\/v2\/pages\/4236\/revisions\/8586"}],"up":[{"embeddable":true,"href":"https:\/\/elfsight.com\/it\/wp-json\/wp\/v2\/pages\/1109"}],"wp:attachment":[{"href":"https:\/\/elfsight.com\/it\/wp-json\/wp\/v2\/media?parent=4236"}],"curies":[{"name":"wp","href":"https:\/\/api.w.org\/{rel}","templated":true}]}}