{"id":4235,"date":"2024-05-03T06:34:05","date_gmt":"2024-05-03T06:34:05","guid":{"rendered":"https:\/\/elfsight.com\/it\/?page_id=4235"},"modified":"2024-11-12T13:13:04","modified_gmt":"2024-11-12T13:13:04","slug":"elementor","status":"publish","type":"page","link":"https:\/\/elfsight.com\/it\/countdown-timer-widget\/elementor\/","title":{"rendered":"Countdown Timer &#8211; Elementor"},"content":{"rendered":"<div class=\"application-platform-content-item-description application-platform-content-item\" id=\"description\" data-nav-section=\"description\"> <h2>Incorpora il timer per il conto alla rovescia su Elementor con il widget Elfsight<\/h2><p>Mostra i conteggi dell&#8217;aumento delle vendite per il tuo sito web con il widget Elfsight Countdown. Riscalda l&#8217;atmosfera ed evoca una sensazione di scarsit\u00e0 dei tuoi beni, mostrando quanto velocemente vengono acquistati proprio davanti agli occhi dei clienti. Imposta l&#8217;urgenza nell&#8217;acquistarli con il conto alla rovescia fino alla fine del periodo dell&#8217;offerta speciale. Annuncia le tue occasioni o festivit\u00e0 future e mantieni il tuo pubblico in attesa che venga mostrato un timer per il conto alla rovescia.<\/p> <p><b>Aumenta le vendite del tuo sito web utilizzando i timer e i conteggi che guidano all&#8217;urgenza offerti dal nostro timer per il conto alla rovescia Elementor. <\/b><\/p><p><b>Stimola gli acquirenti all&#8217;acquisto creando un sentimento di urgenza.<\/b><br> Fai sentire alla tua clientela la paura di perdere tempo e saldi a prezzi bassi, mentre il tempo \u00e8 facendo il conto alla rovescia fino alla fine. Ci\u00f2 consentir\u00e0 agli utenti di effettuare acquisti pi\u00f9 rapidamente e di aumentare le vendite sul tuo sito web.<\/p><p><b>Dimostrare la diminuzione delle scorte per aumentare il valore percepito degli articoli.<\/b><br> Crea un sentimento di competizione per il tuo merci dimostrando come la quantit\u00e0 di vendite sta crescendo e le scorte stanno diminuendo. Il valore percepito del prodotto aumenter\u00e0 e anche i clienti vorranno averlo.<\/p><p><b>Attira pi\u00f9 attenzione alle vendite con l&#8217;aiuto di un&#8217;accattivante barra del timer in stile festivo.<\/b><br> Crea un bar di vendita a tema luminoso per festival e occasioni speciali. Rifletter\u00e0 l&#8217;atmosfera natalizia e promuover\u00e0 le tue offerte speciali per aiutarti a vendere di pi\u00f9 durante l&#8217;alta stagione.<\/p><\/div><div class=\"application-platform-content-item-features application-platform-content-item\" id=\"features\" data-nav-section=\"features\"> <h2>Caratteristiche principali del widget Countdown Timer<\/h2> <p>Quali caratteristiche rendono il nostro widget il migliore per ciascun sito Elementor? Esplora i suoi vantaggi di base:<\/p><ul> <li>Contatore su e gi\u00f9;<\/li> <li>Testo del pulsante modificabile;<\/li> <li>Opzione per disattivare qualsiasi unit\u00e0 di tempo;<\/li> <li>Opzione per cambiare il colore del timer, del pulsante, delle etichette e del messaggio; <\/li> <li>Dimensioni personalizzabili del timer e del pulsante.<\/li><\/ul> <p><a href=\"#demo\">Puoi studiare tutti i vantaggi con l&#8217;aiuto dell&#8217;editor live<\/a><\/p><\/div><div class=\"application-platform-content-item-installation application-platform-content-item\" id=\"installation\" data-nav-section=\"installation\"><\/div> <h2>Come aggiungere il timer per il conto alla rovescia al sito Web di Elementor<\/h2><div class=\"video-container\"><iframe width=\"720\" height=\"405\" src=\"https:\/\/www.youtube.com\/embed\/LqcfbY8KevU\" frameborder=\"0\" allowfullscreen=\"\"><\/iframe><\/div><p>Per effettuare l&#8217;incorporamento, non dovrai \u00e8 necessario avere competenza nella programmazione o molto tempo. Solo alcune semplici fasi e 1 minuto di tempo si tradurranno in un <a href=\"https:\/\/elfsight.com\/blog\/best-countdown-timer-for-elementor\/\">timer per il conto alla rovescia Elementor<\/a> personalizzato per te .<\/p><ol><li><b>Genera il tuo widget Conto alla rovescia personalizzato<\/b><br> Utilizzando il nostro editor gratuito, crea un plugin con aspetto e opzioni preferibili.<\/li><li><b> Ottieni il codice univoco per mostrare il plugin<\/b><br> Dopo aver generato il widget, ricevi un codice univoco per il plugin Countdown dalla notifica popup su Elfsight Apps.<\/li><li><b>Pubblica il plugin sul sito web di Elementor<\/b><br> Integra il plugin in un punto selezionato del sito web e pubblica i risultati.<\/li><li><b>Fatto!<\/b><br> Visita il tuo sito, per vedere come funziona il plug-in Elementor Countdown Timer.<\/li><\/ol><p>Hai domande sulla visualizzazione del plug-in o sulla personalizzazione? Contatta il supporto Elfsight per ricevere assistenza su qualsiasi problema.<\/p>","protected":false},"excerpt":{"rendered":"Come aggiungere il timer per il conto alla rovescia al sito Web di ElementorPer effettuare l&#8217;incorporamento, non dovrai \u00e8 necessario avere competenza nella programmazione o molto tempo. Solo alcune semplici fasi e 1 minuto di tempo si tradurranno in un timer per il conto alla rovescia Elementor personalizzato per te&#8230;","protected":false},"author":9,"featured_media":0,"parent":1109,"menu_order":0,"comment_status":"closed","ping_status":"closed","template":"templates\/template-application-platform.php","meta":{"publish_to_discourse":"","publish_post_category":"","wpdc_auto_publish_overridden":"","wpdc_topic_tags":"","wpdc_pin_topic":"","wpdc_pin_until":"","discourse_post_id":"","discourse_permalink":"","wpdc_publishing_response":"","wpdc_publishing_error":"","footnotes":""},"class_list":["post-4235","page","type-page","status-publish","hentry"],"yoast_head":"<!-- This site is optimized with the Yoast SEO plugin v25.3.1 - https:\/\/yoast.com\/wordpress\/plugins\/seo\/ -->\n<title>Widget timer per il conto alla rovescia di Elementor: aggiungi il timer per il conto alla rovescia a Elementor [2025]<\/title>\n<meta name=\"description\" content=\"Crea un widget timer per il conto alla rovescia personalizzato per il sito Web Elementor. Aggiungi widget estesi in soli 3 minuti gratuitamente nel pi\u00f9 pratico editor di plugin.\" \/>\n<meta name=\"robots\" content=\"index, follow, max-snippet:-1, max-image-preview:large, max-video-preview:-1\" \/>\n<link rel=\"canonical\" href=\"https:\/\/elfsight.com\/it\/countdown-timer-widget\/elementor\/\" \/>\n<meta property=\"og:locale\" content=\"it_IT\" \/>\n<meta property=\"og:type\" content=\"article\" \/>\n<meta property=\"og:title\" content=\"Widget timer per il conto alla rovescia di Elementor: aggiungi il timer per il conto alla rovescia a Elementor [2025]\" \/>\n<meta property=\"og:description\" content=\"Crea un widget timer per il conto alla rovescia personalizzato per il sito Web Elementor. Aggiungi widget estesi in soli 3 minuti gratuitamente nel pi\u00f9 pratico editor di plugin.\" \/>\n<meta property=\"og:url\" content=\"https:\/\/elfsight.com\/it\/countdown-timer-widget\/elementor\/\" \/>\n<meta property=\"og:site_name\" content=\"Elfsight IT\" \/>\n<meta property=\"article:modified_time\" content=\"2024-11-12T13:13:04+00:00\" \/>\n<meta name=\"twitter:card\" content=\"summary_large_image\" \/>\n<meta name=\"twitter:label1\" content=\"Tempo di lettura stimato\" \/>\n\t<meta name=\"twitter:data1\" content=\"3 minuti\" \/>\n<!-- \/ Yoast SEO plugin. -->","yoast_head_json":{"title":"Widget timer per il conto alla rovescia di Elementor: aggiungi il timer per il conto alla rovescia a Elementor [2025]","description":"Crea un widget timer per il conto alla rovescia personalizzato per il sito Web Elementor. Aggiungi widget estesi in soli 3 minuti gratuitamente nel pi\u00f9 pratico editor di plugin.","robots":{"index":"index","follow":"follow","max-snippet":"max-snippet:-1","max-image-preview":"max-image-preview:large","max-video-preview":"max-video-preview:-1"},"canonical":"https:\/\/elfsight.com\/it\/countdown-timer-widget\/elementor\/","og_locale":"it_IT","og_type":"article","og_title":"Widget timer per il conto alla rovescia di Elementor: aggiungi il timer per il conto alla rovescia a Elementor [2025]","og_description":"Crea un widget timer per il conto alla rovescia personalizzato per il sito Web Elementor. Aggiungi widget estesi in soli 3 minuti gratuitamente nel pi\u00f9 pratico editor di plugin.","og_url":"https:\/\/elfsight.com\/it\/countdown-timer-widget\/elementor\/","og_site_name":"Elfsight IT","article_modified_time":"2024-11-12T13:13:04+00:00","twitter_card":"summary_large_image","twitter_misc":{"Tempo di lettura stimato":"3 minuti"},"schema":{"@context":"https:\/\/schema.org","@graph":[{"@type":"WebPage","@id":"https:\/\/elfsight.com\/it\/countdown-timer-widget\/elementor\/","url":"https:\/\/elfsight.com\/it\/countdown-timer-widget\/elementor\/","name":"Widget timer per il conto alla rovescia di Elementor: aggiungi il timer per il conto alla rovescia a Elementor [2025]","isPartOf":{"@id":"https:\/\/elfsight.com\/it\/#website"},"datePublished":"2024-05-03T06:34:05+00:00","dateModified":"2024-11-12T13:13:04+00:00","description":"Crea un widget timer per il conto alla rovescia personalizzato per il sito Web Elementor. Aggiungi widget estesi in soli 3 minuti gratuitamente nel pi\u00f9 pratico editor di plugin.","breadcrumb":{"@id":"https:\/\/elfsight.com\/it\/countdown-timer-widget\/elementor\/#breadcrumb"},"inLanguage":"it-IT","potentialAction":[{"@type":"ReadAction","target":["https:\/\/elfsight.com\/it\/countdown-timer-widget\/elementor\/"]}]},{"@type":"BreadcrumbList","@id":"https:\/\/elfsight.com\/it\/countdown-timer-widget\/elementor\/#breadcrumb","itemListElement":[{"@type":"ListItem","position":1,"name":"Home","item":"https:\/\/elfsight.com\/it\/"},{"@type":"ListItem","position":2,"name":"Countdown Timer","item":"https:\/\/elfsight.com\/it\/countdown-timer-widget\/"},{"@type":"ListItem","position":3,"name":"Countdown Timer &#8211; Elementor"}]},{"@type":"WebSite","@id":"https:\/\/elfsight.com\/it\/#website","url":"https:\/\/elfsight.com\/it\/","name":"Elfsight IT","description":"Just another Elfsight Sites site","potentialAction":[{"@type":"SearchAction","target":{"@type":"EntryPoint","urlTemplate":"https:\/\/elfsight.com\/it\/?s={search_term_string}"},"query-input":{"@type":"PropertyValueSpecification","valueRequired":true,"valueName":"search_term_string"}}],"inLanguage":"it-IT"}]}},"meta_box":{"industry":"","seo_heading":"","heading":"","description":"","cta_heading":"","cta_description":"","application":"1108","h1":"Widget del timer per il conto alla rovescia di Elementor","h1_caption":"Imposta un conto alla rovescia per eventi o promozioni importanti, creando facilmente un senso di urgenza per i tuoi visitatori nel tuo sito Web Elementor.","application_category":[],"applications_title":"","applications_request_title":"","applications_request_button_text":"","hero_text":"","hero_video":"","hero_video_schema_markup":"","selling_points_title":"","selling_points_caption":"","selling_points":[],"selling_points_cta_text":"","features_title":"","features":"","ed_cta_examples_text":"","ed_cta_examples_hidden":"","ed_cta_demo_text":"","ed_cta_demo_hidden":"","why_caption":"","why_editor_title":"","why_editor_text":"","why_team_title":"","why_team_text":"","why_service_title":"","why_service_text":"","template_catalog_visible":"0","template_catalog_title":"","template_catalog_text":"","template_catalog_categories_visible":"","demo_title":"Crea il tuo widget Conto alla rovescia","demo_caption":"Configura il tuo timer per il conto alla rovescia e aggiungilo gratuitamente al tuo sito Web Elementor!","default_faq_hidden":"","app_template_category":[],"platform":"68","template_public_id":"","codecanyon_url":"","codecanyon_item_id":"","codecanyon_price":"","pricing_caption":"","pricing_elfsight_apps_hide_column":"","pricing_elfsight_apps_url":"","pricing_codecanyon_price_caption":"","integration_category":[],"integration_request_title":"","integration_request_cta":"","integration_platform":"","integrations":[],"platform_category":[],"video_schema_markup":"","price":"da $ 0 al mese","trial":"","benefits":[{"text":"Assistenza per l'installazione gratuita"},{"text":"Supporto premium"},{"text":"Garanzia di rimborso di 14 giorni"},{"text":"Futuri miglioramenti gratuiti"}],"button_url":"#demo","button_target_blank":"0","button_nofollow":"0","attributes":[{"name":"Installazioni"},{"name":"Reattivo","content":"S\u00cc"},{"name":"Browser compatibili","content":"Firefox, Safari, Opera, Chrome, Edge"}],"tags":[],"tags_disable_links":"0","hide_more_platforms":"","video_object":"","demo_hide_cta":"0","demo_hide_cloud_options":"0","pricing_title":"","pricing":[{"pricing_icon":"platform","pricing_title":"Elfsight Apps","pricing_title_caption":"Versione indipendente dalla piattaforma","pricing_price":"da $ 0 \/ mese","pricing_price_caption":"inizia con il piano gratuito","pricing_benefits":[{"text":"Siti web illimitati"},{"text":"Supporto dedicato e puntuale"},{"text":"Aiuto per l'installazione gratuito"},{"text":"Offerta a tempo limitato per pi\u00f9 app"}],"pricing_button_text":"Aggiungi al sito web","pricing_button_url":"#demo"}],"related_apps_title":"","related_apps_hidden":"0","author":"","image":[],"title":"","job":"","social_networks":[]},"_links":{"self":[{"href":"https:\/\/elfsight.com\/it\/wp-json\/wp\/v2\/pages\/4235","targetHints":{"allow":["GET"]}}],"collection":[{"href":"https:\/\/elfsight.com\/it\/wp-json\/wp\/v2\/pages"}],"about":[{"href":"https:\/\/elfsight.com\/it\/wp-json\/wp\/v2\/types\/page"}],"author":[{"embeddable":true,"href":"https:\/\/elfsight.com\/it\/wp-json\/wp\/v2\/users\/9"}],"replies":[{"embeddable":true,"href":"https:\/\/elfsight.com\/it\/wp-json\/wp\/v2\/comments?post=4235"}],"version-history":[{"count":3,"href":"https:\/\/elfsight.com\/it\/wp-json\/wp\/v2\/pages\/4235\/revisions"}],"predecessor-version":[{"id":7527,"href":"https:\/\/elfsight.com\/it\/wp-json\/wp\/v2\/pages\/4235\/revisions\/7527"}],"up":[{"embeddable":true,"href":"https:\/\/elfsight.com\/it\/wp-json\/wp\/v2\/pages\/1109"}],"wp:attachment":[{"href":"https:\/\/elfsight.com\/it\/wp-json\/wp\/v2\/media?parent=4235"}],"curies":[{"name":"wp","href":"https:\/\/api.w.org\/{rel}","templated":true}]}}